{"id":20805,"date":"2025-09-13T17:32:57","date_gmt":"2025-09-13T14:32:57","guid":{"rendered":"https:\/\/skaitytaknyga.lt\/?post_type=product&#038;p=20805"},"modified":"2025-10-06T13:08:31","modified_gmt":"2025-10-06T10:08:31","slug":"lietuva-vadovas","status":"publish","type":"product","link":"https:\/\/skaitytaknyga.lt\/en\/produktas\/lietuva-vadovas\/","title":{"rendered":"Lietuva. Vadovas"},"content":{"rendered":"<p>Vadovas skirtas smalsiems \u017emon\u0117ms, norintiems pa\u017einti Lietuvos istorij\u0105, kult\u016br\u0105 ir gamt\u0105 kelion\u0117se. I\u0161 Lietuvai skirt\u0173 pa\u017eintini\u0173 knyg\u0173 \u0161i i\u0161siskiria pla\u010diu istoriniu ir kult\u016briniu kontekstu, kruop\u0161\u010dia vertybi\u0173 atranka, o informacijos gausa ir \u012fvairov\u0117 joje pateikta lengvai skaitomu stiliumi. Ir nenuostabu: j\u012f para\u0161\u0117 dail\u0117s istorik\u0117, plataus akira\u010dio mokslinink\u0117, daugelio savo srities publikacij\u0173 autor\u0117, aistringa, atidi ir nuosekli keliautoja. Iliustracijos gerai papildo tekst\u0105: j\u0173 gausu, ir pastatai, paminklai, peiza\u017eai jose \u0161vyti visu savo gro\u017eiu. Taigi vadovas pravers net ir neakivaizd\u017eiai pa\u017ein\u010diai su Lietuvos \u012fdomyb\u0117mis.<\/p>\n<p>Vienuolikoje knygos skyri\u0173 pasakojama apie de\u0161imt\u012f region\u0173 ir Vilniaus miest\u0105. Glausta Vilniaus, Kauno ir Klaip\u0117dos istorija, svarbiausi faktai i\u0161 kit\u0173 miest\u0173 ir kaim\u0173 praeities teikia dabartiniam j\u0173 pavidalui istorin\u0117s gelm\u0117s. Atskirai apib\u016bdinti Auk\u0161taitijos, Dz\u016bkijos, \u017demaitijos, Kur\u0161i\u0173 nerijos ir Trak\u0173 istorinis nacionaliniai parkai, atsiskleid\u017eia ne tik gamtos, istorijos, bet ir etnografijos \u012fvairov\u0117. \u010cia rasite vis\u0173 reik\u0161ming\u0173 architekt\u016bros paminkl\u0173 (\u012fvairi\u0173 tik\u0117jim\u0173 maldos nam\u0173, visuomenini\u0173 pastat\u0173, dvar\u0173, mal\u016bn\u0173, tilt\u0173), dail\u0117s k\u016brini\u0173 (sakralini\u0173 paveiksl\u0173, paminkl\u0173, kry\u017ei\u0173 ir koplyt\u0117li\u0173), gamtos \u012fdomybi\u0173 (park\u0173, e\u017eer\u0173, upi\u0173, akmen\u0173, kalv\u0173, med\u017ei\u0173), muziej\u0173, istorini\u0173 viet\u0173 ir kt. apra\u0161us.<\/p>\n<p>Daugiau nei 1000 spalvot\u0173 iliustracij\u0173, vis\u0173 \u0161alies region\u0173 \u017eem\u0117lapiai ir trij\u0173 did\u017ei\u0173j\u0173 miest\u0173 (Vilniaus, Kauno, Klaip\u0117dos) planai, pla\u010diau apra\u0161yt\u0173 viet\u0173 ir asmenvard\u017ei\u0173 rodykl\u0117s.<\/p>\n","protected":false},"excerpt":{"rendered":"<p>Vadovas skirtas smalsiems \u017emon\u0117ms, norintiems pa\u017einti Lietuvos istorij\u0105, kult\u016br\u0105 ir gamt\u0105 kelion\u0117se. I\u0161 Lietuvai skirt\u0173 pa\u017eintini\u0173 knyg\u0173 \u0161i i\u0161siskiria pla\u010diu istoriniu ir kult\u016briniu kontekstu, kruop\u0161\u010dia vertybi\u0173 atranka, o informacijos gausa ir \u012fvairov\u0117 joje pateikta lengvai skaitomu stiliumi. Ir nenuostabu: j\u012f para\u0161\u0117 dail\u0117s istorik\u0117, plataus akira\u010dio mokslinink\u0117, daugelio savo srities publikacij\u0173 autor\u0117, aistringa, atidi ir nuosekli keliautoja. Iliustracijos gerai papildo tekst\u0105: j\u0173 gausu, ir pastatai, paminklai, peiza\u017eai jose \u0161vyti visu savo gro\u017eiu. Taigi vadovas pravers net ir neakivaizd\u017eiai pa\u017ein\u010diai su Lietuvos \u012fdomyb\u0117mis. Vienuolikoje knygos skyri\u0173 pasakojama apie de\u0161imt\u012f region\u0173 ir Vilniaus miest\u0105. Glausta Vilniaus, Kauno ir Klaip\u0117dos istorija, svarbiausi faktai i\u0161 kit\u0173 miest\u0173 ir kaim\u0173 praeities teikia dabartiniam j\u0173 pavidalui istorin\u0117s gelm\u0117s. Atskirai apib\u016bdinti Auk\u0161taitijos, Dz\u016bkijos, \u017demaitijos, Kur\u0161i\u0173 nerijos ir Trak\u0173 istorinis nacionaliniai parkai, atsiskleid\u017eia ne tik gamtos, istorijos, bet ir etnografijos \u012fvairov\u0117. \u010cia rasite vis\u0173 reik\u0161ming\u0173 architekt\u016bros paminkl\u0173 (\u012fvairi\u0173 tik\u0117jim\u0173 maldos nam\u0173, visuomenini\u0173 pastat\u0173, dvar\u0173, mal\u016bn\u0173, tilt\u0173), dail\u0117s k\u016brini\u0173 (sakralini\u0173 paveiksl\u0173, paminkl\u0173, kry\u017ei\u0173 ir koplyt\u0117li\u0173), gamtos \u012fdomybi\u0173 (park\u0173, e\u017eer\u0173, upi\u0173, akmen\u0173, kalv\u0173, med\u017ei\u0173), muziej\u0173, istorini\u0173 viet\u0173 ir kt. apra\u0161us. Daugiau nei 1000 spalvot\u0173 iliustracij\u0173, vis\u0173 \u0161alies region\u0173 \u017eem\u0117lapiai ir trij\u0173 did\u017ei\u0173j\u0173 miest\u0173 (Vilniaus, Kauno, Klaip\u0117dos) planai, pla\u010diau apra\u0161yt\u0173 viet\u0173 ir asmenvard\u017ei\u0173 rodykl\u0117s.<\/p>\n","protected":false},"featured_media":20810,"comment_status":"open","ping_status":"closed","template":"","meta":{"_acf_changed":false,"site-sidebar-layout":"default","site-content-layout":"","ast-site-content-layout":"default","site-content-style":"default","site-sidebar-style":"default","ast-global-header-display":"","ast-banner-title-visibility":"","ast-main-header-display":"","ast-hfb-above-header-display":"","ast-hfb-below-header-display":"","ast-hfb-mobile-header-display":"","site-post-title":"","ast-breadcrumbs-content":"","ast-featured-img":"","footer-sml-layout":"","ast-disable-related-posts":"","theme-transparent-header-meta":"","adv-header-id-meta":"","stick-header-meta":"","header-above-stick-meta":"","header-main-stick-meta":"","header-below-stick-meta":"","astra-migrate-meta-layouts":"default","ast-page-background-enabled":"default","ast-page-background-meta":{"desktop":{"background-color":"","background-image":"","background-repeat":"repeat","background-position":"center center","background-size":"auto","background-attachment":"scroll","background-type":"","background-media":"","overlay-type":"","overlay-color":"","overlay-opacity":"","overlay-gradient":""},"tablet":{"background-color":"","background-image":"","background-repeat":"repeat","background-position":"center center","background-size":"auto","background-attachment":"scroll","background-type":"","background-media":"","overlay-type":"","overlay-color":"","overlay-opacity":"","overlay-gradient":""},"mobile":{"background-color":"","background-image":"","background-repeat":"repeat","background-position":"center center","background-size":"auto","background-attachment":"scroll","background-type":"","background-media":"","overlay-type":"","overlay-color":"","overlay-opacity":"","overlay-gradient":""}},"ast-content-background-meta":{"desktop":{"background-color":"var(--ast-global-color-4)","background-image":"","background-repeat":"repeat","background-position":"center center","background-size":"auto","background-attachment":"scroll","background-type":"","background-media":"","overlay-type":"","overlay-color":"","overlay-opacity":"","overlay-gradient":""},"tablet":{"background-color":"var(--ast-global-color-4)","background-image":"","background-repeat":"repeat","background-position":"center center","background-size":"auto","background-attachment":"scroll","background-type":"","background-media":"","overlay-type":"","overlay-color":"","overlay-opacity":"","overlay-gradient":""},"mobile":{"background-color":"var(--ast-global-color-4)","background-image":"","background-repeat":"repeat","background-position":"center center","background-size":"auto","background-attachment":"scroll","background-type":"","background-media":"","overlay-type":"","overlay-color":"","overlay-opacity":"","overlay-gradient":""}}},"product_brand":[],"product_cat":[15],"product_tag":[1802,8701,1982,2224,1445,2376,2625,6980,8585,7882,1819],"class_list":{"0":"post-20805","1":"product","2":"type-product","3":"status-publish","4":"has-post-thumbnail","6":"product_cat-uncategorized","7":"product_tag-gamta","8":"product_tag-giedre-jankeviciute","9":"product_tag-iliustracijos","10":"product_tag-istorija","11":"product_tag-keliones","12":"product_tag-kultura","13":"product_tag-lietuva","14":"product_tag-muziejai","15":"product_tag-paminklai","16":"product_tag-regionai","17":"product_tag-vadovas","18":"desktop-align-left","19":"tablet-align-left","20":"mobile-align-left","22":"first","23":"instock","24":"shipping-taxable","25":"purchasable","26":"product-type-simple"},"acf":[],"yoast_head":"<!-- This site is optimized with the Yoast SEO plugin v27.0 - https:\/\/yoast.com\/product\/yoast-seo-wordpress\/ -->\n<title>Lietuva. Vadovas<\/title>\n<meta name=\"description\" content=\"Vadovas skirtas smalsiems \u017emon\u0117ms, norintiems pa\u017einti Lietuvos istorij\u0105, kult\u016br\u0105 ir gamt\u0105 kelion\u0117se. I\u0161 Lietuvai skirt\u0173 pa\u017eintini\u0173 knyg\u0173 \u0161i i\u0161siskiria\" \/>\n<meta name=\"robots\" content=\"index, follow, max-snippet:-1, max-image-preview:large, max-video-preview:-1\" \/>\n<link rel=\"canonical\" href=\"https:\/\/skaitytaknyga.lt\/en\/produktas\/lietuva-vadovas\/\" \/>\n<meta property=\"og:locale\" content=\"en_GB\" \/>\n<meta property=\"og:locale:alternate\" content=\"lt_LT\" \/>\n<meta property=\"og:type\" content=\"article\" \/>\n<meta property=\"og:title\" content=\"Lietuva. Vadovas\" \/>\n<meta property=\"og:description\" content=\"Vadovas skirtas smalsiems \u017emon\u0117ms, norintiems pa\u017einti Lietuvos istorij\u0105, kult\u016br\u0105 ir gamt\u0105 kelion\u0117se. I\u0161 Lietuvai skirt\u0173 pa\u017eintini\u0173 knyg\u0173 \u0161i i\u0161siskiria\" \/>\n<meta property=\"og:url\" content=\"https:\/\/skaitytaknyga.lt\/en\/produktas\/lietuva-vadovas\/\" \/>\n<meta property=\"og:site_name\" content=\"Skaitytaknyga\" \/>\n<meta property=\"article:publisher\" content=\"https:\/\/www.facebook.com\/skaitytaknyga\/\" \/>\n<meta property=\"article:modified_time\" content=\"2025-10-06T10:08:31+00:00\" \/>\n<meta property=\"og:image\" content=\"https:\/\/skaitytaknyga.lt\/wp-content\/uploads\/2025\/09\/Lietuva.-Vadovas-1.webp\" \/>\n\t<meta property=\"og:image:width\" content=\"300\" \/>\n\t<meta property=\"og:image:height\" content=\"522\" \/>\n\t<meta property=\"og:image:type\" content=\"image\/webp\" \/>\n<meta name=\"twitter:card\" content=\"summary_large_image\" \/>\n<meta name=\"twitter:label1\" content=\"Estimated reading time\" \/>\n\t<meta name=\"twitter:data1\" content=\"1 minute\" \/>\n<script type=\"application\/ld+json\" class=\"yoast-schema-graph\">{\"@context\":\"https:\/\/schema.org\",\"@graph\":[{\"@type\":\"WebPage\",\"@id\":\"https:\/\/skaitytaknyga.lt\/produktas\/lietuva-vadovas\/\",\"url\":\"https:\/\/skaitytaknyga.lt\/produktas\/lietuva-vadovas\/\",\"name\":\"Lietuva. Vadovas\",\"isPartOf\":{\"@id\":\"https:\/\/skaitytaknyga.lt\/#website\"},\"primaryImageOfPage\":{\"@id\":\"https:\/\/skaitytaknyga.lt\/produktas\/lietuva-vadovas\/#primaryimage\"},\"image\":{\"@id\":\"https:\/\/skaitytaknyga.lt\/produktas\/lietuva-vadovas\/#primaryimage\"},\"thumbnailUrl\":\"https:\/\/skaitytaknyga.lt\/wp-content\/uploads\/2025\/09\/Lietuva.-Vadovas-1.webp\",\"datePublished\":\"2025-09-13T14:32:57+00:00\",\"dateModified\":\"2025-10-06T10:08:31+00:00\",\"description\":\"Vadovas skirtas smalsiems \u017emon\u0117ms, norintiems pa\u017einti Lietuvos istorij\u0105, kult\u016br\u0105 ir gamt\u0105 kelion\u0117se. I\u0161 Lietuvai skirt\u0173 pa\u017eintini\u0173 knyg\u0173 \u0161i i\u0161siskiria\",\"breadcrumb\":{\"@id\":\"https:\/\/skaitytaknyga.lt\/produktas\/lietuva-vadovas\/#breadcrumb\"},\"inLanguage\":\"en-GB\",\"potentialAction\":[{\"@type\":\"ReadAction\",\"target\":[\"https:\/\/skaitytaknyga.lt\/produktas\/lietuva-vadovas\/\"]}]},{\"@type\":\"ImageObject\",\"inLanguage\":\"en-GB\",\"@id\":\"https:\/\/skaitytaknyga.lt\/produktas\/lietuva-vadovas\/#primaryimage\",\"url\":\"https:\/\/skaitytaknyga.lt\/wp-content\/uploads\/2025\/09\/Lietuva.-Vadovas-1.webp\",\"contentUrl\":\"https:\/\/skaitytaknyga.lt\/wp-content\/uploads\/2025\/09\/Lietuva.-Vadovas-1.webp\",\"width\":300,\"height\":522},{\"@type\":\"BreadcrumbList\",\"@id\":\"https:\/\/skaitytaknyga.lt\/produktas\/lietuva-vadovas\/#breadcrumb\",\"itemListElement\":[{\"@type\":\"ListItem\",\"position\":1,\"name\":\"Home\",\"item\":\"https:\/\/skaitytaknyga.lt\/\"},{\"@type\":\"ListItem\",\"position\":2,\"name\":\"Parduotuv\u0117\",\"item\":\"https:\/\/skaitytaknyga.lt\/knygu-parduotuve\/\"},{\"@type\":\"ListItem\",\"position\":3,\"name\":\"Lietuva. Vadovas\"}]},{\"@type\":\"WebSite\",\"@id\":\"https:\/\/skaitytaknyga.lt\/#website\",\"url\":\"https:\/\/skaitytaknyga.lt\/\",\"name\":\"skaitytaknyga.lt\",\"description\":\"Skaitytaknyga.lt \u2013 tai ma\u017eas \u0161eimos verslas, kuris prasid\u0117jo nuo meil\u0117s knygoms ir siekio i\u0161gelb\u0117ti knygas nuo likimo prie konteinerio. Kas vienam nereikalingas daiktas \u2013 kitam lobis, o mes esame tarpininkai, kurie padeda abiems tapti laimingesniems ???? \u017dinome kaip nelengva i\u0161gyventi ma\u017eiems verslams, tad nuo \u0161iol, \u010dia rasite ir kit\u0173, ma\u017e\u0173 \u0161eim\u0173 versl\u0173, rank\u0173 darbo, dovan\u0173 sau ir artimiesiems.\",\"publisher\":{\"@id\":\"https:\/\/skaitytaknyga.lt\/#organization\"},\"potentialAction\":[{\"@type\":\"SearchAction\",\"target\":{\"@type\":\"EntryPoint\",\"urlTemplate\":\"https:\/\/skaitytaknyga.lt\/?s={search_term_string}\"},\"query-input\":{\"@type\":\"PropertyValueSpecification\",\"valueRequired\":true,\"valueName\":\"search_term_string\"}}],\"inLanguage\":\"en-GB\"},{\"@type\":\"Organization\",\"@id\":\"https:\/\/skaitytaknyga.lt\/#organization\",\"name\":\"skaitytaknyga.lt\",\"url\":\"https:\/\/skaitytaknyga.lt\/\",\"logo\":{\"@type\":\"ImageObject\",\"inLanguage\":\"en-GB\",\"@id\":\"https:\/\/skaitytaknyga.lt\/#\/schema\/logo\/image\/\",\"url\":\"https:\/\/skaitytaknyga.lt\/wp-content\/uploads\/2024\/05\/cropped-cropped-cropped-02_00843_jt3bggkj1j3HLc7SyY6rEUpg.jpeg\",\"contentUrl\":\"https:\/\/skaitytaknyga.lt\/wp-content\/uploads\/2024\/05\/cropped-cropped-cropped-02_00843_jt3bggkj1j3HLc7SyY6rEUpg.jpeg\",\"width\":1600,\"height\":1600,\"caption\":\"skaitytaknyga.lt\"},\"image\":{\"@id\":\"https:\/\/skaitytaknyga.lt\/#\/schema\/logo\/image\/\"},\"sameAs\":[\"https:\/\/www.facebook.com\/skaitytaknyga\/\"]}]}<\/script>\n<!-- \/ Yoast SEO plugin. -->","yoast_head_json":{"title":"Lietuva. Vadovas","description":"Vadovas skirtas smalsiems \u017emon\u0117ms, norintiems pa\u017einti Lietuvos istorij\u0105, kult\u016br\u0105 ir gamt\u0105 kelion\u0117se. I\u0161 Lietuvai skirt\u0173 pa\u017eintini\u0173 knyg\u0173 \u0161i i\u0161siskiria","robots":{"index":"index","follow":"follow","max-snippet":"max-snippet:-1","max-image-preview":"max-image-preview:large","max-video-preview":"max-video-preview:-1"},"canonical":"https:\/\/skaitytaknyga.lt\/en\/produktas\/lietuva-vadovas\/","og_locale":"en_GB","og_type":"article","og_title":"[:lt]Lietuva. Vadovas[:] - Skaitytaknyga","og_description":"Vadovas skirtas smalsiems \u017emon\u0117ms, norintiems pa\u017einti Lietuvos istorij\u0105, kult\u016br\u0105 ir gamt\u0105 kelion\u0117se. I\u0161 Lietuvai skirt\u0173 pa\u017eintini\u0173 knyg\u0173 \u0161i i\u0161siskiria","og_url":"https:\/\/skaitytaknyga.lt\/en\/produktas\/lietuva-vadovas\/","og_site_name":"Skaitytaknyga","article_publisher":"https:\/\/www.facebook.com\/skaitytaknyga\/","article_modified_time":"2025-10-06T10:08:31+00:00","og_image":[{"width":300,"height":522,"url":"https:\/\/skaitytaknyga.lt\/wp-content\/uploads\/2025\/09\/Lietuva.-Vadovas-1.webp","type":"image\/webp"}],"twitter_card":"summary_large_image","twitter_misc":{"Estimated reading time":"1 minute"},"schema":{"@context":"https:\/\/schema.org","@graph":[{"@type":"WebPage","@id":"https:\/\/skaitytaknyga.lt\/produktas\/lietuva-vadovas\/","url":"https:\/\/skaitytaknyga.lt\/produktas\/lietuva-vadovas\/","name":"Lietuva. Vadovas","isPartOf":{"@id":"https:\/\/skaitytaknyga.lt\/#website"},"primaryImageOfPage":{"@id":"https:\/\/skaitytaknyga.lt\/produktas\/lietuva-vadovas\/#primaryimage"},"image":{"@id":"https:\/\/skaitytaknyga.lt\/produktas\/lietuva-vadovas\/#primaryimage"},"thumbnailUrl":"https:\/\/skaitytaknyga.lt\/wp-content\/uploads\/2025\/09\/Lietuva.-Vadovas-1.webp","datePublished":"2025-09-13T14:32:57+00:00","dateModified":"2025-10-06T10:08:31+00:00","description":"Vadovas skirtas smalsiems \u017emon\u0117ms, norintiems pa\u017einti Lietuvos istorij\u0105, kult\u016br\u0105 ir gamt\u0105 kelion\u0117se. I\u0161 Lietuvai skirt\u0173 pa\u017eintini\u0173 knyg\u0173 \u0161i i\u0161siskiria","breadcrumb":{"@id":"https:\/\/skaitytaknyga.lt\/produktas\/lietuva-vadovas\/#breadcrumb"},"inLanguage":"en-GB","potentialAction":[{"@type":"ReadAction","target":["https:\/\/skaitytaknyga.lt\/produktas\/lietuva-vadovas\/"]}]},{"@type":"ImageObject","inLanguage":"en-GB","@id":"https:\/\/skaitytaknyga.lt\/produktas\/lietuva-vadovas\/#primaryimage","url":"https:\/\/skaitytaknyga.lt\/wp-content\/uploads\/2025\/09\/Lietuva.-Vadovas-1.webp","contentUrl":"https:\/\/skaitytaknyga.lt\/wp-content\/uploads\/2025\/09\/Lietuva.-Vadovas-1.webp","width":300,"height":522},{"@type":"BreadcrumbList","@id":"https:\/\/skaitytaknyga.lt\/produktas\/lietuva-vadovas\/#breadcrumb","itemListElement":[{"@type":"ListItem","position":1,"name":"Home","item":"https:\/\/skaitytaknyga.lt\/"},{"@type":"ListItem","position":2,"name":"Parduotuv\u0117","item":"https:\/\/skaitytaknyga.lt\/knygu-parduotuve\/"},{"@type":"ListItem","position":3,"name":"Lietuva. Vadovas"}]},{"@type":"WebSite","@id":"https:\/\/skaitytaknyga.lt\/#website","url":"https:\/\/skaitytaknyga.lt\/","name":"skaitytaknyga.lt","description":"Skaitytaknyga.lt \u2013 tai ma\u017eas \u0161eimos verslas, kuris prasid\u0117jo nuo meil\u0117s knygoms ir siekio i\u0161gelb\u0117ti knygas nuo likimo prie konteinerio. Kas vienam nereikalingas daiktas \u2013 kitam lobis, o mes esame tarpininkai, kurie padeda abiems tapti laimingesniems ???? \u017dinome kaip nelengva i\u0161gyventi ma\u017eiems verslams, tad nuo \u0161iol, \u010dia rasite ir kit\u0173, ma\u017e\u0173 \u0161eim\u0173 versl\u0173, rank\u0173 darbo, dovan\u0173 sau ir artimiesiems.","publisher":{"@id":"https:\/\/skaitytaknyga.lt\/#organization"},"potentialAction":[{"@type":"SearchAction","target":{"@type":"EntryPoint","urlTemplate":"https:\/\/skaitytaknyga.lt\/?s={search_term_string}"},"query-input":{"@type":"PropertyValueSpecification","valueRequired":true,"valueName":"search_term_string"}}],"inLanguage":"en-GB"},{"@type":"Organization","@id":"https:\/\/skaitytaknyga.lt\/#organization","name":"skaitytaknyga.lt","url":"https:\/\/skaitytaknyga.lt\/","logo":{"@type":"ImageObject","inLanguage":"en-GB","@id":"https:\/\/skaitytaknyga.lt\/#\/schema\/logo\/image\/","url":"https:\/\/skaitytaknyga.lt\/wp-content\/uploads\/2024\/05\/cropped-cropped-cropped-02_00843_jt3bggkj1j3HLc7SyY6rEUpg.jpeg","contentUrl":"https:\/\/skaitytaknyga.lt\/wp-content\/uploads\/2024\/05\/cropped-cropped-cropped-02_00843_jt3bggkj1j3HLc7SyY6rEUpg.jpeg","width":1600,"height":1600,"caption":"skaitytaknyga.lt"},"image":{"@id":"https:\/\/skaitytaknyga.lt\/#\/schema\/logo\/image\/"},"sameAs":["https:\/\/www.facebook.com\/skaitytaknyga\/"]}]}},"_links":{"self":[{"href":"https:\/\/skaitytaknyga.lt\/en\/wp-json\/wp\/v2\/product\/20805","targetHints":{"allow":["GET"]}}],"collection":[{"href":"https:\/\/skaitytaknyga.lt\/en\/wp-json\/wp\/v2\/product"}],"about":[{"href":"https:\/\/skaitytaknyga.lt\/en\/wp-json\/wp\/v2\/types\/product"}],"replies":[{"embeddable":true,"href":"https:\/\/skaitytaknyga.lt\/en\/wp-json\/wp\/v2\/comments?post=20805"}],"wp:featuredmedia":[{"embeddable":true,"href":"https:\/\/skaitytaknyga.lt\/en\/wp-json\/wp\/v2\/media\/20810"}],"wp:attachment":[{"href":"https:\/\/skaitytaknyga.lt\/en\/wp-json\/wp\/v2\/media?parent=20805"}],"wp:term":[{"taxonomy":"product_brand","embeddable":true,"href":"https:\/\/skaitytaknyga.lt\/en\/wp-json\/wp\/v2\/product_brand?post=20805"},{"taxonomy":"product_cat","embeddable":true,"href":"https:\/\/skaitytaknyga.lt\/en\/wp-json\/wp\/v2\/product_cat?post=20805"},{"taxonomy":"product_tag","embeddable":true,"href":"https:\/\/skaitytaknyga.lt\/en\/wp-json\/wp\/v2\/product_tag?post=20805"}],"curies":[{"name":"wp","href":"https:\/\/api.w.org\/{rel}","templated":true}]}}