{"id":20804,"date":"2025-09-13T17:32:57","date_gmt":"2025-09-13T14:32:57","guid":{"rendered":"https:\/\/skaitytaknyga.lt\/?post_type=product&#038;p=20804"},"modified":"2026-03-18T12:36:27","modified_gmt":"2026-03-18T10:36:27","slug":"liudijimai","status":"publish","type":"product","link":"https:\/\/skaitytaknyga.lt\/en\/produktas\/liudijimai\/","title":{"rendered":"Liudijimai"},"content":{"rendered":"<p>Ra\u0161ytojos Margaret Atwood distopinis romanas \u201eLiudijimai\u201c t\u0119sia nepaprasto populiarumo sulaukusios knygos \u201eTarnait\u0117s pasakojimas\u201c istorij\u0105. Siu\u017eetas vystomas penkiolika met\u0173 v\u0117liau nei pirmoje dalyje. 2019-tais metais \u0161i knyga buvo apdovanota presti\u017eine literat\u016bros premija \u201eBooker Prize\u201c.<\/p>\n<p>\u201eTarnait\u0117s pasakojimas\u201c pasirod\u0117 1985-tais metais. Visus \u0161iuos de\u0161imtme\u010dius knyga neprarado populiarumo, ta\u010diau tikr\u0105 renesans\u0105 i\u0161gyveno 2017-tais metais, po naujo serialo pastatymo. Istorija pasakoja apie netolimos ateities Gileado respublik\u0105, kurioje visuomen\u0117 gyvena pagal vald\u017eios primest\u0105 puritoni\u0161k\u0105 santvark\u0105. Turting\u0173j\u0173 \u0161eimoms, kurios beveik nebegali susilaukti palikuoni\u0173, vaikus gimdo tarnait\u0117s, laikinai apgyvendintos j\u0173 namuose. Tarnyst\u0117 primena vergov\u0119. Jokio i\u0161silavinimo, joki\u0173 privilegij\u0173, joki\u0173 gro\u017eio priemoni\u0173, jokio socialinio gyvenimo. Pagrindin\u0117 tarnait\u0117s pareiga \u2013 b\u016bti apvaisintai. Ir ne\u017einia, kas joms nutinka po gimdymo. Skaitytojai tris de\u0161imtme\u010dius reikalavo atsakym\u0173 ir pagaliau sulauk\u0117 t\u0119sinio.<\/p>\n<p>\u201eLiudijimai\u201c perkelia penkiolika met\u0173 \u012f priek\u012f. Gileado respublika vis dar gyvuoja, ta\u010diau ra\u0161ytojos Margaret Atwood pasirinktas pasakojimo b\u016bdas visai kitoks, nei pirmoje knygoje. Skaitytojai istorij\u0105 seka trij\u0173 veik\u0117j\u0173 akimis \u2013 pagyvenusios moters Tetos Lidijos, bei naujos kartos mergin\u0173 Agnes\u0117s ir Deiz\u0117s.<\/p>\n<p>Tetos Lidijos liudijimas siekia Gileano respublikos k\u016brimosi prad\u017ei\u0105 ir teokratin\u0117s santvarkos atsiradimo aplinkybes. Agnes\u0117 gim\u0117 ir u\u017eaugo naujoje visuomen\u0117je ir yra auginama kaip b\u016bsima vado \u017emona. Deiz\u0117 \u2013 mergina i\u0161 Kanados, kuri jau\u010dia, kad gyvena ne savo gyvenim\u0105. Kaip \u0161ios moterys susijusios ir kas nutiks kai j\u0173 likimai susijungs?<\/p>\n<p>Margaret Atwood v\u0117l kvie\u010dia pam\u0105styti apie nepastov\u0173 m\u016bs\u0173 pasaul\u012f bei jo ydas. \u201eLiudijimai\u201c \u012f tamsi\u0105 Gileano respublik\u0105 \u012fleid\u017eia \u0161viesos spindul\u012f. \u0160ioje knygoje vis dar daug tamsos, ta\u010diau ji yra tarsi prie\u0161nuodis \u201eTarnait\u0117s pasakojimui\u201c. Autor\u0117 leid\u017eia rasti atsakymus \u012f ilgai kankinusius klausimus, ta\u010diau pati teigia, kad roman\u0105 \u012fkv\u0117p\u0117 m\u016bs\u0173 pasaulis.<\/p>\n","protected":false},"excerpt":{"rendered":"<p>Ra\u0161ytojos Margaret Atwood distopinis romanas \u201eLiudijimai\u201c t\u0119sia nepaprasto populiarumo sulaukusios knygos \u201eTarnait\u0117s pasakojimas\u201c istorij\u0105. Siu\u017eetas vystomas penkiolika met\u0173 v\u0117liau nei pirmoje dalyje. 2019-tais metais \u0161i knyga buvo apdovanota presti\u017eine literat\u016bros premija \u201eBooker Prize\u201c. \u201eTarnait\u0117s pasakojimas\u201c pasirod\u0117 1985-tais metais. Visus \u0161iuos de\u0161imtme\u010dius knyga neprarado populiarumo, ta\u010diau tikr\u0105 renesans\u0105 i\u0161gyveno 2017-tais metais, po naujo serialo pastatymo. Istorija pasakoja apie netolimos ateities Gileado respublik\u0105, kurioje visuomen\u0117 gyvena pagal vald\u017eios primest\u0105 puritoni\u0161k\u0105 santvark\u0105. Turting\u0173j\u0173 \u0161eimoms, kurios beveik nebegali susilaukti palikuoni\u0173, vaikus gimdo tarnait\u0117s, laikinai apgyvendintos j\u0173 namuose. Tarnyst\u0117 primena vergov\u0119. Jokio i\u0161silavinimo, joki\u0173 privilegij\u0173, joki\u0173 gro\u017eio priemoni\u0173, jokio socialinio gyvenimo. Pagrindin\u0117 tarnait\u0117s pareiga \u2013 b\u016bti apvaisintai. Ir ne\u017einia, kas joms nutinka po gimdymo. Skaitytojai tris de\u0161imtme\u010dius reikalavo atsakym\u0173 ir pagaliau sulauk\u0117 t\u0119sinio. \u201eLiudijimai\u201c perkelia penkiolika met\u0173 \u012f priek\u012f. Gileado respublika vis dar gyvuoja, ta\u010diau ra\u0161ytojos Margaret Atwood pasirinktas pasakojimo b\u016bdas visai kitoks, nei pirmoje knygoje. Skaitytojai istorij\u0105 seka trij\u0173 veik\u0117j\u0173 akimis \u2013 pagyvenusios moters Tetos Lidijos, bei naujos kartos mergin\u0173 Agnes\u0117s ir Deiz\u0117s. Tetos Lidijos liudijimas siekia Gileano respublikos k\u016brimosi prad\u017ei\u0105 ir teokratin\u0117s santvarkos atsiradimo aplinkybes. Agnes\u0117 gim\u0117 ir u\u017eaugo naujoje visuomen\u0117je ir yra auginama kaip b\u016bsima vado \u017emona. Deiz\u0117 \u2013 mergina i\u0161 Kanados, kuri jau\u010dia, kad gyvena ne savo gyvenim\u0105. Kaip \u0161ios moterys susijusios ir kas nutiks kai j\u0173 likimai susijungs? Margaret Atwood v\u0117l kvie\u010dia pam\u0105styti apie nepastov\u0173 m\u016bs\u0173 pasaul\u012f bei jo ydas. \u201eLiudijimai\u201c \u012f tamsi\u0105 Gileano respublik\u0105 \u012fleid\u017eia \u0161viesos spindul\u012f. \u0160ioje knygoje vis dar daug tamsos, ta\u010diau ji yra tarsi prie\u0161nuodis \u201eTarnait\u0117s pasakojimui\u201c. Autor\u0117 leid\u017eia rasti atsakymus \u012f ilgai kankinusius klausimus, ta\u010diau pati teigia, kad roman\u0105 \u012fkv\u0117p\u0117 m\u016bs\u0173 pasaulis.<\/p>\n","protected":false},"featured_media":20809,"comment_status":"open","ping_status":"closed","template":"","meta":{"_acf_changed":false,"site-sidebar-layout":"default","site-content-layout":"","ast-site-content-layout":"default","site-content-style":"default","site-sidebar-style":"default","ast-global-header-display":"","ast-banner-title-visibility":"","ast-main-header-display":"","ast-hfb-above-header-display":"","ast-hfb-below-header-display":"","ast-hfb-mobile-header-display":"","site-post-title":"","ast-breadcrumbs-content":"","ast-featured-img":"","footer-sml-layout":"","ast-disable-related-posts":"","theme-transparent-header-meta":"","adv-header-id-meta":"","stick-header-meta":"","header-above-stick-meta":"","header-main-stick-meta":"","header-below-stick-meta":"","astra-migrate-meta-layouts":"default","ast-page-background-enabled":"default","ast-page-background-meta":{"desktop":{"background-color":"","background-image":"","background-repeat":"repeat","background-position":"center center","background-size":"auto","background-attachment":"scroll","background-type":"","background-media":"","overlay-type":"","overlay-color":"","overlay-opacity":"","overlay-gradient":""},"tablet":{"background-color":"","background-image":"","background-repeat":"repeat","background-position":"center center","background-size":"auto","background-attachment":"scroll","background-type":"","background-media":"","overlay-type":"","overlay-color":"","overlay-opacity":"","overlay-gradient":""},"mobile":{"background-color":"","background-image":"","background-repeat":"repeat","background-position":"center center","background-size":"auto","background-attachment":"scroll","background-type":"","background-media":"","overlay-type":"","overlay-color":"","overlay-opacity":"","overlay-gradient":""}},"ast-content-background-meta":{"desktop":{"background-color":"var(--ast-global-color-4)","background-image":"","background-repeat":"repeat","background-position":"center center","background-size":"auto","background-attachment":"scroll","background-type":"","background-media":"","overlay-type":"","overlay-color":"","overlay-opacity":"","overlay-gradient":""},"tablet":{"background-color":"var(--ast-global-color-4)","background-image":"","background-repeat":"repeat","background-position":"center center","background-size":"auto","background-attachment":"scroll","background-type":"","background-media":"","overlay-type":"","overlay-color":"","overlay-opacity":"","overlay-gradient":""},"mobile":{"background-color":"var(--ast-global-color-4)","background-image":"","background-repeat":"repeat","background-position":"center center","background-size":"auto","background-attachment":"scroll","background-type":"","background-media":"","overlay-type":"","overlay-color":"","overlay-opacity":"","overlay-gradient":""}}},"product_brand":[],"product_cat":[9734],"product_tag":[1673,8698,1492,8697,1295,2582,8699,8700,2364,1533],"class_list":{"0":"post-20804","1":"product","2":"type-product","3":"status-publish","4":"has-post-thumbnail","6":"product_cat-romanai","7":"product_tag-distopija","8":"product_tag-gileadas","9":"product_tag-literatura","10":"product_tag-liudijimai","11":"product_tag-margaret-atwood","12":"product_tag-moterys","13":"product_tag-tarnaites","14":"product_tag-teokratija","15":"product_tag-valdzia","16":"product_tag-visuomene","17":"desktop-align-left","18":"tablet-align-left","19":"mobile-align-left","21":"first","22":"instock","23":"shipping-taxable","24":"purchasable","25":"product-type-simple"},"acf":[],"yoast_head":"<!-- This site is optimized with the Yoast SEO plugin v27.0 - https:\/\/yoast.com\/product\/yoast-seo-wordpress\/ -->\n<title>Liudijimai<\/title>\n<meta name=\"description\" content=\"Ra\u0161ytojos Margaret Atwood distopinis romanas \u201eLiudijimai\u201c t\u0119sia nepaprasto populiarumo sulaukusios knygos \u201eTarnait\u0117s pasakojimas\u201c istorij\u0105. Siu\u017eetas\" \/>\n<meta name=\"robots\" content=\"index, follow, max-snippet:-1, max-image-preview:large, max-video-preview:-1\" \/>\n<link rel=\"canonical\" href=\"https:\/\/skaitytaknyga.lt\/en\/produktas\/liudijimai\/\" \/>\n<meta property=\"og:locale\" content=\"en_GB\" \/>\n<meta property=\"og:locale:alternate\" content=\"lt_LT\" \/>\n<meta property=\"og:type\" content=\"article\" \/>\n<meta property=\"og:title\" content=\"Liudijimai\" \/>\n<meta property=\"og:description\" content=\"Ra\u0161ytojos Margaret Atwood distopinis romanas \u201eLiudijimai\u201c t\u0119sia nepaprasto populiarumo sulaukusios knygos \u201eTarnait\u0117s pasakojimas\u201c istorij\u0105. Siu\u017eetas\" \/>\n<meta property=\"og:url\" content=\"https:\/\/skaitytaknyga.lt\/en\/produktas\/liudijimai\/\" \/>\n<meta property=\"og:site_name\" content=\"Skaitytaknyga\" \/>\n<meta property=\"article:publisher\" content=\"https:\/\/www.facebook.com\/skaitytaknyga\/\" \/>\n<meta property=\"article:modified_time\" content=\"2026-03-18T10:36:27+00:00\" \/>\n<meta property=\"og:image\" content=\"https:\/\/skaitytaknyga.lt\/wp-content\/uploads\/2025\/09\/Liudijimai.webp\" \/>\n\t<meta property=\"og:image:width\" content=\"300\" \/>\n\t<meta property=\"og:image:height\" content=\"432\" \/>\n\t<meta property=\"og:image:type\" content=\"image\/webp\" \/>\n<meta name=\"twitter:card\" content=\"summary_large_image\" \/>\n<meta name=\"twitter:label1\" content=\"Estimated reading time\" \/>\n\t<meta name=\"twitter:data1\" content=\"2 minutes\" \/>\n<script type=\"application\/ld+json\" class=\"yoast-schema-graph\">{\"@context\":\"https:\/\/schema.org\",\"@graph\":[{\"@type\":\"WebPage\",\"@id\":\"https:\/\/skaitytaknyga.lt\/produktas\/liudijimai\/\",\"url\":\"https:\/\/skaitytaknyga.lt\/produktas\/liudijimai\/\",\"name\":\"Liudijimai\",\"isPartOf\":{\"@id\":\"https:\/\/skaitytaknyga.lt\/#website\"},\"primaryImageOfPage\":{\"@id\":\"https:\/\/skaitytaknyga.lt\/produktas\/liudijimai\/#primaryimage\"},\"image\":{\"@id\":\"https:\/\/skaitytaknyga.lt\/produktas\/liudijimai\/#primaryimage\"},\"thumbnailUrl\":\"https:\/\/skaitytaknyga.lt\/wp-content\/uploads\/2025\/09\/Liudijimai.webp\",\"datePublished\":\"2025-09-13T14:32:57+00:00\",\"dateModified\":\"2026-03-18T10:36:27+00:00\",\"description\":\"Ra\u0161ytojos Margaret Atwood distopinis romanas \u201eLiudijimai\u201c t\u0119sia nepaprasto populiarumo sulaukusios knygos \u201eTarnait\u0117s pasakojimas\u201c istorij\u0105. Siu\u017eetas\",\"breadcrumb\":{\"@id\":\"https:\/\/skaitytaknyga.lt\/produktas\/liudijimai\/#breadcrumb\"},\"inLanguage\":\"en-GB\",\"potentialAction\":[{\"@type\":\"ReadAction\",\"target\":[\"https:\/\/skaitytaknyga.lt\/produktas\/liudijimai\/\"]}]},{\"@type\":\"ImageObject\",\"inLanguage\":\"en-GB\",\"@id\":\"https:\/\/skaitytaknyga.lt\/produktas\/liudijimai\/#primaryimage\",\"url\":\"https:\/\/skaitytaknyga.lt\/wp-content\/uploads\/2025\/09\/Liudijimai.webp\",\"contentUrl\":\"https:\/\/skaitytaknyga.lt\/wp-content\/uploads\/2025\/09\/Liudijimai.webp\",\"width\":300,\"height\":432,\"caption\":\"Liudijimai\"},{\"@type\":\"BreadcrumbList\",\"@id\":\"https:\/\/skaitytaknyga.lt\/produktas\/liudijimai\/#breadcrumb\",\"itemListElement\":[{\"@type\":\"ListItem\",\"position\":1,\"name\":\"Home\",\"item\":\"https:\/\/skaitytaknyga.lt\/\"},{\"@type\":\"ListItem\",\"position\":2,\"name\":\"Parduotuv\u0117\",\"item\":\"https:\/\/skaitytaknyga.lt\/knygu-parduotuve\/\"},{\"@type\":\"ListItem\",\"position\":3,\"name\":\"Liudijimai\"}]},{\"@type\":\"WebSite\",\"@id\":\"https:\/\/skaitytaknyga.lt\/#website\",\"url\":\"https:\/\/skaitytaknyga.lt\/\",\"name\":\"skaitytaknyga.lt\",\"description\":\"Skaitytaknyga.lt \u2013 tai ma\u017eas \u0161eimos verslas, kuris prasid\u0117jo nuo meil\u0117s knygoms ir siekio i\u0161gelb\u0117ti knygas nuo likimo prie konteinerio. Kas vienam nereikalingas daiktas \u2013 kitam lobis, o mes esame tarpininkai, kurie padeda abiems tapti laimingesniems ???? \u017dinome kaip nelengva i\u0161gyventi ma\u017eiems verslams, tad nuo \u0161iol, \u010dia rasite ir kit\u0173, ma\u017e\u0173 \u0161eim\u0173 versl\u0173, rank\u0173 darbo, dovan\u0173 sau ir artimiesiems.\",\"publisher\":{\"@id\":\"https:\/\/skaitytaknyga.lt\/#organization\"},\"potentialAction\":[{\"@type\":\"SearchAction\",\"target\":{\"@type\":\"EntryPoint\",\"urlTemplate\":\"https:\/\/skaitytaknyga.lt\/?s={search_term_string}\"},\"query-input\":{\"@type\":\"PropertyValueSpecification\",\"valueRequired\":true,\"valueName\":\"search_term_string\"}}],\"inLanguage\":\"en-GB\"},{\"@type\":\"Organization\",\"@id\":\"https:\/\/skaitytaknyga.lt\/#organization\",\"name\":\"skaitytaknyga.lt\",\"url\":\"https:\/\/skaitytaknyga.lt\/\",\"logo\":{\"@type\":\"ImageObject\",\"inLanguage\":\"en-GB\",\"@id\":\"https:\/\/skaitytaknyga.lt\/#\/schema\/logo\/image\/\",\"url\":\"https:\/\/skaitytaknyga.lt\/wp-content\/uploads\/2024\/05\/cropped-cropped-cropped-02_00843_jt3bggkj1j3HLc7SyY6rEUpg.jpeg\",\"contentUrl\":\"https:\/\/skaitytaknyga.lt\/wp-content\/uploads\/2024\/05\/cropped-cropped-cropped-02_00843_jt3bggkj1j3HLc7SyY6rEUpg.jpeg\",\"width\":1600,\"height\":1600,\"caption\":\"skaitytaknyga.lt\"},\"image\":{\"@id\":\"https:\/\/skaitytaknyga.lt\/#\/schema\/logo\/image\/\"},\"sameAs\":[\"https:\/\/www.facebook.com\/skaitytaknyga\/\"]}]}<\/script>\n<!-- \/ Yoast SEO plugin. -->","yoast_head_json":{"title":"Liudijimai","description":"Ra\u0161ytojos Margaret Atwood distopinis romanas \u201eLiudijimai\u201c t\u0119sia nepaprasto populiarumo sulaukusios knygos \u201eTarnait\u0117s pasakojimas\u201c istorij\u0105. Siu\u017eetas","robots":{"index":"index","follow":"follow","max-snippet":"max-snippet:-1","max-image-preview":"max-image-preview:large","max-video-preview":"max-video-preview:-1"},"canonical":"https:\/\/skaitytaknyga.lt\/en\/produktas\/liudijimai\/","og_locale":"en_GB","og_type":"article","og_title":"[:lt]Liudijimai[:] - Skaitytaknyga","og_description":"Ra\u0161ytojos Margaret Atwood distopinis romanas \u201eLiudijimai\u201c t\u0119sia nepaprasto populiarumo sulaukusios knygos \u201eTarnait\u0117s pasakojimas\u201c istorij\u0105. Siu\u017eetas","og_url":"https:\/\/skaitytaknyga.lt\/en\/produktas\/liudijimai\/","og_site_name":"Skaitytaknyga","article_publisher":"https:\/\/www.facebook.com\/skaitytaknyga\/","article_modified_time":"2026-03-18T10:36:27+00:00","og_image":[{"width":300,"height":432,"url":"https:\/\/skaitytaknyga.lt\/wp-content\/uploads\/2025\/09\/Liudijimai.webp","type":"image\/webp"}],"twitter_card":"summary_large_image","twitter_misc":{"Estimated reading time":"2 minutes"},"schema":{"@context":"https:\/\/schema.org","@graph":[{"@type":"WebPage","@id":"https:\/\/skaitytaknyga.lt\/produktas\/liudijimai\/","url":"https:\/\/skaitytaknyga.lt\/produktas\/liudijimai\/","name":"Liudijimai","isPartOf":{"@id":"https:\/\/skaitytaknyga.lt\/#website"},"primaryImageOfPage":{"@id":"https:\/\/skaitytaknyga.lt\/produktas\/liudijimai\/#primaryimage"},"image":{"@id":"https:\/\/skaitytaknyga.lt\/produktas\/liudijimai\/#primaryimage"},"thumbnailUrl":"https:\/\/skaitytaknyga.lt\/wp-content\/uploads\/2025\/09\/Liudijimai.webp","datePublished":"2025-09-13T14:32:57+00:00","dateModified":"2026-03-18T10:36:27+00:00","description":"Ra\u0161ytojos Margaret Atwood distopinis romanas \u201eLiudijimai\u201c t\u0119sia nepaprasto populiarumo sulaukusios knygos \u201eTarnait\u0117s pasakojimas\u201c istorij\u0105. Siu\u017eetas","breadcrumb":{"@id":"https:\/\/skaitytaknyga.lt\/produktas\/liudijimai\/#breadcrumb"},"inLanguage":"en-GB","potentialAction":[{"@type":"ReadAction","target":["https:\/\/skaitytaknyga.lt\/produktas\/liudijimai\/"]}]},{"@type":"ImageObject","inLanguage":"en-GB","@id":"https:\/\/skaitytaknyga.lt\/produktas\/liudijimai\/#primaryimage","url":"https:\/\/skaitytaknyga.lt\/wp-content\/uploads\/2025\/09\/Liudijimai.webp","contentUrl":"https:\/\/skaitytaknyga.lt\/wp-content\/uploads\/2025\/09\/Liudijimai.webp","width":300,"height":432,"caption":"Liudijimai"},{"@type":"BreadcrumbList","@id":"https:\/\/skaitytaknyga.lt\/produktas\/liudijimai\/#breadcrumb","itemListElement":[{"@type":"ListItem","position":1,"name":"Home","item":"https:\/\/skaitytaknyga.lt\/"},{"@type":"ListItem","position":2,"name":"Parduotuv\u0117","item":"https:\/\/skaitytaknyga.lt\/knygu-parduotuve\/"},{"@type":"ListItem","position":3,"name":"Liudijimai"}]},{"@type":"WebSite","@id":"https:\/\/skaitytaknyga.lt\/#website","url":"https:\/\/skaitytaknyga.lt\/","name":"skaitytaknyga.lt","description":"Skaitytaknyga.lt \u2013 tai ma\u017eas \u0161eimos verslas, kuris prasid\u0117jo nuo meil\u0117s knygoms ir siekio i\u0161gelb\u0117ti knygas nuo likimo prie konteinerio. Kas vienam nereikalingas daiktas \u2013 kitam lobis, o mes esame tarpininkai, kurie padeda abiems tapti laimingesniems ???? \u017dinome kaip nelengva i\u0161gyventi ma\u017eiems verslams, tad nuo \u0161iol, \u010dia rasite ir kit\u0173, ma\u017e\u0173 \u0161eim\u0173 versl\u0173, rank\u0173 darbo, dovan\u0173 sau ir artimiesiems.","publisher":{"@id":"https:\/\/skaitytaknyga.lt\/#organization"},"potentialAction":[{"@type":"SearchAction","target":{"@type":"EntryPoint","urlTemplate":"https:\/\/skaitytaknyga.lt\/?s={search_term_string}"},"query-input":{"@type":"PropertyValueSpecification","valueRequired":true,"valueName":"search_term_string"}}],"inLanguage":"en-GB"},{"@type":"Organization","@id":"https:\/\/skaitytaknyga.lt\/#organization","name":"skaitytaknyga.lt","url":"https:\/\/skaitytaknyga.lt\/","logo":{"@type":"ImageObject","inLanguage":"en-GB","@id":"https:\/\/skaitytaknyga.lt\/#\/schema\/logo\/image\/","url":"https:\/\/skaitytaknyga.lt\/wp-content\/uploads\/2024\/05\/cropped-cropped-cropped-02_00843_jt3bggkj1j3HLc7SyY6rEUpg.jpeg","contentUrl":"https:\/\/skaitytaknyga.lt\/wp-content\/uploads\/2024\/05\/cropped-cropped-cropped-02_00843_jt3bggkj1j3HLc7SyY6rEUpg.jpeg","width":1600,"height":1600,"caption":"skaitytaknyga.lt"},"image":{"@id":"https:\/\/skaitytaknyga.lt\/#\/schema\/logo\/image\/"},"sameAs":["https:\/\/www.facebook.com\/skaitytaknyga\/"]}]}},"_links":{"self":[{"href":"https:\/\/skaitytaknyga.lt\/en\/wp-json\/wp\/v2\/product\/20804","targetHints":{"allow":["GET"]}}],"collection":[{"href":"https:\/\/skaitytaknyga.lt\/en\/wp-json\/wp\/v2\/product"}],"about":[{"href":"https:\/\/skaitytaknyga.lt\/en\/wp-json\/wp\/v2\/types\/product"}],"replies":[{"embeddable":true,"href":"https:\/\/skaitytaknyga.lt\/en\/wp-json\/wp\/v2\/comments?post=20804"}],"wp:featuredmedia":[{"embeddable":true,"href":"https:\/\/skaitytaknyga.lt\/en\/wp-json\/wp\/v2\/media\/20809"}],"wp:attachment":[{"href":"https:\/\/skaitytaknyga.lt\/en\/wp-json\/wp\/v2\/media?parent=20804"}],"wp:term":[{"taxonomy":"product_brand","embeddable":true,"href":"https:\/\/skaitytaknyga.lt\/en\/wp-json\/wp\/v2\/product_brand?post=20804"},{"taxonomy":"product_cat","embeddable":true,"href":"https:\/\/skaitytaknyga.lt\/en\/wp-json\/wp\/v2\/product_cat?post=20804"},{"taxonomy":"product_tag","embeddable":true,"href":"https:\/\/skaitytaknyga.lt\/en\/wp-json\/wp\/v2\/product_tag?post=20804"}],"curies":[{"name":"wp","href":"https:\/\/api.w.org\/{rel}","templated":true}]}}