{"id":20798,"date":"2025-09-13T16:40:24","date_gmt":"2025-09-13T13:40:24","guid":{"rendered":"https:\/\/skaitytaknyga.lt\/?post_type=product&#038;p=20798"},"modified":"2025-10-06T13:15:42","modified_gmt":"2025-10-06T10:15:42","slug":"cilkos-kelias","status":"publish","type":"product","link":"https:\/\/skaitytaknyga.lt\/en\/produktas\/cilkos-kelias\/","title":{"rendered":"Cilkos kelias"},"content":{"rendered":"<p>Austral\u0173 autor\u0117s Heather Morris bestseleryje \u201eAu\u0161vico tatuiruotojas\u201c skaitytojai susid\u016br\u0117 ne tik su skaud\u017eia Lale Sokolov istorija, bet ir susipa\u017eino su Cilka Klein \u2013 jauna \u017eydaite, kuri taip pat atsid\u016br\u0117 Au\u0161vico koncentracijos stovykloje. Autor\u0117 teig\u0117, kad sulauk\u0117 daug susidom\u0117jo d\u0117l \u0161ios merginos likimo ir nusprend\u0117 nepalikti istorijos u\u017emar\u0161tyje. Taip gim\u0117 antroji tikrais faktais paremta knyga \u201eCilkos kelias\u201c.<\/p>\n<p>\u0160e\u0161iolikmet\u0117 Cilka \u012f Au\u0161vico koncentracijos stovykl\u0105 pateko kartu su \u0161imtais t\u016bkstan\u010di\u0173 \u017eyd\u0173. Deja, mergina i\u0161siskyr\u0117 savo gro\u017eiu ir kaip mat atkreip\u0117 auk\u0161t\u0173 SS valdinink\u0173 d\u0117mes\u012f. Prievartavimai ir i\u0161naudojimas buvo \u012fprasti karo ir galios rodymo atributai. Vyresnysis karininkas \u0160varchuberis nusi\u017ei\u016bri jaun\u0105 moter\u012f ir skiria j\u0105 mirtinink\u0173 bloko vir\u0161ininke, o taip pat paver\u010dia savo meilu\u017ee. Cilka neturi jokios galimyb\u0117s rinktis, ir puikiai supranta, kad \u0161i pad\u0117tis pad\u0117s jai i\u0161likti. Deja, po koncentracijos stovyklos i\u0161laisvinimo moters vargai nesibaig\u0117.<\/p>\n<p>Soviet\u0173 vald\u017eia apkaltino Cilk\u0105 bendradarbiavimu su naciais ir \u017eydait\u0117 buvo i\u0161tremta \u012f Sibir\u0105. Pa\u010diame baisiausiame Vorkutos gulage ji praleido de\u0161imt met\u0173. \u010cia ji kent\u0117 bad\u0105, \u0161alt\u012f, skausm\u0105, ta\u010diau sunkiai dirbo, atsidavusi slaug\u0117 ligonius ir galiausiai sutiko \u017emog\u0173, kuris pad\u0117jo atsitiesti \u2013 b\u016bsim\u0105 vyr\u0105 Aleksandr\u0105. Su juo Cilka praleido penkiasde\u0161imt savo gyvenimo met\u0173.<\/p>\n<p>Ra\u0161ydama \u201eCilkos keli\u0105\u201c autor\u0117 lank\u0117si moters gimtin\u0117je, namuose, kuriuose ji gyveno sugr\u012f\u017eusi i\u0161 tremties, kalb\u0117josi su kaimynais, nagrin\u0117jo istorinius dokumentus. Cilka Klein buvo realus \u017emogus nuo mirties i\u0161gelb\u0117j\u0119s ne vien\u0105, ta\u010diau pasmerkta visuomen\u0117s d\u0117l dalyk\u0173, kuri\u0173 pati nesirinko. Ra\u0161ytoja kurdama roman\u0105 papasakojo ne tik konkre\u010dios merginos istorij\u0105, bet ir vis\u0173 t\u0173 moter\u0173, kurios buvo prievartaujamos, i\u0161naudojamos, o po to dar papildomai d\u0117l to nubaustos.<\/p>\n<p>\u201eCilkos kelias\u201c yra knyga apie dr\u0105s\u0105, vali\u0105, skausm\u0105 ir gydan\u010di\u0105 meil\u0117s gali\u0105.<\/p>\n","protected":false},"excerpt":{"rendered":"<p>Austral\u0173 autor\u0117s Heather Morris bestseleryje \u201eAu\u0161vico tatuiruotojas\u201c skaitytojai susid\u016br\u0117 ne tik su skaud\u017eia Lale Sokolov istorija, bet ir susipa\u017eino su Cilka Klein \u2013 jauna \u017eydaite, kuri taip pat atsid\u016br\u0117 Au\u0161vico koncentracijos stovykloje. Autor\u0117 teig\u0117, kad sulauk\u0117 daug susidom\u0117jo d\u0117l \u0161ios merginos likimo ir nusprend\u0117 nepalikti istorijos u\u017emar\u0161tyje. Taip gim\u0117 antroji tikrais faktais paremta knyga \u201eCilkos kelias\u201c. \u0160e\u0161iolikmet\u0117 Cilka \u012f Au\u0161vico koncentracijos stovykl\u0105 pateko kartu su \u0161imtais t\u016bkstan\u010di\u0173 \u017eyd\u0173. Deja, mergina i\u0161siskyr\u0117 savo gro\u017eiu ir kaip mat atkreip\u0117 auk\u0161t\u0173 SS valdinink\u0173 d\u0117mes\u012f. Prievartavimai ir i\u0161naudojimas buvo \u012fprasti karo ir galios rodymo atributai. Vyresnysis karininkas \u0160varchuberis nusi\u017ei\u016bri jaun\u0105 moter\u012f ir skiria j\u0105 mirtinink\u0173 bloko vir\u0161ininke, o taip pat paver\u010dia savo meilu\u017ee. Cilka neturi jokios galimyb\u0117s rinktis, ir puikiai supranta, kad \u0161i pad\u0117tis pad\u0117s jai i\u0161likti. Deja, po koncentracijos stovyklos i\u0161laisvinimo moters vargai nesibaig\u0117. Soviet\u0173 vald\u017eia apkaltino Cilk\u0105 bendradarbiavimu su naciais ir \u017eydait\u0117 buvo i\u0161tremta \u012f Sibir\u0105. Pa\u010diame baisiausiame Vorkutos gulage ji praleido de\u0161imt met\u0173. \u010cia ji kent\u0117 bad\u0105, \u0161alt\u012f, skausm\u0105, ta\u010diau sunkiai dirbo, atsidavusi slaug\u0117 ligonius ir galiausiai sutiko \u017emog\u0173, kuris pad\u0117jo atsitiesti \u2013 b\u016bsim\u0105 vyr\u0105 Aleksandr\u0105. Su juo Cilka praleido penkiasde\u0161imt savo gyvenimo met\u0173. Ra\u0161ydama \u201eCilkos keli\u0105\u201c autor\u0117 lank\u0117si moters gimtin\u0117je, namuose, kuriuose ji gyveno sugr\u012f\u017eusi i\u0161 tremties, kalb\u0117josi su kaimynais, nagrin\u0117jo istorinius dokumentus. Cilka Klein buvo realus \u017emogus nuo mirties i\u0161gelb\u0117j\u0119s ne vien\u0105, ta\u010diau pasmerkta visuomen\u0117s d\u0117l dalyk\u0173, kuri\u0173 pati nesirinko. Ra\u0161ytoja kurdama roman\u0105 papasakojo ne tik konkre\u010dios merginos istorij\u0105, bet ir vis\u0173 t\u0173 moter\u0173, kurios buvo prievartaujamos, i\u0161naudojamos, o po to dar papildomai d\u0117l to nubaustos. \u201eCilkos kelias\u201c yra knyga apie dr\u0105s\u0105, vali\u0105, skausm\u0105 ir gydan\u010di\u0105 meil\u0117s gali\u0105.<\/p>\n","protected":false},"featured_media":20799,"comment_status":"open","ping_status":"closed","template":"","meta":{"_acf_changed":false,"site-sidebar-layout":"default","site-content-layout":"","ast-site-content-layout":"default","site-content-style":"default","site-sidebar-style":"default","ast-global-header-display":"","ast-banner-title-visibility":"","ast-main-header-display":"","ast-hfb-above-header-display":"","ast-hfb-below-header-display":"","ast-hfb-mobile-header-display":"","site-post-title":"","ast-breadcrumbs-content":"","ast-featured-img":"","footer-sml-layout":"","ast-disable-related-posts":"","theme-transparent-header-meta":"","adv-header-id-meta":"","stick-header-meta":"","header-above-stick-meta":"","header-main-stick-meta":"","header-below-stick-meta":"","astra-migrate-meta-layouts":"default","ast-page-background-enabled":"default","ast-page-background-meta":{"desktop":{"background-color":"","background-image":"","background-repeat":"repeat","background-position":"center center","background-size":"auto","background-attachment":"scroll","background-type":"","background-media":"","overlay-type":"","overlay-color":"","overlay-opacity":"","overlay-gradient":""},"tablet":{"background-color":"","background-image":"","background-repeat":"repeat","background-position":"center center","background-size":"auto","background-attachment":"scroll","background-type":"","background-media":"","overlay-type":"","overlay-color":"","overlay-opacity":"","overlay-gradient":""},"mobile":{"background-color":"","background-image":"","background-repeat":"repeat","background-position":"center center","background-size":"auto","background-attachment":"scroll","background-type":"","background-media":"","overlay-type":"","overlay-color":"","overlay-opacity":"","overlay-gradient":""}},"ast-content-background-meta":{"desktop":{"background-color":"var(--ast-global-color-4)","background-image":"","background-repeat":"repeat","background-position":"center center","background-size":"auto","background-attachment":"scroll","background-type":"","background-media":"","overlay-type":"","overlay-color":"","overlay-opacity":"","overlay-gradient":""},"tablet":{"background-color":"var(--ast-global-color-4)","background-image":"","background-repeat":"repeat","background-position":"center center","background-size":"auto","background-attachment":"scroll","background-type":"","background-media":"","overlay-type":"","overlay-color":"","overlay-opacity":"","overlay-gradient":""},"mobile":{"background-color":"var(--ast-global-color-4)","background-image":"","background-repeat":"repeat","background-position":"center center","background-size":"auto","background-attachment":"scroll","background-type":"","background-media":"","overlay-type":"","overlay-color":"","overlay-opacity":"","overlay-gradient":""}}},"product_brand":[],"product_cat":[31],"product_tag":[8692,2056,8691,3705,2069,1796,8788],"class_list":{"0":"post-20798","1":"product","2":"type-product","3":"status-publish","4":"has-post-thumbnail","6":"product_cat-grozine-literatura","7":"product_tag-ausvicas","8":"product_tag-drasa","9":"product_tag-heather-morris","10":"product_tag-holokaustas","11":"product_tag-istorinis-romanas","12":"product_tag-meile","13":"product_tag-sokolovas","14":"desktop-align-left","15":"tablet-align-left","16":"mobile-align-left","18":"first","19":"instock","20":"shipping-taxable","21":"purchasable","22":"product-type-simple"},"acf":[],"yoast_head":"<!-- This site is optimized with the Yoast SEO plugin v27.0 - https:\/\/yoast.com\/product\/yoast-seo-wordpress\/ -->\n<title>Cilkos kelias<\/title>\n<meta name=\"description\" content=\"Austral\u0173 autor\u0117s Heather Morris bestseleryje \u201eAu\u0161vico tatuiruotojas\u201c skaitytojai susid\u016br\u0117 ne tik su skaud\u017eia Lale Sokolov istorija, bet ir susipa\u017eino su\" \/>\n<meta name=\"robots\" content=\"index, follow, max-snippet:-1, max-image-preview:large, max-video-preview:-1\" \/>\n<link rel=\"canonical\" href=\"https:\/\/skaitytaknyga.lt\/en\/produktas\/cilkos-kelias\/\" \/>\n<meta property=\"og:locale\" content=\"en_GB\" \/>\n<meta property=\"og:locale:alternate\" content=\"lt_LT\" \/>\n<meta property=\"og:type\" content=\"article\" \/>\n<meta property=\"og:title\" content=\"Cilkos kelias\" \/>\n<meta property=\"og:description\" content=\"Austral\u0173 autor\u0117s Heather Morris bestseleryje \u201eAu\u0161vico tatuiruotojas\u201c skaitytojai susid\u016br\u0117 ne tik su skaud\u017eia Lale Sokolov istorija, bet ir susipa\u017eino su\" \/>\n<meta property=\"og:url\" content=\"https:\/\/skaitytaknyga.lt\/en\/produktas\/cilkos-kelias\/\" \/>\n<meta property=\"og:site_name\" content=\"Skaitytaknyga\" \/>\n<meta property=\"article:publisher\" content=\"https:\/\/www.facebook.com\/skaitytaknyga\/\" \/>\n<meta property=\"article:modified_time\" content=\"2025-10-06T10:15:42+00:00\" \/>\n<meta property=\"og:image\" content=\"https:\/\/skaitytaknyga.lt\/wp-content\/uploads\/2025\/09\/Cilkos-kelias.webp\" \/>\n\t<meta property=\"og:image:width\" content=\"300\" \/>\n\t<meta property=\"og:image:height\" content=\"435\" \/>\n\t<meta property=\"og:image:type\" content=\"image\/webp\" \/>\n<meta name=\"twitter:card\" content=\"summary_large_image\" \/>\n<meta name=\"twitter:label1\" content=\"Estimated reading time\" \/>\n\t<meta name=\"twitter:data1\" content=\"2 minutes\" \/>\n<script type=\"application\/ld+json\" class=\"yoast-schema-graph\">{\"@context\":\"https:\/\/schema.org\",\"@graph\":[{\"@type\":\"WebPage\",\"@id\":\"https:\/\/skaitytaknyga.lt\/produktas\/cilkos-kelias\/\",\"url\":\"https:\/\/skaitytaknyga.lt\/produktas\/cilkos-kelias\/\",\"name\":\"Cilkos kelias\",\"isPartOf\":{\"@id\":\"https:\/\/skaitytaknyga.lt\/#website\"},\"primaryImageOfPage\":{\"@id\":\"https:\/\/skaitytaknyga.lt\/produktas\/cilkos-kelias\/#primaryimage\"},\"image\":{\"@id\":\"https:\/\/skaitytaknyga.lt\/produktas\/cilkos-kelias\/#primaryimage\"},\"thumbnailUrl\":\"https:\/\/skaitytaknyga.lt\/wp-content\/uploads\/2025\/09\/Cilkos-kelias.webp\",\"datePublished\":\"2025-09-13T13:40:24+00:00\",\"dateModified\":\"2025-10-06T10:15:42+00:00\",\"description\":\"Austral\u0173 autor\u0117s Heather Morris bestseleryje \u201eAu\u0161vico tatuiruotojas\u201c skaitytojai susid\u016br\u0117 ne tik su skaud\u017eia Lale Sokolov istorija, bet ir susipa\u017eino su\",\"breadcrumb\":{\"@id\":\"https:\/\/skaitytaknyga.lt\/produktas\/cilkos-kelias\/#breadcrumb\"},\"inLanguage\":\"en-GB\",\"potentialAction\":[{\"@type\":\"ReadAction\",\"target\":[\"https:\/\/skaitytaknyga.lt\/produktas\/cilkos-kelias\/\"]}]},{\"@type\":\"ImageObject\",\"inLanguage\":\"en-GB\",\"@id\":\"https:\/\/skaitytaknyga.lt\/produktas\/cilkos-kelias\/#primaryimage\",\"url\":\"https:\/\/skaitytaknyga.lt\/wp-content\/uploads\/2025\/09\/Cilkos-kelias.webp\",\"contentUrl\":\"https:\/\/skaitytaknyga.lt\/wp-content\/uploads\/2025\/09\/Cilkos-kelias.webp\",\"width\":300,\"height\":435,\"caption\":\"Cilkos kelias\"},{\"@type\":\"BreadcrumbList\",\"@id\":\"https:\/\/skaitytaknyga.lt\/produktas\/cilkos-kelias\/#breadcrumb\",\"itemListElement\":[{\"@type\":\"ListItem\",\"position\":1,\"name\":\"Home\",\"item\":\"https:\/\/skaitytaknyga.lt\/\"},{\"@type\":\"ListItem\",\"position\":2,\"name\":\"Parduotuv\u0117\",\"item\":\"https:\/\/skaitytaknyga.lt\/knygu-parduotuve\/\"},{\"@type\":\"ListItem\",\"position\":3,\"name\":\"Cilkos kelias\"}]},{\"@type\":\"WebSite\",\"@id\":\"https:\/\/skaitytaknyga.lt\/#website\",\"url\":\"https:\/\/skaitytaknyga.lt\/\",\"name\":\"skaitytaknyga.lt\",\"description\":\"Skaitytaknyga.lt \u2013 tai ma\u017eas \u0161eimos verslas, kuris prasid\u0117jo nuo meil\u0117s knygoms ir siekio i\u0161gelb\u0117ti knygas nuo likimo prie konteinerio. Kas vienam nereikalingas daiktas \u2013 kitam lobis, o mes esame tarpininkai, kurie padeda abiems tapti laimingesniems ???? \u017dinome kaip nelengva i\u0161gyventi ma\u017eiems verslams, tad nuo \u0161iol, \u010dia rasite ir kit\u0173, ma\u017e\u0173 \u0161eim\u0173 versl\u0173, rank\u0173 darbo, dovan\u0173 sau ir artimiesiems.\",\"publisher\":{\"@id\":\"https:\/\/skaitytaknyga.lt\/#organization\"},\"potentialAction\":[{\"@type\":\"SearchAction\",\"target\":{\"@type\":\"EntryPoint\",\"urlTemplate\":\"https:\/\/skaitytaknyga.lt\/?s={search_term_string}\"},\"query-input\":{\"@type\":\"PropertyValueSpecification\",\"valueRequired\":true,\"valueName\":\"search_term_string\"}}],\"inLanguage\":\"en-GB\"},{\"@type\":\"Organization\",\"@id\":\"https:\/\/skaitytaknyga.lt\/#organization\",\"name\":\"skaitytaknyga.lt\",\"url\":\"https:\/\/skaitytaknyga.lt\/\",\"logo\":{\"@type\":\"ImageObject\",\"inLanguage\":\"en-GB\",\"@id\":\"https:\/\/skaitytaknyga.lt\/#\/schema\/logo\/image\/\",\"url\":\"https:\/\/skaitytaknyga.lt\/wp-content\/uploads\/2024\/05\/cropped-cropped-cropped-02_00843_jt3bggkj1j3HLc7SyY6rEUpg.jpeg\",\"contentUrl\":\"https:\/\/skaitytaknyga.lt\/wp-content\/uploads\/2024\/05\/cropped-cropped-cropped-02_00843_jt3bggkj1j3HLc7SyY6rEUpg.jpeg\",\"width\":1600,\"height\":1600,\"caption\":\"skaitytaknyga.lt\"},\"image\":{\"@id\":\"https:\/\/skaitytaknyga.lt\/#\/schema\/logo\/image\/\"},\"sameAs\":[\"https:\/\/www.facebook.com\/skaitytaknyga\/\"]}]}<\/script>\n<!-- \/ Yoast SEO plugin. -->","yoast_head_json":{"title":"Cilkos kelias","description":"Austral\u0173 autor\u0117s Heather Morris bestseleryje \u201eAu\u0161vico tatuiruotojas\u201c skaitytojai susid\u016br\u0117 ne tik su skaud\u017eia Lale Sokolov istorija, bet ir susipa\u017eino su","robots":{"index":"index","follow":"follow","max-snippet":"max-snippet:-1","max-image-preview":"max-image-preview:large","max-video-preview":"max-video-preview:-1"},"canonical":"https:\/\/skaitytaknyga.lt\/en\/produktas\/cilkos-kelias\/","og_locale":"en_GB","og_type":"article","og_title":"[:lt]Cilkos kelias[:] - Skaitytaknyga","og_description":"Austral\u0173 autor\u0117s Heather Morris bestseleryje \u201eAu\u0161vico tatuiruotojas\u201c skaitytojai susid\u016br\u0117 ne tik su skaud\u017eia Lale Sokolov istorija, bet ir susipa\u017eino su","og_url":"https:\/\/skaitytaknyga.lt\/en\/produktas\/cilkos-kelias\/","og_site_name":"Skaitytaknyga","article_publisher":"https:\/\/www.facebook.com\/skaitytaknyga\/","article_modified_time":"2025-10-06T10:15:42+00:00","og_image":[{"width":300,"height":435,"url":"https:\/\/skaitytaknyga.lt\/wp-content\/uploads\/2025\/09\/Cilkos-kelias.webp","type":"image\/webp"}],"twitter_card":"summary_large_image","twitter_misc":{"Estimated reading time":"2 minutes"},"schema":{"@context":"https:\/\/schema.org","@graph":[{"@type":"WebPage","@id":"https:\/\/skaitytaknyga.lt\/produktas\/cilkos-kelias\/","url":"https:\/\/skaitytaknyga.lt\/produktas\/cilkos-kelias\/","name":"Cilkos kelias","isPartOf":{"@id":"https:\/\/skaitytaknyga.lt\/#website"},"primaryImageOfPage":{"@id":"https:\/\/skaitytaknyga.lt\/produktas\/cilkos-kelias\/#primaryimage"},"image":{"@id":"https:\/\/skaitytaknyga.lt\/produktas\/cilkos-kelias\/#primaryimage"},"thumbnailUrl":"https:\/\/skaitytaknyga.lt\/wp-content\/uploads\/2025\/09\/Cilkos-kelias.webp","datePublished":"2025-09-13T13:40:24+00:00","dateModified":"2025-10-06T10:15:42+00:00","description":"Austral\u0173 autor\u0117s Heather Morris bestseleryje \u201eAu\u0161vico tatuiruotojas\u201c skaitytojai susid\u016br\u0117 ne tik su skaud\u017eia Lale Sokolov istorija, bet ir susipa\u017eino su","breadcrumb":{"@id":"https:\/\/skaitytaknyga.lt\/produktas\/cilkos-kelias\/#breadcrumb"},"inLanguage":"en-GB","potentialAction":[{"@type":"ReadAction","target":["https:\/\/skaitytaknyga.lt\/produktas\/cilkos-kelias\/"]}]},{"@type":"ImageObject","inLanguage":"en-GB","@id":"https:\/\/skaitytaknyga.lt\/produktas\/cilkos-kelias\/#primaryimage","url":"https:\/\/skaitytaknyga.lt\/wp-content\/uploads\/2025\/09\/Cilkos-kelias.webp","contentUrl":"https:\/\/skaitytaknyga.lt\/wp-content\/uploads\/2025\/09\/Cilkos-kelias.webp","width":300,"height":435,"caption":"Cilkos kelias"},{"@type":"BreadcrumbList","@id":"https:\/\/skaitytaknyga.lt\/produktas\/cilkos-kelias\/#breadcrumb","itemListElement":[{"@type":"ListItem","position":1,"name":"Home","item":"https:\/\/skaitytaknyga.lt\/"},{"@type":"ListItem","position":2,"name":"Parduotuv\u0117","item":"https:\/\/skaitytaknyga.lt\/knygu-parduotuve\/"},{"@type":"ListItem","position":3,"name":"Cilkos kelias"}]},{"@type":"WebSite","@id":"https:\/\/skaitytaknyga.lt\/#website","url":"https:\/\/skaitytaknyga.lt\/","name":"skaitytaknyga.lt","description":"Skaitytaknyga.lt \u2013 tai ma\u017eas \u0161eimos verslas, kuris prasid\u0117jo nuo meil\u0117s knygoms ir siekio i\u0161gelb\u0117ti knygas nuo likimo prie konteinerio. Kas vienam nereikalingas daiktas \u2013 kitam lobis, o mes esame tarpininkai, kurie padeda abiems tapti laimingesniems ???? \u017dinome kaip nelengva i\u0161gyventi ma\u017eiems verslams, tad nuo \u0161iol, \u010dia rasite ir kit\u0173, ma\u017e\u0173 \u0161eim\u0173 versl\u0173, rank\u0173 darbo, dovan\u0173 sau ir artimiesiems.","publisher":{"@id":"https:\/\/skaitytaknyga.lt\/#organization"},"potentialAction":[{"@type":"SearchAction","target":{"@type":"EntryPoint","urlTemplate":"https:\/\/skaitytaknyga.lt\/?s={search_term_string}"},"query-input":{"@type":"PropertyValueSpecification","valueRequired":true,"valueName":"search_term_string"}}],"inLanguage":"en-GB"},{"@type":"Organization","@id":"https:\/\/skaitytaknyga.lt\/#organization","name":"skaitytaknyga.lt","url":"https:\/\/skaitytaknyga.lt\/","logo":{"@type":"ImageObject","inLanguage":"en-GB","@id":"https:\/\/skaitytaknyga.lt\/#\/schema\/logo\/image\/","url":"https:\/\/skaitytaknyga.lt\/wp-content\/uploads\/2024\/05\/cropped-cropped-cropped-02_00843_jt3bggkj1j3HLc7SyY6rEUpg.jpeg","contentUrl":"https:\/\/skaitytaknyga.lt\/wp-content\/uploads\/2024\/05\/cropped-cropped-cropped-02_00843_jt3bggkj1j3HLc7SyY6rEUpg.jpeg","width":1600,"height":1600,"caption":"skaitytaknyga.lt"},"image":{"@id":"https:\/\/skaitytaknyga.lt\/#\/schema\/logo\/image\/"},"sameAs":["https:\/\/www.facebook.com\/skaitytaknyga\/"]}]}},"_links":{"self":[{"href":"https:\/\/skaitytaknyga.lt\/en\/wp-json\/wp\/v2\/product\/20798","targetHints":{"allow":["GET"]}}],"collection":[{"href":"https:\/\/skaitytaknyga.lt\/en\/wp-json\/wp\/v2\/product"}],"about":[{"href":"https:\/\/skaitytaknyga.lt\/en\/wp-json\/wp\/v2\/types\/product"}],"replies":[{"embeddable":true,"href":"https:\/\/skaitytaknyga.lt\/en\/wp-json\/wp\/v2\/comments?post=20798"}],"wp:featuredmedia":[{"embeddable":true,"href":"https:\/\/skaitytaknyga.lt\/en\/wp-json\/wp\/v2\/media\/20799"}],"wp:attachment":[{"href":"https:\/\/skaitytaknyga.lt\/en\/wp-json\/wp\/v2\/media?parent=20798"}],"wp:term":[{"taxonomy":"product_brand","embeddable":true,"href":"https:\/\/skaitytaknyga.lt\/en\/wp-json\/wp\/v2\/product_brand?post=20798"},{"taxonomy":"product_cat","embeddable":true,"href":"https:\/\/skaitytaknyga.lt\/en\/wp-json\/wp\/v2\/product_cat?post=20798"},{"taxonomy":"product_tag","embeddable":true,"href":"https:\/\/skaitytaknyga.lt\/en\/wp-json\/wp\/v2\/product_tag?post=20798"}],"curies":[{"name":"wp","href":"https:\/\/api.w.org\/{rel}","templated":true}]}}