{"id":20786,"date":"2025-09-13T15:44:16","date_gmt":"2025-09-13T12:44:16","guid":{"rendered":"https:\/\/skaitytaknyga.lt\/?post_type=product&#038;p=20786"},"modified":"2026-01-12T00:48:08","modified_gmt":"2026-01-11T22:48:08","slug":"ausvico-tatuiruotojas","status":"publish","type":"product","link":"https:\/\/skaitytaknyga.lt\/en\/produktas\/ausvico-tatuiruotojas\/","title":{"rendered":"Au\u0161vico tatuiruotojas {pagelt\u0119 lapai)"},"content":{"rendered":"<p>Austral\u0173 autor\u0117 Heather Morris savo pirmajame romane \u201eAu\u0161vico tatuiruotojas\u201c i\u0161 u\u017emar\u0161ties prikelia skaud\u017ei\u0105 istorij\u0105, \u012fkv\u0117pt\u0105 reali\u0173 istorini\u0173 \u012fvyki\u0173. Knyga \u2013 dar vienas Holokausto, pra\u017eud\u017eiusio ir suluo\u0161inusio milijon\u0173 \u017emoni\u0173 likimus, liudijimas. Ra\u0161ytoja u\u017era\u0161\u0117 meil\u0117s ir dr\u0105sos kupin\u0105 pasakojim\u0105, kur\u012f jai atskleid\u0117 Leilas Sokolovas \u2013 \u012fkalinim\u0105 Au\u0161vico koncentracijos stovykloje i\u0161gyven\u0119 tatuiruotojas.<\/p>\n<p>Leilas Sokolovas \u2013 reali asmenyb\u0117. Slovakijoje gim\u0119s \u017eydas, kartu su t\u016bkstan\u010diais kit\u0173, 1942-ais metais i\u0161ve\u017etas \u012f Au\u0161vico koncentracijos stovykl\u0105 Lenkijoje. Nors anks\u010diau jis netur\u0117jo nieko bendro su tatuiravimu, stovykloje jam buvo skirta s\u0105lyginai privilegijuota tatuiruotojo pareiga. U\u017eduotis \u2013 ant rie\u0161o ra\u0161alu i\u0161badyti kiekvieno naujo nuteistojo numer\u012f.<\/p>\n<p>Daugiau nei dvejus su puse met\u0173 kalintas Leilas Sokolovas mat\u0117 ne\u017emoni\u0161kus \u017eiaurumus ir barbari\u0161k\u0105 elges\u012f su \u017emon\u0117mis. Taip pat jis tapo ne\u012ftik\u0117tinos dr\u0105sos ir gailestingumo liudininku. Rizikuodamas gyvybe Leilas naudojosi savo palyginti privilegijuota pad\u0117timi koncentracijos stovykloje ir nu\u017eudyt\u0173 \u017eyd\u0173 pinigus bei brangenybes keit\u0117 \u012f maist\u0105, kad pagelb\u0117t\u0173 drauge kalinamiems nelaim\u0117liams.<\/p>\n<p>Leilo pad\u0117tis buvo \u0161iek tiek geresn\u0117, nei kit\u0173 kalini\u0173, ta\u010diau jis i\u0161naudojo kiekvien\u0105 prog\u0105 pad\u0117ti kitiems. Kart\u0105 dirbdamas jis tur\u0117jo i\u0161badyti skai\u010di\u0173 ant i\u0161sigandusios merginos rie\u0161o. Merginos, kuri i\u0161 karto krito jam \u012f ak\u012f ir \u0161ird\u012f. Gita tampa Leilo \u0161vyturiu ir vilties simboliu. Tatuiruotojas atranda tiksl\u0105 gyventi \u2013 jis padarys visk\u0105, kad jie i\u0161sigelb\u0117t\u0173 ir sukurt\u0173 \u0161eim\u0105.<\/p>\n<p>Skai\u010diai, kuriais naciai \u017eym\u0117jo \u017emones, nu\u017emogino \u017eydus ir sutrauk\u0117 j\u0173 asmenybes iki numerio. Leilas Sokolovas \u2013 pagrindinis romano veik\u0117jas \u2013 kal\u0117damas i\u0161tatuiravo t\u016bkstan\u010dius numeri\u0173. Knyga \u2013 daugelio j\u0173 likimo istorija ir dar vienas \u017eiauriausio istorijoje nusikaltimo liudijimas, kuriame \u0161vie\u010dia vilties ir meil\u0117s spindulys.<\/p>\n","protected":false},"excerpt":{"rendered":"<p>Austral\u0173 autor\u0117 Heather Morris savo pirmajame romane \u201eAu\u0161vico tatuiruotojas\u201c i\u0161 u\u017emar\u0161ties prikelia skaud\u017ei\u0105 istorij\u0105, \u012fkv\u0117pt\u0105 reali\u0173 istorini\u0173 \u012fvyki\u0173. Knyga \u2013 dar vienas Holokausto, pra\u017eud\u017eiusio ir suluo\u0161inusio milijon\u0173 \u017emoni\u0173 likimus, liudijimas. Ra\u0161ytoja u\u017era\u0161\u0117 meil\u0117s ir dr\u0105sos kupin\u0105 pasakojim\u0105, kur\u012f jai atskleid\u0117 Leilas Sokolovas \u2013 \u012fkalinim\u0105 Au\u0161vico koncentracijos stovykloje i\u0161gyven\u0119 tatuiruotojas. Leilas Sokolovas \u2013 reali asmenyb\u0117. Slovakijoje gim\u0119s \u017eydas, kartu su t\u016bkstan\u010diais kit\u0173, 1942-ais metais i\u0161ve\u017etas \u012f Au\u0161vico koncentracijos stovykl\u0105 Lenkijoje. Nors anks\u010diau jis netur\u0117jo nieko bendro su tatuiravimu, stovykloje jam buvo skirta s\u0105lyginai privilegijuota tatuiruotojo pareiga. U\u017eduotis \u2013 ant rie\u0161o ra\u0161alu i\u0161badyti kiekvieno naujo nuteistojo numer\u012f. Daugiau nei dvejus su puse met\u0173 kalintas Leilas Sokolovas mat\u0117 ne\u017emoni\u0161kus \u017eiaurumus ir barbari\u0161k\u0105 elges\u012f su \u017emon\u0117mis. Taip pat jis tapo ne\u012ftik\u0117tinos dr\u0105sos ir gailestingumo liudininku. Rizikuodamas gyvybe Leilas naudojosi savo palyginti privilegijuota pad\u0117timi koncentracijos stovykloje ir nu\u017eudyt\u0173 \u017eyd\u0173 pinigus bei brangenybes keit\u0117 \u012f maist\u0105, kad pagelb\u0117t\u0173 drauge kalinamiems nelaim\u0117liams. Leilo pad\u0117tis buvo \u0161iek tiek geresn\u0117, nei kit\u0173 kalini\u0173, ta\u010diau jis i\u0161naudojo kiekvien\u0105 prog\u0105 pad\u0117ti kitiems. Kart\u0105 dirbdamas jis tur\u0117jo i\u0161badyti skai\u010di\u0173 ant i\u0161sigandusios merginos rie\u0161o. Merginos, kuri i\u0161 karto krito jam \u012f ak\u012f ir \u0161ird\u012f. Gita tampa Leilo \u0161vyturiu ir vilties simboliu. Tatuiruotojas atranda tiksl\u0105 gyventi \u2013 jis padarys visk\u0105, kad jie i\u0161sigelb\u0117t\u0173 ir sukurt\u0173 \u0161eim\u0105. Skai\u010diai, kuriais naciai \u017eym\u0117jo \u017emones, nu\u017emogino \u017eydus ir sutrauk\u0117 j\u0173 asmenybes iki numerio. Leilas Sokolovas \u2013 pagrindinis romano veik\u0117jas \u2013 kal\u0117damas i\u0161tatuiravo t\u016bkstan\u010dius numeri\u0173. Knyga \u2013 daugelio j\u0173 likimo istorija ir dar vienas \u017eiauriausio istorijoje nusikaltimo liudijimas, kuriame \u0161vie\u010dia vilties ir meil\u0117s spindulys.<\/p>\n","protected":false},"featured_media":20797,"comment_status":"open","ping_status":"closed","template":"","meta":{"_acf_changed":false,"site-sidebar-layout":"default","site-content-layout":"","ast-site-content-layout":"default","site-content-style":"default","site-sidebar-style":"default","ast-global-header-display":"","ast-banner-title-visibility":"","ast-main-header-display":"","ast-hfb-above-header-display":"","ast-hfb-below-header-display":"","ast-hfb-mobile-header-display":"","site-post-title":"","ast-breadcrumbs-content":"","ast-featured-img":"","footer-sml-layout":"","ast-disable-related-posts":"","theme-transparent-header-meta":"","adv-header-id-meta":"","stick-header-meta":"","header-above-stick-meta":"","header-main-stick-meta":"","header-below-stick-meta":"","astra-migrate-meta-layouts":"default","ast-page-background-enabled":"default","ast-page-background-meta":{"desktop":{"background-color":"","background-image":"","background-repeat":"repeat","background-position":"center center","background-size":"auto","background-attachment":"scroll","background-type":"","background-media":"","overlay-type":"","overlay-color":"","overlay-opacity":"","overlay-gradient":""},"tablet":{"background-color":"","background-image":"","background-repeat":"repeat","background-position":"center center","background-size":"auto","background-attachment":"scroll","background-type":"","background-media":"","overlay-type":"","overlay-color":"","overlay-opacity":"","overlay-gradient":""},"mobile":{"background-color":"","background-image":"","background-repeat":"repeat","background-position":"center center","background-size":"auto","background-attachment":"scroll","background-type":"","background-media":"","overlay-type":"","overlay-color":"","overlay-opacity":"","overlay-gradient":""}},"ast-content-background-meta":{"desktop":{"background-color":"var(--ast-global-color-4)","background-image":"","background-repeat":"repeat","background-position":"center center","background-size":"auto","background-attachment":"scroll","background-type":"","background-media":"","overlay-type":"","overlay-color":"","overlay-opacity":"","overlay-gradient":""},"tablet":{"background-color":"var(--ast-global-color-4)","background-image":"","background-repeat":"repeat","background-position":"center center","background-size":"auto","background-attachment":"scroll","background-type":"","background-media":"","overlay-type":"","overlay-color":"","overlay-opacity":"","overlay-gradient":""},"mobile":{"background-color":"var(--ast-global-color-4)","background-image":"","background-repeat":"repeat","background-position":"center center","background-size":"auto","background-attachment":"scroll","background-type":"","background-media":"","overlay-type":"","overlay-color":"","overlay-opacity":"","overlay-gradient":""}}},"product_brand":[],"product_cat":[31],"product_tag":[8692,2056,8691,3705,2069,1796,8788],"class_list":{"0":"post-20786","1":"product","2":"type-product","3":"status-publish","4":"has-post-thumbnail","6":"product_cat-grozine-literatura","7":"product_tag-ausvicas","8":"product_tag-drasa","9":"product_tag-heather-morris","10":"product_tag-holokaustas","11":"product_tag-istorinis-romanas","12":"product_tag-meile","13":"product_tag-sokolovas","14":"desktop-align-left","15":"tablet-align-left","16":"mobile-align-left","18":"first","19":"outofstock","20":"shipping-taxable","21":"purchasable","22":"product-type-simple"},"acf":[],"yoast_head":"<!-- This site is optimized with the Yoast SEO plugin v27.0 - https:\/\/yoast.com\/product\/yoast-seo-wordpress\/ -->\n<title>Au\u0161vico tatuiruotojas {pagelt\u0119 lapai)<\/title>\n<meta name=\"description\" content=\"Austral\u0173 autor\u0117 Heather Morris savo pirmajame romane \u201eAu\u0161vico tatuiruotojas\u201c i\u0161 u\u017emar\u0161ties prikelia skaud\u017ei\u0105 istorij\u0105, \u012fkv\u0117pt\u0105 reali\u0173 istorini\u0173 \u012fvyki\u0173.\" \/>\n<meta name=\"robots\" content=\"index, follow, max-snippet:-1, max-image-preview:large, max-video-preview:-1\" \/>\n<link rel=\"canonical\" href=\"https:\/\/skaitytaknyga.lt\/en\/produktas\/ausvico-tatuiruotojas\/\" \/>\n<meta property=\"og:locale\" content=\"en_GB\" \/>\n<meta property=\"og:locale:alternate\" content=\"lt_LT\" \/>\n<meta property=\"og:type\" content=\"article\" \/>\n<meta property=\"og:title\" content=\"Au\u0161vico tatuiruotojas {pagelt\u0119 lapai)\" \/>\n<meta property=\"og:description\" content=\"Austral\u0173 autor\u0117 Heather Morris savo pirmajame romane \u201eAu\u0161vico tatuiruotojas\u201c i\u0161 u\u017emar\u0161ties prikelia skaud\u017ei\u0105 istorij\u0105, \u012fkv\u0117pt\u0105 reali\u0173 istorini\u0173 \u012fvyki\u0173.\" \/>\n<meta property=\"og:url\" content=\"https:\/\/skaitytaknyga.lt\/en\/produktas\/ausvico-tatuiruotojas\/\" \/>\n<meta property=\"og:site_name\" content=\"Skaitytaknyga\" \/>\n<meta property=\"article:publisher\" content=\"https:\/\/www.facebook.com\/skaitytaknyga\/\" \/>\n<meta property=\"article:modified_time\" content=\"2026-01-11T22:48:08+00:00\" \/>\n<meta property=\"og:image\" content=\"https:\/\/skaitytaknyga.lt\/wp-content\/uploads\/2025\/09\/Ausvico-tatuiruotojas.webp\" \/>\n\t<meta property=\"og:image:width\" content=\"300\" \/>\n\t<meta property=\"og:image:height\" content=\"435\" \/>\n\t<meta property=\"og:image:type\" content=\"image\/webp\" \/>\n<meta name=\"twitter:card\" content=\"summary_large_image\" \/>\n<meta name=\"twitter:label1\" content=\"Estimated reading time\" \/>\n\t<meta name=\"twitter:data1\" content=\"1 minute\" \/>\n<script type=\"application\/ld+json\" class=\"yoast-schema-graph\">{\"@context\":\"https:\/\/schema.org\",\"@graph\":[{\"@type\":\"WebPage\",\"@id\":\"https:\/\/skaitytaknyga.lt\/produktas\/ausvico-tatuiruotojas\/\",\"url\":\"https:\/\/skaitytaknyga.lt\/produktas\/ausvico-tatuiruotojas\/\",\"name\":\"Au\u0161vico tatuiruotojas {pagelt\u0119 lapai)\",\"isPartOf\":{\"@id\":\"https:\/\/skaitytaknyga.lt\/#website\"},\"primaryImageOfPage\":{\"@id\":\"https:\/\/skaitytaknyga.lt\/produktas\/ausvico-tatuiruotojas\/#primaryimage\"},\"image\":{\"@id\":\"https:\/\/skaitytaknyga.lt\/produktas\/ausvico-tatuiruotojas\/#primaryimage\"},\"thumbnailUrl\":\"https:\/\/skaitytaknyga.lt\/wp-content\/uploads\/2025\/09\/Ausvico-tatuiruotojas.webp\",\"datePublished\":\"2025-09-13T12:44:16+00:00\",\"dateModified\":\"2026-01-11T22:48:08+00:00\",\"description\":\"Austral\u0173 autor\u0117 Heather Morris savo pirmajame romane \u201eAu\u0161vico tatuiruotojas\u201c i\u0161 u\u017emar\u0161ties prikelia skaud\u017ei\u0105 istorij\u0105, \u012fkv\u0117pt\u0105 reali\u0173 istorini\u0173 \u012fvyki\u0173.\",\"breadcrumb\":{\"@id\":\"https:\/\/skaitytaknyga.lt\/produktas\/ausvico-tatuiruotojas\/#breadcrumb\"},\"inLanguage\":\"en-GB\",\"potentialAction\":[{\"@type\":\"ReadAction\",\"target\":[\"https:\/\/skaitytaknyga.lt\/produktas\/ausvico-tatuiruotojas\/\"]}]},{\"@type\":\"ImageObject\",\"inLanguage\":\"en-GB\",\"@id\":\"https:\/\/skaitytaknyga.lt\/produktas\/ausvico-tatuiruotojas\/#primaryimage\",\"url\":\"https:\/\/skaitytaknyga.lt\/wp-content\/uploads\/2025\/09\/Ausvico-tatuiruotojas.webp\",\"contentUrl\":\"https:\/\/skaitytaknyga.lt\/wp-content\/uploads\/2025\/09\/Ausvico-tatuiruotojas.webp\",\"width\":300,\"height\":435},{\"@type\":\"BreadcrumbList\",\"@id\":\"https:\/\/skaitytaknyga.lt\/produktas\/ausvico-tatuiruotojas\/#breadcrumb\",\"itemListElement\":[{\"@type\":\"ListItem\",\"position\":1,\"name\":\"Home\",\"item\":\"https:\/\/skaitytaknyga.lt\/\"},{\"@type\":\"ListItem\",\"position\":2,\"name\":\"Parduotuv\u0117\",\"item\":\"https:\/\/skaitytaknyga.lt\/knygu-parduotuve\/\"},{\"@type\":\"ListItem\",\"position\":3,\"name\":\"Au\u0161vico tatuiruotojas {pagelt\u0119 lapai)\"}]},{\"@type\":\"WebSite\",\"@id\":\"https:\/\/skaitytaknyga.lt\/#website\",\"url\":\"https:\/\/skaitytaknyga.lt\/\",\"name\":\"skaitytaknyga.lt\",\"description\":\"Skaitytaknyga.lt \u2013 tai ma\u017eas \u0161eimos verslas, kuris prasid\u0117jo nuo meil\u0117s knygoms ir siekio i\u0161gelb\u0117ti knygas nuo likimo prie konteinerio. Kas vienam nereikalingas daiktas \u2013 kitam lobis, o mes esame tarpininkai, kurie padeda abiems tapti laimingesniems ???? \u017dinome kaip nelengva i\u0161gyventi ma\u017eiems verslams, tad nuo \u0161iol, \u010dia rasite ir kit\u0173, ma\u017e\u0173 \u0161eim\u0173 versl\u0173, rank\u0173 darbo, dovan\u0173 sau ir artimiesiems.\",\"publisher\":{\"@id\":\"https:\/\/skaitytaknyga.lt\/#organization\"},\"potentialAction\":[{\"@type\":\"SearchAction\",\"target\":{\"@type\":\"EntryPoint\",\"urlTemplate\":\"https:\/\/skaitytaknyga.lt\/?s={search_term_string}\"},\"query-input\":{\"@type\":\"PropertyValueSpecification\",\"valueRequired\":true,\"valueName\":\"search_term_string\"}}],\"inLanguage\":\"en-GB\"},{\"@type\":\"Organization\",\"@id\":\"https:\/\/skaitytaknyga.lt\/#organization\",\"name\":\"skaitytaknyga.lt\",\"url\":\"https:\/\/skaitytaknyga.lt\/\",\"logo\":{\"@type\":\"ImageObject\",\"inLanguage\":\"en-GB\",\"@id\":\"https:\/\/skaitytaknyga.lt\/#\/schema\/logo\/image\/\",\"url\":\"https:\/\/skaitytaknyga.lt\/wp-content\/uploads\/2024\/05\/cropped-cropped-cropped-02_00843_jt3bggkj1j3HLc7SyY6rEUpg.jpeg\",\"contentUrl\":\"https:\/\/skaitytaknyga.lt\/wp-content\/uploads\/2024\/05\/cropped-cropped-cropped-02_00843_jt3bggkj1j3HLc7SyY6rEUpg.jpeg\",\"width\":1600,\"height\":1600,\"caption\":\"skaitytaknyga.lt\"},\"image\":{\"@id\":\"https:\/\/skaitytaknyga.lt\/#\/schema\/logo\/image\/\"},\"sameAs\":[\"https:\/\/www.facebook.com\/skaitytaknyga\/\"]}]}<\/script>\n<!-- \/ Yoast SEO plugin. -->","yoast_head_json":{"title":"Au\u0161vico tatuiruotojas {pagelt\u0119 lapai)","description":"Austral\u0173 autor\u0117 Heather Morris savo pirmajame romane \u201eAu\u0161vico tatuiruotojas\u201c i\u0161 u\u017emar\u0161ties prikelia skaud\u017ei\u0105 istorij\u0105, \u012fkv\u0117pt\u0105 reali\u0173 istorini\u0173 \u012fvyki\u0173.","robots":{"index":"index","follow":"follow","max-snippet":"max-snippet:-1","max-image-preview":"max-image-preview:large","max-video-preview":"max-video-preview:-1"},"canonical":"https:\/\/skaitytaknyga.lt\/en\/produktas\/ausvico-tatuiruotojas\/","og_locale":"en_GB","og_type":"article","og_title":"[:lt]Au\u0161vico tatuiruotojas {pagelt\u0119 lapai)[:] - Skaitytaknyga","og_description":"Austral\u0173 autor\u0117 Heather Morris savo pirmajame romane \u201eAu\u0161vico tatuiruotojas\u201c i\u0161 u\u017emar\u0161ties prikelia skaud\u017ei\u0105 istorij\u0105, \u012fkv\u0117pt\u0105 reali\u0173 istorini\u0173 \u012fvyki\u0173.","og_url":"https:\/\/skaitytaknyga.lt\/en\/produktas\/ausvico-tatuiruotojas\/","og_site_name":"Skaitytaknyga","article_publisher":"https:\/\/www.facebook.com\/skaitytaknyga\/","article_modified_time":"2026-01-11T22:48:08+00:00","og_image":[{"width":300,"height":435,"url":"https:\/\/skaitytaknyga.lt\/wp-content\/uploads\/2025\/09\/Ausvico-tatuiruotojas.webp","type":"image\/webp"}],"twitter_card":"summary_large_image","twitter_misc":{"Estimated reading time":"1 minute"},"schema":{"@context":"https:\/\/schema.org","@graph":[{"@type":"WebPage","@id":"https:\/\/skaitytaknyga.lt\/produktas\/ausvico-tatuiruotojas\/","url":"https:\/\/skaitytaknyga.lt\/produktas\/ausvico-tatuiruotojas\/","name":"Au\u0161vico tatuiruotojas {pagelt\u0119 lapai)","isPartOf":{"@id":"https:\/\/skaitytaknyga.lt\/#website"},"primaryImageOfPage":{"@id":"https:\/\/skaitytaknyga.lt\/produktas\/ausvico-tatuiruotojas\/#primaryimage"},"image":{"@id":"https:\/\/skaitytaknyga.lt\/produktas\/ausvico-tatuiruotojas\/#primaryimage"},"thumbnailUrl":"https:\/\/skaitytaknyga.lt\/wp-content\/uploads\/2025\/09\/Ausvico-tatuiruotojas.webp","datePublished":"2025-09-13T12:44:16+00:00","dateModified":"2026-01-11T22:48:08+00:00","description":"Austral\u0173 autor\u0117 Heather Morris savo pirmajame romane \u201eAu\u0161vico tatuiruotojas\u201c i\u0161 u\u017emar\u0161ties prikelia skaud\u017ei\u0105 istorij\u0105, \u012fkv\u0117pt\u0105 reali\u0173 istorini\u0173 \u012fvyki\u0173.","breadcrumb":{"@id":"https:\/\/skaitytaknyga.lt\/produktas\/ausvico-tatuiruotojas\/#breadcrumb"},"inLanguage":"en-GB","potentialAction":[{"@type":"ReadAction","target":["https:\/\/skaitytaknyga.lt\/produktas\/ausvico-tatuiruotojas\/"]}]},{"@type":"ImageObject","inLanguage":"en-GB","@id":"https:\/\/skaitytaknyga.lt\/produktas\/ausvico-tatuiruotojas\/#primaryimage","url":"https:\/\/skaitytaknyga.lt\/wp-content\/uploads\/2025\/09\/Ausvico-tatuiruotojas.webp","contentUrl":"https:\/\/skaitytaknyga.lt\/wp-content\/uploads\/2025\/09\/Ausvico-tatuiruotojas.webp","width":300,"height":435},{"@type":"BreadcrumbList","@id":"https:\/\/skaitytaknyga.lt\/produktas\/ausvico-tatuiruotojas\/#breadcrumb","itemListElement":[{"@type":"ListItem","position":1,"name":"Home","item":"https:\/\/skaitytaknyga.lt\/"},{"@type":"ListItem","position":2,"name":"Parduotuv\u0117","item":"https:\/\/skaitytaknyga.lt\/knygu-parduotuve\/"},{"@type":"ListItem","position":3,"name":"Au\u0161vico tatuiruotojas {pagelt\u0119 lapai)"}]},{"@type":"WebSite","@id":"https:\/\/skaitytaknyga.lt\/#website","url":"https:\/\/skaitytaknyga.lt\/","name":"skaitytaknyga.lt","description":"Skaitytaknyga.lt \u2013 tai ma\u017eas \u0161eimos verslas, kuris prasid\u0117jo nuo meil\u0117s knygoms ir siekio i\u0161gelb\u0117ti knygas nuo likimo prie konteinerio. Kas vienam nereikalingas daiktas \u2013 kitam lobis, o mes esame tarpininkai, kurie padeda abiems tapti laimingesniems ???? \u017dinome kaip nelengva i\u0161gyventi ma\u017eiems verslams, tad nuo \u0161iol, \u010dia rasite ir kit\u0173, ma\u017e\u0173 \u0161eim\u0173 versl\u0173, rank\u0173 darbo, dovan\u0173 sau ir artimiesiems.","publisher":{"@id":"https:\/\/skaitytaknyga.lt\/#organization"},"potentialAction":[{"@type":"SearchAction","target":{"@type":"EntryPoint","urlTemplate":"https:\/\/skaitytaknyga.lt\/?s={search_term_string}"},"query-input":{"@type":"PropertyValueSpecification","valueRequired":true,"valueName":"search_term_string"}}],"inLanguage":"en-GB"},{"@type":"Organization","@id":"https:\/\/skaitytaknyga.lt\/#organization","name":"skaitytaknyga.lt","url":"https:\/\/skaitytaknyga.lt\/","logo":{"@type":"ImageObject","inLanguage":"en-GB","@id":"https:\/\/skaitytaknyga.lt\/#\/schema\/logo\/image\/","url":"https:\/\/skaitytaknyga.lt\/wp-content\/uploads\/2024\/05\/cropped-cropped-cropped-02_00843_jt3bggkj1j3HLc7SyY6rEUpg.jpeg","contentUrl":"https:\/\/skaitytaknyga.lt\/wp-content\/uploads\/2024\/05\/cropped-cropped-cropped-02_00843_jt3bggkj1j3HLc7SyY6rEUpg.jpeg","width":1600,"height":1600,"caption":"skaitytaknyga.lt"},"image":{"@id":"https:\/\/skaitytaknyga.lt\/#\/schema\/logo\/image\/"},"sameAs":["https:\/\/www.facebook.com\/skaitytaknyga\/"]}]}},"_links":{"self":[{"href":"https:\/\/skaitytaknyga.lt\/en\/wp-json\/wp\/v2\/product\/20786","targetHints":{"allow":["GET"]}}],"collection":[{"href":"https:\/\/skaitytaknyga.lt\/en\/wp-json\/wp\/v2\/product"}],"about":[{"href":"https:\/\/skaitytaknyga.lt\/en\/wp-json\/wp\/v2\/types\/product"}],"replies":[{"embeddable":true,"href":"https:\/\/skaitytaknyga.lt\/en\/wp-json\/wp\/v2\/comments?post=20786"}],"wp:featuredmedia":[{"embeddable":true,"href":"https:\/\/skaitytaknyga.lt\/en\/wp-json\/wp\/v2\/media\/20797"}],"wp:attachment":[{"href":"https:\/\/skaitytaknyga.lt\/en\/wp-json\/wp\/v2\/media?parent=20786"}],"wp:term":[{"taxonomy":"product_brand","embeddable":true,"href":"https:\/\/skaitytaknyga.lt\/en\/wp-json\/wp\/v2\/product_brand?post=20786"},{"taxonomy":"product_cat","embeddable":true,"href":"https:\/\/skaitytaknyga.lt\/en\/wp-json\/wp\/v2\/product_cat?post=20786"},{"taxonomy":"product_tag","embeddable":true,"href":"https:\/\/skaitytaknyga.lt\/en\/wp-json\/wp\/v2\/product_tag?post=20786"}],"curies":[{"name":"wp","href":"https:\/\/api.w.org\/{rel}","templated":true}]}}