{"id":20785,"date":"2025-09-13T15:44:16","date_gmt":"2025-09-13T12:44:16","guid":{"rendered":"https:\/\/skaitytaknyga.lt\/?post_type=product&#038;p=20785"},"modified":"2026-03-05T13:10:33","modified_gmt":"2026-03-05T11:10:33","slug":"zudiko-kailyje","status":"publish","type":"product","link":"https:\/\/skaitytaknyga.lt\/en\/produktas\/zudiko-kailyje\/","title":{"rendered":"\u017dudiko kailyje {pagelt\u0119 lapai)"},"content":{"rendered":"<p>\u201eNew York Times&#8221; ir \u201eWashington Post&#8221; bestseleris \u2013 trileris apie serijin\u012f \u017eudik\u0105, kuris privers susim\u0105styti, ar praeitis i\u0161 ties\u0173 lieka praeityje?<\/p>\n<p>\u010cikagoje surandami trij\u0173 moter\u0173 lavonai: jos buvo pasmaugtos, u\u017ebalzamuotos ir paliktos tokiomis pozomis, tarsi b\u016bt\u0173 gyvos. Abejodamas vietinio psichologini\u0173 portret\u0173 k\u016br\u0117jo \u012f\u017evalgomis, FTB kreipiasi pagalbos \u012f teismo psicholog\u0119 ekspert\u0119 Zoj\u0105 Bentli.<\/p>\n<p>Zojos bendradarbiavimas su naujuoju partneriu, specialiuoju agentu Teitumu Gr\u0117jumi prasideda nekaip. Zoja yra med\u017eiotoja, susitelkusi ir skvarbaus proto, o Teitumas \u2013 kiek pasip\u016bt\u0119s agentas, besilaikantis savoti\u0161k\u0173 metod\u0173 ir ne itin gerbiantis taisykles. Kartu jiems teks pabandyti pa\u017evelgti \u012f serijinio \u017eudiko vid\u0173 ir i\u0161narplioti jo i\u0161kryp\u0117li\u0161kas fantazijas, kitaip mirs dar daugiau moter\u0173. Ta\u010diau atsiradus trims vokams, kurie nutiesia ry\u0161\u012f su \u0161iurpiomis \u017emog\u017eudyst\u0117mis i\u0161 Zojos vaikyst\u0117s, med\u017eiotoja staiga tampa med\u017eiojam\u0105ja.<\/p>\n","protected":false},"excerpt":{"rendered":"<p>\u201eNew York Times&#8221; ir \u201eWashington Post&#8221; bestseleris \u2013 trileris apie serijin\u012f \u017eudik\u0105, kuris privers susim\u0105styti, ar praeitis i\u0161 ties\u0173 lieka praeityje? \u010cikagoje surandami trij\u0173 moter\u0173 lavonai: jos buvo pasmaugtos, u\u017ebalzamuotos ir paliktos tokiomis pozomis, tarsi b\u016bt\u0173 gyvos. Abejodamas vietinio psichologini\u0173 portret\u0173 k\u016br\u0117jo \u012f\u017evalgomis, FTB kreipiasi pagalbos \u012f teismo psicholog\u0119 ekspert\u0119 Zoj\u0105 Bentli. Zojos bendradarbiavimas su naujuoju partneriu, specialiuoju agentu Teitumu Gr\u0117jumi prasideda nekaip. Zoja yra med\u017eiotoja, susitelkusi ir skvarbaus proto, o Teitumas \u2013 kiek pasip\u016bt\u0119s agentas, besilaikantis savoti\u0161k\u0173 metod\u0173 ir ne itin gerbiantis taisykles. Kartu jiems teks pabandyti pa\u017evelgti \u012f serijinio \u017eudiko vid\u0173 ir i\u0161narplioti jo i\u0161kryp\u0117li\u0161kas fantazijas, kitaip mirs dar daugiau moter\u0173. Ta\u010diau atsiradus trims vokams, kurie nutiesia ry\u0161\u012f su \u0161iurpiomis \u017emog\u017eudyst\u0117mis i\u0161 Zojos vaikyst\u0117s, med\u017eiotoja staiga tampa med\u017eiojam\u0105ja.<\/p>\n","protected":false},"featured_media":20796,"comment_status":"open","ping_status":"closed","template":"","meta":{"_acf_changed":false,"site-sidebar-layout":"default","site-content-layout":"","ast-site-content-layout":"default","site-content-style":"default","site-sidebar-style":"default","ast-global-header-display":"","ast-banner-title-visibility":"","ast-main-header-display":"","ast-hfb-above-header-display":"","ast-hfb-below-header-display":"","ast-hfb-mobile-header-display":"","site-post-title":"","ast-breadcrumbs-content":"","ast-featured-img":"","footer-sml-layout":"","ast-disable-related-posts":"","theme-transparent-header-meta":"","adv-header-id-meta":"","stick-header-meta":"","header-above-stick-meta":"","header-main-stick-meta":"","header-below-stick-meta":"","astra-migrate-meta-layouts":"default","ast-page-background-enabled":"default","ast-page-background-meta":{"desktop":{"background-color":"","background-image":"","background-repeat":"repeat","background-position":"center center","background-size":"auto","background-attachment":"scroll","background-type":"","background-media":"","overlay-type":"","overlay-color":"","overlay-opacity":"","overlay-gradient":""},"tablet":{"background-color":"","background-image":"","background-repeat":"repeat","background-position":"center center","background-size":"auto","background-attachment":"scroll","background-type":"","background-media":"","overlay-type":"","overlay-color":"","overlay-opacity":"","overlay-gradient":""},"mobile":{"background-color":"","background-image":"","background-repeat":"repeat","background-position":"center center","background-size":"auto","background-attachment":"scroll","background-type":"","background-media":"","overlay-type":"","overlay-color":"","overlay-opacity":"","overlay-gradient":""}},"ast-content-background-meta":{"desktop":{"background-color":"var(--ast-global-color-4)","background-image":"","background-repeat":"repeat","background-position":"center center","background-size":"auto","background-attachment":"scroll","background-type":"","background-media":"","overlay-type":"","overlay-color":"","overlay-opacity":"","overlay-gradient":""},"tablet":{"background-color":"var(--ast-global-color-4)","background-image":"","background-repeat":"repeat","background-position":"center center","background-size":"auto","background-attachment":"scroll","background-type":"","background-media":"","overlay-type":"","overlay-color":"","overlay-opacity":"","overlay-gradient":""},"mobile":{"background-color":"var(--ast-global-color-4)","background-image":"","background-repeat":"repeat","background-position":"center center","background-size":"auto","background-attachment":"scroll","background-type":"","background-media":"","overlay-type":"","overlay-color":"","overlay-opacity":"","overlay-gradient":""}}},"product_brand":[],"product_cat":[9581],"product_tag":[1476,8679,8550,8787,1392,3982,1587],"class_list":{"0":"post-20785","1":"product","2":"type-product","3":"status-publish","4":"has-post-thumbnail","6":"product_cat-kriminaliniai-romanai","7":"product_tag-detektyvas","8":"product_tag-ftb","9":"product_tag-kriminalas","10":"product_tag-mike-omer","11":"product_tag-psichologija","12":"product_tag-serijinis-zudikas","13":"product_tag-trileris","14":"desktop-align-left","15":"tablet-align-left","16":"mobile-align-left","18":"first","19":"instock","20":"shipping-taxable","21":"purchasable","22":"product-type-simple"},"acf":[],"yoast_head":"<!-- This site is optimized with the Yoast SEO plugin v27.0 - https:\/\/yoast.com\/product\/yoast-seo-wordpress\/ -->\n<title>\u017dudiko kailyje {pagelt\u0119 lapai)<\/title>\n<meta name=\"description\" content=\"\u201eNew York Times&quot; ir \u201eWashington Post&quot; bestseleris \u2013 trileris apie serijin\u012f \u017eudik\u0105, kuris privers susim\u0105styti, ar praeitis i\u0161 ties\u0173 lieka praeityje?\" \/>\n<meta name=\"robots\" content=\"index, follow, max-snippet:-1, max-image-preview:large, max-video-preview:-1\" \/>\n<link rel=\"canonical\" href=\"https:\/\/skaitytaknyga.lt\/en\/produktas\/zudiko-kailyje\/\" \/>\n<meta property=\"og:locale\" content=\"en_GB\" \/>\n<meta property=\"og:locale:alternate\" content=\"lt_LT\" \/>\n<meta property=\"og:type\" content=\"article\" \/>\n<meta property=\"og:title\" content=\"\u017dudiko kailyje {pagelt\u0119 lapai)\" \/>\n<meta property=\"og:description\" content=\"\u201eNew York Times&quot; ir \u201eWashington Post&quot; bestseleris \u2013 trileris apie serijin\u012f \u017eudik\u0105, kuris privers susim\u0105styti, ar praeitis i\u0161 ties\u0173 lieka praeityje?\" \/>\n<meta property=\"og:url\" content=\"https:\/\/skaitytaknyga.lt\/en\/produktas\/zudiko-kailyje\/\" \/>\n<meta property=\"og:site_name\" content=\"Skaitytaknyga\" \/>\n<meta property=\"article:publisher\" content=\"https:\/\/www.facebook.com\/skaitytaknyga\/\" \/>\n<meta property=\"article:modified_time\" content=\"2026-03-05T11:10:33+00:00\" \/>\n<meta property=\"og:image\" content=\"https:\/\/skaitytaknyga.lt\/wp-content\/uploads\/2025\/09\/Zudiko-kailyje-1.webp\" \/>\n\t<meta property=\"og:image:width\" content=\"300\" \/>\n\t<meta property=\"og:image:height\" content=\"427\" \/>\n\t<meta property=\"og:image:type\" content=\"image\/webp\" \/>\n<meta name=\"twitter:card\" content=\"summary_large_image\" \/>\n<meta name=\"twitter:label1\" content=\"Estimated reading time\" \/>\n\t<meta name=\"twitter:data1\" content=\"1 minute\" \/>\n<script type=\"application\/ld+json\" class=\"yoast-schema-graph\">{\"@context\":\"https:\/\/schema.org\",\"@graph\":[{\"@type\":\"WebPage\",\"@id\":\"https:\/\/skaitytaknyga.lt\/produktas\/zudiko-kailyje\/\",\"url\":\"https:\/\/skaitytaknyga.lt\/produktas\/zudiko-kailyje\/\",\"name\":\"\u017dudiko kailyje {pagelt\u0119 lapai)\",\"isPartOf\":{\"@id\":\"https:\/\/skaitytaknyga.lt\/#website\"},\"primaryImageOfPage\":{\"@id\":\"https:\/\/skaitytaknyga.lt\/produktas\/zudiko-kailyje\/#primaryimage\"},\"image\":{\"@id\":\"https:\/\/skaitytaknyga.lt\/produktas\/zudiko-kailyje\/#primaryimage\"},\"thumbnailUrl\":\"https:\/\/skaitytaknyga.lt\/wp-content\/uploads\/2025\/09\/Zudiko-kailyje-1.webp\",\"datePublished\":\"2025-09-13T12:44:16+00:00\",\"dateModified\":\"2026-03-05T11:10:33+00:00\",\"description\":\"\u201eNew York Times\\\" ir \u201eWashington Post\\\" bestseleris \u2013 trileris apie serijin\u012f \u017eudik\u0105, kuris privers susim\u0105styti, ar praeitis i\u0161 ties\u0173 lieka praeityje?\",\"breadcrumb\":{\"@id\":\"https:\/\/skaitytaknyga.lt\/produktas\/zudiko-kailyje\/#breadcrumb\"},\"inLanguage\":\"en-GB\",\"potentialAction\":[{\"@type\":\"ReadAction\",\"target\":[\"https:\/\/skaitytaknyga.lt\/produktas\/zudiko-kailyje\/\"]}]},{\"@type\":\"ImageObject\",\"inLanguage\":\"en-GB\",\"@id\":\"https:\/\/skaitytaknyga.lt\/produktas\/zudiko-kailyje\/#primaryimage\",\"url\":\"https:\/\/skaitytaknyga.lt\/wp-content\/uploads\/2025\/09\/Zudiko-kailyje-1.webp\",\"contentUrl\":\"https:\/\/skaitytaknyga.lt\/wp-content\/uploads\/2025\/09\/Zudiko-kailyje-1.webp\",\"width\":300,\"height\":427,\"caption\":\"\u017dudiko kailyje\"},{\"@type\":\"BreadcrumbList\",\"@id\":\"https:\/\/skaitytaknyga.lt\/produktas\/zudiko-kailyje\/#breadcrumb\",\"itemListElement\":[{\"@type\":\"ListItem\",\"position\":1,\"name\":\"Home\",\"item\":\"https:\/\/skaitytaknyga.lt\/\"},{\"@type\":\"ListItem\",\"position\":2,\"name\":\"Parduotuv\u0117\",\"item\":\"https:\/\/skaitytaknyga.lt\/knygu-parduotuve\/\"},{\"@type\":\"ListItem\",\"position\":3,\"name\":\"\u017dudiko kailyje {pagelt\u0119 lapai)\"}]},{\"@type\":\"WebSite\",\"@id\":\"https:\/\/skaitytaknyga.lt\/#website\",\"url\":\"https:\/\/skaitytaknyga.lt\/\",\"name\":\"skaitytaknyga.lt\",\"description\":\"Skaitytaknyga.lt \u2013 tai ma\u017eas \u0161eimos verslas, kuris prasid\u0117jo nuo meil\u0117s knygoms ir siekio i\u0161gelb\u0117ti knygas nuo likimo prie konteinerio. Kas vienam nereikalingas daiktas \u2013 kitam lobis, o mes esame tarpininkai, kurie padeda abiems tapti laimingesniems ???? \u017dinome kaip nelengva i\u0161gyventi ma\u017eiems verslams, tad nuo \u0161iol, \u010dia rasite ir kit\u0173, ma\u017e\u0173 \u0161eim\u0173 versl\u0173, rank\u0173 darbo, dovan\u0173 sau ir artimiesiems.\",\"publisher\":{\"@id\":\"https:\/\/skaitytaknyga.lt\/#organization\"},\"potentialAction\":[{\"@type\":\"SearchAction\",\"target\":{\"@type\":\"EntryPoint\",\"urlTemplate\":\"https:\/\/skaitytaknyga.lt\/?s={search_term_string}\"},\"query-input\":{\"@type\":\"PropertyValueSpecification\",\"valueRequired\":true,\"valueName\":\"search_term_string\"}}],\"inLanguage\":\"en-GB\"},{\"@type\":\"Organization\",\"@id\":\"https:\/\/skaitytaknyga.lt\/#organization\",\"name\":\"skaitytaknyga.lt\",\"url\":\"https:\/\/skaitytaknyga.lt\/\",\"logo\":{\"@type\":\"ImageObject\",\"inLanguage\":\"en-GB\",\"@id\":\"https:\/\/skaitytaknyga.lt\/#\/schema\/logo\/image\/\",\"url\":\"https:\/\/skaitytaknyga.lt\/wp-content\/uploads\/2024\/05\/cropped-cropped-cropped-02_00843_jt3bggkj1j3HLc7SyY6rEUpg.jpeg\",\"contentUrl\":\"https:\/\/skaitytaknyga.lt\/wp-content\/uploads\/2024\/05\/cropped-cropped-cropped-02_00843_jt3bggkj1j3HLc7SyY6rEUpg.jpeg\",\"width\":1600,\"height\":1600,\"caption\":\"skaitytaknyga.lt\"},\"image\":{\"@id\":\"https:\/\/skaitytaknyga.lt\/#\/schema\/logo\/image\/\"},\"sameAs\":[\"https:\/\/www.facebook.com\/skaitytaknyga\/\"]}]}<\/script>\n<!-- \/ Yoast SEO plugin. -->","yoast_head_json":{"title":"\u017dudiko kailyje {pagelt\u0119 lapai)","description":"\u201eNew York Times\" ir \u201eWashington Post\" bestseleris \u2013 trileris apie serijin\u012f \u017eudik\u0105, kuris privers susim\u0105styti, ar praeitis i\u0161 ties\u0173 lieka praeityje?","robots":{"index":"index","follow":"follow","max-snippet":"max-snippet:-1","max-image-preview":"max-image-preview:large","max-video-preview":"max-video-preview:-1"},"canonical":"https:\/\/skaitytaknyga.lt\/en\/produktas\/zudiko-kailyje\/","og_locale":"en_GB","og_type":"article","og_title":"[:lt]\u017dudiko kailyje {pagelt\u0119 lapai)[:] - Skaitytaknyga","og_description":"\u201eNew York Times\" ir \u201eWashington Post\" bestseleris \u2013 trileris apie serijin\u012f \u017eudik\u0105, kuris privers susim\u0105styti, ar praeitis i\u0161 ties\u0173 lieka praeityje?","og_url":"https:\/\/skaitytaknyga.lt\/en\/produktas\/zudiko-kailyje\/","og_site_name":"Skaitytaknyga","article_publisher":"https:\/\/www.facebook.com\/skaitytaknyga\/","article_modified_time":"2026-03-05T11:10:33+00:00","og_image":[{"width":300,"height":427,"url":"https:\/\/skaitytaknyga.lt\/wp-content\/uploads\/2025\/09\/Zudiko-kailyje-1.webp","type":"image\/webp"}],"twitter_card":"summary_large_image","twitter_misc":{"Estimated reading time":"1 minute"},"schema":{"@context":"https:\/\/schema.org","@graph":[{"@type":"WebPage","@id":"https:\/\/skaitytaknyga.lt\/produktas\/zudiko-kailyje\/","url":"https:\/\/skaitytaknyga.lt\/produktas\/zudiko-kailyje\/","name":"\u017dudiko kailyje {pagelt\u0119 lapai)","isPartOf":{"@id":"https:\/\/skaitytaknyga.lt\/#website"},"primaryImageOfPage":{"@id":"https:\/\/skaitytaknyga.lt\/produktas\/zudiko-kailyje\/#primaryimage"},"image":{"@id":"https:\/\/skaitytaknyga.lt\/produktas\/zudiko-kailyje\/#primaryimage"},"thumbnailUrl":"https:\/\/skaitytaknyga.lt\/wp-content\/uploads\/2025\/09\/Zudiko-kailyje-1.webp","datePublished":"2025-09-13T12:44:16+00:00","dateModified":"2026-03-05T11:10:33+00:00","description":"\u201eNew York Times\" ir \u201eWashington Post\" bestseleris \u2013 trileris apie serijin\u012f \u017eudik\u0105, kuris privers susim\u0105styti, ar praeitis i\u0161 ties\u0173 lieka praeityje?","breadcrumb":{"@id":"https:\/\/skaitytaknyga.lt\/produktas\/zudiko-kailyje\/#breadcrumb"},"inLanguage":"en-GB","potentialAction":[{"@type":"ReadAction","target":["https:\/\/skaitytaknyga.lt\/produktas\/zudiko-kailyje\/"]}]},{"@type":"ImageObject","inLanguage":"en-GB","@id":"https:\/\/skaitytaknyga.lt\/produktas\/zudiko-kailyje\/#primaryimage","url":"https:\/\/skaitytaknyga.lt\/wp-content\/uploads\/2025\/09\/Zudiko-kailyje-1.webp","contentUrl":"https:\/\/skaitytaknyga.lt\/wp-content\/uploads\/2025\/09\/Zudiko-kailyje-1.webp","width":300,"height":427,"caption":"\u017dudiko kailyje"},{"@type":"BreadcrumbList","@id":"https:\/\/skaitytaknyga.lt\/produktas\/zudiko-kailyje\/#breadcrumb","itemListElement":[{"@type":"ListItem","position":1,"name":"Home","item":"https:\/\/skaitytaknyga.lt\/"},{"@type":"ListItem","position":2,"name":"Parduotuv\u0117","item":"https:\/\/skaitytaknyga.lt\/knygu-parduotuve\/"},{"@type":"ListItem","position":3,"name":"\u017dudiko kailyje {pagelt\u0119 lapai)"}]},{"@type":"WebSite","@id":"https:\/\/skaitytaknyga.lt\/#website","url":"https:\/\/skaitytaknyga.lt\/","name":"skaitytaknyga.lt","description":"Skaitytaknyga.lt \u2013 tai ma\u017eas \u0161eimos verslas, kuris prasid\u0117jo nuo meil\u0117s knygoms ir siekio i\u0161gelb\u0117ti knygas nuo likimo prie konteinerio. Kas vienam nereikalingas daiktas \u2013 kitam lobis, o mes esame tarpininkai, kurie padeda abiems tapti laimingesniems ???? \u017dinome kaip nelengva i\u0161gyventi ma\u017eiems verslams, tad nuo \u0161iol, \u010dia rasite ir kit\u0173, ma\u017e\u0173 \u0161eim\u0173 versl\u0173, rank\u0173 darbo, dovan\u0173 sau ir artimiesiems.","publisher":{"@id":"https:\/\/skaitytaknyga.lt\/#organization"},"potentialAction":[{"@type":"SearchAction","target":{"@type":"EntryPoint","urlTemplate":"https:\/\/skaitytaknyga.lt\/?s={search_term_string}"},"query-input":{"@type":"PropertyValueSpecification","valueRequired":true,"valueName":"search_term_string"}}],"inLanguage":"en-GB"},{"@type":"Organization","@id":"https:\/\/skaitytaknyga.lt\/#organization","name":"skaitytaknyga.lt","url":"https:\/\/skaitytaknyga.lt\/","logo":{"@type":"ImageObject","inLanguage":"en-GB","@id":"https:\/\/skaitytaknyga.lt\/#\/schema\/logo\/image\/","url":"https:\/\/skaitytaknyga.lt\/wp-content\/uploads\/2024\/05\/cropped-cropped-cropped-02_00843_jt3bggkj1j3HLc7SyY6rEUpg.jpeg","contentUrl":"https:\/\/skaitytaknyga.lt\/wp-content\/uploads\/2024\/05\/cropped-cropped-cropped-02_00843_jt3bggkj1j3HLc7SyY6rEUpg.jpeg","width":1600,"height":1600,"caption":"skaitytaknyga.lt"},"image":{"@id":"https:\/\/skaitytaknyga.lt\/#\/schema\/logo\/image\/"},"sameAs":["https:\/\/www.facebook.com\/skaitytaknyga\/"]}]}},"_links":{"self":[{"href":"https:\/\/skaitytaknyga.lt\/en\/wp-json\/wp\/v2\/product\/20785","targetHints":{"allow":["GET"]}}],"collection":[{"href":"https:\/\/skaitytaknyga.lt\/en\/wp-json\/wp\/v2\/product"}],"about":[{"href":"https:\/\/skaitytaknyga.lt\/en\/wp-json\/wp\/v2\/types\/product"}],"replies":[{"embeddable":true,"href":"https:\/\/skaitytaknyga.lt\/en\/wp-json\/wp\/v2\/comments?post=20785"}],"wp:featuredmedia":[{"embeddable":true,"href":"https:\/\/skaitytaknyga.lt\/en\/wp-json\/wp\/v2\/media\/20796"}],"wp:attachment":[{"href":"https:\/\/skaitytaknyga.lt\/en\/wp-json\/wp\/v2\/media?parent=20785"}],"wp:term":[{"taxonomy":"product_brand","embeddable":true,"href":"https:\/\/skaitytaknyga.lt\/en\/wp-json\/wp\/v2\/product_brand?post=20785"},{"taxonomy":"product_cat","embeddable":true,"href":"https:\/\/skaitytaknyga.lt\/en\/wp-json\/wp\/v2\/product_cat?post=20785"},{"taxonomy":"product_tag","embeddable":true,"href":"https:\/\/skaitytaknyga.lt\/en\/wp-json\/wp\/v2\/product_tag?post=20785"}],"curies":[{"name":"wp","href":"https:\/\/api.w.org\/{rel}","templated":true}]}}