{"id":20784,"date":"2025-09-13T15:44:16","date_gmt":"2025-09-13T12:44:16","guid":{"rendered":"https:\/\/skaitytaknyga.lt\/?post_type=product&#038;p=20784"},"modified":"2026-03-05T12:19:37","modified_gmt":"2026-03-05T10:19:37","slug":"zinau-kas-tai-padare","status":"publish","type":"product","link":"https:\/\/skaitytaknyga.lt\/en\/produktas\/zinau-kas-tai-padare\/","title":{"rendered":"\u017dinau, kas tai padar\u0117"},"content":{"rendered":"<p>Sunkiausia pripa\u017einti savo nuod\u0117mes&#8230;<\/p>\n<p>\u010carli Mateson prie\u0161 dvejus metus \u017euvo per automobilio avarij\u0105. Ta\u010diau dabar moteris, \u0161iurpiai \u012f j\u0105 pana\u0161i, tvirtina gr\u012f\u017eusi i\u0161 mirties. \u0160io keisto \u012fvykio tirti siun\u010diamas detektyvas Markas Nelsonas i\u0161girsta baug\u0173 \u010carli pasakojim\u0105, k\u0105 jai teko patirti \u012fsivaizduojamame pomirtiniame gyvenime.<\/p>\n<p>Deividas Grouvsas kiekvienais metais per s\u016bnaus gimtadien\u012f gauna sveikinimo atviruk\u0105&#8230; Nors s\u016bn\u0173 palaidojo prie\u0161 daug met\u0173. \u0160is nusikaltimas sunaikino visk\u0105, kas vyrui brangu, bet vis d\u0117lto nesugeb\u0117jo pakirsti jo tik\u0117jimo \u012fstatymu, net jei \u017eudikas ir nebuvo sugautas. \u0160iemet atvirukas perduoda ypating\u0105 \u017eini\u0105: \u017dinau, kas tai padar\u0117.<\/p>\n<p>Susiej\u0119s abu nusikaltimus Markas Nelsonas yra priverstas \u012fveikti kar\u010di\u0105 nuoskaud\u0105 d\u0117l mylim\u0173 \u017emoni\u0173 likimo, o klaidus tyrimas j\u012f veda ten, kur teisingumas \u017eiaurus, o bausm\u0117 sunki. Kad i\u0161siai\u0161kint\u0173 ties\u0105, pirmiausia jis turi pereiti pragar\u0105&#8230;<\/p>\n<p>Dar vienas gr\u0117smingas \u201e50\/50 \u017eudiko&#8221; autoriaus Steve Mosby detektyvas neleis atsikv\u0117pti iki pat paskutinio puslapio.<\/p>\n","protected":false},"excerpt":{"rendered":"<p>Sunkiausia pripa\u017einti savo nuod\u0117mes&#8230; \u010carli Mateson prie\u0161 dvejus metus \u017euvo per automobilio avarij\u0105. Ta\u010diau dabar moteris, \u0161iurpiai \u012f j\u0105 pana\u0161i, tvirtina gr\u012f\u017eusi i\u0161 mirties. \u0160io keisto \u012fvykio tirti siun\u010diamas detektyvas Markas Nelsonas i\u0161girsta baug\u0173 \u010carli pasakojim\u0105, k\u0105 jai teko patirti \u012fsivaizduojamame pomirtiniame gyvenime. Deividas Grouvsas kiekvienais metais per s\u016bnaus gimtadien\u012f gauna sveikinimo atviruk\u0105&#8230; Nors s\u016bn\u0173 palaidojo prie\u0161 daug met\u0173. \u0160is nusikaltimas sunaikino visk\u0105, kas vyrui brangu, bet vis d\u0117lto nesugeb\u0117jo pakirsti jo tik\u0117jimo \u012fstatymu, net jei \u017eudikas ir nebuvo sugautas. \u0160iemet atvirukas perduoda ypating\u0105 \u017eini\u0105: \u017dinau, kas tai padar\u0117. Susiej\u0119s abu nusikaltimus Markas Nelsonas yra priverstas \u012fveikti kar\u010di\u0105 nuoskaud\u0105 d\u0117l mylim\u0173 \u017emoni\u0173 likimo, o klaidus tyrimas j\u012f veda ten, kur teisingumas \u017eiaurus, o bausm\u0117 sunki. Kad i\u0161siai\u0161kint\u0173 ties\u0105, pirmiausia jis turi pereiti pragar\u0105&#8230; Dar vienas gr\u0117smingas \u201e50\/50 \u017eudiko&#8221; autoriaus Steve Mosby detektyvas neleis atsikv\u0117pti iki pat paskutinio puslapio.<\/p>\n","protected":false},"featured_media":20795,"comment_status":"open","ping_status":"closed","template":"","meta":{"_acf_changed":false,"site-sidebar-layout":"default","site-content-layout":"","ast-site-content-layout":"default","site-content-style":"default","site-sidebar-style":"default","ast-global-header-display":"","ast-banner-title-visibility":"","ast-main-header-display":"","ast-hfb-above-header-display":"","ast-hfb-below-header-display":"","ast-hfb-mobile-header-display":"","site-post-title":"","ast-breadcrumbs-content":"","ast-featured-img":"","footer-sml-layout":"","ast-disable-related-posts":"","theme-transparent-header-meta":"","adv-header-id-meta":"","stick-header-meta":"","header-above-stick-meta":"","header-main-stick-meta":"","header-below-stick-meta":"","astra-migrate-meta-layouts":"default","ast-page-background-enabled":"default","ast-page-background-meta":{"desktop":{"background-color":"","background-image":"","background-repeat":"repeat","background-position":"center center","background-size":"auto","background-attachment":"scroll","background-type":"","background-media":"","overlay-type":"","overlay-color":"","overlay-opacity":"","overlay-gradient":""},"tablet":{"background-color":"","background-image":"","background-repeat":"repeat","background-position":"center center","background-size":"auto","background-attachment":"scroll","background-type":"","background-media":"","overlay-type":"","overlay-color":"","overlay-opacity":"","overlay-gradient":""},"mobile":{"background-color":"","background-image":"","background-repeat":"repeat","background-position":"center center","background-size":"auto","background-attachment":"scroll","background-type":"","background-media":"","overlay-type":"","overlay-color":"","overlay-opacity":"","overlay-gradient":""}},"ast-content-background-meta":{"desktop":{"background-color":"var(--ast-global-color-4)","background-image":"","background-repeat":"repeat","background-position":"center center","background-size":"auto","background-attachment":"scroll","background-type":"","background-media":"","overlay-type":"","overlay-color":"","overlay-opacity":"","overlay-gradient":""},"tablet":{"background-color":"var(--ast-global-color-4)","background-image":"","background-repeat":"repeat","background-position":"center center","background-size":"auto","background-attachment":"scroll","background-type":"","background-media":"","overlay-type":"","overlay-color":"","overlay-opacity":"","overlay-gradient":""},"mobile":{"background-color":"var(--ast-global-color-4)","background-image":"","background-repeat":"repeat","background-position":"center center","background-size":"auto","background-attachment":"scroll","background-type":"","background-media":"","overlay-type":"","overlay-color":"","overlay-opacity":"","overlay-gradient":""}}},"product_brand":[],"product_cat":[9580],"product_tag":[1476,1588,6704,2312,8786,8785,2091],"class_list":{"0":"post-20784","1":"product","2":"type-product","3":"status-publish","4":"has-post-thumbnail","6":"product_cat-psichologiniai-detektyvai","7":"product_tag-detektyvas","8":"product_tag-kriminalinis-romanas","9":"product_tag-nuodemes","10":"product_tag-nusikaltimas","11":"product_tag-pomirtinis-gyvenimas","12":"product_tag-steve-mosby","13":"product_tag-teisingumas","14":"desktop-align-left","15":"tablet-align-left","16":"mobile-align-left","18":"first","19":"instock","20":"shipping-taxable","21":"purchasable","22":"product-type-simple"},"acf":[],"yoast_head":"<!-- This site is optimized with the Yoast SEO plugin v27.4 - https:\/\/yoast.com\/product\/yoast-seo-wordpress\/ -->\n<title>\u017dinau, kas tai padar\u0117<\/title>\n<meta name=\"description\" content=\"Sunkiausia pripa\u017einti savo nuod\u0117mes... \u010carli Mateson prie\u0161 dvejus metus \u017euvo per automobilio avarij\u0105. Ta\u010diau dabar moteris, \u0161iurpiai \u012f j\u0105 pana\u0161i, tvirtina\" \/>\n<meta name=\"robots\" content=\"index, follow, max-snippet:-1, max-image-preview:large, max-video-preview:-1\" \/>\n<link rel=\"canonical\" href=\"https:\/\/skaitytaknyga.lt\/en\/produktas\/zinau-kas-tai-padare\/\" \/>\n<meta property=\"og:locale\" content=\"en_GB\" \/>\n<meta property=\"og:locale:alternate\" content=\"lt_LT\" \/>\n<meta property=\"og:type\" content=\"article\" \/>\n<meta property=\"og:title\" content=\"\u017dinau, kas tai padar\u0117\" \/>\n<meta property=\"og:description\" content=\"Sunkiausia pripa\u017einti savo nuod\u0117mes... \u010carli Mateson prie\u0161 dvejus metus \u017euvo per automobilio avarij\u0105. Ta\u010diau dabar moteris, \u0161iurpiai \u012f j\u0105 pana\u0161i, tvirtina\" \/>\n<meta property=\"og:url\" content=\"https:\/\/skaitytaknyga.lt\/en\/produktas\/zinau-kas-tai-padare\/\" \/>\n<meta property=\"og:site_name\" content=\"Skaitytaknyga\" \/>\n<meta property=\"article:publisher\" content=\"https:\/\/www.facebook.com\/skaitytaknyga\/\" \/>\n<meta property=\"article:modified_time\" content=\"2026-03-05T10:19:37+00:00\" \/>\n<meta property=\"og:image\" content=\"https:\/\/skaitytaknyga.lt\/wp-content\/uploads\/2025\/09\/Zinau-kas-tai-padare-1-1.webp\" \/>\n\t<meta property=\"og:image:width\" content=\"300\" \/>\n\t<meta property=\"og:image:height\" content=\"450\" \/>\n\t<meta property=\"og:image:type\" content=\"image\/webp\" \/>\n<meta name=\"twitter:card\" content=\"summary_large_image\" \/>\n<meta name=\"twitter:label1\" content=\"Estimated reading time\" \/>\n\t<meta name=\"twitter:data1\" content=\"1 minute\" \/>\n<script type=\"application\/ld+json\" class=\"yoast-schema-graph\">{\"@context\":\"https:\\\/\\\/schema.org\",\"@graph\":[{\"@type\":\"WebPage\",\"@id\":\"https:\\\/\\\/skaitytaknyga.lt\\\/produktas\\\/zinau-kas-tai-padare\\\/\",\"url\":\"https:\\\/\\\/skaitytaknyga.lt\\\/produktas\\\/zinau-kas-tai-padare\\\/\",\"name\":\"\u017dinau, kas tai padar\u0117\",\"isPartOf\":{\"@id\":\"https:\\\/\\\/skaitytaknyga.lt\\\/#website\"},\"primaryImageOfPage\":{\"@id\":\"https:\\\/\\\/skaitytaknyga.lt\\\/produktas\\\/zinau-kas-tai-padare\\\/#primaryimage\"},\"image\":{\"@id\":\"https:\\\/\\\/skaitytaknyga.lt\\\/produktas\\\/zinau-kas-tai-padare\\\/#primaryimage\"},\"thumbnailUrl\":\"https:\\\/\\\/skaitytaknyga.lt\\\/wp-content\\\/uploads\\\/2025\\\/09\\\/Zinau-kas-tai-padare-1-1.webp\",\"datePublished\":\"2025-09-13T12:44:16+00:00\",\"dateModified\":\"2026-03-05T10:19:37+00:00\",\"description\":\"Sunkiausia pripa\u017einti savo nuod\u0117mes... \u010carli Mateson prie\u0161 dvejus metus \u017euvo per automobilio avarij\u0105. Ta\u010diau dabar moteris, \u0161iurpiai \u012f j\u0105 pana\u0161i, tvirtina\",\"breadcrumb\":{\"@id\":\"https:\\\/\\\/skaitytaknyga.lt\\\/produktas\\\/zinau-kas-tai-padare\\\/#breadcrumb\"},\"inLanguage\":\"en-GB\",\"potentialAction\":[{\"@type\":\"ReadAction\",\"target\":[\"https:\\\/\\\/skaitytaknyga.lt\\\/produktas\\\/zinau-kas-tai-padare\\\/\"]}]},{\"@type\":\"ImageObject\",\"inLanguage\":\"en-GB\",\"@id\":\"https:\\\/\\\/skaitytaknyga.lt\\\/produktas\\\/zinau-kas-tai-padare\\\/#primaryimage\",\"url\":\"https:\\\/\\\/skaitytaknyga.lt\\\/wp-content\\\/uploads\\\/2025\\\/09\\\/Zinau-kas-tai-padare-1-1.webp\",\"contentUrl\":\"https:\\\/\\\/skaitytaknyga.lt\\\/wp-content\\\/uploads\\\/2025\\\/09\\\/Zinau-kas-tai-padare-1-1.webp\",\"width\":300,\"height\":450,\"caption\":\"\u017dinau, kas tai padar\u0117\"},{\"@type\":\"BreadcrumbList\",\"@id\":\"https:\\\/\\\/skaitytaknyga.lt\\\/produktas\\\/zinau-kas-tai-padare\\\/#breadcrumb\",\"itemListElement\":[{\"@type\":\"ListItem\",\"position\":1,\"name\":\"Home\",\"item\":\"https:\\\/\\\/skaitytaknyga.lt\\\/\"},{\"@type\":\"ListItem\",\"position\":2,\"name\":\"Parduotuv\u0117\",\"item\":\"https:\\\/\\\/skaitytaknyga.lt\\\/knygu-parduotuve\\\/\"},{\"@type\":\"ListItem\",\"position\":3,\"name\":\"\u017dinau, kas tai padar\u0117\"}]},{\"@type\":\"WebSite\",\"@id\":\"https:\\\/\\\/skaitytaknyga.lt\\\/#website\",\"url\":\"https:\\\/\\\/skaitytaknyga.lt\\\/\",\"name\":\"skaitytaknyga.lt\",\"description\":\"Skaitytaknyga.lt \u2013 tai ma\u017eas \u0161eimos verslas, kuris prasid\u0117jo nuo meil\u0117s knygoms ir siekio i\u0161gelb\u0117ti knygas nuo likimo prie konteinerio. Kas vienam nereikalingas daiktas \u2013 kitam lobis, o mes esame tarpininkai, kurie padeda abiems tapti laimingesniems ???? \u017dinome kaip nelengva i\u0161gyventi ma\u017eiems verslams, tad nuo \u0161iol, \u010dia rasite ir kit\u0173, ma\u017e\u0173 \u0161eim\u0173 versl\u0173, rank\u0173 darbo, dovan\u0173 sau ir artimiesiems.\",\"publisher\":{\"@id\":\"https:\\\/\\\/skaitytaknyga.lt\\\/#organization\"},\"potentialAction\":[{\"@type\":\"SearchAction\",\"target\":{\"@type\":\"EntryPoint\",\"urlTemplate\":\"https:\\\/\\\/skaitytaknyga.lt\\\/?s={search_term_string}\"},\"query-input\":{\"@type\":\"PropertyValueSpecification\",\"valueRequired\":true,\"valueName\":\"search_term_string\"}}],\"inLanguage\":\"en-GB\"},{\"@type\":\"Organization\",\"@id\":\"https:\\\/\\\/skaitytaknyga.lt\\\/#organization\",\"name\":\"skaitytaknyga.lt\",\"url\":\"https:\\\/\\\/skaitytaknyga.lt\\\/\",\"logo\":{\"@type\":\"ImageObject\",\"inLanguage\":\"en-GB\",\"@id\":\"https:\\\/\\\/skaitytaknyga.lt\\\/#\\\/schema\\\/logo\\\/image\\\/\",\"url\":\"https:\\\/\\\/skaitytaknyga.lt\\\/wp-content\\\/uploads\\\/2024\\\/05\\\/cropped-cropped-cropped-02_00843_jt3bggkj1j3HLc7SyY6rEUpg.jpeg\",\"contentUrl\":\"https:\\\/\\\/skaitytaknyga.lt\\\/wp-content\\\/uploads\\\/2024\\\/05\\\/cropped-cropped-cropped-02_00843_jt3bggkj1j3HLc7SyY6rEUpg.jpeg\",\"width\":1600,\"height\":1600,\"caption\":\"skaitytaknyga.lt\"},\"image\":{\"@id\":\"https:\\\/\\\/skaitytaknyga.lt\\\/#\\\/schema\\\/logo\\\/image\\\/\"},\"sameAs\":[\"https:\\\/\\\/www.facebook.com\\\/skaitytaknyga\\\/\"]}]}<\/script>\n<!-- \/ Yoast SEO plugin. -->","yoast_head_json":{"title":"\u017dinau, kas tai padar\u0117","description":"Sunkiausia pripa\u017einti savo nuod\u0117mes... \u010carli Mateson prie\u0161 dvejus metus \u017euvo per automobilio avarij\u0105. Ta\u010diau dabar moteris, \u0161iurpiai \u012f j\u0105 pana\u0161i, tvirtina","robots":{"index":"index","follow":"follow","max-snippet":"max-snippet:-1","max-image-preview":"max-image-preview:large","max-video-preview":"max-video-preview:-1"},"canonical":"https:\/\/skaitytaknyga.lt\/en\/produktas\/zinau-kas-tai-padare\/","og_locale":"en_GB","og_type":"article","og_title":"[:lt]\u017dinau, kas tai padar\u0117[:] - Skaitytaknyga","og_description":"Sunkiausia pripa\u017einti savo nuod\u0117mes... \u010carli Mateson prie\u0161 dvejus metus \u017euvo per automobilio avarij\u0105. Ta\u010diau dabar moteris, \u0161iurpiai \u012f j\u0105 pana\u0161i, tvirtina","og_url":"https:\/\/skaitytaknyga.lt\/en\/produktas\/zinau-kas-tai-padare\/","og_site_name":"Skaitytaknyga","article_publisher":"https:\/\/www.facebook.com\/skaitytaknyga\/","article_modified_time":"2026-03-05T10:19:37+00:00","og_image":[{"width":300,"height":450,"url":"https:\/\/skaitytaknyga.lt\/wp-content\/uploads\/2025\/09\/Zinau-kas-tai-padare-1-1.webp","type":"image\/webp"}],"twitter_card":"summary_large_image","twitter_misc":{"Estimated reading time":"1 minute"},"schema":{"@context":"https:\/\/schema.org","@graph":[{"@type":"WebPage","@id":"https:\/\/skaitytaknyga.lt\/produktas\/zinau-kas-tai-padare\/","url":"https:\/\/skaitytaknyga.lt\/produktas\/zinau-kas-tai-padare\/","name":"\u017dinau, kas tai padar\u0117","isPartOf":{"@id":"https:\/\/skaitytaknyga.lt\/#website"},"primaryImageOfPage":{"@id":"https:\/\/skaitytaknyga.lt\/produktas\/zinau-kas-tai-padare\/#primaryimage"},"image":{"@id":"https:\/\/skaitytaknyga.lt\/produktas\/zinau-kas-tai-padare\/#primaryimage"},"thumbnailUrl":"https:\/\/skaitytaknyga.lt\/wp-content\/uploads\/2025\/09\/Zinau-kas-tai-padare-1-1.webp","datePublished":"2025-09-13T12:44:16+00:00","dateModified":"2026-03-05T10:19:37+00:00","description":"Sunkiausia pripa\u017einti savo nuod\u0117mes... \u010carli Mateson prie\u0161 dvejus metus \u017euvo per automobilio avarij\u0105. Ta\u010diau dabar moteris, \u0161iurpiai \u012f j\u0105 pana\u0161i, tvirtina","breadcrumb":{"@id":"https:\/\/skaitytaknyga.lt\/produktas\/zinau-kas-tai-padare\/#breadcrumb"},"inLanguage":"en-GB","potentialAction":[{"@type":"ReadAction","target":["https:\/\/skaitytaknyga.lt\/produktas\/zinau-kas-tai-padare\/"]}]},{"@type":"ImageObject","inLanguage":"en-GB","@id":"https:\/\/skaitytaknyga.lt\/produktas\/zinau-kas-tai-padare\/#primaryimage","url":"https:\/\/skaitytaknyga.lt\/wp-content\/uploads\/2025\/09\/Zinau-kas-tai-padare-1-1.webp","contentUrl":"https:\/\/skaitytaknyga.lt\/wp-content\/uploads\/2025\/09\/Zinau-kas-tai-padare-1-1.webp","width":300,"height":450,"caption":"\u017dinau, kas tai padar\u0117"},{"@type":"BreadcrumbList","@id":"https:\/\/skaitytaknyga.lt\/produktas\/zinau-kas-tai-padare\/#breadcrumb","itemListElement":[{"@type":"ListItem","position":1,"name":"Home","item":"https:\/\/skaitytaknyga.lt\/"},{"@type":"ListItem","position":2,"name":"Parduotuv\u0117","item":"https:\/\/skaitytaknyga.lt\/knygu-parduotuve\/"},{"@type":"ListItem","position":3,"name":"\u017dinau, kas tai padar\u0117"}]},{"@type":"WebSite","@id":"https:\/\/skaitytaknyga.lt\/#website","url":"https:\/\/skaitytaknyga.lt\/","name":"skaitytaknyga.lt","description":"Skaitytaknyga.lt \u2013 tai ma\u017eas \u0161eimos verslas, kuris prasid\u0117jo nuo meil\u0117s knygoms ir siekio i\u0161gelb\u0117ti knygas nuo likimo prie konteinerio. Kas vienam nereikalingas daiktas \u2013 kitam lobis, o mes esame tarpininkai, kurie padeda abiems tapti laimingesniems ???? \u017dinome kaip nelengva i\u0161gyventi ma\u017eiems verslams, tad nuo \u0161iol, \u010dia rasite ir kit\u0173, ma\u017e\u0173 \u0161eim\u0173 versl\u0173, rank\u0173 darbo, dovan\u0173 sau ir artimiesiems.","publisher":{"@id":"https:\/\/skaitytaknyga.lt\/#organization"},"potentialAction":[{"@type":"SearchAction","target":{"@type":"EntryPoint","urlTemplate":"https:\/\/skaitytaknyga.lt\/?s={search_term_string}"},"query-input":{"@type":"PropertyValueSpecification","valueRequired":true,"valueName":"search_term_string"}}],"inLanguage":"en-GB"},{"@type":"Organization","@id":"https:\/\/skaitytaknyga.lt\/#organization","name":"skaitytaknyga.lt","url":"https:\/\/skaitytaknyga.lt\/","logo":{"@type":"ImageObject","inLanguage":"en-GB","@id":"https:\/\/skaitytaknyga.lt\/#\/schema\/logo\/image\/","url":"https:\/\/skaitytaknyga.lt\/wp-content\/uploads\/2024\/05\/cropped-cropped-cropped-02_00843_jt3bggkj1j3HLc7SyY6rEUpg.jpeg","contentUrl":"https:\/\/skaitytaknyga.lt\/wp-content\/uploads\/2024\/05\/cropped-cropped-cropped-02_00843_jt3bggkj1j3HLc7SyY6rEUpg.jpeg","width":1600,"height":1600,"caption":"skaitytaknyga.lt"},"image":{"@id":"https:\/\/skaitytaknyga.lt\/#\/schema\/logo\/image\/"},"sameAs":["https:\/\/www.facebook.com\/skaitytaknyga\/"]}]}},"_links":{"self":[{"href":"https:\/\/skaitytaknyga.lt\/en\/wp-json\/wp\/v2\/product\/20784","targetHints":{"allow":["GET"]}}],"collection":[{"href":"https:\/\/skaitytaknyga.lt\/en\/wp-json\/wp\/v2\/product"}],"about":[{"href":"https:\/\/skaitytaknyga.lt\/en\/wp-json\/wp\/v2\/types\/product"}],"replies":[{"embeddable":true,"href":"https:\/\/skaitytaknyga.lt\/en\/wp-json\/wp\/v2\/comments?post=20784"}],"wp:featuredmedia":[{"embeddable":true,"href":"https:\/\/skaitytaknyga.lt\/en\/wp-json\/wp\/v2\/media\/20795"}],"wp:attachment":[{"href":"https:\/\/skaitytaknyga.lt\/en\/wp-json\/wp\/v2\/media?parent=20784"}],"wp:term":[{"taxonomy":"product_brand","embeddable":true,"href":"https:\/\/skaitytaknyga.lt\/en\/wp-json\/wp\/v2\/product_brand?post=20784"},{"taxonomy":"product_cat","embeddable":true,"href":"https:\/\/skaitytaknyga.lt\/en\/wp-json\/wp\/v2\/product_cat?post=20784"},{"taxonomy":"product_tag","embeddable":true,"href":"https:\/\/skaitytaknyga.lt\/en\/wp-json\/wp\/v2\/product_tag?post=20784"}],"curies":[{"name":"wp","href":"https:\/\/api.w.org\/{rel}","templated":true}]}}