{"id":20782,"date":"2025-09-13T15:44:16","date_gmt":"2025-09-13T12:44:16","guid":{"rendered":"https:\/\/skaitytaknyga.lt\/?post_type=product&#038;p=20782"},"modified":"2026-03-18T12:41:06","modified_gmt":"2026-03-18T10:41:06","slug":"pavojingi-zaidimai","status":"publish","type":"product","link":"https:\/\/skaitytaknyga.lt\/en\/produktas\/pavojingi-zaidimai\/","title":{"rendered":"Pavojingi \u017eaidimai"},"content":{"rendered":"<p>D\u017eoselina Batler turi paslapt\u012f. Kankinama praeities demon\u0173, vos sulaukusi 18-kos, ji palieka Vird\u017einijos valstij\u0105 ir i\u0161vyksta gyventi \u012f kit\u0105 Atlanto vandenyno krant\u0105 \u2013 \u0160kotij\u0105. \u010cia jau\u010diasi saugi nuo praeities ir nepageidaujam\u0173 klausim\u0173. Nesileid\u017eia \u012f artimus romantinius santykius, neatvirauja draugams, nemezga joki\u0173 \u012fpareigojan\u010di\u0173 ry\u0161i\u0173. Su niekuo. Ta\u010diau viskas pasikei\u010dia t\u0105 dien\u0105, kai D\u017eos\u0117 nusprend\u017eia persikelti \u012f but\u0105 Dublino gatv\u0117je. <\/p>\n<p>Vykdama ap\u017ei\u016br\u0117ti naujosios vietos, D\u017eos\u0117 susiduria su be galo patraukliu verslininku Breidenu Karmaiklu. Vienas jo intensyvus \u017evilgsnis kaipmat u\u017evirina vis\u0105 k\u016bn\u0105: pasprukti nuo min\u010di\u0173 apie j\u012f tiesiog nebe\u012fmanoma. Breidenas \u2013 pasitikintis savimi, \u012fprat\u0119s gauti bet k\u0105, ko tik u\u017esigeid\u017eia, \u2013 i\u0161syk pajunta trauk\u0105 D\u017eosei. Dabar jo tikslas \u2013 bet kokiais b\u016bdais \u012fsitraukti daili\u0173 form\u0173 gra\u017euol\u0119 \u012f lov\u0105. Pamat\u0119s, kad lengva nebus, D\u017eoselinai pasi\u016blo sand\u0117r\u012f. Aistringas romanas \u012fgauna pagreit\u012f, kiekvieno susitikimo kar\u0161tis ima vesti i\u0161 proto, ta\u010diau Breidenas ka\u017ekod\u0117l pradeda klausin\u0117ti apie praeit\u012f&#8230;<\/p>\n<p>\u201e\u0160ioje knygoje yra visko&#8230; romantikos, neapsakomai gard\u017eiai apra\u0161yt\u0173 aistr\u0173, \u0161eimos istorij\u0173, draugyst\u0117s, sudau\u017eyt\u0173 \u0161ird\u017ei\u0173, ilgesio ir visad gelbstin\u010dios vilties. O paskutiniai puslapiai tiesiog sukelia euforij\u0105.\u201c<br \/>\nBookish Temptations<\/p>\n","protected":false},"excerpt":{"rendered":"<p>D\u017eoselina Batler turi paslapt\u012f. Kankinama praeities demon\u0173, vos sulaukusi 18-kos, ji palieka Vird\u017einijos valstij\u0105 ir i\u0161vyksta gyventi \u012f kit\u0105 Atlanto vandenyno krant\u0105 \u2013 \u0160kotij\u0105. \u010cia jau\u010diasi saugi nuo praeities ir nepageidaujam\u0173 klausim\u0173. Nesileid\u017eia \u012f artimus romantinius santykius, neatvirauja draugams, nemezga joki\u0173 \u012fpareigojan\u010di\u0173 ry\u0161i\u0173. Su niekuo. Ta\u010diau viskas pasikei\u010dia t\u0105 dien\u0105, kai D\u017eos\u0117 nusprend\u017eia persikelti \u012f but\u0105 Dublino gatv\u0117je. Vykdama ap\u017ei\u016br\u0117ti naujosios vietos, D\u017eos\u0117 susiduria su be galo patraukliu verslininku Breidenu Karmaiklu. Vienas jo intensyvus \u017evilgsnis kaipmat u\u017evirina vis\u0105 k\u016bn\u0105: pasprukti nuo min\u010di\u0173 apie j\u012f tiesiog nebe\u012fmanoma. Breidenas \u2013 pasitikintis savimi, \u012fprat\u0119s gauti bet k\u0105, ko tik u\u017esigeid\u017eia, \u2013 i\u0161syk pajunta trauk\u0105 D\u017eosei. Dabar jo tikslas \u2013 bet kokiais b\u016bdais \u012fsitraukti daili\u0173 form\u0173 gra\u017euol\u0119 \u012f lov\u0105. Pamat\u0119s, kad lengva nebus, D\u017eoselinai pasi\u016blo sand\u0117r\u012f. Aistringas romanas \u012fgauna pagreit\u012f, kiekvieno susitikimo kar\u0161tis ima vesti i\u0161 proto, ta\u010diau Breidenas ka\u017ekod\u0117l pradeda klausin\u0117ti apie praeit\u012f&#8230; \u201e\u0160ioje knygoje yra visko&#8230; romantikos, neapsakomai gard\u017eiai apra\u0161yt\u0173 aistr\u0173, \u0161eimos istorij\u0173, draugyst\u0117s, sudau\u017eyt\u0173 \u0161ird\u017ei\u0173, ilgesio ir visad gelbstin\u010dios vilties. O paskutiniai puslapiai tiesiog sukelia euforij\u0105.\u201c Bookish Temptations<\/p>\n","protected":false},"featured_media":20792,"comment_status":"open","ping_status":"closed","template":"","meta":{"_acf_changed":false,"site-sidebar-layout":"default","site-content-layout":"","ast-site-content-layout":"default","site-content-style":"default","site-sidebar-style":"default","ast-global-header-display":"","ast-banner-title-visibility":"","ast-main-header-display":"","ast-hfb-above-header-display":"","ast-hfb-below-header-display":"","ast-hfb-mobile-header-display":"","site-post-title":"","ast-breadcrumbs-content":"","ast-featured-img":"","footer-sml-layout":"","ast-disable-related-posts":"","theme-transparent-header-meta":"","adv-header-id-meta":"","stick-header-meta":"","header-above-stick-meta":"","header-main-stick-meta":"","header-below-stick-meta":"","astra-migrate-meta-layouts":"default","ast-page-background-enabled":"default","ast-page-background-meta":{"desktop":{"background-color":"","background-image":"","background-repeat":"repeat","background-position":"center center","background-size":"auto","background-attachment":"scroll","background-type":"","background-media":"","overlay-type":"","overlay-color":"","overlay-opacity":"","overlay-gradient":""},"tablet":{"background-color":"","background-image":"","background-repeat":"repeat","background-position":"center center","background-size":"auto","background-attachment":"scroll","background-type":"","background-media":"","overlay-type":"","overlay-color":"","overlay-opacity":"","overlay-gradient":""},"mobile":{"background-color":"","background-image":"","background-repeat":"repeat","background-position":"center center","background-size":"auto","background-attachment":"scroll","background-type":"","background-media":"","overlay-type":"","overlay-color":"","overlay-opacity":"","overlay-gradient":""}},"ast-content-background-meta":{"desktop":{"background-color":"var(--ast-global-color-4)","background-image":"","background-repeat":"repeat","background-position":"center center","background-size":"auto","background-attachment":"scroll","background-type":"","background-media":"","overlay-type":"","overlay-color":"","overlay-opacity":"","overlay-gradient":""},"tablet":{"background-color":"var(--ast-global-color-4)","background-image":"","background-repeat":"repeat","background-position":"center center","background-size":"auto","background-attachment":"scroll","background-type":"","background-media":"","overlay-type":"","overlay-color":"","overlay-opacity":"","overlay-gradient":""},"mobile":{"background-color":"var(--ast-global-color-4)","background-image":"","background-repeat":"repeat","background-position":"center center","background-size":"auto","background-attachment":"scroll","background-type":"","background-media":"","overlay-type":"","overlay-color":"","overlay-opacity":"","overlay-gradient":""}}},"product_brand":[],"product_cat":[9583,15],"product_tag":[2015,1748,2720,8782,2129,8781,1646,4450],"class_list":{"0":"post-20782","1":"product","2":"type-product","3":"status-publish","4":"has-post-thumbnail","6":"product_cat-erotiniai-romanai","7":"product_cat-uncategorized","8":"product_tag-aistra","9":"product_tag-meiles-istorija","10":"product_tag-paslaptis","11":"product_tag-praeities-demonai","12":"product_tag-romantika","13":"product_tag-samantha-young","14":"product_tag-seima","15":"product_tag-skotija","16":"desktop-align-left","17":"tablet-align-left","18":"mobile-align-left","20":"first","21":"instock","22":"shipping-taxable","23":"purchasable","24":"product-type-simple"},"acf":[],"yoast_head":"<!-- This site is optimized with the Yoast SEO plugin v27.0 - https:\/\/yoast.com\/product\/yoast-seo-wordpress\/ -->\n<title>Pavojingi \u017eaidimai<\/title>\n<meta name=\"description\" content=\"D\u017eoselina Batler turi paslapt\u012f. Kankinama praeities demon\u0173, vos sulaukusi 18-kos, ji palieka Vird\u017einijos valstij\u0105 ir i\u0161vyksta gyventi \u012f kit\u0105 Atlanto\" \/>\n<meta name=\"robots\" content=\"index, follow, max-snippet:-1, max-image-preview:large, max-video-preview:-1\" \/>\n<link rel=\"canonical\" href=\"https:\/\/skaitytaknyga.lt\/en\/produktas\/pavojingi-zaidimai\/\" \/>\n<meta property=\"og:locale\" content=\"en_GB\" \/>\n<meta property=\"og:locale:alternate\" content=\"lt_LT\" \/>\n<meta property=\"og:type\" content=\"article\" \/>\n<meta property=\"og:title\" content=\"Pavojingi \u017eaidimai\" \/>\n<meta property=\"og:description\" content=\"D\u017eoselina Batler turi paslapt\u012f. Kankinama praeities demon\u0173, vos sulaukusi 18-kos, ji palieka Vird\u017einijos valstij\u0105 ir i\u0161vyksta gyventi \u012f kit\u0105 Atlanto\" \/>\n<meta property=\"og:url\" content=\"https:\/\/skaitytaknyga.lt\/en\/produktas\/pavojingi-zaidimai\/\" \/>\n<meta property=\"og:site_name\" content=\"Skaitytaknyga\" \/>\n<meta property=\"article:publisher\" content=\"https:\/\/www.facebook.com\/skaitytaknyga\/\" \/>\n<meta property=\"article:modified_time\" content=\"2026-03-18T10:41:06+00:00\" \/>\n<meta property=\"og:image\" content=\"https:\/\/skaitytaknyga.lt\/wp-content\/uploads\/2025\/09\/Pavojingi-zaidimai.webp\" \/>\n\t<meta property=\"og:image:width\" content=\"300\" \/>\n\t<meta property=\"og:image:height\" content=\"422\" \/>\n\t<meta property=\"og:image:type\" content=\"image\/webp\" \/>\n<meta name=\"twitter:card\" content=\"summary_large_image\" \/>\n<meta name=\"twitter:label1\" content=\"Estimated reading time\" \/>\n\t<meta name=\"twitter:data1\" content=\"1 minute\" \/>\n<script type=\"application\/ld+json\" class=\"yoast-schema-graph\">{\"@context\":\"https:\/\/schema.org\",\"@graph\":[{\"@type\":\"WebPage\",\"@id\":\"https:\/\/skaitytaknyga.lt\/produktas\/pavojingi-zaidimai\/\",\"url\":\"https:\/\/skaitytaknyga.lt\/produktas\/pavojingi-zaidimai\/\",\"name\":\"Pavojingi \u017eaidimai\",\"isPartOf\":{\"@id\":\"https:\/\/skaitytaknyga.lt\/#website\"},\"primaryImageOfPage\":{\"@id\":\"https:\/\/skaitytaknyga.lt\/produktas\/pavojingi-zaidimai\/#primaryimage\"},\"image\":{\"@id\":\"https:\/\/skaitytaknyga.lt\/produktas\/pavojingi-zaidimai\/#primaryimage\"},\"thumbnailUrl\":\"https:\/\/skaitytaknyga.lt\/wp-content\/uploads\/2025\/09\/Pavojingi-zaidimai.webp\",\"datePublished\":\"2025-09-13T12:44:16+00:00\",\"dateModified\":\"2026-03-18T10:41:06+00:00\",\"description\":\"D\u017eoselina Batler turi paslapt\u012f. Kankinama praeities demon\u0173, vos sulaukusi 18-kos, ji palieka Vird\u017einijos valstij\u0105 ir i\u0161vyksta gyventi \u012f kit\u0105 Atlanto\",\"breadcrumb\":{\"@id\":\"https:\/\/skaitytaknyga.lt\/produktas\/pavojingi-zaidimai\/#breadcrumb\"},\"inLanguage\":\"en-GB\",\"potentialAction\":[{\"@type\":\"ReadAction\",\"target\":[\"https:\/\/skaitytaknyga.lt\/produktas\/pavojingi-zaidimai\/\"]}]},{\"@type\":\"ImageObject\",\"inLanguage\":\"en-GB\",\"@id\":\"https:\/\/skaitytaknyga.lt\/produktas\/pavojingi-zaidimai\/#primaryimage\",\"url\":\"https:\/\/skaitytaknyga.lt\/wp-content\/uploads\/2025\/09\/Pavojingi-zaidimai.webp\",\"contentUrl\":\"https:\/\/skaitytaknyga.lt\/wp-content\/uploads\/2025\/09\/Pavojingi-zaidimai.webp\",\"width\":300,\"height\":422,\"caption\":\"Pavojingi \u017eaidimai\"},{\"@type\":\"BreadcrumbList\",\"@id\":\"https:\/\/skaitytaknyga.lt\/produktas\/pavojingi-zaidimai\/#breadcrumb\",\"itemListElement\":[{\"@type\":\"ListItem\",\"position\":1,\"name\":\"Home\",\"item\":\"https:\/\/skaitytaknyga.lt\/\"},{\"@type\":\"ListItem\",\"position\":2,\"name\":\"Parduotuv\u0117\",\"item\":\"https:\/\/skaitytaknyga.lt\/knygu-parduotuve\/\"},{\"@type\":\"ListItem\",\"position\":3,\"name\":\"Pavojingi \u017eaidimai\"}]},{\"@type\":\"WebSite\",\"@id\":\"https:\/\/skaitytaknyga.lt\/#website\",\"url\":\"https:\/\/skaitytaknyga.lt\/\",\"name\":\"skaitytaknyga.lt\",\"description\":\"Skaitytaknyga.lt \u2013 tai ma\u017eas \u0161eimos verslas, kuris prasid\u0117jo nuo meil\u0117s knygoms ir siekio i\u0161gelb\u0117ti knygas nuo likimo prie konteinerio. Kas vienam nereikalingas daiktas \u2013 kitam lobis, o mes esame tarpininkai, kurie padeda abiems tapti laimingesniems ???? \u017dinome kaip nelengva i\u0161gyventi ma\u017eiems verslams, tad nuo \u0161iol, \u010dia rasite ir kit\u0173, ma\u017e\u0173 \u0161eim\u0173 versl\u0173, rank\u0173 darbo, dovan\u0173 sau ir artimiesiems.\",\"publisher\":{\"@id\":\"https:\/\/skaitytaknyga.lt\/#organization\"},\"potentialAction\":[{\"@type\":\"SearchAction\",\"target\":{\"@type\":\"EntryPoint\",\"urlTemplate\":\"https:\/\/skaitytaknyga.lt\/?s={search_term_string}\"},\"query-input\":{\"@type\":\"PropertyValueSpecification\",\"valueRequired\":true,\"valueName\":\"search_term_string\"}}],\"inLanguage\":\"en-GB\"},{\"@type\":\"Organization\",\"@id\":\"https:\/\/skaitytaknyga.lt\/#organization\",\"name\":\"skaitytaknyga.lt\",\"url\":\"https:\/\/skaitytaknyga.lt\/\",\"logo\":{\"@type\":\"ImageObject\",\"inLanguage\":\"en-GB\",\"@id\":\"https:\/\/skaitytaknyga.lt\/#\/schema\/logo\/image\/\",\"url\":\"https:\/\/skaitytaknyga.lt\/wp-content\/uploads\/2024\/05\/cropped-cropped-cropped-02_00843_jt3bggkj1j3HLc7SyY6rEUpg.jpeg\",\"contentUrl\":\"https:\/\/skaitytaknyga.lt\/wp-content\/uploads\/2024\/05\/cropped-cropped-cropped-02_00843_jt3bggkj1j3HLc7SyY6rEUpg.jpeg\",\"width\":1600,\"height\":1600,\"caption\":\"skaitytaknyga.lt\"},\"image\":{\"@id\":\"https:\/\/skaitytaknyga.lt\/#\/schema\/logo\/image\/\"},\"sameAs\":[\"https:\/\/www.facebook.com\/skaitytaknyga\/\"]}]}<\/script>\n<!-- \/ Yoast SEO plugin. -->","yoast_head_json":{"title":"Pavojingi \u017eaidimai","description":"D\u017eoselina Batler turi paslapt\u012f. Kankinama praeities demon\u0173, vos sulaukusi 18-kos, ji palieka Vird\u017einijos valstij\u0105 ir i\u0161vyksta gyventi \u012f kit\u0105 Atlanto","robots":{"index":"index","follow":"follow","max-snippet":"max-snippet:-1","max-image-preview":"max-image-preview:large","max-video-preview":"max-video-preview:-1"},"canonical":"https:\/\/skaitytaknyga.lt\/en\/produktas\/pavojingi-zaidimai\/","og_locale":"en_GB","og_type":"article","og_title":"[:lt]Pavojingi \u017eaidimai[:] - Skaitytaknyga","og_description":"D\u017eoselina Batler turi paslapt\u012f. Kankinama praeities demon\u0173, vos sulaukusi 18-kos, ji palieka Vird\u017einijos valstij\u0105 ir i\u0161vyksta gyventi \u012f kit\u0105 Atlanto","og_url":"https:\/\/skaitytaknyga.lt\/en\/produktas\/pavojingi-zaidimai\/","og_site_name":"Skaitytaknyga","article_publisher":"https:\/\/www.facebook.com\/skaitytaknyga\/","article_modified_time":"2026-03-18T10:41:06+00:00","og_image":[{"width":300,"height":422,"url":"https:\/\/skaitytaknyga.lt\/wp-content\/uploads\/2025\/09\/Pavojingi-zaidimai.webp","type":"image\/webp"}],"twitter_card":"summary_large_image","twitter_misc":{"Estimated reading time":"1 minute"},"schema":{"@context":"https:\/\/schema.org","@graph":[{"@type":"WebPage","@id":"https:\/\/skaitytaknyga.lt\/produktas\/pavojingi-zaidimai\/","url":"https:\/\/skaitytaknyga.lt\/produktas\/pavojingi-zaidimai\/","name":"Pavojingi \u017eaidimai","isPartOf":{"@id":"https:\/\/skaitytaknyga.lt\/#website"},"primaryImageOfPage":{"@id":"https:\/\/skaitytaknyga.lt\/produktas\/pavojingi-zaidimai\/#primaryimage"},"image":{"@id":"https:\/\/skaitytaknyga.lt\/produktas\/pavojingi-zaidimai\/#primaryimage"},"thumbnailUrl":"https:\/\/skaitytaknyga.lt\/wp-content\/uploads\/2025\/09\/Pavojingi-zaidimai.webp","datePublished":"2025-09-13T12:44:16+00:00","dateModified":"2026-03-18T10:41:06+00:00","description":"D\u017eoselina Batler turi paslapt\u012f. Kankinama praeities demon\u0173, vos sulaukusi 18-kos, ji palieka Vird\u017einijos valstij\u0105 ir i\u0161vyksta gyventi \u012f kit\u0105 Atlanto","breadcrumb":{"@id":"https:\/\/skaitytaknyga.lt\/produktas\/pavojingi-zaidimai\/#breadcrumb"},"inLanguage":"en-GB","potentialAction":[{"@type":"ReadAction","target":["https:\/\/skaitytaknyga.lt\/produktas\/pavojingi-zaidimai\/"]}]},{"@type":"ImageObject","inLanguage":"en-GB","@id":"https:\/\/skaitytaknyga.lt\/produktas\/pavojingi-zaidimai\/#primaryimage","url":"https:\/\/skaitytaknyga.lt\/wp-content\/uploads\/2025\/09\/Pavojingi-zaidimai.webp","contentUrl":"https:\/\/skaitytaknyga.lt\/wp-content\/uploads\/2025\/09\/Pavojingi-zaidimai.webp","width":300,"height":422,"caption":"Pavojingi \u017eaidimai"},{"@type":"BreadcrumbList","@id":"https:\/\/skaitytaknyga.lt\/produktas\/pavojingi-zaidimai\/#breadcrumb","itemListElement":[{"@type":"ListItem","position":1,"name":"Home","item":"https:\/\/skaitytaknyga.lt\/"},{"@type":"ListItem","position":2,"name":"Parduotuv\u0117","item":"https:\/\/skaitytaknyga.lt\/knygu-parduotuve\/"},{"@type":"ListItem","position":3,"name":"Pavojingi \u017eaidimai"}]},{"@type":"WebSite","@id":"https:\/\/skaitytaknyga.lt\/#website","url":"https:\/\/skaitytaknyga.lt\/","name":"skaitytaknyga.lt","description":"Skaitytaknyga.lt \u2013 tai ma\u017eas \u0161eimos verslas, kuris prasid\u0117jo nuo meil\u0117s knygoms ir siekio i\u0161gelb\u0117ti knygas nuo likimo prie konteinerio. Kas vienam nereikalingas daiktas \u2013 kitam lobis, o mes esame tarpininkai, kurie padeda abiems tapti laimingesniems ???? \u017dinome kaip nelengva i\u0161gyventi ma\u017eiems verslams, tad nuo \u0161iol, \u010dia rasite ir kit\u0173, ma\u017e\u0173 \u0161eim\u0173 versl\u0173, rank\u0173 darbo, dovan\u0173 sau ir artimiesiems.","publisher":{"@id":"https:\/\/skaitytaknyga.lt\/#organization"},"potentialAction":[{"@type":"SearchAction","target":{"@type":"EntryPoint","urlTemplate":"https:\/\/skaitytaknyga.lt\/?s={search_term_string}"},"query-input":{"@type":"PropertyValueSpecification","valueRequired":true,"valueName":"search_term_string"}}],"inLanguage":"en-GB"},{"@type":"Organization","@id":"https:\/\/skaitytaknyga.lt\/#organization","name":"skaitytaknyga.lt","url":"https:\/\/skaitytaknyga.lt\/","logo":{"@type":"ImageObject","inLanguage":"en-GB","@id":"https:\/\/skaitytaknyga.lt\/#\/schema\/logo\/image\/","url":"https:\/\/skaitytaknyga.lt\/wp-content\/uploads\/2024\/05\/cropped-cropped-cropped-02_00843_jt3bggkj1j3HLc7SyY6rEUpg.jpeg","contentUrl":"https:\/\/skaitytaknyga.lt\/wp-content\/uploads\/2024\/05\/cropped-cropped-cropped-02_00843_jt3bggkj1j3HLc7SyY6rEUpg.jpeg","width":1600,"height":1600,"caption":"skaitytaknyga.lt"},"image":{"@id":"https:\/\/skaitytaknyga.lt\/#\/schema\/logo\/image\/"},"sameAs":["https:\/\/www.facebook.com\/skaitytaknyga\/"]}]}},"_links":{"self":[{"href":"https:\/\/skaitytaknyga.lt\/en\/wp-json\/wp\/v2\/product\/20782","targetHints":{"allow":["GET"]}}],"collection":[{"href":"https:\/\/skaitytaknyga.lt\/en\/wp-json\/wp\/v2\/product"}],"about":[{"href":"https:\/\/skaitytaknyga.lt\/en\/wp-json\/wp\/v2\/types\/product"}],"replies":[{"embeddable":true,"href":"https:\/\/skaitytaknyga.lt\/en\/wp-json\/wp\/v2\/comments?post=20782"}],"wp:featuredmedia":[{"embeddable":true,"href":"https:\/\/skaitytaknyga.lt\/en\/wp-json\/wp\/v2\/media\/20792"}],"wp:attachment":[{"href":"https:\/\/skaitytaknyga.lt\/en\/wp-json\/wp\/v2\/media?parent=20782"}],"wp:term":[{"taxonomy":"product_brand","embeddable":true,"href":"https:\/\/skaitytaknyga.lt\/en\/wp-json\/wp\/v2\/product_brand?post=20782"},{"taxonomy":"product_cat","embeddable":true,"href":"https:\/\/skaitytaknyga.lt\/en\/wp-json\/wp\/v2\/product_cat?post=20782"},{"taxonomy":"product_tag","embeddable":true,"href":"https:\/\/skaitytaknyga.lt\/en\/wp-json\/wp\/v2\/product_tag?post=20782"}],"curies":[{"name":"wp","href":"https:\/\/api.w.org\/{rel}","templated":true}]}}