{"id":20781,"date":"2025-09-13T15:44:16","date_gmt":"2025-09-13T12:44:16","guid":{"rendered":"https:\/\/skaitytaknyga.lt\/?post_type=product&#038;p=20781"},"modified":"2026-03-18T14:59:43","modified_gmt":"2026-03-18T12:59:43","slug":"lietuviskosios-knygos-istorija-1-dalis-mazosios-lietuvos-knyga","status":"publish","type":"product","link":"https:\/\/skaitytaknyga.lt\/en\/produktas\/lietuviskosios-knygos-istorija-1-dalis-mazosios-lietuvos-knyga\/","title":{"rendered":"Lietuvi\u0161kosios knygos istorija (1 dalis). Ma\u017eosios Lietuvos knyga"},"content":{"rendered":"<p>Turinys: Knygos atsiradimas ir raida feodalin\u0117je baud\u017eiavin\u0117je epochoje (1547-1807). Knygos raida centralizuotos vokie\u010di\u0173 valstyb\u0117s k\u016brimosi ir stipr\u0117jimo s\u0105lygomis (1808-1919). Knygos b\u016bkl\u0117 Ma\u017eosios Lietuvos padalijimo ir Lietuvos-Vokietijos politin\u0117s konfrontacijos did\u0117jimo s\u0105lygomis (1920-1940).<\/p>\n","protected":false},"excerpt":{"rendered":"<p>Turinys: Knygos atsiradimas ir raida feodalin\u0117je baud\u017eiavin\u0117je epochoje (1547-1807). Knygos raida centralizuotos vokie\u010di\u0173 valstyb\u0117s k\u016brimosi ir stipr\u0117jimo s\u0105lygomis (1808-1919). Knygos b\u016bkl\u0117 Ma\u017eosios Lietuvos padalijimo ir Lietuvos-Vokietijos politin\u0117s konfrontacijos did\u0117jimo s\u0105lygomis (1920-1940).<\/p>\n","protected":false},"featured_media":20791,"comment_status":"open","ping_status":"closed","template":"","meta":{"_acf_changed":false,"site-sidebar-layout":"default","site-content-layout":"","ast-site-content-layout":"default","site-content-style":"default","site-sidebar-style":"default","ast-global-header-display":"","ast-banner-title-visibility":"","ast-main-header-display":"","ast-hfb-above-header-display":"","ast-hfb-below-header-display":"","ast-hfb-mobile-header-display":"","site-post-title":"","ast-breadcrumbs-content":"","ast-featured-img":"","footer-sml-layout":"","ast-disable-related-posts":"","theme-transparent-header-meta":"","adv-header-id-meta":"","stick-header-meta":"","header-above-stick-meta":"","header-main-stick-meta":"","header-below-stick-meta":"","astra-migrate-meta-layouts":"default","ast-page-background-enabled":"default","ast-page-background-meta":{"desktop":{"background-color":"","background-image":"","background-repeat":"repeat","background-position":"center center","background-size":"auto","background-attachment":"scroll","background-type":"","background-media":"","overlay-type":"","overlay-color":"","overlay-opacity":"","overlay-gradient":""},"tablet":{"background-color":"","background-image":"","background-repeat":"repeat","background-position":"center center","background-size":"auto","background-attachment":"scroll","background-type":"","background-media":"","overlay-type":"","overlay-color":"","overlay-opacity":"","overlay-gradient":""},"mobile":{"background-color":"","background-image":"","background-repeat":"repeat","background-position":"center center","background-size":"auto","background-attachment":"scroll","background-type":"","background-media":"","overlay-type":"","overlay-color":"","overlay-opacity":"","overlay-gradient":""}},"ast-content-background-meta":{"desktop":{"background-color":"var(--ast-global-color-4)","background-image":"","background-repeat":"repeat","background-position":"center center","background-size":"auto","background-attachment":"scroll","background-type":"","background-media":"","overlay-type":"","overlay-color":"","overlay-opacity":"","overlay-gradient":""},"tablet":{"background-color":"var(--ast-global-color-4)","background-image":"","background-repeat":"repeat","background-position":"center center","background-size":"auto","background-attachment":"scroll","background-type":"","background-media":"","overlay-type":"","overlay-color":"","overlay-opacity":"","overlay-gradient":""},"mobile":{"background-color":"var(--ast-global-color-4)","background-image":"","background-repeat":"repeat","background-position":"center center","background-size":"auto","background-attachment":"scroll","background-type":"","background-media":"","overlay-type":"","overlay-color":"","overlay-opacity":"","overlay-gradient":""}}},"product_brand":[],"product_cat":[174,9862],"product_tag":[8779,8780,7795,5442,2814],"class_list":{"0":"post-20781","1":"product","2":"type-product","3":"status-publish","4":"has-post-thumbnail","6":"product_cat-istorija-ir-politologija","7":"product_cat-lietuvos-istorija","8":"product_tag-domas-kaunas","9":"product_tag-feodaline-epocha","10":"product_tag-knygos-istorija","11":"product_tag-literaturos-raida","12":"product_tag-mazoji-lietuva","13":"desktop-align-left","14":"tablet-align-left","15":"mobile-align-left","17":"first","18":"instock","19":"shipping-taxable","20":"purchasable","21":"product-type-simple"},"acf":[],"yoast_head":"<!-- This site is optimized with the Yoast SEO plugin v27.4 - https:\/\/yoast.com\/product\/yoast-seo-wordpress\/ -->\n<title>Lietuvi\u0161kosios knygos istorija (1 dalis). Ma\u017eosios Lietuvos knyga<\/title>\n<meta name=\"description\" content=\"Turinys: Knygos atsiradimas ir raida feodalin\u0117je baud\u017eiavin\u0117je epochoje (1547-1807). Knygos raida centralizuotos vokie\u010di\u0173 valstyb\u0117s k\u016brimosi ir stipr\u0117jimo\" \/>\n<meta name=\"robots\" content=\"index, follow, max-snippet:-1, max-image-preview:large, max-video-preview:-1\" \/>\n<link rel=\"canonical\" href=\"https:\/\/skaitytaknyga.lt\/en\/produktas\/lietuviskosios-knygos-istorija-1-dalis-mazosios-lietuvos-knyga\/\" \/>\n<meta property=\"og:locale\" content=\"en_GB\" \/>\n<meta property=\"og:locale:alternate\" content=\"lt_LT\" \/>\n<meta property=\"og:type\" content=\"article\" \/>\n<meta property=\"og:title\" content=\"Lietuvi\u0161kosios knygos istorija (1 dalis). Ma\u017eosios Lietuvos knyga\" \/>\n<meta property=\"og:description\" content=\"Turinys: Knygos atsiradimas ir raida feodalin\u0117je baud\u017eiavin\u0117je epochoje (1547-1807). Knygos raida centralizuotos vokie\u010di\u0173 valstyb\u0117s k\u016brimosi ir stipr\u0117jimo\" \/>\n<meta property=\"og:url\" content=\"https:\/\/skaitytaknyga.lt\/en\/produktas\/lietuviskosios-knygos-istorija-1-dalis-mazosios-lietuvos-knyga\/\" \/>\n<meta property=\"og:site_name\" content=\"Skaitytaknyga\" \/>\n<meta property=\"article:publisher\" content=\"https:\/\/www.facebook.com\/skaitytaknyga\/\" \/>\n<meta property=\"article:modified_time\" content=\"2026-03-18T12:59:43+00:00\" \/>\n<meta property=\"og:image\" content=\"https:\/\/skaitytaknyga.lt\/wp-content\/uploads\/2025\/09\/Lietuviskosios-knygos-istorija-1-dalis.-Mazosios-Lietuvos-knyga-1-e1757769642127.webp\" \/>\n\t<meta property=\"og:image:width\" content=\"258\" \/>\n\t<meta property=\"og:image:height\" content=\"350\" \/>\n\t<meta property=\"og:image:type\" content=\"image\/webp\" \/>\n<meta name=\"twitter:card\" content=\"summary_large_image\" \/>\n<script type=\"application\/ld+json\" class=\"yoast-schema-graph\">{\"@context\":\"https:\\\/\\\/schema.org\",\"@graph\":[{\"@type\":\"WebPage\",\"@id\":\"https:\\\/\\\/skaitytaknyga.lt\\\/produktas\\\/lietuviskosios-knygos-istorija-1-dalis-mazosios-lietuvos-knyga\\\/\",\"url\":\"https:\\\/\\\/skaitytaknyga.lt\\\/produktas\\\/lietuviskosios-knygos-istorija-1-dalis-mazosios-lietuvos-knyga\\\/\",\"name\":\"Lietuvi\u0161kosios knygos istorija (1 dalis). Ma\u017eosios Lietuvos knyga\",\"isPartOf\":{\"@id\":\"https:\\\/\\\/skaitytaknyga.lt\\\/#website\"},\"primaryImageOfPage\":{\"@id\":\"https:\\\/\\\/skaitytaknyga.lt\\\/produktas\\\/lietuviskosios-knygos-istorija-1-dalis-mazosios-lietuvos-knyga\\\/#primaryimage\"},\"image\":{\"@id\":\"https:\\\/\\\/skaitytaknyga.lt\\\/produktas\\\/lietuviskosios-knygos-istorija-1-dalis-mazosios-lietuvos-knyga\\\/#primaryimage\"},\"thumbnailUrl\":\"https:\\\/\\\/skaitytaknyga.lt\\\/wp-content\\\/uploads\\\/2025\\\/09\\\/Lietuviskosios-knygos-istorija-1-dalis.-Mazosios-Lietuvos-knyga-1-e1757769642127.webp\",\"datePublished\":\"2025-09-13T12:44:16+00:00\",\"dateModified\":\"2026-03-18T12:59:43+00:00\",\"description\":\"Turinys: Knygos atsiradimas ir raida feodalin\u0117je baud\u017eiavin\u0117je epochoje (1547-1807). Knygos raida centralizuotos vokie\u010di\u0173 valstyb\u0117s k\u016brimosi ir stipr\u0117jimo\",\"breadcrumb\":{\"@id\":\"https:\\\/\\\/skaitytaknyga.lt\\\/produktas\\\/lietuviskosios-knygos-istorija-1-dalis-mazosios-lietuvos-knyga\\\/#breadcrumb\"},\"inLanguage\":\"en-GB\",\"potentialAction\":[{\"@type\":\"ReadAction\",\"target\":[\"https:\\\/\\\/skaitytaknyga.lt\\\/produktas\\\/lietuviskosios-knygos-istorija-1-dalis-mazosios-lietuvos-knyga\\\/\"]}]},{\"@type\":\"ImageObject\",\"inLanguage\":\"en-GB\",\"@id\":\"https:\\\/\\\/skaitytaknyga.lt\\\/produktas\\\/lietuviskosios-knygos-istorija-1-dalis-mazosios-lietuvos-knyga\\\/#primaryimage\",\"url\":\"https:\\\/\\\/skaitytaknyga.lt\\\/wp-content\\\/uploads\\\/2025\\\/09\\\/Lietuviskosios-knygos-istorija-1-dalis.-Mazosios-Lietuvos-knyga-1-e1757769642127.webp\",\"contentUrl\":\"https:\\\/\\\/skaitytaknyga.lt\\\/wp-content\\\/uploads\\\/2025\\\/09\\\/Lietuviskosios-knygos-istorija-1-dalis.-Mazosios-Lietuvos-knyga-1-e1757769642127.webp\",\"width\":258,\"height\":350},{\"@type\":\"BreadcrumbList\",\"@id\":\"https:\\\/\\\/skaitytaknyga.lt\\\/produktas\\\/lietuviskosios-knygos-istorija-1-dalis-mazosios-lietuvos-knyga\\\/#breadcrumb\",\"itemListElement\":[{\"@type\":\"ListItem\",\"position\":1,\"name\":\"Home\",\"item\":\"https:\\\/\\\/skaitytaknyga.lt\\\/\"},{\"@type\":\"ListItem\",\"position\":2,\"name\":\"Parduotuv\u0117\",\"item\":\"https:\\\/\\\/skaitytaknyga.lt\\\/knygu-parduotuve\\\/\"},{\"@type\":\"ListItem\",\"position\":3,\"name\":\"Lietuvi\u0161kosios knygos istorija (1 dalis). Ma\u017eosios Lietuvos knyga\"}]},{\"@type\":\"WebSite\",\"@id\":\"https:\\\/\\\/skaitytaknyga.lt\\\/#website\",\"url\":\"https:\\\/\\\/skaitytaknyga.lt\\\/\",\"name\":\"skaitytaknyga.lt\",\"description\":\"Skaitytaknyga.lt \u2013 tai ma\u017eas \u0161eimos verslas, kuris prasid\u0117jo nuo meil\u0117s knygoms ir siekio i\u0161gelb\u0117ti knygas nuo likimo prie konteinerio. Kas vienam nereikalingas daiktas \u2013 kitam lobis, o mes esame tarpininkai, kurie padeda abiems tapti laimingesniems ???? \u017dinome kaip nelengva i\u0161gyventi ma\u017eiems verslams, tad nuo \u0161iol, \u010dia rasite ir kit\u0173, ma\u017e\u0173 \u0161eim\u0173 versl\u0173, rank\u0173 darbo, dovan\u0173 sau ir artimiesiems.\",\"publisher\":{\"@id\":\"https:\\\/\\\/skaitytaknyga.lt\\\/#organization\"},\"potentialAction\":[{\"@type\":\"SearchAction\",\"target\":{\"@type\":\"EntryPoint\",\"urlTemplate\":\"https:\\\/\\\/skaitytaknyga.lt\\\/?s={search_term_string}\"},\"query-input\":{\"@type\":\"PropertyValueSpecification\",\"valueRequired\":true,\"valueName\":\"search_term_string\"}}],\"inLanguage\":\"en-GB\"},{\"@type\":\"Organization\",\"@id\":\"https:\\\/\\\/skaitytaknyga.lt\\\/#organization\",\"name\":\"skaitytaknyga.lt\",\"url\":\"https:\\\/\\\/skaitytaknyga.lt\\\/\",\"logo\":{\"@type\":\"ImageObject\",\"inLanguage\":\"en-GB\",\"@id\":\"https:\\\/\\\/skaitytaknyga.lt\\\/#\\\/schema\\\/logo\\\/image\\\/\",\"url\":\"https:\\\/\\\/skaitytaknyga.lt\\\/wp-content\\\/uploads\\\/2024\\\/05\\\/cropped-cropped-cropped-02_00843_jt3bggkj1j3HLc7SyY6rEUpg.jpeg\",\"contentUrl\":\"https:\\\/\\\/skaitytaknyga.lt\\\/wp-content\\\/uploads\\\/2024\\\/05\\\/cropped-cropped-cropped-02_00843_jt3bggkj1j3HLc7SyY6rEUpg.jpeg\",\"width\":1600,\"height\":1600,\"caption\":\"skaitytaknyga.lt\"},\"image\":{\"@id\":\"https:\\\/\\\/skaitytaknyga.lt\\\/#\\\/schema\\\/logo\\\/image\\\/\"},\"sameAs\":[\"https:\\\/\\\/www.facebook.com\\\/skaitytaknyga\\\/\"]}]}<\/script>\n<!-- \/ Yoast SEO plugin. -->","yoast_head_json":{"title":"Lietuvi\u0161kosios knygos istorija (1 dalis). Ma\u017eosios Lietuvos knyga","description":"Turinys: Knygos atsiradimas ir raida feodalin\u0117je baud\u017eiavin\u0117je epochoje (1547-1807). Knygos raida centralizuotos vokie\u010di\u0173 valstyb\u0117s k\u016brimosi ir stipr\u0117jimo","robots":{"index":"index","follow":"follow","max-snippet":"max-snippet:-1","max-image-preview":"max-image-preview:large","max-video-preview":"max-video-preview:-1"},"canonical":"https:\/\/skaitytaknyga.lt\/en\/produktas\/lietuviskosios-knygos-istorija-1-dalis-mazosios-lietuvos-knyga\/","og_locale":"en_GB","og_type":"article","og_title":"[:lt]Lietuvi\u0161kosios knygos istorija (1 dalis). Ma\u017eosios Lietuvos knyga[:] - Skaitytaknyga","og_description":"Turinys: Knygos atsiradimas ir raida feodalin\u0117je baud\u017eiavin\u0117je epochoje (1547-1807). Knygos raida centralizuotos vokie\u010di\u0173 valstyb\u0117s k\u016brimosi ir stipr\u0117jimo","og_url":"https:\/\/skaitytaknyga.lt\/en\/produktas\/lietuviskosios-knygos-istorija-1-dalis-mazosios-lietuvos-knyga\/","og_site_name":"Skaitytaknyga","article_publisher":"https:\/\/www.facebook.com\/skaitytaknyga\/","article_modified_time":"2026-03-18T12:59:43+00:00","og_image":[{"width":258,"height":350,"url":"https:\/\/skaitytaknyga.lt\/wp-content\/uploads\/2025\/09\/Lietuviskosios-knygos-istorija-1-dalis.-Mazosios-Lietuvos-knyga-1-e1757769642127.webp","type":"image\/webp"}],"twitter_card":"summary_large_image","schema":{"@context":"https:\/\/schema.org","@graph":[{"@type":"WebPage","@id":"https:\/\/skaitytaknyga.lt\/produktas\/lietuviskosios-knygos-istorija-1-dalis-mazosios-lietuvos-knyga\/","url":"https:\/\/skaitytaknyga.lt\/produktas\/lietuviskosios-knygos-istorija-1-dalis-mazosios-lietuvos-knyga\/","name":"Lietuvi\u0161kosios knygos istorija (1 dalis). Ma\u017eosios Lietuvos knyga","isPartOf":{"@id":"https:\/\/skaitytaknyga.lt\/#website"},"primaryImageOfPage":{"@id":"https:\/\/skaitytaknyga.lt\/produktas\/lietuviskosios-knygos-istorija-1-dalis-mazosios-lietuvos-knyga\/#primaryimage"},"image":{"@id":"https:\/\/skaitytaknyga.lt\/produktas\/lietuviskosios-knygos-istorija-1-dalis-mazosios-lietuvos-knyga\/#primaryimage"},"thumbnailUrl":"https:\/\/skaitytaknyga.lt\/wp-content\/uploads\/2025\/09\/Lietuviskosios-knygos-istorija-1-dalis.-Mazosios-Lietuvos-knyga-1-e1757769642127.webp","datePublished":"2025-09-13T12:44:16+00:00","dateModified":"2026-03-18T12:59:43+00:00","description":"Turinys: Knygos atsiradimas ir raida feodalin\u0117je baud\u017eiavin\u0117je epochoje (1547-1807). Knygos raida centralizuotos vokie\u010di\u0173 valstyb\u0117s k\u016brimosi ir stipr\u0117jimo","breadcrumb":{"@id":"https:\/\/skaitytaknyga.lt\/produktas\/lietuviskosios-knygos-istorija-1-dalis-mazosios-lietuvos-knyga\/#breadcrumb"},"inLanguage":"en-GB","potentialAction":[{"@type":"ReadAction","target":["https:\/\/skaitytaknyga.lt\/produktas\/lietuviskosios-knygos-istorija-1-dalis-mazosios-lietuvos-knyga\/"]}]},{"@type":"ImageObject","inLanguage":"en-GB","@id":"https:\/\/skaitytaknyga.lt\/produktas\/lietuviskosios-knygos-istorija-1-dalis-mazosios-lietuvos-knyga\/#primaryimage","url":"https:\/\/skaitytaknyga.lt\/wp-content\/uploads\/2025\/09\/Lietuviskosios-knygos-istorija-1-dalis.-Mazosios-Lietuvos-knyga-1-e1757769642127.webp","contentUrl":"https:\/\/skaitytaknyga.lt\/wp-content\/uploads\/2025\/09\/Lietuviskosios-knygos-istorija-1-dalis.-Mazosios-Lietuvos-knyga-1-e1757769642127.webp","width":258,"height":350},{"@type":"BreadcrumbList","@id":"https:\/\/skaitytaknyga.lt\/produktas\/lietuviskosios-knygos-istorija-1-dalis-mazosios-lietuvos-knyga\/#breadcrumb","itemListElement":[{"@type":"ListItem","position":1,"name":"Home","item":"https:\/\/skaitytaknyga.lt\/"},{"@type":"ListItem","position":2,"name":"Parduotuv\u0117","item":"https:\/\/skaitytaknyga.lt\/knygu-parduotuve\/"},{"@type":"ListItem","position":3,"name":"Lietuvi\u0161kosios knygos istorija (1 dalis). Ma\u017eosios Lietuvos knyga"}]},{"@type":"WebSite","@id":"https:\/\/skaitytaknyga.lt\/#website","url":"https:\/\/skaitytaknyga.lt\/","name":"skaitytaknyga.lt","description":"Skaitytaknyga.lt \u2013 tai ma\u017eas \u0161eimos verslas, kuris prasid\u0117jo nuo meil\u0117s knygoms ir siekio i\u0161gelb\u0117ti knygas nuo likimo prie konteinerio. Kas vienam nereikalingas daiktas \u2013 kitam lobis, o mes esame tarpininkai, kurie padeda abiems tapti laimingesniems ???? \u017dinome kaip nelengva i\u0161gyventi ma\u017eiems verslams, tad nuo \u0161iol, \u010dia rasite ir kit\u0173, ma\u017e\u0173 \u0161eim\u0173 versl\u0173, rank\u0173 darbo, dovan\u0173 sau ir artimiesiems.","publisher":{"@id":"https:\/\/skaitytaknyga.lt\/#organization"},"potentialAction":[{"@type":"SearchAction","target":{"@type":"EntryPoint","urlTemplate":"https:\/\/skaitytaknyga.lt\/?s={search_term_string}"},"query-input":{"@type":"PropertyValueSpecification","valueRequired":true,"valueName":"search_term_string"}}],"inLanguage":"en-GB"},{"@type":"Organization","@id":"https:\/\/skaitytaknyga.lt\/#organization","name":"skaitytaknyga.lt","url":"https:\/\/skaitytaknyga.lt\/","logo":{"@type":"ImageObject","inLanguage":"en-GB","@id":"https:\/\/skaitytaknyga.lt\/#\/schema\/logo\/image\/","url":"https:\/\/skaitytaknyga.lt\/wp-content\/uploads\/2024\/05\/cropped-cropped-cropped-02_00843_jt3bggkj1j3HLc7SyY6rEUpg.jpeg","contentUrl":"https:\/\/skaitytaknyga.lt\/wp-content\/uploads\/2024\/05\/cropped-cropped-cropped-02_00843_jt3bggkj1j3HLc7SyY6rEUpg.jpeg","width":1600,"height":1600,"caption":"skaitytaknyga.lt"},"image":{"@id":"https:\/\/skaitytaknyga.lt\/#\/schema\/logo\/image\/"},"sameAs":["https:\/\/www.facebook.com\/skaitytaknyga\/"]}]}},"_links":{"self":[{"href":"https:\/\/skaitytaknyga.lt\/en\/wp-json\/wp\/v2\/product\/20781","targetHints":{"allow":["GET"]}}],"collection":[{"href":"https:\/\/skaitytaknyga.lt\/en\/wp-json\/wp\/v2\/product"}],"about":[{"href":"https:\/\/skaitytaknyga.lt\/en\/wp-json\/wp\/v2\/types\/product"}],"replies":[{"embeddable":true,"href":"https:\/\/skaitytaknyga.lt\/en\/wp-json\/wp\/v2\/comments?post=20781"}],"wp:featuredmedia":[{"embeddable":true,"href":"https:\/\/skaitytaknyga.lt\/en\/wp-json\/wp\/v2\/media\/20791"}],"wp:attachment":[{"href":"https:\/\/skaitytaknyga.lt\/en\/wp-json\/wp\/v2\/media?parent=20781"}],"wp:term":[{"taxonomy":"product_brand","embeddable":true,"href":"https:\/\/skaitytaknyga.lt\/en\/wp-json\/wp\/v2\/product_brand?post=20781"},{"taxonomy":"product_cat","embeddable":true,"href":"https:\/\/skaitytaknyga.lt\/en\/wp-json\/wp\/v2\/product_cat?post=20781"},{"taxonomy":"product_tag","embeddable":true,"href":"https:\/\/skaitytaknyga.lt\/en\/wp-json\/wp\/v2\/product_tag?post=20781"}],"curies":[{"name":"wp","href":"https:\/\/api.w.org\/{rel}","templated":true}]}}