{"id":20775,"date":"2025-09-13T15:07:38","date_gmt":"2025-09-13T12:07:38","guid":{"rendered":"https:\/\/skaitytaknyga.lt\/?post_type=product&#038;p=20775"},"modified":"2025-10-06T13:15:26","modified_gmt":"2025-10-06T10:15:26","slug":"kritiku-draugija-kelios-demeles-ant-virselio","status":"publish","type":"product","link":"https:\/\/skaitytaknyga.lt\/en\/produktas\/kritiku-draugija-kelios-demeles-ant-virselio\/","title":{"rendered":"Kritik\u0173 draugija (kelios d\u0117mel\u0117s ant vir\u0161elio)"},"content":{"rendered":"<p>\u017dvelgdamas \u012f vienuolika \u017eymiausi\u0173 m\u016bs\u0173 laik\u0173 visuomen\u0117s kritik\u0173 (tarp j\u0173 \u2013 George Orwell, Albert Camus, Simone de Beauvoir ir Michel Foucault), garsus \u0161iuolaikinis filosofas nagrin\u0117ja santyk\u012f tarp kritiko ir jo kritikuojamos visuomen\u0117s, kalba apie \u012ftamp\u0105 tarp atsiribojimo nuo visuomen\u0117s ir prisiri\u0161imo prie jos, nuolatos kylan\u010di\u0105 kiekvieno savaranki\u0161kai m\u0105stan\u010dio \u017emogaus s\u0105mon\u0117je.<\/p>\n","protected":false},"excerpt":{"rendered":"<p>\u017dvelgdamas \u012f vienuolika \u017eymiausi\u0173 m\u016bs\u0173 laik\u0173 visuomen\u0117s kritik\u0173 (tarp j\u0173 \u2013 George Orwell, Albert Camus, Simone de Beauvoir ir Michel Foucault), garsus \u0161iuolaikinis filosofas nagrin\u0117ja santyk\u012f tarp kritiko ir jo kritikuojamos visuomen\u0117s, kalba apie \u012ftamp\u0105 tarp atsiribojimo nuo visuomen\u0117s ir prisiri\u0161imo prie jos, nuolatos kylan\u010di\u0105 kiekvieno savaranki\u0161kai m\u0105stan\u010dio \u017emogaus s\u0105mon\u0117je.<\/p>\n","protected":false},"featured_media":20776,"comment_status":"open","ping_status":"closed","template":"","meta":{"_acf_changed":false,"site-sidebar-layout":"default","site-content-layout":"","ast-site-content-layout":"default","site-content-style":"default","site-sidebar-style":"default","ast-global-header-display":"","ast-banner-title-visibility":"","ast-main-header-display":"","ast-hfb-above-header-display":"","ast-hfb-below-header-display":"","ast-hfb-mobile-header-display":"","site-post-title":"","ast-breadcrumbs-content":"","ast-featured-img":"","footer-sml-layout":"","ast-disable-related-posts":"","theme-transparent-header-meta":"","adv-header-id-meta":"","stick-header-meta":"","header-above-stick-meta":"","header-main-stick-meta":"","header-below-stick-meta":"","astra-migrate-meta-layouts":"default","ast-page-background-enabled":"default","ast-page-background-meta":{"desktop":{"background-color":"","background-image":"","background-repeat":"repeat","background-position":"center center","background-size":"auto","background-attachment":"scroll","background-type":"","background-media":"","overlay-type":"","overlay-color":"","overlay-opacity":"","overlay-gradient":""},"tablet":{"background-color":"","background-image":"","background-repeat":"repeat","background-position":"center center","background-size":"auto","background-attachment":"scroll","background-type":"","background-media":"","overlay-type":"","overlay-color":"","overlay-opacity":"","overlay-gradient":""},"mobile":{"background-color":"","background-image":"","background-repeat":"repeat","background-position":"center center","background-size":"auto","background-attachment":"scroll","background-type":"","background-media":"","overlay-type":"","overlay-color":"","overlay-opacity":"","overlay-gradient":""}},"ast-content-background-meta":{"desktop":{"background-color":"var(--ast-global-color-4)","background-image":"","background-repeat":"repeat","background-position":"center center","background-size":"auto","background-attachment":"scroll","background-type":"","background-media":"","overlay-type":"","overlay-color":"","overlay-opacity":"","overlay-gradient":""},"tablet":{"background-color":"var(--ast-global-color-4)","background-image":"","background-repeat":"repeat","background-position":"center center","background-size":"auto","background-attachment":"scroll","background-type":"","background-media":"","overlay-type":"","overlay-color":"","overlay-opacity":"","overlay-gradient":""},"mobile":{"background-color":"var(--ast-global-color-4)","background-image":"","background-repeat":"repeat","background-position":"center center","background-size":"auto","background-attachment":"scroll","background-type":"","background-media":"","overlay-type":"","overlay-color":"","overlay-opacity":"","overlay-gradient":""}}},"product_brand":[],"product_cat":[15],"product_tag":[1467,8765,8763,2834,3406,8764],"class_list":{"0":"post-20775","1":"product","2":"type-product","3":"status-publish","4":"has-post-thumbnail","6":"product_cat-uncategorized","7":"product_tag-filosofija","8":"product_tag-kritikai","9":"product_tag-michael-walzer","10":"product_tag-samone","11":"product_tag-socialine-analize","12":"product_tag-visuomenes-kritika","13":"desktop-align-left","14":"tablet-align-left","15":"mobile-align-left","17":"first","18":"instock","19":"shipping-taxable","20":"purchasable","21":"product-type-simple"},"acf":[],"yoast_head":"<!-- This site is optimized with the Yoast SEO plugin v27.0 - https:\/\/yoast.com\/product\/yoast-seo-wordpress\/ -->\n<title>Kritik\u0173 draugija (kelios d\u0117mel\u0117s ant vir\u0161elio)<\/title>\n<meta name=\"description\" content=\"\u017dvelgdamas \u012f vienuolika \u017eymiausi\u0173 m\u016bs\u0173 laik\u0173 visuomen\u0117s kritik\u0173 (tarp j\u0173 \u2013 George Orwell, Albert Camus, Simone de Beauvoir ir Michel Foucault), garsus\" \/>\n<meta name=\"robots\" content=\"index, follow, max-snippet:-1, max-image-preview:large, max-video-preview:-1\" \/>\n<link rel=\"canonical\" href=\"https:\/\/skaitytaknyga.lt\/en\/produktas\/kritiku-draugija-kelios-demeles-ant-virselio\/\" \/>\n<meta property=\"og:locale\" content=\"en_GB\" \/>\n<meta property=\"og:locale:alternate\" content=\"lt_LT\" \/>\n<meta property=\"og:type\" content=\"article\" \/>\n<meta property=\"og:title\" content=\"Kritik\u0173 draugija (kelios d\u0117mel\u0117s ant vir\u0161elio)\" \/>\n<meta property=\"og:description\" content=\"\u017dvelgdamas \u012f vienuolika \u017eymiausi\u0173 m\u016bs\u0173 laik\u0173 visuomen\u0117s kritik\u0173 (tarp j\u0173 \u2013 George Orwell, Albert Camus, Simone de Beauvoir ir Michel Foucault), garsus\" \/>\n<meta property=\"og:url\" content=\"https:\/\/skaitytaknyga.lt\/en\/produktas\/kritiku-draugija-kelios-demeles-ant-virselio\/\" \/>\n<meta property=\"og:site_name\" content=\"Skaitytaknyga\" \/>\n<meta property=\"article:publisher\" content=\"https:\/\/www.facebook.com\/skaitytaknyga\/\" \/>\n<meta property=\"article:modified_time\" content=\"2025-10-06T10:15:26+00:00\" \/>\n<meta property=\"og:image\" content=\"https:\/\/skaitytaknyga.lt\/wp-content\/uploads\/2025\/09\/Kritiku-draugija-1.webp\" \/>\n\t<meta property=\"og:image:width\" content=\"385\" \/>\n\t<meta property=\"og:image:height\" content=\"575\" \/>\n\t<meta property=\"og:image:type\" content=\"image\/webp\" \/>\n<meta name=\"twitter:card\" content=\"summary_large_image\" \/>\n<script type=\"application\/ld+json\" class=\"yoast-schema-graph\">{\"@context\":\"https:\/\/schema.org\",\"@graph\":[{\"@type\":\"WebPage\",\"@id\":\"https:\/\/skaitytaknyga.lt\/produktas\/kritiku-draugija-kelios-demeles-ant-virselio\/\",\"url\":\"https:\/\/skaitytaknyga.lt\/produktas\/kritiku-draugija-kelios-demeles-ant-virselio\/\",\"name\":\"Kritik\u0173 draugija (kelios d\u0117mel\u0117s ant vir\u0161elio)\",\"isPartOf\":{\"@id\":\"https:\/\/skaitytaknyga.lt\/#website\"},\"primaryImageOfPage\":{\"@id\":\"https:\/\/skaitytaknyga.lt\/produktas\/kritiku-draugija-kelios-demeles-ant-virselio\/#primaryimage\"},\"image\":{\"@id\":\"https:\/\/skaitytaknyga.lt\/produktas\/kritiku-draugija-kelios-demeles-ant-virselio\/#primaryimage\"},\"thumbnailUrl\":\"https:\/\/skaitytaknyga.lt\/wp-content\/uploads\/2025\/09\/Kritiku-draugija-1.webp\",\"datePublished\":\"2025-09-13T12:07:38+00:00\",\"dateModified\":\"2025-10-06T10:15:26+00:00\",\"description\":\"\u017dvelgdamas \u012f vienuolika \u017eymiausi\u0173 m\u016bs\u0173 laik\u0173 visuomen\u0117s kritik\u0173 (tarp j\u0173 \u2013 George Orwell, Albert Camus, Simone de Beauvoir ir Michel Foucault), garsus\",\"breadcrumb\":{\"@id\":\"https:\/\/skaitytaknyga.lt\/produktas\/kritiku-draugija-kelios-demeles-ant-virselio\/#breadcrumb\"},\"inLanguage\":\"en-GB\",\"potentialAction\":[{\"@type\":\"ReadAction\",\"target\":[\"https:\/\/skaitytaknyga.lt\/produktas\/kritiku-draugija-kelios-demeles-ant-virselio\/\"]}]},{\"@type\":\"ImageObject\",\"inLanguage\":\"en-GB\",\"@id\":\"https:\/\/skaitytaknyga.lt\/produktas\/kritiku-draugija-kelios-demeles-ant-virselio\/#primaryimage\",\"url\":\"https:\/\/skaitytaknyga.lt\/wp-content\/uploads\/2025\/09\/Kritiku-draugija-1.webp\",\"contentUrl\":\"https:\/\/skaitytaknyga.lt\/wp-content\/uploads\/2025\/09\/Kritiku-draugija-1.webp\",\"width\":385,\"height\":575,\"caption\":\"Kritik\u0173 draugija\"},{\"@type\":\"BreadcrumbList\",\"@id\":\"https:\/\/skaitytaknyga.lt\/produktas\/kritiku-draugija-kelios-demeles-ant-virselio\/#breadcrumb\",\"itemListElement\":[{\"@type\":\"ListItem\",\"position\":1,\"name\":\"Home\",\"item\":\"https:\/\/skaitytaknyga.lt\/\"},{\"@type\":\"ListItem\",\"position\":2,\"name\":\"Parduotuv\u0117\",\"item\":\"https:\/\/skaitytaknyga.lt\/knygu-parduotuve\/\"},{\"@type\":\"ListItem\",\"position\":3,\"name\":\"Kritik\u0173 draugija (kelios d\u0117mel\u0117s ant vir\u0161elio)\"}]},{\"@type\":\"WebSite\",\"@id\":\"https:\/\/skaitytaknyga.lt\/#website\",\"url\":\"https:\/\/skaitytaknyga.lt\/\",\"name\":\"skaitytaknyga.lt\",\"description\":\"Skaitytaknyga.lt \u2013 tai ma\u017eas \u0161eimos verslas, kuris prasid\u0117jo nuo meil\u0117s knygoms ir siekio i\u0161gelb\u0117ti knygas nuo likimo prie konteinerio. Kas vienam nereikalingas daiktas \u2013 kitam lobis, o mes esame tarpininkai, kurie padeda abiems tapti laimingesniems ???? \u017dinome kaip nelengva i\u0161gyventi ma\u017eiems verslams, tad nuo \u0161iol, \u010dia rasite ir kit\u0173, ma\u017e\u0173 \u0161eim\u0173 versl\u0173, rank\u0173 darbo, dovan\u0173 sau ir artimiesiems.\",\"publisher\":{\"@id\":\"https:\/\/skaitytaknyga.lt\/#organization\"},\"potentialAction\":[{\"@type\":\"SearchAction\",\"target\":{\"@type\":\"EntryPoint\",\"urlTemplate\":\"https:\/\/skaitytaknyga.lt\/?s={search_term_string}\"},\"query-input\":{\"@type\":\"PropertyValueSpecification\",\"valueRequired\":true,\"valueName\":\"search_term_string\"}}],\"inLanguage\":\"en-GB\"},{\"@type\":\"Organization\",\"@id\":\"https:\/\/skaitytaknyga.lt\/#organization\",\"name\":\"skaitytaknyga.lt\",\"url\":\"https:\/\/skaitytaknyga.lt\/\",\"logo\":{\"@type\":\"ImageObject\",\"inLanguage\":\"en-GB\",\"@id\":\"https:\/\/skaitytaknyga.lt\/#\/schema\/logo\/image\/\",\"url\":\"https:\/\/skaitytaknyga.lt\/wp-content\/uploads\/2024\/05\/cropped-cropped-cropped-02_00843_jt3bggkj1j3HLc7SyY6rEUpg.jpeg\",\"contentUrl\":\"https:\/\/skaitytaknyga.lt\/wp-content\/uploads\/2024\/05\/cropped-cropped-cropped-02_00843_jt3bggkj1j3HLc7SyY6rEUpg.jpeg\",\"width\":1600,\"height\":1600,\"caption\":\"skaitytaknyga.lt\"},\"image\":{\"@id\":\"https:\/\/skaitytaknyga.lt\/#\/schema\/logo\/image\/\"},\"sameAs\":[\"https:\/\/www.facebook.com\/skaitytaknyga\/\"]}]}<\/script>\n<!-- \/ Yoast SEO plugin. -->","yoast_head_json":{"title":"Kritik\u0173 draugija (kelios d\u0117mel\u0117s ant vir\u0161elio)","description":"\u017dvelgdamas \u012f vienuolika \u017eymiausi\u0173 m\u016bs\u0173 laik\u0173 visuomen\u0117s kritik\u0173 (tarp j\u0173 \u2013 George Orwell, Albert Camus, Simone de Beauvoir ir Michel Foucault), garsus","robots":{"index":"index","follow":"follow","max-snippet":"max-snippet:-1","max-image-preview":"max-image-preview:large","max-video-preview":"max-video-preview:-1"},"canonical":"https:\/\/skaitytaknyga.lt\/en\/produktas\/kritiku-draugija-kelios-demeles-ant-virselio\/","og_locale":"en_GB","og_type":"article","og_title":"[:lt]Kritik\u0173 draugija (kelios d\u0117mel\u0117s ant vir\u0161elio)[:] - Skaitytaknyga","og_description":"\u017dvelgdamas \u012f vienuolika \u017eymiausi\u0173 m\u016bs\u0173 laik\u0173 visuomen\u0117s kritik\u0173 (tarp j\u0173 \u2013 George Orwell, Albert Camus, Simone de Beauvoir ir Michel Foucault), garsus","og_url":"https:\/\/skaitytaknyga.lt\/en\/produktas\/kritiku-draugija-kelios-demeles-ant-virselio\/","og_site_name":"Skaitytaknyga","article_publisher":"https:\/\/www.facebook.com\/skaitytaknyga\/","article_modified_time":"2025-10-06T10:15:26+00:00","og_image":[{"width":385,"height":575,"url":"https:\/\/skaitytaknyga.lt\/wp-content\/uploads\/2025\/09\/Kritiku-draugija-1.webp","type":"image\/webp"}],"twitter_card":"summary_large_image","schema":{"@context":"https:\/\/schema.org","@graph":[{"@type":"WebPage","@id":"https:\/\/skaitytaknyga.lt\/produktas\/kritiku-draugija-kelios-demeles-ant-virselio\/","url":"https:\/\/skaitytaknyga.lt\/produktas\/kritiku-draugija-kelios-demeles-ant-virselio\/","name":"Kritik\u0173 draugija (kelios d\u0117mel\u0117s ant vir\u0161elio)","isPartOf":{"@id":"https:\/\/skaitytaknyga.lt\/#website"},"primaryImageOfPage":{"@id":"https:\/\/skaitytaknyga.lt\/produktas\/kritiku-draugija-kelios-demeles-ant-virselio\/#primaryimage"},"image":{"@id":"https:\/\/skaitytaknyga.lt\/produktas\/kritiku-draugija-kelios-demeles-ant-virselio\/#primaryimage"},"thumbnailUrl":"https:\/\/skaitytaknyga.lt\/wp-content\/uploads\/2025\/09\/Kritiku-draugija-1.webp","datePublished":"2025-09-13T12:07:38+00:00","dateModified":"2025-10-06T10:15:26+00:00","description":"\u017dvelgdamas \u012f vienuolika \u017eymiausi\u0173 m\u016bs\u0173 laik\u0173 visuomen\u0117s kritik\u0173 (tarp j\u0173 \u2013 George Orwell, Albert Camus, Simone de Beauvoir ir Michel Foucault), garsus","breadcrumb":{"@id":"https:\/\/skaitytaknyga.lt\/produktas\/kritiku-draugija-kelios-demeles-ant-virselio\/#breadcrumb"},"inLanguage":"en-GB","potentialAction":[{"@type":"ReadAction","target":["https:\/\/skaitytaknyga.lt\/produktas\/kritiku-draugija-kelios-demeles-ant-virselio\/"]}]},{"@type":"ImageObject","inLanguage":"en-GB","@id":"https:\/\/skaitytaknyga.lt\/produktas\/kritiku-draugija-kelios-demeles-ant-virselio\/#primaryimage","url":"https:\/\/skaitytaknyga.lt\/wp-content\/uploads\/2025\/09\/Kritiku-draugija-1.webp","contentUrl":"https:\/\/skaitytaknyga.lt\/wp-content\/uploads\/2025\/09\/Kritiku-draugija-1.webp","width":385,"height":575,"caption":"Kritik\u0173 draugija"},{"@type":"BreadcrumbList","@id":"https:\/\/skaitytaknyga.lt\/produktas\/kritiku-draugija-kelios-demeles-ant-virselio\/#breadcrumb","itemListElement":[{"@type":"ListItem","position":1,"name":"Home","item":"https:\/\/skaitytaknyga.lt\/"},{"@type":"ListItem","position":2,"name":"Parduotuv\u0117","item":"https:\/\/skaitytaknyga.lt\/knygu-parduotuve\/"},{"@type":"ListItem","position":3,"name":"Kritik\u0173 draugija (kelios d\u0117mel\u0117s ant vir\u0161elio)"}]},{"@type":"WebSite","@id":"https:\/\/skaitytaknyga.lt\/#website","url":"https:\/\/skaitytaknyga.lt\/","name":"skaitytaknyga.lt","description":"Skaitytaknyga.lt \u2013 tai ma\u017eas \u0161eimos verslas, kuris prasid\u0117jo nuo meil\u0117s knygoms ir siekio i\u0161gelb\u0117ti knygas nuo likimo prie konteinerio. Kas vienam nereikalingas daiktas \u2013 kitam lobis, o mes esame tarpininkai, kurie padeda abiems tapti laimingesniems ???? \u017dinome kaip nelengva i\u0161gyventi ma\u017eiems verslams, tad nuo \u0161iol, \u010dia rasite ir kit\u0173, ma\u017e\u0173 \u0161eim\u0173 versl\u0173, rank\u0173 darbo, dovan\u0173 sau ir artimiesiems.","publisher":{"@id":"https:\/\/skaitytaknyga.lt\/#organization"},"potentialAction":[{"@type":"SearchAction","target":{"@type":"EntryPoint","urlTemplate":"https:\/\/skaitytaknyga.lt\/?s={search_term_string}"},"query-input":{"@type":"PropertyValueSpecification","valueRequired":true,"valueName":"search_term_string"}}],"inLanguage":"en-GB"},{"@type":"Organization","@id":"https:\/\/skaitytaknyga.lt\/#organization","name":"skaitytaknyga.lt","url":"https:\/\/skaitytaknyga.lt\/","logo":{"@type":"ImageObject","inLanguage":"en-GB","@id":"https:\/\/skaitytaknyga.lt\/#\/schema\/logo\/image\/","url":"https:\/\/skaitytaknyga.lt\/wp-content\/uploads\/2024\/05\/cropped-cropped-cropped-02_00843_jt3bggkj1j3HLc7SyY6rEUpg.jpeg","contentUrl":"https:\/\/skaitytaknyga.lt\/wp-content\/uploads\/2024\/05\/cropped-cropped-cropped-02_00843_jt3bggkj1j3HLc7SyY6rEUpg.jpeg","width":1600,"height":1600,"caption":"skaitytaknyga.lt"},"image":{"@id":"https:\/\/skaitytaknyga.lt\/#\/schema\/logo\/image\/"},"sameAs":["https:\/\/www.facebook.com\/skaitytaknyga\/"]}]}},"_links":{"self":[{"href":"https:\/\/skaitytaknyga.lt\/en\/wp-json\/wp\/v2\/product\/20775","targetHints":{"allow":["GET"]}}],"collection":[{"href":"https:\/\/skaitytaknyga.lt\/en\/wp-json\/wp\/v2\/product"}],"about":[{"href":"https:\/\/skaitytaknyga.lt\/en\/wp-json\/wp\/v2\/types\/product"}],"replies":[{"embeddable":true,"href":"https:\/\/skaitytaknyga.lt\/en\/wp-json\/wp\/v2\/comments?post=20775"}],"wp:featuredmedia":[{"embeddable":true,"href":"https:\/\/skaitytaknyga.lt\/en\/wp-json\/wp\/v2\/media\/20776"}],"wp:attachment":[{"href":"https:\/\/skaitytaknyga.lt\/en\/wp-json\/wp\/v2\/media?parent=20775"}],"wp:term":[{"taxonomy":"product_brand","embeddable":true,"href":"https:\/\/skaitytaknyga.lt\/en\/wp-json\/wp\/v2\/product_brand?post=20775"},{"taxonomy":"product_cat","embeddable":true,"href":"https:\/\/skaitytaknyga.lt\/en\/wp-json\/wp\/v2\/product_cat?post=20775"},{"taxonomy":"product_tag","embeddable":true,"href":"https:\/\/skaitytaknyga.lt\/en\/wp-json\/wp\/v2\/product_tag?post=20775"}],"curies":[{"name":"wp","href":"https:\/\/api.w.org\/{rel}","templated":true}]}}