{"id":20761,"date":"2025-09-12T20:13:19","date_gmt":"2025-09-12T17:13:19","guid":{"rendered":"https:\/\/skaitytaknyga.lt\/?post_type=product&#038;p=20761"},"modified":"2025-10-06T13:15:26","modified_gmt":"2025-10-06T10:15:26","slug":"lietuvos-teismu-praktika-apzvalgos-konsultacijos-nutarimai-sprendimai-baudziamoji-teise-ir-baudziamasis-procesas-1991-1999-su-defektu","status":"publish","type":"product","link":"https:\/\/skaitytaknyga.lt\/en\/produktas\/lietuvos-teismu-praktika-apzvalgos-konsultacijos-nutarimai-sprendimai-baudziamoji-teise-ir-baudziamasis-procesas-1991-1999-su-defektu\/","title":{"rendered":"Lietuvos teism\u0173 praktika. Ap\u017evalgos, konsultacijos, nutarimai, sprendimai. (Baud\u017eiamoji teis\u0117 ir baud\u017eiamasis procesas) (1991-1999). (su defektu)"},"content":{"rendered":"<p>Antras leidimas<\/p>\n","protected":false},"excerpt":{"rendered":"<p>Antras leidimas<\/p>\n","protected":false},"featured_media":20774,"comment_status":"open","ping_status":"closed","template":"","meta":{"_acf_changed":false,"site-sidebar-layout":"default","site-content-layout":"","ast-site-content-layout":"default","site-content-style":"default","site-sidebar-style":"default","ast-global-header-display":"","ast-banner-title-visibility":"","ast-main-header-display":"","ast-hfb-above-header-display":"","ast-hfb-below-header-display":"","ast-hfb-mobile-header-display":"","site-post-title":"","ast-breadcrumbs-content":"","ast-featured-img":"","footer-sml-layout":"","ast-disable-related-posts":"","theme-transparent-header-meta":"","adv-header-id-meta":"","stick-header-meta":"","header-above-stick-meta":"","header-main-stick-meta":"","header-below-stick-meta":"","astra-migrate-meta-layouts":"default","ast-page-background-enabled":"default","ast-page-background-meta":{"desktop":{"background-color":"","background-image":"","background-repeat":"repeat","background-position":"center center","background-size":"auto","background-attachment":"scroll","background-type":"","background-media":"","overlay-type":"","overlay-color":"","overlay-opacity":"","overlay-gradient":""},"tablet":{"background-color":"","background-image":"","background-repeat":"repeat","background-position":"center center","background-size":"auto","background-attachment":"scroll","background-type":"","background-media":"","overlay-type":"","overlay-color":"","overlay-opacity":"","overlay-gradient":""},"mobile":{"background-color":"","background-image":"","background-repeat":"repeat","background-position":"center center","background-size":"auto","background-attachment":"scroll","background-type":"","background-media":"","overlay-type":"","overlay-color":"","overlay-opacity":"","overlay-gradient":""}},"ast-content-background-meta":{"desktop":{"background-color":"var(--ast-global-color-4)","background-image":"","background-repeat":"repeat","background-position":"center center","background-size":"auto","background-attachment":"scroll","background-type":"","background-media":"","overlay-type":"","overlay-color":"","overlay-opacity":"","overlay-gradient":""},"tablet":{"background-color":"var(--ast-global-color-4)","background-image":"","background-repeat":"repeat","background-position":"center center","background-size":"auto","background-attachment":"scroll","background-type":"","background-media":"","overlay-type":"","overlay-color":"","overlay-opacity":"","overlay-gradient":""},"mobile":{"background-color":"var(--ast-global-color-4)","background-image":"","background-repeat":"repeat","background-position":"center center","background-size":"auto","background-attachment":"scroll","background-type":"","background-media":"","overlay-type":"","overlay-color":"","overlay-opacity":"","overlay-gradient":""}}},"product_brand":[],"product_cat":[15],"product_tag":[8760,8761,8759,8762,2096,7479],"class_list":{"0":"post-20761","1":"product","2":"type-product","3":"status-publish","4":"has-post-thumbnail","6":"product_cat-uncategorized","7":"product_tag-baudziamoji-teise","8":"product_tag-konsultacijos","9":"product_tag-lietuvos-teismai","10":"product_tag-nutarimai","11":"product_tag-teise","12":"product_tag-teismu-praktika","13":"desktop-align-left","14":"tablet-align-left","15":"mobile-align-left","17":"first","18":"instock","19":"shipping-taxable","20":"purchasable","21":"product-type-simple"},"acf":[],"yoast_head":"<!-- This site is optimized with the Yoast SEO plugin v27.0 - https:\/\/yoast.com\/product\/yoast-seo-wordpress\/ -->\n<title>Lietuvos teism\u0173 praktika. Ap\u017evalgos, konsultacijos, nutarimai, sprendimai. (Baud\u017eiamoji teis\u0117 ir baud\u017eiamasis procesas) (1991-1999). (su defektu)<\/title>\n<meta name=\"description\" content=\"Antras leidimas\" \/>\n<meta name=\"robots\" content=\"index, follow, max-snippet:-1, max-image-preview:large, max-video-preview:-1\" \/>\n<link rel=\"canonical\" href=\"https:\/\/skaitytaknyga.lt\/en\/produktas\/lietuvos-teismu-praktika-apzvalgos-konsultacijos-nutarimai-sprendimai-baudziamoji-teise-ir-baudziamasis-procesas-1991-1999-su-defektu\/\" \/>\n<meta property=\"og:locale\" content=\"en_GB\" \/>\n<meta property=\"og:locale:alternate\" content=\"lt_LT\" \/>\n<meta property=\"og:type\" content=\"article\" \/>\n<meta property=\"og:title\" content=\"Lietuvos teism\u0173 praktika. Ap\u017evalgos, konsultacijos, nutarimai, sprendimai. (Baud\u017eiamoji teis\u0117 ir baud\u017eiamasis procesas) (1991-1999). (su defektu)\" \/>\n<meta property=\"og:description\" content=\"Antras leidimas\" \/>\n<meta property=\"og:url\" content=\"https:\/\/skaitytaknyga.lt\/en\/produktas\/lietuvos-teismu-praktika-apzvalgos-konsultacijos-nutarimai-sprendimai-baudziamoji-teise-ir-baudziamasis-procesas-1991-1999-su-defektu\/\" \/>\n<meta property=\"og:site_name\" content=\"Skaitytaknyga\" \/>\n<meta property=\"article:publisher\" content=\"https:\/\/www.facebook.com\/skaitytaknyga\/\" \/>\n<meta property=\"article:modified_time\" content=\"2025-10-06T10:15:26+00:00\" \/>\n<meta property=\"og:image\" content=\"https:\/\/skaitytaknyga.lt\/wp-content\/uploads\/2025\/09\/Lietuvos-teismu-praktika.-Apzvalgos-konsultacijos-nutarimai-sprendimai.-Baudziamoji-teise-ir-baudziamasis-procesas-1991-1999.-1-e1757765231166.webp\" \/>\n\t<meta property=\"og:image:width\" content=\"236\" \/>\n\t<meta property=\"og:image:height\" content=\"336\" \/>\n\t<meta property=\"og:image:type\" content=\"image\/webp\" \/>\n<meta name=\"twitter:card\" content=\"summary_large_image\" \/>\n<script type=\"application\/ld+json\" class=\"yoast-schema-graph\">{\"@context\":\"https:\/\/schema.org\",\"@graph\":[{\"@type\":\"WebPage\",\"@id\":\"https:\/\/skaitytaknyga.lt\/produktas\/lietuvos-teismu-praktika-apzvalgos-konsultacijos-nutarimai-sprendimai-baudziamoji-teise-ir-baudziamasis-procesas-1991-1999-su-defektu\/\",\"url\":\"https:\/\/skaitytaknyga.lt\/produktas\/lietuvos-teismu-praktika-apzvalgos-konsultacijos-nutarimai-sprendimai-baudziamoji-teise-ir-baudziamasis-procesas-1991-1999-su-defektu\/\",\"name\":\"Lietuvos teism\u0173 praktika. Ap\u017evalgos, konsultacijos, nutarimai, sprendimai. (Baud\u017eiamoji teis\u0117 ir baud\u017eiamasis procesas) (1991-1999). (su defektu)\",\"isPartOf\":{\"@id\":\"https:\/\/skaitytaknyga.lt\/#website\"},\"primaryImageOfPage\":{\"@id\":\"https:\/\/skaitytaknyga.lt\/produktas\/lietuvos-teismu-praktika-apzvalgos-konsultacijos-nutarimai-sprendimai-baudziamoji-teise-ir-baudziamasis-procesas-1991-1999-su-defektu\/#primaryimage\"},\"image\":{\"@id\":\"https:\/\/skaitytaknyga.lt\/produktas\/lietuvos-teismu-praktika-apzvalgos-konsultacijos-nutarimai-sprendimai-baudziamoji-teise-ir-baudziamasis-procesas-1991-1999-su-defektu\/#primaryimage\"},\"thumbnailUrl\":\"https:\/\/skaitytaknyga.lt\/wp-content\/uploads\/2025\/09\/Lietuvos-teismu-praktika.-Apzvalgos-konsultacijos-nutarimai-sprendimai.-Baudziamoji-teise-ir-baudziamasis-procesas-1991-1999.-1-e1757765231166.webp\",\"datePublished\":\"2025-09-12T17:13:19+00:00\",\"dateModified\":\"2025-10-06T10:15:26+00:00\",\"description\":\"Antras leidimas\",\"breadcrumb\":{\"@id\":\"https:\/\/skaitytaknyga.lt\/produktas\/lietuvos-teismu-praktika-apzvalgos-konsultacijos-nutarimai-sprendimai-baudziamoji-teise-ir-baudziamasis-procesas-1991-1999-su-defektu\/#breadcrumb\"},\"inLanguage\":\"en-GB\",\"potentialAction\":[{\"@type\":\"ReadAction\",\"target\":[\"https:\/\/skaitytaknyga.lt\/produktas\/lietuvos-teismu-praktika-apzvalgos-konsultacijos-nutarimai-sprendimai-baudziamoji-teise-ir-baudziamasis-procesas-1991-1999-su-defektu\/\"]}]},{\"@type\":\"ImageObject\",\"inLanguage\":\"en-GB\",\"@id\":\"https:\/\/skaitytaknyga.lt\/produktas\/lietuvos-teismu-praktika-apzvalgos-konsultacijos-nutarimai-sprendimai-baudziamoji-teise-ir-baudziamasis-procesas-1991-1999-su-defektu\/#primaryimage\",\"url\":\"https:\/\/skaitytaknyga.lt\/wp-content\/uploads\/2025\/09\/Lietuvos-teismu-praktika.-Apzvalgos-konsultacijos-nutarimai-sprendimai.-Baudziamoji-teise-ir-baudziamasis-procesas-1991-1999.-1-e1757765231166.webp\",\"contentUrl\":\"https:\/\/skaitytaknyga.lt\/wp-content\/uploads\/2025\/09\/Lietuvos-teismu-praktika.-Apzvalgos-konsultacijos-nutarimai-sprendimai.-Baudziamoji-teise-ir-baudziamasis-procesas-1991-1999.-1-e1757765231166.webp\",\"width\":236,\"height\":336,\"caption\":\"Lietuvos teism\u0173 praktika. Ap\u017evalgos, konsultacijos, nutarimai, sprendimai. (Baud\u017eiamoji teis\u0117 ir baud\u017eiamasis procesas) (1991-1999).\"},{\"@type\":\"BreadcrumbList\",\"@id\":\"https:\/\/skaitytaknyga.lt\/produktas\/lietuvos-teismu-praktika-apzvalgos-konsultacijos-nutarimai-sprendimai-baudziamoji-teise-ir-baudziamasis-procesas-1991-1999-su-defektu\/#breadcrumb\",\"itemListElement\":[{\"@type\":\"ListItem\",\"position\":1,\"name\":\"Home\",\"item\":\"https:\/\/skaitytaknyga.lt\/\"},{\"@type\":\"ListItem\",\"position\":2,\"name\":\"Parduotuv\u0117\",\"item\":\"https:\/\/skaitytaknyga.lt\/knygu-parduotuve\/\"},{\"@type\":\"ListItem\",\"position\":3,\"name\":\"Lietuvos teism\u0173 praktika. Ap\u017evalgos, konsultacijos, nutarimai, sprendimai. (Baud\u017eiamoji teis\u0117 ir baud\u017eiamasis procesas) (1991-1999). (su defektu)\"}]},{\"@type\":\"WebSite\",\"@id\":\"https:\/\/skaitytaknyga.lt\/#website\",\"url\":\"https:\/\/skaitytaknyga.lt\/\",\"name\":\"skaitytaknyga.lt\",\"description\":\"Skaitytaknyga.lt \u2013 tai ma\u017eas \u0161eimos verslas, kuris prasid\u0117jo nuo meil\u0117s knygoms ir siekio i\u0161gelb\u0117ti knygas nuo likimo prie konteinerio. Kas vienam nereikalingas daiktas \u2013 kitam lobis, o mes esame tarpininkai, kurie padeda abiems tapti laimingesniems ???? \u017dinome kaip nelengva i\u0161gyventi ma\u017eiems verslams, tad nuo \u0161iol, \u010dia rasite ir kit\u0173, ma\u017e\u0173 \u0161eim\u0173 versl\u0173, rank\u0173 darbo, dovan\u0173 sau ir artimiesiems.\",\"publisher\":{\"@id\":\"https:\/\/skaitytaknyga.lt\/#organization\"},\"potentialAction\":[{\"@type\":\"SearchAction\",\"target\":{\"@type\":\"EntryPoint\",\"urlTemplate\":\"https:\/\/skaitytaknyga.lt\/?s={search_term_string}\"},\"query-input\":{\"@type\":\"PropertyValueSpecification\",\"valueRequired\":true,\"valueName\":\"search_term_string\"}}],\"inLanguage\":\"en-GB\"},{\"@type\":\"Organization\",\"@id\":\"https:\/\/skaitytaknyga.lt\/#organization\",\"name\":\"skaitytaknyga.lt\",\"url\":\"https:\/\/skaitytaknyga.lt\/\",\"logo\":{\"@type\":\"ImageObject\",\"inLanguage\":\"en-GB\",\"@id\":\"https:\/\/skaitytaknyga.lt\/#\/schema\/logo\/image\/\",\"url\":\"https:\/\/skaitytaknyga.lt\/wp-content\/uploads\/2024\/05\/cropped-cropped-cropped-02_00843_jt3bggkj1j3HLc7SyY6rEUpg.jpeg\",\"contentUrl\":\"https:\/\/skaitytaknyga.lt\/wp-content\/uploads\/2024\/05\/cropped-cropped-cropped-02_00843_jt3bggkj1j3HLc7SyY6rEUpg.jpeg\",\"width\":1600,\"height\":1600,\"caption\":\"skaitytaknyga.lt\"},\"image\":{\"@id\":\"https:\/\/skaitytaknyga.lt\/#\/schema\/logo\/image\/\"},\"sameAs\":[\"https:\/\/www.facebook.com\/skaitytaknyga\/\"]}]}<\/script>\n<!-- \/ Yoast SEO plugin. -->","yoast_head_json":{"title":"Lietuvos teism\u0173 praktika. Ap\u017evalgos, konsultacijos, nutarimai, sprendimai. (Baud\u017eiamoji teis\u0117 ir baud\u017eiamasis procesas) (1991-1999). (su defektu)","description":"Antras leidimas","robots":{"index":"index","follow":"follow","max-snippet":"max-snippet:-1","max-image-preview":"max-image-preview:large","max-video-preview":"max-video-preview:-1"},"canonical":"https:\/\/skaitytaknyga.lt\/en\/produktas\/lietuvos-teismu-praktika-apzvalgos-konsultacijos-nutarimai-sprendimai-baudziamoji-teise-ir-baudziamasis-procesas-1991-1999-su-defektu\/","og_locale":"en_GB","og_type":"article","og_title":"[:lt]Lietuvos teism\u0173 praktika. Ap\u017evalgos, konsultacijos, nutarimai, sprendimai. (Baud\u017eiamoji teis\u0117 ir baud\u017eiamasis procesas) (1991-1999). (su defektu)[:] - Skaitytaknyga","og_description":"Antras leidimas","og_url":"https:\/\/skaitytaknyga.lt\/en\/produktas\/lietuvos-teismu-praktika-apzvalgos-konsultacijos-nutarimai-sprendimai-baudziamoji-teise-ir-baudziamasis-procesas-1991-1999-su-defektu\/","og_site_name":"Skaitytaknyga","article_publisher":"https:\/\/www.facebook.com\/skaitytaknyga\/","article_modified_time":"2025-10-06T10:15:26+00:00","og_image":[{"width":236,"height":336,"url":"https:\/\/skaitytaknyga.lt\/wp-content\/uploads\/2025\/09\/Lietuvos-teismu-praktika.-Apzvalgos-konsultacijos-nutarimai-sprendimai.-Baudziamoji-teise-ir-baudziamasis-procesas-1991-1999.-1-e1757765231166.webp","type":"image\/webp"}],"twitter_card":"summary_large_image","schema":{"@context":"https:\/\/schema.org","@graph":[{"@type":"WebPage","@id":"https:\/\/skaitytaknyga.lt\/produktas\/lietuvos-teismu-praktika-apzvalgos-konsultacijos-nutarimai-sprendimai-baudziamoji-teise-ir-baudziamasis-procesas-1991-1999-su-defektu\/","url":"https:\/\/skaitytaknyga.lt\/produktas\/lietuvos-teismu-praktika-apzvalgos-konsultacijos-nutarimai-sprendimai-baudziamoji-teise-ir-baudziamasis-procesas-1991-1999-su-defektu\/","name":"Lietuvos teism\u0173 praktika. Ap\u017evalgos, konsultacijos, nutarimai, sprendimai. (Baud\u017eiamoji teis\u0117 ir baud\u017eiamasis procesas) (1991-1999). (su defektu)","isPartOf":{"@id":"https:\/\/skaitytaknyga.lt\/#website"},"primaryImageOfPage":{"@id":"https:\/\/skaitytaknyga.lt\/produktas\/lietuvos-teismu-praktika-apzvalgos-konsultacijos-nutarimai-sprendimai-baudziamoji-teise-ir-baudziamasis-procesas-1991-1999-su-defektu\/#primaryimage"},"image":{"@id":"https:\/\/skaitytaknyga.lt\/produktas\/lietuvos-teismu-praktika-apzvalgos-konsultacijos-nutarimai-sprendimai-baudziamoji-teise-ir-baudziamasis-procesas-1991-1999-su-defektu\/#primaryimage"},"thumbnailUrl":"https:\/\/skaitytaknyga.lt\/wp-content\/uploads\/2025\/09\/Lietuvos-teismu-praktika.-Apzvalgos-konsultacijos-nutarimai-sprendimai.-Baudziamoji-teise-ir-baudziamasis-procesas-1991-1999.-1-e1757765231166.webp","datePublished":"2025-09-12T17:13:19+00:00","dateModified":"2025-10-06T10:15:26+00:00","description":"Antras leidimas","breadcrumb":{"@id":"https:\/\/skaitytaknyga.lt\/produktas\/lietuvos-teismu-praktika-apzvalgos-konsultacijos-nutarimai-sprendimai-baudziamoji-teise-ir-baudziamasis-procesas-1991-1999-su-defektu\/#breadcrumb"},"inLanguage":"en-GB","potentialAction":[{"@type":"ReadAction","target":["https:\/\/skaitytaknyga.lt\/produktas\/lietuvos-teismu-praktika-apzvalgos-konsultacijos-nutarimai-sprendimai-baudziamoji-teise-ir-baudziamasis-procesas-1991-1999-su-defektu\/"]}]},{"@type":"ImageObject","inLanguage":"en-GB","@id":"https:\/\/skaitytaknyga.lt\/produktas\/lietuvos-teismu-praktika-apzvalgos-konsultacijos-nutarimai-sprendimai-baudziamoji-teise-ir-baudziamasis-procesas-1991-1999-su-defektu\/#primaryimage","url":"https:\/\/skaitytaknyga.lt\/wp-content\/uploads\/2025\/09\/Lietuvos-teismu-praktika.-Apzvalgos-konsultacijos-nutarimai-sprendimai.-Baudziamoji-teise-ir-baudziamasis-procesas-1991-1999.-1-e1757765231166.webp","contentUrl":"https:\/\/skaitytaknyga.lt\/wp-content\/uploads\/2025\/09\/Lietuvos-teismu-praktika.-Apzvalgos-konsultacijos-nutarimai-sprendimai.-Baudziamoji-teise-ir-baudziamasis-procesas-1991-1999.-1-e1757765231166.webp","width":236,"height":336,"caption":"Lietuvos teism\u0173 praktika. Ap\u017evalgos, konsultacijos, nutarimai, sprendimai. (Baud\u017eiamoji teis\u0117 ir baud\u017eiamasis procesas) (1991-1999)."},{"@type":"BreadcrumbList","@id":"https:\/\/skaitytaknyga.lt\/produktas\/lietuvos-teismu-praktika-apzvalgos-konsultacijos-nutarimai-sprendimai-baudziamoji-teise-ir-baudziamasis-procesas-1991-1999-su-defektu\/#breadcrumb","itemListElement":[{"@type":"ListItem","position":1,"name":"Home","item":"https:\/\/skaitytaknyga.lt\/"},{"@type":"ListItem","position":2,"name":"Parduotuv\u0117","item":"https:\/\/skaitytaknyga.lt\/knygu-parduotuve\/"},{"@type":"ListItem","position":3,"name":"Lietuvos teism\u0173 praktika. Ap\u017evalgos, konsultacijos, nutarimai, sprendimai. (Baud\u017eiamoji teis\u0117 ir baud\u017eiamasis procesas) (1991-1999). (su defektu)"}]},{"@type":"WebSite","@id":"https:\/\/skaitytaknyga.lt\/#website","url":"https:\/\/skaitytaknyga.lt\/","name":"skaitytaknyga.lt","description":"Skaitytaknyga.lt \u2013 tai ma\u017eas \u0161eimos verslas, kuris prasid\u0117jo nuo meil\u0117s knygoms ir siekio i\u0161gelb\u0117ti knygas nuo likimo prie konteinerio. Kas vienam nereikalingas daiktas \u2013 kitam lobis, o mes esame tarpininkai, kurie padeda abiems tapti laimingesniems ???? \u017dinome kaip nelengva i\u0161gyventi ma\u017eiems verslams, tad nuo \u0161iol, \u010dia rasite ir kit\u0173, ma\u017e\u0173 \u0161eim\u0173 versl\u0173, rank\u0173 darbo, dovan\u0173 sau ir artimiesiems.","publisher":{"@id":"https:\/\/skaitytaknyga.lt\/#organization"},"potentialAction":[{"@type":"SearchAction","target":{"@type":"EntryPoint","urlTemplate":"https:\/\/skaitytaknyga.lt\/?s={search_term_string}"},"query-input":{"@type":"PropertyValueSpecification","valueRequired":true,"valueName":"search_term_string"}}],"inLanguage":"en-GB"},{"@type":"Organization","@id":"https:\/\/skaitytaknyga.lt\/#organization","name":"skaitytaknyga.lt","url":"https:\/\/skaitytaknyga.lt\/","logo":{"@type":"ImageObject","inLanguage":"en-GB","@id":"https:\/\/skaitytaknyga.lt\/#\/schema\/logo\/image\/","url":"https:\/\/skaitytaknyga.lt\/wp-content\/uploads\/2024\/05\/cropped-cropped-cropped-02_00843_jt3bggkj1j3HLc7SyY6rEUpg.jpeg","contentUrl":"https:\/\/skaitytaknyga.lt\/wp-content\/uploads\/2024\/05\/cropped-cropped-cropped-02_00843_jt3bggkj1j3HLc7SyY6rEUpg.jpeg","width":1600,"height":1600,"caption":"skaitytaknyga.lt"},"image":{"@id":"https:\/\/skaitytaknyga.lt\/#\/schema\/logo\/image\/"},"sameAs":["https:\/\/www.facebook.com\/skaitytaknyga\/"]}]}},"_links":{"self":[{"href":"https:\/\/skaitytaknyga.lt\/en\/wp-json\/wp\/v2\/product\/20761","targetHints":{"allow":["GET"]}}],"collection":[{"href":"https:\/\/skaitytaknyga.lt\/en\/wp-json\/wp\/v2\/product"}],"about":[{"href":"https:\/\/skaitytaknyga.lt\/en\/wp-json\/wp\/v2\/types\/product"}],"replies":[{"embeddable":true,"href":"https:\/\/skaitytaknyga.lt\/en\/wp-json\/wp\/v2\/comments?post=20761"}],"wp:featuredmedia":[{"embeddable":true,"href":"https:\/\/skaitytaknyga.lt\/en\/wp-json\/wp\/v2\/media\/20774"}],"wp:attachment":[{"href":"https:\/\/skaitytaknyga.lt\/en\/wp-json\/wp\/v2\/media?parent=20761"}],"wp:term":[{"taxonomy":"product_brand","embeddable":true,"href":"https:\/\/skaitytaknyga.lt\/en\/wp-json\/wp\/v2\/product_brand?post=20761"},{"taxonomy":"product_cat","embeddable":true,"href":"https:\/\/skaitytaknyga.lt\/en\/wp-json\/wp\/v2\/product_cat?post=20761"},{"taxonomy":"product_tag","embeddable":true,"href":"https:\/\/skaitytaknyga.lt\/en\/wp-json\/wp\/v2\/product_tag?post=20761"}],"curies":[{"name":"wp","href":"https:\/\/api.w.org\/{rel}","templated":true}]}}