{"id":20753,"date":"2025-09-12T20:11:37","date_gmt":"2025-09-12T17:11:37","guid":{"rendered":"https:\/\/skaitytaknyga.lt\/?post_type=product&#038;p=20753"},"modified":"2025-12-14T20:15:29","modified_gmt":"2025-12-14T18:15:29","slug":"katinelis-juodis-ziemos-staigmena-su-defektu","status":"publish","type":"product","link":"https:\/\/skaitytaknyga.lt\/en\/produktas\/katinelis-juodis-ziemos-staigmena-su-defektu\/","title":{"rendered":"Katin\u0117lis Juodis. \u017diemos staigmena (su defektu)"},"content":{"rendered":"<p>SNINGA!<br \/>\nK\u0105 veikia katin\u0117lis Juodis, kai u\u017e lango pilna sniego?<br \/>\nOgi lekia risti sniego katin\u0173!<br \/>\nJuodis su geriausiu draugu rungtyniauja, kuris pastatys \u0161aunesn\u012f sniego katin\u0105.<br \/>\nBi\u010diuli\u0173 laukia staigmena!<\/p>\n<p>Brit\u0173 dailininko ir ra\u0161ytojo Robo Scottono sukurtas mielas ir p\u016bkuotas persona\u017eas katin\u0117lis Juodis turi daugyb\u0119 gerb\u0117j\u0173 Lietuvoje ir pasaulyje. \u0160\u012fkart Juodis d\u017eiaugiasi \u017eiemos malonumais ir patiria linksm\u0173 netik\u0117tum\u0173 statydamas sniego katin\u0105.<\/p>\n<p>Knygel\u0117 priklauso serijos \u201eA\u0161 skaitau&#8221; pirmam lygiui \u2013 did\u017eiosios raid\u0117s, trumpi ir ai\u0161k\u016bs sakiniai, smagus pasakojimas pad\u0117s \u012ftvirtinti skaitymo \u012fg\u016bd\u017eius. Knyg\u0105 papildo spalvoti atvartai, suteiksiantys dar daugiau netik\u0117tum\u0173 ir skaitymo d\u017eiaugsmo.<\/p>\n","protected":false},"excerpt":{"rendered":"<p>SNINGA! K\u0105 veikia katin\u0117lis Juodis, kai u\u017e lango pilna sniego? Ogi lekia risti sniego katin\u0173! Juodis su geriausiu draugu rungtyniauja, kuris pastatys \u0161aunesn\u012f sniego katin\u0105. Bi\u010diuli\u0173 laukia staigmena! Brit\u0173 dailininko ir ra\u0161ytojo Robo Scottono sukurtas mielas ir p\u016bkuotas persona\u017eas katin\u0117lis Juodis turi daugyb\u0119 gerb\u0117j\u0173 Lietuvoje ir pasaulyje. \u0160\u012fkart Juodis d\u017eiaugiasi \u017eiemos malonumais ir patiria linksm\u0173 netik\u0117tum\u0173 statydamas sniego katin\u0105. Knygel\u0117 priklauso serijos \u201eA\u0161 skaitau&#8221; pirmam lygiui \u2013 did\u017eiosios raid\u0117s, trumpi ir ai\u0161k\u016bs sakiniai, smagus pasakojimas pad\u0117s \u012ftvirtinti skaitymo \u012fg\u016bd\u017eius. Knyg\u0105 papildo spalvoti atvartai, suteiksiantys dar daugiau netik\u0117tum\u0173 ir skaitymo d\u017eiaugsmo.<\/p>\n","protected":false},"featured_media":20766,"comment_status":"open","ping_status":"closed","template":"","meta":{"_acf_changed":false,"site-sidebar-layout":"default","site-content-layout":"","ast-site-content-layout":"default","site-content-style":"default","site-sidebar-style":"default","ast-global-header-display":"","ast-banner-title-visibility":"","ast-main-header-display":"","ast-hfb-above-header-display":"","ast-hfb-below-header-display":"","ast-hfb-mobile-header-display":"","site-post-title":"","ast-breadcrumbs-content":"","ast-featured-img":"","footer-sml-layout":"","ast-disable-related-posts":"","theme-transparent-header-meta":"","adv-header-id-meta":"","stick-header-meta":"","header-above-stick-meta":"","header-main-stick-meta":"","header-below-stick-meta":"","astra-migrate-meta-layouts":"default","ast-page-background-enabled":"default","ast-page-background-meta":{"desktop":{"background-color":"","background-image":"","background-repeat":"repeat","background-position":"center center","background-size":"auto","background-attachment":"scroll","background-type":"","background-media":"","overlay-type":"","overlay-color":"","overlay-opacity":"","overlay-gradient":""},"tablet":{"background-color":"","background-image":"","background-repeat":"repeat","background-position":"center center","background-size":"auto","background-attachment":"scroll","background-type":"","background-media":"","overlay-type":"","overlay-color":"","overlay-opacity":"","overlay-gradient":""},"mobile":{"background-color":"","background-image":"","background-repeat":"repeat","background-position":"center center","background-size":"auto","background-attachment":"scroll","background-type":"","background-media":"","overlay-type":"","overlay-color":"","overlay-opacity":"","overlay-gradient":""}},"ast-content-background-meta":{"desktop":{"background-color":"var(--ast-global-color-4)","background-image":"","background-repeat":"repeat","background-position":"center center","background-size":"auto","background-attachment":"scroll","background-type":"","background-media":"","overlay-type":"","overlay-color":"","overlay-opacity":"","overlay-gradient":""},"tablet":{"background-color":"var(--ast-global-color-4)","background-image":"","background-repeat":"repeat","background-position":"center center","background-size":"auto","background-attachment":"scroll","background-type":"","background-media":"","overlay-type":"","overlay-color":"","overlay-opacity":"","overlay-gradient":""},"mobile":{"background-color":"var(--ast-global-color-4)","background-image":"","background-repeat":"repeat","background-position":"center center","background-size":"auto","background-attachment":"scroll","background-type":"","background-media":"","overlay-type":"","overlay-color":"","overlay-opacity":"","overlay-gradient":""}}},"product_brand":[],"product_cat":[35],"product_tag":[8793,1647,4800,8851,8852,6602,1785,1770],"class_list":{"0":"post-20753","1":"product","2":"type-product","3":"status-publish","4":"has-post-thumbnail","6":"product_cat-vaikams-ir-paaugliams","7":"product_tag-britu-autorius","8":"product_tag-draugyste","9":"product_tag-paveiksleliu-knygele","10":"product_tag-rob-scotton","11":"product_tag-skaitymo-pratimai","12":"product_tag-sniegas","13":"product_tag-vaikams","14":"product_tag-ziema","15":"desktop-align-left","16":"tablet-align-left","17":"mobile-align-left","19":"first","20":"outofstock","21":"shipping-taxable","22":"purchasable","23":"product-type-simple"},"acf":[],"yoast_head":"<!-- This site is optimized with the Yoast SEO plugin v27.0 - https:\/\/yoast.com\/product\/yoast-seo-wordpress\/ -->\n<title>Katin\u0117lis Juodis. \u017diemos staigmena (su defektu)<\/title>\n<meta name=\"description\" content=\"SNINGA! K\u0105 veikia katin\u0117lis Juodis, kai u\u017e lango pilna sniego? Ogi lekia risti sniego katin\u0173! Juodis su geriausiu draugu rungtyniauja, kuris pastatys\" \/>\n<meta name=\"robots\" content=\"index, follow, max-snippet:-1, max-image-preview:large, max-video-preview:-1\" \/>\n<link rel=\"canonical\" href=\"https:\/\/skaitytaknyga.lt\/en\/produktas\/katinelis-juodis-ziemos-staigmena-su-defektu\/\" \/>\n<meta property=\"og:locale\" content=\"en_GB\" \/>\n<meta property=\"og:locale:alternate\" content=\"lt_LT\" \/>\n<meta property=\"og:type\" content=\"article\" \/>\n<meta property=\"og:title\" content=\"Katin\u0117lis Juodis. \u017diemos staigmena (su defektu)\" \/>\n<meta property=\"og:description\" content=\"SNINGA! K\u0105 veikia katin\u0117lis Juodis, kai u\u017e lango pilna sniego? Ogi lekia risti sniego katin\u0173! Juodis su geriausiu draugu rungtyniauja, kuris pastatys\" \/>\n<meta property=\"og:url\" content=\"https:\/\/skaitytaknyga.lt\/en\/produktas\/katinelis-juodis-ziemos-staigmena-su-defektu\/\" \/>\n<meta property=\"og:site_name\" content=\"Skaitytaknyga\" \/>\n<meta property=\"article:publisher\" content=\"https:\/\/www.facebook.com\/skaitytaknyga\/\" \/>\n<meta property=\"article:modified_time\" content=\"2025-12-14T18:15:29+00:00\" \/>\n<meta property=\"og:image\" content=\"https:\/\/skaitytaknyga.lt\/wp-content\/uploads\/2025\/09\/Katinelis-Juodis.-Ziemos-staigmena-1.webp\" \/>\n\t<meta property=\"og:image:width\" content=\"300\" \/>\n\t<meta property=\"og:image:height\" content=\"302\" \/>\n\t<meta property=\"og:image:type\" content=\"image\/webp\" \/>\n<meta name=\"twitter:card\" content=\"summary_large_image\" \/>\n<meta name=\"twitter:label1\" content=\"Estimated reading time\" \/>\n\t<meta name=\"twitter:data1\" content=\"1 minute\" \/>\n<script type=\"application\/ld+json\" class=\"yoast-schema-graph\">{\"@context\":\"https:\/\/schema.org\",\"@graph\":[{\"@type\":\"WebPage\",\"@id\":\"https:\/\/skaitytaknyga.lt\/produktas\/katinelis-juodis-ziemos-staigmena-su-defektu\/\",\"url\":\"https:\/\/skaitytaknyga.lt\/produktas\/katinelis-juodis-ziemos-staigmena-su-defektu\/\",\"name\":\"Katin\u0117lis Juodis. \u017diemos staigmena (su defektu)\",\"isPartOf\":{\"@id\":\"https:\/\/skaitytaknyga.lt\/#website\"},\"primaryImageOfPage\":{\"@id\":\"https:\/\/skaitytaknyga.lt\/produktas\/katinelis-juodis-ziemos-staigmena-su-defektu\/#primaryimage\"},\"image\":{\"@id\":\"https:\/\/skaitytaknyga.lt\/produktas\/katinelis-juodis-ziemos-staigmena-su-defektu\/#primaryimage\"},\"thumbnailUrl\":\"https:\/\/skaitytaknyga.lt\/wp-content\/uploads\/2025\/09\/Katinelis-Juodis.-Ziemos-staigmena-1.webp\",\"datePublished\":\"2025-09-12T17:11:37+00:00\",\"dateModified\":\"2025-12-14T18:15:29+00:00\",\"description\":\"SNINGA! K\u0105 veikia katin\u0117lis Juodis, kai u\u017e lango pilna sniego? Ogi lekia risti sniego katin\u0173! Juodis su geriausiu draugu rungtyniauja, kuris pastatys\",\"breadcrumb\":{\"@id\":\"https:\/\/skaitytaknyga.lt\/produktas\/katinelis-juodis-ziemos-staigmena-su-defektu\/#breadcrumb\"},\"inLanguage\":\"en-GB\",\"potentialAction\":[{\"@type\":\"ReadAction\",\"target\":[\"https:\/\/skaitytaknyga.lt\/produktas\/katinelis-juodis-ziemos-staigmena-su-defektu\/\"]}]},{\"@type\":\"ImageObject\",\"inLanguage\":\"en-GB\",\"@id\":\"https:\/\/skaitytaknyga.lt\/produktas\/katinelis-juodis-ziemos-staigmena-su-defektu\/#primaryimage\",\"url\":\"https:\/\/skaitytaknyga.lt\/wp-content\/uploads\/2025\/09\/Katinelis-Juodis.-Ziemos-staigmena-1.webp\",\"contentUrl\":\"https:\/\/skaitytaknyga.lt\/wp-content\/uploads\/2025\/09\/Katinelis-Juodis.-Ziemos-staigmena-1.webp\",\"width\":300,\"height\":302,\"caption\":\"Katin\u0117lis Juodis. \u017diemos staigmena\"},{\"@type\":\"BreadcrumbList\",\"@id\":\"https:\/\/skaitytaknyga.lt\/produktas\/katinelis-juodis-ziemos-staigmena-su-defektu\/#breadcrumb\",\"itemListElement\":[{\"@type\":\"ListItem\",\"position\":1,\"name\":\"Home\",\"item\":\"https:\/\/skaitytaknyga.lt\/\"},{\"@type\":\"ListItem\",\"position\":2,\"name\":\"Parduotuv\u0117\",\"item\":\"https:\/\/skaitytaknyga.lt\/knygu-parduotuve\/\"},{\"@type\":\"ListItem\",\"position\":3,\"name\":\"Katin\u0117lis Juodis. \u017diemos staigmena (su defektu)\"}]},{\"@type\":\"WebSite\",\"@id\":\"https:\/\/skaitytaknyga.lt\/#website\",\"url\":\"https:\/\/skaitytaknyga.lt\/\",\"name\":\"skaitytaknyga.lt\",\"description\":\"Skaitytaknyga.lt \u2013 tai ma\u017eas \u0161eimos verslas, kuris prasid\u0117jo nuo meil\u0117s knygoms ir siekio i\u0161gelb\u0117ti knygas nuo likimo prie konteinerio. Kas vienam nereikalingas daiktas \u2013 kitam lobis, o mes esame tarpininkai, kurie padeda abiems tapti laimingesniems ???? \u017dinome kaip nelengva i\u0161gyventi ma\u017eiems verslams, tad nuo \u0161iol, \u010dia rasite ir kit\u0173, ma\u017e\u0173 \u0161eim\u0173 versl\u0173, rank\u0173 darbo, dovan\u0173 sau ir artimiesiems.\",\"publisher\":{\"@id\":\"https:\/\/skaitytaknyga.lt\/#organization\"},\"potentialAction\":[{\"@type\":\"SearchAction\",\"target\":{\"@type\":\"EntryPoint\",\"urlTemplate\":\"https:\/\/skaitytaknyga.lt\/?s={search_term_string}\"},\"query-input\":{\"@type\":\"PropertyValueSpecification\",\"valueRequired\":true,\"valueName\":\"search_term_string\"}}],\"inLanguage\":\"en-GB\"},{\"@type\":\"Organization\",\"@id\":\"https:\/\/skaitytaknyga.lt\/#organization\",\"name\":\"skaitytaknyga.lt\",\"url\":\"https:\/\/skaitytaknyga.lt\/\",\"logo\":{\"@type\":\"ImageObject\",\"inLanguage\":\"en-GB\",\"@id\":\"https:\/\/skaitytaknyga.lt\/#\/schema\/logo\/image\/\",\"url\":\"https:\/\/skaitytaknyga.lt\/wp-content\/uploads\/2024\/05\/cropped-cropped-cropped-02_00843_jt3bggkj1j3HLc7SyY6rEUpg.jpeg\",\"contentUrl\":\"https:\/\/skaitytaknyga.lt\/wp-content\/uploads\/2024\/05\/cropped-cropped-cropped-02_00843_jt3bggkj1j3HLc7SyY6rEUpg.jpeg\",\"width\":1600,\"height\":1600,\"caption\":\"skaitytaknyga.lt\"},\"image\":{\"@id\":\"https:\/\/skaitytaknyga.lt\/#\/schema\/logo\/image\/\"},\"sameAs\":[\"https:\/\/www.facebook.com\/skaitytaknyga\/\"]}]}<\/script>\n<!-- \/ Yoast SEO plugin. -->","yoast_head_json":{"title":"Katin\u0117lis Juodis. \u017diemos staigmena (su defektu)","description":"SNINGA! K\u0105 veikia katin\u0117lis Juodis, kai u\u017e lango pilna sniego? Ogi lekia risti sniego katin\u0173! Juodis su geriausiu draugu rungtyniauja, kuris pastatys","robots":{"index":"index","follow":"follow","max-snippet":"max-snippet:-1","max-image-preview":"max-image-preview:large","max-video-preview":"max-video-preview:-1"},"canonical":"https:\/\/skaitytaknyga.lt\/en\/produktas\/katinelis-juodis-ziemos-staigmena-su-defektu\/","og_locale":"en_GB","og_type":"article","og_title":"[:lt]Katin\u0117lis Juodis. \u017diemos staigmena (su defektu)[:] - Skaitytaknyga","og_description":"SNINGA! K\u0105 veikia katin\u0117lis Juodis, kai u\u017e lango pilna sniego? Ogi lekia risti sniego katin\u0173! Juodis su geriausiu draugu rungtyniauja, kuris pastatys","og_url":"https:\/\/skaitytaknyga.lt\/en\/produktas\/katinelis-juodis-ziemos-staigmena-su-defektu\/","og_site_name":"Skaitytaknyga","article_publisher":"https:\/\/www.facebook.com\/skaitytaknyga\/","article_modified_time":"2025-12-14T18:15:29+00:00","og_image":[{"width":300,"height":302,"url":"https:\/\/skaitytaknyga.lt\/wp-content\/uploads\/2025\/09\/Katinelis-Juodis.-Ziemos-staigmena-1.webp","type":"image\/webp"}],"twitter_card":"summary_large_image","twitter_misc":{"Estimated reading time":"1 minute"},"schema":{"@context":"https:\/\/schema.org","@graph":[{"@type":"WebPage","@id":"https:\/\/skaitytaknyga.lt\/produktas\/katinelis-juodis-ziemos-staigmena-su-defektu\/","url":"https:\/\/skaitytaknyga.lt\/produktas\/katinelis-juodis-ziemos-staigmena-su-defektu\/","name":"Katin\u0117lis Juodis. \u017diemos staigmena (su defektu)","isPartOf":{"@id":"https:\/\/skaitytaknyga.lt\/#website"},"primaryImageOfPage":{"@id":"https:\/\/skaitytaknyga.lt\/produktas\/katinelis-juodis-ziemos-staigmena-su-defektu\/#primaryimage"},"image":{"@id":"https:\/\/skaitytaknyga.lt\/produktas\/katinelis-juodis-ziemos-staigmena-su-defektu\/#primaryimage"},"thumbnailUrl":"https:\/\/skaitytaknyga.lt\/wp-content\/uploads\/2025\/09\/Katinelis-Juodis.-Ziemos-staigmena-1.webp","datePublished":"2025-09-12T17:11:37+00:00","dateModified":"2025-12-14T18:15:29+00:00","description":"SNINGA! K\u0105 veikia katin\u0117lis Juodis, kai u\u017e lango pilna sniego? Ogi lekia risti sniego katin\u0173! Juodis su geriausiu draugu rungtyniauja, kuris pastatys","breadcrumb":{"@id":"https:\/\/skaitytaknyga.lt\/produktas\/katinelis-juodis-ziemos-staigmena-su-defektu\/#breadcrumb"},"inLanguage":"en-GB","potentialAction":[{"@type":"ReadAction","target":["https:\/\/skaitytaknyga.lt\/produktas\/katinelis-juodis-ziemos-staigmena-su-defektu\/"]}]},{"@type":"ImageObject","inLanguage":"en-GB","@id":"https:\/\/skaitytaknyga.lt\/produktas\/katinelis-juodis-ziemos-staigmena-su-defektu\/#primaryimage","url":"https:\/\/skaitytaknyga.lt\/wp-content\/uploads\/2025\/09\/Katinelis-Juodis.-Ziemos-staigmena-1.webp","contentUrl":"https:\/\/skaitytaknyga.lt\/wp-content\/uploads\/2025\/09\/Katinelis-Juodis.-Ziemos-staigmena-1.webp","width":300,"height":302,"caption":"Katin\u0117lis Juodis. \u017diemos staigmena"},{"@type":"BreadcrumbList","@id":"https:\/\/skaitytaknyga.lt\/produktas\/katinelis-juodis-ziemos-staigmena-su-defektu\/#breadcrumb","itemListElement":[{"@type":"ListItem","position":1,"name":"Home","item":"https:\/\/skaitytaknyga.lt\/"},{"@type":"ListItem","position":2,"name":"Parduotuv\u0117","item":"https:\/\/skaitytaknyga.lt\/knygu-parduotuve\/"},{"@type":"ListItem","position":3,"name":"Katin\u0117lis Juodis. \u017diemos staigmena (su defektu)"}]},{"@type":"WebSite","@id":"https:\/\/skaitytaknyga.lt\/#website","url":"https:\/\/skaitytaknyga.lt\/","name":"skaitytaknyga.lt","description":"Skaitytaknyga.lt \u2013 tai ma\u017eas \u0161eimos verslas, kuris prasid\u0117jo nuo meil\u0117s knygoms ir siekio i\u0161gelb\u0117ti knygas nuo likimo prie konteinerio. Kas vienam nereikalingas daiktas \u2013 kitam lobis, o mes esame tarpininkai, kurie padeda abiems tapti laimingesniems ???? \u017dinome kaip nelengva i\u0161gyventi ma\u017eiems verslams, tad nuo \u0161iol, \u010dia rasite ir kit\u0173, ma\u017e\u0173 \u0161eim\u0173 versl\u0173, rank\u0173 darbo, dovan\u0173 sau ir artimiesiems.","publisher":{"@id":"https:\/\/skaitytaknyga.lt\/#organization"},"potentialAction":[{"@type":"SearchAction","target":{"@type":"EntryPoint","urlTemplate":"https:\/\/skaitytaknyga.lt\/?s={search_term_string}"},"query-input":{"@type":"PropertyValueSpecification","valueRequired":true,"valueName":"search_term_string"}}],"inLanguage":"en-GB"},{"@type":"Organization","@id":"https:\/\/skaitytaknyga.lt\/#organization","name":"skaitytaknyga.lt","url":"https:\/\/skaitytaknyga.lt\/","logo":{"@type":"ImageObject","inLanguage":"en-GB","@id":"https:\/\/skaitytaknyga.lt\/#\/schema\/logo\/image\/","url":"https:\/\/skaitytaknyga.lt\/wp-content\/uploads\/2024\/05\/cropped-cropped-cropped-02_00843_jt3bggkj1j3HLc7SyY6rEUpg.jpeg","contentUrl":"https:\/\/skaitytaknyga.lt\/wp-content\/uploads\/2024\/05\/cropped-cropped-cropped-02_00843_jt3bggkj1j3HLc7SyY6rEUpg.jpeg","width":1600,"height":1600,"caption":"skaitytaknyga.lt"},"image":{"@id":"https:\/\/skaitytaknyga.lt\/#\/schema\/logo\/image\/"},"sameAs":["https:\/\/www.facebook.com\/skaitytaknyga\/"]}]}},"_links":{"self":[{"href":"https:\/\/skaitytaknyga.lt\/en\/wp-json\/wp\/v2\/product\/20753","targetHints":{"allow":["GET"]}}],"collection":[{"href":"https:\/\/skaitytaknyga.lt\/en\/wp-json\/wp\/v2\/product"}],"about":[{"href":"https:\/\/skaitytaknyga.lt\/en\/wp-json\/wp\/v2\/types\/product"}],"replies":[{"embeddable":true,"href":"https:\/\/skaitytaknyga.lt\/en\/wp-json\/wp\/v2\/comments?post=20753"}],"wp:featuredmedia":[{"embeddable":true,"href":"https:\/\/skaitytaknyga.lt\/en\/wp-json\/wp\/v2\/media\/20766"}],"wp:attachment":[{"href":"https:\/\/skaitytaknyga.lt\/en\/wp-json\/wp\/v2\/media?parent=20753"}],"wp:term":[{"taxonomy":"product_brand","embeddable":true,"href":"https:\/\/skaitytaknyga.lt\/en\/wp-json\/wp\/v2\/product_brand?post=20753"},{"taxonomy":"product_cat","embeddable":true,"href":"https:\/\/skaitytaknyga.lt\/en\/wp-json\/wp\/v2\/product_cat?post=20753"},{"taxonomy":"product_tag","embeddable":true,"href":"https:\/\/skaitytaknyga.lt\/en\/wp-json\/wp\/v2\/product_tag?post=20753"}],"curies":[{"name":"wp","href":"https:\/\/api.w.org\/{rel}","templated":true}]}}