{"id":20751,"date":"2025-09-12T20:11:37","date_gmt":"2025-09-12T17:11:37","guid":{"rendered":"https:\/\/skaitytaknyga.lt\/?post_type=product&#038;p=20751"},"modified":"2025-10-06T13:22:50","modified_gmt":"2025-10-06T10:22:50","slug":"septynios-didziosios-nuodemes-psichologo-kabinete","status":"publish","type":"product","link":"https:\/\/skaitytaknyga.lt\/en\/produktas\/septynios-didziosios-nuodemes-psichologo-kabinete\/","title":{"rendered":"Septynios did\u017eiosios nuod\u0117m\u0117s psichologo kabinete"},"content":{"rendered":"<p>Knyga \u201eSeptynios did\u017eiosios nuod\u0117m\u0117s\u201c, paremta pa\u010dios autor\u0117s suvokimu, kod\u0117l kai kuriems \u017emon\u0117ms nepadeda psichoterapija. Ji suprato, jog tam tikros asmenyb\u0117s ydos neleid\u017eia \u017emogui atsiverti ir pasiduoti gydymui, o tos ydos arba silpnyb\u0117s da\u017eniausiai sutampa su mums puikiai pa\u017e\u012fstamomis did\u017eiosiomis nuod\u0117m\u0117mis krik\u0161\u010dionyb\u0117je. Knygoje autor\u0117 ai\u0161kinasi, kas yra tas \u201eka\u017ekas\u201c, kas trukdo \u017emogui jausti pilnatv\u0119 \u2013 b\u016bti i\u0161 tikr\u0173j\u0173 laimingam, stipriai myl\u0117ti, jausti visi\u0161k\u0105 ramyb\u0119.<\/p>\n<p>\u201eSeptynios did\u017eiosios nuod\u0117m\u0117s psichologo kabinete\u201c pad\u0117s ne tik atpa\u017einti savo ydas ar kitus trukd\u017eius jaustis laimingam, bet ir labiau suvokti aplinkinius. Knygoje autor\u0117 naudojasi savo darbine patirtimi, \u010dia daug gyv\u0173 istorij\u0173, pokalbi\u0173, \u017eymi\u0173 psicholog\u0173, filosof\u0173 ir dvasini\u0173 mokytoj\u0173 min\u010di\u0173. Skaitytojui tai \u2013 kelias \u012f tikr\u0105 ir sveik\u0105 gyvenim\u0105, ne\u012fkyr\u016bs patarimai, kaip \u012fveikti sunkumus ir baimes.<\/p>\n<p>Knyga skirta visiems, kurie domisi saviugda, dvasiniu tobul\u0117jimu, psichoterapija. Religinis nuod\u0117mi\u0173 aspektas netur\u0117t\u0173 atgrasyti netikin\u010di\u0173j\u0173, nes autor\u0117 stengiasi nenutolti nuo savo profesijos ir nesileid\u017eia \u012f religinius apm\u0105stymus. Nuod\u0117m\u0117s s\u0105voka knygoje turi psichoterapin\u012f pagrind\u0105.<\/p>\n","protected":false},"excerpt":{"rendered":"<p>Knyga \u201eSeptynios did\u017eiosios nuod\u0117m\u0117s\u201c, paremta pa\u010dios autor\u0117s suvokimu, kod\u0117l kai kuriems \u017emon\u0117ms nepadeda psichoterapija. Ji suprato, jog tam tikros asmenyb\u0117s ydos neleid\u017eia \u017emogui atsiverti ir pasiduoti gydymui, o tos ydos arba silpnyb\u0117s da\u017eniausiai sutampa su mums puikiai pa\u017e\u012fstamomis did\u017eiosiomis nuod\u0117m\u0117mis krik\u0161\u010dionyb\u0117je. Knygoje autor\u0117 ai\u0161kinasi, kas yra tas \u201eka\u017ekas\u201c, kas trukdo \u017emogui jausti pilnatv\u0119 \u2013 b\u016bti i\u0161 tikr\u0173j\u0173 laimingam, stipriai myl\u0117ti, jausti visi\u0161k\u0105 ramyb\u0119. \u201eSeptynios did\u017eiosios nuod\u0117m\u0117s psichologo kabinete\u201c pad\u0117s ne tik atpa\u017einti savo ydas ar kitus trukd\u017eius jaustis laimingam, bet ir labiau suvokti aplinkinius. Knygoje autor\u0117 naudojasi savo darbine patirtimi, \u010dia daug gyv\u0173 istorij\u0173, pokalbi\u0173, \u017eymi\u0173 psicholog\u0173, filosof\u0173 ir dvasini\u0173 mokytoj\u0173 min\u010di\u0173. Skaitytojui tai \u2013 kelias \u012f tikr\u0105 ir sveik\u0105 gyvenim\u0105, ne\u012fkyr\u016bs patarimai, kaip \u012fveikti sunkumus ir baimes. Knyga skirta visiems, kurie domisi saviugda, dvasiniu tobul\u0117jimu, psichoterapija. Religinis nuod\u0117mi\u0173 aspektas netur\u0117t\u0173 atgrasyti netikin\u010di\u0173j\u0173, nes autor\u0117 stengiasi nenutolti nuo savo profesijos ir nesileid\u017eia \u012f religinius apm\u0105stymus. Nuod\u0117m\u0117s s\u0105voka knygoje turi psichoterapin\u012f pagrind\u0105.<\/p>\n","protected":false},"featured_media":20756,"comment_status":"open","ping_status":"closed","template":"","meta":{"_acf_changed":false,"site-sidebar-layout":"default","site-content-layout":"","ast-site-content-layout":"default","site-content-style":"default","site-sidebar-style":"default","ast-global-header-display":"","ast-banner-title-visibility":"","ast-main-header-display":"","ast-hfb-above-header-display":"","ast-hfb-below-header-display":"","ast-hfb-mobile-header-display":"","site-post-title":"","ast-breadcrumbs-content":"","ast-featured-img":"","footer-sml-layout":"","ast-disable-related-posts":"","theme-transparent-header-meta":"","adv-header-id-meta":"","stick-header-meta":"","header-above-stick-meta":"","header-main-stick-meta":"","header-below-stick-meta":"","astra-migrate-meta-layouts":"default","ast-page-background-enabled":"default","ast-page-background-meta":{"desktop":{"background-color":"","background-image":"","background-repeat":"repeat","background-position":"center center","background-size":"auto","background-attachment":"scroll","background-type":"","background-media":"","overlay-type":"","overlay-color":"","overlay-opacity":"","overlay-gradient":""},"tablet":{"background-color":"","background-image":"","background-repeat":"repeat","background-position":"center center","background-size":"auto","background-attachment":"scroll","background-type":"","background-media":"","overlay-type":"","overlay-color":"","overlay-opacity":"","overlay-gradient":""},"mobile":{"background-color":"","background-image":"","background-repeat":"repeat","background-position":"center center","background-size":"auto","background-attachment":"scroll","background-type":"","background-media":"","overlay-type":"","overlay-color":"","overlay-opacity":"","overlay-gradient":""}},"ast-content-background-meta":{"desktop":{"background-color":"var(--ast-global-color-4)","background-image":"","background-repeat":"repeat","background-position":"center center","background-size":"auto","background-attachment":"scroll","background-type":"","background-media":"","overlay-type":"","overlay-color":"","overlay-opacity":"","overlay-gradient":""},"tablet":{"background-color":"var(--ast-global-color-4)","background-image":"","background-repeat":"repeat","background-position":"center center","background-size":"auto","background-attachment":"scroll","background-type":"","background-media":"","overlay-type":"","overlay-color":"","overlay-opacity":"","overlay-gradient":""},"mobile":{"background-color":"var(--ast-global-color-4)","background-image":"","background-repeat":"repeat","background-position":"center center","background-size":"auto","background-attachment":"scroll","background-type":"","background-media":"","overlay-type":"","overlay-color":"","overlay-opacity":"","overlay-gradient":""}}},"product_brand":[],"product_cat":[30],"product_tag":[8273,5927,8849,6704,1392,3429,1396],"class_list":{"0":"post-20751","1":"product","2":"type-product","3":"status-publish","4":"has-post-thumbnail","6":"product_cat-psichologija-ir-saviugda","7":"product_tag-asmenybes-tobulejimas","8":"product_tag-lietuviu-autore","9":"product_tag-lina-vezeliene","10":"product_tag-nuodemes","11":"product_tag-psichologija","12":"product_tag-psichoterapija","13":"product_tag-saviugda","14":"desktop-align-left","15":"tablet-align-left","16":"mobile-align-left","18":"first","19":"instock","20":"shipping-taxable","21":"purchasable","22":"product-type-simple"},"acf":[],"yoast_head":"<!-- This site is optimized with the Yoast SEO plugin v27.0 - https:\/\/yoast.com\/product\/yoast-seo-wordpress\/ -->\n<title>Septynios did\u017eiosios nuod\u0117m\u0117s psichologo kabinete<\/title>\n<meta name=\"description\" content=\"Knyga \u201eSeptynios did\u017eiosios nuod\u0117m\u0117s\u201c, paremta pa\u010dios autor\u0117s suvokimu, kod\u0117l kai kuriems \u017emon\u0117ms nepadeda psichoterapija. Ji suprato, jog tam tikros\" \/>\n<meta name=\"robots\" content=\"index, follow, max-snippet:-1, max-image-preview:large, max-video-preview:-1\" \/>\n<link rel=\"canonical\" href=\"https:\/\/skaitytaknyga.lt\/en\/produktas\/septynios-didziosios-nuodemes-psichologo-kabinete\/\" \/>\n<meta property=\"og:locale\" content=\"en_GB\" \/>\n<meta property=\"og:locale:alternate\" content=\"lt_LT\" \/>\n<meta property=\"og:type\" content=\"article\" \/>\n<meta property=\"og:title\" content=\"Septynios did\u017eiosios nuod\u0117m\u0117s psichologo kabinete\" \/>\n<meta property=\"og:description\" content=\"Knyga \u201eSeptynios did\u017eiosios nuod\u0117m\u0117s\u201c, paremta pa\u010dios autor\u0117s suvokimu, kod\u0117l kai kuriems \u017emon\u0117ms nepadeda psichoterapija. Ji suprato, jog tam tikros\" \/>\n<meta property=\"og:url\" content=\"https:\/\/skaitytaknyga.lt\/en\/produktas\/septynios-didziosios-nuodemes-psichologo-kabinete\/\" \/>\n<meta property=\"og:site_name\" content=\"Skaitytaknyga\" \/>\n<meta property=\"article:publisher\" content=\"https:\/\/www.facebook.com\/skaitytaknyga\/\" \/>\n<meta property=\"article:modified_time\" content=\"2025-10-06T10:22:50+00:00\" \/>\n<meta property=\"og:image\" content=\"https:\/\/skaitytaknyga.lt\/wp-content\/uploads\/2025\/09\/Septynios-didziosios-nuodemes-psichologo-kabinete-2-e1757697164523.webp\" \/>\n\t<meta property=\"og:image:width\" content=\"229\" \/>\n\t<meta property=\"og:image:height\" content=\"323\" \/>\n\t<meta property=\"og:image:type\" content=\"image\/webp\" \/>\n<meta name=\"twitter:card\" content=\"summary_large_image\" \/>\n<meta name=\"twitter:label1\" content=\"Estimated reading time\" \/>\n\t<meta name=\"twitter:data1\" content=\"1 minute\" \/>\n<script type=\"application\/ld+json\" class=\"yoast-schema-graph\">{\"@context\":\"https:\/\/schema.org\",\"@graph\":[{\"@type\":\"WebPage\",\"@id\":\"https:\/\/skaitytaknyga.lt\/produktas\/septynios-didziosios-nuodemes-psichologo-kabinete\/\",\"url\":\"https:\/\/skaitytaknyga.lt\/produktas\/septynios-didziosios-nuodemes-psichologo-kabinete\/\",\"name\":\"Septynios did\u017eiosios nuod\u0117m\u0117s psichologo kabinete\",\"isPartOf\":{\"@id\":\"https:\/\/skaitytaknyga.lt\/#website\"},\"primaryImageOfPage\":{\"@id\":\"https:\/\/skaitytaknyga.lt\/produktas\/septynios-didziosios-nuodemes-psichologo-kabinete\/#primaryimage\"},\"image\":{\"@id\":\"https:\/\/skaitytaknyga.lt\/produktas\/septynios-didziosios-nuodemes-psichologo-kabinete\/#primaryimage\"},\"thumbnailUrl\":\"https:\/\/skaitytaknyga.lt\/wp-content\/uploads\/2025\/09\/Septynios-didziosios-nuodemes-psichologo-kabinete-2-e1757697164523.webp\",\"datePublished\":\"2025-09-12T17:11:37+00:00\",\"dateModified\":\"2025-10-06T10:22:50+00:00\",\"description\":\"Knyga \u201eSeptynios did\u017eiosios nuod\u0117m\u0117s\u201c, paremta pa\u010dios autor\u0117s suvokimu, kod\u0117l kai kuriems \u017emon\u0117ms nepadeda psichoterapija. Ji suprato, jog tam tikros\",\"breadcrumb\":{\"@id\":\"https:\/\/skaitytaknyga.lt\/produktas\/septynios-didziosios-nuodemes-psichologo-kabinete\/#breadcrumb\"},\"inLanguage\":\"en-GB\",\"potentialAction\":[{\"@type\":\"ReadAction\",\"target\":[\"https:\/\/skaitytaknyga.lt\/produktas\/septynios-didziosios-nuodemes-psichologo-kabinete\/\"]}]},{\"@type\":\"ImageObject\",\"inLanguage\":\"en-GB\",\"@id\":\"https:\/\/skaitytaknyga.lt\/produktas\/septynios-didziosios-nuodemes-psichologo-kabinete\/#primaryimage\",\"url\":\"https:\/\/skaitytaknyga.lt\/wp-content\/uploads\/2025\/09\/Septynios-didziosios-nuodemes-psichologo-kabinete-2-e1757697164523.webp\",\"contentUrl\":\"https:\/\/skaitytaknyga.lt\/wp-content\/uploads\/2025\/09\/Septynios-didziosios-nuodemes-psichologo-kabinete-2-e1757697164523.webp\",\"width\":229,\"height\":323,\"caption\":\"Septynios did\u017eiosios nuod\u0117m\u0117s psichologo kabinete\"},{\"@type\":\"BreadcrumbList\",\"@id\":\"https:\/\/skaitytaknyga.lt\/produktas\/septynios-didziosios-nuodemes-psichologo-kabinete\/#breadcrumb\",\"itemListElement\":[{\"@type\":\"ListItem\",\"position\":1,\"name\":\"Home\",\"item\":\"https:\/\/skaitytaknyga.lt\/\"},{\"@type\":\"ListItem\",\"position\":2,\"name\":\"Parduotuv\u0117\",\"item\":\"https:\/\/skaitytaknyga.lt\/knygu-parduotuve\/\"},{\"@type\":\"ListItem\",\"position\":3,\"name\":\"Septynios did\u017eiosios nuod\u0117m\u0117s psichologo kabinete\"}]},{\"@type\":\"WebSite\",\"@id\":\"https:\/\/skaitytaknyga.lt\/#website\",\"url\":\"https:\/\/skaitytaknyga.lt\/\",\"name\":\"skaitytaknyga.lt\",\"description\":\"Skaitytaknyga.lt \u2013 tai ma\u017eas \u0161eimos verslas, kuris prasid\u0117jo nuo meil\u0117s knygoms ir siekio i\u0161gelb\u0117ti knygas nuo likimo prie konteinerio. Kas vienam nereikalingas daiktas \u2013 kitam lobis, o mes esame tarpininkai, kurie padeda abiems tapti laimingesniems ???? \u017dinome kaip nelengva i\u0161gyventi ma\u017eiems verslams, tad nuo \u0161iol, \u010dia rasite ir kit\u0173, ma\u017e\u0173 \u0161eim\u0173 versl\u0173, rank\u0173 darbo, dovan\u0173 sau ir artimiesiems.\",\"publisher\":{\"@id\":\"https:\/\/skaitytaknyga.lt\/#organization\"},\"potentialAction\":[{\"@type\":\"SearchAction\",\"target\":{\"@type\":\"EntryPoint\",\"urlTemplate\":\"https:\/\/skaitytaknyga.lt\/?s={search_term_string}\"},\"query-input\":{\"@type\":\"PropertyValueSpecification\",\"valueRequired\":true,\"valueName\":\"search_term_string\"}}],\"inLanguage\":\"en-GB\"},{\"@type\":\"Organization\",\"@id\":\"https:\/\/skaitytaknyga.lt\/#organization\",\"name\":\"skaitytaknyga.lt\",\"url\":\"https:\/\/skaitytaknyga.lt\/\",\"logo\":{\"@type\":\"ImageObject\",\"inLanguage\":\"en-GB\",\"@id\":\"https:\/\/skaitytaknyga.lt\/#\/schema\/logo\/image\/\",\"url\":\"https:\/\/skaitytaknyga.lt\/wp-content\/uploads\/2024\/05\/cropped-cropped-cropped-02_00843_jt3bggkj1j3HLc7SyY6rEUpg.jpeg\",\"contentUrl\":\"https:\/\/skaitytaknyga.lt\/wp-content\/uploads\/2024\/05\/cropped-cropped-cropped-02_00843_jt3bggkj1j3HLc7SyY6rEUpg.jpeg\",\"width\":1600,\"height\":1600,\"caption\":\"skaitytaknyga.lt\"},\"image\":{\"@id\":\"https:\/\/skaitytaknyga.lt\/#\/schema\/logo\/image\/\"},\"sameAs\":[\"https:\/\/www.facebook.com\/skaitytaknyga\/\"]}]}<\/script>\n<!-- \/ Yoast SEO plugin. -->","yoast_head_json":{"title":"Septynios did\u017eiosios nuod\u0117m\u0117s psichologo kabinete","description":"Knyga \u201eSeptynios did\u017eiosios nuod\u0117m\u0117s\u201c, paremta pa\u010dios autor\u0117s suvokimu, kod\u0117l kai kuriems \u017emon\u0117ms nepadeda psichoterapija. Ji suprato, jog tam tikros","robots":{"index":"index","follow":"follow","max-snippet":"max-snippet:-1","max-image-preview":"max-image-preview:large","max-video-preview":"max-video-preview:-1"},"canonical":"https:\/\/skaitytaknyga.lt\/en\/produktas\/septynios-didziosios-nuodemes-psichologo-kabinete\/","og_locale":"en_GB","og_type":"article","og_title":"[:lt]Septynios did\u017eiosios nuod\u0117m\u0117s psichologo kabinete[:] - Skaitytaknyga","og_description":"Knyga \u201eSeptynios did\u017eiosios nuod\u0117m\u0117s\u201c, paremta pa\u010dios autor\u0117s suvokimu, kod\u0117l kai kuriems \u017emon\u0117ms nepadeda psichoterapija. Ji suprato, jog tam tikros","og_url":"https:\/\/skaitytaknyga.lt\/en\/produktas\/septynios-didziosios-nuodemes-psichologo-kabinete\/","og_site_name":"Skaitytaknyga","article_publisher":"https:\/\/www.facebook.com\/skaitytaknyga\/","article_modified_time":"2025-10-06T10:22:50+00:00","og_image":[{"width":229,"height":323,"url":"https:\/\/skaitytaknyga.lt\/wp-content\/uploads\/2025\/09\/Septynios-didziosios-nuodemes-psichologo-kabinete-2-e1757697164523.webp","type":"image\/webp"}],"twitter_card":"summary_large_image","twitter_misc":{"Estimated reading time":"1 minute"},"schema":{"@context":"https:\/\/schema.org","@graph":[{"@type":"WebPage","@id":"https:\/\/skaitytaknyga.lt\/produktas\/septynios-didziosios-nuodemes-psichologo-kabinete\/","url":"https:\/\/skaitytaknyga.lt\/produktas\/septynios-didziosios-nuodemes-psichologo-kabinete\/","name":"Septynios did\u017eiosios nuod\u0117m\u0117s psichologo kabinete","isPartOf":{"@id":"https:\/\/skaitytaknyga.lt\/#website"},"primaryImageOfPage":{"@id":"https:\/\/skaitytaknyga.lt\/produktas\/septynios-didziosios-nuodemes-psichologo-kabinete\/#primaryimage"},"image":{"@id":"https:\/\/skaitytaknyga.lt\/produktas\/septynios-didziosios-nuodemes-psichologo-kabinete\/#primaryimage"},"thumbnailUrl":"https:\/\/skaitytaknyga.lt\/wp-content\/uploads\/2025\/09\/Septynios-didziosios-nuodemes-psichologo-kabinete-2-e1757697164523.webp","datePublished":"2025-09-12T17:11:37+00:00","dateModified":"2025-10-06T10:22:50+00:00","description":"Knyga \u201eSeptynios did\u017eiosios nuod\u0117m\u0117s\u201c, paremta pa\u010dios autor\u0117s suvokimu, kod\u0117l kai kuriems \u017emon\u0117ms nepadeda psichoterapija. Ji suprato, jog tam tikros","breadcrumb":{"@id":"https:\/\/skaitytaknyga.lt\/produktas\/septynios-didziosios-nuodemes-psichologo-kabinete\/#breadcrumb"},"inLanguage":"en-GB","potentialAction":[{"@type":"ReadAction","target":["https:\/\/skaitytaknyga.lt\/produktas\/septynios-didziosios-nuodemes-psichologo-kabinete\/"]}]},{"@type":"ImageObject","inLanguage":"en-GB","@id":"https:\/\/skaitytaknyga.lt\/produktas\/septynios-didziosios-nuodemes-psichologo-kabinete\/#primaryimage","url":"https:\/\/skaitytaknyga.lt\/wp-content\/uploads\/2025\/09\/Septynios-didziosios-nuodemes-psichologo-kabinete-2-e1757697164523.webp","contentUrl":"https:\/\/skaitytaknyga.lt\/wp-content\/uploads\/2025\/09\/Septynios-didziosios-nuodemes-psichologo-kabinete-2-e1757697164523.webp","width":229,"height":323,"caption":"Septynios did\u017eiosios nuod\u0117m\u0117s psichologo kabinete"},{"@type":"BreadcrumbList","@id":"https:\/\/skaitytaknyga.lt\/produktas\/septynios-didziosios-nuodemes-psichologo-kabinete\/#breadcrumb","itemListElement":[{"@type":"ListItem","position":1,"name":"Home","item":"https:\/\/skaitytaknyga.lt\/"},{"@type":"ListItem","position":2,"name":"Parduotuv\u0117","item":"https:\/\/skaitytaknyga.lt\/knygu-parduotuve\/"},{"@type":"ListItem","position":3,"name":"Septynios did\u017eiosios nuod\u0117m\u0117s psichologo kabinete"}]},{"@type":"WebSite","@id":"https:\/\/skaitytaknyga.lt\/#website","url":"https:\/\/skaitytaknyga.lt\/","name":"skaitytaknyga.lt","description":"Skaitytaknyga.lt \u2013 tai ma\u017eas \u0161eimos verslas, kuris prasid\u0117jo nuo meil\u0117s knygoms ir siekio i\u0161gelb\u0117ti knygas nuo likimo prie konteinerio. Kas vienam nereikalingas daiktas \u2013 kitam lobis, o mes esame tarpininkai, kurie padeda abiems tapti laimingesniems ???? \u017dinome kaip nelengva i\u0161gyventi ma\u017eiems verslams, tad nuo \u0161iol, \u010dia rasite ir kit\u0173, ma\u017e\u0173 \u0161eim\u0173 versl\u0173, rank\u0173 darbo, dovan\u0173 sau ir artimiesiems.","publisher":{"@id":"https:\/\/skaitytaknyga.lt\/#organization"},"potentialAction":[{"@type":"SearchAction","target":{"@type":"EntryPoint","urlTemplate":"https:\/\/skaitytaknyga.lt\/?s={search_term_string}"},"query-input":{"@type":"PropertyValueSpecification","valueRequired":true,"valueName":"search_term_string"}}],"inLanguage":"en-GB"},{"@type":"Organization","@id":"https:\/\/skaitytaknyga.lt\/#organization","name":"skaitytaknyga.lt","url":"https:\/\/skaitytaknyga.lt\/","logo":{"@type":"ImageObject","inLanguage":"en-GB","@id":"https:\/\/skaitytaknyga.lt\/#\/schema\/logo\/image\/","url":"https:\/\/skaitytaknyga.lt\/wp-content\/uploads\/2024\/05\/cropped-cropped-cropped-02_00843_jt3bggkj1j3HLc7SyY6rEUpg.jpeg","contentUrl":"https:\/\/skaitytaknyga.lt\/wp-content\/uploads\/2024\/05\/cropped-cropped-cropped-02_00843_jt3bggkj1j3HLc7SyY6rEUpg.jpeg","width":1600,"height":1600,"caption":"skaitytaknyga.lt"},"image":{"@id":"https:\/\/skaitytaknyga.lt\/#\/schema\/logo\/image\/"},"sameAs":["https:\/\/www.facebook.com\/skaitytaknyga\/"]}]}},"_links":{"self":[{"href":"https:\/\/skaitytaknyga.lt\/en\/wp-json\/wp\/v2\/product\/20751","targetHints":{"allow":["GET"]}}],"collection":[{"href":"https:\/\/skaitytaknyga.lt\/en\/wp-json\/wp\/v2\/product"}],"about":[{"href":"https:\/\/skaitytaknyga.lt\/en\/wp-json\/wp\/v2\/types\/product"}],"replies":[{"embeddable":true,"href":"https:\/\/skaitytaknyga.lt\/en\/wp-json\/wp\/v2\/comments?post=20751"}],"wp:featuredmedia":[{"embeddable":true,"href":"https:\/\/skaitytaknyga.lt\/en\/wp-json\/wp\/v2\/media\/20756"}],"wp:attachment":[{"href":"https:\/\/skaitytaknyga.lt\/en\/wp-json\/wp\/v2\/media?parent=20751"}],"wp:term":[{"taxonomy":"product_brand","embeddable":true,"href":"https:\/\/skaitytaknyga.lt\/en\/wp-json\/wp\/v2\/product_brand?post=20751"},{"taxonomy":"product_cat","embeddable":true,"href":"https:\/\/skaitytaknyga.lt\/en\/wp-json\/wp\/v2\/product_cat?post=20751"},{"taxonomy":"product_tag","embeddable":true,"href":"https:\/\/skaitytaknyga.lt\/en\/wp-json\/wp\/v2\/product_tag?post=20751"}],"curies":[{"name":"wp","href":"https:\/\/api.w.org\/{rel}","templated":true}]}}