{"id":20745,"date":"2025-09-12T14:32:55","date_gmt":"2025-09-12T11:32:55","guid":{"rendered":"https:\/\/skaitytaknyga.lt\/?post_type=product&#038;p=20745"},"modified":"2025-10-06T13:22:50","modified_gmt":"2025-10-06T10:22:50","slug":"dykumos-sirdyje","status":"publish","type":"product","link":"https:\/\/skaitytaknyga.lt\/en\/produktas\/dykumos-sirdyje\/","title":{"rendered":"Dykumos \u0161irdyje"},"content":{"rendered":"<p>D\u017eonas Chrysavgisas knygoje \u201eDykumos \u0161irdyje: Dykumos t\u0117v\u0173 ir motin\u0173 dvasingumas\u201c ap\u017evelgia sen\u0173j\u0173 krik\u0161\u010dionyb\u0117s tekst\u0173 lobyn\u0105, sudaryt\u0105 pirm\u0173j\u0173 krik\u0161\u010dioni\u0173, kurie savo tik\u0117jim\u0105 i\u0161pa\u017eino gyvendami dykumoje. J\u0173 pamokymai, dvasinis vadovavimas, maldos, susitikimai su Dievu, vidin\u0117s kovos ir liudijimai atkeliavo per am\u017eius ir \u010dia pateikiami papildyti apm\u0105stymais, \u012f\u017evalgomis ir apra\u0161ymu gyvenim\u0173, kuriais buvo garbinamas Dievas.<\/p>\n<p>\u201eDykumos \u0161irdyje\u201c &#8211; labai vertingas ind\u0117lis \u012f krik\u0161\u010dioni\u0161kas studijas, rimtas mokslinis darbas, suprantamas ne tik akademinio pasaulio skaitytojams.<\/p>\n","protected":false},"excerpt":{"rendered":"<p>D\u017eonas Chrysavgisas knygoje \u201eDykumos \u0161irdyje: Dykumos t\u0117v\u0173 ir motin\u0173 dvasingumas\u201c ap\u017evelgia sen\u0173j\u0173 krik\u0161\u010dionyb\u0117s tekst\u0173 lobyn\u0105, sudaryt\u0105 pirm\u0173j\u0173 krik\u0161\u010dioni\u0173, kurie savo tik\u0117jim\u0105 i\u0161pa\u017eino gyvendami dykumoje. J\u0173 pamokymai, dvasinis vadovavimas, maldos, susitikimai su Dievu, vidin\u0117s kovos ir liudijimai atkeliavo per am\u017eius ir \u010dia pateikiami papildyti apm\u0105stymais, \u012f\u017evalgomis ir apra\u0161ymu gyvenim\u0173, kuriais buvo garbinamas Dievas. \u201eDykumos \u0161irdyje\u201c &#8211; labai vertingas ind\u0117lis \u012f krik\u0161\u010dioni\u0161kas studijas, rimtas mokslinis darbas, suprantamas ne tik akademinio pasaulio skaitytojams.<\/p>\n","protected":false},"featured_media":20750,"comment_status":"open","ping_status":"closed","template":"","meta":{"_acf_changed":false,"site-sidebar-layout":"default","site-content-layout":"","ast-site-content-layout":"default","site-content-style":"default","site-sidebar-style":"default","ast-global-header-display":"","ast-banner-title-visibility":"","ast-main-header-display":"","ast-hfb-above-header-display":"","ast-hfb-below-header-display":"","ast-hfb-mobile-header-display":"","site-post-title":"","ast-breadcrumbs-content":"","ast-featured-img":"","footer-sml-layout":"","ast-disable-related-posts":"","theme-transparent-header-meta":"","adv-header-id-meta":"","stick-header-meta":"","header-above-stick-meta":"","header-main-stick-meta":"","header-below-stick-meta":"","astra-migrate-meta-layouts":"default","ast-page-background-enabled":"default","ast-page-background-meta":{"desktop":{"background-color":"","background-image":"","background-repeat":"repeat","background-position":"center center","background-size":"auto","background-attachment":"scroll","background-type":"","background-media":"","overlay-type":"","overlay-color":"","overlay-opacity":"","overlay-gradient":""},"tablet":{"background-color":"","background-image":"","background-repeat":"repeat","background-position":"center center","background-size":"auto","background-attachment":"scroll","background-type":"","background-media":"","overlay-type":"","overlay-color":"","overlay-opacity":"","overlay-gradient":""},"mobile":{"background-color":"","background-image":"","background-repeat":"repeat","background-position":"center center","background-size":"auto","background-attachment":"scroll","background-type":"","background-media":"","overlay-type":"","overlay-color":"","overlay-opacity":"","overlay-gradient":""}},"ast-content-background-meta":{"desktop":{"background-color":"var(--ast-global-color-4)","background-image":"","background-repeat":"repeat","background-position":"center center","background-size":"auto","background-attachment":"scroll","background-type":"","background-media":"","overlay-type":"","overlay-color":"","overlay-opacity":"","overlay-gradient":""},"tablet":{"background-color":"var(--ast-global-color-4)","background-image":"","background-repeat":"repeat","background-position":"center center","background-size":"auto","background-attachment":"scroll","background-type":"","background-media":"","overlay-type":"","overlay-color":"","overlay-opacity":"","overlay-gradient":""},"mobile":{"background-color":"var(--ast-global-color-4)","background-image":"","background-repeat":"repeat","background-position":"center center","background-size":"auto","background-attachment":"scroll","background-type":"","background-media":"","overlay-type":"","overlay-color":"","overlay-opacity":"","overlay-gradient":""}}},"product_brand":[],"product_cat":[15],"product_tag":[2257,8848,8847,1942,1963,2277,2259],"class_list":{"0":"post-20745","1":"product","2":"type-product","3":"status-publish","4":"has-post-thumbnail","6":"product_cat-uncategorized","7":"product_tag-dvasinis-gyvenimas","8":"product_tag-dykumos-tevai","9":"product_tag-john-chryssavgis","10":"product_tag-krikscionybe","11":"product_tag-meditacija","12":"product_tag-religija","13":"product_tag-teologija","14":"desktop-align-left","15":"tablet-align-left","16":"mobile-align-left","18":"first","19":"instock","20":"shipping-taxable","21":"purchasable","22":"product-type-simple"},"acf":[],"yoast_head":"<!-- This site is optimized with the Yoast SEO plugin v27.0 - https:\/\/yoast.com\/product\/yoast-seo-wordpress\/ -->\n<title>Dykumos \u0161irdyje<\/title>\n<meta name=\"description\" content=\"D\u017eonas Chrysavgisas knygoje \u201eDykumos \u0161irdyje: Dykumos t\u0117v\u0173 ir motin\u0173 dvasingumas\u201c ap\u017evelgia sen\u0173j\u0173 krik\u0161\u010dionyb\u0117s tekst\u0173 lobyn\u0105, sudaryt\u0105 pirm\u0173j\u0173\" \/>\n<meta name=\"robots\" content=\"index, follow, max-snippet:-1, max-image-preview:large, max-video-preview:-1\" \/>\n<link rel=\"canonical\" href=\"https:\/\/skaitytaknyga.lt\/en\/produktas\/dykumos-sirdyje\/\" \/>\n<meta property=\"og:locale\" content=\"en_GB\" \/>\n<meta property=\"og:locale:alternate\" content=\"lt_LT\" \/>\n<meta property=\"og:type\" content=\"article\" \/>\n<meta property=\"og:title\" content=\"Dykumos \u0161irdyje\" \/>\n<meta property=\"og:description\" content=\"D\u017eonas Chrysavgisas knygoje \u201eDykumos \u0161irdyje: Dykumos t\u0117v\u0173 ir motin\u0173 dvasingumas\u201c ap\u017evelgia sen\u0173j\u0173 krik\u0161\u010dionyb\u0117s tekst\u0173 lobyn\u0105, sudaryt\u0105 pirm\u0173j\u0173\" \/>\n<meta property=\"og:url\" content=\"https:\/\/skaitytaknyga.lt\/en\/produktas\/dykumos-sirdyje\/\" \/>\n<meta property=\"og:site_name\" content=\"Skaitytaknyga\" \/>\n<meta property=\"article:publisher\" content=\"https:\/\/www.facebook.com\/skaitytaknyga\/\" \/>\n<meta property=\"article:modified_time\" content=\"2025-10-06T10:22:50+00:00\" \/>\n<meta property=\"og:image\" content=\"https:\/\/skaitytaknyga.lt\/wp-content\/uploads\/2025\/09\/Dykumos-sirdyje-1.webp\" \/>\n\t<meta property=\"og:image:width\" content=\"300\" \/>\n\t<meta property=\"og:image:height\" content=\"527\" \/>\n\t<meta property=\"og:image:type\" content=\"image\/webp\" \/>\n<meta name=\"twitter:card\" content=\"summary_large_image\" \/>\n<script type=\"application\/ld+json\" class=\"yoast-schema-graph\">{\"@context\":\"https:\/\/schema.org\",\"@graph\":[{\"@type\":\"WebPage\",\"@id\":\"https:\/\/skaitytaknyga.lt\/produktas\/dykumos-sirdyje\/\",\"url\":\"https:\/\/skaitytaknyga.lt\/produktas\/dykumos-sirdyje\/\",\"name\":\"Dykumos \u0161irdyje\",\"isPartOf\":{\"@id\":\"https:\/\/skaitytaknyga.lt\/#website\"},\"primaryImageOfPage\":{\"@id\":\"https:\/\/skaitytaknyga.lt\/produktas\/dykumos-sirdyje\/#primaryimage\"},\"image\":{\"@id\":\"https:\/\/skaitytaknyga.lt\/produktas\/dykumos-sirdyje\/#primaryimage\"},\"thumbnailUrl\":\"https:\/\/skaitytaknyga.lt\/wp-content\/uploads\/2025\/09\/Dykumos-sirdyje-1.webp\",\"datePublished\":\"2025-09-12T11:32:55+00:00\",\"dateModified\":\"2025-10-06T10:22:50+00:00\",\"description\":\"D\u017eonas Chrysavgisas knygoje \u201eDykumos \u0161irdyje: Dykumos t\u0117v\u0173 ir motin\u0173 dvasingumas\u201c ap\u017evelgia sen\u0173j\u0173 krik\u0161\u010dionyb\u0117s tekst\u0173 lobyn\u0105, sudaryt\u0105 pirm\u0173j\u0173\",\"breadcrumb\":{\"@id\":\"https:\/\/skaitytaknyga.lt\/produktas\/dykumos-sirdyje\/#breadcrumb\"},\"inLanguage\":\"en-GB\",\"potentialAction\":[{\"@type\":\"ReadAction\",\"target\":[\"https:\/\/skaitytaknyga.lt\/produktas\/dykumos-sirdyje\/\"]}]},{\"@type\":\"ImageObject\",\"inLanguage\":\"en-GB\",\"@id\":\"https:\/\/skaitytaknyga.lt\/produktas\/dykumos-sirdyje\/#primaryimage\",\"url\":\"https:\/\/skaitytaknyga.lt\/wp-content\/uploads\/2025\/09\/Dykumos-sirdyje-1.webp\",\"contentUrl\":\"https:\/\/skaitytaknyga.lt\/wp-content\/uploads\/2025\/09\/Dykumos-sirdyje-1.webp\",\"width\":300,\"height\":527},{\"@type\":\"BreadcrumbList\",\"@id\":\"https:\/\/skaitytaknyga.lt\/produktas\/dykumos-sirdyje\/#breadcrumb\",\"itemListElement\":[{\"@type\":\"ListItem\",\"position\":1,\"name\":\"Home\",\"item\":\"https:\/\/skaitytaknyga.lt\/\"},{\"@type\":\"ListItem\",\"position\":2,\"name\":\"Parduotuv\u0117\",\"item\":\"https:\/\/skaitytaknyga.lt\/knygu-parduotuve\/\"},{\"@type\":\"ListItem\",\"position\":3,\"name\":\"Dykumos \u0161irdyje\"}]},{\"@type\":\"WebSite\",\"@id\":\"https:\/\/skaitytaknyga.lt\/#website\",\"url\":\"https:\/\/skaitytaknyga.lt\/\",\"name\":\"skaitytaknyga.lt\",\"description\":\"Skaitytaknyga.lt \u2013 tai ma\u017eas \u0161eimos verslas, kuris prasid\u0117jo nuo meil\u0117s knygoms ir siekio i\u0161gelb\u0117ti knygas nuo likimo prie konteinerio. Kas vienam nereikalingas daiktas \u2013 kitam lobis, o mes esame tarpininkai, kurie padeda abiems tapti laimingesniems ???? \u017dinome kaip nelengva i\u0161gyventi ma\u017eiems verslams, tad nuo \u0161iol, \u010dia rasite ir kit\u0173, ma\u017e\u0173 \u0161eim\u0173 versl\u0173, rank\u0173 darbo, dovan\u0173 sau ir artimiesiems.\",\"publisher\":{\"@id\":\"https:\/\/skaitytaknyga.lt\/#organization\"},\"potentialAction\":[{\"@type\":\"SearchAction\",\"target\":{\"@type\":\"EntryPoint\",\"urlTemplate\":\"https:\/\/skaitytaknyga.lt\/?s={search_term_string}\"},\"query-input\":{\"@type\":\"PropertyValueSpecification\",\"valueRequired\":true,\"valueName\":\"search_term_string\"}}],\"inLanguage\":\"en-GB\"},{\"@type\":\"Organization\",\"@id\":\"https:\/\/skaitytaknyga.lt\/#organization\",\"name\":\"skaitytaknyga.lt\",\"url\":\"https:\/\/skaitytaknyga.lt\/\",\"logo\":{\"@type\":\"ImageObject\",\"inLanguage\":\"en-GB\",\"@id\":\"https:\/\/skaitytaknyga.lt\/#\/schema\/logo\/image\/\",\"url\":\"https:\/\/skaitytaknyga.lt\/wp-content\/uploads\/2024\/05\/cropped-cropped-cropped-02_00843_jt3bggkj1j3HLc7SyY6rEUpg.jpeg\",\"contentUrl\":\"https:\/\/skaitytaknyga.lt\/wp-content\/uploads\/2024\/05\/cropped-cropped-cropped-02_00843_jt3bggkj1j3HLc7SyY6rEUpg.jpeg\",\"width\":1600,\"height\":1600,\"caption\":\"skaitytaknyga.lt\"},\"image\":{\"@id\":\"https:\/\/skaitytaknyga.lt\/#\/schema\/logo\/image\/\"},\"sameAs\":[\"https:\/\/www.facebook.com\/skaitytaknyga\/\"]}]}<\/script>\n<!-- \/ Yoast SEO plugin. -->","yoast_head_json":{"title":"Dykumos \u0161irdyje","description":"D\u017eonas Chrysavgisas knygoje \u201eDykumos \u0161irdyje: Dykumos t\u0117v\u0173 ir motin\u0173 dvasingumas\u201c ap\u017evelgia sen\u0173j\u0173 krik\u0161\u010dionyb\u0117s tekst\u0173 lobyn\u0105, sudaryt\u0105 pirm\u0173j\u0173","robots":{"index":"index","follow":"follow","max-snippet":"max-snippet:-1","max-image-preview":"max-image-preview:large","max-video-preview":"max-video-preview:-1"},"canonical":"https:\/\/skaitytaknyga.lt\/en\/produktas\/dykumos-sirdyje\/","og_locale":"en_GB","og_type":"article","og_title":"[:lt]Dykumos \u0161irdyje[:] - Skaitytaknyga","og_description":"D\u017eonas Chrysavgisas knygoje \u201eDykumos \u0161irdyje: Dykumos t\u0117v\u0173 ir motin\u0173 dvasingumas\u201c ap\u017evelgia sen\u0173j\u0173 krik\u0161\u010dionyb\u0117s tekst\u0173 lobyn\u0105, sudaryt\u0105 pirm\u0173j\u0173","og_url":"https:\/\/skaitytaknyga.lt\/en\/produktas\/dykumos-sirdyje\/","og_site_name":"Skaitytaknyga","article_publisher":"https:\/\/www.facebook.com\/skaitytaknyga\/","article_modified_time":"2025-10-06T10:22:50+00:00","og_image":[{"width":300,"height":527,"url":"https:\/\/skaitytaknyga.lt\/wp-content\/uploads\/2025\/09\/Dykumos-sirdyje-1.webp","type":"image\/webp"}],"twitter_card":"summary_large_image","schema":{"@context":"https:\/\/schema.org","@graph":[{"@type":"WebPage","@id":"https:\/\/skaitytaknyga.lt\/produktas\/dykumos-sirdyje\/","url":"https:\/\/skaitytaknyga.lt\/produktas\/dykumos-sirdyje\/","name":"Dykumos \u0161irdyje","isPartOf":{"@id":"https:\/\/skaitytaknyga.lt\/#website"},"primaryImageOfPage":{"@id":"https:\/\/skaitytaknyga.lt\/produktas\/dykumos-sirdyje\/#primaryimage"},"image":{"@id":"https:\/\/skaitytaknyga.lt\/produktas\/dykumos-sirdyje\/#primaryimage"},"thumbnailUrl":"https:\/\/skaitytaknyga.lt\/wp-content\/uploads\/2025\/09\/Dykumos-sirdyje-1.webp","datePublished":"2025-09-12T11:32:55+00:00","dateModified":"2025-10-06T10:22:50+00:00","description":"D\u017eonas Chrysavgisas knygoje \u201eDykumos \u0161irdyje: Dykumos t\u0117v\u0173 ir motin\u0173 dvasingumas\u201c ap\u017evelgia sen\u0173j\u0173 krik\u0161\u010dionyb\u0117s tekst\u0173 lobyn\u0105, sudaryt\u0105 pirm\u0173j\u0173","breadcrumb":{"@id":"https:\/\/skaitytaknyga.lt\/produktas\/dykumos-sirdyje\/#breadcrumb"},"inLanguage":"en-GB","potentialAction":[{"@type":"ReadAction","target":["https:\/\/skaitytaknyga.lt\/produktas\/dykumos-sirdyje\/"]}]},{"@type":"ImageObject","inLanguage":"en-GB","@id":"https:\/\/skaitytaknyga.lt\/produktas\/dykumos-sirdyje\/#primaryimage","url":"https:\/\/skaitytaknyga.lt\/wp-content\/uploads\/2025\/09\/Dykumos-sirdyje-1.webp","contentUrl":"https:\/\/skaitytaknyga.lt\/wp-content\/uploads\/2025\/09\/Dykumos-sirdyje-1.webp","width":300,"height":527},{"@type":"BreadcrumbList","@id":"https:\/\/skaitytaknyga.lt\/produktas\/dykumos-sirdyje\/#breadcrumb","itemListElement":[{"@type":"ListItem","position":1,"name":"Home","item":"https:\/\/skaitytaknyga.lt\/"},{"@type":"ListItem","position":2,"name":"Parduotuv\u0117","item":"https:\/\/skaitytaknyga.lt\/knygu-parduotuve\/"},{"@type":"ListItem","position":3,"name":"Dykumos \u0161irdyje"}]},{"@type":"WebSite","@id":"https:\/\/skaitytaknyga.lt\/#website","url":"https:\/\/skaitytaknyga.lt\/","name":"skaitytaknyga.lt","description":"Skaitytaknyga.lt \u2013 tai ma\u017eas \u0161eimos verslas, kuris prasid\u0117jo nuo meil\u0117s knygoms ir siekio i\u0161gelb\u0117ti knygas nuo likimo prie konteinerio. Kas vienam nereikalingas daiktas \u2013 kitam lobis, o mes esame tarpininkai, kurie padeda abiems tapti laimingesniems ???? \u017dinome kaip nelengva i\u0161gyventi ma\u017eiems verslams, tad nuo \u0161iol, \u010dia rasite ir kit\u0173, ma\u017e\u0173 \u0161eim\u0173 versl\u0173, rank\u0173 darbo, dovan\u0173 sau ir artimiesiems.","publisher":{"@id":"https:\/\/skaitytaknyga.lt\/#organization"},"potentialAction":[{"@type":"SearchAction","target":{"@type":"EntryPoint","urlTemplate":"https:\/\/skaitytaknyga.lt\/?s={search_term_string}"},"query-input":{"@type":"PropertyValueSpecification","valueRequired":true,"valueName":"search_term_string"}}],"inLanguage":"en-GB"},{"@type":"Organization","@id":"https:\/\/skaitytaknyga.lt\/#organization","name":"skaitytaknyga.lt","url":"https:\/\/skaitytaknyga.lt\/","logo":{"@type":"ImageObject","inLanguage":"en-GB","@id":"https:\/\/skaitytaknyga.lt\/#\/schema\/logo\/image\/","url":"https:\/\/skaitytaknyga.lt\/wp-content\/uploads\/2024\/05\/cropped-cropped-cropped-02_00843_jt3bggkj1j3HLc7SyY6rEUpg.jpeg","contentUrl":"https:\/\/skaitytaknyga.lt\/wp-content\/uploads\/2024\/05\/cropped-cropped-cropped-02_00843_jt3bggkj1j3HLc7SyY6rEUpg.jpeg","width":1600,"height":1600,"caption":"skaitytaknyga.lt"},"image":{"@id":"https:\/\/skaitytaknyga.lt\/#\/schema\/logo\/image\/"},"sameAs":["https:\/\/www.facebook.com\/skaitytaknyga\/"]}]}},"_links":{"self":[{"href":"https:\/\/skaitytaknyga.lt\/en\/wp-json\/wp\/v2\/product\/20745","targetHints":{"allow":["GET"]}}],"collection":[{"href":"https:\/\/skaitytaknyga.lt\/en\/wp-json\/wp\/v2\/product"}],"about":[{"href":"https:\/\/skaitytaknyga.lt\/en\/wp-json\/wp\/v2\/types\/product"}],"replies":[{"embeddable":true,"href":"https:\/\/skaitytaknyga.lt\/en\/wp-json\/wp\/v2\/comments?post=20745"}],"wp:featuredmedia":[{"embeddable":true,"href":"https:\/\/skaitytaknyga.lt\/en\/wp-json\/wp\/v2\/media\/20750"}],"wp:attachment":[{"href":"https:\/\/skaitytaknyga.lt\/en\/wp-json\/wp\/v2\/media?parent=20745"}],"wp:term":[{"taxonomy":"product_brand","embeddable":true,"href":"https:\/\/skaitytaknyga.lt\/en\/wp-json\/wp\/v2\/product_brand?post=20745"},{"taxonomy":"product_cat","embeddable":true,"href":"https:\/\/skaitytaknyga.lt\/en\/wp-json\/wp\/v2\/product_cat?post=20745"},{"taxonomy":"product_tag","embeddable":true,"href":"https:\/\/skaitytaknyga.lt\/en\/wp-json\/wp\/v2\/product_tag?post=20745"}],"curies":[{"name":"wp","href":"https:\/\/api.w.org\/{rel}","templated":true}]}}