{"id":20743,"date":"2025-09-12T14:32:55","date_gmt":"2025-09-12T11:32:55","guid":{"rendered":"https:\/\/skaitytaknyga.lt\/?post_type=product&#038;p=20743"},"modified":"2025-10-06T13:22:40","modified_gmt":"2025-10-06T10:22:40","slug":"meiles-gelmese-pokalbis-apie-meile-santuoka-ir-seima","status":"publish","type":"product","link":"https:\/\/skaitytaknyga.lt\/en\/produktas\/meiles-gelmese-pokalbis-apie-meile-santuoka-ir-seima\/","title":{"rendered":"Meil\u0117s gelm\u0117se: pokalbis apie meil\u0119, santuok\u0105 ir \u0161eim\u0105"},"content":{"rendered":"<p>Pokalbi\u0173 knygoje \u201eMeil\u0117s gelm\u0117se: pokalbis apie meil\u0119, santuok\u0105 ir \u0161eim\u0105\u201c t\u0117vas Marie-Dominique\u2019as Philippe\u2019as atsako \u012f daugyb\u0119 klausim\u0173 apie meil\u0119, lytin\u012f gyvenim\u0105, \u0161eim\u0105, santuok\u0105 bei aukl\u0117jim\u0105 krik\u0161\u010dioni\u0161ku po\u017ei\u016briu.<\/p>\n<p>Kas Dievo skirta sutuoktiniams?<\/p>\n<p>Kokie esminiai skirtumai tarp vyro ir moters?<\/p>\n<p>Koks yra kiekvieno i\u0161 j\u0173 pa\u0161aukimas? Kod\u0117l santuoka monogami\u0161ka?<\/p>\n<p>K\u016bdiki\u0173 krik\u0161tas: kod\u0117l? Kod\u0117l Ba\u017eny\u010dia draud\u017eia kontracepcij\u0105, i\u0161siskyrusiems neleid\u017eia vesti i\u0161 naujo?<\/p>\n<p>Kas yra meil\u0117?Ar gali myl\u0117ti \u017emog\u0173, kuris nemyli tav\u0119s?<\/p>\n<p>Ar \u012fmanoma, kai tau 25-eri, b\u016bti pakankamai \u012f\u017evalgiam, kad paj\u0117gtum pasirinkti visam gyvenimui?<\/p>\n<p>Ar galima sublimuoti lytin\u012f instinkt\u0105? Kod\u0117l \u0161itiek i\u0161irusi\u0173 santuok\u0173, tiek nedarni\u0173 \u0161eim\u0173?<\/p>\n<p>Kod\u0117l taip yra? Kod\u0117l pasaulyje tiek daug kan\u010dios?<\/p>\n<p>Tai tik keletas i\u0161 beveik 150 klausim\u0173, pateikt\u0173 t\u0117vui Philippe&#8217;ui.<\/p>\n","protected":false},"excerpt":{"rendered":"<p>Pokalbi\u0173 knygoje \u201eMeil\u0117s gelm\u0117se: pokalbis apie meil\u0119, santuok\u0105 ir \u0161eim\u0105\u201c t\u0117vas Marie-Dominique\u2019as Philippe\u2019as atsako \u012f daugyb\u0119 klausim\u0173 apie meil\u0119, lytin\u012f gyvenim\u0105, \u0161eim\u0105, santuok\u0105 bei aukl\u0117jim\u0105 krik\u0161\u010dioni\u0161ku po\u017ei\u016briu. Kas Dievo skirta sutuoktiniams? Kokie esminiai skirtumai tarp vyro ir moters? Koks yra kiekvieno i\u0161 j\u0173 pa\u0161aukimas? Kod\u0117l santuoka monogami\u0161ka? K\u016bdiki\u0173 krik\u0161tas: kod\u0117l? Kod\u0117l Ba\u017eny\u010dia draud\u017eia kontracepcij\u0105, i\u0161siskyrusiems neleid\u017eia vesti i\u0161 naujo? Kas yra meil\u0117?Ar gali myl\u0117ti \u017emog\u0173, kuris nemyli tav\u0119s? Ar \u012fmanoma, kai tau 25-eri, b\u016bti pakankamai \u012f\u017evalgiam, kad paj\u0117gtum pasirinkti visam gyvenimui? Ar galima sublimuoti lytin\u012f instinkt\u0105? Kod\u0117l \u0161itiek i\u0161irusi\u0173 santuok\u0173, tiek nedarni\u0173 \u0161eim\u0173? Kod\u0117l taip yra? Kod\u0117l pasaulyje tiek daug kan\u010dios? Tai tik keletas i\u0161 beveik 150 klausim\u0173, pateikt\u0173 t\u0117vui Philippe&#8217;ui.<\/p>\n","protected":false},"featured_media":20748,"comment_status":"open","ping_status":"closed","template":"","meta":{"_acf_changed":false,"site-sidebar-layout":"default","site-content-layout":"","ast-site-content-layout":"default","site-content-style":"default","site-sidebar-style":"default","ast-global-header-display":"","ast-banner-title-visibility":"","ast-main-header-display":"","ast-hfb-above-header-display":"","ast-hfb-below-header-display":"","ast-hfb-mobile-header-display":"","site-post-title":"","ast-breadcrumbs-content":"","ast-featured-img":"","footer-sml-layout":"","ast-disable-related-posts":"","theme-transparent-header-meta":"","adv-header-id-meta":"","stick-header-meta":"","header-above-stick-meta":"","header-main-stick-meta":"","header-below-stick-meta":"","astra-migrate-meta-layouts":"default","ast-page-background-enabled":"default","ast-page-background-meta":{"desktop":{"background-color":"","background-image":"","background-repeat":"repeat","background-position":"center center","background-size":"auto","background-attachment":"scroll","background-type":"","background-media":"","overlay-type":"","overlay-color":"","overlay-opacity":"","overlay-gradient":""},"tablet":{"background-color":"","background-image":"","background-repeat":"repeat","background-position":"center center","background-size":"auto","background-attachment":"scroll","background-type":"","background-media":"","overlay-type":"","overlay-color":"","overlay-opacity":"","overlay-gradient":""},"mobile":{"background-color":"","background-image":"","background-repeat":"repeat","background-position":"center center","background-size":"auto","background-attachment":"scroll","background-type":"","background-media":"","overlay-type":"","overlay-color":"","overlay-opacity":"","overlay-gradient":""}},"ast-content-background-meta":{"desktop":{"background-color":"var(--ast-global-color-4)","background-image":"","background-repeat":"repeat","background-position":"center center","background-size":"auto","background-attachment":"scroll","background-type":"","background-media":"","overlay-type":"","overlay-color":"","overlay-opacity":"","overlay-gradient":""},"tablet":{"background-color":"var(--ast-global-color-4)","background-image":"","background-repeat":"repeat","background-position":"center center","background-size":"auto","background-attachment":"scroll","background-type":"","background-media":"","overlay-type":"","overlay-color":"","overlay-opacity":"","overlay-gradient":""},"mobile":{"background-color":"var(--ast-global-color-4)","background-image":"","background-repeat":"repeat","background-position":"center center","background-size":"auto","background-attachment":"scroll","background-type":"","background-media":"","overlay-type":"","overlay-color":"","overlay-opacity":"","overlay-gradient":""}}},"product_brand":[],"product_cat":[15],"product_tag":[8846,8845,1796,3876,2277,2745,1646],"class_list":{"0":"post-20743","1":"product","2":"type-product","3":"status-publish","4":"has-post-thumbnail","6":"product_cat-uncategorized","7":"product_tag-krikscioniska-etika","8":"product_tag-marie-dominique-philippe","9":"product_tag-meile","10":"product_tag-pokalbiai","11":"product_tag-religija","12":"product_tag-santuoka","13":"product_tag-seima","14":"desktop-align-left","15":"tablet-align-left","16":"mobile-align-left","18":"first","19":"instock","20":"shipping-taxable","21":"purchasable","22":"product-type-simple"},"acf":[],"yoast_head":"<!-- This site is optimized with the Yoast SEO plugin v27.0 - https:\/\/yoast.com\/product\/yoast-seo-wordpress\/ -->\n<title>Meil\u0117s gelm\u0117se: pokalbis apie meil\u0119, santuok\u0105 ir \u0161eim\u0105<\/title>\n<meta name=\"description\" content=\"Pokalbi\u0173 knygoje \u201eMeil\u0117s gelm\u0117se: pokalbis apie meil\u0119, santuok\u0105 ir \u0161eim\u0105\u201c t\u0117vas Marie-Dominique\u2019as Philippe\u2019as atsako \u012f daugyb\u0119 klausim\u0173 apie meil\u0119,\" \/>\n<meta name=\"robots\" content=\"index, follow, max-snippet:-1, max-image-preview:large, max-video-preview:-1\" \/>\n<link rel=\"canonical\" href=\"https:\/\/skaitytaknyga.lt\/en\/produktas\/meiles-gelmese-pokalbis-apie-meile-santuoka-ir-seima\/\" \/>\n<meta property=\"og:locale\" content=\"en_GB\" \/>\n<meta property=\"og:locale:alternate\" content=\"lt_LT\" \/>\n<meta property=\"og:type\" content=\"article\" \/>\n<meta property=\"og:title\" content=\"Meil\u0117s gelm\u0117se: pokalbis apie meil\u0119, santuok\u0105 ir \u0161eim\u0105\" \/>\n<meta property=\"og:description\" content=\"Pokalbi\u0173 knygoje \u201eMeil\u0117s gelm\u0117se: pokalbis apie meil\u0119, santuok\u0105 ir \u0161eim\u0105\u201c t\u0117vas Marie-Dominique\u2019as Philippe\u2019as atsako \u012f daugyb\u0119 klausim\u0173 apie meil\u0119,\" \/>\n<meta property=\"og:url\" content=\"https:\/\/skaitytaknyga.lt\/en\/produktas\/meiles-gelmese-pokalbis-apie-meile-santuoka-ir-seima\/\" \/>\n<meta property=\"og:site_name\" content=\"Skaitytaknyga\" \/>\n<meta property=\"article:publisher\" content=\"https:\/\/www.facebook.com\/skaitytaknyga\/\" \/>\n<meta property=\"article:modified_time\" content=\"2025-10-06T10:22:40+00:00\" \/>\n<meta property=\"og:image\" content=\"https:\/\/skaitytaknyga.lt\/wp-content\/uploads\/2025\/09\/Meiles-gelmese-pokalbis-apie-meile-santuoka-ir-seima-1.webp\" \/>\n\t<meta property=\"og:image:width\" content=\"300\" \/>\n\t<meta property=\"og:image:height\" content=\"458\" \/>\n\t<meta property=\"og:image:type\" content=\"image\/webp\" \/>\n<meta name=\"twitter:card\" content=\"summary_large_image\" \/>\n<meta name=\"twitter:label1\" content=\"Estimated reading time\" \/>\n\t<meta name=\"twitter:data1\" content=\"1 minute\" \/>\n<script type=\"application\/ld+json\" class=\"yoast-schema-graph\">{\"@context\":\"https:\/\/schema.org\",\"@graph\":[{\"@type\":\"WebPage\",\"@id\":\"https:\/\/skaitytaknyga.lt\/produktas\/meiles-gelmese-pokalbis-apie-meile-santuoka-ir-seima\/\",\"url\":\"https:\/\/skaitytaknyga.lt\/produktas\/meiles-gelmese-pokalbis-apie-meile-santuoka-ir-seima\/\",\"name\":\"Meil\u0117s gelm\u0117se: pokalbis apie meil\u0119, santuok\u0105 ir \u0161eim\u0105\",\"isPartOf\":{\"@id\":\"https:\/\/skaitytaknyga.lt\/#website\"},\"primaryImageOfPage\":{\"@id\":\"https:\/\/skaitytaknyga.lt\/produktas\/meiles-gelmese-pokalbis-apie-meile-santuoka-ir-seima\/#primaryimage\"},\"image\":{\"@id\":\"https:\/\/skaitytaknyga.lt\/produktas\/meiles-gelmese-pokalbis-apie-meile-santuoka-ir-seima\/#primaryimage\"},\"thumbnailUrl\":\"https:\/\/skaitytaknyga.lt\/wp-content\/uploads\/2025\/09\/Meiles-gelmese-pokalbis-apie-meile-santuoka-ir-seima-1.webp\",\"datePublished\":\"2025-09-12T11:32:55+00:00\",\"dateModified\":\"2025-10-06T10:22:40+00:00\",\"description\":\"Pokalbi\u0173 knygoje \u201eMeil\u0117s gelm\u0117se: pokalbis apie meil\u0119, santuok\u0105 ir \u0161eim\u0105\u201c t\u0117vas Marie-Dominique\u2019as Philippe\u2019as atsako \u012f daugyb\u0119 klausim\u0173 apie meil\u0119,\",\"breadcrumb\":{\"@id\":\"https:\/\/skaitytaknyga.lt\/produktas\/meiles-gelmese-pokalbis-apie-meile-santuoka-ir-seima\/#breadcrumb\"},\"inLanguage\":\"en-GB\",\"potentialAction\":[{\"@type\":\"ReadAction\",\"target\":[\"https:\/\/skaitytaknyga.lt\/produktas\/meiles-gelmese-pokalbis-apie-meile-santuoka-ir-seima\/\"]}]},{\"@type\":\"ImageObject\",\"inLanguage\":\"en-GB\",\"@id\":\"https:\/\/skaitytaknyga.lt\/produktas\/meiles-gelmese-pokalbis-apie-meile-santuoka-ir-seima\/#primaryimage\",\"url\":\"https:\/\/skaitytaknyga.lt\/wp-content\/uploads\/2025\/09\/Meiles-gelmese-pokalbis-apie-meile-santuoka-ir-seima-1.webp\",\"contentUrl\":\"https:\/\/skaitytaknyga.lt\/wp-content\/uploads\/2025\/09\/Meiles-gelmese-pokalbis-apie-meile-santuoka-ir-seima-1.webp\",\"width\":300,\"height\":458,\"caption\":\"Meil\u0117s gelm\u0117se: pokalbis apie meil\u0119, santuok\u0105 ir \u0161eim\u0105\"},{\"@type\":\"BreadcrumbList\",\"@id\":\"https:\/\/skaitytaknyga.lt\/produktas\/meiles-gelmese-pokalbis-apie-meile-santuoka-ir-seima\/#breadcrumb\",\"itemListElement\":[{\"@type\":\"ListItem\",\"position\":1,\"name\":\"Home\",\"item\":\"https:\/\/skaitytaknyga.lt\/\"},{\"@type\":\"ListItem\",\"position\":2,\"name\":\"Parduotuv\u0117\",\"item\":\"https:\/\/skaitytaknyga.lt\/knygu-parduotuve\/\"},{\"@type\":\"ListItem\",\"position\":3,\"name\":\"Meil\u0117s gelm\u0117se: pokalbis apie meil\u0119, santuok\u0105 ir \u0161eim\u0105\"}]},{\"@type\":\"WebSite\",\"@id\":\"https:\/\/skaitytaknyga.lt\/#website\",\"url\":\"https:\/\/skaitytaknyga.lt\/\",\"name\":\"skaitytaknyga.lt\",\"description\":\"Skaitytaknyga.lt \u2013 tai ma\u017eas \u0161eimos verslas, kuris prasid\u0117jo nuo meil\u0117s knygoms ir siekio i\u0161gelb\u0117ti knygas nuo likimo prie konteinerio. Kas vienam nereikalingas daiktas \u2013 kitam lobis, o mes esame tarpininkai, kurie padeda abiems tapti laimingesniems ???? \u017dinome kaip nelengva i\u0161gyventi ma\u017eiems verslams, tad nuo \u0161iol, \u010dia rasite ir kit\u0173, ma\u017e\u0173 \u0161eim\u0173 versl\u0173, rank\u0173 darbo, dovan\u0173 sau ir artimiesiems.\",\"publisher\":{\"@id\":\"https:\/\/skaitytaknyga.lt\/#organization\"},\"potentialAction\":[{\"@type\":\"SearchAction\",\"target\":{\"@type\":\"EntryPoint\",\"urlTemplate\":\"https:\/\/skaitytaknyga.lt\/?s={search_term_string}\"},\"query-input\":{\"@type\":\"PropertyValueSpecification\",\"valueRequired\":true,\"valueName\":\"search_term_string\"}}],\"inLanguage\":\"en-GB\"},{\"@type\":\"Organization\",\"@id\":\"https:\/\/skaitytaknyga.lt\/#organization\",\"name\":\"skaitytaknyga.lt\",\"url\":\"https:\/\/skaitytaknyga.lt\/\",\"logo\":{\"@type\":\"ImageObject\",\"inLanguage\":\"en-GB\",\"@id\":\"https:\/\/skaitytaknyga.lt\/#\/schema\/logo\/image\/\",\"url\":\"https:\/\/skaitytaknyga.lt\/wp-content\/uploads\/2024\/05\/cropped-cropped-cropped-02_00843_jt3bggkj1j3HLc7SyY6rEUpg.jpeg\",\"contentUrl\":\"https:\/\/skaitytaknyga.lt\/wp-content\/uploads\/2024\/05\/cropped-cropped-cropped-02_00843_jt3bggkj1j3HLc7SyY6rEUpg.jpeg\",\"width\":1600,\"height\":1600,\"caption\":\"skaitytaknyga.lt\"},\"image\":{\"@id\":\"https:\/\/skaitytaknyga.lt\/#\/schema\/logo\/image\/\"},\"sameAs\":[\"https:\/\/www.facebook.com\/skaitytaknyga\/\"]}]}<\/script>\n<!-- \/ Yoast SEO plugin. -->","yoast_head_json":{"title":"Meil\u0117s gelm\u0117se: pokalbis apie meil\u0119, santuok\u0105 ir \u0161eim\u0105","description":"Pokalbi\u0173 knygoje \u201eMeil\u0117s gelm\u0117se: pokalbis apie meil\u0119, santuok\u0105 ir \u0161eim\u0105\u201c t\u0117vas Marie-Dominique\u2019as Philippe\u2019as atsako \u012f daugyb\u0119 klausim\u0173 apie meil\u0119,","robots":{"index":"index","follow":"follow","max-snippet":"max-snippet:-1","max-image-preview":"max-image-preview:large","max-video-preview":"max-video-preview:-1"},"canonical":"https:\/\/skaitytaknyga.lt\/en\/produktas\/meiles-gelmese-pokalbis-apie-meile-santuoka-ir-seima\/","og_locale":"en_GB","og_type":"article","og_title":"[:lt]Meil\u0117s gelm\u0117se: pokalbis apie meil\u0119, santuok\u0105 ir \u0161eim\u0105[:] - Skaitytaknyga","og_description":"Pokalbi\u0173 knygoje \u201eMeil\u0117s gelm\u0117se: pokalbis apie meil\u0119, santuok\u0105 ir \u0161eim\u0105\u201c t\u0117vas Marie-Dominique\u2019as Philippe\u2019as atsako \u012f daugyb\u0119 klausim\u0173 apie meil\u0119,","og_url":"https:\/\/skaitytaknyga.lt\/en\/produktas\/meiles-gelmese-pokalbis-apie-meile-santuoka-ir-seima\/","og_site_name":"Skaitytaknyga","article_publisher":"https:\/\/www.facebook.com\/skaitytaknyga\/","article_modified_time":"2025-10-06T10:22:40+00:00","og_image":[{"width":300,"height":458,"url":"https:\/\/skaitytaknyga.lt\/wp-content\/uploads\/2025\/09\/Meiles-gelmese-pokalbis-apie-meile-santuoka-ir-seima-1.webp","type":"image\/webp"}],"twitter_card":"summary_large_image","twitter_misc":{"Estimated reading time":"1 minute"},"schema":{"@context":"https:\/\/schema.org","@graph":[{"@type":"WebPage","@id":"https:\/\/skaitytaknyga.lt\/produktas\/meiles-gelmese-pokalbis-apie-meile-santuoka-ir-seima\/","url":"https:\/\/skaitytaknyga.lt\/produktas\/meiles-gelmese-pokalbis-apie-meile-santuoka-ir-seima\/","name":"Meil\u0117s gelm\u0117se: pokalbis apie meil\u0119, santuok\u0105 ir \u0161eim\u0105","isPartOf":{"@id":"https:\/\/skaitytaknyga.lt\/#website"},"primaryImageOfPage":{"@id":"https:\/\/skaitytaknyga.lt\/produktas\/meiles-gelmese-pokalbis-apie-meile-santuoka-ir-seima\/#primaryimage"},"image":{"@id":"https:\/\/skaitytaknyga.lt\/produktas\/meiles-gelmese-pokalbis-apie-meile-santuoka-ir-seima\/#primaryimage"},"thumbnailUrl":"https:\/\/skaitytaknyga.lt\/wp-content\/uploads\/2025\/09\/Meiles-gelmese-pokalbis-apie-meile-santuoka-ir-seima-1.webp","datePublished":"2025-09-12T11:32:55+00:00","dateModified":"2025-10-06T10:22:40+00:00","description":"Pokalbi\u0173 knygoje \u201eMeil\u0117s gelm\u0117se: pokalbis apie meil\u0119, santuok\u0105 ir \u0161eim\u0105\u201c t\u0117vas Marie-Dominique\u2019as Philippe\u2019as atsako \u012f daugyb\u0119 klausim\u0173 apie meil\u0119,","breadcrumb":{"@id":"https:\/\/skaitytaknyga.lt\/produktas\/meiles-gelmese-pokalbis-apie-meile-santuoka-ir-seima\/#breadcrumb"},"inLanguage":"en-GB","potentialAction":[{"@type":"ReadAction","target":["https:\/\/skaitytaknyga.lt\/produktas\/meiles-gelmese-pokalbis-apie-meile-santuoka-ir-seima\/"]}]},{"@type":"ImageObject","inLanguage":"en-GB","@id":"https:\/\/skaitytaknyga.lt\/produktas\/meiles-gelmese-pokalbis-apie-meile-santuoka-ir-seima\/#primaryimage","url":"https:\/\/skaitytaknyga.lt\/wp-content\/uploads\/2025\/09\/Meiles-gelmese-pokalbis-apie-meile-santuoka-ir-seima-1.webp","contentUrl":"https:\/\/skaitytaknyga.lt\/wp-content\/uploads\/2025\/09\/Meiles-gelmese-pokalbis-apie-meile-santuoka-ir-seima-1.webp","width":300,"height":458,"caption":"Meil\u0117s gelm\u0117se: pokalbis apie meil\u0119, santuok\u0105 ir \u0161eim\u0105"},{"@type":"BreadcrumbList","@id":"https:\/\/skaitytaknyga.lt\/produktas\/meiles-gelmese-pokalbis-apie-meile-santuoka-ir-seima\/#breadcrumb","itemListElement":[{"@type":"ListItem","position":1,"name":"Home","item":"https:\/\/skaitytaknyga.lt\/"},{"@type":"ListItem","position":2,"name":"Parduotuv\u0117","item":"https:\/\/skaitytaknyga.lt\/knygu-parduotuve\/"},{"@type":"ListItem","position":3,"name":"Meil\u0117s gelm\u0117se: pokalbis apie meil\u0119, santuok\u0105 ir \u0161eim\u0105"}]},{"@type":"WebSite","@id":"https:\/\/skaitytaknyga.lt\/#website","url":"https:\/\/skaitytaknyga.lt\/","name":"skaitytaknyga.lt","description":"Skaitytaknyga.lt \u2013 tai ma\u017eas \u0161eimos verslas, kuris prasid\u0117jo nuo meil\u0117s knygoms ir siekio i\u0161gelb\u0117ti knygas nuo likimo prie konteinerio. Kas vienam nereikalingas daiktas \u2013 kitam lobis, o mes esame tarpininkai, kurie padeda abiems tapti laimingesniems ???? \u017dinome kaip nelengva i\u0161gyventi ma\u017eiems verslams, tad nuo \u0161iol, \u010dia rasite ir kit\u0173, ma\u017e\u0173 \u0161eim\u0173 versl\u0173, rank\u0173 darbo, dovan\u0173 sau ir artimiesiems.","publisher":{"@id":"https:\/\/skaitytaknyga.lt\/#organization"},"potentialAction":[{"@type":"SearchAction","target":{"@type":"EntryPoint","urlTemplate":"https:\/\/skaitytaknyga.lt\/?s={search_term_string}"},"query-input":{"@type":"PropertyValueSpecification","valueRequired":true,"valueName":"search_term_string"}}],"inLanguage":"en-GB"},{"@type":"Organization","@id":"https:\/\/skaitytaknyga.lt\/#organization","name":"skaitytaknyga.lt","url":"https:\/\/skaitytaknyga.lt\/","logo":{"@type":"ImageObject","inLanguage":"en-GB","@id":"https:\/\/skaitytaknyga.lt\/#\/schema\/logo\/image\/","url":"https:\/\/skaitytaknyga.lt\/wp-content\/uploads\/2024\/05\/cropped-cropped-cropped-02_00843_jt3bggkj1j3HLc7SyY6rEUpg.jpeg","contentUrl":"https:\/\/skaitytaknyga.lt\/wp-content\/uploads\/2024\/05\/cropped-cropped-cropped-02_00843_jt3bggkj1j3HLc7SyY6rEUpg.jpeg","width":1600,"height":1600,"caption":"skaitytaknyga.lt"},"image":{"@id":"https:\/\/skaitytaknyga.lt\/#\/schema\/logo\/image\/"},"sameAs":["https:\/\/www.facebook.com\/skaitytaknyga\/"]}]}},"_links":{"self":[{"href":"https:\/\/skaitytaknyga.lt\/en\/wp-json\/wp\/v2\/product\/20743","targetHints":{"allow":["GET"]}}],"collection":[{"href":"https:\/\/skaitytaknyga.lt\/en\/wp-json\/wp\/v2\/product"}],"about":[{"href":"https:\/\/skaitytaknyga.lt\/en\/wp-json\/wp\/v2\/types\/product"}],"replies":[{"embeddable":true,"href":"https:\/\/skaitytaknyga.lt\/en\/wp-json\/wp\/v2\/comments?post=20743"}],"wp:featuredmedia":[{"embeddable":true,"href":"https:\/\/skaitytaknyga.lt\/en\/wp-json\/wp\/v2\/media\/20748"}],"wp:attachment":[{"href":"https:\/\/skaitytaknyga.lt\/en\/wp-json\/wp\/v2\/media?parent=20743"}],"wp:term":[{"taxonomy":"product_brand","embeddable":true,"href":"https:\/\/skaitytaknyga.lt\/en\/wp-json\/wp\/v2\/product_brand?post=20743"},{"taxonomy":"product_cat","embeddable":true,"href":"https:\/\/skaitytaknyga.lt\/en\/wp-json\/wp\/v2\/product_cat?post=20743"},{"taxonomy":"product_tag","embeddable":true,"href":"https:\/\/skaitytaknyga.lt\/en\/wp-json\/wp\/v2\/product_tag?post=20743"}],"curies":[{"name":"wp","href":"https:\/\/api.w.org\/{rel}","templated":true}]}}