{"id":20741,"date":"2025-09-12T14:32:54","date_gmt":"2025-09-12T11:32:54","guid":{"rendered":"https:\/\/skaitytaknyga.lt\/?post_type=product&#038;p=20741"},"modified":"2025-11-07T17:23:08","modified_gmt":"2025-11-07T15:23:08","slug":"kunas-grozio-sventove","status":"publish","type":"product","link":"https:\/\/skaitytaknyga.lt\/en\/produktas\/kunas-grozio-sventove\/","title":{"rendered":"K\u016bnas \u2013 gro\u017eio \u0161ventov\u0117"},"content":{"rendered":"<p>Jo Croissant yra Efraimo, 1974 metais \u012fk\u016brusio kataliki\u0161k\u0105 Palaiminim\u0173 bendruomen\u0119, \u017emona.<\/p>\n<p>\u0160i knyga yra bendruomen\u0117s gyvenimo patirties rezultatas, ja kreipiamasi \u012f kiekvien\u0105 \u017emog\u0173, kuris nori eiti \u012f priek\u012f, pa\u017eindamas Diev\u0105 ir save. \u0160v. Paulius su\u0161unka: \u201eArgi ne\u017einote, kad j\u016bs esate Dievo \u0161ventov\u0117?\u201c, o Jo Croissant entuziastingai atsako: \u201eTaip, m\u016bs\u0173 k\u016bnas buvo ta vieta, kurioje apsigyveno \u0160ventoji Dvasia, jis \u2013 kelias, vedantis mus \u012f T\u0117vo \u0161ird\u012f\u2026\u201c<\/p>\n<p>Knygos autor\u0117 kvie\u010dia mus \u012f tikr\u0105j\u012f vidinio atgimimo keli\u0105: \u012f\u017eengti \u012f \u0160ventov\u0119, \u012f savo vid\u0173, \u012f trissyk \u0160ventojo Dievo artum\u0105, nes \u010dia yra T\u0117vas. Tai, ko desperati\u0161kai ie\u0161kome anapus sav\u0119s, slypi mumyse.<\/p>\n","protected":false},"excerpt":{"rendered":"<p>Jo Croissant yra Efraimo, 1974 metais \u012fk\u016brusio kataliki\u0161k\u0105 Palaiminim\u0173 bendruomen\u0119, \u017emona. \u0160i knyga yra bendruomen\u0117s gyvenimo patirties rezultatas, ja kreipiamasi \u012f kiekvien\u0105 \u017emog\u0173, kuris nori eiti \u012f priek\u012f, pa\u017eindamas Diev\u0105 ir save. \u0160v. Paulius su\u0161unka: \u201eArgi ne\u017einote, kad j\u016bs esate Dievo \u0161ventov\u0117?\u201c, o Jo Croissant entuziastingai atsako: \u201eTaip, m\u016bs\u0173 k\u016bnas buvo ta vieta, kurioje apsigyveno \u0160ventoji Dvasia, jis \u2013 kelias, vedantis mus \u012f T\u0117vo \u0161ird\u012f\u2026\u201c Knygos autor\u0117 kvie\u010dia mus \u012f tikr\u0105j\u012f vidinio atgimimo keli\u0105: \u012f\u017eengti \u012f \u0160ventov\u0119, \u012f savo vid\u0173, \u012f trissyk \u0160ventojo Dievo artum\u0105, nes \u010dia yra T\u0117vas. Tai, ko desperati\u0161kai ie\u0161kome anapus sav\u0119s, slypi mumyse.<\/p>\n","protected":false},"featured_media":20746,"comment_status":"open","ping_status":"closed","template":"","meta":{"_acf_changed":false,"site-sidebar-layout":"default","site-content-layout":"","ast-site-content-layout":"default","site-content-style":"default","site-sidebar-style":"default","ast-global-header-display":"","ast-banner-title-visibility":"","ast-main-header-display":"","ast-hfb-above-header-display":"","ast-hfb-below-header-display":"","ast-hfb-mobile-header-display":"","site-post-title":"","ast-breadcrumbs-content":"","ast-featured-img":"","footer-sml-layout":"","ast-disable-related-posts":"","theme-transparent-header-meta":"","adv-header-id-meta":"","stick-header-meta":"","header-above-stick-meta":"","header-main-stick-meta":"","header-below-stick-meta":"","astra-migrate-meta-layouts":"default","ast-page-background-enabled":"default","ast-page-background-meta":{"desktop":{"background-color":"","background-image":"","background-repeat":"repeat","background-position":"center center","background-size":"auto","background-attachment":"scroll","background-type":"","background-media":"","overlay-type":"","overlay-color":"","overlay-opacity":"","overlay-gradient":""},"tablet":{"background-color":"","background-image":"","background-repeat":"repeat","background-position":"center center","background-size":"auto","background-attachment":"scroll","background-type":"","background-media":"","overlay-type":"","overlay-color":"","overlay-opacity":"","overlay-gradient":""},"mobile":{"background-color":"","background-image":"","background-repeat":"repeat","background-position":"center center","background-size":"auto","background-attachment":"scroll","background-type":"","background-media":"","overlay-type":"","overlay-color":"","overlay-opacity":"","overlay-gradient":""}},"ast-content-background-meta":{"desktop":{"background-color":"var(--ast-global-color-4)","background-image":"","background-repeat":"repeat","background-position":"center center","background-size":"auto","background-attachment":"scroll","background-type":"","background-media":"","overlay-type":"","overlay-color":"","overlay-opacity":"","overlay-gradient":""},"tablet":{"background-color":"var(--ast-global-color-4)","background-image":"","background-repeat":"repeat","background-position":"center center","background-size":"auto","background-attachment":"scroll","background-type":"","background-media":"","overlay-type":"","overlay-color":"","overlay-opacity":"","overlay-gradient":""},"mobile":{"background-color":"var(--ast-global-color-4)","background-image":"","background-repeat":"repeat","background-position":"center center","background-size":"auto","background-attachment":"scroll","background-type":"","background-media":"","overlay-type":"","overlay-color":"","overlay-opacity":"","overlay-gradient":""}}},"product_brand":[],"product_cat":[15],"product_tag":[5065,3509,8840,1942,8841,5024,1581],"class_list":{"0":"post-20741","1":"product","2":"type-product","3":"status-publish","4":"has-post-thumbnail","6":"product_cat-uncategorized","7":"product_tag-atgimimas","8":"product_tag-dvasingumas","9":"product_tag-jo-croissant","10":"product_tag-krikscionybe","11":"product_tag-kunas","12":"product_tag-moteriskumas","13":"product_tag-tikejimas","14":"desktop-align-left","15":"tablet-align-left","16":"mobile-align-left","18":"first","19":"instock","20":"shipping-taxable","21":"purchasable","22":"product-type-simple"},"acf":[],"yoast_head":"<!-- This site is optimized with the Yoast SEO plugin v27.0 - https:\/\/yoast.com\/product\/yoast-seo-wordpress\/ -->\n<title>K\u016bnas \u2013 gro\u017eio \u0161ventov\u0117<\/title>\n<meta name=\"description\" content=\"Jo Croissant yra Efraimo, 1974 metais \u012fk\u016brusio kataliki\u0161k\u0105 Palaiminim\u0173 bendruomen\u0119, \u017emona. \u0160i knyga yra bendruomen\u0117s gyvenimo patirties rezultatas, ja\" \/>\n<meta name=\"robots\" content=\"index, follow, max-snippet:-1, max-image-preview:large, max-video-preview:-1\" \/>\n<link rel=\"canonical\" href=\"https:\/\/skaitytaknyga.lt\/en\/produktas\/kunas-grozio-sventove\/\" \/>\n<meta property=\"og:locale\" content=\"en_GB\" \/>\n<meta property=\"og:locale:alternate\" content=\"lt_LT\" \/>\n<meta property=\"og:type\" content=\"article\" \/>\n<meta property=\"og:title\" content=\"K\u016bnas \u2013 gro\u017eio \u0161ventov\u0117\" \/>\n<meta property=\"og:description\" content=\"Jo Croissant yra Efraimo, 1974 metais \u012fk\u016brusio kataliki\u0161k\u0105 Palaiminim\u0173 bendruomen\u0119, \u017emona. \u0160i knyga yra bendruomen\u0117s gyvenimo patirties rezultatas, ja\" \/>\n<meta property=\"og:url\" content=\"https:\/\/skaitytaknyga.lt\/en\/produktas\/kunas-grozio-sventove\/\" \/>\n<meta property=\"og:site_name\" content=\"Skaitytaknyga\" \/>\n<meta property=\"article:publisher\" content=\"https:\/\/www.facebook.com\/skaitytaknyga\/\" \/>\n<meta property=\"article:modified_time\" content=\"2025-11-07T15:23:08+00:00\" \/>\n<meta property=\"og:image\" content=\"https:\/\/skaitytaknyga.lt\/wp-content\/uploads\/2025\/09\/Kunas-\u2013-grozio-sventove-1.webp\" \/>\n\t<meta property=\"og:image:width\" content=\"300\" \/>\n\t<meta property=\"og:image:height\" content=\"480\" \/>\n\t<meta property=\"og:image:type\" content=\"image\/webp\" \/>\n<meta name=\"twitter:card\" content=\"summary_large_image\" \/>\n<meta name=\"twitter:label1\" content=\"Estimated reading time\" \/>\n\t<meta name=\"twitter:data1\" content=\"1 minute\" \/>\n<script type=\"application\/ld+json\" class=\"yoast-schema-graph\">{\"@context\":\"https:\/\/schema.org\",\"@graph\":[{\"@type\":\"WebPage\",\"@id\":\"https:\/\/skaitytaknyga.lt\/produktas\/kunas-grozio-sventove\/\",\"url\":\"https:\/\/skaitytaknyga.lt\/produktas\/kunas-grozio-sventove\/\",\"name\":\"K\u016bnas \u2013 gro\u017eio \u0161ventov\u0117\",\"isPartOf\":{\"@id\":\"https:\/\/skaitytaknyga.lt\/#website\"},\"primaryImageOfPage\":{\"@id\":\"https:\/\/skaitytaknyga.lt\/produktas\/kunas-grozio-sventove\/#primaryimage\"},\"image\":{\"@id\":\"https:\/\/skaitytaknyga.lt\/produktas\/kunas-grozio-sventove\/#primaryimage\"},\"thumbnailUrl\":\"https:\/\/skaitytaknyga.lt\/wp-content\/uploads\/2025\/09\/Kunas-\u2013-grozio-sventove-1.webp\",\"datePublished\":\"2025-09-12T11:32:54+00:00\",\"dateModified\":\"2025-11-07T15:23:08+00:00\",\"description\":\"Jo Croissant yra Efraimo, 1974 metais \u012fk\u016brusio kataliki\u0161k\u0105 Palaiminim\u0173 bendruomen\u0119, \u017emona. \u0160i knyga yra bendruomen\u0117s gyvenimo patirties rezultatas, ja\",\"breadcrumb\":{\"@id\":\"https:\/\/skaitytaknyga.lt\/produktas\/kunas-grozio-sventove\/#breadcrumb\"},\"inLanguage\":\"en-GB\",\"potentialAction\":[{\"@type\":\"ReadAction\",\"target\":[\"https:\/\/skaitytaknyga.lt\/produktas\/kunas-grozio-sventove\/\"]}]},{\"@type\":\"ImageObject\",\"inLanguage\":\"en-GB\",\"@id\":\"https:\/\/skaitytaknyga.lt\/produktas\/kunas-grozio-sventove\/#primaryimage\",\"url\":\"https:\/\/skaitytaknyga.lt\/wp-content\/uploads\/2025\/09\/Kunas-\u2013-grozio-sventove-1.webp\",\"contentUrl\":\"https:\/\/skaitytaknyga.lt\/wp-content\/uploads\/2025\/09\/Kunas-\u2013-grozio-sventove-1.webp\",\"width\":300,\"height\":480},{\"@type\":\"BreadcrumbList\",\"@id\":\"https:\/\/skaitytaknyga.lt\/produktas\/kunas-grozio-sventove\/#breadcrumb\",\"itemListElement\":[{\"@type\":\"ListItem\",\"position\":1,\"name\":\"Home\",\"item\":\"https:\/\/skaitytaknyga.lt\/\"},{\"@type\":\"ListItem\",\"position\":2,\"name\":\"Parduotuv\u0117\",\"item\":\"https:\/\/skaitytaknyga.lt\/knygu-parduotuve\/\"},{\"@type\":\"ListItem\",\"position\":3,\"name\":\"K\u016bnas \u2013 gro\u017eio \u0161ventov\u0117\"}]},{\"@type\":\"WebSite\",\"@id\":\"https:\/\/skaitytaknyga.lt\/#website\",\"url\":\"https:\/\/skaitytaknyga.lt\/\",\"name\":\"skaitytaknyga.lt\",\"description\":\"Skaitytaknyga.lt \u2013 tai ma\u017eas \u0161eimos verslas, kuris prasid\u0117jo nuo meil\u0117s knygoms ir siekio i\u0161gelb\u0117ti knygas nuo likimo prie konteinerio. Kas vienam nereikalingas daiktas \u2013 kitam lobis, o mes esame tarpininkai, kurie padeda abiems tapti laimingesniems ???? \u017dinome kaip nelengva i\u0161gyventi ma\u017eiems verslams, tad nuo \u0161iol, \u010dia rasite ir kit\u0173, ma\u017e\u0173 \u0161eim\u0173 versl\u0173, rank\u0173 darbo, dovan\u0173 sau ir artimiesiems.\",\"publisher\":{\"@id\":\"https:\/\/skaitytaknyga.lt\/#organization\"},\"potentialAction\":[{\"@type\":\"SearchAction\",\"target\":{\"@type\":\"EntryPoint\",\"urlTemplate\":\"https:\/\/skaitytaknyga.lt\/?s={search_term_string}\"},\"query-input\":{\"@type\":\"PropertyValueSpecification\",\"valueRequired\":true,\"valueName\":\"search_term_string\"}}],\"inLanguage\":\"en-GB\"},{\"@type\":\"Organization\",\"@id\":\"https:\/\/skaitytaknyga.lt\/#organization\",\"name\":\"skaitytaknyga.lt\",\"url\":\"https:\/\/skaitytaknyga.lt\/\",\"logo\":{\"@type\":\"ImageObject\",\"inLanguage\":\"en-GB\",\"@id\":\"https:\/\/skaitytaknyga.lt\/#\/schema\/logo\/image\/\",\"url\":\"https:\/\/skaitytaknyga.lt\/wp-content\/uploads\/2024\/05\/cropped-cropped-cropped-02_00843_jt3bggkj1j3HLc7SyY6rEUpg.jpeg\",\"contentUrl\":\"https:\/\/skaitytaknyga.lt\/wp-content\/uploads\/2024\/05\/cropped-cropped-cropped-02_00843_jt3bggkj1j3HLc7SyY6rEUpg.jpeg\",\"width\":1600,\"height\":1600,\"caption\":\"skaitytaknyga.lt\"},\"image\":{\"@id\":\"https:\/\/skaitytaknyga.lt\/#\/schema\/logo\/image\/\"},\"sameAs\":[\"https:\/\/www.facebook.com\/skaitytaknyga\/\"]}]}<\/script>\n<!-- \/ Yoast SEO plugin. -->","yoast_head_json":{"title":"K\u016bnas \u2013 gro\u017eio \u0161ventov\u0117","description":"Jo Croissant yra Efraimo, 1974 metais \u012fk\u016brusio kataliki\u0161k\u0105 Palaiminim\u0173 bendruomen\u0119, \u017emona. \u0160i knyga yra bendruomen\u0117s gyvenimo patirties rezultatas, ja","robots":{"index":"index","follow":"follow","max-snippet":"max-snippet:-1","max-image-preview":"max-image-preview:large","max-video-preview":"max-video-preview:-1"},"canonical":"https:\/\/skaitytaknyga.lt\/en\/produktas\/kunas-grozio-sventove\/","og_locale":"en_GB","og_type":"article","og_title":"[:lt]K\u016bnas \u2013 gro\u017eio \u0161ventov\u0117[:] - Skaitytaknyga","og_description":"Jo Croissant yra Efraimo, 1974 metais \u012fk\u016brusio kataliki\u0161k\u0105 Palaiminim\u0173 bendruomen\u0119, \u017emona. \u0160i knyga yra bendruomen\u0117s gyvenimo patirties rezultatas, ja","og_url":"https:\/\/skaitytaknyga.lt\/en\/produktas\/kunas-grozio-sventove\/","og_site_name":"Skaitytaknyga","article_publisher":"https:\/\/www.facebook.com\/skaitytaknyga\/","article_modified_time":"2025-11-07T15:23:08+00:00","og_image":[{"width":300,"height":480,"url":"https:\/\/skaitytaknyga.lt\/wp-content\/uploads\/2025\/09\/Kunas-\u2013-grozio-sventove-1.webp","type":"image\/webp"}],"twitter_card":"summary_large_image","twitter_misc":{"Estimated reading time":"1 minute"},"schema":{"@context":"https:\/\/schema.org","@graph":[{"@type":"WebPage","@id":"https:\/\/skaitytaknyga.lt\/produktas\/kunas-grozio-sventove\/","url":"https:\/\/skaitytaknyga.lt\/produktas\/kunas-grozio-sventove\/","name":"K\u016bnas \u2013 gro\u017eio \u0161ventov\u0117","isPartOf":{"@id":"https:\/\/skaitytaknyga.lt\/#website"},"primaryImageOfPage":{"@id":"https:\/\/skaitytaknyga.lt\/produktas\/kunas-grozio-sventove\/#primaryimage"},"image":{"@id":"https:\/\/skaitytaknyga.lt\/produktas\/kunas-grozio-sventove\/#primaryimage"},"thumbnailUrl":"https:\/\/skaitytaknyga.lt\/wp-content\/uploads\/2025\/09\/Kunas-\u2013-grozio-sventove-1.webp","datePublished":"2025-09-12T11:32:54+00:00","dateModified":"2025-11-07T15:23:08+00:00","description":"Jo Croissant yra Efraimo, 1974 metais \u012fk\u016brusio kataliki\u0161k\u0105 Palaiminim\u0173 bendruomen\u0119, \u017emona. \u0160i knyga yra bendruomen\u0117s gyvenimo patirties rezultatas, ja","breadcrumb":{"@id":"https:\/\/skaitytaknyga.lt\/produktas\/kunas-grozio-sventove\/#breadcrumb"},"inLanguage":"en-GB","potentialAction":[{"@type":"ReadAction","target":["https:\/\/skaitytaknyga.lt\/produktas\/kunas-grozio-sventove\/"]}]},{"@type":"ImageObject","inLanguage":"en-GB","@id":"https:\/\/skaitytaknyga.lt\/produktas\/kunas-grozio-sventove\/#primaryimage","url":"https:\/\/skaitytaknyga.lt\/wp-content\/uploads\/2025\/09\/Kunas-\u2013-grozio-sventove-1.webp","contentUrl":"https:\/\/skaitytaknyga.lt\/wp-content\/uploads\/2025\/09\/Kunas-\u2013-grozio-sventove-1.webp","width":300,"height":480},{"@type":"BreadcrumbList","@id":"https:\/\/skaitytaknyga.lt\/produktas\/kunas-grozio-sventove\/#breadcrumb","itemListElement":[{"@type":"ListItem","position":1,"name":"Home","item":"https:\/\/skaitytaknyga.lt\/"},{"@type":"ListItem","position":2,"name":"Parduotuv\u0117","item":"https:\/\/skaitytaknyga.lt\/knygu-parduotuve\/"},{"@type":"ListItem","position":3,"name":"K\u016bnas \u2013 gro\u017eio \u0161ventov\u0117"}]},{"@type":"WebSite","@id":"https:\/\/skaitytaknyga.lt\/#website","url":"https:\/\/skaitytaknyga.lt\/","name":"skaitytaknyga.lt","description":"Skaitytaknyga.lt \u2013 tai ma\u017eas \u0161eimos verslas, kuris prasid\u0117jo nuo meil\u0117s knygoms ir siekio i\u0161gelb\u0117ti knygas nuo likimo prie konteinerio. Kas vienam nereikalingas daiktas \u2013 kitam lobis, o mes esame tarpininkai, kurie padeda abiems tapti laimingesniems ???? \u017dinome kaip nelengva i\u0161gyventi ma\u017eiems verslams, tad nuo \u0161iol, \u010dia rasite ir kit\u0173, ma\u017e\u0173 \u0161eim\u0173 versl\u0173, rank\u0173 darbo, dovan\u0173 sau ir artimiesiems.","publisher":{"@id":"https:\/\/skaitytaknyga.lt\/#organization"},"potentialAction":[{"@type":"SearchAction","target":{"@type":"EntryPoint","urlTemplate":"https:\/\/skaitytaknyga.lt\/?s={search_term_string}"},"query-input":{"@type":"PropertyValueSpecification","valueRequired":true,"valueName":"search_term_string"}}],"inLanguage":"en-GB"},{"@type":"Organization","@id":"https:\/\/skaitytaknyga.lt\/#organization","name":"skaitytaknyga.lt","url":"https:\/\/skaitytaknyga.lt\/","logo":{"@type":"ImageObject","inLanguage":"en-GB","@id":"https:\/\/skaitytaknyga.lt\/#\/schema\/logo\/image\/","url":"https:\/\/skaitytaknyga.lt\/wp-content\/uploads\/2024\/05\/cropped-cropped-cropped-02_00843_jt3bggkj1j3HLc7SyY6rEUpg.jpeg","contentUrl":"https:\/\/skaitytaknyga.lt\/wp-content\/uploads\/2024\/05\/cropped-cropped-cropped-02_00843_jt3bggkj1j3HLc7SyY6rEUpg.jpeg","width":1600,"height":1600,"caption":"skaitytaknyga.lt"},"image":{"@id":"https:\/\/skaitytaknyga.lt\/#\/schema\/logo\/image\/"},"sameAs":["https:\/\/www.facebook.com\/skaitytaknyga\/"]}]}},"_links":{"self":[{"href":"https:\/\/skaitytaknyga.lt\/en\/wp-json\/wp\/v2\/product\/20741","targetHints":{"allow":["GET"]}}],"collection":[{"href":"https:\/\/skaitytaknyga.lt\/en\/wp-json\/wp\/v2\/product"}],"about":[{"href":"https:\/\/skaitytaknyga.lt\/en\/wp-json\/wp\/v2\/types\/product"}],"replies":[{"embeddable":true,"href":"https:\/\/skaitytaknyga.lt\/en\/wp-json\/wp\/v2\/comments?post=20741"}],"wp:featuredmedia":[{"embeddable":true,"href":"https:\/\/skaitytaknyga.lt\/en\/wp-json\/wp\/v2\/media\/20746"}],"wp:attachment":[{"href":"https:\/\/skaitytaknyga.lt\/en\/wp-json\/wp\/v2\/media?parent=20741"}],"wp:term":[{"taxonomy":"product_brand","embeddable":true,"href":"https:\/\/skaitytaknyga.lt\/en\/wp-json\/wp\/v2\/product_brand?post=20741"},{"taxonomy":"product_cat","embeddable":true,"href":"https:\/\/skaitytaknyga.lt\/en\/wp-json\/wp\/v2\/product_cat?post=20741"},{"taxonomy":"product_tag","embeddable":true,"href":"https:\/\/skaitytaknyga.lt\/en\/wp-json\/wp\/v2\/product_tag?post=20741"}],"curies":[{"name":"wp","href":"https:\/\/api.w.org\/{rel}","templated":true}]}}