{"id":20733,"date":"2025-09-12T11:00:05","date_gmt":"2025-09-12T08:00:05","guid":{"rendered":"https:\/\/skaitytaknyga.lt\/?post_type=product&#038;p=20733"},"modified":"2026-03-05T11:42:13","modified_gmt":"2026-03-05T09:42:13","slug":"laiskai-is-praeities","status":"publish","type":"product","link":"https:\/\/skaitytaknyga.lt\/en\/produktas\/laiskai-is-praeities\/","title":{"rendered":"Lai\u0161kai i\u0161 praeities (\u0161iek tiek sulieta)"},"content":{"rendered":"<p>\u2013 Tu juk supranti, Kara, kad kai pasakysiu tau tai, k\u0105 tu manai norinti su\u017einoti, bus viskas. Niekaip nebegal\u0117si to ne\u017einoti, kad ir kaip smarkiai nor\u0117tum. Ar tikrai esi tam pasirengusi?<\/p>\n<p>Imogen Clark (Imod\u017eena Klark) \u2013 diplomuota teisinink\u0117, \u0161iuo metu gyvena Jork\u0161yre su vyru ir vaikais. Darb\u0105 komercin\u0117s teis\u0117s srityje i\u0161keit\u0117 \u012f motinyst\u0119 ir atrado antr\u0105j\u0105 meil\u0119 \u2013 knygas. Baigusi literat\u016bros studijas \u0117m\u0117 kurti romanus, sulaukian\u010dius didel\u0117s s\u0117km\u0117s. \u201eLai\u0161kai i\u0161 praeities\u201c \u2013 pirmas autor\u0117s romanas lietuvi\u0173 kalba.<\/p>\n<p>Karai vos per trisde\u0161imt ir ji siuva nuotakoms vestuvines sukneles. Deja, jos pa\u010dios gyvenimas n\u0117 i\u0161 tolo neprimena pakilios \u0161vent\u0117s: t\u0117vas serga Alzheimeriu ir Kara vienintel\u0117 gali juo pasir\u016bpinti; motina mir\u0117, kai jai buvo dveji, o vyresnysis brolis Maiklas paliko namus vos baig\u0119s mokykl\u0105. T\u0117vo ir brolio nesutarimai net po daugelio met\u0173 temdo santykius, tod\u0117l visa pagalba, kurios Kara pagaliau sulaukia i\u0161 brolio, \u2013 sutikimas nusamdyti t\u0117vui slaugytoj\u0105.<br \/>\nAtradusi laiko Kara u\u017elipa \u012f pal\u0117p\u0119, \u012f kuri\u0105 vaikyst\u0117je t\u0117vas grie\u017etai drausdavo eiti. Tarp daugyb\u0117s sen\u0173 daikt\u0173 ji randa dulk\u0117t\u0105 d\u0117\u017e\u0119, o joje \u2013 \u0161\u016bsn\u012f atvirlai\u0161ki\u0173 i\u0161 \u012fvairiausi\u0173 pasaulio kampeli\u0173&#8230; Kas ir kod\u0117l penkiolika met\u0173 juos siunt\u0117? Ar tai d\u0117l j\u0173 buvo draud\u017eiama \u012f\u017eengti \u012f pal\u0117p\u0119? Kara negali liautis apie tai galvojusi. Ta\u010diau ko griebtis, jei vienintelis \u017emogus, galintis k\u0105 nors papasakoti, nebeatsimena net savo paties vardo? Kara supranta \u2013 lengva nebus, bet \u0161\u012fkart ji nepasiduos.<\/p>\n<p>\u201eLai\u0161kai i\u0161 praeities\u201c \u2013 intriguojanti istorija apie \u0161eim\u0105 gaubian\u010dias paslaptis ir apie tai, kiek daug galime pasiekti pasikliaudami nuojauta. I. Clark \u0161iame romane nesi\u016blo lengv\u0173 i\u0161ei\u010di\u0173, ta\u010diau palieka ger\u0173 permain\u0173 vilt\u012f.<\/p>\n","protected":false},"excerpt":{"rendered":"<p>\u2013 Tu juk supranti, Kara, kad kai pasakysiu tau tai, k\u0105 tu manai norinti su\u017einoti, bus viskas. Niekaip nebegal\u0117si to ne\u017einoti, kad ir kaip smarkiai nor\u0117tum. Ar tikrai esi tam pasirengusi? Imogen Clark (Imod\u017eena Klark) \u2013 diplomuota teisinink\u0117, \u0161iuo metu gyvena Jork\u0161yre su vyru ir vaikais. Darb\u0105 komercin\u0117s teis\u0117s srityje i\u0161keit\u0117 \u012f motinyst\u0119 ir atrado antr\u0105j\u0105 meil\u0119 \u2013 knygas. Baigusi literat\u016bros studijas \u0117m\u0117 kurti romanus, sulaukian\u010dius didel\u0117s s\u0117km\u0117s. \u201eLai\u0161kai i\u0161 praeities\u201c \u2013 pirmas autor\u0117s romanas lietuvi\u0173 kalba. Karai vos per trisde\u0161imt ir ji siuva nuotakoms vestuvines sukneles. Deja, jos pa\u010dios gyvenimas n\u0117 i\u0161 tolo neprimena pakilios \u0161vent\u0117s: t\u0117vas serga Alzheimeriu ir Kara vienintel\u0117 gali juo pasir\u016bpinti; motina mir\u0117, kai jai buvo dveji, o vyresnysis brolis Maiklas paliko namus vos baig\u0119s mokykl\u0105. T\u0117vo ir brolio nesutarimai net po daugelio met\u0173 temdo santykius, tod\u0117l visa pagalba, kurios Kara pagaliau sulaukia i\u0161 brolio, \u2013 sutikimas nusamdyti t\u0117vui slaugytoj\u0105. Atradusi laiko Kara u\u017elipa \u012f pal\u0117p\u0119, \u012f kuri\u0105 vaikyst\u0117je t\u0117vas grie\u017etai drausdavo eiti. Tarp daugyb\u0117s sen\u0173 daikt\u0173 ji randa dulk\u0117t\u0105 d\u0117\u017e\u0119, o joje \u2013 \u0161\u016bsn\u012f atvirlai\u0161ki\u0173 i\u0161 \u012fvairiausi\u0173 pasaulio kampeli\u0173&#8230; Kas ir kod\u0117l penkiolika met\u0173 juos siunt\u0117? Ar tai d\u0117l j\u0173 buvo draud\u017eiama \u012f\u017eengti \u012f pal\u0117p\u0119? Kara negali liautis apie tai galvojusi. Ta\u010diau ko griebtis, jei vienintelis \u017emogus, galintis k\u0105 nors papasakoti, nebeatsimena net savo paties vardo? Kara supranta \u2013 lengva nebus, bet \u0161\u012fkart ji nepasiduos. \u201eLai\u0161kai i\u0161 praeities\u201c \u2013 intriguojanti istorija apie \u0161eim\u0105 gaubian\u010dias paslaptis ir apie tai, kiek daug galime pasiekti pasikliaudami nuojauta. I. Clark \u0161iame romane nesi\u016blo lengv\u0173 i\u0161ei\u010di\u0173, ta\u010diau palieka ger\u0173 permain\u0173 vilt\u012f.<\/p>\n","protected":false},"featured_media":20739,"comment_status":"open","ping_status":"closed","template":"","meta":{"_acf_changed":false,"site-sidebar-layout":"default","site-content-layout":"","ast-site-content-layout":"default","site-content-style":"default","site-sidebar-style":"default","ast-global-header-display":"","ast-banner-title-visibility":"","ast-main-header-display":"","ast-hfb-above-header-display":"","ast-hfb-below-header-display":"","ast-hfb-mobile-header-display":"","site-post-title":"","ast-breadcrumbs-content":"","ast-featured-img":"","footer-sml-layout":"","ast-disable-related-posts":"","theme-transparent-header-meta":"","adv-header-id-meta":"","stick-header-meta":"","header-above-stick-meta":"","header-main-stick-meta":"","header-below-stick-meta":"","astra-migrate-meta-layouts":"default","ast-page-background-enabled":"default","ast-page-background-meta":{"desktop":{"background-color":"","background-image":"","background-repeat":"repeat","background-position":"center center","background-size":"auto","background-attachment":"scroll","background-type":"","background-media":"","overlay-type":"","overlay-color":"","overlay-opacity":"","overlay-gradient":""},"tablet":{"background-color":"","background-image":"","background-repeat":"repeat","background-position":"center center","background-size":"auto","background-attachment":"scroll","background-type":"","background-media":"","overlay-type":"","overlay-color":"","overlay-opacity":"","overlay-gradient":""},"mobile":{"background-color":"","background-image":"","background-repeat":"repeat","background-position":"center center","background-size":"auto","background-attachment":"scroll","background-type":"","background-media":"","overlay-type":"","overlay-color":"","overlay-opacity":"","overlay-gradient":""}},"ast-content-background-meta":{"desktop":{"background-color":"var(--ast-global-color-4)","background-image":"","background-repeat":"repeat","background-position":"center center","background-size":"auto","background-attachment":"scroll","background-type":"","background-media":"","overlay-type":"","overlay-color":"","overlay-opacity":"","overlay-gradient":""},"tablet":{"background-color":"var(--ast-global-color-4)","background-image":"","background-repeat":"repeat","background-position":"center center","background-size":"auto","background-attachment":"scroll","background-type":"","background-media":"","overlay-type":"","overlay-color":"","overlay-opacity":"","overlay-gradient":""},"mobile":{"background-color":"var(--ast-global-color-4)","background-image":"","background-repeat":"repeat","background-position":"center center","background-size":"auto","background-attachment":"scroll","background-type":"","background-media":"","overlay-type":"","overlay-color":"","overlay-opacity":"","overlay-gradient":""}}},"product_brand":[],"product_cat":[15],"product_tag":[4959,3459,8839,1796,1478,1745,1455],"class_list":{"0":"post-20733","1":"product","2":"type-product","3":"status-publish","4":"has-post-thumbnail","6":"product_cat-uncategorized","7":"product_tag-britu-autore","8":"product_tag-gyvenimo-istorijos","9":"product_tag-imogen-clark","10":"product_tag-meile","11":"product_tag-paslaptys","12":"product_tag-romanas","13":"product_tag-seimos-drama","14":"desktop-align-left","15":"tablet-align-left","16":"mobile-align-left","18":"first","19":"instock","20":"shipping-taxable","21":"purchasable","22":"product-type-simple"},"acf":[],"yoast_head":"<!-- This site is optimized with the Yoast SEO plugin v27.0 - https:\/\/yoast.com\/product\/yoast-seo-wordpress\/ -->\n<title>Lai\u0161kai i\u0161 praeities (\u0161iek tiek sulieta)<\/title>\n<meta name=\"description\" content=\"\u2013 Tu juk supranti, Kara, kad kai pasakysiu tau tai, k\u0105 tu manai norinti su\u017einoti, bus viskas. Niekaip nebegal\u0117si to ne\u017einoti, kad ir kaip smarkiai\" \/>\n<meta name=\"robots\" content=\"index, follow, max-snippet:-1, max-image-preview:large, max-video-preview:-1\" \/>\n<link rel=\"canonical\" href=\"https:\/\/skaitytaknyga.lt\/en\/produktas\/laiskai-is-praeities\/\" \/>\n<meta property=\"og:locale\" content=\"en_GB\" \/>\n<meta property=\"og:locale:alternate\" content=\"lt_LT\" \/>\n<meta property=\"og:type\" content=\"article\" \/>\n<meta property=\"og:title\" content=\"Lai\u0161kai i\u0161 praeities (\u0161iek tiek sulieta)\" \/>\n<meta property=\"og:description\" content=\"\u2013 Tu juk supranti, Kara, kad kai pasakysiu tau tai, k\u0105 tu manai norinti su\u017einoti, bus viskas. Niekaip nebegal\u0117si to ne\u017einoti, kad ir kaip smarkiai\" \/>\n<meta property=\"og:url\" content=\"https:\/\/skaitytaknyga.lt\/en\/produktas\/laiskai-is-praeities\/\" \/>\n<meta property=\"og:site_name\" content=\"Skaitytaknyga\" \/>\n<meta property=\"article:publisher\" content=\"https:\/\/www.facebook.com\/skaitytaknyga\/\" \/>\n<meta property=\"article:modified_time\" content=\"2026-03-05T09:42:13+00:00\" \/>\n<meta property=\"og:image\" content=\"https:\/\/skaitytaknyga.lt\/wp-content\/uploads\/2025\/09\/Laiskai-is-praeities-1.webp\" \/>\n\t<meta property=\"og:image:width\" content=\"300\" \/>\n\t<meta property=\"og:image:height\" content=\"450\" \/>\n\t<meta property=\"og:image:type\" content=\"image\/webp\" \/>\n<meta name=\"twitter:card\" content=\"summary_large_image\" \/>\n<meta name=\"twitter:label1\" content=\"Estimated reading time\" \/>\n\t<meta name=\"twitter:data1\" content=\"1 minute\" \/>\n<script type=\"application\/ld+json\" class=\"yoast-schema-graph\">{\"@context\":\"https:\/\/schema.org\",\"@graph\":[{\"@type\":\"WebPage\",\"@id\":\"https:\/\/skaitytaknyga.lt\/produktas\/laiskai-is-praeities\/\",\"url\":\"https:\/\/skaitytaknyga.lt\/produktas\/laiskai-is-praeities\/\",\"name\":\"Lai\u0161kai i\u0161 praeities (\u0161iek tiek sulieta)\",\"isPartOf\":{\"@id\":\"https:\/\/skaitytaknyga.lt\/#website\"},\"primaryImageOfPage\":{\"@id\":\"https:\/\/skaitytaknyga.lt\/produktas\/laiskai-is-praeities\/#primaryimage\"},\"image\":{\"@id\":\"https:\/\/skaitytaknyga.lt\/produktas\/laiskai-is-praeities\/#primaryimage\"},\"thumbnailUrl\":\"https:\/\/skaitytaknyga.lt\/wp-content\/uploads\/2025\/09\/Laiskai-is-praeities-1.webp\",\"datePublished\":\"2025-09-12T08:00:05+00:00\",\"dateModified\":\"2026-03-05T09:42:13+00:00\",\"description\":\"\u2013 Tu juk supranti, Kara, kad kai pasakysiu tau tai, k\u0105 tu manai norinti su\u017einoti, bus viskas. Niekaip nebegal\u0117si to ne\u017einoti, kad ir kaip smarkiai\",\"breadcrumb\":{\"@id\":\"https:\/\/skaitytaknyga.lt\/produktas\/laiskai-is-praeities\/#breadcrumb\"},\"inLanguage\":\"en-GB\",\"potentialAction\":[{\"@type\":\"ReadAction\",\"target\":[\"https:\/\/skaitytaknyga.lt\/produktas\/laiskai-is-praeities\/\"]}]},{\"@type\":\"ImageObject\",\"inLanguage\":\"en-GB\",\"@id\":\"https:\/\/skaitytaknyga.lt\/produktas\/laiskai-is-praeities\/#primaryimage\",\"url\":\"https:\/\/skaitytaknyga.lt\/wp-content\/uploads\/2025\/09\/Laiskai-is-praeities-1.webp\",\"contentUrl\":\"https:\/\/skaitytaknyga.lt\/wp-content\/uploads\/2025\/09\/Laiskai-is-praeities-1.webp\",\"width\":300,\"height\":450,\"caption\":\"Lai\u0161kai i\u0161 praeities\"},{\"@type\":\"BreadcrumbList\",\"@id\":\"https:\/\/skaitytaknyga.lt\/produktas\/laiskai-is-praeities\/#breadcrumb\",\"itemListElement\":[{\"@type\":\"ListItem\",\"position\":1,\"name\":\"Home\",\"item\":\"https:\/\/skaitytaknyga.lt\/\"},{\"@type\":\"ListItem\",\"position\":2,\"name\":\"Parduotuv\u0117\",\"item\":\"https:\/\/skaitytaknyga.lt\/knygu-parduotuve\/\"},{\"@type\":\"ListItem\",\"position\":3,\"name\":\"Lai\u0161kai i\u0161 praeities (\u0161iek tiek sulieta)\"}]},{\"@type\":\"WebSite\",\"@id\":\"https:\/\/skaitytaknyga.lt\/#website\",\"url\":\"https:\/\/skaitytaknyga.lt\/\",\"name\":\"skaitytaknyga.lt\",\"description\":\"Skaitytaknyga.lt \u2013 tai ma\u017eas \u0161eimos verslas, kuris prasid\u0117jo nuo meil\u0117s knygoms ir siekio i\u0161gelb\u0117ti knygas nuo likimo prie konteinerio. Kas vienam nereikalingas daiktas \u2013 kitam lobis, o mes esame tarpininkai, kurie padeda abiems tapti laimingesniems ???? \u017dinome kaip nelengva i\u0161gyventi ma\u017eiems verslams, tad nuo \u0161iol, \u010dia rasite ir kit\u0173, ma\u017e\u0173 \u0161eim\u0173 versl\u0173, rank\u0173 darbo, dovan\u0173 sau ir artimiesiems.\",\"publisher\":{\"@id\":\"https:\/\/skaitytaknyga.lt\/#organization\"},\"potentialAction\":[{\"@type\":\"SearchAction\",\"target\":{\"@type\":\"EntryPoint\",\"urlTemplate\":\"https:\/\/skaitytaknyga.lt\/?s={search_term_string}\"},\"query-input\":{\"@type\":\"PropertyValueSpecification\",\"valueRequired\":true,\"valueName\":\"search_term_string\"}}],\"inLanguage\":\"en-GB\"},{\"@type\":\"Organization\",\"@id\":\"https:\/\/skaitytaknyga.lt\/#organization\",\"name\":\"skaitytaknyga.lt\",\"url\":\"https:\/\/skaitytaknyga.lt\/\",\"logo\":{\"@type\":\"ImageObject\",\"inLanguage\":\"en-GB\",\"@id\":\"https:\/\/skaitytaknyga.lt\/#\/schema\/logo\/image\/\",\"url\":\"https:\/\/skaitytaknyga.lt\/wp-content\/uploads\/2024\/05\/cropped-cropped-cropped-02_00843_jt3bggkj1j3HLc7SyY6rEUpg.jpeg\",\"contentUrl\":\"https:\/\/skaitytaknyga.lt\/wp-content\/uploads\/2024\/05\/cropped-cropped-cropped-02_00843_jt3bggkj1j3HLc7SyY6rEUpg.jpeg\",\"width\":1600,\"height\":1600,\"caption\":\"skaitytaknyga.lt\"},\"image\":{\"@id\":\"https:\/\/skaitytaknyga.lt\/#\/schema\/logo\/image\/\"},\"sameAs\":[\"https:\/\/www.facebook.com\/skaitytaknyga\/\"]}]}<\/script>\n<!-- \/ Yoast SEO plugin. -->","yoast_head_json":{"title":"Lai\u0161kai i\u0161 praeities (\u0161iek tiek sulieta)","description":"\u2013 Tu juk supranti, Kara, kad kai pasakysiu tau tai, k\u0105 tu manai norinti su\u017einoti, bus viskas. Niekaip nebegal\u0117si to ne\u017einoti, kad ir kaip smarkiai","robots":{"index":"index","follow":"follow","max-snippet":"max-snippet:-1","max-image-preview":"max-image-preview:large","max-video-preview":"max-video-preview:-1"},"canonical":"https:\/\/skaitytaknyga.lt\/en\/produktas\/laiskai-is-praeities\/","og_locale":"en_GB","og_type":"article","og_title":"[:lt]Lai\u0161kai i\u0161 praeities (\u0161iek tiek sulieta)[:] - Skaitytaknyga","og_description":"\u2013 Tu juk supranti, Kara, kad kai pasakysiu tau tai, k\u0105 tu manai norinti su\u017einoti, bus viskas. Niekaip nebegal\u0117si to ne\u017einoti, kad ir kaip smarkiai","og_url":"https:\/\/skaitytaknyga.lt\/en\/produktas\/laiskai-is-praeities\/","og_site_name":"Skaitytaknyga","article_publisher":"https:\/\/www.facebook.com\/skaitytaknyga\/","article_modified_time":"2026-03-05T09:42:13+00:00","og_image":[{"width":300,"height":450,"url":"https:\/\/skaitytaknyga.lt\/wp-content\/uploads\/2025\/09\/Laiskai-is-praeities-1.webp","type":"image\/webp"}],"twitter_card":"summary_large_image","twitter_misc":{"Estimated reading time":"1 minute"},"schema":{"@context":"https:\/\/schema.org","@graph":[{"@type":"WebPage","@id":"https:\/\/skaitytaknyga.lt\/produktas\/laiskai-is-praeities\/","url":"https:\/\/skaitytaknyga.lt\/produktas\/laiskai-is-praeities\/","name":"Lai\u0161kai i\u0161 praeities (\u0161iek tiek sulieta)","isPartOf":{"@id":"https:\/\/skaitytaknyga.lt\/#website"},"primaryImageOfPage":{"@id":"https:\/\/skaitytaknyga.lt\/produktas\/laiskai-is-praeities\/#primaryimage"},"image":{"@id":"https:\/\/skaitytaknyga.lt\/produktas\/laiskai-is-praeities\/#primaryimage"},"thumbnailUrl":"https:\/\/skaitytaknyga.lt\/wp-content\/uploads\/2025\/09\/Laiskai-is-praeities-1.webp","datePublished":"2025-09-12T08:00:05+00:00","dateModified":"2026-03-05T09:42:13+00:00","description":"\u2013 Tu juk supranti, Kara, kad kai pasakysiu tau tai, k\u0105 tu manai norinti su\u017einoti, bus viskas. Niekaip nebegal\u0117si to ne\u017einoti, kad ir kaip smarkiai","breadcrumb":{"@id":"https:\/\/skaitytaknyga.lt\/produktas\/laiskai-is-praeities\/#breadcrumb"},"inLanguage":"en-GB","potentialAction":[{"@type":"ReadAction","target":["https:\/\/skaitytaknyga.lt\/produktas\/laiskai-is-praeities\/"]}]},{"@type":"ImageObject","inLanguage":"en-GB","@id":"https:\/\/skaitytaknyga.lt\/produktas\/laiskai-is-praeities\/#primaryimage","url":"https:\/\/skaitytaknyga.lt\/wp-content\/uploads\/2025\/09\/Laiskai-is-praeities-1.webp","contentUrl":"https:\/\/skaitytaknyga.lt\/wp-content\/uploads\/2025\/09\/Laiskai-is-praeities-1.webp","width":300,"height":450,"caption":"Lai\u0161kai i\u0161 praeities"},{"@type":"BreadcrumbList","@id":"https:\/\/skaitytaknyga.lt\/produktas\/laiskai-is-praeities\/#breadcrumb","itemListElement":[{"@type":"ListItem","position":1,"name":"Home","item":"https:\/\/skaitytaknyga.lt\/"},{"@type":"ListItem","position":2,"name":"Parduotuv\u0117","item":"https:\/\/skaitytaknyga.lt\/knygu-parduotuve\/"},{"@type":"ListItem","position":3,"name":"Lai\u0161kai i\u0161 praeities (\u0161iek tiek sulieta)"}]},{"@type":"WebSite","@id":"https:\/\/skaitytaknyga.lt\/#website","url":"https:\/\/skaitytaknyga.lt\/","name":"skaitytaknyga.lt","description":"Skaitytaknyga.lt \u2013 tai ma\u017eas \u0161eimos verslas, kuris prasid\u0117jo nuo meil\u0117s knygoms ir siekio i\u0161gelb\u0117ti knygas nuo likimo prie konteinerio. Kas vienam nereikalingas daiktas \u2013 kitam lobis, o mes esame tarpininkai, kurie padeda abiems tapti laimingesniems ???? \u017dinome kaip nelengva i\u0161gyventi ma\u017eiems verslams, tad nuo \u0161iol, \u010dia rasite ir kit\u0173, ma\u017e\u0173 \u0161eim\u0173 versl\u0173, rank\u0173 darbo, dovan\u0173 sau ir artimiesiems.","publisher":{"@id":"https:\/\/skaitytaknyga.lt\/#organization"},"potentialAction":[{"@type":"SearchAction","target":{"@type":"EntryPoint","urlTemplate":"https:\/\/skaitytaknyga.lt\/?s={search_term_string}"},"query-input":{"@type":"PropertyValueSpecification","valueRequired":true,"valueName":"search_term_string"}}],"inLanguage":"en-GB"},{"@type":"Organization","@id":"https:\/\/skaitytaknyga.lt\/#organization","name":"skaitytaknyga.lt","url":"https:\/\/skaitytaknyga.lt\/","logo":{"@type":"ImageObject","inLanguage":"en-GB","@id":"https:\/\/skaitytaknyga.lt\/#\/schema\/logo\/image\/","url":"https:\/\/skaitytaknyga.lt\/wp-content\/uploads\/2024\/05\/cropped-cropped-cropped-02_00843_jt3bggkj1j3HLc7SyY6rEUpg.jpeg","contentUrl":"https:\/\/skaitytaknyga.lt\/wp-content\/uploads\/2024\/05\/cropped-cropped-cropped-02_00843_jt3bggkj1j3HLc7SyY6rEUpg.jpeg","width":1600,"height":1600,"caption":"skaitytaknyga.lt"},"image":{"@id":"https:\/\/skaitytaknyga.lt\/#\/schema\/logo\/image\/"},"sameAs":["https:\/\/www.facebook.com\/skaitytaknyga\/"]}]}},"_links":{"self":[{"href":"https:\/\/skaitytaknyga.lt\/en\/wp-json\/wp\/v2\/product\/20733","targetHints":{"allow":["GET"]}}],"collection":[{"href":"https:\/\/skaitytaknyga.lt\/en\/wp-json\/wp\/v2\/product"}],"about":[{"href":"https:\/\/skaitytaknyga.lt\/en\/wp-json\/wp\/v2\/types\/product"}],"replies":[{"embeddable":true,"href":"https:\/\/skaitytaknyga.lt\/en\/wp-json\/wp\/v2\/comments?post=20733"}],"wp:featuredmedia":[{"embeddable":true,"href":"https:\/\/skaitytaknyga.lt\/en\/wp-json\/wp\/v2\/media\/20739"}],"wp:attachment":[{"href":"https:\/\/skaitytaknyga.lt\/en\/wp-json\/wp\/v2\/media?parent=20733"}],"wp:term":[{"taxonomy":"product_brand","embeddable":true,"href":"https:\/\/skaitytaknyga.lt\/en\/wp-json\/wp\/v2\/product_brand?post=20733"},{"taxonomy":"product_cat","embeddable":true,"href":"https:\/\/skaitytaknyga.lt\/en\/wp-json\/wp\/v2\/product_cat?post=20733"},{"taxonomy":"product_tag","embeddable":true,"href":"https:\/\/skaitytaknyga.lt\/en\/wp-json\/wp\/v2\/product_tag?post=20733"}],"curies":[{"name":"wp","href":"https:\/\/api.w.org\/{rel}","templated":true}]}}