{"id":20732,"date":"2025-09-12T11:00:05","date_gmt":"2025-09-12T08:00:05","guid":{"rendered":"https:\/\/skaitytaknyga.lt\/?post_type=product&#038;p=20732"},"modified":"2026-03-18T13:15:52","modified_gmt":"2026-03-18T11:15:52","slug":"ilgaamziskumo-paradoksai","status":"publish","type":"product","link":"https:\/\/skaitytaknyga.lt\/en\/produktas\/ilgaamziskumo-paradoksai\/","title":{"rendered":"Ilgaam\u017ei\u0161kumo paradoksai"},"content":{"rendered":"<p>Dr. Steven Gundry \u017eino: visi \u017emon\u0117s tikisi gyventi ilgai ir laimingai, b\u016bti sveiki, bet tik iki tol, kol sulaukia vidutinio am\u017eiaus ir savo akimis pamato t\u0117v\u0173 ar net bendraam\u017ei\u0173 sveikatos sutrikimus. Kaip mums i\u0161spr\u0119sti paradoks\u0105, kai norime<\/p>\n<p>sulaukti \u017eilos senatv\u0117s ir kartu d\u017eiaugtis gera sveikata?<\/p>\n<p>Dirbdamas su t\u016bkstan\u010diais pacient\u0173 dr. Gundry i\u0161siai\u0161kino, kad labiausiai m\u016bs\u0173 bijomos \u201esenatvin\u0117s ligos\u201c n\u0117ra susijusios vien tik su sen\u0117jimo procesais; tai veikiau m\u016bs\u0173 gyvensenos, kurios laik\u0117m\u0117s vis\u0105 savo gyvenim\u0105, \u0161alutinis produktas.<\/p>\n<p>Knygoje Ilgaam\u017ei\u0161kumo paradoksai gydytojas pristato naujausius mokslinius tyrimus ir nauj\u0105 po\u017ei\u016br\u012f \u012f gra\u017e\u0173, sveik\u0105 sen\u0117jim\u0105, pagr\u012fst\u0105 \u201eseniausi\u0173j\u0173\u201c \u017emogaus daleli\u0173 \u2013 m\u016bs\u0173 organizmo viduje gyvuojan\u010di\u0173 mikroorganizm\u0173 \u2013 sveikatos stiprinimu.<\/p>\n<p>Knygoje rasite gyvensenos plan\u0105, kaip sureguliuoti \u017earnyno sveikat\u0105 ir nepritr\u016bkti gyvybingumo bei energijos.<br \/>\nRasite patarim\u0173, kaip maitintis, stiprinti pa\u017eintines funkcijas, pri\u017ei\u016br\u0117ti od\u0105, mank\u0161tintis ir dar daug kita.<br \/>\nSusipa\u017einsite su priemon\u0117mis, pad\u0117sian\u010diomis i\u0161vengti lig\u0173 ar pakreipti jau esam\u0173 lig\u0173 vystymosi krypt\u012f, ir tiesiog atrodyti jauniau bei jaustis jaunesniems.<\/p>\n","protected":false},"excerpt":{"rendered":"<p>Dr. Steven Gundry \u017eino: visi \u017emon\u0117s tikisi gyventi ilgai ir laimingai, b\u016bti sveiki, bet tik iki tol, kol sulaukia vidutinio am\u017eiaus ir savo akimis pamato t\u0117v\u0173 ar net bendraam\u017ei\u0173 sveikatos sutrikimus. Kaip mums i\u0161spr\u0119sti paradoks\u0105, kai norime sulaukti \u017eilos senatv\u0117s ir kartu d\u017eiaugtis gera sveikata? Dirbdamas su t\u016bkstan\u010diais pacient\u0173 dr. Gundry i\u0161siai\u0161kino, kad labiausiai m\u016bs\u0173 bijomos \u201esenatvin\u0117s ligos\u201c n\u0117ra susijusios vien tik su sen\u0117jimo procesais; tai veikiau m\u016bs\u0173 gyvensenos, kurios laik\u0117m\u0117s vis\u0105 savo gyvenim\u0105, \u0161alutinis produktas. Knygoje Ilgaam\u017ei\u0161kumo paradoksai gydytojas pristato naujausius mokslinius tyrimus ir nauj\u0105 po\u017ei\u016br\u012f \u012f gra\u017e\u0173, sveik\u0105 sen\u0117jim\u0105, pagr\u012fst\u0105 \u201eseniausi\u0173j\u0173\u201c \u017emogaus daleli\u0173 \u2013 m\u016bs\u0173 organizmo viduje gyvuojan\u010di\u0173 mikroorganizm\u0173 \u2013 sveikatos stiprinimu. Knygoje rasite gyvensenos plan\u0105, kaip sureguliuoti \u017earnyno sveikat\u0105 ir nepritr\u016bkti gyvybingumo bei energijos. Rasite patarim\u0173, kaip maitintis, stiprinti pa\u017eintines funkcijas, pri\u017ei\u016br\u0117ti od\u0105, mank\u0161tintis ir dar daug kita. Susipa\u017einsite su priemon\u0117mis, pad\u0117sian\u010diomis i\u0161vengti lig\u0173 ar pakreipti jau esam\u0173 lig\u0173 vystymosi krypt\u012f, ir tiesiog atrodyti jauniau bei jaustis jaunesniems.<\/p>\n","protected":false},"featured_media":20738,"comment_status":"open","ping_status":"closed","template":"","meta":{"_acf_changed":false,"site-sidebar-layout":"default","site-content-layout":"","ast-site-content-layout":"default","site-content-style":"default","site-sidebar-style":"default","ast-global-header-display":"","ast-banner-title-visibility":"","ast-main-header-display":"","ast-hfb-above-header-display":"","ast-hfb-below-header-display":"","ast-hfb-mobile-header-display":"","site-post-title":"","ast-breadcrumbs-content":"","ast-featured-img":"","footer-sml-layout":"","ast-disable-related-posts":"","theme-transparent-header-meta":"","adv-header-id-meta":"","stick-header-meta":"","header-above-stick-meta":"","header-main-stick-meta":"","header-below-stick-meta":"","astra-migrate-meta-layouts":"default","ast-page-background-enabled":"default","ast-page-background-meta":{"desktop":{"background-color":"","background-image":"","background-repeat":"repeat","background-position":"center center","background-size":"auto","background-attachment":"scroll","background-type":"","background-media":"","overlay-type":"","overlay-color":"","overlay-opacity":"","overlay-gradient":""},"tablet":{"background-color":"","background-image":"","background-repeat":"repeat","background-position":"center center","background-size":"auto","background-attachment":"scroll","background-type":"","background-media":"","overlay-type":"","overlay-color":"","overlay-opacity":"","overlay-gradient":""},"mobile":{"background-color":"","background-image":"","background-repeat":"repeat","background-position":"center center","background-size":"auto","background-attachment":"scroll","background-type":"","background-media":"","overlay-type":"","overlay-color":"","overlay-opacity":"","overlay-gradient":""}},"ast-content-background-meta":{"desktop":{"background-color":"var(--ast-global-color-4)","background-image":"","background-repeat":"repeat","background-position":"center center","background-size":"auto","background-attachment":"scroll","background-type":"","background-media":"","overlay-type":"","overlay-color":"","overlay-opacity":"","overlay-gradient":""},"tablet":{"background-color":"var(--ast-global-color-4)","background-image":"","background-repeat":"repeat","background-position":"center center","background-size":"auto","background-attachment":"scroll","background-type":"","background-media":"","overlay-type":"","overlay-color":"","overlay-opacity":"","overlay-gradient":""},"mobile":{"background-color":"var(--ast-global-color-4)","background-image":"","background-repeat":"repeat","background-position":"center center","background-size":"auto","background-attachment":"scroll","background-type":"","background-media":"","overlay-type":"","overlay-color":"","overlay-opacity":"","overlay-gradient":""}}},"product_brand":[],"product_cat":[9854,55],"product_tag":[2198,8836,2196,8837,8838,8835,1680],"class_list":{"0":"post-20732","1":"product","2":"type-product","3":"status-publish","4":"has-post-thumbnail","6":"product_cat-medicina","7":"product_cat-sveikata-ir-sveika-mityba","8":"product_tag-gyvenimo-budas","9":"product_tag-ilgaamziskumas","10":"product_tag-mityba","11":"product_tag-moksliniai-tyrimai","12":"product_tag-senejimas","13":"product_tag-steven-r-gundry","14":"product_tag-sveikata","15":"desktop-align-left","16":"tablet-align-left","17":"mobile-align-left","19":"first","20":"instock","21":"shipping-taxable","22":"purchasable","23":"product-type-simple"},"acf":[],"yoast_head":"<!-- This site is optimized with the Yoast SEO plugin v27.0 - https:\/\/yoast.com\/product\/yoast-seo-wordpress\/ -->\n<title>Ilgaam\u017ei\u0161kumo paradoksai<\/title>\n<meta name=\"description\" content=\"Dr. Steven Gundry \u017eino: visi \u017emon\u0117s tikisi gyventi ilgai ir laimingai, b\u016bti sveiki, bet tik iki tol, kol sulaukia vidutinio am\u017eiaus ir savo akimis pamato\" \/>\n<meta name=\"robots\" content=\"index, follow, max-snippet:-1, max-image-preview:large, max-video-preview:-1\" \/>\n<link rel=\"canonical\" href=\"https:\/\/skaitytaknyga.lt\/en\/produktas\/ilgaamziskumo-paradoksai\/\" \/>\n<meta property=\"og:locale\" content=\"en_GB\" \/>\n<meta property=\"og:locale:alternate\" content=\"lt_LT\" \/>\n<meta property=\"og:type\" content=\"article\" \/>\n<meta property=\"og:title\" content=\"Ilgaam\u017ei\u0161kumo paradoksai\" \/>\n<meta property=\"og:description\" content=\"Dr. Steven Gundry \u017eino: visi \u017emon\u0117s tikisi gyventi ilgai ir laimingai, b\u016bti sveiki, bet tik iki tol, kol sulaukia vidutinio am\u017eiaus ir savo akimis pamato\" \/>\n<meta property=\"og:url\" content=\"https:\/\/skaitytaknyga.lt\/en\/produktas\/ilgaamziskumo-paradoksai\/\" \/>\n<meta property=\"og:site_name\" content=\"Skaitytaknyga\" \/>\n<meta property=\"article:publisher\" content=\"https:\/\/www.facebook.com\/skaitytaknyga\/\" \/>\n<meta property=\"article:modified_time\" content=\"2026-03-18T11:15:52+00:00\" \/>\n<meta property=\"og:image\" content=\"https:\/\/skaitytaknyga.lt\/wp-content\/uploads\/2025\/09\/Ilgaamziskumo-paradoksai-1.webp\" \/>\n\t<meta property=\"og:image:width\" content=\"300\" \/>\n\t<meta property=\"og:image:height\" content=\"448\" \/>\n\t<meta property=\"og:image:type\" content=\"image\/webp\" \/>\n<meta name=\"twitter:card\" content=\"summary_large_image\" \/>\n<meta name=\"twitter:label1\" content=\"Estimated reading time\" \/>\n\t<meta name=\"twitter:data1\" content=\"1 minute\" \/>\n<script type=\"application\/ld+json\" class=\"yoast-schema-graph\">{\"@context\":\"https:\/\/schema.org\",\"@graph\":[{\"@type\":\"WebPage\",\"@id\":\"https:\/\/skaitytaknyga.lt\/produktas\/ilgaamziskumo-paradoksai\/\",\"url\":\"https:\/\/skaitytaknyga.lt\/produktas\/ilgaamziskumo-paradoksai\/\",\"name\":\"Ilgaam\u017ei\u0161kumo paradoksai\",\"isPartOf\":{\"@id\":\"https:\/\/skaitytaknyga.lt\/#website\"},\"primaryImageOfPage\":{\"@id\":\"https:\/\/skaitytaknyga.lt\/produktas\/ilgaamziskumo-paradoksai\/#primaryimage\"},\"image\":{\"@id\":\"https:\/\/skaitytaknyga.lt\/produktas\/ilgaamziskumo-paradoksai\/#primaryimage\"},\"thumbnailUrl\":\"https:\/\/skaitytaknyga.lt\/wp-content\/uploads\/2025\/09\/Ilgaamziskumo-paradoksai-1.webp\",\"datePublished\":\"2025-09-12T08:00:05+00:00\",\"dateModified\":\"2026-03-18T11:15:52+00:00\",\"description\":\"Dr. Steven Gundry \u017eino: visi \u017emon\u0117s tikisi gyventi ilgai ir laimingai, b\u016bti sveiki, bet tik iki tol, kol sulaukia vidutinio am\u017eiaus ir savo akimis pamato\",\"breadcrumb\":{\"@id\":\"https:\/\/skaitytaknyga.lt\/produktas\/ilgaamziskumo-paradoksai\/#breadcrumb\"},\"inLanguage\":\"en-GB\",\"potentialAction\":[{\"@type\":\"ReadAction\",\"target\":[\"https:\/\/skaitytaknyga.lt\/produktas\/ilgaamziskumo-paradoksai\/\"]}]},{\"@type\":\"ImageObject\",\"inLanguage\":\"en-GB\",\"@id\":\"https:\/\/skaitytaknyga.lt\/produktas\/ilgaamziskumo-paradoksai\/#primaryimage\",\"url\":\"https:\/\/skaitytaknyga.lt\/wp-content\/uploads\/2025\/09\/Ilgaamziskumo-paradoksai-1.webp\",\"contentUrl\":\"https:\/\/skaitytaknyga.lt\/wp-content\/uploads\/2025\/09\/Ilgaamziskumo-paradoksai-1.webp\",\"width\":300,\"height\":448,\"caption\":\"Ilgaam\u017ei\u0161kumo paradoksai\"},{\"@type\":\"BreadcrumbList\",\"@id\":\"https:\/\/skaitytaknyga.lt\/produktas\/ilgaamziskumo-paradoksai\/#breadcrumb\",\"itemListElement\":[{\"@type\":\"ListItem\",\"position\":1,\"name\":\"Home\",\"item\":\"https:\/\/skaitytaknyga.lt\/\"},{\"@type\":\"ListItem\",\"position\":2,\"name\":\"Parduotuv\u0117\",\"item\":\"https:\/\/skaitytaknyga.lt\/knygu-parduotuve\/\"},{\"@type\":\"ListItem\",\"position\":3,\"name\":\"Ilgaam\u017ei\u0161kumo paradoksai\"}]},{\"@type\":\"WebSite\",\"@id\":\"https:\/\/skaitytaknyga.lt\/#website\",\"url\":\"https:\/\/skaitytaknyga.lt\/\",\"name\":\"skaitytaknyga.lt\",\"description\":\"Skaitytaknyga.lt \u2013 tai ma\u017eas \u0161eimos verslas, kuris prasid\u0117jo nuo meil\u0117s knygoms ir siekio i\u0161gelb\u0117ti knygas nuo likimo prie konteinerio. Kas vienam nereikalingas daiktas \u2013 kitam lobis, o mes esame tarpininkai, kurie padeda abiems tapti laimingesniems ???? \u017dinome kaip nelengva i\u0161gyventi ma\u017eiems verslams, tad nuo \u0161iol, \u010dia rasite ir kit\u0173, ma\u017e\u0173 \u0161eim\u0173 versl\u0173, rank\u0173 darbo, dovan\u0173 sau ir artimiesiems.\",\"publisher\":{\"@id\":\"https:\/\/skaitytaknyga.lt\/#organization\"},\"potentialAction\":[{\"@type\":\"SearchAction\",\"target\":{\"@type\":\"EntryPoint\",\"urlTemplate\":\"https:\/\/skaitytaknyga.lt\/?s={search_term_string}\"},\"query-input\":{\"@type\":\"PropertyValueSpecification\",\"valueRequired\":true,\"valueName\":\"search_term_string\"}}],\"inLanguage\":\"en-GB\"},{\"@type\":\"Organization\",\"@id\":\"https:\/\/skaitytaknyga.lt\/#organization\",\"name\":\"skaitytaknyga.lt\",\"url\":\"https:\/\/skaitytaknyga.lt\/\",\"logo\":{\"@type\":\"ImageObject\",\"inLanguage\":\"en-GB\",\"@id\":\"https:\/\/skaitytaknyga.lt\/#\/schema\/logo\/image\/\",\"url\":\"https:\/\/skaitytaknyga.lt\/wp-content\/uploads\/2024\/05\/cropped-cropped-cropped-02_00843_jt3bggkj1j3HLc7SyY6rEUpg.jpeg\",\"contentUrl\":\"https:\/\/skaitytaknyga.lt\/wp-content\/uploads\/2024\/05\/cropped-cropped-cropped-02_00843_jt3bggkj1j3HLc7SyY6rEUpg.jpeg\",\"width\":1600,\"height\":1600,\"caption\":\"skaitytaknyga.lt\"},\"image\":{\"@id\":\"https:\/\/skaitytaknyga.lt\/#\/schema\/logo\/image\/\"},\"sameAs\":[\"https:\/\/www.facebook.com\/skaitytaknyga\/\"]}]}<\/script>\n<!-- \/ Yoast SEO plugin. -->","yoast_head_json":{"title":"Ilgaam\u017ei\u0161kumo paradoksai","description":"Dr. Steven Gundry \u017eino: visi \u017emon\u0117s tikisi gyventi ilgai ir laimingai, b\u016bti sveiki, bet tik iki tol, kol sulaukia vidutinio am\u017eiaus ir savo akimis pamato","robots":{"index":"index","follow":"follow","max-snippet":"max-snippet:-1","max-image-preview":"max-image-preview:large","max-video-preview":"max-video-preview:-1"},"canonical":"https:\/\/skaitytaknyga.lt\/en\/produktas\/ilgaamziskumo-paradoksai\/","og_locale":"en_GB","og_type":"article","og_title":"[:lt]Ilgaam\u017ei\u0161kumo paradoksai[:] - Skaitytaknyga","og_description":"Dr. Steven Gundry \u017eino: visi \u017emon\u0117s tikisi gyventi ilgai ir laimingai, b\u016bti sveiki, bet tik iki tol, kol sulaukia vidutinio am\u017eiaus ir savo akimis pamato","og_url":"https:\/\/skaitytaknyga.lt\/en\/produktas\/ilgaamziskumo-paradoksai\/","og_site_name":"Skaitytaknyga","article_publisher":"https:\/\/www.facebook.com\/skaitytaknyga\/","article_modified_time":"2026-03-18T11:15:52+00:00","og_image":[{"width":300,"height":448,"url":"https:\/\/skaitytaknyga.lt\/wp-content\/uploads\/2025\/09\/Ilgaamziskumo-paradoksai-1.webp","type":"image\/webp"}],"twitter_card":"summary_large_image","twitter_misc":{"Estimated reading time":"1 minute"},"schema":{"@context":"https:\/\/schema.org","@graph":[{"@type":"WebPage","@id":"https:\/\/skaitytaknyga.lt\/produktas\/ilgaamziskumo-paradoksai\/","url":"https:\/\/skaitytaknyga.lt\/produktas\/ilgaamziskumo-paradoksai\/","name":"Ilgaam\u017ei\u0161kumo paradoksai","isPartOf":{"@id":"https:\/\/skaitytaknyga.lt\/#website"},"primaryImageOfPage":{"@id":"https:\/\/skaitytaknyga.lt\/produktas\/ilgaamziskumo-paradoksai\/#primaryimage"},"image":{"@id":"https:\/\/skaitytaknyga.lt\/produktas\/ilgaamziskumo-paradoksai\/#primaryimage"},"thumbnailUrl":"https:\/\/skaitytaknyga.lt\/wp-content\/uploads\/2025\/09\/Ilgaamziskumo-paradoksai-1.webp","datePublished":"2025-09-12T08:00:05+00:00","dateModified":"2026-03-18T11:15:52+00:00","description":"Dr. Steven Gundry \u017eino: visi \u017emon\u0117s tikisi gyventi ilgai ir laimingai, b\u016bti sveiki, bet tik iki tol, kol sulaukia vidutinio am\u017eiaus ir savo akimis pamato","breadcrumb":{"@id":"https:\/\/skaitytaknyga.lt\/produktas\/ilgaamziskumo-paradoksai\/#breadcrumb"},"inLanguage":"en-GB","potentialAction":[{"@type":"ReadAction","target":["https:\/\/skaitytaknyga.lt\/produktas\/ilgaamziskumo-paradoksai\/"]}]},{"@type":"ImageObject","inLanguage":"en-GB","@id":"https:\/\/skaitytaknyga.lt\/produktas\/ilgaamziskumo-paradoksai\/#primaryimage","url":"https:\/\/skaitytaknyga.lt\/wp-content\/uploads\/2025\/09\/Ilgaamziskumo-paradoksai-1.webp","contentUrl":"https:\/\/skaitytaknyga.lt\/wp-content\/uploads\/2025\/09\/Ilgaamziskumo-paradoksai-1.webp","width":300,"height":448,"caption":"Ilgaam\u017ei\u0161kumo paradoksai"},{"@type":"BreadcrumbList","@id":"https:\/\/skaitytaknyga.lt\/produktas\/ilgaamziskumo-paradoksai\/#breadcrumb","itemListElement":[{"@type":"ListItem","position":1,"name":"Home","item":"https:\/\/skaitytaknyga.lt\/"},{"@type":"ListItem","position":2,"name":"Parduotuv\u0117","item":"https:\/\/skaitytaknyga.lt\/knygu-parduotuve\/"},{"@type":"ListItem","position":3,"name":"Ilgaam\u017ei\u0161kumo paradoksai"}]},{"@type":"WebSite","@id":"https:\/\/skaitytaknyga.lt\/#website","url":"https:\/\/skaitytaknyga.lt\/","name":"skaitytaknyga.lt","description":"Skaitytaknyga.lt \u2013 tai ma\u017eas \u0161eimos verslas, kuris prasid\u0117jo nuo meil\u0117s knygoms ir siekio i\u0161gelb\u0117ti knygas nuo likimo prie konteinerio. Kas vienam nereikalingas daiktas \u2013 kitam lobis, o mes esame tarpininkai, kurie padeda abiems tapti laimingesniems ???? \u017dinome kaip nelengva i\u0161gyventi ma\u017eiems verslams, tad nuo \u0161iol, \u010dia rasite ir kit\u0173, ma\u017e\u0173 \u0161eim\u0173 versl\u0173, rank\u0173 darbo, dovan\u0173 sau ir artimiesiems.","publisher":{"@id":"https:\/\/skaitytaknyga.lt\/#organization"},"potentialAction":[{"@type":"SearchAction","target":{"@type":"EntryPoint","urlTemplate":"https:\/\/skaitytaknyga.lt\/?s={search_term_string}"},"query-input":{"@type":"PropertyValueSpecification","valueRequired":true,"valueName":"search_term_string"}}],"inLanguage":"en-GB"},{"@type":"Organization","@id":"https:\/\/skaitytaknyga.lt\/#organization","name":"skaitytaknyga.lt","url":"https:\/\/skaitytaknyga.lt\/","logo":{"@type":"ImageObject","inLanguage":"en-GB","@id":"https:\/\/skaitytaknyga.lt\/#\/schema\/logo\/image\/","url":"https:\/\/skaitytaknyga.lt\/wp-content\/uploads\/2024\/05\/cropped-cropped-cropped-02_00843_jt3bggkj1j3HLc7SyY6rEUpg.jpeg","contentUrl":"https:\/\/skaitytaknyga.lt\/wp-content\/uploads\/2024\/05\/cropped-cropped-cropped-02_00843_jt3bggkj1j3HLc7SyY6rEUpg.jpeg","width":1600,"height":1600,"caption":"skaitytaknyga.lt"},"image":{"@id":"https:\/\/skaitytaknyga.lt\/#\/schema\/logo\/image\/"},"sameAs":["https:\/\/www.facebook.com\/skaitytaknyga\/"]}]}},"_links":{"self":[{"href":"https:\/\/skaitytaknyga.lt\/en\/wp-json\/wp\/v2\/product\/20732","targetHints":{"allow":["GET"]}}],"collection":[{"href":"https:\/\/skaitytaknyga.lt\/en\/wp-json\/wp\/v2\/product"}],"about":[{"href":"https:\/\/skaitytaknyga.lt\/en\/wp-json\/wp\/v2\/types\/product"}],"replies":[{"embeddable":true,"href":"https:\/\/skaitytaknyga.lt\/en\/wp-json\/wp\/v2\/comments?post=20732"}],"wp:featuredmedia":[{"embeddable":true,"href":"https:\/\/skaitytaknyga.lt\/en\/wp-json\/wp\/v2\/media\/20738"}],"wp:attachment":[{"href":"https:\/\/skaitytaknyga.lt\/en\/wp-json\/wp\/v2\/media?parent=20732"}],"wp:term":[{"taxonomy":"product_brand","embeddable":true,"href":"https:\/\/skaitytaknyga.lt\/en\/wp-json\/wp\/v2\/product_brand?post=20732"},{"taxonomy":"product_cat","embeddable":true,"href":"https:\/\/skaitytaknyga.lt\/en\/wp-json\/wp\/v2\/product_cat?post=20732"},{"taxonomy":"product_tag","embeddable":true,"href":"https:\/\/skaitytaknyga.lt\/en\/wp-json\/wp\/v2\/product_tag?post=20732"}],"curies":[{"name":"wp","href":"https:\/\/api.w.org\/{rel}","templated":true}]}}