{"id":20731,"date":"2025-09-12T11:00:05","date_gmt":"2025-09-12T08:00:05","guid":{"rendered":"https:\/\/skaitytaknyga.lt\/?post_type=product&#038;p=20731"},"modified":"2025-10-26T13:47:04","modified_gmt":"2025-10-26T11:47:04","slug":"tigras-tai-ne-katinas","status":"publish","type":"product","link":"https:\/\/skaitytaknyga.lt\/en\/produktas\/tigras-tai-ne-katinas\/","title":{"rendered":"Tigras tai ne katinas"},"content":{"rendered":"<p>TIGRAS TAI NE KATINAS. Tuktukas tai ne dviratis&#8230; Saigonas tai ne Vilnius&#8230; Pho tai ne \u0161altibar\u0161\u010diai&#8230; Tajai tai ne lietuviai&#8230; Ir kiti taikl\u016bs pasteb\u0117jimai i\u0161 gyvenimo Azijoje<\/p>\n<p>Tai knyga tiems, kurie i\u0161siruo\u0161\u0117 \u012f Vietnam\u0105 ar Tailand\u0105, bet kelioni\u0173 vadovuose nerado atsakym\u0173 \u012f kai kuriuos klausimus. Kiek vietnamie\u010di\u0173 gali tilpti ant vieno motorolerio? Kod\u0117l tajai \u0161ypsosi net tada, kai pyksta? Kokios kavos b\u016btina paragauti Vietname? Kod\u0117l u\u017esienietis, \u012f \u017emonas i\u0161sirink\u0119s gra\u017euol\u0119 taj\u0119, drauge \u201eveda\u201c ir vis\u0105 jos gimin\u0119? Kurioje Vietnamo vietoje gra\u017eiausi saul\u0117tekiai?<\/p>\n<p>Tai knyga tiems, kurie ry\u017eosi i\u0161\u0161\u016bkiui kelet\u0105 met\u0173 gyventi ir dirbti Azijoje. Kod\u0117l taip svarbu niekada \u201eneprarasti veido\u201c? Kaip patogiai numigti darbo vietoje? Kod\u0117l tajai taip da\u017enai kei\u010dia darb\u0105 ir kod\u0117l i\u0161 savo vadovo tikisi \u201et\u0117vi\u0161kos globos\u201c?<\/p>\n<p>Tai knyga ir tiems, kurie nori palikti komforto zon\u0105, pa\u017einti nauj\u0105j\u012f \u201ea\u0161\u201c ir svetim\u0105 kult\u016br\u0105. Tiems, kurie nori i\u0161bandyti santykius ir patikrinti, ar drauge su partneriu \u017ei\u016bri viena kryptimi<\/p>\n","protected":false},"excerpt":{"rendered":"<p>TIGRAS TAI NE KATINAS. Tuktukas tai ne dviratis&#8230; Saigonas tai ne Vilnius&#8230; Pho tai ne \u0161altibar\u0161\u010diai&#8230; Tajai tai ne lietuviai&#8230; Ir kiti taikl\u016bs pasteb\u0117jimai i\u0161 gyvenimo Azijoje Tai knyga tiems, kurie i\u0161siruo\u0161\u0117 \u012f Vietnam\u0105 ar Tailand\u0105, bet kelioni\u0173 vadovuose nerado atsakym\u0173 \u012f kai kuriuos klausimus. Kiek vietnamie\u010di\u0173 gali tilpti ant vieno motorolerio? Kod\u0117l tajai \u0161ypsosi net tada, kai pyksta? Kokios kavos b\u016btina paragauti Vietname? Kod\u0117l u\u017esienietis, \u012f \u017emonas i\u0161sirink\u0119s gra\u017euol\u0119 taj\u0119, drauge \u201eveda\u201c ir vis\u0105 jos gimin\u0119? Kurioje Vietnamo vietoje gra\u017eiausi saul\u0117tekiai? Tai knyga tiems, kurie ry\u017eosi i\u0161\u0161\u016bkiui kelet\u0105 met\u0173 gyventi ir dirbti Azijoje. Kod\u0117l taip svarbu niekada \u201eneprarasti veido\u201c? Kaip patogiai numigti darbo vietoje? Kod\u0117l tajai taip da\u017enai kei\u010dia darb\u0105 ir kod\u0117l i\u0161 savo vadovo tikisi \u201et\u0117vi\u0161kos globos\u201c? Tai knyga ir tiems, kurie nori palikti komforto zon\u0105, pa\u017einti nauj\u0105j\u012f \u201ea\u0161\u201c ir svetim\u0105 kult\u016br\u0105. Tiems, kurie nori i\u0161bandyti santykius ir patikrinti, ar drauge su partneriu \u017ei\u016bri viena kryptimi<\/p>\n","protected":false},"featured_media":20737,"comment_status":"open","ping_status":"closed","template":"","meta":{"_acf_changed":false,"site-sidebar-layout":"default","site-content-layout":"","ast-site-content-layout":"default","site-content-style":"default","site-sidebar-style":"default","ast-global-header-display":"","ast-banner-title-visibility":"","ast-main-header-display":"","ast-hfb-above-header-display":"","ast-hfb-below-header-display":"","ast-hfb-mobile-header-display":"","site-post-title":"","ast-breadcrumbs-content":"","ast-featured-img":"","footer-sml-layout":"","ast-disable-related-posts":"","theme-transparent-header-meta":"","adv-header-id-meta":"","stick-header-meta":"","header-above-stick-meta":"","header-main-stick-meta":"","header-below-stick-meta":"","astra-migrate-meta-layouts":"default","ast-page-background-enabled":"default","ast-page-background-meta":{"desktop":{"background-color":"","background-image":"","background-repeat":"repeat","background-position":"center center","background-size":"auto","background-attachment":"scroll","background-type":"","background-media":"","overlay-type":"","overlay-color":"","overlay-opacity":"","overlay-gradient":""},"tablet":{"background-color":"","background-image":"","background-repeat":"repeat","background-position":"center center","background-size":"auto","background-attachment":"scroll","background-type":"","background-media":"","overlay-type":"","overlay-color":"","overlay-opacity":"","overlay-gradient":""},"mobile":{"background-color":"","background-image":"","background-repeat":"repeat","background-position":"center center","background-size":"auto","background-attachment":"scroll","background-type":"","background-media":"","overlay-type":"","overlay-color":"","overlay-opacity":"","overlay-gradient":""}},"ast-content-background-meta":{"desktop":{"background-color":"var(--ast-global-color-4)","background-image":"","background-repeat":"repeat","background-position":"center center","background-size":"auto","background-attachment":"scroll","background-type":"","background-media":"","overlay-type":"","overlay-color":"","overlay-opacity":"","overlay-gradient":""},"tablet":{"background-color":"var(--ast-global-color-4)","background-image":"","background-repeat":"repeat","background-position":"center center","background-size":"auto","background-attachment":"scroll","background-type":"","background-media":"","overlay-type":"","overlay-color":"","overlay-opacity":"","overlay-gradient":""},"mobile":{"background-color":"var(--ast-global-color-4)","background-image":"","background-repeat":"repeat","background-position":"center center","background-size":"auto","background-attachment":"scroll","background-type":"","background-media":"","overlay-type":"","overlay-color":"","overlay-opacity":"","overlay-gradient":""}}},"product_brand":[],"product_cat":[15],"product_tag":[5094,8834,1980,1445,2376,5927,5689],"class_list":{"0":"post-20731","1":"product","2":"type-product","3":"status-publish","4":"has-post-thumbnail","6":"product_cat-uncategorized","7":"product_tag-azija","8":"product_tag-egle-simkeviciute-kulvelis","9":"product_tag-humoras","10":"product_tag-keliones","11":"product_tag-kultura","12":"product_tag-lietuviu-autore","13":"product_tag-vietnamas","14":"desktop-align-left","15":"tablet-align-left","16":"mobile-align-left","18":"first","19":"outofstock","20":"shipping-taxable","21":"purchasable","22":"product-type-simple"},"acf":[],"yoast_head":"<!-- This site is optimized with the Yoast SEO plugin v27.0 - https:\/\/yoast.com\/product\/yoast-seo-wordpress\/ -->\n<title>Tigras tai ne katinas<\/title>\n<meta name=\"description\" content=\"TIGRAS TAI NE KATINAS. Tuktukas tai ne dviratis... Saigonas tai ne Vilnius... Pho tai ne \u0161altibar\u0161\u010diai... Tajai tai ne lietuviai... Ir kiti taikl\u016bs\" \/>\n<meta name=\"robots\" content=\"index, follow, max-snippet:-1, max-image-preview:large, max-video-preview:-1\" \/>\n<link rel=\"canonical\" href=\"https:\/\/skaitytaknyga.lt\/en\/produktas\/tigras-tai-ne-katinas\/\" \/>\n<meta property=\"og:locale\" content=\"en_GB\" \/>\n<meta property=\"og:locale:alternate\" content=\"lt_LT\" \/>\n<meta property=\"og:type\" content=\"article\" \/>\n<meta property=\"og:title\" content=\"Tigras tai ne katinas\" \/>\n<meta property=\"og:description\" content=\"TIGRAS TAI NE KATINAS. Tuktukas tai ne dviratis... Saigonas tai ne Vilnius... Pho tai ne \u0161altibar\u0161\u010diai... Tajai tai ne lietuviai... Ir kiti taikl\u016bs\" \/>\n<meta property=\"og:url\" content=\"https:\/\/skaitytaknyga.lt\/en\/produktas\/tigras-tai-ne-katinas\/\" \/>\n<meta property=\"og:site_name\" content=\"Skaitytaknyga\" \/>\n<meta property=\"article:publisher\" content=\"https:\/\/www.facebook.com\/skaitytaknyga\/\" \/>\n<meta property=\"article:modified_time\" content=\"2025-10-26T11:47:04+00:00\" \/>\n<meta property=\"og:image\" content=\"https:\/\/skaitytaknyga.lt\/wp-content\/uploads\/2025\/09\/Tigras-tai-ne-katinas.webp\" \/>\n\t<meta property=\"og:image:width\" content=\"300\" \/>\n\t<meta property=\"og:image:height\" content=\"436\" \/>\n\t<meta property=\"og:image:type\" content=\"image\/webp\" \/>\n<meta name=\"twitter:card\" content=\"summary_large_image\" \/>\n<meta name=\"twitter:label1\" content=\"Estimated reading time\" \/>\n\t<meta name=\"twitter:data1\" content=\"1 minute\" \/>\n<script type=\"application\/ld+json\" class=\"yoast-schema-graph\">{\"@context\":\"https:\/\/schema.org\",\"@graph\":[{\"@type\":\"WebPage\",\"@id\":\"https:\/\/skaitytaknyga.lt\/produktas\/tigras-tai-ne-katinas\/\",\"url\":\"https:\/\/skaitytaknyga.lt\/produktas\/tigras-tai-ne-katinas\/\",\"name\":\"Tigras tai ne katinas\",\"isPartOf\":{\"@id\":\"https:\/\/skaitytaknyga.lt\/#website\"},\"primaryImageOfPage\":{\"@id\":\"https:\/\/skaitytaknyga.lt\/produktas\/tigras-tai-ne-katinas\/#primaryimage\"},\"image\":{\"@id\":\"https:\/\/skaitytaknyga.lt\/produktas\/tigras-tai-ne-katinas\/#primaryimage\"},\"thumbnailUrl\":\"https:\/\/skaitytaknyga.lt\/wp-content\/uploads\/2025\/09\/Tigras-tai-ne-katinas.webp\",\"datePublished\":\"2025-09-12T08:00:05+00:00\",\"dateModified\":\"2025-10-26T11:47:04+00:00\",\"description\":\"TIGRAS TAI NE KATINAS. Tuktukas tai ne dviratis... Saigonas tai ne Vilnius... Pho tai ne \u0161altibar\u0161\u010diai... Tajai tai ne lietuviai... Ir kiti taikl\u016bs\",\"breadcrumb\":{\"@id\":\"https:\/\/skaitytaknyga.lt\/produktas\/tigras-tai-ne-katinas\/#breadcrumb\"},\"inLanguage\":\"en-GB\",\"potentialAction\":[{\"@type\":\"ReadAction\",\"target\":[\"https:\/\/skaitytaknyga.lt\/produktas\/tigras-tai-ne-katinas\/\"]}]},{\"@type\":\"ImageObject\",\"inLanguage\":\"en-GB\",\"@id\":\"https:\/\/skaitytaknyga.lt\/produktas\/tigras-tai-ne-katinas\/#primaryimage\",\"url\":\"https:\/\/skaitytaknyga.lt\/wp-content\/uploads\/2025\/09\/Tigras-tai-ne-katinas.webp\",\"contentUrl\":\"https:\/\/skaitytaknyga.lt\/wp-content\/uploads\/2025\/09\/Tigras-tai-ne-katinas.webp\",\"width\":300,\"height\":436,\"caption\":\"Tigras tai ne katinas\"},{\"@type\":\"BreadcrumbList\",\"@id\":\"https:\/\/skaitytaknyga.lt\/produktas\/tigras-tai-ne-katinas\/#breadcrumb\",\"itemListElement\":[{\"@type\":\"ListItem\",\"position\":1,\"name\":\"Home\",\"item\":\"https:\/\/skaitytaknyga.lt\/\"},{\"@type\":\"ListItem\",\"position\":2,\"name\":\"Parduotuv\u0117\",\"item\":\"https:\/\/skaitytaknyga.lt\/knygu-parduotuve\/\"},{\"@type\":\"ListItem\",\"position\":3,\"name\":\"Tigras tai ne katinas\"}]},{\"@type\":\"WebSite\",\"@id\":\"https:\/\/skaitytaknyga.lt\/#website\",\"url\":\"https:\/\/skaitytaknyga.lt\/\",\"name\":\"skaitytaknyga.lt\",\"description\":\"Skaitytaknyga.lt \u2013 tai ma\u017eas \u0161eimos verslas, kuris prasid\u0117jo nuo meil\u0117s knygoms ir siekio i\u0161gelb\u0117ti knygas nuo likimo prie konteinerio. Kas vienam nereikalingas daiktas \u2013 kitam lobis, o mes esame tarpininkai, kurie padeda abiems tapti laimingesniems ???? \u017dinome kaip nelengva i\u0161gyventi ma\u017eiems verslams, tad nuo \u0161iol, \u010dia rasite ir kit\u0173, ma\u017e\u0173 \u0161eim\u0173 versl\u0173, rank\u0173 darbo, dovan\u0173 sau ir artimiesiems.\",\"publisher\":{\"@id\":\"https:\/\/skaitytaknyga.lt\/#organization\"},\"potentialAction\":[{\"@type\":\"SearchAction\",\"target\":{\"@type\":\"EntryPoint\",\"urlTemplate\":\"https:\/\/skaitytaknyga.lt\/?s={search_term_string}\"},\"query-input\":{\"@type\":\"PropertyValueSpecification\",\"valueRequired\":true,\"valueName\":\"search_term_string\"}}],\"inLanguage\":\"en-GB\"},{\"@type\":\"Organization\",\"@id\":\"https:\/\/skaitytaknyga.lt\/#organization\",\"name\":\"skaitytaknyga.lt\",\"url\":\"https:\/\/skaitytaknyga.lt\/\",\"logo\":{\"@type\":\"ImageObject\",\"inLanguage\":\"en-GB\",\"@id\":\"https:\/\/skaitytaknyga.lt\/#\/schema\/logo\/image\/\",\"url\":\"https:\/\/skaitytaknyga.lt\/wp-content\/uploads\/2024\/05\/cropped-cropped-cropped-02_00843_jt3bggkj1j3HLc7SyY6rEUpg.jpeg\",\"contentUrl\":\"https:\/\/skaitytaknyga.lt\/wp-content\/uploads\/2024\/05\/cropped-cropped-cropped-02_00843_jt3bggkj1j3HLc7SyY6rEUpg.jpeg\",\"width\":1600,\"height\":1600,\"caption\":\"skaitytaknyga.lt\"},\"image\":{\"@id\":\"https:\/\/skaitytaknyga.lt\/#\/schema\/logo\/image\/\"},\"sameAs\":[\"https:\/\/www.facebook.com\/skaitytaknyga\/\"]}]}<\/script>\n<!-- \/ Yoast SEO plugin. -->","yoast_head_json":{"title":"Tigras tai ne katinas","description":"TIGRAS TAI NE KATINAS. Tuktukas tai ne dviratis... Saigonas tai ne Vilnius... Pho tai ne \u0161altibar\u0161\u010diai... Tajai tai ne lietuviai... Ir kiti taikl\u016bs","robots":{"index":"index","follow":"follow","max-snippet":"max-snippet:-1","max-image-preview":"max-image-preview:large","max-video-preview":"max-video-preview:-1"},"canonical":"https:\/\/skaitytaknyga.lt\/en\/produktas\/tigras-tai-ne-katinas\/","og_locale":"en_GB","og_type":"article","og_title":"[:lt]Tigras tai ne katinas[:] - Skaitytaknyga","og_description":"TIGRAS TAI NE KATINAS. Tuktukas tai ne dviratis... Saigonas tai ne Vilnius... Pho tai ne \u0161altibar\u0161\u010diai... Tajai tai ne lietuviai... Ir kiti taikl\u016bs","og_url":"https:\/\/skaitytaknyga.lt\/en\/produktas\/tigras-tai-ne-katinas\/","og_site_name":"Skaitytaknyga","article_publisher":"https:\/\/www.facebook.com\/skaitytaknyga\/","article_modified_time":"2025-10-26T11:47:04+00:00","og_image":[{"width":300,"height":436,"url":"https:\/\/skaitytaknyga.lt\/wp-content\/uploads\/2025\/09\/Tigras-tai-ne-katinas.webp","type":"image\/webp"}],"twitter_card":"summary_large_image","twitter_misc":{"Estimated reading time":"1 minute"},"schema":{"@context":"https:\/\/schema.org","@graph":[{"@type":"WebPage","@id":"https:\/\/skaitytaknyga.lt\/produktas\/tigras-tai-ne-katinas\/","url":"https:\/\/skaitytaknyga.lt\/produktas\/tigras-tai-ne-katinas\/","name":"Tigras tai ne katinas","isPartOf":{"@id":"https:\/\/skaitytaknyga.lt\/#website"},"primaryImageOfPage":{"@id":"https:\/\/skaitytaknyga.lt\/produktas\/tigras-tai-ne-katinas\/#primaryimage"},"image":{"@id":"https:\/\/skaitytaknyga.lt\/produktas\/tigras-tai-ne-katinas\/#primaryimage"},"thumbnailUrl":"https:\/\/skaitytaknyga.lt\/wp-content\/uploads\/2025\/09\/Tigras-tai-ne-katinas.webp","datePublished":"2025-09-12T08:00:05+00:00","dateModified":"2025-10-26T11:47:04+00:00","description":"TIGRAS TAI NE KATINAS. Tuktukas tai ne dviratis... Saigonas tai ne Vilnius... Pho tai ne \u0161altibar\u0161\u010diai... Tajai tai ne lietuviai... Ir kiti taikl\u016bs","breadcrumb":{"@id":"https:\/\/skaitytaknyga.lt\/produktas\/tigras-tai-ne-katinas\/#breadcrumb"},"inLanguage":"en-GB","potentialAction":[{"@type":"ReadAction","target":["https:\/\/skaitytaknyga.lt\/produktas\/tigras-tai-ne-katinas\/"]}]},{"@type":"ImageObject","inLanguage":"en-GB","@id":"https:\/\/skaitytaknyga.lt\/produktas\/tigras-tai-ne-katinas\/#primaryimage","url":"https:\/\/skaitytaknyga.lt\/wp-content\/uploads\/2025\/09\/Tigras-tai-ne-katinas.webp","contentUrl":"https:\/\/skaitytaknyga.lt\/wp-content\/uploads\/2025\/09\/Tigras-tai-ne-katinas.webp","width":300,"height":436,"caption":"Tigras tai ne katinas"},{"@type":"BreadcrumbList","@id":"https:\/\/skaitytaknyga.lt\/produktas\/tigras-tai-ne-katinas\/#breadcrumb","itemListElement":[{"@type":"ListItem","position":1,"name":"Home","item":"https:\/\/skaitytaknyga.lt\/"},{"@type":"ListItem","position":2,"name":"Parduotuv\u0117","item":"https:\/\/skaitytaknyga.lt\/knygu-parduotuve\/"},{"@type":"ListItem","position":3,"name":"Tigras tai ne katinas"}]},{"@type":"WebSite","@id":"https:\/\/skaitytaknyga.lt\/#website","url":"https:\/\/skaitytaknyga.lt\/","name":"skaitytaknyga.lt","description":"Skaitytaknyga.lt \u2013 tai ma\u017eas \u0161eimos verslas, kuris prasid\u0117jo nuo meil\u0117s knygoms ir siekio i\u0161gelb\u0117ti knygas nuo likimo prie konteinerio. Kas vienam nereikalingas daiktas \u2013 kitam lobis, o mes esame tarpininkai, kurie padeda abiems tapti laimingesniems ???? \u017dinome kaip nelengva i\u0161gyventi ma\u017eiems verslams, tad nuo \u0161iol, \u010dia rasite ir kit\u0173, ma\u017e\u0173 \u0161eim\u0173 versl\u0173, rank\u0173 darbo, dovan\u0173 sau ir artimiesiems.","publisher":{"@id":"https:\/\/skaitytaknyga.lt\/#organization"},"potentialAction":[{"@type":"SearchAction","target":{"@type":"EntryPoint","urlTemplate":"https:\/\/skaitytaknyga.lt\/?s={search_term_string}"},"query-input":{"@type":"PropertyValueSpecification","valueRequired":true,"valueName":"search_term_string"}}],"inLanguage":"en-GB"},{"@type":"Organization","@id":"https:\/\/skaitytaknyga.lt\/#organization","name":"skaitytaknyga.lt","url":"https:\/\/skaitytaknyga.lt\/","logo":{"@type":"ImageObject","inLanguage":"en-GB","@id":"https:\/\/skaitytaknyga.lt\/#\/schema\/logo\/image\/","url":"https:\/\/skaitytaknyga.lt\/wp-content\/uploads\/2024\/05\/cropped-cropped-cropped-02_00843_jt3bggkj1j3HLc7SyY6rEUpg.jpeg","contentUrl":"https:\/\/skaitytaknyga.lt\/wp-content\/uploads\/2024\/05\/cropped-cropped-cropped-02_00843_jt3bggkj1j3HLc7SyY6rEUpg.jpeg","width":1600,"height":1600,"caption":"skaitytaknyga.lt"},"image":{"@id":"https:\/\/skaitytaknyga.lt\/#\/schema\/logo\/image\/"},"sameAs":["https:\/\/www.facebook.com\/skaitytaknyga\/"]}]}},"_links":{"self":[{"href":"https:\/\/skaitytaknyga.lt\/en\/wp-json\/wp\/v2\/product\/20731","targetHints":{"allow":["GET"]}}],"collection":[{"href":"https:\/\/skaitytaknyga.lt\/en\/wp-json\/wp\/v2\/product"}],"about":[{"href":"https:\/\/skaitytaknyga.lt\/en\/wp-json\/wp\/v2\/types\/product"}],"replies":[{"embeddable":true,"href":"https:\/\/skaitytaknyga.lt\/en\/wp-json\/wp\/v2\/comments?post=20731"}],"wp:featuredmedia":[{"embeddable":true,"href":"https:\/\/skaitytaknyga.lt\/en\/wp-json\/wp\/v2\/media\/20737"}],"wp:attachment":[{"href":"https:\/\/skaitytaknyga.lt\/en\/wp-json\/wp\/v2\/media?parent=20731"}],"wp:term":[{"taxonomy":"product_brand","embeddable":true,"href":"https:\/\/skaitytaknyga.lt\/en\/wp-json\/wp\/v2\/product_brand?post=20731"},{"taxonomy":"product_cat","embeddable":true,"href":"https:\/\/skaitytaknyga.lt\/en\/wp-json\/wp\/v2\/product_cat?post=20731"},{"taxonomy":"product_tag","embeddable":true,"href":"https:\/\/skaitytaknyga.lt\/en\/wp-json\/wp\/v2\/product_tag?post=20731"}],"curies":[{"name":"wp","href":"https:\/\/api.w.org\/{rel}","templated":true}]}}