{"id":20729,"date":"2025-09-12T11:00:04","date_gmt":"2025-09-12T08:00:04","guid":{"rendered":"https:\/\/skaitytaknyga.lt\/?post_type=product&#038;p=20729"},"modified":"2025-12-18T17:44:41","modified_gmt":"2025-12-18T15:44:41","slug":"gaisro-spalvos","status":"publish","type":"product","link":"https:\/\/skaitytaknyga.lt\/en\/produktas\/gaisro-spalvos\/","title":{"rendered":"Gaisro spalvos (labai sulieta)"},"content":{"rendered":"<p>1951 m. Pary\u017eiuje gim\u0119s Pierre\u02bcas Lemaitre\u02bcas (Pjeras Lemetras) kaip ra\u0161ytojas debiutavo tik sulauk\u0119s 55-eri\u0173. Bet jau pats pirmasis, 2006-aisiais i\u0161leistas, jo romanas \u201eTravail soign\u00e9\u201c (\u201eKruop\u0161tus darbelis\u201c) sulauk\u0117 palanki\u0173 atsiliepim\u0173. O did\u017eioji \u0161lov\u0117s valanda i\u0161mu\u0161\u0117 2013 m., kai u\u017e roman\u0105 \u201eIki pasimatymo ten auk\u0161tai\u201c P. Lemaitre\u02bcas buvo apdovanotas presti\u017ei\u0161kiausia Pranc\u016bzijos literat\u016bros Gonk\u016br\u0173 premija. \u201eGaisro spalvos\u201c yra \u201eIki pasimatymo ten auk\u0161tai\u201c t\u0119sinys ir antroji trilogijos dalis, kuri\u0105 galima skaityti ir kaip atskir\u0105 k\u016brin\u012f. <\/p>\n<p>1927-ieji. Visa Pary\u017eiaus grietin\u0117l\u0117 susirenka \u012f turtingo bankininko Marselio Perik\u016bro laidotuves. J\u0173 d\u0117mesio centre \u2013 jauna velionio dukt\u0117 Madlena, kuriai lemta perimti t\u0117vo sukurt\u0105 verslo imperij\u0105. Moteris puikiai suvokia, kad lengva nebus \u2013 iki tol ji visi\u0161kai nesidom\u0117jo nei t\u0117vo reikalais, nei jo verslu. O per laidotuves pro tre\u010dio auk\u0161to lang\u0105 i\u0161krit\u0119s Madlenos septynmetis s\u016bnus Polis motinos mintis nukreipia visai kita kryptimi.<\/p>\n<p>Pajut\u0119 neeilin\u0119 galimyb\u0119 lengvai pasipelnyti, daugyb\u0117 god\u017ei\u0173 veik\u0117j\u0173 ima kurpti greito pralobimo planus ir suka ratus aplink Madlen\u0105, bet \u0161i, pasitelkusi vis\u0105 savo i\u0161radingum\u0105, teisyb\u0117s tro\u0161kim\u0105 ir netik\u0117tas Polio id\u0117jas apie nauj\u0105 versl\u0105, pakyla \u012f kov\u0105.<\/p>\n<p>Madlenos kova vyksta kur kas didesni\u0173 \u012fvyki\u0173 fone. Po Pirmojo pasaulinio karo atsigaunan\u010dioje Vokietijoje \u0161alies nacionalsocialist\u0173 partijos vald\u017eios laiptais spar\u010diai kyla charizmati\u0161kas oratorius, aistringai kalbantis apie nepelnytas sankcijas mylimai t\u0117vynei, vokie\u010di\u0173 ras\u0117s vir\u0161enyb\u0119 ir nauj\u0105 pasaulio tvark\u0105. Jo \u017eod\u017ei\u0173 \u012f\u017eiebta liepsna netrukus virs did\u017eiuliu gaisru, visiems laikams pakeisian\u010diu Europ\u0105 ir vis\u0105 pasaul\u012f.<\/p>\n","protected":false},"excerpt":{"rendered":"<p>1951 m. Pary\u017eiuje gim\u0119s Pierre\u02bcas Lemaitre\u02bcas (Pjeras Lemetras) kaip ra\u0161ytojas debiutavo tik sulauk\u0119s 55-eri\u0173. Bet jau pats pirmasis, 2006-aisiais i\u0161leistas, jo romanas \u201eTravail soign\u00e9\u201c (\u201eKruop\u0161tus darbelis\u201c) sulauk\u0117 palanki\u0173 atsiliepim\u0173. O did\u017eioji \u0161lov\u0117s valanda i\u0161mu\u0161\u0117 2013 m., kai u\u017e roman\u0105 \u201eIki pasimatymo ten auk\u0161tai\u201c P. Lemaitre\u02bcas buvo apdovanotas presti\u017ei\u0161kiausia Pranc\u016bzijos literat\u016bros Gonk\u016br\u0173 premija. \u201eGaisro spalvos\u201c yra \u201eIki pasimatymo ten auk\u0161tai\u201c t\u0119sinys ir antroji trilogijos dalis, kuri\u0105 galima skaityti ir kaip atskir\u0105 k\u016brin\u012f. 1927-ieji. Visa Pary\u017eiaus grietin\u0117l\u0117 susirenka \u012f turtingo bankininko Marselio Perik\u016bro laidotuves. J\u0173 d\u0117mesio centre \u2013 jauna velionio dukt\u0117 Madlena, kuriai lemta perimti t\u0117vo sukurt\u0105 verslo imperij\u0105. Moteris puikiai suvokia, kad lengva nebus \u2013 iki tol ji visi\u0161kai nesidom\u0117jo nei t\u0117vo reikalais, nei jo verslu. O per laidotuves pro tre\u010dio auk\u0161to lang\u0105 i\u0161krit\u0119s Madlenos septynmetis s\u016bnus Polis motinos mintis nukreipia visai kita kryptimi. Pajut\u0119 neeilin\u0119 galimyb\u0119 lengvai pasipelnyti, daugyb\u0117 god\u017ei\u0173 veik\u0117j\u0173 ima kurpti greito pralobimo planus ir suka ratus aplink Madlen\u0105, bet \u0161i, pasitelkusi vis\u0105 savo i\u0161radingum\u0105, teisyb\u0117s tro\u0161kim\u0105 ir netik\u0117tas Polio id\u0117jas apie nauj\u0105 versl\u0105, pakyla \u012f kov\u0105. Madlenos kova vyksta kur kas didesni\u0173 \u012fvyki\u0173 fone. Po Pirmojo pasaulinio karo atsigaunan\u010dioje Vokietijoje \u0161alies nacionalsocialist\u0173 partijos vald\u017eios laiptais spar\u010diai kyla charizmati\u0161kas oratorius, aistringai kalbantis apie nepelnytas sankcijas mylimai t\u0117vynei, vokie\u010di\u0173 ras\u0117s vir\u0161enyb\u0119 ir nauj\u0105 pasaulio tvark\u0105. Jo \u017eod\u017ei\u0173 \u012f\u017eiebta liepsna netrukus virs did\u017eiuliu gaisru, visiems laikams pakeisian\u010diu Europ\u0105 ir vis\u0105 pasaul\u012f.<\/p>\n","protected":false},"featured_media":20735,"comment_status":"open","ping_status":"closed","template":"","meta":{"_acf_changed":false,"site-sidebar-layout":"default","site-content-layout":"","ast-site-content-layout":"default","site-content-style":"default","site-sidebar-style":"default","ast-global-header-display":"","ast-banner-title-visibility":"","ast-main-header-display":"","ast-hfb-above-header-display":"","ast-hfb-below-header-display":"","ast-hfb-mobile-header-display":"","site-post-title":"","ast-breadcrumbs-content":"","ast-featured-img":"","footer-sml-layout":"","ast-disable-related-posts":"","theme-transparent-header-meta":"","adv-header-id-meta":"","stick-header-meta":"","header-above-stick-meta":"","header-main-stick-meta":"","header-below-stick-meta":"","astra-migrate-meta-layouts":"default","ast-page-background-enabled":"default","ast-page-background-meta":{"desktop":{"background-color":"","background-image":"","background-repeat":"repeat","background-position":"center center","background-size":"auto","background-attachment":"scroll","background-type":"","background-media":"","overlay-type":"","overlay-color":"","overlay-opacity":"","overlay-gradient":""},"tablet":{"background-color":"","background-image":"","background-repeat":"repeat","background-position":"center center","background-size":"auto","background-attachment":"scroll","background-type":"","background-media":"","overlay-type":"","overlay-color":"","overlay-opacity":"","overlay-gradient":""},"mobile":{"background-color":"","background-image":"","background-repeat":"repeat","background-position":"center center","background-size":"auto","background-attachment":"scroll","background-type":"","background-media":"","overlay-type":"","overlay-color":"","overlay-opacity":"","overlay-gradient":""}},"ast-content-background-meta":{"desktop":{"background-color":"var(--ast-global-color-4)","background-image":"","background-repeat":"repeat","background-position":"center center","background-size":"auto","background-attachment":"scroll","background-type":"","background-media":"","overlay-type":"","overlay-color":"","overlay-opacity":"","overlay-gradient":""},"tablet":{"background-color":"var(--ast-global-color-4)","background-image":"","background-repeat":"repeat","background-position":"center center","background-size":"auto","background-attachment":"scroll","background-type":"","background-media":"","overlay-type":"","overlay-color":"","overlay-opacity":"","overlay-gradient":""},"mobile":{"background-color":"var(--ast-global-color-4)","background-image":"","background-repeat":"repeat","background-position":"center center","background-size":"auto","background-attachment":"scroll","background-type":"","background-media":"","overlay-type":"","overlay-color":"","overlay-opacity":"","overlay-gradient":""}}},"product_brand":[],"product_cat":[31],"product_tag":[8831,3533,1459,8830,2831,1745,1646,3151],"class_list":{"0":"post-20729","1":"product","2":"type-product","3":"status-publish","4":"has-post-thumbnail","6":"product_cat-grozine-literatura","7":"product_tag-gonkuru-premijos-laureatas","8":"product_tag-istorinis","9":"product_tag-karas","10":"product_tag-pierre-lemaitre","11":"product_tag-prancuzija","12":"product_tag-romanas","13":"product_tag-seima","14":"product_tag-trilogija","15":"desktop-align-left","16":"tablet-align-left","17":"mobile-align-left","19":"first","20":"outofstock","21":"shipping-taxable","22":"purchasable","23":"product-type-simple"},"acf":[],"yoast_head":"<!-- This site is optimized with the Yoast SEO plugin v27.4 - https:\/\/yoast.com\/product\/yoast-seo-wordpress\/ -->\n<title>Gaisro spalvos (labai sulieta)<\/title>\n<meta name=\"description\" content=\"1951 m. Pary\u017eiuje gim\u0119s Pierre\u02bcas Lemaitre\u02bcas (Pjeras Lemetras) kaip ra\u0161ytojas debiutavo tik sulauk\u0119s 55-eri\u0173. Bet jau pats pirmasis, 2006-aisiais\" \/>\n<meta name=\"robots\" content=\"index, follow, max-snippet:-1, max-image-preview:large, max-video-preview:-1\" \/>\n<link rel=\"canonical\" href=\"https:\/\/skaitytaknyga.lt\/en\/produktas\/gaisro-spalvos\/\" \/>\n<meta property=\"og:locale\" content=\"en_GB\" \/>\n<meta property=\"og:locale:alternate\" content=\"lt_LT\" \/>\n<meta property=\"og:type\" content=\"article\" \/>\n<meta property=\"og:title\" content=\"Gaisro spalvos (labai sulieta)\" \/>\n<meta property=\"og:description\" content=\"1951 m. Pary\u017eiuje gim\u0119s Pierre\u02bcas Lemaitre\u02bcas (Pjeras Lemetras) kaip ra\u0161ytojas debiutavo tik sulauk\u0119s 55-eri\u0173. Bet jau pats pirmasis, 2006-aisiais\" \/>\n<meta property=\"og:url\" content=\"https:\/\/skaitytaknyga.lt\/en\/produktas\/gaisro-spalvos\/\" \/>\n<meta property=\"og:site_name\" content=\"Skaitytaknyga\" \/>\n<meta property=\"article:publisher\" content=\"https:\/\/www.facebook.com\/skaitytaknyga\/\" \/>\n<meta property=\"article:modified_time\" content=\"2025-12-18T15:44:41+00:00\" \/>\n<meta property=\"og:image\" content=\"https:\/\/skaitytaknyga.lt\/wp-content\/uploads\/2025\/09\/Gaisro-spalvos-1.webp\" \/>\n\t<meta property=\"og:image:width\" content=\"300\" \/>\n\t<meta property=\"og:image:height\" content=\"492\" \/>\n\t<meta property=\"og:image:type\" content=\"image\/webp\" \/>\n<meta name=\"twitter:card\" content=\"summary_large_image\" \/>\n<meta name=\"twitter:label1\" content=\"Estimated reading time\" \/>\n\t<meta name=\"twitter:data1\" content=\"1 minute\" \/>\n<script type=\"application\/ld+json\" class=\"yoast-schema-graph\">{\"@context\":\"https:\\\/\\\/schema.org\",\"@graph\":[{\"@type\":\"WebPage\",\"@id\":\"https:\\\/\\\/skaitytaknyga.lt\\\/produktas\\\/gaisro-spalvos\\\/\",\"url\":\"https:\\\/\\\/skaitytaknyga.lt\\\/produktas\\\/gaisro-spalvos\\\/\",\"name\":\"Gaisro spalvos (labai sulieta)\",\"isPartOf\":{\"@id\":\"https:\\\/\\\/skaitytaknyga.lt\\\/#website\"},\"primaryImageOfPage\":{\"@id\":\"https:\\\/\\\/skaitytaknyga.lt\\\/produktas\\\/gaisro-spalvos\\\/#primaryimage\"},\"image\":{\"@id\":\"https:\\\/\\\/skaitytaknyga.lt\\\/produktas\\\/gaisro-spalvos\\\/#primaryimage\"},\"thumbnailUrl\":\"https:\\\/\\\/skaitytaknyga.lt\\\/wp-content\\\/uploads\\\/2025\\\/09\\\/Gaisro-spalvos-1.webp\",\"datePublished\":\"2025-09-12T08:00:04+00:00\",\"dateModified\":\"2025-12-18T15:44:41+00:00\",\"description\":\"1951 m. Pary\u017eiuje gim\u0119s Pierre\u02bcas Lemaitre\u02bcas (Pjeras Lemetras) kaip ra\u0161ytojas debiutavo tik sulauk\u0119s 55-eri\u0173. Bet jau pats pirmasis, 2006-aisiais\",\"breadcrumb\":{\"@id\":\"https:\\\/\\\/skaitytaknyga.lt\\\/produktas\\\/gaisro-spalvos\\\/#breadcrumb\"},\"inLanguage\":\"en-GB\",\"potentialAction\":[{\"@type\":\"ReadAction\",\"target\":[\"https:\\\/\\\/skaitytaknyga.lt\\\/produktas\\\/gaisro-spalvos\\\/\"]}]},{\"@type\":\"ImageObject\",\"inLanguage\":\"en-GB\",\"@id\":\"https:\\\/\\\/skaitytaknyga.lt\\\/produktas\\\/gaisro-spalvos\\\/#primaryimage\",\"url\":\"https:\\\/\\\/skaitytaknyga.lt\\\/wp-content\\\/uploads\\\/2025\\\/09\\\/Gaisro-spalvos-1.webp\",\"contentUrl\":\"https:\\\/\\\/skaitytaknyga.lt\\\/wp-content\\\/uploads\\\/2025\\\/09\\\/Gaisro-spalvos-1.webp\",\"width\":300,\"height\":492,\"caption\":\"Gaisro spalvos\"},{\"@type\":\"BreadcrumbList\",\"@id\":\"https:\\\/\\\/skaitytaknyga.lt\\\/produktas\\\/gaisro-spalvos\\\/#breadcrumb\",\"itemListElement\":[{\"@type\":\"ListItem\",\"position\":1,\"name\":\"Home\",\"item\":\"https:\\\/\\\/skaitytaknyga.lt\\\/\"},{\"@type\":\"ListItem\",\"position\":2,\"name\":\"Parduotuv\u0117\",\"item\":\"https:\\\/\\\/skaitytaknyga.lt\\\/knygu-parduotuve\\\/\"},{\"@type\":\"ListItem\",\"position\":3,\"name\":\"Gaisro spalvos (labai sulieta)\"}]},{\"@type\":\"WebSite\",\"@id\":\"https:\\\/\\\/skaitytaknyga.lt\\\/#website\",\"url\":\"https:\\\/\\\/skaitytaknyga.lt\\\/\",\"name\":\"skaitytaknyga.lt\",\"description\":\"Skaitytaknyga.lt \u2013 tai ma\u017eas \u0161eimos verslas, kuris prasid\u0117jo nuo meil\u0117s knygoms ir siekio i\u0161gelb\u0117ti knygas nuo likimo prie konteinerio. Kas vienam nereikalingas daiktas \u2013 kitam lobis, o mes esame tarpininkai, kurie padeda abiems tapti laimingesniems ???? \u017dinome kaip nelengva i\u0161gyventi ma\u017eiems verslams, tad nuo \u0161iol, \u010dia rasite ir kit\u0173, ma\u017e\u0173 \u0161eim\u0173 versl\u0173, rank\u0173 darbo, dovan\u0173 sau ir artimiesiems.\",\"publisher\":{\"@id\":\"https:\\\/\\\/skaitytaknyga.lt\\\/#organization\"},\"potentialAction\":[{\"@type\":\"SearchAction\",\"target\":{\"@type\":\"EntryPoint\",\"urlTemplate\":\"https:\\\/\\\/skaitytaknyga.lt\\\/?s={search_term_string}\"},\"query-input\":{\"@type\":\"PropertyValueSpecification\",\"valueRequired\":true,\"valueName\":\"search_term_string\"}}],\"inLanguage\":\"en-GB\"},{\"@type\":\"Organization\",\"@id\":\"https:\\\/\\\/skaitytaknyga.lt\\\/#organization\",\"name\":\"skaitytaknyga.lt\",\"url\":\"https:\\\/\\\/skaitytaknyga.lt\\\/\",\"logo\":{\"@type\":\"ImageObject\",\"inLanguage\":\"en-GB\",\"@id\":\"https:\\\/\\\/skaitytaknyga.lt\\\/#\\\/schema\\\/logo\\\/image\\\/\",\"url\":\"https:\\\/\\\/skaitytaknyga.lt\\\/wp-content\\\/uploads\\\/2024\\\/05\\\/cropped-cropped-cropped-02_00843_jt3bggkj1j3HLc7SyY6rEUpg.jpeg\",\"contentUrl\":\"https:\\\/\\\/skaitytaknyga.lt\\\/wp-content\\\/uploads\\\/2024\\\/05\\\/cropped-cropped-cropped-02_00843_jt3bggkj1j3HLc7SyY6rEUpg.jpeg\",\"width\":1600,\"height\":1600,\"caption\":\"skaitytaknyga.lt\"},\"image\":{\"@id\":\"https:\\\/\\\/skaitytaknyga.lt\\\/#\\\/schema\\\/logo\\\/image\\\/\"},\"sameAs\":[\"https:\\\/\\\/www.facebook.com\\\/skaitytaknyga\\\/\"]}]}<\/script>\n<!-- \/ Yoast SEO plugin. -->","yoast_head_json":{"title":"Gaisro spalvos (labai sulieta)","description":"1951 m. Pary\u017eiuje gim\u0119s Pierre\u02bcas Lemaitre\u02bcas (Pjeras Lemetras) kaip ra\u0161ytojas debiutavo tik sulauk\u0119s 55-eri\u0173. Bet jau pats pirmasis, 2006-aisiais","robots":{"index":"index","follow":"follow","max-snippet":"max-snippet:-1","max-image-preview":"max-image-preview:large","max-video-preview":"max-video-preview:-1"},"canonical":"https:\/\/skaitytaknyga.lt\/en\/produktas\/gaisro-spalvos\/","og_locale":"en_GB","og_type":"article","og_title":"[:lt]Gaisro spalvos (labai sulieta)[:] - Skaitytaknyga","og_description":"1951 m. Pary\u017eiuje gim\u0119s Pierre\u02bcas Lemaitre\u02bcas (Pjeras Lemetras) kaip ra\u0161ytojas debiutavo tik sulauk\u0119s 55-eri\u0173. Bet jau pats pirmasis, 2006-aisiais","og_url":"https:\/\/skaitytaknyga.lt\/en\/produktas\/gaisro-spalvos\/","og_site_name":"Skaitytaknyga","article_publisher":"https:\/\/www.facebook.com\/skaitytaknyga\/","article_modified_time":"2025-12-18T15:44:41+00:00","og_image":[{"width":300,"height":492,"url":"https:\/\/skaitytaknyga.lt\/wp-content\/uploads\/2025\/09\/Gaisro-spalvos-1.webp","type":"image\/webp"}],"twitter_card":"summary_large_image","twitter_misc":{"Estimated reading time":"1 minute"},"schema":{"@context":"https:\/\/schema.org","@graph":[{"@type":"WebPage","@id":"https:\/\/skaitytaknyga.lt\/produktas\/gaisro-spalvos\/","url":"https:\/\/skaitytaknyga.lt\/produktas\/gaisro-spalvos\/","name":"Gaisro spalvos (labai sulieta)","isPartOf":{"@id":"https:\/\/skaitytaknyga.lt\/#website"},"primaryImageOfPage":{"@id":"https:\/\/skaitytaknyga.lt\/produktas\/gaisro-spalvos\/#primaryimage"},"image":{"@id":"https:\/\/skaitytaknyga.lt\/produktas\/gaisro-spalvos\/#primaryimage"},"thumbnailUrl":"https:\/\/skaitytaknyga.lt\/wp-content\/uploads\/2025\/09\/Gaisro-spalvos-1.webp","datePublished":"2025-09-12T08:00:04+00:00","dateModified":"2025-12-18T15:44:41+00:00","description":"1951 m. Pary\u017eiuje gim\u0119s Pierre\u02bcas Lemaitre\u02bcas (Pjeras Lemetras) kaip ra\u0161ytojas debiutavo tik sulauk\u0119s 55-eri\u0173. Bet jau pats pirmasis, 2006-aisiais","breadcrumb":{"@id":"https:\/\/skaitytaknyga.lt\/produktas\/gaisro-spalvos\/#breadcrumb"},"inLanguage":"en-GB","potentialAction":[{"@type":"ReadAction","target":["https:\/\/skaitytaknyga.lt\/produktas\/gaisro-spalvos\/"]}]},{"@type":"ImageObject","inLanguage":"en-GB","@id":"https:\/\/skaitytaknyga.lt\/produktas\/gaisro-spalvos\/#primaryimage","url":"https:\/\/skaitytaknyga.lt\/wp-content\/uploads\/2025\/09\/Gaisro-spalvos-1.webp","contentUrl":"https:\/\/skaitytaknyga.lt\/wp-content\/uploads\/2025\/09\/Gaisro-spalvos-1.webp","width":300,"height":492,"caption":"Gaisro spalvos"},{"@type":"BreadcrumbList","@id":"https:\/\/skaitytaknyga.lt\/produktas\/gaisro-spalvos\/#breadcrumb","itemListElement":[{"@type":"ListItem","position":1,"name":"Home","item":"https:\/\/skaitytaknyga.lt\/"},{"@type":"ListItem","position":2,"name":"Parduotuv\u0117","item":"https:\/\/skaitytaknyga.lt\/knygu-parduotuve\/"},{"@type":"ListItem","position":3,"name":"Gaisro spalvos (labai sulieta)"}]},{"@type":"WebSite","@id":"https:\/\/skaitytaknyga.lt\/#website","url":"https:\/\/skaitytaknyga.lt\/","name":"skaitytaknyga.lt","description":"Skaitytaknyga.lt \u2013 tai ma\u017eas \u0161eimos verslas, kuris prasid\u0117jo nuo meil\u0117s knygoms ir siekio i\u0161gelb\u0117ti knygas nuo likimo prie konteinerio. Kas vienam nereikalingas daiktas \u2013 kitam lobis, o mes esame tarpininkai, kurie padeda abiems tapti laimingesniems ???? \u017dinome kaip nelengva i\u0161gyventi ma\u017eiems verslams, tad nuo \u0161iol, \u010dia rasite ir kit\u0173, ma\u017e\u0173 \u0161eim\u0173 versl\u0173, rank\u0173 darbo, dovan\u0173 sau ir artimiesiems.","publisher":{"@id":"https:\/\/skaitytaknyga.lt\/#organization"},"potentialAction":[{"@type":"SearchAction","target":{"@type":"EntryPoint","urlTemplate":"https:\/\/skaitytaknyga.lt\/?s={search_term_string}"},"query-input":{"@type":"PropertyValueSpecification","valueRequired":true,"valueName":"search_term_string"}}],"inLanguage":"en-GB"},{"@type":"Organization","@id":"https:\/\/skaitytaknyga.lt\/#organization","name":"skaitytaknyga.lt","url":"https:\/\/skaitytaknyga.lt\/","logo":{"@type":"ImageObject","inLanguage":"en-GB","@id":"https:\/\/skaitytaknyga.lt\/#\/schema\/logo\/image\/","url":"https:\/\/skaitytaknyga.lt\/wp-content\/uploads\/2024\/05\/cropped-cropped-cropped-02_00843_jt3bggkj1j3HLc7SyY6rEUpg.jpeg","contentUrl":"https:\/\/skaitytaknyga.lt\/wp-content\/uploads\/2024\/05\/cropped-cropped-cropped-02_00843_jt3bggkj1j3HLc7SyY6rEUpg.jpeg","width":1600,"height":1600,"caption":"skaitytaknyga.lt"},"image":{"@id":"https:\/\/skaitytaknyga.lt\/#\/schema\/logo\/image\/"},"sameAs":["https:\/\/www.facebook.com\/skaitytaknyga\/"]}]}},"_links":{"self":[{"href":"https:\/\/skaitytaknyga.lt\/en\/wp-json\/wp\/v2\/product\/20729","targetHints":{"allow":["GET"]}}],"collection":[{"href":"https:\/\/skaitytaknyga.lt\/en\/wp-json\/wp\/v2\/product"}],"about":[{"href":"https:\/\/skaitytaknyga.lt\/en\/wp-json\/wp\/v2\/types\/product"}],"replies":[{"embeddable":true,"href":"https:\/\/skaitytaknyga.lt\/en\/wp-json\/wp\/v2\/comments?post=20729"}],"wp:featuredmedia":[{"embeddable":true,"href":"https:\/\/skaitytaknyga.lt\/en\/wp-json\/wp\/v2\/media\/20735"}],"wp:attachment":[{"href":"https:\/\/skaitytaknyga.lt\/en\/wp-json\/wp\/v2\/media?parent=20729"}],"wp:term":[{"taxonomy":"product_brand","embeddable":true,"href":"https:\/\/skaitytaknyga.lt\/en\/wp-json\/wp\/v2\/product_brand?post=20729"},{"taxonomy":"product_cat","embeddable":true,"href":"https:\/\/skaitytaknyga.lt\/en\/wp-json\/wp\/v2\/product_cat?post=20729"},{"taxonomy":"product_tag","embeddable":true,"href":"https:\/\/skaitytaknyga.lt\/en\/wp-json\/wp\/v2\/product_tag?post=20729"}],"curies":[{"name":"wp","href":"https:\/\/api.w.org\/{rel}","templated":true}]}}