{"id":20723,"date":"2025-09-12T10:52:36","date_gmt":"2025-09-12T07:52:36","guid":{"rendered":"https:\/\/skaitytaknyga.lt\/?post_type=product&#038;p=20723"},"modified":"2026-03-17T11:49:04","modified_gmt":"2026-03-17T09:49:04","slug":"amerikos-purvas-pagelte-lapai","status":"publish","type":"product","link":"https:\/\/skaitytaknyga.lt\/en\/produktas\/amerikos-purvas-pagelte-lapai\/","title":{"rendered":"Amerikos purvas (pagelt\u0119 lapai)"},"content":{"rendered":"<p>Amerikie\u010di\u0173 autor\u0117s Jeanine Cummins romanas \u201eAmerikos purvas\u201c pasakoja apie motin\u0105 su vaiku, bandan\u010dius pab\u0117gti i\u0161 Meksikos ir pasiekti JAV. J\u0173 saugus gyvenimas sugriuvo susid\u016brus su narkotik\u0173 kartelio vadeiva. Istorija apie niekada nebl\u0117stan\u010di\u0105 vilt\u012f i\u0161 karto sulauk\u0117 didelio populiarumo ir buvo paskelbta geriausia \u201eAmazon\u201c knyga 2020-\u0173j\u0173 saus\u012f.<\/p>\n<p>Vakar Lidija buvo ma\u017eo ir jaukaus knygyno savinink\u0117.<br \/>\nVakar Lidija buvo i\u0161tek\u0117jusi u\u017e nuostabaus vyro.<br \/>\nVakar Lidija buvo kartu su tais, kuriuos myli.<\/p>\n<p>\u0160iandien a\u0161tuoneri\u0173 met\u0173 s\u016bnelis Luka yra vienintelis jai lik\u0119s turtas.<\/p>\n<p>Tai d\u0117l jo Lidija ne\u0161iojasi pasl\u0117pt\u0105 ma\u010det\u0119.<br \/>\nTai d\u0117l jo Lidija pasirengusi keliauti ant greitojo traukinio stogo.<br \/>\nTai d\u0117l jo Lidija ras j\u0117g\u0173 pab\u0117gti.<\/p>\n<p>\u201eAmerikos purvas\u201c prasideda kraupiomis \u017eudyn\u0117mis Akapulke, Meksikoje. Kartu su s\u016bneliu pasisl\u0117pusi knygyno savinink\u0117 Lidija klausosi, kaip samdyti narkotik\u0173 kartelio \u017eudikai j\u0173 ie\u0161ko. Galiausiai nusikalt\u0117liai pasitraukia palik\u0119 \u0161e\u0161iolika nekalt\u0173 auk\u0173.<\/p>\n<p>Dabar moteris bei vaikas yra priversti b\u0117gti i\u0161 \u0161alies, nes itin galingas vyras j\u0173 ie\u0161ko ir yra pasiry\u017e\u0119s u\u017ebaigti prad\u0117tas \u017eudynes. O juk Chavjeras ka\u017ekada buvo Lidijos klientas ir draugas. Jie kalb\u0117davosi apie mylimiausias knygas, u\u017emezg\u0117 ry\u0161\u012f. Atrod\u0117, kad gyvenime viskas gerai, kol vien\u0105 dien\u0105 Lidijos vyras \u017eurnalistas Sebastjanas paskelb\u0117 demaskuojant\u012f straipsn\u012f apie Chavjer\u0105 \u2013 naujo narkotik\u0173 kartelio, agresyviai ple\u010dian\u010dio \u012ftak\u0105 mieste, vadeiv\u0105. Diena, kai straipsnis buvo i\u0161spausdintas, pakeit\u0117 \u0161eimos gyvenim\u0105. Lidijos \u0161eima i\u0161\u017eudyta, o moteris neturi laiko ged\u0117ti. \u010cia prasideda jos ir s\u016bnaus kelion\u0117 Jungtini\u0173 Amerikos Valstij\u0173 link. Tik ten jie tikisi pasisl\u0117pti nuo Chavjero smogik\u0173.<\/p>\n<p>Lidija ir Luka lenktyniauja su laiku, vald\u017eia ir \u017eudikais vienu metu. Veik\u0117j\u0173 patiriami sunkumai privers skaitytojus sulaikyti kvap\u0105. Per \u0161i\u0105 kelion\u0119 jie sl\u0117p\u0117si, miegojo skirtingose vietose, b\u0117go nuo pavojing\u0173 \u017emoni\u0173, \u0161oko \u012f traukinius, k\u0117l\u0117 pavoj\u0173 savo gyvyb\u0117ms ir sutiko labai skirting\u0173 pakeleivi\u0173, kurie dalijosi savo gyvenimo istorijomis. Visi jie nuo ka\u017eko b\u0117ga, bet i\u0161lieka vienas vienintelis klausimas \u2013 kur nub\u0117gs ir k\u0105 ten ras.<\/p>\n","protected":false},"excerpt":{"rendered":"<p>Amerikie\u010di\u0173 autor\u0117s Jeanine Cummins romanas \u201eAmerikos purvas\u201c pasakoja apie motin\u0105 su vaiku, bandan\u010dius pab\u0117gti i\u0161 Meksikos ir pasiekti JAV. J\u0173 saugus gyvenimas sugriuvo susid\u016brus su narkotik\u0173 kartelio vadeiva. Istorija apie niekada nebl\u0117stan\u010di\u0105 vilt\u012f i\u0161 karto sulauk\u0117 didelio populiarumo ir buvo paskelbta geriausia \u201eAmazon\u201c knyga 2020-\u0173j\u0173 saus\u012f. Vakar Lidija buvo ma\u017eo ir jaukaus knygyno savinink\u0117. Vakar Lidija buvo i\u0161tek\u0117jusi u\u017e nuostabaus vyro. Vakar Lidija buvo kartu su tais, kuriuos myli. \u0160iandien a\u0161tuoneri\u0173 met\u0173 s\u016bnelis Luka yra vienintelis jai lik\u0119s turtas. Tai d\u0117l jo Lidija ne\u0161iojasi pasl\u0117pt\u0105 ma\u010det\u0119. Tai d\u0117l jo Lidija pasirengusi keliauti ant greitojo traukinio stogo. Tai d\u0117l jo Lidija ras j\u0117g\u0173 pab\u0117gti. \u201eAmerikos purvas\u201c prasideda kraupiomis \u017eudyn\u0117mis Akapulke, Meksikoje. Kartu su s\u016bneliu pasisl\u0117pusi knygyno savinink\u0117 Lidija klausosi, kaip samdyti narkotik\u0173 kartelio \u017eudikai j\u0173 ie\u0161ko. Galiausiai nusikalt\u0117liai pasitraukia palik\u0119 \u0161e\u0161iolika nekalt\u0173 auk\u0173. Dabar moteris bei vaikas yra priversti b\u0117gti i\u0161 \u0161alies, nes itin galingas vyras j\u0173 ie\u0161ko ir yra pasiry\u017e\u0119s u\u017ebaigti prad\u0117tas \u017eudynes. O juk Chavjeras ka\u017ekada buvo Lidijos klientas ir draugas. Jie kalb\u0117davosi apie mylimiausias knygas, u\u017emezg\u0117 ry\u0161\u012f. Atrod\u0117, kad gyvenime viskas gerai, kol vien\u0105 dien\u0105 Lidijos vyras \u017eurnalistas Sebastjanas paskelb\u0117 demaskuojant\u012f straipsn\u012f apie Chavjer\u0105 \u2013 naujo narkotik\u0173 kartelio, agresyviai ple\u010dian\u010dio \u012ftak\u0105 mieste, vadeiv\u0105. Diena, kai straipsnis buvo i\u0161spausdintas, pakeit\u0117 \u0161eimos gyvenim\u0105. Lidijos \u0161eima i\u0161\u017eudyta, o moteris neturi laiko ged\u0117ti. \u010cia prasideda jos ir s\u016bnaus kelion\u0117 Jungtini\u0173 Amerikos Valstij\u0173 link. Tik ten jie tikisi pasisl\u0117pti nuo Chavjero smogik\u0173. Lidija ir Luka lenktyniauja su laiku, vald\u017eia ir \u017eudikais vienu metu. Veik\u0117j\u0173 patiriami sunkumai privers skaitytojus sulaikyti kvap\u0105. Per \u0161i\u0105 kelion\u0119 jie sl\u0117p\u0117si, miegojo skirtingose vietose, b\u0117go nuo pavojing\u0173 \u017emoni\u0173, \u0161oko \u012f traukinius, k\u0117l\u0117 pavoj\u0173 savo gyvyb\u0117ms ir sutiko labai skirting\u0173 pakeleivi\u0173, kurie dalijosi savo gyvenimo istorijomis. Visi jie nuo ka\u017eko b\u0117ga, bet i\u0161lieka vienas vienintelis klausimas \u2013 kur nub\u0117gs ir k\u0105 ten ras.<\/p>\n","protected":false},"featured_media":20728,"comment_status":"open","ping_status":"closed","template":"","meta":{"_acf_changed":false,"site-sidebar-layout":"default","site-content-layout":"","ast-site-content-layout":"default","site-content-style":"default","site-sidebar-style":"default","ast-global-header-display":"","ast-banner-title-visibility":"","ast-main-header-display":"","ast-hfb-above-header-display":"","ast-hfb-below-header-display":"","ast-hfb-mobile-header-display":"","site-post-title":"","ast-breadcrumbs-content":"","ast-featured-img":"","footer-sml-layout":"","ast-disable-related-posts":"","theme-transparent-header-meta":"","adv-header-id-meta":"","stick-header-meta":"","header-above-stick-meta":"","header-main-stick-meta":"","header-below-stick-meta":"","astra-migrate-meta-layouts":"default","ast-page-background-enabled":"default","ast-page-background-meta":{"desktop":{"background-color":"","background-image":"","background-repeat":"repeat","background-position":"center center","background-size":"auto","background-attachment":"scroll","background-type":"","background-media":"","overlay-type":"","overlay-color":"","overlay-opacity":"","overlay-gradient":""},"tablet":{"background-color":"","background-image":"","background-repeat":"repeat","background-position":"center center","background-size":"auto","background-attachment":"scroll","background-type":"","background-media":"","overlay-type":"","overlay-color":"","overlay-opacity":"","overlay-gradient":""},"mobile":{"background-color":"","background-image":"","background-repeat":"repeat","background-position":"center center","background-size":"auto","background-attachment":"scroll","background-type":"","background-media":"","overlay-type":"","overlay-color":"","overlay-opacity":"","overlay-gradient":""}},"ast-content-background-meta":{"desktop":{"background-color":"var(--ast-global-color-4)","background-image":"","background-repeat":"repeat","background-position":"center center","background-size":"auto","background-attachment":"scroll","background-type":"","background-media":"","overlay-type":"","overlay-color":"","overlay-opacity":"","overlay-gradient":""},"tablet":{"background-color":"var(--ast-global-color-4)","background-image":"","background-repeat":"repeat","background-position":"center center","background-size":"auto","background-attachment":"scroll","background-type":"","background-media":"","overlay-type":"","overlay-color":"","overlay-opacity":"","overlay-gradient":""},"mobile":{"background-color":"var(--ast-global-color-4)","background-image":"","background-repeat":"repeat","background-position":"center center","background-size":"auto","background-attachment":"scroll","background-type":"","background-media":"","overlay-type":"","overlay-color":"","overlay-opacity":"","overlay-gradient":""}}},"product_brand":[],"product_cat":[9734],"product_tag":[8829,8827,8632,8828,1838,1745,1587],"class_list":{"0":"post-20723","1":"product","2":"type-product","3":"status-publish","4":"has-post-thumbnail","6":"product_cat-romanai","7":"product_tag-amerikieciu-autore","8":"product_tag-jeanine-cummins","9":"product_tag-meksika","10":"product_tag-motina-ir-sunus","11":"product_tag-pabegeliai","12":"product_tag-romanas","13":"product_tag-trileris","14":"desktop-align-left","15":"tablet-align-left","16":"mobile-align-left","18":"first","19":"instock","20":"shipping-taxable","21":"purchasable","22":"product-type-simple"},"acf":[],"yoast_head":"<!-- This site is optimized with the Yoast SEO plugin v27.0 - https:\/\/yoast.com\/product\/yoast-seo-wordpress\/ -->\n<title>Amerikos purvas (pagelt\u0119 lapai)<\/title>\n<meta name=\"description\" content=\"Amerikie\u010di\u0173 autor\u0117s Jeanine Cummins romanas \u201eAmerikos purvas\u201c pasakoja apie motin\u0105 su vaiku, bandan\u010dius pab\u0117gti i\u0161 Meksikos ir pasiekti JAV. J\u0173 saugus\" \/>\n<meta name=\"robots\" content=\"index, follow, max-snippet:-1, max-image-preview:large, max-video-preview:-1\" \/>\n<link rel=\"canonical\" href=\"https:\/\/skaitytaknyga.lt\/en\/produktas\/amerikos-purvas-pagelte-lapai\/\" \/>\n<meta property=\"og:locale\" content=\"en_GB\" \/>\n<meta property=\"og:locale:alternate\" content=\"lt_LT\" \/>\n<meta property=\"og:type\" content=\"article\" \/>\n<meta property=\"og:title\" content=\"Amerikos purvas (pagelt\u0119 lapai)\" \/>\n<meta property=\"og:description\" content=\"Amerikie\u010di\u0173 autor\u0117s Jeanine Cummins romanas \u201eAmerikos purvas\u201c pasakoja apie motin\u0105 su vaiku, bandan\u010dius pab\u0117gti i\u0161 Meksikos ir pasiekti JAV. J\u0173 saugus\" \/>\n<meta property=\"og:url\" content=\"https:\/\/skaitytaknyga.lt\/en\/produktas\/amerikos-purvas-pagelte-lapai\/\" \/>\n<meta property=\"og:site_name\" content=\"Skaitytaknyga\" \/>\n<meta property=\"article:publisher\" content=\"https:\/\/www.facebook.com\/skaitytaknyga\/\" \/>\n<meta property=\"article:modified_time\" content=\"2026-03-17T09:49:04+00:00\" \/>\n<meta property=\"og:image\" content=\"https:\/\/skaitytaknyga.lt\/wp-content\/uploads\/2025\/09\/Amerikos-purvas.webp\" \/>\n\t<meta property=\"og:image:width\" content=\"300\" \/>\n\t<meta property=\"og:image:height\" content=\"443\" \/>\n\t<meta property=\"og:image:type\" content=\"image\/webp\" \/>\n<meta name=\"twitter:card\" content=\"summary_large_image\" \/>\n<meta name=\"twitter:label1\" content=\"Estimated reading time\" \/>\n\t<meta name=\"twitter:data1\" content=\"2 minutes\" \/>\n<script type=\"application\/ld+json\" class=\"yoast-schema-graph\">{\"@context\":\"https:\/\/schema.org\",\"@graph\":[{\"@type\":\"WebPage\",\"@id\":\"https:\/\/skaitytaknyga.lt\/produktas\/amerikos-purvas-pagelte-lapai\/\",\"url\":\"https:\/\/skaitytaknyga.lt\/produktas\/amerikos-purvas-pagelte-lapai\/\",\"name\":\"Amerikos purvas (pagelt\u0119 lapai)\",\"isPartOf\":{\"@id\":\"https:\/\/skaitytaknyga.lt\/#website\"},\"primaryImageOfPage\":{\"@id\":\"https:\/\/skaitytaknyga.lt\/produktas\/amerikos-purvas-pagelte-lapai\/#primaryimage\"},\"image\":{\"@id\":\"https:\/\/skaitytaknyga.lt\/produktas\/amerikos-purvas-pagelte-lapai\/#primaryimage\"},\"thumbnailUrl\":\"https:\/\/skaitytaknyga.lt\/wp-content\/uploads\/2025\/09\/Amerikos-purvas.webp\",\"datePublished\":\"2025-09-12T07:52:36+00:00\",\"dateModified\":\"2026-03-17T09:49:04+00:00\",\"description\":\"Amerikie\u010di\u0173 autor\u0117s Jeanine Cummins romanas \u201eAmerikos purvas\u201c pasakoja apie motin\u0105 su vaiku, bandan\u010dius pab\u0117gti i\u0161 Meksikos ir pasiekti JAV. J\u0173 saugus\",\"breadcrumb\":{\"@id\":\"https:\/\/skaitytaknyga.lt\/produktas\/amerikos-purvas-pagelte-lapai\/#breadcrumb\"},\"inLanguage\":\"en-GB\",\"potentialAction\":[{\"@type\":\"ReadAction\",\"target\":[\"https:\/\/skaitytaknyga.lt\/produktas\/amerikos-purvas-pagelte-lapai\/\"]}]},{\"@type\":\"ImageObject\",\"inLanguage\":\"en-GB\",\"@id\":\"https:\/\/skaitytaknyga.lt\/produktas\/amerikos-purvas-pagelte-lapai\/#primaryimage\",\"url\":\"https:\/\/skaitytaknyga.lt\/wp-content\/uploads\/2025\/09\/Amerikos-purvas.webp\",\"contentUrl\":\"https:\/\/skaitytaknyga.lt\/wp-content\/uploads\/2025\/09\/Amerikos-purvas.webp\",\"width\":300,\"height\":443,\"caption\":\"Amerikos purvas\"},{\"@type\":\"BreadcrumbList\",\"@id\":\"https:\/\/skaitytaknyga.lt\/produktas\/amerikos-purvas-pagelte-lapai\/#breadcrumb\",\"itemListElement\":[{\"@type\":\"ListItem\",\"position\":1,\"name\":\"Home\",\"item\":\"https:\/\/skaitytaknyga.lt\/\"},{\"@type\":\"ListItem\",\"position\":2,\"name\":\"Parduotuv\u0117\",\"item\":\"https:\/\/skaitytaknyga.lt\/knygu-parduotuve\/\"},{\"@type\":\"ListItem\",\"position\":3,\"name\":\"Amerikos purvas (pagelt\u0119 lapai)\"}]},{\"@type\":\"WebSite\",\"@id\":\"https:\/\/skaitytaknyga.lt\/#website\",\"url\":\"https:\/\/skaitytaknyga.lt\/\",\"name\":\"skaitytaknyga.lt\",\"description\":\"Skaitytaknyga.lt \u2013 tai ma\u017eas \u0161eimos verslas, kuris prasid\u0117jo nuo meil\u0117s knygoms ir siekio i\u0161gelb\u0117ti knygas nuo likimo prie konteinerio. Kas vienam nereikalingas daiktas \u2013 kitam lobis, o mes esame tarpininkai, kurie padeda abiems tapti laimingesniems ???? \u017dinome kaip nelengva i\u0161gyventi ma\u017eiems verslams, tad nuo \u0161iol, \u010dia rasite ir kit\u0173, ma\u017e\u0173 \u0161eim\u0173 versl\u0173, rank\u0173 darbo, dovan\u0173 sau ir artimiesiems.\",\"publisher\":{\"@id\":\"https:\/\/skaitytaknyga.lt\/#organization\"},\"potentialAction\":[{\"@type\":\"SearchAction\",\"target\":{\"@type\":\"EntryPoint\",\"urlTemplate\":\"https:\/\/skaitytaknyga.lt\/?s={search_term_string}\"},\"query-input\":{\"@type\":\"PropertyValueSpecification\",\"valueRequired\":true,\"valueName\":\"search_term_string\"}}],\"inLanguage\":\"en-GB\"},{\"@type\":\"Organization\",\"@id\":\"https:\/\/skaitytaknyga.lt\/#organization\",\"name\":\"skaitytaknyga.lt\",\"url\":\"https:\/\/skaitytaknyga.lt\/\",\"logo\":{\"@type\":\"ImageObject\",\"inLanguage\":\"en-GB\",\"@id\":\"https:\/\/skaitytaknyga.lt\/#\/schema\/logo\/image\/\",\"url\":\"https:\/\/skaitytaknyga.lt\/wp-content\/uploads\/2024\/05\/cropped-cropped-cropped-02_00843_jt3bggkj1j3HLc7SyY6rEUpg.jpeg\",\"contentUrl\":\"https:\/\/skaitytaknyga.lt\/wp-content\/uploads\/2024\/05\/cropped-cropped-cropped-02_00843_jt3bggkj1j3HLc7SyY6rEUpg.jpeg\",\"width\":1600,\"height\":1600,\"caption\":\"skaitytaknyga.lt\"},\"image\":{\"@id\":\"https:\/\/skaitytaknyga.lt\/#\/schema\/logo\/image\/\"},\"sameAs\":[\"https:\/\/www.facebook.com\/skaitytaknyga\/\"]}]}<\/script>\n<!-- \/ Yoast SEO plugin. -->","yoast_head_json":{"title":"Amerikos purvas (pagelt\u0119 lapai)","description":"Amerikie\u010di\u0173 autor\u0117s Jeanine Cummins romanas \u201eAmerikos purvas\u201c pasakoja apie motin\u0105 su vaiku, bandan\u010dius pab\u0117gti i\u0161 Meksikos ir pasiekti JAV. J\u0173 saugus","robots":{"index":"index","follow":"follow","max-snippet":"max-snippet:-1","max-image-preview":"max-image-preview:large","max-video-preview":"max-video-preview:-1"},"canonical":"https:\/\/skaitytaknyga.lt\/en\/produktas\/amerikos-purvas-pagelte-lapai\/","og_locale":"en_GB","og_type":"article","og_title":"[:lt]Amerikos purvas (pagelt\u0119 lapai)[:] - Skaitytaknyga","og_description":"Amerikie\u010di\u0173 autor\u0117s Jeanine Cummins romanas \u201eAmerikos purvas\u201c pasakoja apie motin\u0105 su vaiku, bandan\u010dius pab\u0117gti i\u0161 Meksikos ir pasiekti JAV. J\u0173 saugus","og_url":"https:\/\/skaitytaknyga.lt\/en\/produktas\/amerikos-purvas-pagelte-lapai\/","og_site_name":"Skaitytaknyga","article_publisher":"https:\/\/www.facebook.com\/skaitytaknyga\/","article_modified_time":"2026-03-17T09:49:04+00:00","og_image":[{"width":300,"height":443,"url":"https:\/\/skaitytaknyga.lt\/wp-content\/uploads\/2025\/09\/Amerikos-purvas.webp","type":"image\/webp"}],"twitter_card":"summary_large_image","twitter_misc":{"Estimated reading time":"2 minutes"},"schema":{"@context":"https:\/\/schema.org","@graph":[{"@type":"WebPage","@id":"https:\/\/skaitytaknyga.lt\/produktas\/amerikos-purvas-pagelte-lapai\/","url":"https:\/\/skaitytaknyga.lt\/produktas\/amerikos-purvas-pagelte-lapai\/","name":"Amerikos purvas (pagelt\u0119 lapai)","isPartOf":{"@id":"https:\/\/skaitytaknyga.lt\/#website"},"primaryImageOfPage":{"@id":"https:\/\/skaitytaknyga.lt\/produktas\/amerikos-purvas-pagelte-lapai\/#primaryimage"},"image":{"@id":"https:\/\/skaitytaknyga.lt\/produktas\/amerikos-purvas-pagelte-lapai\/#primaryimage"},"thumbnailUrl":"https:\/\/skaitytaknyga.lt\/wp-content\/uploads\/2025\/09\/Amerikos-purvas.webp","datePublished":"2025-09-12T07:52:36+00:00","dateModified":"2026-03-17T09:49:04+00:00","description":"Amerikie\u010di\u0173 autor\u0117s Jeanine Cummins romanas \u201eAmerikos purvas\u201c pasakoja apie motin\u0105 su vaiku, bandan\u010dius pab\u0117gti i\u0161 Meksikos ir pasiekti JAV. J\u0173 saugus","breadcrumb":{"@id":"https:\/\/skaitytaknyga.lt\/produktas\/amerikos-purvas-pagelte-lapai\/#breadcrumb"},"inLanguage":"en-GB","potentialAction":[{"@type":"ReadAction","target":["https:\/\/skaitytaknyga.lt\/produktas\/amerikos-purvas-pagelte-lapai\/"]}]},{"@type":"ImageObject","inLanguage":"en-GB","@id":"https:\/\/skaitytaknyga.lt\/produktas\/amerikos-purvas-pagelte-lapai\/#primaryimage","url":"https:\/\/skaitytaknyga.lt\/wp-content\/uploads\/2025\/09\/Amerikos-purvas.webp","contentUrl":"https:\/\/skaitytaknyga.lt\/wp-content\/uploads\/2025\/09\/Amerikos-purvas.webp","width":300,"height":443,"caption":"Amerikos purvas"},{"@type":"BreadcrumbList","@id":"https:\/\/skaitytaknyga.lt\/produktas\/amerikos-purvas-pagelte-lapai\/#breadcrumb","itemListElement":[{"@type":"ListItem","position":1,"name":"Home","item":"https:\/\/skaitytaknyga.lt\/"},{"@type":"ListItem","position":2,"name":"Parduotuv\u0117","item":"https:\/\/skaitytaknyga.lt\/knygu-parduotuve\/"},{"@type":"ListItem","position":3,"name":"Amerikos purvas (pagelt\u0119 lapai)"}]},{"@type":"WebSite","@id":"https:\/\/skaitytaknyga.lt\/#website","url":"https:\/\/skaitytaknyga.lt\/","name":"skaitytaknyga.lt","description":"Skaitytaknyga.lt \u2013 tai ma\u017eas \u0161eimos verslas, kuris prasid\u0117jo nuo meil\u0117s knygoms ir siekio i\u0161gelb\u0117ti knygas nuo likimo prie konteinerio. Kas vienam nereikalingas daiktas \u2013 kitam lobis, o mes esame tarpininkai, kurie padeda abiems tapti laimingesniems ???? \u017dinome kaip nelengva i\u0161gyventi ma\u017eiems verslams, tad nuo \u0161iol, \u010dia rasite ir kit\u0173, ma\u017e\u0173 \u0161eim\u0173 versl\u0173, rank\u0173 darbo, dovan\u0173 sau ir artimiesiems.","publisher":{"@id":"https:\/\/skaitytaknyga.lt\/#organization"},"potentialAction":[{"@type":"SearchAction","target":{"@type":"EntryPoint","urlTemplate":"https:\/\/skaitytaknyga.lt\/?s={search_term_string}"},"query-input":{"@type":"PropertyValueSpecification","valueRequired":true,"valueName":"search_term_string"}}],"inLanguage":"en-GB"},{"@type":"Organization","@id":"https:\/\/skaitytaknyga.lt\/#organization","name":"skaitytaknyga.lt","url":"https:\/\/skaitytaknyga.lt\/","logo":{"@type":"ImageObject","inLanguage":"en-GB","@id":"https:\/\/skaitytaknyga.lt\/#\/schema\/logo\/image\/","url":"https:\/\/skaitytaknyga.lt\/wp-content\/uploads\/2024\/05\/cropped-cropped-cropped-02_00843_jt3bggkj1j3HLc7SyY6rEUpg.jpeg","contentUrl":"https:\/\/skaitytaknyga.lt\/wp-content\/uploads\/2024\/05\/cropped-cropped-cropped-02_00843_jt3bggkj1j3HLc7SyY6rEUpg.jpeg","width":1600,"height":1600,"caption":"skaitytaknyga.lt"},"image":{"@id":"https:\/\/skaitytaknyga.lt\/#\/schema\/logo\/image\/"},"sameAs":["https:\/\/www.facebook.com\/skaitytaknyga\/"]}]}},"_links":{"self":[{"href":"https:\/\/skaitytaknyga.lt\/en\/wp-json\/wp\/v2\/product\/20723","targetHints":{"allow":["GET"]}}],"collection":[{"href":"https:\/\/skaitytaknyga.lt\/en\/wp-json\/wp\/v2\/product"}],"about":[{"href":"https:\/\/skaitytaknyga.lt\/en\/wp-json\/wp\/v2\/types\/product"}],"replies":[{"embeddable":true,"href":"https:\/\/skaitytaknyga.lt\/en\/wp-json\/wp\/v2\/comments?post=20723"}],"wp:featuredmedia":[{"embeddable":true,"href":"https:\/\/skaitytaknyga.lt\/en\/wp-json\/wp\/v2\/media\/20728"}],"wp:attachment":[{"href":"https:\/\/skaitytaknyga.lt\/en\/wp-json\/wp\/v2\/media?parent=20723"}],"wp:term":[{"taxonomy":"product_brand","embeddable":true,"href":"https:\/\/skaitytaknyga.lt\/en\/wp-json\/wp\/v2\/product_brand?post=20723"},{"taxonomy":"product_cat","embeddable":true,"href":"https:\/\/skaitytaknyga.lt\/en\/wp-json\/wp\/v2\/product_cat?post=20723"},{"taxonomy":"product_tag","embeddable":true,"href":"https:\/\/skaitytaknyga.lt\/en\/wp-json\/wp\/v2\/product_tag?post=20723"}],"curies":[{"name":"wp","href":"https:\/\/api.w.org\/{rel}","templated":true}]}}