{"id":20722,"date":"2025-09-12T10:52:36","date_gmt":"2025-09-12T07:52:36","guid":{"rendered":"https:\/\/skaitytaknyga.lt\/?post_type=product&#038;p=20722"},"modified":"2025-10-06T13:22:30","modified_gmt":"2025-10-06T10:22:30","slug":"ar-cia-kas-nors-yra","status":"publish","type":"product","link":"https:\/\/skaitytaknyga.lt\/en\/produktas\/ar-cia-kas-nors-yra\/","title":{"rendered":"Ar \u010dia kas nors yra"},"content":{"rendered":"<p>\u201eAr \u010dia kas nors yra?&#8221; \u2013 tai dokumentinis tyrimas mokslo ir dvasingumo, mistini\u0173 rei\u0161kini\u0173 tema. Knyga sudaryta i\u0161 trij\u0173 dali\u0173: pirmoji \u2013 autorei papasakotos autenti\u0161kos mistin\u0117s patirtys; antroji \u2013 haliucinogen\u0173 su\u017eadint\u0173 psichikos b\u016bsen\u0173 potyriai, kuriais pasidalino \u0161i\u0173 patir\u010di\u0173 ie\u0161kantys ir pakomentavo psichiatras, psichologas, toksikologas; tre\u010dioji \u2013 pa\u0161nekesiai su mokslininkais, gydytojais, psichologais, astrologais, socialiai aktyviais \u017emon\u0117mis apie mistines patirtis, smegenis ir mirties paradoksus.<\/p>\n<p>\u201eAr \u010dia kas nors yra?&#8221; yra a\u0161tuntoji Evos Tombak, buvusios \u017eurnal\u0173 \u201eIeva&#8221; ir \u201eCosmopolitan&#8221; leid\u0117jos ir redaktor\u0117s, knyga.<\/p>\n","protected":false},"excerpt":{"rendered":"<p>\u201eAr \u010dia kas nors yra?&#8221; \u2013 tai dokumentinis tyrimas mokslo ir dvasingumo, mistini\u0173 rei\u0161kini\u0173 tema. Knyga sudaryta i\u0161 trij\u0173 dali\u0173: pirmoji \u2013 autorei papasakotos autenti\u0161kos mistin\u0117s patirtys; antroji \u2013 haliucinogen\u0173 su\u017eadint\u0173 psichikos b\u016bsen\u0173 potyriai, kuriais pasidalino \u0161i\u0173 patir\u010di\u0173 ie\u0161kantys ir pakomentavo psichiatras, psichologas, toksikologas; tre\u010dioji \u2013 pa\u0161nekesiai su mokslininkais, gydytojais, psichologais, astrologais, socialiai aktyviais \u017emon\u0117mis apie mistines patirtis, smegenis ir mirties paradoksus. \u201eAr \u010dia kas nors yra?&#8221; yra a\u0161tuntoji Evos Tombak, buvusios \u017eurnal\u0173 \u201eIeva&#8221; ir \u201eCosmopolitan&#8221; leid\u0117jos ir redaktor\u0117s, knyga.<\/p>\n","protected":false},"featured_media":20727,"comment_status":"open","ping_status":"closed","template":"","meta":{"_acf_changed":false,"site-sidebar-layout":"default","site-content-layout":"","ast-site-content-layout":"default","site-content-style":"default","site-sidebar-style":"default","ast-global-header-display":"","ast-banner-title-visibility":"","ast-main-header-display":"","ast-hfb-above-header-display":"","ast-hfb-below-header-display":"","ast-hfb-mobile-header-display":"","site-post-title":"","ast-breadcrumbs-content":"","ast-featured-img":"","footer-sml-layout":"","ast-disable-related-posts":"","theme-transparent-header-meta":"","adv-header-id-meta":"","stick-header-meta":"","header-above-stick-meta":"","header-main-stick-meta":"","header-below-stick-meta":"","astra-migrate-meta-layouts":"default","ast-page-background-enabled":"default","ast-page-background-meta":{"desktop":{"background-color":"","background-image":"","background-repeat":"repeat","background-position":"center center","background-size":"auto","background-attachment":"scroll","background-type":"","background-media":"","overlay-type":"","overlay-color":"","overlay-opacity":"","overlay-gradient":""},"tablet":{"background-color":"","background-image":"","background-repeat":"repeat","background-position":"center center","background-size":"auto","background-attachment":"scroll","background-type":"","background-media":"","overlay-type":"","overlay-color":"","overlay-opacity":"","overlay-gradient":""},"mobile":{"background-color":"","background-image":"","background-repeat":"repeat","background-position":"center center","background-size":"auto","background-attachment":"scroll","background-type":"","background-media":"","overlay-type":"","overlay-color":"","overlay-opacity":"","overlay-gradient":""}},"ast-content-background-meta":{"desktop":{"background-color":"var(--ast-global-color-4)","background-image":"","background-repeat":"repeat","background-position":"center center","background-size":"auto","background-attachment":"scroll","background-type":"","background-media":"","overlay-type":"","overlay-color":"","overlay-opacity":"","overlay-gradient":""},"tablet":{"background-color":"var(--ast-global-color-4)","background-image":"","background-repeat":"repeat","background-position":"center center","background-size":"auto","background-attachment":"scroll","background-type":"","background-media":"","overlay-type":"","overlay-color":"","overlay-opacity":"","overlay-gradient":""},"mobile":{"background-color":"var(--ast-global-color-4)","background-image":"","background-repeat":"repeat","background-position":"center center","background-size":"auto","background-attachment":"scroll","background-type":"","background-media":"","overlay-type":"","overlay-color":"","overlay-opacity":"","overlay-gradient":""}}},"product_brand":[],"product_cat":[31],"product_tag":[2229,3509,8825,5927,2944,8826,1392],"class_list":{"0":"post-20722","1":"product","2":"type-product","3":"status-publish","4":"has-post-thumbnail","6":"product_cat-grozine-literatura","7":"product_tag-dokumentika","8":"product_tag-dvasingumas","9":"product_tag-eva-tombak","10":"product_tag-lietuviu-autore","11":"product_tag-mistika","12":"product_tag-mokslas-ir-tikejimas","13":"product_tag-psichologija","14":"desktop-align-left","15":"tablet-align-left","16":"mobile-align-left","18":"first","19":"instock","20":"shipping-taxable","21":"purchasable","22":"product-type-simple"},"acf":[],"yoast_head":"<!-- This site is optimized with the Yoast SEO plugin v27.0 - https:\/\/yoast.com\/product\/yoast-seo-wordpress\/ -->\n<title>Ar \u010dia kas nors yra<\/title>\n<meta name=\"description\" content=\"\u201eAr \u010dia kas nors yra?&quot; \u2013 tai dokumentinis tyrimas mokslo ir dvasingumo, mistini\u0173 rei\u0161kini\u0173 tema. Knyga sudaryta i\u0161 trij\u0173 dali\u0173: pirmoji \u2013 autorei\" \/>\n<meta name=\"robots\" content=\"index, follow, max-snippet:-1, max-image-preview:large, max-video-preview:-1\" \/>\n<link rel=\"canonical\" href=\"https:\/\/skaitytaknyga.lt\/en\/produktas\/ar-cia-kas-nors-yra\/\" \/>\n<meta property=\"og:locale\" content=\"en_GB\" \/>\n<meta property=\"og:locale:alternate\" content=\"lt_LT\" \/>\n<meta property=\"og:type\" content=\"article\" \/>\n<meta property=\"og:title\" content=\"Ar \u010dia kas nors yra\" \/>\n<meta property=\"og:description\" content=\"\u201eAr \u010dia kas nors yra?&quot; \u2013 tai dokumentinis tyrimas mokslo ir dvasingumo, mistini\u0173 rei\u0161kini\u0173 tema. Knyga sudaryta i\u0161 trij\u0173 dali\u0173: pirmoji \u2013 autorei\" \/>\n<meta property=\"og:url\" content=\"https:\/\/skaitytaknyga.lt\/en\/produktas\/ar-cia-kas-nors-yra\/\" \/>\n<meta property=\"og:site_name\" content=\"Skaitytaknyga\" \/>\n<meta property=\"article:publisher\" content=\"https:\/\/www.facebook.com\/skaitytaknyga\/\" \/>\n<meta property=\"article:modified_time\" content=\"2025-10-06T10:22:30+00:00\" \/>\n<meta property=\"og:image\" content=\"https:\/\/skaitytaknyga.lt\/wp-content\/uploads\/2025\/09\/Ar-cia-kas-nors-yra-1.webp\" \/>\n\t<meta property=\"og:image:width\" content=\"300\" \/>\n\t<meta property=\"og:image:height\" content=\"446\" \/>\n\t<meta property=\"og:image:type\" content=\"image\/webp\" \/>\n<meta name=\"twitter:card\" content=\"summary_large_image\" \/>\n<script type=\"application\/ld+json\" class=\"yoast-schema-graph\">{\"@context\":\"https:\/\/schema.org\",\"@graph\":[{\"@type\":\"WebPage\",\"@id\":\"https:\/\/skaitytaknyga.lt\/produktas\/ar-cia-kas-nors-yra\/\",\"url\":\"https:\/\/skaitytaknyga.lt\/produktas\/ar-cia-kas-nors-yra\/\",\"name\":\"Ar \u010dia kas nors yra\",\"isPartOf\":{\"@id\":\"https:\/\/skaitytaknyga.lt\/#website\"},\"primaryImageOfPage\":{\"@id\":\"https:\/\/skaitytaknyga.lt\/produktas\/ar-cia-kas-nors-yra\/#primaryimage\"},\"image\":{\"@id\":\"https:\/\/skaitytaknyga.lt\/produktas\/ar-cia-kas-nors-yra\/#primaryimage\"},\"thumbnailUrl\":\"https:\/\/skaitytaknyga.lt\/wp-content\/uploads\/2025\/09\/Ar-cia-kas-nors-yra-1.webp\",\"datePublished\":\"2025-09-12T07:52:36+00:00\",\"dateModified\":\"2025-10-06T10:22:30+00:00\",\"description\":\"\u201eAr \u010dia kas nors yra?\\\" \u2013 tai dokumentinis tyrimas mokslo ir dvasingumo, mistini\u0173 rei\u0161kini\u0173 tema. Knyga sudaryta i\u0161 trij\u0173 dali\u0173: pirmoji \u2013 autorei\",\"breadcrumb\":{\"@id\":\"https:\/\/skaitytaknyga.lt\/produktas\/ar-cia-kas-nors-yra\/#breadcrumb\"},\"inLanguage\":\"en-GB\",\"potentialAction\":[{\"@type\":\"ReadAction\",\"target\":[\"https:\/\/skaitytaknyga.lt\/produktas\/ar-cia-kas-nors-yra\/\"]}]},{\"@type\":\"ImageObject\",\"inLanguage\":\"en-GB\",\"@id\":\"https:\/\/skaitytaknyga.lt\/produktas\/ar-cia-kas-nors-yra\/#primaryimage\",\"url\":\"https:\/\/skaitytaknyga.lt\/wp-content\/uploads\/2025\/09\/Ar-cia-kas-nors-yra-1.webp\",\"contentUrl\":\"https:\/\/skaitytaknyga.lt\/wp-content\/uploads\/2025\/09\/Ar-cia-kas-nors-yra-1.webp\",\"width\":300,\"height\":446,\"caption\":\"Ar \u010dia kas nors yra\"},{\"@type\":\"BreadcrumbList\",\"@id\":\"https:\/\/skaitytaknyga.lt\/produktas\/ar-cia-kas-nors-yra\/#breadcrumb\",\"itemListElement\":[{\"@type\":\"ListItem\",\"position\":1,\"name\":\"Home\",\"item\":\"https:\/\/skaitytaknyga.lt\/\"},{\"@type\":\"ListItem\",\"position\":2,\"name\":\"Parduotuv\u0117\",\"item\":\"https:\/\/skaitytaknyga.lt\/knygu-parduotuve\/\"},{\"@type\":\"ListItem\",\"position\":3,\"name\":\"Ar \u010dia kas nors yra\"}]},{\"@type\":\"WebSite\",\"@id\":\"https:\/\/skaitytaknyga.lt\/#website\",\"url\":\"https:\/\/skaitytaknyga.lt\/\",\"name\":\"skaitytaknyga.lt\",\"description\":\"Skaitytaknyga.lt \u2013 tai ma\u017eas \u0161eimos verslas, kuris prasid\u0117jo nuo meil\u0117s knygoms ir siekio i\u0161gelb\u0117ti knygas nuo likimo prie konteinerio. Kas vienam nereikalingas daiktas \u2013 kitam lobis, o mes esame tarpininkai, kurie padeda abiems tapti laimingesniems ???? \u017dinome kaip nelengva i\u0161gyventi ma\u017eiems verslams, tad nuo \u0161iol, \u010dia rasite ir kit\u0173, ma\u017e\u0173 \u0161eim\u0173 versl\u0173, rank\u0173 darbo, dovan\u0173 sau ir artimiesiems.\",\"publisher\":{\"@id\":\"https:\/\/skaitytaknyga.lt\/#organization\"},\"potentialAction\":[{\"@type\":\"SearchAction\",\"target\":{\"@type\":\"EntryPoint\",\"urlTemplate\":\"https:\/\/skaitytaknyga.lt\/?s={search_term_string}\"},\"query-input\":{\"@type\":\"PropertyValueSpecification\",\"valueRequired\":true,\"valueName\":\"search_term_string\"}}],\"inLanguage\":\"en-GB\"},{\"@type\":\"Organization\",\"@id\":\"https:\/\/skaitytaknyga.lt\/#organization\",\"name\":\"skaitytaknyga.lt\",\"url\":\"https:\/\/skaitytaknyga.lt\/\",\"logo\":{\"@type\":\"ImageObject\",\"inLanguage\":\"en-GB\",\"@id\":\"https:\/\/skaitytaknyga.lt\/#\/schema\/logo\/image\/\",\"url\":\"https:\/\/skaitytaknyga.lt\/wp-content\/uploads\/2024\/05\/cropped-cropped-cropped-02_00843_jt3bggkj1j3HLc7SyY6rEUpg.jpeg\",\"contentUrl\":\"https:\/\/skaitytaknyga.lt\/wp-content\/uploads\/2024\/05\/cropped-cropped-cropped-02_00843_jt3bggkj1j3HLc7SyY6rEUpg.jpeg\",\"width\":1600,\"height\":1600,\"caption\":\"skaitytaknyga.lt\"},\"image\":{\"@id\":\"https:\/\/skaitytaknyga.lt\/#\/schema\/logo\/image\/\"},\"sameAs\":[\"https:\/\/www.facebook.com\/skaitytaknyga\/\"]}]}<\/script>\n<!-- \/ Yoast SEO plugin. -->","yoast_head_json":{"title":"Ar \u010dia kas nors yra","description":"\u201eAr \u010dia kas nors yra?\" \u2013 tai dokumentinis tyrimas mokslo ir dvasingumo, mistini\u0173 rei\u0161kini\u0173 tema. Knyga sudaryta i\u0161 trij\u0173 dali\u0173: pirmoji \u2013 autorei","robots":{"index":"index","follow":"follow","max-snippet":"max-snippet:-1","max-image-preview":"max-image-preview:large","max-video-preview":"max-video-preview:-1"},"canonical":"https:\/\/skaitytaknyga.lt\/en\/produktas\/ar-cia-kas-nors-yra\/","og_locale":"en_GB","og_type":"article","og_title":"[:lt]Ar \u010dia kas nors yra[:] - Skaitytaknyga","og_description":"\u201eAr \u010dia kas nors yra?\" \u2013 tai dokumentinis tyrimas mokslo ir dvasingumo, mistini\u0173 rei\u0161kini\u0173 tema. Knyga sudaryta i\u0161 trij\u0173 dali\u0173: pirmoji \u2013 autorei","og_url":"https:\/\/skaitytaknyga.lt\/en\/produktas\/ar-cia-kas-nors-yra\/","og_site_name":"Skaitytaknyga","article_publisher":"https:\/\/www.facebook.com\/skaitytaknyga\/","article_modified_time":"2025-10-06T10:22:30+00:00","og_image":[{"width":300,"height":446,"url":"https:\/\/skaitytaknyga.lt\/wp-content\/uploads\/2025\/09\/Ar-cia-kas-nors-yra-1.webp","type":"image\/webp"}],"twitter_card":"summary_large_image","schema":{"@context":"https:\/\/schema.org","@graph":[{"@type":"WebPage","@id":"https:\/\/skaitytaknyga.lt\/produktas\/ar-cia-kas-nors-yra\/","url":"https:\/\/skaitytaknyga.lt\/produktas\/ar-cia-kas-nors-yra\/","name":"Ar \u010dia kas nors yra","isPartOf":{"@id":"https:\/\/skaitytaknyga.lt\/#website"},"primaryImageOfPage":{"@id":"https:\/\/skaitytaknyga.lt\/produktas\/ar-cia-kas-nors-yra\/#primaryimage"},"image":{"@id":"https:\/\/skaitytaknyga.lt\/produktas\/ar-cia-kas-nors-yra\/#primaryimage"},"thumbnailUrl":"https:\/\/skaitytaknyga.lt\/wp-content\/uploads\/2025\/09\/Ar-cia-kas-nors-yra-1.webp","datePublished":"2025-09-12T07:52:36+00:00","dateModified":"2025-10-06T10:22:30+00:00","description":"\u201eAr \u010dia kas nors yra?\" \u2013 tai dokumentinis tyrimas mokslo ir dvasingumo, mistini\u0173 rei\u0161kini\u0173 tema. Knyga sudaryta i\u0161 trij\u0173 dali\u0173: pirmoji \u2013 autorei","breadcrumb":{"@id":"https:\/\/skaitytaknyga.lt\/produktas\/ar-cia-kas-nors-yra\/#breadcrumb"},"inLanguage":"en-GB","potentialAction":[{"@type":"ReadAction","target":["https:\/\/skaitytaknyga.lt\/produktas\/ar-cia-kas-nors-yra\/"]}]},{"@type":"ImageObject","inLanguage":"en-GB","@id":"https:\/\/skaitytaknyga.lt\/produktas\/ar-cia-kas-nors-yra\/#primaryimage","url":"https:\/\/skaitytaknyga.lt\/wp-content\/uploads\/2025\/09\/Ar-cia-kas-nors-yra-1.webp","contentUrl":"https:\/\/skaitytaknyga.lt\/wp-content\/uploads\/2025\/09\/Ar-cia-kas-nors-yra-1.webp","width":300,"height":446,"caption":"Ar \u010dia kas nors yra"},{"@type":"BreadcrumbList","@id":"https:\/\/skaitytaknyga.lt\/produktas\/ar-cia-kas-nors-yra\/#breadcrumb","itemListElement":[{"@type":"ListItem","position":1,"name":"Home","item":"https:\/\/skaitytaknyga.lt\/"},{"@type":"ListItem","position":2,"name":"Parduotuv\u0117","item":"https:\/\/skaitytaknyga.lt\/knygu-parduotuve\/"},{"@type":"ListItem","position":3,"name":"Ar \u010dia kas nors yra"}]},{"@type":"WebSite","@id":"https:\/\/skaitytaknyga.lt\/#website","url":"https:\/\/skaitytaknyga.lt\/","name":"skaitytaknyga.lt","description":"Skaitytaknyga.lt \u2013 tai ma\u017eas \u0161eimos verslas, kuris prasid\u0117jo nuo meil\u0117s knygoms ir siekio i\u0161gelb\u0117ti knygas nuo likimo prie konteinerio. Kas vienam nereikalingas daiktas \u2013 kitam lobis, o mes esame tarpininkai, kurie padeda abiems tapti laimingesniems ???? \u017dinome kaip nelengva i\u0161gyventi ma\u017eiems verslams, tad nuo \u0161iol, \u010dia rasite ir kit\u0173, ma\u017e\u0173 \u0161eim\u0173 versl\u0173, rank\u0173 darbo, dovan\u0173 sau ir artimiesiems.","publisher":{"@id":"https:\/\/skaitytaknyga.lt\/#organization"},"potentialAction":[{"@type":"SearchAction","target":{"@type":"EntryPoint","urlTemplate":"https:\/\/skaitytaknyga.lt\/?s={search_term_string}"},"query-input":{"@type":"PropertyValueSpecification","valueRequired":true,"valueName":"search_term_string"}}],"inLanguage":"en-GB"},{"@type":"Organization","@id":"https:\/\/skaitytaknyga.lt\/#organization","name":"skaitytaknyga.lt","url":"https:\/\/skaitytaknyga.lt\/","logo":{"@type":"ImageObject","inLanguage":"en-GB","@id":"https:\/\/skaitytaknyga.lt\/#\/schema\/logo\/image\/","url":"https:\/\/skaitytaknyga.lt\/wp-content\/uploads\/2024\/05\/cropped-cropped-cropped-02_00843_jt3bggkj1j3HLc7SyY6rEUpg.jpeg","contentUrl":"https:\/\/skaitytaknyga.lt\/wp-content\/uploads\/2024\/05\/cropped-cropped-cropped-02_00843_jt3bggkj1j3HLc7SyY6rEUpg.jpeg","width":1600,"height":1600,"caption":"skaitytaknyga.lt"},"image":{"@id":"https:\/\/skaitytaknyga.lt\/#\/schema\/logo\/image\/"},"sameAs":["https:\/\/www.facebook.com\/skaitytaknyga\/"]}]}},"_links":{"self":[{"href":"https:\/\/skaitytaknyga.lt\/en\/wp-json\/wp\/v2\/product\/20722","targetHints":{"allow":["GET"]}}],"collection":[{"href":"https:\/\/skaitytaknyga.lt\/en\/wp-json\/wp\/v2\/product"}],"about":[{"href":"https:\/\/skaitytaknyga.lt\/en\/wp-json\/wp\/v2\/types\/product"}],"replies":[{"embeddable":true,"href":"https:\/\/skaitytaknyga.lt\/en\/wp-json\/wp\/v2\/comments?post=20722"}],"wp:featuredmedia":[{"embeddable":true,"href":"https:\/\/skaitytaknyga.lt\/en\/wp-json\/wp\/v2\/media\/20727"}],"wp:attachment":[{"href":"https:\/\/skaitytaknyga.lt\/en\/wp-json\/wp\/v2\/media?parent=20722"}],"wp:term":[{"taxonomy":"product_brand","embeddable":true,"href":"https:\/\/skaitytaknyga.lt\/en\/wp-json\/wp\/v2\/product_brand?post=20722"},{"taxonomy":"product_cat","embeddable":true,"href":"https:\/\/skaitytaknyga.lt\/en\/wp-json\/wp\/v2\/product_cat?post=20722"},{"taxonomy":"product_tag","embeddable":true,"href":"https:\/\/skaitytaknyga.lt\/en\/wp-json\/wp\/v2\/product_tag?post=20722"}],"curies":[{"name":"wp","href":"https:\/\/api.w.org\/{rel}","templated":true}]}}