{"id":20721,"date":"2025-09-12T10:52:36","date_gmt":"2025-09-12T07:52:36","guid":{"rendered":"https:\/\/skaitytaknyga.lt\/?post_type=product&#038;p=20721"},"modified":"2025-10-06T13:22:30","modified_gmt":"2025-10-06T10:22:30","slug":"lauk-manes","status":"publish","type":"product","link":"https:\/\/skaitytaknyga.lt\/en\/produktas\/lauk-manes\/","title":{"rendered":"Lauk man\u0119s"},"content":{"rendered":"<p>I\u0161skirti karo, suvesti meil\u0117s.<\/p>\n<p>\u201eLauk man\u0119s\u201c \u2013 naujas, \u012ftraukiantis, tikrais \u012fvykiais paremtas romanas apie nemir\u0161tan\u010di\u0105 meil\u0119 ir ne\u012ftik\u0117tinas paslaptis.<\/p>\n<p>Rupertas pa\u017ead\u0117jo sugr\u012f\u017eti, Florencijai tereik\u0117jo jo laukti. <\/p>\n<p>Kornvalis, 1944 metai<\/p>\n<p>Rupertas De\u0161as paskelbtas dingusiu be \u017einios, tikriausiai \u017euvusiu Arnhemo m\u0161yje. Priblok\u0161ta jo \u017emona Florencija negali susitaikyti, kad Rupertas visiems laikams pasitrauk\u0117 i\u0161 jos gyvenimo, tod\u0117l senoje knygoje radusi pasl\u0117pt\u0105 eil\u0117ra\u0161t\u012f, pavadint\u0105 \u201eLauk man\u0119s\u201c, patiki, kad tai jos vyro si\u0173stas \u017eenklas. Pa\u017eadas, kad Rupertas gr\u012f\u0161 pas j\u0105. <\/p>\n<p>Londonas, 1988 metai<\/p>\n<p>Maks\u0105 nuo pat vaikyst\u0117s persekioja besikartojantis ko\u0161maras. Sapne siau\u010dia karo chaosas, ir jis kiekvien\u0105 kart\u0105 pabunda i\u0161piltas prakaito, i\u0161 siaubo besidau\u017ean\u010dia \u0161irdimi. Vedamas \u017e\u016btb\u016btinio tro\u0161kimo suprasti, kod\u0117l j\u012f persekioja tokios \u0161iurpios vizijos, Maksas leid\u017eiasi \u012f kelion\u0119, kuri nuveda j\u012f \u012f Kornval\u012f, vyro vardu Rupertas De\u0161as gimtin\u0119. <\/p>\n<p>Melburnas, 1995 metai<\/p>\n<p>Florencija gauna lai\u0161k\u0105 nuo gyvenime nematyto vyro i\u0161 kito pasaulio kra\u0161to. Nepa\u017e\u012fstamasis ra\u0161o, kad prisimena ankstesn\u012f, kito \u017emogaus, gyvenim\u0105. Ar jis gali b\u016bti tas, kurio Florencija lauk\u0117 penkiasde\u0161imt vienus metus? <\/p>\n<p>Santa Montefiore, ra\u0161ytojos karjer\u0105 prad\u0117jusi 2001-aisiais, kasmet i\u0161leid\u017eia po nauj\u0105 knyg\u0105. Jos romanai i\u0161versti \u012f 25 pasaulio kalbas, j\u0173 parduota daugiau nei 6 mln. egzempliori\u0173. Lietuvi\u0161kai i\u0161leista keliolika ra\u0161ytojos roman\u0173: \u201eSodininkas i\u0161 Pranc\u016bzijos\u201c, \u201eDvasi\u0173 medis\u201c,  \u201e\u010cia ir dabar\u201c,  \u201eSlaptos valandos\u201c, \u201eItal\u0117 Brukline\u201c ir kt.<\/p>\n","protected":false},"excerpt":{"rendered":"<p>I\u0161skirti karo, suvesti meil\u0117s. \u201eLauk man\u0119s\u201c \u2013 naujas, \u012ftraukiantis, tikrais \u012fvykiais paremtas romanas apie nemir\u0161tan\u010di\u0105 meil\u0119 ir ne\u012ftik\u0117tinas paslaptis. Rupertas pa\u017ead\u0117jo sugr\u012f\u017eti, Florencijai tereik\u0117jo jo laukti. Kornvalis, 1944 metai Rupertas De\u0161as paskelbtas dingusiu be \u017einios, tikriausiai \u017euvusiu Arnhemo m\u0161yje. Priblok\u0161ta jo \u017emona Florencija negali susitaikyti, kad Rupertas visiems laikams pasitrauk\u0117 i\u0161 jos gyvenimo, tod\u0117l senoje knygoje radusi pasl\u0117pt\u0105 eil\u0117ra\u0161t\u012f, pavadint\u0105 \u201eLauk man\u0119s\u201c, patiki, kad tai jos vyro si\u0173stas \u017eenklas. Pa\u017eadas, kad Rupertas gr\u012f\u0161 pas j\u0105. Londonas, 1988 metai Maks\u0105 nuo pat vaikyst\u0117s persekioja besikartojantis ko\u0161maras. Sapne siau\u010dia karo chaosas, ir jis kiekvien\u0105 kart\u0105 pabunda i\u0161piltas prakaito, i\u0161 siaubo besidau\u017ean\u010dia \u0161irdimi. Vedamas \u017e\u016btb\u016btinio tro\u0161kimo suprasti, kod\u0117l j\u012f persekioja tokios \u0161iurpios vizijos, Maksas leid\u017eiasi \u012f kelion\u0119, kuri nuveda j\u012f \u012f Kornval\u012f, vyro vardu Rupertas De\u0161as gimtin\u0119. Melburnas, 1995 metai Florencija gauna lai\u0161k\u0105 nuo gyvenime nematyto vyro i\u0161 kito pasaulio kra\u0161to. Nepa\u017e\u012fstamasis ra\u0161o, kad prisimena ankstesn\u012f, kito \u017emogaus, gyvenim\u0105. Ar jis gali b\u016bti tas, kurio Florencija lauk\u0117 penkiasde\u0161imt vienus metus? Santa Montefiore, ra\u0161ytojos karjer\u0105 prad\u0117jusi 2001-aisiais, kasmet i\u0161leid\u017eia po nauj\u0105 knyg\u0105. Jos romanai i\u0161versti \u012f 25 pasaulio kalbas, j\u0173 parduota daugiau nei 6 mln. egzempliori\u0173. Lietuvi\u0161kai i\u0161leista keliolika ra\u0161ytojos roman\u0173: \u201eSodininkas i\u0161 Pranc\u016bzijos\u201c, \u201eDvasi\u0173 medis\u201c, \u201e\u010cia ir dabar\u201c, \u201eSlaptos valandos\u201c, \u201eItal\u0117 Brukline\u201c ir kt.<\/p>\n","protected":false},"featured_media":20726,"comment_status":"open","ping_status":"closed","template":"","meta":{"_acf_changed":false,"site-sidebar-layout":"default","site-content-layout":"","ast-site-content-layout":"default","site-content-style":"default","site-sidebar-style":"default","ast-global-header-display":"","ast-banner-title-visibility":"","ast-main-header-display":"","ast-hfb-above-header-display":"","ast-hfb-below-header-display":"","ast-hfb-mobile-header-display":"","site-post-title":"","ast-breadcrumbs-content":"","ast-featured-img":"","footer-sml-layout":"","ast-disable-related-posts":"","theme-transparent-header-meta":"","adv-header-id-meta":"","stick-header-meta":"","header-above-stick-meta":"","header-main-stick-meta":"","header-below-stick-meta":"","astra-migrate-meta-layouts":"default","ast-page-background-enabled":"default","ast-page-background-meta":{"desktop":{"background-color":"","background-image":"","background-repeat":"repeat","background-position":"center center","background-size":"auto","background-attachment":"scroll","background-type":"","background-media":"","overlay-type":"","overlay-color":"","overlay-opacity":"","overlay-gradient":""},"tablet":{"background-color":"","background-image":"","background-repeat":"repeat","background-position":"center center","background-size":"auto","background-attachment":"scroll","background-type":"","background-media":"","overlay-type":"","overlay-color":"","overlay-opacity":"","overlay-gradient":""},"mobile":{"background-color":"","background-image":"","background-repeat":"repeat","background-position":"center center","background-size":"auto","background-attachment":"scroll","background-type":"","background-media":"","overlay-type":"","overlay-color":"","overlay-opacity":"","overlay-gradient":""}},"ast-content-background-meta":{"desktop":{"background-color":"var(--ast-global-color-4)","background-image":"","background-repeat":"repeat","background-position":"center center","background-size":"auto","background-attachment":"scroll","background-type":"","background-media":"","overlay-type":"","overlay-color":"","overlay-opacity":"","overlay-gradient":""},"tablet":{"background-color":"var(--ast-global-color-4)","background-image":"","background-repeat":"repeat","background-position":"center center","background-size":"auto","background-attachment":"scroll","background-type":"","background-media":"","overlay-type":"","overlay-color":"","overlay-opacity":"","overlay-gradient":""},"mobile":{"background-color":"var(--ast-global-color-4)","background-image":"","background-repeat":"repeat","background-position":"center center","background-size":"auto","background-attachment":"scroll","background-type":"","background-media":"","overlay-type":"","overlay-color":"","overlay-opacity":"","overlay-gradient":""}}},"product_brand":[],"product_cat":[31],"product_tag":[4959,8823,2014,1478,8824,4824],"class_list":{"0":"post-20721","1":"product","2":"type-product","3":"status-publish","4":"has-post-thumbnail","6":"product_cat-grozine-literatura","7":"product_tag-britu-autore","8":"product_tag-istorine-grozine-literatura","9":"product_tag-meiles-romanas","10":"product_tag-paslaptys","11":"product_tag-reinkarnacija","12":"product_tag-santa-montefiore","13":"desktop-align-left","14":"tablet-align-left","15":"mobile-align-left","17":"first","18":"instock","19":"shipping-taxable","20":"purchasable","21":"product-type-simple"},"acf":[],"yoast_head":"<!-- This site is optimized with the Yoast SEO plugin v27.4 - https:\/\/yoast.com\/product\/yoast-seo-wordpress\/ -->\n<title>Lauk man\u0119s<\/title>\n<meta name=\"description\" content=\"I\u0161skirti karo, suvesti meil\u0117s. \u201eLauk man\u0119s\u201c \u2013 naujas, \u012ftraukiantis, tikrais \u012fvykiais paremtas romanas apie nemir\u0161tan\u010di\u0105 meil\u0119 ir ne\u012ftik\u0117tinas paslaptis.\" \/>\n<meta name=\"robots\" content=\"index, follow, max-snippet:-1, max-image-preview:large, max-video-preview:-1\" \/>\n<link rel=\"canonical\" href=\"https:\/\/skaitytaknyga.lt\/en\/produktas\/lauk-manes\/\" \/>\n<meta property=\"og:locale\" content=\"en_GB\" \/>\n<meta property=\"og:locale:alternate\" content=\"lt_LT\" \/>\n<meta property=\"og:type\" content=\"article\" \/>\n<meta property=\"og:title\" content=\"Lauk man\u0119s\" \/>\n<meta property=\"og:description\" content=\"I\u0161skirti karo, suvesti meil\u0117s. \u201eLauk man\u0119s\u201c \u2013 naujas, \u012ftraukiantis, tikrais \u012fvykiais paremtas romanas apie nemir\u0161tan\u010di\u0105 meil\u0119 ir ne\u012ftik\u0117tinas paslaptis.\" \/>\n<meta property=\"og:url\" content=\"https:\/\/skaitytaknyga.lt\/en\/produktas\/lauk-manes\/\" \/>\n<meta property=\"og:site_name\" content=\"Skaitytaknyga\" \/>\n<meta property=\"article:publisher\" content=\"https:\/\/www.facebook.com\/skaitytaknyga\/\" \/>\n<meta property=\"article:modified_time\" content=\"2025-10-06T10:22:30+00:00\" \/>\n<meta property=\"og:image\" content=\"https:\/\/skaitytaknyga.lt\/wp-content\/uploads\/2025\/09\/Lauk-manes-1.webp\" \/>\n\t<meta property=\"og:image:width\" content=\"300\" \/>\n\t<meta property=\"og:image:height\" content=\"448\" \/>\n\t<meta property=\"og:image:type\" content=\"image\/webp\" \/>\n<meta name=\"twitter:card\" content=\"summary_large_image\" \/>\n<meta name=\"twitter:label1\" content=\"Estimated reading time\" \/>\n\t<meta name=\"twitter:data1\" content=\"1 minute\" \/>\n<script type=\"application\/ld+json\" class=\"yoast-schema-graph\">{\"@context\":\"https:\\\/\\\/schema.org\",\"@graph\":[{\"@type\":\"WebPage\",\"@id\":\"https:\\\/\\\/skaitytaknyga.lt\\\/produktas\\\/lauk-manes\\\/\",\"url\":\"https:\\\/\\\/skaitytaknyga.lt\\\/produktas\\\/lauk-manes\\\/\",\"name\":\"Lauk man\u0119s\",\"isPartOf\":{\"@id\":\"https:\\\/\\\/skaitytaknyga.lt\\\/#website\"},\"primaryImageOfPage\":{\"@id\":\"https:\\\/\\\/skaitytaknyga.lt\\\/produktas\\\/lauk-manes\\\/#primaryimage\"},\"image\":{\"@id\":\"https:\\\/\\\/skaitytaknyga.lt\\\/produktas\\\/lauk-manes\\\/#primaryimage\"},\"thumbnailUrl\":\"https:\\\/\\\/skaitytaknyga.lt\\\/wp-content\\\/uploads\\\/2025\\\/09\\\/Lauk-manes-1.webp\",\"datePublished\":\"2025-09-12T07:52:36+00:00\",\"dateModified\":\"2025-10-06T10:22:30+00:00\",\"description\":\"I\u0161skirti karo, suvesti meil\u0117s. \u201eLauk man\u0119s\u201c \u2013 naujas, \u012ftraukiantis, tikrais \u012fvykiais paremtas romanas apie nemir\u0161tan\u010di\u0105 meil\u0119 ir ne\u012ftik\u0117tinas paslaptis.\",\"breadcrumb\":{\"@id\":\"https:\\\/\\\/skaitytaknyga.lt\\\/produktas\\\/lauk-manes\\\/#breadcrumb\"},\"inLanguage\":\"en-GB\",\"potentialAction\":[{\"@type\":\"ReadAction\",\"target\":[\"https:\\\/\\\/skaitytaknyga.lt\\\/produktas\\\/lauk-manes\\\/\"]}]},{\"@type\":\"ImageObject\",\"inLanguage\":\"en-GB\",\"@id\":\"https:\\\/\\\/skaitytaknyga.lt\\\/produktas\\\/lauk-manes\\\/#primaryimage\",\"url\":\"https:\\\/\\\/skaitytaknyga.lt\\\/wp-content\\\/uploads\\\/2025\\\/09\\\/Lauk-manes-1.webp\",\"contentUrl\":\"https:\\\/\\\/skaitytaknyga.lt\\\/wp-content\\\/uploads\\\/2025\\\/09\\\/Lauk-manes-1.webp\",\"width\":300,\"height\":448,\"caption\":\"Lauk man\u0119s\"},{\"@type\":\"BreadcrumbList\",\"@id\":\"https:\\\/\\\/skaitytaknyga.lt\\\/produktas\\\/lauk-manes\\\/#breadcrumb\",\"itemListElement\":[{\"@type\":\"ListItem\",\"position\":1,\"name\":\"Home\",\"item\":\"https:\\\/\\\/skaitytaknyga.lt\\\/\"},{\"@type\":\"ListItem\",\"position\":2,\"name\":\"Parduotuv\u0117\",\"item\":\"https:\\\/\\\/skaitytaknyga.lt\\\/knygu-parduotuve\\\/\"},{\"@type\":\"ListItem\",\"position\":3,\"name\":\"Lauk man\u0119s\"}]},{\"@type\":\"WebSite\",\"@id\":\"https:\\\/\\\/skaitytaknyga.lt\\\/#website\",\"url\":\"https:\\\/\\\/skaitytaknyga.lt\\\/\",\"name\":\"skaitytaknyga.lt\",\"description\":\"Skaitytaknyga.lt \u2013 tai ma\u017eas \u0161eimos verslas, kuris prasid\u0117jo nuo meil\u0117s knygoms ir siekio i\u0161gelb\u0117ti knygas nuo likimo prie konteinerio. Kas vienam nereikalingas daiktas \u2013 kitam lobis, o mes esame tarpininkai, kurie padeda abiems tapti laimingesniems ???? \u017dinome kaip nelengva i\u0161gyventi ma\u017eiems verslams, tad nuo \u0161iol, \u010dia rasite ir kit\u0173, ma\u017e\u0173 \u0161eim\u0173 versl\u0173, rank\u0173 darbo, dovan\u0173 sau ir artimiesiems.\",\"publisher\":{\"@id\":\"https:\\\/\\\/skaitytaknyga.lt\\\/#organization\"},\"potentialAction\":[{\"@type\":\"SearchAction\",\"target\":{\"@type\":\"EntryPoint\",\"urlTemplate\":\"https:\\\/\\\/skaitytaknyga.lt\\\/?s={search_term_string}\"},\"query-input\":{\"@type\":\"PropertyValueSpecification\",\"valueRequired\":true,\"valueName\":\"search_term_string\"}}],\"inLanguage\":\"en-GB\"},{\"@type\":\"Organization\",\"@id\":\"https:\\\/\\\/skaitytaknyga.lt\\\/#organization\",\"name\":\"skaitytaknyga.lt\",\"url\":\"https:\\\/\\\/skaitytaknyga.lt\\\/\",\"logo\":{\"@type\":\"ImageObject\",\"inLanguage\":\"en-GB\",\"@id\":\"https:\\\/\\\/skaitytaknyga.lt\\\/#\\\/schema\\\/logo\\\/image\\\/\",\"url\":\"https:\\\/\\\/skaitytaknyga.lt\\\/wp-content\\\/uploads\\\/2024\\\/05\\\/cropped-cropped-cropped-02_00843_jt3bggkj1j3HLc7SyY6rEUpg.jpeg\",\"contentUrl\":\"https:\\\/\\\/skaitytaknyga.lt\\\/wp-content\\\/uploads\\\/2024\\\/05\\\/cropped-cropped-cropped-02_00843_jt3bggkj1j3HLc7SyY6rEUpg.jpeg\",\"width\":1600,\"height\":1600,\"caption\":\"skaitytaknyga.lt\"},\"image\":{\"@id\":\"https:\\\/\\\/skaitytaknyga.lt\\\/#\\\/schema\\\/logo\\\/image\\\/\"},\"sameAs\":[\"https:\\\/\\\/www.facebook.com\\\/skaitytaknyga\\\/\"]}]}<\/script>\n<!-- \/ Yoast SEO plugin. -->","yoast_head_json":{"title":"Lauk man\u0119s","description":"I\u0161skirti karo, suvesti meil\u0117s. \u201eLauk man\u0119s\u201c \u2013 naujas, \u012ftraukiantis, tikrais \u012fvykiais paremtas romanas apie nemir\u0161tan\u010di\u0105 meil\u0119 ir ne\u012ftik\u0117tinas paslaptis.","robots":{"index":"index","follow":"follow","max-snippet":"max-snippet:-1","max-image-preview":"max-image-preview:large","max-video-preview":"max-video-preview:-1"},"canonical":"https:\/\/skaitytaknyga.lt\/en\/produktas\/lauk-manes\/","og_locale":"en_GB","og_type":"article","og_title":"[:lt]Lauk man\u0119s[:] - Skaitytaknyga","og_description":"I\u0161skirti karo, suvesti meil\u0117s. \u201eLauk man\u0119s\u201c \u2013 naujas, \u012ftraukiantis, tikrais \u012fvykiais paremtas romanas apie nemir\u0161tan\u010di\u0105 meil\u0119 ir ne\u012ftik\u0117tinas paslaptis.","og_url":"https:\/\/skaitytaknyga.lt\/en\/produktas\/lauk-manes\/","og_site_name":"Skaitytaknyga","article_publisher":"https:\/\/www.facebook.com\/skaitytaknyga\/","article_modified_time":"2025-10-06T10:22:30+00:00","og_image":[{"width":300,"height":448,"url":"https:\/\/skaitytaknyga.lt\/wp-content\/uploads\/2025\/09\/Lauk-manes-1.webp","type":"image\/webp"}],"twitter_card":"summary_large_image","twitter_misc":{"Estimated reading time":"1 minute"},"schema":{"@context":"https:\/\/schema.org","@graph":[{"@type":"WebPage","@id":"https:\/\/skaitytaknyga.lt\/produktas\/lauk-manes\/","url":"https:\/\/skaitytaknyga.lt\/produktas\/lauk-manes\/","name":"Lauk man\u0119s","isPartOf":{"@id":"https:\/\/skaitytaknyga.lt\/#website"},"primaryImageOfPage":{"@id":"https:\/\/skaitytaknyga.lt\/produktas\/lauk-manes\/#primaryimage"},"image":{"@id":"https:\/\/skaitytaknyga.lt\/produktas\/lauk-manes\/#primaryimage"},"thumbnailUrl":"https:\/\/skaitytaknyga.lt\/wp-content\/uploads\/2025\/09\/Lauk-manes-1.webp","datePublished":"2025-09-12T07:52:36+00:00","dateModified":"2025-10-06T10:22:30+00:00","description":"I\u0161skirti karo, suvesti meil\u0117s. \u201eLauk man\u0119s\u201c \u2013 naujas, \u012ftraukiantis, tikrais \u012fvykiais paremtas romanas apie nemir\u0161tan\u010di\u0105 meil\u0119 ir ne\u012ftik\u0117tinas paslaptis.","breadcrumb":{"@id":"https:\/\/skaitytaknyga.lt\/produktas\/lauk-manes\/#breadcrumb"},"inLanguage":"en-GB","potentialAction":[{"@type":"ReadAction","target":["https:\/\/skaitytaknyga.lt\/produktas\/lauk-manes\/"]}]},{"@type":"ImageObject","inLanguage":"en-GB","@id":"https:\/\/skaitytaknyga.lt\/produktas\/lauk-manes\/#primaryimage","url":"https:\/\/skaitytaknyga.lt\/wp-content\/uploads\/2025\/09\/Lauk-manes-1.webp","contentUrl":"https:\/\/skaitytaknyga.lt\/wp-content\/uploads\/2025\/09\/Lauk-manes-1.webp","width":300,"height":448,"caption":"Lauk man\u0119s"},{"@type":"BreadcrumbList","@id":"https:\/\/skaitytaknyga.lt\/produktas\/lauk-manes\/#breadcrumb","itemListElement":[{"@type":"ListItem","position":1,"name":"Home","item":"https:\/\/skaitytaknyga.lt\/"},{"@type":"ListItem","position":2,"name":"Parduotuv\u0117","item":"https:\/\/skaitytaknyga.lt\/knygu-parduotuve\/"},{"@type":"ListItem","position":3,"name":"Lauk man\u0119s"}]},{"@type":"WebSite","@id":"https:\/\/skaitytaknyga.lt\/#website","url":"https:\/\/skaitytaknyga.lt\/","name":"skaitytaknyga.lt","description":"Skaitytaknyga.lt \u2013 tai ma\u017eas \u0161eimos verslas, kuris prasid\u0117jo nuo meil\u0117s knygoms ir siekio i\u0161gelb\u0117ti knygas nuo likimo prie konteinerio. Kas vienam nereikalingas daiktas \u2013 kitam lobis, o mes esame tarpininkai, kurie padeda abiems tapti laimingesniems ???? \u017dinome kaip nelengva i\u0161gyventi ma\u017eiems verslams, tad nuo \u0161iol, \u010dia rasite ir kit\u0173, ma\u017e\u0173 \u0161eim\u0173 versl\u0173, rank\u0173 darbo, dovan\u0173 sau ir artimiesiems.","publisher":{"@id":"https:\/\/skaitytaknyga.lt\/#organization"},"potentialAction":[{"@type":"SearchAction","target":{"@type":"EntryPoint","urlTemplate":"https:\/\/skaitytaknyga.lt\/?s={search_term_string}"},"query-input":{"@type":"PropertyValueSpecification","valueRequired":true,"valueName":"search_term_string"}}],"inLanguage":"en-GB"},{"@type":"Organization","@id":"https:\/\/skaitytaknyga.lt\/#organization","name":"skaitytaknyga.lt","url":"https:\/\/skaitytaknyga.lt\/","logo":{"@type":"ImageObject","inLanguage":"en-GB","@id":"https:\/\/skaitytaknyga.lt\/#\/schema\/logo\/image\/","url":"https:\/\/skaitytaknyga.lt\/wp-content\/uploads\/2024\/05\/cropped-cropped-cropped-02_00843_jt3bggkj1j3HLc7SyY6rEUpg.jpeg","contentUrl":"https:\/\/skaitytaknyga.lt\/wp-content\/uploads\/2024\/05\/cropped-cropped-cropped-02_00843_jt3bggkj1j3HLc7SyY6rEUpg.jpeg","width":1600,"height":1600,"caption":"skaitytaknyga.lt"},"image":{"@id":"https:\/\/skaitytaknyga.lt\/#\/schema\/logo\/image\/"},"sameAs":["https:\/\/www.facebook.com\/skaitytaknyga\/"]}]}},"_links":{"self":[{"href":"https:\/\/skaitytaknyga.lt\/en\/wp-json\/wp\/v2\/product\/20721","targetHints":{"allow":["GET"]}}],"collection":[{"href":"https:\/\/skaitytaknyga.lt\/en\/wp-json\/wp\/v2\/product"}],"about":[{"href":"https:\/\/skaitytaknyga.lt\/en\/wp-json\/wp\/v2\/types\/product"}],"replies":[{"embeddable":true,"href":"https:\/\/skaitytaknyga.lt\/en\/wp-json\/wp\/v2\/comments?post=20721"}],"wp:featuredmedia":[{"embeddable":true,"href":"https:\/\/skaitytaknyga.lt\/en\/wp-json\/wp\/v2\/media\/20726"}],"wp:attachment":[{"href":"https:\/\/skaitytaknyga.lt\/en\/wp-json\/wp\/v2\/media?parent=20721"}],"wp:term":[{"taxonomy":"product_brand","embeddable":true,"href":"https:\/\/skaitytaknyga.lt\/en\/wp-json\/wp\/v2\/product_brand?post=20721"},{"taxonomy":"product_cat","embeddable":true,"href":"https:\/\/skaitytaknyga.lt\/en\/wp-json\/wp\/v2\/product_cat?post=20721"},{"taxonomy":"product_tag","embeddable":true,"href":"https:\/\/skaitytaknyga.lt\/en\/wp-json\/wp\/v2\/product_tag?post=20721"}],"curies":[{"name":"wp","href":"https:\/\/api.w.org\/{rel}","templated":true}]}}