{"id":20720,"date":"2025-09-12T10:52:36","date_gmt":"2025-09-12T07:52:36","guid":{"rendered":"https:\/\/skaitytaknyga.lt\/?post_type=product&#038;p=20720"},"modified":"2025-10-06T13:22:30","modified_gmt":"2025-10-06T10:22:30","slug":"itale-brukline","status":"publish","type":"product","link":"https:\/\/skaitytaknyga.lt\/en\/produktas\/itale-brukline\/","title":{"rendered":"Ital\u0117 Brukline"},"content":{"rendered":"<p>Bestselerio \u201eSodininkas i\u0161 Pranc\u016bzijos\u201c autor\u0117<br \/>\nU\u017eburianti istorija apie paslaptis ir nauj\u0105 prad\u017ei\u0105.<\/p>\n<p>\u0160iaur\u0117s Italija, 1934 m.<br \/>\nEvelina su seserimi Benedeta u\u017eaugo \u0161e\u0161iolikto am\u017eiaus viloje, nors gerokai nugyventoje, bet vis dar alsuojan\u010dioje didybe. Sulaukusi pilnametyst\u0117s Benedeta i\u0161teka u\u017e pasiturin\u010dio bankininko, jai \u012f vyrus parinkto t\u0117v\u0173. Evelinos tokia ateitis visai nevilioja, tad ji duoda sau \u017eod\u012f niekada netek\u0117ti i\u0161 pareigos.<br \/>\nVien\u0105 dien\u0105  miestelio audini\u0173 parduotuv\u0117je ji susipa\u017e\u012fsta su \u017eydo prekybininko s\u016bnumi Ezra. Jaunuoliai kar\u0161tai pamilsta vienas kit\u0105, bet neskuba kitiems atskleisti \u0161ios paslapties. Jie d\u017eiaugiasi kiekviena nuvogta akimirka, ir Evelina trok\u0161ta, kad \u0161ios ner\u016bpestingos, palaimingos dienos t\u0119st\u0173si am\u017einai.<br \/>\nTa\u010diau Europoje vis labiau \u012fsisiaut\u0117ja karas, masi\u0161kai suimin\u0117jami \u017eydai. Deja, tams\u016bs debesys atpl\u016bsta ir \u012f Italij\u0105. Evelinos ir Ezros \u0161eimas u\u017egri\u016bva negandos, pakeisian\u010dios j\u0173 likim\u0105. Netik\u0117tai i\u0161girdusi, kad Ezra \u017euvo, Evelina i\u0161vyksta \u012f Niujork\u0105. Prisiglaudusi pas ten seniai emigravusi\u0105 tet\u0105, m\u0117gina v\u0117l kabintis \u012f gyvenim\u0105. Bet j\u0105 atsiveja praeitis&#8230;<\/p>\n<p>\u201eTai nuostabus pasakojimas apie prarast\u0105 ir v\u0117l atrast\u0105 meil\u0119, apr\u0117piantis ne vien\u0105 de\u0161imtmet\u012f ir du \u017eemynus. Romanas persmelktas \u0161iaur\u0117s Italijos spalv\u0173, \u0161ilumos, \u0161eimos skausmo ir geb\u0117jimo nepal\u016b\u017eti, o dr\u0105sa ir ry\u017etas paskatina prad\u0117ti nauj\u0105 gyvenim\u0105 anapus vandenyno. Talentingoji Santa Montefiore meistri\u0161kai supina ilges\u012f, likim\u0105 ir vilt\u012f.\u201c<br \/>\nKristin Harmel<\/p>\n<p>Santa Montefiore, ra\u0161ytojos karjer\u0105 prad\u0117jusi 2001-aisiais, kasmet i\u0161leid\u017eia po nauj\u0105 knyg\u0105. Jos romanai i\u0161versti \u012f 25 pasaulio kalbas, j\u0173 parduota daugiau nei 6 mln. egzempliori\u0173. Lietuvi\u0161kai i\u0161leista keliolika ra\u0161ytojos roman\u0173: \u201eSodininkas i\u0161 Pranc\u016bzijos\u201c, \u201eDvasi\u0173 medis\u201c,  \u201e\u010cia ir dabar\u201c,  \u201eSlaptos valandos\u201c, \u201eTolimi krantai\u201c ir kt.<\/p>\n","protected":false},"excerpt":{"rendered":"<p>Bestselerio \u201eSodininkas i\u0161 Pranc\u016bzijos\u201c autor\u0117 U\u017eburianti istorija apie paslaptis ir nauj\u0105 prad\u017ei\u0105. \u0160iaur\u0117s Italija, 1934 m. Evelina su seserimi Benedeta u\u017eaugo \u0161e\u0161iolikto am\u017eiaus viloje, nors gerokai nugyventoje, bet vis dar alsuojan\u010dioje didybe. Sulaukusi pilnametyst\u0117s Benedeta i\u0161teka u\u017e pasiturin\u010dio bankininko, jai \u012f vyrus parinkto t\u0117v\u0173. Evelinos tokia ateitis visai nevilioja, tad ji duoda sau \u017eod\u012f niekada netek\u0117ti i\u0161 pareigos. Vien\u0105 dien\u0105 miestelio audini\u0173 parduotuv\u0117je ji susipa\u017e\u012fsta su \u017eydo prekybininko s\u016bnumi Ezra. Jaunuoliai kar\u0161tai pamilsta vienas kit\u0105, bet neskuba kitiems atskleisti \u0161ios paslapties. Jie d\u017eiaugiasi kiekviena nuvogta akimirka, ir Evelina trok\u0161ta, kad \u0161ios ner\u016bpestingos, palaimingos dienos t\u0119st\u0173si am\u017einai. Ta\u010diau Europoje vis labiau \u012fsisiaut\u0117ja karas, masi\u0161kai suimin\u0117jami \u017eydai. Deja, tams\u016bs debesys atpl\u016bsta ir \u012f Italij\u0105. Evelinos ir Ezros \u0161eimas u\u017egri\u016bva negandos, pakeisian\u010dios j\u0173 likim\u0105. Netik\u0117tai i\u0161girdusi, kad Ezra \u017euvo, Evelina i\u0161vyksta \u012f Niujork\u0105. Prisiglaudusi pas ten seniai emigravusi\u0105 tet\u0105, m\u0117gina v\u0117l kabintis \u012f gyvenim\u0105. Bet j\u0105 atsiveja praeitis&#8230; \u201eTai nuostabus pasakojimas apie prarast\u0105 ir v\u0117l atrast\u0105 meil\u0119, apr\u0117piantis ne vien\u0105 de\u0161imtmet\u012f ir du \u017eemynus. Romanas persmelktas \u0161iaur\u0117s Italijos spalv\u0173, \u0161ilumos, \u0161eimos skausmo ir geb\u0117jimo nepal\u016b\u017eti, o dr\u0105sa ir ry\u017etas paskatina prad\u0117ti nauj\u0105 gyvenim\u0105 anapus vandenyno. Talentingoji Santa Montefiore meistri\u0161kai supina ilges\u012f, likim\u0105 ir vilt\u012f.\u201c Kristin Harmel Santa Montefiore, ra\u0161ytojos karjer\u0105 prad\u0117jusi 2001-aisiais, kasmet i\u0161leid\u017eia po nauj\u0105 knyg\u0105. Jos romanai i\u0161versti \u012f 25 pasaulio kalbas, j\u0173 parduota daugiau nei 6 mln. egzempliori\u0173. Lietuvi\u0161kai i\u0161leista keliolika ra\u0161ytojos roman\u0173: \u201eSodininkas i\u0161 Pranc\u016bzijos\u201c, \u201eDvasi\u0173 medis\u201c, \u201e\u010cia ir dabar\u201c, \u201eSlaptos valandos\u201c, \u201eTolimi krantai\u201c ir kt.<\/p>\n","protected":false},"featured_media":20725,"comment_status":"open","ping_status":"closed","template":"","meta":{"_acf_changed":false,"site-sidebar-layout":"default","site-content-layout":"","ast-site-content-layout":"default","site-content-style":"default","site-sidebar-style":"default","ast-global-header-display":"","ast-banner-title-visibility":"","ast-main-header-display":"","ast-hfb-above-header-display":"","ast-hfb-below-header-display":"","ast-hfb-mobile-header-display":"","site-post-title":"","ast-breadcrumbs-content":"","ast-featured-img":"","footer-sml-layout":"","ast-disable-related-posts":"","theme-transparent-header-meta":"","adv-header-id-meta":"","stick-header-meta":"","header-above-stick-meta":"","header-main-stick-meta":"","header-below-stick-meta":"","astra-migrate-meta-layouts":"default","ast-page-background-enabled":"default","ast-page-background-meta":{"desktop":{"background-color":"","background-image":"","background-repeat":"repeat","background-position":"center center","background-size":"auto","background-attachment":"scroll","background-type":"","background-media":"","overlay-type":"","overlay-color":"","overlay-opacity":"","overlay-gradient":""},"tablet":{"background-color":"","background-image":"","background-repeat":"repeat","background-position":"center center","background-size":"auto","background-attachment":"scroll","background-type":"","background-media":"","overlay-type":"","overlay-color":"","overlay-opacity":"","overlay-gradient":""},"mobile":{"background-color":"","background-image":"","background-repeat":"repeat","background-position":"center center","background-size":"auto","background-attachment":"scroll","background-type":"","background-media":"","overlay-type":"","overlay-color":"","overlay-opacity":"","overlay-gradient":""}},"ast-content-background-meta":{"desktop":{"background-color":"var(--ast-global-color-4)","background-image":"","background-repeat":"repeat","background-position":"center center","background-size":"auto","background-attachment":"scroll","background-type":"","background-media":"","overlay-type":"","overlay-color":"","overlay-opacity":"","overlay-gradient":""},"tablet":{"background-color":"var(--ast-global-color-4)","background-image":"","background-repeat":"repeat","background-position":"center center","background-size":"auto","background-attachment":"scroll","background-type":"","background-media":"","overlay-type":"","overlay-color":"","overlay-opacity":"","overlay-gradient":""},"mobile":{"background-color":"var(--ast-global-color-4)","background-image":"","background-repeat":"repeat","background-position":"center center","background-size":"auto","background-attachment":"scroll","background-type":"","background-media":"","overlay-type":"","overlay-color":"","overlay-opacity":"","overlay-gradient":""}}},"product_brand":[],"product_cat":[31],"product_tag":[2455,2069,4324,1459,1748,2815,4824,2088],"class_list":{"0":"post-20720","1":"product","2":"type-product","3":"status-publish","4":"has-post-thumbnail","6":"product_cat-grozine-literatura","7":"product_tag-emigracija","8":"product_tag-istorinis-romanas","9":"product_tag-italija","10":"product_tag-karas","11":"product_tag-meiles-istorija","12":"product_tag-moteru-likimai","13":"product_tag-santa-montefiore","14":"product_tag-seimos-paslaptys","15":"desktop-align-left","16":"tablet-align-left","17":"mobile-align-left","19":"first","20":"instock","21":"shipping-taxable","22":"purchasable","23":"product-type-simple"},"acf":[],"yoast_head":"<!-- This site is optimized with the Yoast SEO plugin v27.0 - https:\/\/yoast.com\/product\/yoast-seo-wordpress\/ -->\n<title>Ital\u0117 Brukline<\/title>\n<meta name=\"description\" content=\"Bestselerio \u201eSodininkas i\u0161 Pranc\u016bzijos\u201c autor\u0117 U\u017eburianti istorija apie paslaptis ir nauj\u0105 prad\u017ei\u0105. \u0160iaur\u0117s Italija, 1934 m. Evelina su seserimi Benedeta\" \/>\n<meta name=\"robots\" content=\"index, follow, max-snippet:-1, max-image-preview:large, max-video-preview:-1\" \/>\n<link rel=\"canonical\" href=\"https:\/\/skaitytaknyga.lt\/en\/produktas\/itale-brukline\/\" \/>\n<meta property=\"og:locale\" content=\"en_GB\" \/>\n<meta property=\"og:locale:alternate\" content=\"lt_LT\" \/>\n<meta property=\"og:type\" content=\"article\" \/>\n<meta property=\"og:title\" content=\"Ital\u0117 Brukline\" \/>\n<meta property=\"og:description\" content=\"Bestselerio \u201eSodininkas i\u0161 Pranc\u016bzijos\u201c autor\u0117 U\u017eburianti istorija apie paslaptis ir nauj\u0105 prad\u017ei\u0105. \u0160iaur\u0117s Italija, 1934 m. Evelina su seserimi Benedeta\" \/>\n<meta property=\"og:url\" content=\"https:\/\/skaitytaknyga.lt\/en\/produktas\/itale-brukline\/\" \/>\n<meta property=\"og:site_name\" content=\"Skaitytaknyga\" \/>\n<meta property=\"article:publisher\" content=\"https:\/\/www.facebook.com\/skaitytaknyga\/\" \/>\n<meta property=\"article:modified_time\" content=\"2025-10-06T10:22:30+00:00\" \/>\n<meta property=\"og:image\" content=\"https:\/\/skaitytaknyga.lt\/wp-content\/uploads\/2025\/09\/Itale-Brukline-1.webp\" \/>\n\t<meta property=\"og:image:width\" content=\"300\" \/>\n\t<meta property=\"og:image:height\" content=\"448\" \/>\n\t<meta property=\"og:image:type\" content=\"image\/webp\" \/>\n<meta name=\"twitter:card\" content=\"summary_large_image\" \/>\n<meta name=\"twitter:label1\" content=\"Estimated reading time\" \/>\n\t<meta name=\"twitter:data1\" content=\"1 minute\" \/>\n<script type=\"application\/ld+json\" class=\"yoast-schema-graph\">{\"@context\":\"https:\/\/schema.org\",\"@graph\":[{\"@type\":\"WebPage\",\"@id\":\"https:\/\/skaitytaknyga.lt\/produktas\/itale-brukline\/\",\"url\":\"https:\/\/skaitytaknyga.lt\/produktas\/itale-brukline\/\",\"name\":\"Ital\u0117 Brukline\",\"isPartOf\":{\"@id\":\"https:\/\/skaitytaknyga.lt\/#website\"},\"primaryImageOfPage\":{\"@id\":\"https:\/\/skaitytaknyga.lt\/produktas\/itale-brukline\/#primaryimage\"},\"image\":{\"@id\":\"https:\/\/skaitytaknyga.lt\/produktas\/itale-brukline\/#primaryimage\"},\"thumbnailUrl\":\"https:\/\/skaitytaknyga.lt\/wp-content\/uploads\/2025\/09\/Itale-Brukline-1.webp\",\"datePublished\":\"2025-09-12T07:52:36+00:00\",\"dateModified\":\"2025-10-06T10:22:30+00:00\",\"description\":\"Bestselerio \u201eSodininkas i\u0161 Pranc\u016bzijos\u201c autor\u0117 U\u017eburianti istorija apie paslaptis ir nauj\u0105 prad\u017ei\u0105. \u0160iaur\u0117s Italija, 1934 m. Evelina su seserimi Benedeta\",\"breadcrumb\":{\"@id\":\"https:\/\/skaitytaknyga.lt\/produktas\/itale-brukline\/#breadcrumb\"},\"inLanguage\":\"en-GB\",\"potentialAction\":[{\"@type\":\"ReadAction\",\"target\":[\"https:\/\/skaitytaknyga.lt\/produktas\/itale-brukline\/\"]}]},{\"@type\":\"ImageObject\",\"inLanguage\":\"en-GB\",\"@id\":\"https:\/\/skaitytaknyga.lt\/produktas\/itale-brukline\/#primaryimage\",\"url\":\"https:\/\/skaitytaknyga.lt\/wp-content\/uploads\/2025\/09\/Itale-Brukline-1.webp\",\"contentUrl\":\"https:\/\/skaitytaknyga.lt\/wp-content\/uploads\/2025\/09\/Itale-Brukline-1.webp\",\"width\":300,\"height\":448,\"caption\":\"Ital\u0117 Brukline\"},{\"@type\":\"BreadcrumbList\",\"@id\":\"https:\/\/skaitytaknyga.lt\/produktas\/itale-brukline\/#breadcrumb\",\"itemListElement\":[{\"@type\":\"ListItem\",\"position\":1,\"name\":\"Home\",\"item\":\"https:\/\/skaitytaknyga.lt\/\"},{\"@type\":\"ListItem\",\"position\":2,\"name\":\"Parduotuv\u0117\",\"item\":\"https:\/\/skaitytaknyga.lt\/knygu-parduotuve\/\"},{\"@type\":\"ListItem\",\"position\":3,\"name\":\"Ital\u0117 Brukline\"}]},{\"@type\":\"WebSite\",\"@id\":\"https:\/\/skaitytaknyga.lt\/#website\",\"url\":\"https:\/\/skaitytaknyga.lt\/\",\"name\":\"skaitytaknyga.lt\",\"description\":\"Skaitytaknyga.lt \u2013 tai ma\u017eas \u0161eimos verslas, kuris prasid\u0117jo nuo meil\u0117s knygoms ir siekio i\u0161gelb\u0117ti knygas nuo likimo prie konteinerio. Kas vienam nereikalingas daiktas \u2013 kitam lobis, o mes esame tarpininkai, kurie padeda abiems tapti laimingesniems ???? \u017dinome kaip nelengva i\u0161gyventi ma\u017eiems verslams, tad nuo \u0161iol, \u010dia rasite ir kit\u0173, ma\u017e\u0173 \u0161eim\u0173 versl\u0173, rank\u0173 darbo, dovan\u0173 sau ir artimiesiems.\",\"publisher\":{\"@id\":\"https:\/\/skaitytaknyga.lt\/#organization\"},\"potentialAction\":[{\"@type\":\"SearchAction\",\"target\":{\"@type\":\"EntryPoint\",\"urlTemplate\":\"https:\/\/skaitytaknyga.lt\/?s={search_term_string}\"},\"query-input\":{\"@type\":\"PropertyValueSpecification\",\"valueRequired\":true,\"valueName\":\"search_term_string\"}}],\"inLanguage\":\"en-GB\"},{\"@type\":\"Organization\",\"@id\":\"https:\/\/skaitytaknyga.lt\/#organization\",\"name\":\"skaitytaknyga.lt\",\"url\":\"https:\/\/skaitytaknyga.lt\/\",\"logo\":{\"@type\":\"ImageObject\",\"inLanguage\":\"en-GB\",\"@id\":\"https:\/\/skaitytaknyga.lt\/#\/schema\/logo\/image\/\",\"url\":\"https:\/\/skaitytaknyga.lt\/wp-content\/uploads\/2024\/05\/cropped-cropped-cropped-02_00843_jt3bggkj1j3HLc7SyY6rEUpg.jpeg\",\"contentUrl\":\"https:\/\/skaitytaknyga.lt\/wp-content\/uploads\/2024\/05\/cropped-cropped-cropped-02_00843_jt3bggkj1j3HLc7SyY6rEUpg.jpeg\",\"width\":1600,\"height\":1600,\"caption\":\"skaitytaknyga.lt\"},\"image\":{\"@id\":\"https:\/\/skaitytaknyga.lt\/#\/schema\/logo\/image\/\"},\"sameAs\":[\"https:\/\/www.facebook.com\/skaitytaknyga\/\"]}]}<\/script>\n<!-- \/ Yoast SEO plugin. -->","yoast_head_json":{"title":"Ital\u0117 Brukline","description":"Bestselerio \u201eSodininkas i\u0161 Pranc\u016bzijos\u201c autor\u0117 U\u017eburianti istorija apie paslaptis ir nauj\u0105 prad\u017ei\u0105. \u0160iaur\u0117s Italija, 1934 m. Evelina su seserimi Benedeta","robots":{"index":"index","follow":"follow","max-snippet":"max-snippet:-1","max-image-preview":"max-image-preview:large","max-video-preview":"max-video-preview:-1"},"canonical":"https:\/\/skaitytaknyga.lt\/en\/produktas\/itale-brukline\/","og_locale":"en_GB","og_type":"article","og_title":"[:lt]Ital\u0117 Brukline[:] - Skaitytaknyga","og_description":"Bestselerio \u201eSodininkas i\u0161 Pranc\u016bzijos\u201c autor\u0117 U\u017eburianti istorija apie paslaptis ir nauj\u0105 prad\u017ei\u0105. \u0160iaur\u0117s Italija, 1934 m. Evelina su seserimi Benedeta","og_url":"https:\/\/skaitytaknyga.lt\/en\/produktas\/itale-brukline\/","og_site_name":"Skaitytaknyga","article_publisher":"https:\/\/www.facebook.com\/skaitytaknyga\/","article_modified_time":"2025-10-06T10:22:30+00:00","og_image":[{"width":300,"height":448,"url":"https:\/\/skaitytaknyga.lt\/wp-content\/uploads\/2025\/09\/Itale-Brukline-1.webp","type":"image\/webp"}],"twitter_card":"summary_large_image","twitter_misc":{"Estimated reading time":"1 minute"},"schema":{"@context":"https:\/\/schema.org","@graph":[{"@type":"WebPage","@id":"https:\/\/skaitytaknyga.lt\/produktas\/itale-brukline\/","url":"https:\/\/skaitytaknyga.lt\/produktas\/itale-brukline\/","name":"Ital\u0117 Brukline","isPartOf":{"@id":"https:\/\/skaitytaknyga.lt\/#website"},"primaryImageOfPage":{"@id":"https:\/\/skaitytaknyga.lt\/produktas\/itale-brukline\/#primaryimage"},"image":{"@id":"https:\/\/skaitytaknyga.lt\/produktas\/itale-brukline\/#primaryimage"},"thumbnailUrl":"https:\/\/skaitytaknyga.lt\/wp-content\/uploads\/2025\/09\/Itale-Brukline-1.webp","datePublished":"2025-09-12T07:52:36+00:00","dateModified":"2025-10-06T10:22:30+00:00","description":"Bestselerio \u201eSodininkas i\u0161 Pranc\u016bzijos\u201c autor\u0117 U\u017eburianti istorija apie paslaptis ir nauj\u0105 prad\u017ei\u0105. \u0160iaur\u0117s Italija, 1934 m. Evelina su seserimi Benedeta","breadcrumb":{"@id":"https:\/\/skaitytaknyga.lt\/produktas\/itale-brukline\/#breadcrumb"},"inLanguage":"en-GB","potentialAction":[{"@type":"ReadAction","target":["https:\/\/skaitytaknyga.lt\/produktas\/itale-brukline\/"]}]},{"@type":"ImageObject","inLanguage":"en-GB","@id":"https:\/\/skaitytaknyga.lt\/produktas\/itale-brukline\/#primaryimage","url":"https:\/\/skaitytaknyga.lt\/wp-content\/uploads\/2025\/09\/Itale-Brukline-1.webp","contentUrl":"https:\/\/skaitytaknyga.lt\/wp-content\/uploads\/2025\/09\/Itale-Brukline-1.webp","width":300,"height":448,"caption":"Ital\u0117 Brukline"},{"@type":"BreadcrumbList","@id":"https:\/\/skaitytaknyga.lt\/produktas\/itale-brukline\/#breadcrumb","itemListElement":[{"@type":"ListItem","position":1,"name":"Home","item":"https:\/\/skaitytaknyga.lt\/"},{"@type":"ListItem","position":2,"name":"Parduotuv\u0117","item":"https:\/\/skaitytaknyga.lt\/knygu-parduotuve\/"},{"@type":"ListItem","position":3,"name":"Ital\u0117 Brukline"}]},{"@type":"WebSite","@id":"https:\/\/skaitytaknyga.lt\/#website","url":"https:\/\/skaitytaknyga.lt\/","name":"skaitytaknyga.lt","description":"Skaitytaknyga.lt \u2013 tai ma\u017eas \u0161eimos verslas, kuris prasid\u0117jo nuo meil\u0117s knygoms ir siekio i\u0161gelb\u0117ti knygas nuo likimo prie konteinerio. Kas vienam nereikalingas daiktas \u2013 kitam lobis, o mes esame tarpininkai, kurie padeda abiems tapti laimingesniems ???? \u017dinome kaip nelengva i\u0161gyventi ma\u017eiems verslams, tad nuo \u0161iol, \u010dia rasite ir kit\u0173, ma\u017e\u0173 \u0161eim\u0173 versl\u0173, rank\u0173 darbo, dovan\u0173 sau ir artimiesiems.","publisher":{"@id":"https:\/\/skaitytaknyga.lt\/#organization"},"potentialAction":[{"@type":"SearchAction","target":{"@type":"EntryPoint","urlTemplate":"https:\/\/skaitytaknyga.lt\/?s={search_term_string}"},"query-input":{"@type":"PropertyValueSpecification","valueRequired":true,"valueName":"search_term_string"}}],"inLanguage":"en-GB"},{"@type":"Organization","@id":"https:\/\/skaitytaknyga.lt\/#organization","name":"skaitytaknyga.lt","url":"https:\/\/skaitytaknyga.lt\/","logo":{"@type":"ImageObject","inLanguage":"en-GB","@id":"https:\/\/skaitytaknyga.lt\/#\/schema\/logo\/image\/","url":"https:\/\/skaitytaknyga.lt\/wp-content\/uploads\/2024\/05\/cropped-cropped-cropped-02_00843_jt3bggkj1j3HLc7SyY6rEUpg.jpeg","contentUrl":"https:\/\/skaitytaknyga.lt\/wp-content\/uploads\/2024\/05\/cropped-cropped-cropped-02_00843_jt3bggkj1j3HLc7SyY6rEUpg.jpeg","width":1600,"height":1600,"caption":"skaitytaknyga.lt"},"image":{"@id":"https:\/\/skaitytaknyga.lt\/#\/schema\/logo\/image\/"},"sameAs":["https:\/\/www.facebook.com\/skaitytaknyga\/"]}]}},"_links":{"self":[{"href":"https:\/\/skaitytaknyga.lt\/en\/wp-json\/wp\/v2\/product\/20720","targetHints":{"allow":["GET"]}}],"collection":[{"href":"https:\/\/skaitytaknyga.lt\/en\/wp-json\/wp\/v2\/product"}],"about":[{"href":"https:\/\/skaitytaknyga.lt\/en\/wp-json\/wp\/v2\/types\/product"}],"replies":[{"embeddable":true,"href":"https:\/\/skaitytaknyga.lt\/en\/wp-json\/wp\/v2\/comments?post=20720"}],"wp:featuredmedia":[{"embeddable":true,"href":"https:\/\/skaitytaknyga.lt\/en\/wp-json\/wp\/v2\/media\/20725"}],"wp:attachment":[{"href":"https:\/\/skaitytaknyga.lt\/en\/wp-json\/wp\/v2\/media?parent=20720"}],"wp:term":[{"taxonomy":"product_brand","embeddable":true,"href":"https:\/\/skaitytaknyga.lt\/en\/wp-json\/wp\/v2\/product_brand?post=20720"},{"taxonomy":"product_cat","embeddable":true,"href":"https:\/\/skaitytaknyga.lt\/en\/wp-json\/wp\/v2\/product_cat?post=20720"},{"taxonomy":"product_tag","embeddable":true,"href":"https:\/\/skaitytaknyga.lt\/en\/wp-json\/wp\/v2\/product_tag?post=20720"}],"curies":[{"name":"wp","href":"https:\/\/api.w.org\/{rel}","templated":true}]}}