{"id":20719,"date":"2025-09-12T10:52:35","date_gmt":"2025-09-12T07:52:35","guid":{"rendered":"https:\/\/skaitytaknyga.lt\/?post_type=product&#038;p=20719"},"modified":"2026-03-05T13:17:12","modified_gmt":"2026-03-05T11:17:12","slug":"afganas","status":"publish","type":"product","link":"https:\/\/skaitytaknyga.lt\/en\/produktas\/afganas\/","title":{"rendered":"Afganas"},"content":{"rendered":"<p>Romano siu\u017eetas \u2013 did\u017eiausia Al Kaidos teroristin\u0117 operacija, pranokstanti 2001 met\u0173 rugs\u0117jo vienuoliktosios tragedij\u0105. Brit\u0173 ir amerikie\u010di\u0173 \u017evalgybos su\u017eino apie rengiam\u0105 grandiozin\u012f terorist\u0173 i\u0161puol\u012f, ta\u010diau nei kur, nei kada jis \u012fvyks, n\u0117ra ai\u0161ku. Priimamas sprendimas \u2013 infiltruoti vien\u0105 savo agent\u0173 \u012f terorist\u0173 tinkl\u0105.<\/p>\n<p>Geriausiai \u0161iai u\u017eduo\u010diai atlikti tinka buv\u0119s specialiosios paskirties paj\u0117g\u0173 kari\u0161kis Maikas Martinas \u2013 juodbruvo gymio (jo senel\u0117 kilusi i\u0161 Vakar\u0173 Bengalijos), mok\u0119sis Irake, soviet\u0173 okupacijos metais Afganistane talkin\u0119s mud\u017eahedams, kalbantis arab\u0173 ir pu\u0161t\u016bn\u0173 kalbomis. B\u016btent jis tur\u0117s apsimesti Gvantanamo \u012flankoje kalin\u010diu vienu i\u0161 auk\u0161t\u0173 teroristin\u0117s organizacijos vadeiv\u0173 afganistanie\u010diu Izmatu Khanu ir leistis \u012f pavoj\u0173 kupin\u0105, dramati\u0161k\u0105 kelion\u0119.<\/p>\n<p>Apie autori\u0173<\/p>\n<p>Frederickas Forsythas (Frederikas Forsaitas, gim. 1938) \u2013 buv\u0119s Karali\u0161k\u0173j\u0173 oro paj\u0117g\u0173 pilotas, v\u0117liau karo korespondentas, beveik dvide\u0161imties knyg\u0173 autorius \u2013 literat\u016bros pasaulyje i\u0161gars\u0117jo jau pirmuoju savo romanu \u201e\u0160akalo diena\u201c (1971). Knyga buvo pripa\u017einta politinio s\u0105mokslo trilerio \u017eanro etalonu, o ra\u0161ytojas apdovanotas E. A. Poe premija u\u017e geriausi\u0105 roman\u0105.<\/p>\n<p>Prad\u0117jus skaityti bet kuri\u0105 ra\u0161ytojo knyg\u0105 sunku atsitraukti: ai\u0161kus veiksmo laikas, konkreti aplinka, veikia \u017einomos j\u0117gos, veik\u0117j\u0173 s\u0105ra\u0161e \u2013 net valstybi\u0173 vadovai. Stulbina faktologijos tikslumas, bet skaitytojas negali nujausti, kas jo laukia paskesniame puslapyje. Dingsta riba tarp kronikininko fiksavimo ir ra\u0161ytojo k\u016brybin\u0117s minties.<\/p>\n","protected":false},"excerpt":{"rendered":"<p>Romano siu\u017eetas \u2013 did\u017eiausia Al Kaidos teroristin\u0117 operacija, pranokstanti 2001 met\u0173 rugs\u0117jo vienuoliktosios tragedij\u0105. Brit\u0173 ir amerikie\u010di\u0173 \u017evalgybos su\u017eino apie rengiam\u0105 grandiozin\u012f terorist\u0173 i\u0161puol\u012f, ta\u010diau nei kur, nei kada jis \u012fvyks, n\u0117ra ai\u0161ku. Priimamas sprendimas \u2013 infiltruoti vien\u0105 savo agent\u0173 \u012f terorist\u0173 tinkl\u0105. Geriausiai \u0161iai u\u017eduo\u010diai atlikti tinka buv\u0119s specialiosios paskirties paj\u0117g\u0173 kari\u0161kis Maikas Martinas \u2013 juodbruvo gymio (jo senel\u0117 kilusi i\u0161 Vakar\u0173 Bengalijos), mok\u0119sis Irake, soviet\u0173 okupacijos metais Afganistane talkin\u0119s mud\u017eahedams, kalbantis arab\u0173 ir pu\u0161t\u016bn\u0173 kalbomis. B\u016btent jis tur\u0117s apsimesti Gvantanamo \u012flankoje kalin\u010diu vienu i\u0161 auk\u0161t\u0173 teroristin\u0117s organizacijos vadeiv\u0173 afganistanie\u010diu Izmatu Khanu ir leistis \u012f pavoj\u0173 kupin\u0105, dramati\u0161k\u0105 kelion\u0119. Apie autori\u0173 Frederickas Forsythas (Frederikas Forsaitas, gim. 1938) \u2013 buv\u0119s Karali\u0161k\u0173j\u0173 oro paj\u0117g\u0173 pilotas, v\u0117liau karo korespondentas, beveik dvide\u0161imties knyg\u0173 autorius \u2013 literat\u016bros pasaulyje i\u0161gars\u0117jo jau pirmuoju savo romanu \u201e\u0160akalo diena\u201c (1971). Knyga buvo pripa\u017einta politinio s\u0105mokslo trilerio \u017eanro etalonu, o ra\u0161ytojas apdovanotas E. A. Poe premija u\u017e geriausi\u0105 roman\u0105. Prad\u0117jus skaityti bet kuri\u0105 ra\u0161ytojo knyg\u0105 sunku atsitraukti: ai\u0161kus veiksmo laikas, konkreti aplinka, veikia \u017einomos j\u0117gos, veik\u0117j\u0173 s\u0105ra\u0161e \u2013 net valstybi\u0173 vadovai. Stulbina faktologijos tikslumas, bet skaitytojas negali nujausti, kas jo laukia paskesniame puslapyje. Dingsta riba tarp kronikininko fiksavimo ir ra\u0161ytojo k\u016brybin\u0117s minties.<\/p>\n","protected":false},"featured_media":20724,"comment_status":"open","ping_status":"closed","template":"","meta":{"_acf_changed":false,"site-sidebar-layout":"default","site-content-layout":"","ast-site-content-layout":"default","site-content-style":"default","site-sidebar-style":"default","ast-global-header-display":"","ast-banner-title-visibility":"","ast-main-header-display":"","ast-hfb-above-header-display":"","ast-hfb-below-header-display":"","ast-hfb-mobile-header-display":"","site-post-title":"","ast-breadcrumbs-content":"","ast-featured-img":"","footer-sml-layout":"","ast-disable-related-posts":"","theme-transparent-header-meta":"","adv-header-id-meta":"","stick-header-meta":"","header-above-stick-meta":"","header-main-stick-meta":"","header-below-stick-meta":"","astra-migrate-meta-layouts":"default","ast-page-background-enabled":"default","ast-page-background-meta":{"desktop":{"background-color":"","background-image":"","background-repeat":"repeat","background-position":"center center","background-size":"auto","background-attachment":"scroll","background-type":"","background-media":"","overlay-type":"","overlay-color":"","overlay-opacity":"","overlay-gradient":""},"tablet":{"background-color":"","background-image":"","background-repeat":"repeat","background-position":"center center","background-size":"auto","background-attachment":"scroll","background-type":"","background-media":"","overlay-type":"","overlay-color":"","overlay-opacity":"","overlay-gradient":""},"mobile":{"background-color":"","background-image":"","background-repeat":"repeat","background-position":"center center","background-size":"auto","background-attachment":"scroll","background-type":"","background-media":"","overlay-type":"","overlay-color":"","overlay-opacity":"","overlay-gradient":""}},"ast-content-background-meta":{"desktop":{"background-color":"var(--ast-global-color-4)","background-image":"","background-repeat":"repeat","background-position":"center center","background-size":"auto","background-attachment":"scroll","background-type":"","background-media":"","overlay-type":"","overlay-color":"","overlay-opacity":"","overlay-gradient":""},"tablet":{"background-color":"var(--ast-global-color-4)","background-image":"","background-repeat":"repeat","background-position":"center center","background-size":"auto","background-attachment":"scroll","background-type":"","background-media":"","overlay-type":"","overlay-color":"","overlay-opacity":"","overlay-gradient":""},"mobile":{"background-color":"var(--ast-global-color-4)","background-image":"","background-repeat":"repeat","background-position":"center center","background-size":"auto","background-attachment":"scroll","background-type":"","background-media":"","overlay-type":"","overlay-color":"","overlay-opacity":"","overlay-gradient":""}}},"product_brand":[],"product_cat":[9581],"product_tag":[8820,1688,8822,8821,3794,3795,7101,4942],"class_list":{"0":"post-20719","1":"product","2":"type-product","3":"status-publish","4":"has-post-thumbnail","6":"product_cat-kriminaliniai-romanai","7":"product_tag-al-qaeda","8":"product_tag-frederick-forsyth","9":"product_tag-itampos-kupinas-siuzetas","10":"product_tag-karinis-romanas","11":"product_tag-politinis-trileris","12":"product_tag-snipinejimas","13":"product_tag-terorizmas","14":"product_tag-zvalgyba","15":"desktop-align-left","16":"tablet-align-left","17":"mobile-align-left","19":"first","20":"instock","21":"shipping-taxable","22":"purchasable","23":"product-type-simple"},"acf":[],"yoast_head":"<!-- This site is optimized with the Yoast SEO plugin v27.0 - https:\/\/yoast.com\/product\/yoast-seo-wordpress\/ -->\n<title>Afganas<\/title>\n<meta name=\"description\" content=\"Romano siu\u017eetas \u2013 did\u017eiausia Al Kaidos teroristin\u0117 operacija, pranokstanti 2001 met\u0173 rugs\u0117jo vienuoliktosios tragedij\u0105. Brit\u0173 ir amerikie\u010di\u0173 \u017evalgybos\" \/>\n<meta name=\"robots\" content=\"index, follow, max-snippet:-1, max-image-preview:large, max-video-preview:-1\" \/>\n<link rel=\"canonical\" href=\"https:\/\/skaitytaknyga.lt\/en\/produktas\/afganas\/\" \/>\n<meta property=\"og:locale\" content=\"en_GB\" \/>\n<meta property=\"og:locale:alternate\" content=\"lt_LT\" \/>\n<meta property=\"og:type\" content=\"article\" \/>\n<meta property=\"og:title\" content=\"Afganas\" \/>\n<meta property=\"og:description\" content=\"Romano siu\u017eetas \u2013 did\u017eiausia Al Kaidos teroristin\u0117 operacija, pranokstanti 2001 met\u0173 rugs\u0117jo vienuoliktosios tragedij\u0105. Brit\u0173 ir amerikie\u010di\u0173 \u017evalgybos\" \/>\n<meta property=\"og:url\" content=\"https:\/\/skaitytaknyga.lt\/en\/produktas\/afganas\/\" \/>\n<meta property=\"og:site_name\" content=\"Skaitytaknyga\" \/>\n<meta property=\"article:publisher\" content=\"https:\/\/www.facebook.com\/skaitytaknyga\/\" \/>\n<meta property=\"article:modified_time\" content=\"2026-03-05T11:17:12+00:00\" \/>\n<meta property=\"og:image\" content=\"https:\/\/skaitytaknyga.lt\/wp-content\/uploads\/2025\/09\/Afganas-1.webp\" \/>\n\t<meta property=\"og:image:width\" content=\"300\" \/>\n\t<meta property=\"og:image:height\" content=\"444\" \/>\n\t<meta property=\"og:image:type\" content=\"image\/webp\" \/>\n<meta name=\"twitter:card\" content=\"summary_large_image\" \/>\n<meta name=\"twitter:label1\" content=\"Estimated reading time\" \/>\n\t<meta name=\"twitter:data1\" content=\"1 minute\" \/>\n<script type=\"application\/ld+json\" class=\"yoast-schema-graph\">{\"@context\":\"https:\/\/schema.org\",\"@graph\":[{\"@type\":\"WebPage\",\"@id\":\"https:\/\/skaitytaknyga.lt\/produktas\/afganas\/\",\"url\":\"https:\/\/skaitytaknyga.lt\/produktas\/afganas\/\",\"name\":\"Afganas\",\"isPartOf\":{\"@id\":\"https:\/\/skaitytaknyga.lt\/#website\"},\"primaryImageOfPage\":{\"@id\":\"https:\/\/skaitytaknyga.lt\/produktas\/afganas\/#primaryimage\"},\"image\":{\"@id\":\"https:\/\/skaitytaknyga.lt\/produktas\/afganas\/#primaryimage\"},\"thumbnailUrl\":\"https:\/\/skaitytaknyga.lt\/wp-content\/uploads\/2025\/09\/Afganas-1.webp\",\"datePublished\":\"2025-09-12T07:52:35+00:00\",\"dateModified\":\"2026-03-05T11:17:12+00:00\",\"description\":\"Romano siu\u017eetas \u2013 did\u017eiausia Al Kaidos teroristin\u0117 operacija, pranokstanti 2001 met\u0173 rugs\u0117jo vienuoliktosios tragedij\u0105. Brit\u0173 ir amerikie\u010di\u0173 \u017evalgybos\",\"breadcrumb\":{\"@id\":\"https:\/\/skaitytaknyga.lt\/produktas\/afganas\/#breadcrumb\"},\"inLanguage\":\"en-GB\",\"potentialAction\":[{\"@type\":\"ReadAction\",\"target\":[\"https:\/\/skaitytaknyga.lt\/produktas\/afganas\/\"]}]},{\"@type\":\"ImageObject\",\"inLanguage\":\"en-GB\",\"@id\":\"https:\/\/skaitytaknyga.lt\/produktas\/afganas\/#primaryimage\",\"url\":\"https:\/\/skaitytaknyga.lt\/wp-content\/uploads\/2025\/09\/Afganas-1.webp\",\"contentUrl\":\"https:\/\/skaitytaknyga.lt\/wp-content\/uploads\/2025\/09\/Afganas-1.webp\",\"width\":300,\"height\":444},{\"@type\":\"BreadcrumbList\",\"@id\":\"https:\/\/skaitytaknyga.lt\/produktas\/afganas\/#breadcrumb\",\"itemListElement\":[{\"@type\":\"ListItem\",\"position\":1,\"name\":\"Home\",\"item\":\"https:\/\/skaitytaknyga.lt\/\"},{\"@type\":\"ListItem\",\"position\":2,\"name\":\"Parduotuv\u0117\",\"item\":\"https:\/\/skaitytaknyga.lt\/knygu-parduotuve\/\"},{\"@type\":\"ListItem\",\"position\":3,\"name\":\"Afganas\"}]},{\"@type\":\"WebSite\",\"@id\":\"https:\/\/skaitytaknyga.lt\/#website\",\"url\":\"https:\/\/skaitytaknyga.lt\/\",\"name\":\"skaitytaknyga.lt\",\"description\":\"Skaitytaknyga.lt \u2013 tai ma\u017eas \u0161eimos verslas, kuris prasid\u0117jo nuo meil\u0117s knygoms ir siekio i\u0161gelb\u0117ti knygas nuo likimo prie konteinerio. Kas vienam nereikalingas daiktas \u2013 kitam lobis, o mes esame tarpininkai, kurie padeda abiems tapti laimingesniems ???? \u017dinome kaip nelengva i\u0161gyventi ma\u017eiems verslams, tad nuo \u0161iol, \u010dia rasite ir kit\u0173, ma\u017e\u0173 \u0161eim\u0173 versl\u0173, rank\u0173 darbo, dovan\u0173 sau ir artimiesiems.\",\"publisher\":{\"@id\":\"https:\/\/skaitytaknyga.lt\/#organization\"},\"potentialAction\":[{\"@type\":\"SearchAction\",\"target\":{\"@type\":\"EntryPoint\",\"urlTemplate\":\"https:\/\/skaitytaknyga.lt\/?s={search_term_string}\"},\"query-input\":{\"@type\":\"PropertyValueSpecification\",\"valueRequired\":true,\"valueName\":\"search_term_string\"}}],\"inLanguage\":\"en-GB\"},{\"@type\":\"Organization\",\"@id\":\"https:\/\/skaitytaknyga.lt\/#organization\",\"name\":\"skaitytaknyga.lt\",\"url\":\"https:\/\/skaitytaknyga.lt\/\",\"logo\":{\"@type\":\"ImageObject\",\"inLanguage\":\"en-GB\",\"@id\":\"https:\/\/skaitytaknyga.lt\/#\/schema\/logo\/image\/\",\"url\":\"https:\/\/skaitytaknyga.lt\/wp-content\/uploads\/2024\/05\/cropped-cropped-cropped-02_00843_jt3bggkj1j3HLc7SyY6rEUpg.jpeg\",\"contentUrl\":\"https:\/\/skaitytaknyga.lt\/wp-content\/uploads\/2024\/05\/cropped-cropped-cropped-02_00843_jt3bggkj1j3HLc7SyY6rEUpg.jpeg\",\"width\":1600,\"height\":1600,\"caption\":\"skaitytaknyga.lt\"},\"image\":{\"@id\":\"https:\/\/skaitytaknyga.lt\/#\/schema\/logo\/image\/\"},\"sameAs\":[\"https:\/\/www.facebook.com\/skaitytaknyga\/\"]}]}<\/script>\n<!-- \/ Yoast SEO plugin. -->","yoast_head_json":{"title":"Afganas","description":"Romano siu\u017eetas \u2013 did\u017eiausia Al Kaidos teroristin\u0117 operacija, pranokstanti 2001 met\u0173 rugs\u0117jo vienuoliktosios tragedij\u0105. Brit\u0173 ir amerikie\u010di\u0173 \u017evalgybos","robots":{"index":"index","follow":"follow","max-snippet":"max-snippet:-1","max-image-preview":"max-image-preview:large","max-video-preview":"max-video-preview:-1"},"canonical":"https:\/\/skaitytaknyga.lt\/en\/produktas\/afganas\/","og_locale":"en_GB","og_type":"article","og_title":"[:lt]Afganas[:] - Skaitytaknyga","og_description":"Romano siu\u017eetas \u2013 did\u017eiausia Al Kaidos teroristin\u0117 operacija, pranokstanti 2001 met\u0173 rugs\u0117jo vienuoliktosios tragedij\u0105. Brit\u0173 ir amerikie\u010di\u0173 \u017evalgybos","og_url":"https:\/\/skaitytaknyga.lt\/en\/produktas\/afganas\/","og_site_name":"Skaitytaknyga","article_publisher":"https:\/\/www.facebook.com\/skaitytaknyga\/","article_modified_time":"2026-03-05T11:17:12+00:00","og_image":[{"width":300,"height":444,"url":"https:\/\/skaitytaknyga.lt\/wp-content\/uploads\/2025\/09\/Afganas-1.webp","type":"image\/webp"}],"twitter_card":"summary_large_image","twitter_misc":{"Estimated reading time":"1 minute"},"schema":{"@context":"https:\/\/schema.org","@graph":[{"@type":"WebPage","@id":"https:\/\/skaitytaknyga.lt\/produktas\/afganas\/","url":"https:\/\/skaitytaknyga.lt\/produktas\/afganas\/","name":"Afganas","isPartOf":{"@id":"https:\/\/skaitytaknyga.lt\/#website"},"primaryImageOfPage":{"@id":"https:\/\/skaitytaknyga.lt\/produktas\/afganas\/#primaryimage"},"image":{"@id":"https:\/\/skaitytaknyga.lt\/produktas\/afganas\/#primaryimage"},"thumbnailUrl":"https:\/\/skaitytaknyga.lt\/wp-content\/uploads\/2025\/09\/Afganas-1.webp","datePublished":"2025-09-12T07:52:35+00:00","dateModified":"2026-03-05T11:17:12+00:00","description":"Romano siu\u017eetas \u2013 did\u017eiausia Al Kaidos teroristin\u0117 operacija, pranokstanti 2001 met\u0173 rugs\u0117jo vienuoliktosios tragedij\u0105. Brit\u0173 ir amerikie\u010di\u0173 \u017evalgybos","breadcrumb":{"@id":"https:\/\/skaitytaknyga.lt\/produktas\/afganas\/#breadcrumb"},"inLanguage":"en-GB","potentialAction":[{"@type":"ReadAction","target":["https:\/\/skaitytaknyga.lt\/produktas\/afganas\/"]}]},{"@type":"ImageObject","inLanguage":"en-GB","@id":"https:\/\/skaitytaknyga.lt\/produktas\/afganas\/#primaryimage","url":"https:\/\/skaitytaknyga.lt\/wp-content\/uploads\/2025\/09\/Afganas-1.webp","contentUrl":"https:\/\/skaitytaknyga.lt\/wp-content\/uploads\/2025\/09\/Afganas-1.webp","width":300,"height":444},{"@type":"BreadcrumbList","@id":"https:\/\/skaitytaknyga.lt\/produktas\/afganas\/#breadcrumb","itemListElement":[{"@type":"ListItem","position":1,"name":"Home","item":"https:\/\/skaitytaknyga.lt\/"},{"@type":"ListItem","position":2,"name":"Parduotuv\u0117","item":"https:\/\/skaitytaknyga.lt\/knygu-parduotuve\/"},{"@type":"ListItem","position":3,"name":"Afganas"}]},{"@type":"WebSite","@id":"https:\/\/skaitytaknyga.lt\/#website","url":"https:\/\/skaitytaknyga.lt\/","name":"skaitytaknyga.lt","description":"Skaitytaknyga.lt \u2013 tai ma\u017eas \u0161eimos verslas, kuris prasid\u0117jo nuo meil\u0117s knygoms ir siekio i\u0161gelb\u0117ti knygas nuo likimo prie konteinerio. Kas vienam nereikalingas daiktas \u2013 kitam lobis, o mes esame tarpininkai, kurie padeda abiems tapti laimingesniems ???? \u017dinome kaip nelengva i\u0161gyventi ma\u017eiems verslams, tad nuo \u0161iol, \u010dia rasite ir kit\u0173, ma\u017e\u0173 \u0161eim\u0173 versl\u0173, rank\u0173 darbo, dovan\u0173 sau ir artimiesiems.","publisher":{"@id":"https:\/\/skaitytaknyga.lt\/#organization"},"potentialAction":[{"@type":"SearchAction","target":{"@type":"EntryPoint","urlTemplate":"https:\/\/skaitytaknyga.lt\/?s={search_term_string}"},"query-input":{"@type":"PropertyValueSpecification","valueRequired":true,"valueName":"search_term_string"}}],"inLanguage":"en-GB"},{"@type":"Organization","@id":"https:\/\/skaitytaknyga.lt\/#organization","name":"skaitytaknyga.lt","url":"https:\/\/skaitytaknyga.lt\/","logo":{"@type":"ImageObject","inLanguage":"en-GB","@id":"https:\/\/skaitytaknyga.lt\/#\/schema\/logo\/image\/","url":"https:\/\/skaitytaknyga.lt\/wp-content\/uploads\/2024\/05\/cropped-cropped-cropped-02_00843_jt3bggkj1j3HLc7SyY6rEUpg.jpeg","contentUrl":"https:\/\/skaitytaknyga.lt\/wp-content\/uploads\/2024\/05\/cropped-cropped-cropped-02_00843_jt3bggkj1j3HLc7SyY6rEUpg.jpeg","width":1600,"height":1600,"caption":"skaitytaknyga.lt"},"image":{"@id":"https:\/\/skaitytaknyga.lt\/#\/schema\/logo\/image\/"},"sameAs":["https:\/\/www.facebook.com\/skaitytaknyga\/"]}]}},"_links":{"self":[{"href":"https:\/\/skaitytaknyga.lt\/en\/wp-json\/wp\/v2\/product\/20719","targetHints":{"allow":["GET"]}}],"collection":[{"href":"https:\/\/skaitytaknyga.lt\/en\/wp-json\/wp\/v2\/product"}],"about":[{"href":"https:\/\/skaitytaknyga.lt\/en\/wp-json\/wp\/v2\/types\/product"}],"replies":[{"embeddable":true,"href":"https:\/\/skaitytaknyga.lt\/en\/wp-json\/wp\/v2\/comments?post=20719"}],"wp:featuredmedia":[{"embeddable":true,"href":"https:\/\/skaitytaknyga.lt\/en\/wp-json\/wp\/v2\/media\/20724"}],"wp:attachment":[{"href":"https:\/\/skaitytaknyga.lt\/en\/wp-json\/wp\/v2\/media?parent=20719"}],"wp:term":[{"taxonomy":"product_brand","embeddable":true,"href":"https:\/\/skaitytaknyga.lt\/en\/wp-json\/wp\/v2\/product_brand?post=20719"},{"taxonomy":"product_cat","embeddable":true,"href":"https:\/\/skaitytaknyga.lt\/en\/wp-json\/wp\/v2\/product_cat?post=20719"},{"taxonomy":"product_tag","embeddable":true,"href":"https:\/\/skaitytaknyga.lt\/en\/wp-json\/wp\/v2\/product_tag?post=20719"}],"curies":[{"name":"wp","href":"https:\/\/api.w.org\/{rel}","templated":true}]}}