{"id":20713,"date":"2025-09-12T10:39:33","date_gmt":"2025-09-12T07:39:33","guid":{"rendered":"https:\/\/skaitytaknyga.lt\/?post_type=product&#038;p=20713"},"modified":"2026-02-26T10:10:29","modified_gmt":"2026-02-26T08:10:29","slug":"tantra-auksciausias-suvokimas","status":"publish","type":"product","link":"https:\/\/skaitytaknyga.lt\/en\/produktas\/tantra-auksciausias-suvokimas\/","title":{"rendered":"Tantra: auk\u0161\u010diausias suvokimas"},"content":{"rendered":"<p>Knygoje &#8220;Tantra: auk\u0161\u010diausias suvokimas&#8221; surinkti spontani\u0161ki vieno garsiausi\u0173 XX a. pra\u0161vitusi\u0173 Mokytoj\u0173 O\u0161o pokalbiai apie Tantr\u0105 ir tantrin\u012f keli\u0105. Pokalbiuose remiamasi XI a. ind\u0173 dvasiniu tekstu &#8211; Tilopos \u201eMahamudros daina&#8221;. \u0160iuose pokalbiuose O\u0161o ai\u0161kina daugel\u012f reik\u0161ming\u0173 meditacijos technik\u0173, kurios lygiai taip pat naudingos ir galingos \u0161iandien, kaip ir tada, kai Tilopa pirm\u0105syk dainavo savo dain\u0105.<\/p>\n<p>&#8220;Did\u017eiausi\u0105 duokl\u0119 turb\u016bt atiduosiu \u0161iai knygai tiesiog pasakydamas, kad baig\u0119s j\u0105 skaityti nuo\u0161ird\u017eiai pajutau &#8211; man nebereikia jokios kitos knygos. Esm\u0117 gali b\u016bti nei\u0161rei\u0161kiama. Ta\u010diau visa, k\u0105 galima apsakyti, yra pasakyta \u010dia &#8211; dviej\u0173 nu\u0161vitusi\u0173 meistr\u0173 &#8211; O\u0161o ir Tilopos &#8211; visa apiman\u010dioje tantrin\u0117je vizijoje. \u0160is nepaprastas susitikimas duoda supratimo rakt\u0105, ir atsiveria suvokimo &#8211; geb\u0117jimo priimti netgi transcendencij\u0105 &#8211; duris.&#8221;<br \/>\nAnandas Subh\u016btis<\/p>\n<p>&#8220;Mahamudra &#8211; tai tu\u0161tumos patyrimas: j\u016bs\u0173 tiesiog n\u0117ra. O kai j\u016bs\u0173 n\u0117ra, kas tuomet tur\u0117t\u0173 k\u0119sti skausm\u0105, kan\u010dias, kas tur\u0117t\u0173 b\u016bti prisl\u0117gtas ir li\u016bdnas, kas tur\u0117t\u0173 jausti d\u017eiaugsm\u0105 ir palaim\u0105? Buda sako, kad jei jau\u010diate palaim\u0105, j\u016bs v\u0117l tapsite kent\u0117jimo auka, nes vis tiek esate. Bet kai j\u016bs\u0173 n\u0117ra, visi\u0161kai n\u0117ra &#8211; tada n\u0117ra nei kan\u010dios, nei palaimos. O tai ir yra tikrosios palaimos esm\u0117. Kelio atgal neb\u0117ra. Pasiekti neb\u016bt\u012f rei\u0161kia pasiekti visk\u0105.[&#8230;]<br \/>\nTik tada, kai du mylimieji susilie\u010dia vienas su kitu kaip dvi tu\u0161tumos &#8211; tik tuomet \u012fmanomas susiliejimas, nes sienos tampa sugriautos, nebelieka joki\u0173 rib\u0173. Energija laisvai teka abiem kryptimis, nes neliko joki\u0173 kli\u016b\u010di\u0173. Tik tokios gilios meil\u0117s akimirk\u0105 \u012fmanoma patirti orgazm\u0105. Kai abu mylimieji myl\u0117damiesi tampa ne asmenyb\u0117mis, tu\u0161tuma, \u012fvyksta orgazmas. Tada j\u0173 energija ir visa j\u0173 esyb\u0117 praranda tapatyb\u0119, jie nustoja b\u016bti patys savimi, jie krenta \u012f praraj\u0105. Bet tai vyksta tik vien\u0105 akimirk\u0105: po to jie v\u0117l gr\u012f\u017eta atgal ir v\u0117l ima laikytis sav\u0119s. \u0160tai tod\u0117l \u017emon\u0117s bijo meil\u0117s. Panirus giliai \u012f meil\u0119 apima baim\u0117 i\u0161prot\u0117ti, baim\u0117 mirti i\u0161 meil\u0117s, baim\u0117 to, kas gali atsitikti. Atsiveria bedugn\u0117, visa egzistencija prasi\u017eioja, j\u016bs staiga atsiduriate ten ir galite \u012fkristi. \u017dmon\u0117s ima bijoti meil\u0117s, jie pasitenkina seksu ir \u0161\u012f vadina meile. Meil\u0117 &#8211; ne seksas. Seksas gali b\u016bti meil\u0117s dalis, neatsiejama dalis. Bet savaime seksas &#8211; t\u0117ra meil\u0117s pakaitalas. J\u016bs stengiat\u0117s i\u0161vengti meil\u0117s per seks\u0105.[&#8230;]<br \/>\nJ\u016bs \u012fsivaizduojate myl\u012f, bet n\u0117 kiek nepriart\u0117jate prie meil\u0117s. Seksas yra tarsi skolintos \u017einios, suteikian\u010dios \u017einojimo iliuzij\u0105, bet ne \u017einojim\u0105, &#8211; meil\u0117s iliuzij\u0105, bet ne meil\u0119.[&#8230;]<br \/>\nMeil\u0117je j\u016bs neegzistuojate, kito taip pat n\u0117ra: tik tada abu staiga i\u0161nykstate. Tas pats vyksta ir Mahamudroje. Mahamudra &#8211; tai visa apimantis dvasinis orgazmas, susiliejimas su visa egzistencija. Tod\u0117l tantroje &#8211; o Tilopa yra tantros mokytojas &#8211; gilus ry\u0161ys, dviej\u0173 mylim\u0173j\u0173 ekstaz\u0117s pa\u017eenklintas ry\u0161ys taip pat vadinamas Mahamudra, o \u012f gili\u0105 ekstaz\u0117s b\u016bsen\u0105 panir\u0119 du mylimieji yra vaizduojami tantrin\u0117se \u0161ventyklose ir tantrin\u0117se knygose. Tai tapo pasiekto orgazmo simboliu.&#8221;<\/p>\n","protected":false},"excerpt":{"rendered":"<p>Knygoje &#8220;Tantra: auk\u0161\u010diausias suvokimas&#8221; surinkti spontani\u0161ki vieno garsiausi\u0173 XX a. pra\u0161vitusi\u0173 Mokytoj\u0173 O\u0161o pokalbiai apie Tantr\u0105 ir tantrin\u012f keli\u0105. Pokalbiuose remiamasi XI a. ind\u0173 dvasiniu tekstu &#8211; Tilopos \u201eMahamudros daina&#8221;. \u0160iuose pokalbiuose O\u0161o ai\u0161kina daugel\u012f reik\u0161ming\u0173 meditacijos technik\u0173, kurios lygiai taip pat naudingos ir galingos \u0161iandien, kaip ir tada, kai Tilopa pirm\u0105syk dainavo savo dain\u0105. &#8220;Did\u017eiausi\u0105 duokl\u0119 turb\u016bt atiduosiu \u0161iai knygai tiesiog pasakydamas, kad baig\u0119s j\u0105 skaityti nuo\u0161ird\u017eiai pajutau &#8211; man nebereikia jokios kitos knygos. Esm\u0117 gali b\u016bti nei\u0161rei\u0161kiama. Ta\u010diau visa, k\u0105 galima apsakyti, yra pasakyta \u010dia &#8211; dviej\u0173 nu\u0161vitusi\u0173 meistr\u0173 &#8211; O\u0161o ir Tilopos &#8211; visa apiman\u010dioje tantrin\u0117je vizijoje. \u0160is nepaprastas susitikimas duoda supratimo rakt\u0105, ir atsiveria suvokimo &#8211; geb\u0117jimo priimti netgi transcendencij\u0105 &#8211; duris.&#8221; Anandas Subh\u016btis &#8220;Mahamudra &#8211; tai tu\u0161tumos patyrimas: j\u016bs\u0173 tiesiog n\u0117ra. O kai j\u016bs\u0173 n\u0117ra, kas tuomet tur\u0117t\u0173 k\u0119sti skausm\u0105, kan\u010dias, kas tur\u0117t\u0173 b\u016bti prisl\u0117gtas ir li\u016bdnas, kas tur\u0117t\u0173 jausti d\u017eiaugsm\u0105 ir palaim\u0105? Buda sako, kad jei jau\u010diate palaim\u0105, j\u016bs v\u0117l tapsite kent\u0117jimo auka, nes vis tiek esate. Bet kai j\u016bs\u0173 n\u0117ra, visi\u0161kai n\u0117ra &#8211; tada n\u0117ra nei kan\u010dios, nei palaimos. O tai ir yra tikrosios palaimos esm\u0117. Kelio atgal neb\u0117ra. Pasiekti neb\u016bt\u012f rei\u0161kia pasiekti visk\u0105.[&#8230;] Tik tada, kai du mylimieji susilie\u010dia vienas su kitu kaip dvi tu\u0161tumos &#8211; tik tuomet \u012fmanomas susiliejimas, nes sienos tampa sugriautos, nebelieka joki\u0173 rib\u0173. Energija laisvai teka abiem kryptimis, nes neliko joki\u0173 kli\u016b\u010di\u0173. Tik tokios gilios meil\u0117s akimirk\u0105 \u012fmanoma patirti orgazm\u0105. Kai abu mylimieji myl\u0117damiesi tampa ne asmenyb\u0117mis, tu\u0161tuma, \u012fvyksta orgazmas. Tada j\u0173 energija ir visa j\u0173 esyb\u0117 praranda tapatyb\u0119, jie nustoja b\u016bti patys savimi, jie krenta \u012f praraj\u0105. Bet tai vyksta tik vien\u0105 akimirk\u0105: po to jie v\u0117l gr\u012f\u017eta atgal ir v\u0117l ima laikytis sav\u0119s. \u0160tai tod\u0117l \u017emon\u0117s bijo meil\u0117s. Panirus giliai \u012f meil\u0119 apima baim\u0117 i\u0161prot\u0117ti, baim\u0117 mirti i\u0161 meil\u0117s, baim\u0117 to, kas gali atsitikti. Atsiveria bedugn\u0117, visa egzistencija prasi\u017eioja, j\u016bs staiga atsiduriate ten ir galite \u012fkristi. \u017dmon\u0117s ima bijoti meil\u0117s, jie pasitenkina seksu ir \u0161\u012f vadina meile. Meil\u0117 &#8211; ne seksas. Seksas gali b\u016bti meil\u0117s dalis, neatsiejama dalis. Bet savaime seksas &#8211; t\u0117ra meil\u0117s pakaitalas. J\u016bs stengiat\u0117s i\u0161vengti meil\u0117s per seks\u0105.[&#8230;] J\u016bs \u012fsivaizduojate myl\u012f, bet n\u0117 kiek nepriart\u0117jate prie meil\u0117s. Seksas yra tarsi skolintos \u017einios, suteikian\u010dios \u017einojimo iliuzij\u0105, bet ne \u017einojim\u0105, &#8211; meil\u0117s iliuzij\u0105, bet ne meil\u0119.[&#8230;] Meil\u0117je j\u016bs neegzistuojate, kito taip pat n\u0117ra: tik tada abu staiga i\u0161nykstate. Tas pats vyksta ir Mahamudroje. Mahamudra &#8211; tai visa apimantis dvasinis orgazmas, susiliejimas su visa egzistencija. Tod\u0117l tantroje &#8211; o Tilopa yra tantros mokytojas &#8211; gilus ry\u0161ys, dviej\u0173 mylim\u0173j\u0173 ekstaz\u0117s pa\u017eenklintas ry\u0161ys taip pat vadinamas Mahamudra, o \u012f gili\u0105 ekstaz\u0117s b\u016bsen\u0105 panir\u0119 du mylimieji yra vaizduojami tantrin\u0117se \u0161ventyklose ir tantrin\u0117se knygose. Tai tapo pasiekto orgazmo simboliu.&#8221;<\/p>\n","protected":false},"featured_media":20718,"comment_status":"open","ping_status":"closed","template":"","meta":{"_acf_changed":false,"site-sidebar-layout":"default","site-content-layout":"","ast-site-content-layout":"default","site-content-style":"default","site-sidebar-style":"default","ast-global-header-display":"","ast-banner-title-visibility":"","ast-main-header-display":"","ast-hfb-above-header-display":"","ast-hfb-below-header-display":"","ast-hfb-mobile-header-display":"","site-post-title":"","ast-breadcrumbs-content":"","ast-featured-img":"","footer-sml-layout":"","ast-disable-related-posts":"","theme-transparent-header-meta":"","adv-header-id-meta":"","stick-header-meta":"","header-above-stick-meta":"","header-main-stick-meta":"","header-below-stick-meta":"","astra-migrate-meta-layouts":"default","ast-page-background-enabled":"default","ast-page-background-meta":{"desktop":{"background-color":"","background-image":"","background-repeat":"repeat","background-position":"center center","background-size":"auto","background-attachment":"scroll","background-type":"","background-media":"","overlay-type":"","overlay-color":"","overlay-opacity":"","overlay-gradient":""},"tablet":{"background-color":"","background-image":"","background-repeat":"repeat","background-position":"center center","background-size":"auto","background-attachment":"scroll","background-type":"","background-media":"","overlay-type":"","overlay-color":"","overlay-opacity":"","overlay-gradient":""},"mobile":{"background-color":"","background-image":"","background-repeat":"repeat","background-position":"center center","background-size":"auto","background-attachment":"scroll","background-type":"","background-media":"","overlay-type":"","overlay-color":"","overlay-opacity":"","overlay-gradient":""}},"ast-content-background-meta":{"desktop":{"background-color":"var(--ast-global-color-4)","background-image":"","background-repeat":"repeat","background-position":"center center","background-size":"auto","background-attachment":"scroll","background-type":"","background-media":"","overlay-type":"","overlay-color":"","overlay-opacity":"","overlay-gradient":""},"tablet":{"background-color":"var(--ast-global-color-4)","background-image":"","background-repeat":"repeat","background-position":"center center","background-size":"auto","background-attachment":"scroll","background-type":"","background-media":"","overlay-type":"","overlay-color":"","overlay-opacity":"","overlay-gradient":""},"mobile":{"background-color":"var(--ast-global-color-4)","background-image":"","background-repeat":"repeat","background-position":"center center","background-size":"auto","background-attachment":"scroll","background-type":"","background-media":"","overlay-type":"","overlay-color":"","overlay-opacity":"","overlay-gradient":""}}},"product_brand":[],"product_cat":[165],"product_tag":[1777,8818,1963,8819,2359,8816,1968,8817],"class_list":{"0":"post-20713","1":"product","2":"type-product","3":"status-publish","4":"has-post-thumbnail","6":"product_cat-religija-filosofija-ir-ezoterika","7":"product_tag-dvasinis-kelias","8":"product_tag-mahamudra","9":"product_tag-meditacija","10":"product_tag-meile-ir-seksas","11":"product_tag-osho","12":"product_tag-oso","13":"product_tag-samoningumas","14":"product_tag-tantra","15":"desktop-align-left","16":"tablet-align-left","17":"mobile-align-left","19":"first","20":"instock","21":"shipping-taxable","22":"purchasable","23":"product-type-simple"},"acf":[],"yoast_head":"<!-- This site is optimized with the Yoast SEO plugin v27.0 - https:\/\/yoast.com\/product\/yoast-seo-wordpress\/ -->\n<title>Tantra: auk\u0161\u010diausias suvokimas<\/title>\n<meta name=\"description\" content=\"Knygoje &quot;Tantra: auk\u0161\u010diausias suvokimas&quot; surinkti spontani\u0161ki vieno garsiausi\u0173 XX a. pra\u0161vitusi\u0173 Mokytoj\u0173 O\u0161o pokalbiai apie Tantr\u0105 ir tantrin\u012f keli\u0105.\" \/>\n<meta name=\"robots\" content=\"index, follow, max-snippet:-1, max-image-preview:large, max-video-preview:-1\" \/>\n<link rel=\"canonical\" href=\"https:\/\/skaitytaknyga.lt\/en\/produktas\/tantra-auksciausias-suvokimas\/\" \/>\n<meta property=\"og:locale\" content=\"en_GB\" \/>\n<meta property=\"og:locale:alternate\" content=\"lt_LT\" \/>\n<meta property=\"og:type\" content=\"article\" \/>\n<meta property=\"og:title\" content=\"Tantra: auk\u0161\u010diausias suvokimas\" \/>\n<meta property=\"og:description\" content=\"Knygoje &quot;Tantra: auk\u0161\u010diausias suvokimas&quot; surinkti spontani\u0161ki vieno garsiausi\u0173 XX a. pra\u0161vitusi\u0173 Mokytoj\u0173 O\u0161o pokalbiai apie Tantr\u0105 ir tantrin\u012f keli\u0105.\" \/>\n<meta property=\"og:url\" content=\"https:\/\/skaitytaknyga.lt\/en\/produktas\/tantra-auksciausias-suvokimas\/\" \/>\n<meta property=\"og:site_name\" content=\"Skaitytaknyga\" \/>\n<meta property=\"article:publisher\" content=\"https:\/\/www.facebook.com\/skaitytaknyga\/\" \/>\n<meta property=\"article:modified_time\" content=\"2026-02-26T08:10:29+00:00\" \/>\n<meta property=\"og:image\" content=\"https:\/\/skaitytaknyga.lt\/wp-content\/uploads\/2025\/09\/Tantra-auksciausias-suvokimas.jpg\" \/>\n\t<meta property=\"og:image:width\" content=\"546\" \/>\n\t<meta property=\"og:image:height\" content=\"791\" \/>\n\t<meta property=\"og:image:type\" content=\"image\/jpeg\" \/>\n<meta name=\"twitter:card\" content=\"summary_large_image\" \/>\n<meta name=\"twitter:label1\" content=\"Estimated reading time\" \/>\n\t<meta name=\"twitter:data1\" content=\"3 minutes\" \/>\n<script type=\"application\/ld+json\" class=\"yoast-schema-graph\">{\"@context\":\"https:\/\/schema.org\",\"@graph\":[{\"@type\":\"WebPage\",\"@id\":\"https:\/\/skaitytaknyga.lt\/produktas\/tantra-auksciausias-suvokimas\/\",\"url\":\"https:\/\/skaitytaknyga.lt\/produktas\/tantra-auksciausias-suvokimas\/\",\"name\":\"Tantra: auk\u0161\u010diausias suvokimas\",\"isPartOf\":{\"@id\":\"https:\/\/skaitytaknyga.lt\/#website\"},\"primaryImageOfPage\":{\"@id\":\"https:\/\/skaitytaknyga.lt\/produktas\/tantra-auksciausias-suvokimas\/#primaryimage\"},\"image\":{\"@id\":\"https:\/\/skaitytaknyga.lt\/produktas\/tantra-auksciausias-suvokimas\/#primaryimage\"},\"thumbnailUrl\":\"https:\/\/skaitytaknyga.lt\/wp-content\/uploads\/2025\/09\/Tantra-auksciausias-suvokimas.jpg\",\"datePublished\":\"2025-09-12T07:39:33+00:00\",\"dateModified\":\"2026-02-26T08:10:29+00:00\",\"description\":\"Knygoje \\\"Tantra: auk\u0161\u010diausias suvokimas\\\" surinkti spontani\u0161ki vieno garsiausi\u0173 XX a. pra\u0161vitusi\u0173 Mokytoj\u0173 O\u0161o pokalbiai apie Tantr\u0105 ir tantrin\u012f keli\u0105.\",\"breadcrumb\":{\"@id\":\"https:\/\/skaitytaknyga.lt\/produktas\/tantra-auksciausias-suvokimas\/#breadcrumb\"},\"inLanguage\":\"en-GB\",\"potentialAction\":[{\"@type\":\"ReadAction\",\"target\":[\"https:\/\/skaitytaknyga.lt\/produktas\/tantra-auksciausias-suvokimas\/\"]}]},{\"@type\":\"ImageObject\",\"inLanguage\":\"en-GB\",\"@id\":\"https:\/\/skaitytaknyga.lt\/produktas\/tantra-auksciausias-suvokimas\/#primaryimage\",\"url\":\"https:\/\/skaitytaknyga.lt\/wp-content\/uploads\/2025\/09\/Tantra-auksciausias-suvokimas.jpg\",\"contentUrl\":\"https:\/\/skaitytaknyga.lt\/wp-content\/uploads\/2025\/09\/Tantra-auksciausias-suvokimas.jpg\",\"width\":546,\"height\":791,\"caption\":\"Tantra: auk\u0161\u010diausias suvokimas\"},{\"@type\":\"BreadcrumbList\",\"@id\":\"https:\/\/skaitytaknyga.lt\/produktas\/tantra-auksciausias-suvokimas\/#breadcrumb\",\"itemListElement\":[{\"@type\":\"ListItem\",\"position\":1,\"name\":\"Home\",\"item\":\"https:\/\/skaitytaknyga.lt\/\"},{\"@type\":\"ListItem\",\"position\":2,\"name\":\"Parduotuv\u0117\",\"item\":\"https:\/\/skaitytaknyga.lt\/knygu-parduotuve\/\"},{\"@type\":\"ListItem\",\"position\":3,\"name\":\"Tantra: auk\u0161\u010diausias suvokimas\"}]},{\"@type\":\"WebSite\",\"@id\":\"https:\/\/skaitytaknyga.lt\/#website\",\"url\":\"https:\/\/skaitytaknyga.lt\/\",\"name\":\"skaitytaknyga.lt\",\"description\":\"Skaitytaknyga.lt \u2013 tai ma\u017eas \u0161eimos verslas, kuris prasid\u0117jo nuo meil\u0117s knygoms ir siekio i\u0161gelb\u0117ti knygas nuo likimo prie konteinerio. Kas vienam nereikalingas daiktas \u2013 kitam lobis, o mes esame tarpininkai, kurie padeda abiems tapti laimingesniems ???? \u017dinome kaip nelengva i\u0161gyventi ma\u017eiems verslams, tad nuo \u0161iol, \u010dia rasite ir kit\u0173, ma\u017e\u0173 \u0161eim\u0173 versl\u0173, rank\u0173 darbo, dovan\u0173 sau ir artimiesiems.\",\"publisher\":{\"@id\":\"https:\/\/skaitytaknyga.lt\/#organization\"},\"potentialAction\":[{\"@type\":\"SearchAction\",\"target\":{\"@type\":\"EntryPoint\",\"urlTemplate\":\"https:\/\/skaitytaknyga.lt\/?s={search_term_string}\"},\"query-input\":{\"@type\":\"PropertyValueSpecification\",\"valueRequired\":true,\"valueName\":\"search_term_string\"}}],\"inLanguage\":\"en-GB\"},{\"@type\":\"Organization\",\"@id\":\"https:\/\/skaitytaknyga.lt\/#organization\",\"name\":\"skaitytaknyga.lt\",\"url\":\"https:\/\/skaitytaknyga.lt\/\",\"logo\":{\"@type\":\"ImageObject\",\"inLanguage\":\"en-GB\",\"@id\":\"https:\/\/skaitytaknyga.lt\/#\/schema\/logo\/image\/\",\"url\":\"https:\/\/skaitytaknyga.lt\/wp-content\/uploads\/2024\/05\/cropped-cropped-cropped-02_00843_jt3bggkj1j3HLc7SyY6rEUpg.jpeg\",\"contentUrl\":\"https:\/\/skaitytaknyga.lt\/wp-content\/uploads\/2024\/05\/cropped-cropped-cropped-02_00843_jt3bggkj1j3HLc7SyY6rEUpg.jpeg\",\"width\":1600,\"height\":1600,\"caption\":\"skaitytaknyga.lt\"},\"image\":{\"@id\":\"https:\/\/skaitytaknyga.lt\/#\/schema\/logo\/image\/\"},\"sameAs\":[\"https:\/\/www.facebook.com\/skaitytaknyga\/\"]}]}<\/script>\n<!-- \/ Yoast SEO plugin. -->","yoast_head_json":{"title":"Tantra: auk\u0161\u010diausias suvokimas","description":"Knygoje \"Tantra: auk\u0161\u010diausias suvokimas\" surinkti spontani\u0161ki vieno garsiausi\u0173 XX a. pra\u0161vitusi\u0173 Mokytoj\u0173 O\u0161o pokalbiai apie Tantr\u0105 ir tantrin\u012f keli\u0105.","robots":{"index":"index","follow":"follow","max-snippet":"max-snippet:-1","max-image-preview":"max-image-preview:large","max-video-preview":"max-video-preview:-1"},"canonical":"https:\/\/skaitytaknyga.lt\/en\/produktas\/tantra-auksciausias-suvokimas\/","og_locale":"en_GB","og_type":"article","og_title":"[:lt]Tantra: auk\u0161\u010diausias suvokimas[:] - Skaitytaknyga","og_description":"Knygoje \"Tantra: auk\u0161\u010diausias suvokimas\" surinkti spontani\u0161ki vieno garsiausi\u0173 XX a. pra\u0161vitusi\u0173 Mokytoj\u0173 O\u0161o pokalbiai apie Tantr\u0105 ir tantrin\u012f keli\u0105.","og_url":"https:\/\/skaitytaknyga.lt\/en\/produktas\/tantra-auksciausias-suvokimas\/","og_site_name":"Skaitytaknyga","article_publisher":"https:\/\/www.facebook.com\/skaitytaknyga\/","article_modified_time":"2026-02-26T08:10:29+00:00","og_image":[{"width":546,"height":791,"url":"https:\/\/skaitytaknyga.lt\/wp-content\/uploads\/2025\/09\/Tantra-auksciausias-suvokimas.jpg","type":"image\/jpeg"}],"twitter_card":"summary_large_image","twitter_misc":{"Estimated reading time":"3 minutes"},"schema":{"@context":"https:\/\/schema.org","@graph":[{"@type":"WebPage","@id":"https:\/\/skaitytaknyga.lt\/produktas\/tantra-auksciausias-suvokimas\/","url":"https:\/\/skaitytaknyga.lt\/produktas\/tantra-auksciausias-suvokimas\/","name":"Tantra: auk\u0161\u010diausias suvokimas","isPartOf":{"@id":"https:\/\/skaitytaknyga.lt\/#website"},"primaryImageOfPage":{"@id":"https:\/\/skaitytaknyga.lt\/produktas\/tantra-auksciausias-suvokimas\/#primaryimage"},"image":{"@id":"https:\/\/skaitytaknyga.lt\/produktas\/tantra-auksciausias-suvokimas\/#primaryimage"},"thumbnailUrl":"https:\/\/skaitytaknyga.lt\/wp-content\/uploads\/2025\/09\/Tantra-auksciausias-suvokimas.jpg","datePublished":"2025-09-12T07:39:33+00:00","dateModified":"2026-02-26T08:10:29+00:00","description":"Knygoje \"Tantra: auk\u0161\u010diausias suvokimas\" surinkti spontani\u0161ki vieno garsiausi\u0173 XX a. pra\u0161vitusi\u0173 Mokytoj\u0173 O\u0161o pokalbiai apie Tantr\u0105 ir tantrin\u012f keli\u0105.","breadcrumb":{"@id":"https:\/\/skaitytaknyga.lt\/produktas\/tantra-auksciausias-suvokimas\/#breadcrumb"},"inLanguage":"en-GB","potentialAction":[{"@type":"ReadAction","target":["https:\/\/skaitytaknyga.lt\/produktas\/tantra-auksciausias-suvokimas\/"]}]},{"@type":"ImageObject","inLanguage":"en-GB","@id":"https:\/\/skaitytaknyga.lt\/produktas\/tantra-auksciausias-suvokimas\/#primaryimage","url":"https:\/\/skaitytaknyga.lt\/wp-content\/uploads\/2025\/09\/Tantra-auksciausias-suvokimas.jpg","contentUrl":"https:\/\/skaitytaknyga.lt\/wp-content\/uploads\/2025\/09\/Tantra-auksciausias-suvokimas.jpg","width":546,"height":791,"caption":"Tantra: auk\u0161\u010diausias suvokimas"},{"@type":"BreadcrumbList","@id":"https:\/\/skaitytaknyga.lt\/produktas\/tantra-auksciausias-suvokimas\/#breadcrumb","itemListElement":[{"@type":"ListItem","position":1,"name":"Home","item":"https:\/\/skaitytaknyga.lt\/"},{"@type":"ListItem","position":2,"name":"Parduotuv\u0117","item":"https:\/\/skaitytaknyga.lt\/knygu-parduotuve\/"},{"@type":"ListItem","position":3,"name":"Tantra: auk\u0161\u010diausias suvokimas"}]},{"@type":"WebSite","@id":"https:\/\/skaitytaknyga.lt\/#website","url":"https:\/\/skaitytaknyga.lt\/","name":"skaitytaknyga.lt","description":"Skaitytaknyga.lt \u2013 tai ma\u017eas \u0161eimos verslas, kuris prasid\u0117jo nuo meil\u0117s knygoms ir siekio i\u0161gelb\u0117ti knygas nuo likimo prie konteinerio. Kas vienam nereikalingas daiktas \u2013 kitam lobis, o mes esame tarpininkai, kurie padeda abiems tapti laimingesniems ???? \u017dinome kaip nelengva i\u0161gyventi ma\u017eiems verslams, tad nuo \u0161iol, \u010dia rasite ir kit\u0173, ma\u017e\u0173 \u0161eim\u0173 versl\u0173, rank\u0173 darbo, dovan\u0173 sau ir artimiesiems.","publisher":{"@id":"https:\/\/skaitytaknyga.lt\/#organization"},"potentialAction":[{"@type":"SearchAction","target":{"@type":"EntryPoint","urlTemplate":"https:\/\/skaitytaknyga.lt\/?s={search_term_string}"},"query-input":{"@type":"PropertyValueSpecification","valueRequired":true,"valueName":"search_term_string"}}],"inLanguage":"en-GB"},{"@type":"Organization","@id":"https:\/\/skaitytaknyga.lt\/#organization","name":"skaitytaknyga.lt","url":"https:\/\/skaitytaknyga.lt\/","logo":{"@type":"ImageObject","inLanguage":"en-GB","@id":"https:\/\/skaitytaknyga.lt\/#\/schema\/logo\/image\/","url":"https:\/\/skaitytaknyga.lt\/wp-content\/uploads\/2024\/05\/cropped-cropped-cropped-02_00843_jt3bggkj1j3HLc7SyY6rEUpg.jpeg","contentUrl":"https:\/\/skaitytaknyga.lt\/wp-content\/uploads\/2024\/05\/cropped-cropped-cropped-02_00843_jt3bggkj1j3HLc7SyY6rEUpg.jpeg","width":1600,"height":1600,"caption":"skaitytaknyga.lt"},"image":{"@id":"https:\/\/skaitytaknyga.lt\/#\/schema\/logo\/image\/"},"sameAs":["https:\/\/www.facebook.com\/skaitytaknyga\/"]}]}},"_links":{"self":[{"href":"https:\/\/skaitytaknyga.lt\/en\/wp-json\/wp\/v2\/product\/20713","targetHints":{"allow":["GET"]}}],"collection":[{"href":"https:\/\/skaitytaknyga.lt\/en\/wp-json\/wp\/v2\/product"}],"about":[{"href":"https:\/\/skaitytaknyga.lt\/en\/wp-json\/wp\/v2\/types\/product"}],"replies":[{"embeddable":true,"href":"https:\/\/skaitytaknyga.lt\/en\/wp-json\/wp\/v2\/comments?post=20713"}],"wp:featuredmedia":[{"embeddable":true,"href":"https:\/\/skaitytaknyga.lt\/en\/wp-json\/wp\/v2\/media\/20718"}],"wp:attachment":[{"href":"https:\/\/skaitytaknyga.lt\/en\/wp-json\/wp\/v2\/media?parent=20713"}],"wp:term":[{"taxonomy":"product_brand","embeddable":true,"href":"https:\/\/skaitytaknyga.lt\/en\/wp-json\/wp\/v2\/product_brand?post=20713"},{"taxonomy":"product_cat","embeddable":true,"href":"https:\/\/skaitytaknyga.lt\/en\/wp-json\/wp\/v2\/product_cat?post=20713"},{"taxonomy":"product_tag","embeddable":true,"href":"https:\/\/skaitytaknyga.lt\/en\/wp-json\/wp\/v2\/product_tag?post=20713"}],"curies":[{"name":"wp","href":"https:\/\/api.w.org\/{rel}","templated":true}]}}