{"id":20712,"date":"2025-09-12T10:39:32","date_gmt":"2025-09-12T07:39:32","guid":{"rendered":"https:\/\/skaitytaknyga.lt\/?post_type=product&#038;p=20712"},"modified":"2026-02-26T10:10:29","modified_gmt":"2026-02-26T08:10:29","slug":"laisvu-zmoniu-bendruomene","status":"publish","type":"product","link":"https:\/\/skaitytaknyga.lt\/en\/produktas\/laisvu-zmoniu-bendruomene\/","title":{"rendered":"Laisv\u0173 \u017emoni\u0173 bendruomen\u0117?"},"content":{"rendered":"<p>\u201eLaisv\u0173 \u017emoni\u0173 bendruomen\u0117?\u201c &#8211; tai jau tre\u010dioji filosofijos daktaro Andriaus Navicko knyga. \u0160\u012fsyk kiek kitokia, ta\u010diau ir v\u0117l \u201eplaukianti prie\u0161 srov\u0119\u201d.<\/p>\n<p>Ar mes dar turime pagrind\u0105 m\u016bs\u0173 visuomen\u0119 vadinti laisva?<\/p>\n<p>Ar patys esame ir norime b\u016bti laisvi pilie\u010diai, kurie prisiima atsakomyb\u0119 u\u017e bendr\u0105j\u012f g\u0117r\u012f?<\/p>\n<p>Knygoje \u201eLaisv\u0173 \u017emoni\u0173 bendruomen\u0117?\u201c \u0161ie klausimai svarstomai, analizuojant \u201e\u017emogaus teisi\u0173\u201d, \u201edemokratijos\u201d, \u201etolerancijos\u201d, \u201easmens orumo\u201d, \u201es\u0105\u017ein\u0117s\u201d ir \u201eteisingo karo\u201d s\u0105vokas. Taip pat keliamas klausimas \u2013 k\u0105 \u0161iandien rei\u0161kia kova u\u017e laisv\u0119?<\/p>\n","protected":false},"excerpt":{"rendered":"<p>\u201eLaisv\u0173 \u017emoni\u0173 bendruomen\u0117?\u201c &#8211; tai jau tre\u010dioji filosofijos daktaro Andriaus Navicko knyga. \u0160\u012fsyk kiek kitokia, ta\u010diau ir v\u0117l \u201eplaukianti prie\u0161 srov\u0119\u201d. Ar mes dar turime pagrind\u0105 m\u016bs\u0173 visuomen\u0119 vadinti laisva? Ar patys esame ir norime b\u016bti laisvi pilie\u010diai, kurie prisiima atsakomyb\u0119 u\u017e bendr\u0105j\u012f g\u0117r\u012f? Knygoje \u201eLaisv\u0173 \u017emoni\u0173 bendruomen\u0117?\u201c \u0161ie klausimai svarstomai, analizuojant \u201e\u017emogaus teisi\u0173\u201d, \u201edemokratijos\u201d, \u201etolerancijos\u201d, \u201easmens orumo\u201d, \u201es\u0105\u017ein\u0117s\u201d ir \u201eteisingo karo\u201d s\u0105vokas. Taip pat keliamas klausimas \u2013 k\u0105 \u0161iandien rei\u0161kia kova u\u017e laisv\u0119?<\/p>\n","protected":false},"featured_media":20717,"comment_status":"open","ping_status":"closed","template":"","meta":{"_acf_changed":false,"site-sidebar-layout":"default","site-content-layout":"","ast-site-content-layout":"default","site-content-style":"default","site-sidebar-style":"default","ast-global-header-display":"","ast-banner-title-visibility":"","ast-main-header-display":"","ast-hfb-above-header-display":"","ast-hfb-below-header-display":"","ast-hfb-mobile-header-display":"","site-post-title":"","ast-breadcrumbs-content":"","ast-featured-img":"","footer-sml-layout":"","ast-disable-related-posts":"","theme-transparent-header-meta":"","adv-header-id-meta":"","stick-header-meta":"","header-above-stick-meta":"","header-main-stick-meta":"","header-below-stick-meta":"","astra-migrate-meta-layouts":"default","ast-page-background-enabled":"default","ast-page-background-meta":{"desktop":{"background-color":"","background-image":"","background-repeat":"repeat","background-position":"center center","background-size":"auto","background-attachment":"scroll","background-type":"","background-media":"","overlay-type":"","overlay-color":"","overlay-opacity":"","overlay-gradient":""},"tablet":{"background-color":"","background-image":"","background-repeat":"repeat","background-position":"center center","background-size":"auto","background-attachment":"scroll","background-type":"","background-media":"","overlay-type":"","overlay-color":"","overlay-opacity":"","overlay-gradient":""},"mobile":{"background-color":"","background-image":"","background-repeat":"repeat","background-position":"center center","background-size":"auto","background-attachment":"scroll","background-type":"","background-media":"","overlay-type":"","overlay-color":"","overlay-opacity":"","overlay-gradient":""}},"ast-content-background-meta":{"desktop":{"background-color":"var(--ast-global-color-4)","background-image":"","background-repeat":"repeat","background-position":"center center","background-size":"auto","background-attachment":"scroll","background-type":"","background-media":"","overlay-type":"","overlay-color":"","overlay-opacity":"","overlay-gradient":""},"tablet":{"background-color":"var(--ast-global-color-4)","background-image":"","background-repeat":"repeat","background-position":"center center","background-size":"auto","background-attachment":"scroll","background-type":"","background-media":"","overlay-type":"","overlay-color":"","overlay-opacity":"","overlay-gradient":""},"mobile":{"background-color":"var(--ast-global-color-4)","background-image":"","background-repeat":"repeat","background-position":"center center","background-size":"auto","background-attachment":"scroll","background-type":"","background-media":"","overlay-type":"","overlay-color":"","overlay-opacity":"","overlay-gradient":""}}},"product_brand":[],"product_cat":[165],"product_tag":[8810,8814,1467,3558,8815,1533,2909],"class_list":{"0":"post-20712","1":"product","2":"type-product","3":"status-publish","4":"has-post-thumbnail","6":"product_cat-religija-filosofija-ir-ezoterika","7":"product_tag-andrius-navickas","8":"product_tag-demokratija","9":"product_tag-filosofija","10":"product_tag-laisve","11":"product_tag-pilietiskumas","12":"product_tag-visuomene","13":"product_tag-zmogaus-teises","14":"desktop-align-left","15":"tablet-align-left","16":"mobile-align-left","18":"first","19":"instock","20":"shipping-taxable","21":"purchasable","22":"product-type-simple"},"acf":[],"yoast_head":"<!-- This site is optimized with the Yoast SEO plugin v27.0 - https:\/\/yoast.com\/product\/yoast-seo-wordpress\/ -->\n<title>Laisv\u0173 \u017emoni\u0173 bendruomen\u0117?<\/title>\n<meta name=\"description\" content=\"\u201eLaisv\u0173 \u017emoni\u0173 bendruomen\u0117?\u201c - tai jau tre\u010dioji filosofijos daktaro Andriaus Navicko knyga. \u0160\u012fsyk kiek kitokia, ta\u010diau ir v\u0117l \u201eplaukianti prie\u0161 srov\u0119\u201d. Ar\" \/>\n<meta name=\"robots\" content=\"index, follow, max-snippet:-1, max-image-preview:large, max-video-preview:-1\" \/>\n<link rel=\"canonical\" href=\"https:\/\/skaitytaknyga.lt\/en\/produktas\/laisvu-zmoniu-bendruomene\/\" \/>\n<meta property=\"og:locale\" content=\"en_GB\" \/>\n<meta property=\"og:locale:alternate\" content=\"lt_LT\" \/>\n<meta property=\"og:type\" content=\"article\" \/>\n<meta property=\"og:title\" content=\"Laisv\u0173 \u017emoni\u0173 bendruomen\u0117?\" \/>\n<meta property=\"og:description\" content=\"\u201eLaisv\u0173 \u017emoni\u0173 bendruomen\u0117?\u201c - tai jau tre\u010dioji filosofijos daktaro Andriaus Navicko knyga. \u0160\u012fsyk kiek kitokia, ta\u010diau ir v\u0117l \u201eplaukianti prie\u0161 srov\u0119\u201d. Ar\" \/>\n<meta property=\"og:url\" content=\"https:\/\/skaitytaknyga.lt\/en\/produktas\/laisvu-zmoniu-bendruomene\/\" \/>\n<meta property=\"og:site_name\" content=\"Skaitytaknyga\" \/>\n<meta property=\"article:publisher\" content=\"https:\/\/www.facebook.com\/skaitytaknyga\/\" \/>\n<meta property=\"article:modified_time\" content=\"2026-02-26T08:10:29+00:00\" \/>\n<meta property=\"og:image\" content=\"https:\/\/skaitytaknyga.lt\/wp-content\/uploads\/2025\/09\/Laisvu-zmoniu-bendruomene-1.webp\" \/>\n\t<meta property=\"og:image:width\" content=\"300\" \/>\n\t<meta property=\"og:image:height\" content=\"444\" \/>\n\t<meta property=\"og:image:type\" content=\"image\/webp\" \/>\n<meta name=\"twitter:card\" content=\"summary_large_image\" \/>\n<script type=\"application\/ld+json\" class=\"yoast-schema-graph\">{\"@context\":\"https:\/\/schema.org\",\"@graph\":[{\"@type\":\"WebPage\",\"@id\":\"https:\/\/skaitytaknyga.lt\/produktas\/laisvu-zmoniu-bendruomene\/\",\"url\":\"https:\/\/skaitytaknyga.lt\/produktas\/laisvu-zmoniu-bendruomene\/\",\"name\":\"Laisv\u0173 \u017emoni\u0173 bendruomen\u0117?\",\"isPartOf\":{\"@id\":\"https:\/\/skaitytaknyga.lt\/#website\"},\"primaryImageOfPage\":{\"@id\":\"https:\/\/skaitytaknyga.lt\/produktas\/laisvu-zmoniu-bendruomene\/#primaryimage\"},\"image\":{\"@id\":\"https:\/\/skaitytaknyga.lt\/produktas\/laisvu-zmoniu-bendruomene\/#primaryimage\"},\"thumbnailUrl\":\"https:\/\/skaitytaknyga.lt\/wp-content\/uploads\/2025\/09\/Laisvu-zmoniu-bendruomene-1.webp\",\"datePublished\":\"2025-09-12T07:39:32+00:00\",\"dateModified\":\"2026-02-26T08:10:29+00:00\",\"description\":\"\u201eLaisv\u0173 \u017emoni\u0173 bendruomen\u0117?\u201c - tai jau tre\u010dioji filosofijos daktaro Andriaus Navicko knyga. \u0160\u012fsyk kiek kitokia, ta\u010diau ir v\u0117l \u201eplaukianti prie\u0161 srov\u0119\u201d. Ar\",\"breadcrumb\":{\"@id\":\"https:\/\/skaitytaknyga.lt\/produktas\/laisvu-zmoniu-bendruomene\/#breadcrumb\"},\"inLanguage\":\"en-GB\",\"potentialAction\":[{\"@type\":\"ReadAction\",\"target\":[\"https:\/\/skaitytaknyga.lt\/produktas\/laisvu-zmoniu-bendruomene\/\"]}]},{\"@type\":\"ImageObject\",\"inLanguage\":\"en-GB\",\"@id\":\"https:\/\/skaitytaknyga.lt\/produktas\/laisvu-zmoniu-bendruomene\/#primaryimage\",\"url\":\"https:\/\/skaitytaknyga.lt\/wp-content\/uploads\/2025\/09\/Laisvu-zmoniu-bendruomene-1.webp\",\"contentUrl\":\"https:\/\/skaitytaknyga.lt\/wp-content\/uploads\/2025\/09\/Laisvu-zmoniu-bendruomene-1.webp\",\"width\":300,\"height\":444,\"caption\":\"Laisv\u0173 \u017emoni\u0173 bendruomen\u0117?\"},{\"@type\":\"BreadcrumbList\",\"@id\":\"https:\/\/skaitytaknyga.lt\/produktas\/laisvu-zmoniu-bendruomene\/#breadcrumb\",\"itemListElement\":[{\"@type\":\"ListItem\",\"position\":1,\"name\":\"Home\",\"item\":\"https:\/\/skaitytaknyga.lt\/\"},{\"@type\":\"ListItem\",\"position\":2,\"name\":\"Parduotuv\u0117\",\"item\":\"https:\/\/skaitytaknyga.lt\/knygu-parduotuve\/\"},{\"@type\":\"ListItem\",\"position\":3,\"name\":\"Laisv\u0173 \u017emoni\u0173 bendruomen\u0117?\"}]},{\"@type\":\"WebSite\",\"@id\":\"https:\/\/skaitytaknyga.lt\/#website\",\"url\":\"https:\/\/skaitytaknyga.lt\/\",\"name\":\"skaitytaknyga.lt\",\"description\":\"Skaitytaknyga.lt \u2013 tai ma\u017eas \u0161eimos verslas, kuris prasid\u0117jo nuo meil\u0117s knygoms ir siekio i\u0161gelb\u0117ti knygas nuo likimo prie konteinerio. Kas vienam nereikalingas daiktas \u2013 kitam lobis, o mes esame tarpininkai, kurie padeda abiems tapti laimingesniems ???? \u017dinome kaip nelengva i\u0161gyventi ma\u017eiems verslams, tad nuo \u0161iol, \u010dia rasite ir kit\u0173, ma\u017e\u0173 \u0161eim\u0173 versl\u0173, rank\u0173 darbo, dovan\u0173 sau ir artimiesiems.\",\"publisher\":{\"@id\":\"https:\/\/skaitytaknyga.lt\/#organization\"},\"potentialAction\":[{\"@type\":\"SearchAction\",\"target\":{\"@type\":\"EntryPoint\",\"urlTemplate\":\"https:\/\/skaitytaknyga.lt\/?s={search_term_string}\"},\"query-input\":{\"@type\":\"PropertyValueSpecification\",\"valueRequired\":true,\"valueName\":\"search_term_string\"}}],\"inLanguage\":\"en-GB\"},{\"@type\":\"Organization\",\"@id\":\"https:\/\/skaitytaknyga.lt\/#organization\",\"name\":\"skaitytaknyga.lt\",\"url\":\"https:\/\/skaitytaknyga.lt\/\",\"logo\":{\"@type\":\"ImageObject\",\"inLanguage\":\"en-GB\",\"@id\":\"https:\/\/skaitytaknyga.lt\/#\/schema\/logo\/image\/\",\"url\":\"https:\/\/skaitytaknyga.lt\/wp-content\/uploads\/2024\/05\/cropped-cropped-cropped-02_00843_jt3bggkj1j3HLc7SyY6rEUpg.jpeg\",\"contentUrl\":\"https:\/\/skaitytaknyga.lt\/wp-content\/uploads\/2024\/05\/cropped-cropped-cropped-02_00843_jt3bggkj1j3HLc7SyY6rEUpg.jpeg\",\"width\":1600,\"height\":1600,\"caption\":\"skaitytaknyga.lt\"},\"image\":{\"@id\":\"https:\/\/skaitytaknyga.lt\/#\/schema\/logo\/image\/\"},\"sameAs\":[\"https:\/\/www.facebook.com\/skaitytaknyga\/\"]}]}<\/script>\n<!-- \/ Yoast SEO plugin. -->","yoast_head_json":{"title":"Laisv\u0173 \u017emoni\u0173 bendruomen\u0117?","description":"\u201eLaisv\u0173 \u017emoni\u0173 bendruomen\u0117?\u201c - tai jau tre\u010dioji filosofijos daktaro Andriaus Navicko knyga. \u0160\u012fsyk kiek kitokia, ta\u010diau ir v\u0117l \u201eplaukianti prie\u0161 srov\u0119\u201d. Ar","robots":{"index":"index","follow":"follow","max-snippet":"max-snippet:-1","max-image-preview":"max-image-preview:large","max-video-preview":"max-video-preview:-1"},"canonical":"https:\/\/skaitytaknyga.lt\/en\/produktas\/laisvu-zmoniu-bendruomene\/","og_locale":"en_GB","og_type":"article","og_title":"[:lt]Laisv\u0173 \u017emoni\u0173 bendruomen\u0117?[:] - Skaitytaknyga","og_description":"\u201eLaisv\u0173 \u017emoni\u0173 bendruomen\u0117?\u201c - tai jau tre\u010dioji filosofijos daktaro Andriaus Navicko knyga. \u0160\u012fsyk kiek kitokia, ta\u010diau ir v\u0117l \u201eplaukianti prie\u0161 srov\u0119\u201d. Ar","og_url":"https:\/\/skaitytaknyga.lt\/en\/produktas\/laisvu-zmoniu-bendruomene\/","og_site_name":"Skaitytaknyga","article_publisher":"https:\/\/www.facebook.com\/skaitytaknyga\/","article_modified_time":"2026-02-26T08:10:29+00:00","og_image":[{"width":300,"height":444,"url":"https:\/\/skaitytaknyga.lt\/wp-content\/uploads\/2025\/09\/Laisvu-zmoniu-bendruomene-1.webp","type":"image\/webp"}],"twitter_card":"summary_large_image","schema":{"@context":"https:\/\/schema.org","@graph":[{"@type":"WebPage","@id":"https:\/\/skaitytaknyga.lt\/produktas\/laisvu-zmoniu-bendruomene\/","url":"https:\/\/skaitytaknyga.lt\/produktas\/laisvu-zmoniu-bendruomene\/","name":"Laisv\u0173 \u017emoni\u0173 bendruomen\u0117?","isPartOf":{"@id":"https:\/\/skaitytaknyga.lt\/#website"},"primaryImageOfPage":{"@id":"https:\/\/skaitytaknyga.lt\/produktas\/laisvu-zmoniu-bendruomene\/#primaryimage"},"image":{"@id":"https:\/\/skaitytaknyga.lt\/produktas\/laisvu-zmoniu-bendruomene\/#primaryimage"},"thumbnailUrl":"https:\/\/skaitytaknyga.lt\/wp-content\/uploads\/2025\/09\/Laisvu-zmoniu-bendruomene-1.webp","datePublished":"2025-09-12T07:39:32+00:00","dateModified":"2026-02-26T08:10:29+00:00","description":"\u201eLaisv\u0173 \u017emoni\u0173 bendruomen\u0117?\u201c - tai jau tre\u010dioji filosofijos daktaro Andriaus Navicko knyga. \u0160\u012fsyk kiek kitokia, ta\u010diau ir v\u0117l \u201eplaukianti prie\u0161 srov\u0119\u201d. Ar","breadcrumb":{"@id":"https:\/\/skaitytaknyga.lt\/produktas\/laisvu-zmoniu-bendruomene\/#breadcrumb"},"inLanguage":"en-GB","potentialAction":[{"@type":"ReadAction","target":["https:\/\/skaitytaknyga.lt\/produktas\/laisvu-zmoniu-bendruomene\/"]}]},{"@type":"ImageObject","inLanguage":"en-GB","@id":"https:\/\/skaitytaknyga.lt\/produktas\/laisvu-zmoniu-bendruomene\/#primaryimage","url":"https:\/\/skaitytaknyga.lt\/wp-content\/uploads\/2025\/09\/Laisvu-zmoniu-bendruomene-1.webp","contentUrl":"https:\/\/skaitytaknyga.lt\/wp-content\/uploads\/2025\/09\/Laisvu-zmoniu-bendruomene-1.webp","width":300,"height":444,"caption":"Laisv\u0173 \u017emoni\u0173 bendruomen\u0117?"},{"@type":"BreadcrumbList","@id":"https:\/\/skaitytaknyga.lt\/produktas\/laisvu-zmoniu-bendruomene\/#breadcrumb","itemListElement":[{"@type":"ListItem","position":1,"name":"Home","item":"https:\/\/skaitytaknyga.lt\/"},{"@type":"ListItem","position":2,"name":"Parduotuv\u0117","item":"https:\/\/skaitytaknyga.lt\/knygu-parduotuve\/"},{"@type":"ListItem","position":3,"name":"Laisv\u0173 \u017emoni\u0173 bendruomen\u0117?"}]},{"@type":"WebSite","@id":"https:\/\/skaitytaknyga.lt\/#website","url":"https:\/\/skaitytaknyga.lt\/","name":"skaitytaknyga.lt","description":"Skaitytaknyga.lt \u2013 tai ma\u017eas \u0161eimos verslas, kuris prasid\u0117jo nuo meil\u0117s knygoms ir siekio i\u0161gelb\u0117ti knygas nuo likimo prie konteinerio. Kas vienam nereikalingas daiktas \u2013 kitam lobis, o mes esame tarpininkai, kurie padeda abiems tapti laimingesniems ???? \u017dinome kaip nelengva i\u0161gyventi ma\u017eiems verslams, tad nuo \u0161iol, \u010dia rasite ir kit\u0173, ma\u017e\u0173 \u0161eim\u0173 versl\u0173, rank\u0173 darbo, dovan\u0173 sau ir artimiesiems.","publisher":{"@id":"https:\/\/skaitytaknyga.lt\/#organization"},"potentialAction":[{"@type":"SearchAction","target":{"@type":"EntryPoint","urlTemplate":"https:\/\/skaitytaknyga.lt\/?s={search_term_string}"},"query-input":{"@type":"PropertyValueSpecification","valueRequired":true,"valueName":"search_term_string"}}],"inLanguage":"en-GB"},{"@type":"Organization","@id":"https:\/\/skaitytaknyga.lt\/#organization","name":"skaitytaknyga.lt","url":"https:\/\/skaitytaknyga.lt\/","logo":{"@type":"ImageObject","inLanguage":"en-GB","@id":"https:\/\/skaitytaknyga.lt\/#\/schema\/logo\/image\/","url":"https:\/\/skaitytaknyga.lt\/wp-content\/uploads\/2024\/05\/cropped-cropped-cropped-02_00843_jt3bggkj1j3HLc7SyY6rEUpg.jpeg","contentUrl":"https:\/\/skaitytaknyga.lt\/wp-content\/uploads\/2024\/05\/cropped-cropped-cropped-02_00843_jt3bggkj1j3HLc7SyY6rEUpg.jpeg","width":1600,"height":1600,"caption":"skaitytaknyga.lt"},"image":{"@id":"https:\/\/skaitytaknyga.lt\/#\/schema\/logo\/image\/"},"sameAs":["https:\/\/www.facebook.com\/skaitytaknyga\/"]}]}},"_links":{"self":[{"href":"https:\/\/skaitytaknyga.lt\/en\/wp-json\/wp\/v2\/product\/20712","targetHints":{"allow":["GET"]}}],"collection":[{"href":"https:\/\/skaitytaknyga.lt\/en\/wp-json\/wp\/v2\/product"}],"about":[{"href":"https:\/\/skaitytaknyga.lt\/en\/wp-json\/wp\/v2\/types\/product"}],"replies":[{"embeddable":true,"href":"https:\/\/skaitytaknyga.lt\/en\/wp-json\/wp\/v2\/comments?post=20712"}],"wp:featuredmedia":[{"embeddable":true,"href":"https:\/\/skaitytaknyga.lt\/en\/wp-json\/wp\/v2\/media\/20717"}],"wp:attachment":[{"href":"https:\/\/skaitytaknyga.lt\/en\/wp-json\/wp\/v2\/media?parent=20712"}],"wp:term":[{"taxonomy":"product_brand","embeddable":true,"href":"https:\/\/skaitytaknyga.lt\/en\/wp-json\/wp\/v2\/product_brand?post=20712"},{"taxonomy":"product_cat","embeddable":true,"href":"https:\/\/skaitytaknyga.lt\/en\/wp-json\/wp\/v2\/product_cat?post=20712"},{"taxonomy":"product_tag","embeddable":true,"href":"https:\/\/skaitytaknyga.lt\/en\/wp-json\/wp\/v2\/product_tag?post=20712"}],"curies":[{"name":"wp","href":"https:\/\/api.w.org\/{rel}","templated":true}]}}