{"id":20711,"date":"2025-09-12T10:39:32","date_gmt":"2025-09-12T07:39:32","guid":{"rendered":"https:\/\/skaitytaknyga.lt\/?post_type=product&#038;p=20711"},"modified":"2026-03-18T12:29:50","modified_gmt":"2026-03-18T10:29:50","slug":"kelio-bendrija","status":"publish","type":"product","link":"https:\/\/skaitytaknyga.lt\/en\/produktas\/kelio-bendrija\/","title":{"rendered":"Kelio bendrija"},"content":{"rendered":"<p>Tai jau antroji filosofijos daktaro, Bernardinai.lt vyriausiojo redaktoriaus Andriaus Navicko knyga. \u0160\u012fsyk autorius pristato per Tik\u0117jimo metus subrandintas \u012f\u017evalgas apie tik\u0117jimo kelion\u0119, b\u016btin\u0105 kelionmai\u0161\u012f, kelio gaires ir klystkelius bei patikimus vedlius.<\/p>\n<p>Knyga \u201eKelio bendrija\u201c yra atkakli pastanga kelti klausim\u0105: k\u0105 rei\u0161kia b\u016bti ne tik Kristaus gerb\u0117ju, bet ir Jo sek\u0117ju? Tai kvietimas \u012f tik\u0117jimo kelion\u0119, priminimas, kad \u012f Dievo taut\u0105 \u012fsijungiame imdami mums skirt\u0105 kry\u017ei\u0173 ir eidami su I\u0161ganytoju, o ne i\u0161mokdami burta\u017eod\u017ei\u0173, praktikuodami ritualus, kurie es\u0105 gali Diev\u0105 padaryti \u201esavi\u0161k\u012f\u201c.<\/p>\n<p>\u201eKnyg\u0105 pradedu, per\u017evelgdamas m\u016bs\u0173 tik\u0117jimo kelionmai\u0161\u012f. \u017dmogi\u0161ka \u012f j\u012f prisigr\u016bsti \u012fvairiausi\u0173 dalyk\u0173. Kiekviena tikra kelion\u0117 yra nuotykis ir ne\u017einia, ko prireiks. Ta\u010diau tik\u0117jimo kelion\u0117s specifika ta, jog jos nepavyks nueiti savo kojomis, bent jau tol, kol kelionmai\u0161yje netur\u0117sime trij\u0173 svarbiausi\u0173 dovan\u0173: tik\u0117jimo, vilties ir meil\u0117s.\u201c<\/p>\n<p>\u201eAntroji knygos dalis \u2013 tai evangelist\u0173 u\u017era\u0161yto J\u0117zaus pasakojimo apie t\u0117v\u0105 ir du s\u016bnus apm\u0105stymas, \u017evelgiant \u012f krik\u0161\u010dionyb\u0117s ir Vakar\u0173 civilizacijos santyk\u012f&#8230; Knygoje i\u0161skleid\u017eiu tez\u0119, kad nuo Ap\u0161vietos laik\u0173 Vakar\u0173 civilizacija kartoja s\u016bnaus palaid\u016bno klajones, bandydama nukirsti savo krik\u0161\u010dioni\u0161k\u0105sias \u0161aknis. Tai veda ne \u012f laisv\u0119 ir harmonij\u0105, bet \u012f vis did\u0117jant\u012f chaos\u0105 ir savidestrukcij\u0105.\u201c<\/p>\n<p>\u201eTre\u010dioji knygos dalis \u2013 tai tik\u0117jimo kelion\u0117s stalkeri\u0173 pristatymas. Stalkeris \u2013 tai patyr\u0119s vedlys, sugebantis rasti keli\u0105 per \u012fvairiais sp\u0105stais nus\u0117t\u0105 Zon\u0105. Jis neprimeta kelion\u0117s tikslo, nenueina pavojingo kelio u\u017e kitus, ta\u010diau jo patirtis ir pavyzdys \u2013 ne\u012fkainojama pagalba pavojingoje kelion\u0117je. Tai vyrai ir moterys, savo gyvenimu liudij\u0119 Ger\u0105j\u0105 Naujien\u0105, tik\u0117jimo pergal\u0119 prie\u0161 nuod\u0117m\u0117s tams\u0105. Jie negali atstoti I\u0161ganytojo ir turime saugotis pagundos ne J\u012f, o juos prad\u0117ti sekti, ta\u010diau jie puik\u016bs mokytojai ir bendra\u017eygiai. J\u0173 tik\u0117jimo blyksniai vertingesni u\u017e daugyb\u0119 tom\u0173 i\u0161minting\u0173 teologini\u0173 i\u0161ved\u017eiojim\u0173.\u201c<\/p>\n","protected":false},"excerpt":{"rendered":"<p>Tai jau antroji filosofijos daktaro, Bernardinai.lt vyriausiojo redaktoriaus Andriaus Navicko knyga. \u0160\u012fsyk autorius pristato per Tik\u0117jimo metus subrandintas \u012f\u017evalgas apie tik\u0117jimo kelion\u0119, b\u016btin\u0105 kelionmai\u0161\u012f, kelio gaires ir klystkelius bei patikimus vedlius. Knyga \u201eKelio bendrija\u201c yra atkakli pastanga kelti klausim\u0105: k\u0105 rei\u0161kia b\u016bti ne tik Kristaus gerb\u0117ju, bet ir Jo sek\u0117ju? Tai kvietimas \u012f tik\u0117jimo kelion\u0119, priminimas, kad \u012f Dievo taut\u0105 \u012fsijungiame imdami mums skirt\u0105 kry\u017ei\u0173 ir eidami su I\u0161ganytoju, o ne i\u0161mokdami burta\u017eod\u017ei\u0173, praktikuodami ritualus, kurie es\u0105 gali Diev\u0105 padaryti \u201esavi\u0161k\u012f\u201c. \u201eKnyg\u0105 pradedu, per\u017evelgdamas m\u016bs\u0173 tik\u0117jimo kelionmai\u0161\u012f. \u017dmogi\u0161ka \u012f j\u012f prisigr\u016bsti \u012fvairiausi\u0173 dalyk\u0173. Kiekviena tikra kelion\u0117 yra nuotykis ir ne\u017einia, ko prireiks. Ta\u010diau tik\u0117jimo kelion\u0117s specifika ta, jog jos nepavyks nueiti savo kojomis, bent jau tol, kol kelionmai\u0161yje netur\u0117sime trij\u0173 svarbiausi\u0173 dovan\u0173: tik\u0117jimo, vilties ir meil\u0117s.\u201c \u201eAntroji knygos dalis \u2013 tai evangelist\u0173 u\u017era\u0161yto J\u0117zaus pasakojimo apie t\u0117v\u0105 ir du s\u016bnus apm\u0105stymas, \u017evelgiant \u012f krik\u0161\u010dionyb\u0117s ir Vakar\u0173 civilizacijos santyk\u012f&#8230; Knygoje i\u0161skleid\u017eiu tez\u0119, kad nuo Ap\u0161vietos laik\u0173 Vakar\u0173 civilizacija kartoja s\u016bnaus palaid\u016bno klajones, bandydama nukirsti savo krik\u0161\u010dioni\u0161k\u0105sias \u0161aknis. Tai veda ne \u012f laisv\u0119 ir harmonij\u0105, bet \u012f vis did\u0117jant\u012f chaos\u0105 ir savidestrukcij\u0105.\u201c \u201eTre\u010dioji knygos dalis \u2013 tai tik\u0117jimo kelion\u0117s stalkeri\u0173 pristatymas. Stalkeris \u2013 tai patyr\u0119s vedlys, sugebantis rasti keli\u0105 per \u012fvairiais sp\u0105stais nus\u0117t\u0105 Zon\u0105. Jis neprimeta kelion\u0117s tikslo, nenueina pavojingo kelio u\u017e kitus, ta\u010diau jo patirtis ir pavyzdys \u2013 ne\u012fkainojama pagalba pavojingoje kelion\u0117je. Tai vyrai ir moterys, savo gyvenimu liudij\u0119 Ger\u0105j\u0105 Naujien\u0105, tik\u0117jimo pergal\u0119 prie\u0161 nuod\u0117m\u0117s tams\u0105. Jie negali atstoti I\u0161ganytojo ir turime saugotis pagundos ne J\u012f, o juos prad\u0117ti sekti, ta\u010diau jie puik\u016bs mokytojai ir bendra\u017eygiai. J\u0173 tik\u0117jimo blyksniai vertingesni u\u017e daugyb\u0119 tom\u0173 i\u0161minting\u0173 teologini\u0173 i\u0161ved\u017eiojim\u0173.\u201c<\/p>\n","protected":false},"featured_media":20716,"comment_status":"open","ping_status":"closed","template":"","meta":{"_acf_changed":false,"site-sidebar-layout":"default","site-content-layout":"","ast-site-content-layout":"default","site-content-style":"default","site-sidebar-style":"default","ast-global-header-display":"","ast-banner-title-visibility":"","ast-main-header-display":"","ast-hfb-above-header-display":"","ast-hfb-below-header-display":"","ast-hfb-mobile-header-display":"","site-post-title":"","ast-breadcrumbs-content":"","ast-featured-img":"","footer-sml-layout":"","ast-disable-related-posts":"","theme-transparent-header-meta":"","adv-header-id-meta":"","stick-header-meta":"","header-above-stick-meta":"","header-main-stick-meta":"","header-below-stick-meta":"","astra-migrate-meta-layouts":"default","ast-page-background-enabled":"default","ast-page-background-meta":{"desktop":{"background-color":"","background-image":"","background-repeat":"repeat","background-position":"center center","background-size":"auto","background-attachment":"scroll","background-type":"","background-media":"","overlay-type":"","overlay-color":"","overlay-opacity":"","overlay-gradient":""},"tablet":{"background-color":"","background-image":"","background-repeat":"repeat","background-position":"center center","background-size":"auto","background-attachment":"scroll","background-type":"","background-media":"","overlay-type":"","overlay-color":"","overlay-opacity":"","overlay-gradient":""},"mobile":{"background-color":"","background-image":"","background-repeat":"repeat","background-position":"center center","background-size":"auto","background-attachment":"scroll","background-type":"","background-media":"","overlay-type":"","overlay-color":"","overlay-opacity":"","overlay-gradient":""}},"ast-content-background-meta":{"desktop":{"background-color":"var(--ast-global-color-4)","background-image":"","background-repeat":"repeat","background-position":"center center","background-size":"auto","background-attachment":"scroll","background-type":"","background-media":"","overlay-type":"","overlay-color":"","overlay-opacity":"","overlay-gradient":""},"tablet":{"background-color":"var(--ast-global-color-4)","background-image":"","background-repeat":"repeat","background-position":"center center","background-size":"auto","background-attachment":"scroll","background-type":"","background-media":"","overlay-type":"","overlay-color":"","overlay-opacity":"","overlay-gradient":""},"mobile":{"background-color":"var(--ast-global-color-4)","background-image":"","background-repeat":"repeat","background-position":"center center","background-size":"auto","background-attachment":"scroll","background-type":"","background-media":"","overlay-type":"","overlay-color":"","overlay-opacity":"","overlay-gradient":""}}},"product_brand":[],"product_cat":[9753],"product_tag":[8810,8813,8812,2680,1942,1581,8811],"class_list":{"0":"post-20711","1":"product","2":"type-product","3":"status-publish","4":"has-post-thumbnail","6":"product_cat-religija","7":"product_tag-andrius-navickas","8":"product_tag-dvasinis-vedlys","9":"product_tag-evangelija","10":"product_tag-kelione","11":"product_tag-krikscionybe","12":"product_tag-tikejimas","13":"product_tag-vakaru-civilizacija","14":"desktop-align-left","15":"tablet-align-left","16":"mobile-align-left","18":"first","19":"instock","20":"shipping-taxable","21":"purchasable","22":"product-type-simple"},"acf":[],"yoast_head":"<!-- This site is optimized with the Yoast SEO plugin v27.0 - https:\/\/yoast.com\/product\/yoast-seo-wordpress\/ -->\n<title>Kelio bendrija<\/title>\n<meta name=\"description\" content=\"Tai jau antroji filosofijos daktaro, Bernardinai.lt vyriausiojo redaktoriaus Andriaus Navicko knyga. \u0160\u012fsyk autorius pristato per Tik\u0117jimo metus\" \/>\n<meta name=\"robots\" content=\"index, follow, max-snippet:-1, max-image-preview:large, max-video-preview:-1\" \/>\n<link rel=\"canonical\" href=\"https:\/\/skaitytaknyga.lt\/en\/produktas\/kelio-bendrija\/\" \/>\n<meta property=\"og:locale\" content=\"en_GB\" \/>\n<meta property=\"og:locale:alternate\" content=\"lt_LT\" \/>\n<meta property=\"og:type\" content=\"article\" \/>\n<meta property=\"og:title\" content=\"Kelio bendrija\" \/>\n<meta property=\"og:description\" content=\"Tai jau antroji filosofijos daktaro, Bernardinai.lt vyriausiojo redaktoriaus Andriaus Navicko knyga. \u0160\u012fsyk autorius pristato per Tik\u0117jimo metus\" \/>\n<meta property=\"og:url\" content=\"https:\/\/skaitytaknyga.lt\/en\/produktas\/kelio-bendrija\/\" \/>\n<meta property=\"og:site_name\" content=\"Skaitytaknyga\" \/>\n<meta property=\"article:publisher\" content=\"https:\/\/www.facebook.com\/skaitytaknyga\/\" \/>\n<meta property=\"article:modified_time\" content=\"2026-03-18T10:29:50+00:00\" \/>\n<meta property=\"og:image\" content=\"https:\/\/skaitytaknyga.lt\/wp-content\/uploads\/2025\/09\/Kelio-bendrija-1.webp\" \/>\n\t<meta property=\"og:image:width\" content=\"300\" \/>\n\t<meta property=\"og:image:height\" content=\"395\" \/>\n\t<meta property=\"og:image:type\" content=\"image\/webp\" \/>\n<meta name=\"twitter:card\" content=\"summary_large_image\" \/>\n<meta name=\"twitter:label1\" content=\"Estimated reading time\" \/>\n\t<meta name=\"twitter:data1\" content=\"2 minutes\" \/>\n<script type=\"application\/ld+json\" class=\"yoast-schema-graph\">{\"@context\":\"https:\/\/schema.org\",\"@graph\":[{\"@type\":\"WebPage\",\"@id\":\"https:\/\/skaitytaknyga.lt\/produktas\/kelio-bendrija\/\",\"url\":\"https:\/\/skaitytaknyga.lt\/produktas\/kelio-bendrija\/\",\"name\":\"Kelio bendrija\",\"isPartOf\":{\"@id\":\"https:\/\/skaitytaknyga.lt\/#website\"},\"primaryImageOfPage\":{\"@id\":\"https:\/\/skaitytaknyga.lt\/produktas\/kelio-bendrija\/#primaryimage\"},\"image\":{\"@id\":\"https:\/\/skaitytaknyga.lt\/produktas\/kelio-bendrija\/#primaryimage\"},\"thumbnailUrl\":\"https:\/\/skaitytaknyga.lt\/wp-content\/uploads\/2025\/09\/Kelio-bendrija-1.webp\",\"datePublished\":\"2025-09-12T07:39:32+00:00\",\"dateModified\":\"2026-03-18T10:29:50+00:00\",\"description\":\"Tai jau antroji filosofijos daktaro, Bernardinai.lt vyriausiojo redaktoriaus Andriaus Navicko knyga. \u0160\u012fsyk autorius pristato per Tik\u0117jimo metus\",\"breadcrumb\":{\"@id\":\"https:\/\/skaitytaknyga.lt\/produktas\/kelio-bendrija\/#breadcrumb\"},\"inLanguage\":\"en-GB\",\"potentialAction\":[{\"@type\":\"ReadAction\",\"target\":[\"https:\/\/skaitytaknyga.lt\/produktas\/kelio-bendrija\/\"]}]},{\"@type\":\"ImageObject\",\"inLanguage\":\"en-GB\",\"@id\":\"https:\/\/skaitytaknyga.lt\/produktas\/kelio-bendrija\/#primaryimage\",\"url\":\"https:\/\/skaitytaknyga.lt\/wp-content\/uploads\/2025\/09\/Kelio-bendrija-1.webp\",\"contentUrl\":\"https:\/\/skaitytaknyga.lt\/wp-content\/uploads\/2025\/09\/Kelio-bendrija-1.webp\",\"width\":300,\"height\":395},{\"@type\":\"BreadcrumbList\",\"@id\":\"https:\/\/skaitytaknyga.lt\/produktas\/kelio-bendrija\/#breadcrumb\",\"itemListElement\":[{\"@type\":\"ListItem\",\"position\":1,\"name\":\"Home\",\"item\":\"https:\/\/skaitytaknyga.lt\/\"},{\"@type\":\"ListItem\",\"position\":2,\"name\":\"Parduotuv\u0117\",\"item\":\"https:\/\/skaitytaknyga.lt\/knygu-parduotuve\/\"},{\"@type\":\"ListItem\",\"position\":3,\"name\":\"Kelio bendrija\"}]},{\"@type\":\"WebSite\",\"@id\":\"https:\/\/skaitytaknyga.lt\/#website\",\"url\":\"https:\/\/skaitytaknyga.lt\/\",\"name\":\"skaitytaknyga.lt\",\"description\":\"Skaitytaknyga.lt \u2013 tai ma\u017eas \u0161eimos verslas, kuris prasid\u0117jo nuo meil\u0117s knygoms ir siekio i\u0161gelb\u0117ti knygas nuo likimo prie konteinerio. Kas vienam nereikalingas daiktas \u2013 kitam lobis, o mes esame tarpininkai, kurie padeda abiems tapti laimingesniems ???? \u017dinome kaip nelengva i\u0161gyventi ma\u017eiems verslams, tad nuo \u0161iol, \u010dia rasite ir kit\u0173, ma\u017e\u0173 \u0161eim\u0173 versl\u0173, rank\u0173 darbo, dovan\u0173 sau ir artimiesiems.\",\"publisher\":{\"@id\":\"https:\/\/skaitytaknyga.lt\/#organization\"},\"potentialAction\":[{\"@type\":\"SearchAction\",\"target\":{\"@type\":\"EntryPoint\",\"urlTemplate\":\"https:\/\/skaitytaknyga.lt\/?s={search_term_string}\"},\"query-input\":{\"@type\":\"PropertyValueSpecification\",\"valueRequired\":true,\"valueName\":\"search_term_string\"}}],\"inLanguage\":\"en-GB\"},{\"@type\":\"Organization\",\"@id\":\"https:\/\/skaitytaknyga.lt\/#organization\",\"name\":\"skaitytaknyga.lt\",\"url\":\"https:\/\/skaitytaknyga.lt\/\",\"logo\":{\"@type\":\"ImageObject\",\"inLanguage\":\"en-GB\",\"@id\":\"https:\/\/skaitytaknyga.lt\/#\/schema\/logo\/image\/\",\"url\":\"https:\/\/skaitytaknyga.lt\/wp-content\/uploads\/2024\/05\/cropped-cropped-cropped-02_00843_jt3bggkj1j3HLc7SyY6rEUpg.jpeg\",\"contentUrl\":\"https:\/\/skaitytaknyga.lt\/wp-content\/uploads\/2024\/05\/cropped-cropped-cropped-02_00843_jt3bggkj1j3HLc7SyY6rEUpg.jpeg\",\"width\":1600,\"height\":1600,\"caption\":\"skaitytaknyga.lt\"},\"image\":{\"@id\":\"https:\/\/skaitytaknyga.lt\/#\/schema\/logo\/image\/\"},\"sameAs\":[\"https:\/\/www.facebook.com\/skaitytaknyga\/\"]}]}<\/script>\n<!-- \/ Yoast SEO plugin. -->","yoast_head_json":{"title":"Kelio bendrija","description":"Tai jau antroji filosofijos daktaro, Bernardinai.lt vyriausiojo redaktoriaus Andriaus Navicko knyga. \u0160\u012fsyk autorius pristato per Tik\u0117jimo metus","robots":{"index":"index","follow":"follow","max-snippet":"max-snippet:-1","max-image-preview":"max-image-preview:large","max-video-preview":"max-video-preview:-1"},"canonical":"https:\/\/skaitytaknyga.lt\/en\/produktas\/kelio-bendrija\/","og_locale":"en_GB","og_type":"article","og_title":"[:lt]Kelio bendrija[:] - Skaitytaknyga","og_description":"Tai jau antroji filosofijos daktaro, Bernardinai.lt vyriausiojo redaktoriaus Andriaus Navicko knyga. \u0160\u012fsyk autorius pristato per Tik\u0117jimo metus","og_url":"https:\/\/skaitytaknyga.lt\/en\/produktas\/kelio-bendrija\/","og_site_name":"Skaitytaknyga","article_publisher":"https:\/\/www.facebook.com\/skaitytaknyga\/","article_modified_time":"2026-03-18T10:29:50+00:00","og_image":[{"width":300,"height":395,"url":"https:\/\/skaitytaknyga.lt\/wp-content\/uploads\/2025\/09\/Kelio-bendrija-1.webp","type":"image\/webp"}],"twitter_card":"summary_large_image","twitter_misc":{"Estimated reading time":"2 minutes"},"schema":{"@context":"https:\/\/schema.org","@graph":[{"@type":"WebPage","@id":"https:\/\/skaitytaknyga.lt\/produktas\/kelio-bendrija\/","url":"https:\/\/skaitytaknyga.lt\/produktas\/kelio-bendrija\/","name":"Kelio bendrija","isPartOf":{"@id":"https:\/\/skaitytaknyga.lt\/#website"},"primaryImageOfPage":{"@id":"https:\/\/skaitytaknyga.lt\/produktas\/kelio-bendrija\/#primaryimage"},"image":{"@id":"https:\/\/skaitytaknyga.lt\/produktas\/kelio-bendrija\/#primaryimage"},"thumbnailUrl":"https:\/\/skaitytaknyga.lt\/wp-content\/uploads\/2025\/09\/Kelio-bendrija-1.webp","datePublished":"2025-09-12T07:39:32+00:00","dateModified":"2026-03-18T10:29:50+00:00","description":"Tai jau antroji filosofijos daktaro, Bernardinai.lt vyriausiojo redaktoriaus Andriaus Navicko knyga. \u0160\u012fsyk autorius pristato per Tik\u0117jimo metus","breadcrumb":{"@id":"https:\/\/skaitytaknyga.lt\/produktas\/kelio-bendrija\/#breadcrumb"},"inLanguage":"en-GB","potentialAction":[{"@type":"ReadAction","target":["https:\/\/skaitytaknyga.lt\/produktas\/kelio-bendrija\/"]}]},{"@type":"ImageObject","inLanguage":"en-GB","@id":"https:\/\/skaitytaknyga.lt\/produktas\/kelio-bendrija\/#primaryimage","url":"https:\/\/skaitytaknyga.lt\/wp-content\/uploads\/2025\/09\/Kelio-bendrija-1.webp","contentUrl":"https:\/\/skaitytaknyga.lt\/wp-content\/uploads\/2025\/09\/Kelio-bendrija-1.webp","width":300,"height":395},{"@type":"BreadcrumbList","@id":"https:\/\/skaitytaknyga.lt\/produktas\/kelio-bendrija\/#breadcrumb","itemListElement":[{"@type":"ListItem","position":1,"name":"Home","item":"https:\/\/skaitytaknyga.lt\/"},{"@type":"ListItem","position":2,"name":"Parduotuv\u0117","item":"https:\/\/skaitytaknyga.lt\/knygu-parduotuve\/"},{"@type":"ListItem","position":3,"name":"Kelio bendrija"}]},{"@type":"WebSite","@id":"https:\/\/skaitytaknyga.lt\/#website","url":"https:\/\/skaitytaknyga.lt\/","name":"skaitytaknyga.lt","description":"Skaitytaknyga.lt \u2013 tai ma\u017eas \u0161eimos verslas, kuris prasid\u0117jo nuo meil\u0117s knygoms ir siekio i\u0161gelb\u0117ti knygas nuo likimo prie konteinerio. Kas vienam nereikalingas daiktas \u2013 kitam lobis, o mes esame tarpininkai, kurie padeda abiems tapti laimingesniems ???? \u017dinome kaip nelengva i\u0161gyventi ma\u017eiems verslams, tad nuo \u0161iol, \u010dia rasite ir kit\u0173, ma\u017e\u0173 \u0161eim\u0173 versl\u0173, rank\u0173 darbo, dovan\u0173 sau ir artimiesiems.","publisher":{"@id":"https:\/\/skaitytaknyga.lt\/#organization"},"potentialAction":[{"@type":"SearchAction","target":{"@type":"EntryPoint","urlTemplate":"https:\/\/skaitytaknyga.lt\/?s={search_term_string}"},"query-input":{"@type":"PropertyValueSpecification","valueRequired":true,"valueName":"search_term_string"}}],"inLanguage":"en-GB"},{"@type":"Organization","@id":"https:\/\/skaitytaknyga.lt\/#organization","name":"skaitytaknyga.lt","url":"https:\/\/skaitytaknyga.lt\/","logo":{"@type":"ImageObject","inLanguage":"en-GB","@id":"https:\/\/skaitytaknyga.lt\/#\/schema\/logo\/image\/","url":"https:\/\/skaitytaknyga.lt\/wp-content\/uploads\/2024\/05\/cropped-cropped-cropped-02_00843_jt3bggkj1j3HLc7SyY6rEUpg.jpeg","contentUrl":"https:\/\/skaitytaknyga.lt\/wp-content\/uploads\/2024\/05\/cropped-cropped-cropped-02_00843_jt3bggkj1j3HLc7SyY6rEUpg.jpeg","width":1600,"height":1600,"caption":"skaitytaknyga.lt"},"image":{"@id":"https:\/\/skaitytaknyga.lt\/#\/schema\/logo\/image\/"},"sameAs":["https:\/\/www.facebook.com\/skaitytaknyga\/"]}]}},"_links":{"self":[{"href":"https:\/\/skaitytaknyga.lt\/en\/wp-json\/wp\/v2\/product\/20711","targetHints":{"allow":["GET"]}}],"collection":[{"href":"https:\/\/skaitytaknyga.lt\/en\/wp-json\/wp\/v2\/product"}],"about":[{"href":"https:\/\/skaitytaknyga.lt\/en\/wp-json\/wp\/v2\/types\/product"}],"replies":[{"embeddable":true,"href":"https:\/\/skaitytaknyga.lt\/en\/wp-json\/wp\/v2\/comments?post=20711"}],"wp:featuredmedia":[{"embeddable":true,"href":"https:\/\/skaitytaknyga.lt\/en\/wp-json\/wp\/v2\/media\/20716"}],"wp:attachment":[{"href":"https:\/\/skaitytaknyga.lt\/en\/wp-json\/wp\/v2\/media?parent=20711"}],"wp:term":[{"taxonomy":"product_brand","embeddable":true,"href":"https:\/\/skaitytaknyga.lt\/en\/wp-json\/wp\/v2\/product_brand?post=20711"},{"taxonomy":"product_cat","embeddable":true,"href":"https:\/\/skaitytaknyga.lt\/en\/wp-json\/wp\/v2\/product_cat?post=20711"},{"taxonomy":"product_tag","embeddable":true,"href":"https:\/\/skaitytaknyga.lt\/en\/wp-json\/wp\/v2\/product_tag?post=20711"}],"curies":[{"name":"wp","href":"https:\/\/api.w.org\/{rel}","templated":true}]}}