{"id":20710,"date":"2025-09-12T10:39:32","date_gmt":"2025-09-12T07:39:32","guid":{"rendered":"https:\/\/skaitytaknyga.lt\/?post_type=product&#038;p=20710"},"modified":"2026-02-26T10:10:29","modified_gmt":"2026-02-26T08:10:29","slug":"zmoniu-akivaizdoje","status":"publish","type":"product","link":"https:\/\/skaitytaknyga.lt\/en\/produktas\/zmoniu-akivaizdoje\/","title":{"rendered":"\u017dmoni\u0173 akivaizdoje"},"content":{"rendered":"<p>Giliai viduje m\u016bs\u0173 sielos trok\u0161ta myl\u0117ti, myl\u0117ti nuo\u0161ird\u017eiai ir stipriai. Ta\u010diau bandydami taip myl\u0117ti, atrandame, kad, kaip ra\u0161o Mike Mason, \u201enesame mylintys i\u0161 prigimties; turime to i\u0161mokti\u201c.<\/p>\n<p>Perskaitome daug knyg\u0173 ir padedame \u012f lentyn\u0105, pasim\u0117gav\u0119 su\u017einotais faktais ir prapl\u0117t\u0119 savo akirat\u012f. \u0160ios knygos poveikis bus visi\u0161kai kitoks \u2013 j\u0105 skaitydami, negal\u0117site likti, kokie buv\u0119. Tiesmukos mintys pa\u017eadina s\u0105\u017ein\u0119 ir greitai suvoki, kad ne\u012fmanoma apsimetin\u0117ti esant geru krik\u0161\u010dionimi. Suvoki, kad taip ir nei\u0161moksi myl\u0117ti savo Dievo, nei\u0161mok\u0119s myl\u0117ti jo regimo pavidalo \u2013 savo artimo. O pastarojo nesugeb\u0117si pamilti, nepamil\u0119s sav\u0119s.<\/p>\n<p>Kaip ra\u0161o Mike Mason, \u201ejei did\u017eiuojiesi pasirink\u0119s teising\u0105 doktrin\u0105, bet tavo gyvenimo ne\u017eenklina tikras d\u017eiaugsmas, gali b\u016bti, kad esi ka\u017ek\u0105 ne taip suprat\u0119s krik\u0161\u010dionyb\u0117je. Tau teks gr\u012f\u017eti \u012f pat\u012f pirm\u0105j\u012f langel\u012f\u201c. \u0160is d\u017eiaugsmas \u012fmanomas tik mylint \u017emog\u0173, koks jis yra.<\/p>\n<p>\u0160ios knygos ne\u012fmanoma skaityti greitai ir pavir\u0161utini\u0161kai. Kaip tikras vedlys autorius veda tave gilyn, kiekvienai dienai atseik\u0117damas nauj\u0105 porcij\u0105 suvokimo. Ta\u010diau joje n\u0117ra pasmerkimo. Jei kada jauteisi nevyk\u0117lis, nesugebantis myl\u0117ti artimo, k\u0105 jau kalb\u0117ti apie prie\u0161\u0105, \u0161i knyga pana\u0161i \u012f \u017eibint\u0105, nu\u0161vie\u010diant\u012f \u0161i\u0105 paslapt\u012f, kuri gal\u0173 gale tampa ai\u0161ki ir ap\u010diuopiama.<\/p>\n<p>Vienas \u017eodis, geriausiai apib\u016bdinantis \u0161i\u0105 knyg\u0105 \u2013 ji prakti\u0161ka. Kaip sako Mike Mason, krik\u0161\u010dionyb\u0117 visada yra prakti\u0161ka.<\/p>\n","protected":false},"excerpt":{"rendered":"<p>Giliai viduje m\u016bs\u0173 sielos trok\u0161ta myl\u0117ti, myl\u0117ti nuo\u0161ird\u017eiai ir stipriai. Ta\u010diau bandydami taip myl\u0117ti, atrandame, kad, kaip ra\u0161o Mike Mason, \u201enesame mylintys i\u0161 prigimties; turime to i\u0161mokti\u201c. Perskaitome daug knyg\u0173 ir padedame \u012f lentyn\u0105, pasim\u0117gav\u0119 su\u017einotais faktais ir prapl\u0117t\u0119 savo akirat\u012f. \u0160ios knygos poveikis bus visi\u0161kai kitoks \u2013 j\u0105 skaitydami, negal\u0117site likti, kokie buv\u0119. Tiesmukos mintys pa\u017eadina s\u0105\u017ein\u0119 ir greitai suvoki, kad ne\u012fmanoma apsimetin\u0117ti esant geru krik\u0161\u010dionimi. Suvoki, kad taip ir nei\u0161moksi myl\u0117ti savo Dievo, nei\u0161mok\u0119s myl\u0117ti jo regimo pavidalo \u2013 savo artimo. O pastarojo nesugeb\u0117si pamilti, nepamil\u0119s sav\u0119s. Kaip ra\u0161o Mike Mason, \u201ejei did\u017eiuojiesi pasirink\u0119s teising\u0105 doktrin\u0105, bet tavo gyvenimo ne\u017eenklina tikras d\u017eiaugsmas, gali b\u016bti, kad esi ka\u017ek\u0105 ne taip suprat\u0119s krik\u0161\u010dionyb\u0117je. Tau teks gr\u012f\u017eti \u012f pat\u012f pirm\u0105j\u012f langel\u012f\u201c. \u0160is d\u017eiaugsmas \u012fmanomas tik mylint \u017emog\u0173, koks jis yra. \u0160ios knygos ne\u012fmanoma skaityti greitai ir pavir\u0161utini\u0161kai. Kaip tikras vedlys autorius veda tave gilyn, kiekvienai dienai atseik\u0117damas nauj\u0105 porcij\u0105 suvokimo. Ta\u010diau joje n\u0117ra pasmerkimo. Jei kada jauteisi nevyk\u0117lis, nesugebantis myl\u0117ti artimo, k\u0105 jau kalb\u0117ti apie prie\u0161\u0105, \u0161i knyga pana\u0161i \u012f \u017eibint\u0105, nu\u0161vie\u010diant\u012f \u0161i\u0105 paslapt\u012f, kuri gal\u0173 gale tampa ai\u0161ki ir ap\u010diuopiama. Vienas \u017eodis, geriausiai apib\u016bdinantis \u0161i\u0105 knyg\u0105 \u2013 ji prakti\u0161ka. Kaip sako Mike Mason, krik\u0161\u010dionyb\u0117 visada yra prakti\u0161ka.<\/p>\n","protected":false},"featured_media":20715,"comment_status":"open","ping_status":"closed","template":"","meta":{"_acf_changed":false,"site-sidebar-layout":"default","site-content-layout":"","ast-site-content-layout":"default","site-content-style":"default","site-sidebar-style":"default","ast-global-header-display":"","ast-banner-title-visibility":"","ast-main-header-display":"","ast-hfb-above-header-display":"","ast-hfb-below-header-display":"","ast-hfb-mobile-header-display":"","site-post-title":"","ast-breadcrumbs-content":"","ast-featured-img":"","footer-sml-layout":"","ast-disable-related-posts":"","theme-transparent-header-meta":"","adv-header-id-meta":"","stick-header-meta":"","header-above-stick-meta":"","header-main-stick-meta":"","header-below-stick-meta":"","astra-migrate-meta-layouts":"default","ast-page-background-enabled":"default","ast-page-background-meta":{"desktop":{"background-color":"","background-image":"","background-repeat":"repeat","background-position":"center center","background-size":"auto","background-attachment":"scroll","background-type":"","background-media":"","overlay-type":"","overlay-color":"","overlay-opacity":"","overlay-gradient":""},"tablet":{"background-color":"","background-image":"","background-repeat":"repeat","background-position":"center center","background-size":"auto","background-attachment":"scroll","background-type":"","background-media":"","overlay-type":"","overlay-color":"","overlay-opacity":"","overlay-gradient":""},"mobile":{"background-color":"","background-image":"","background-repeat":"repeat","background-position":"center center","background-size":"auto","background-attachment":"scroll","background-type":"","background-media":"","overlay-type":"","overlay-color":"","overlay-opacity":"","overlay-gradient":""}},"ast-content-background-meta":{"desktop":{"background-color":"var(--ast-global-color-4)","background-image":"","background-repeat":"repeat","background-position":"center center","background-size":"auto","background-attachment":"scroll","background-type":"","background-media":"","overlay-type":"","overlay-color":"","overlay-opacity":"","overlay-gradient":""},"tablet":{"background-color":"var(--ast-global-color-4)","background-image":"","background-repeat":"repeat","background-position":"center center","background-size":"auto","background-attachment":"scroll","background-type":"","background-media":"","overlay-type":"","overlay-color":"","overlay-opacity":"","overlay-gradient":""},"mobile":{"background-color":"var(--ast-global-color-4)","background-image":"","background-repeat":"repeat","background-position":"center center","background-size":"auto","background-attachment":"scroll","background-type":"","background-media":"","overlay-type":"","overlay-color":"","overlay-opacity":"","overlay-gradient":""}}},"product_brand":[],"product_cat":[165],"product_tag":[1942,1796,8807,8809,1417,8808,1581],"class_list":{"0":"post-20710","1":"product","2":"type-product","3":"status-publish","4":"has-post-thumbnail","6":"product_cat-religija-filosofija-ir-ezoterika","7":"product_tag-krikscionybe","8":"product_tag-meile","9":"product_tag-mike-mason","10":"product_tag-praktine-dvasine-knyga","11":"product_tag-santykiai","12":"product_tag-siela","13":"product_tag-tikejimas","14":"desktop-align-left","15":"tablet-align-left","16":"mobile-align-left","18":"first","19":"instock","20":"shipping-taxable","21":"purchasable","22":"product-type-simple"},"acf":[],"yoast_head":"<!-- This site is optimized with the Yoast SEO plugin v27.0 - https:\/\/yoast.com\/product\/yoast-seo-wordpress\/ -->\n<title>\u017dmoni\u0173 akivaizdoje<\/title>\n<meta name=\"description\" content=\"Giliai viduje m\u016bs\u0173 sielos trok\u0161ta myl\u0117ti, myl\u0117ti nuo\u0161ird\u017eiai ir stipriai. Ta\u010diau bandydami taip myl\u0117ti, atrandame, kad, kaip ra\u0161o Mike Mason, \u201enesame\" \/>\n<meta name=\"robots\" content=\"index, follow, max-snippet:-1, max-image-preview:large, max-video-preview:-1\" \/>\n<link rel=\"canonical\" href=\"https:\/\/skaitytaknyga.lt\/en\/produktas\/zmoniu-akivaizdoje\/\" \/>\n<meta property=\"og:locale\" content=\"en_GB\" \/>\n<meta property=\"og:locale:alternate\" content=\"lt_LT\" \/>\n<meta property=\"og:type\" content=\"article\" \/>\n<meta property=\"og:title\" content=\"\u017dmoni\u0173 akivaizdoje\" \/>\n<meta property=\"og:description\" content=\"Giliai viduje m\u016bs\u0173 sielos trok\u0161ta myl\u0117ti, myl\u0117ti nuo\u0161ird\u017eiai ir stipriai. Ta\u010diau bandydami taip myl\u0117ti, atrandame, kad, kaip ra\u0161o Mike Mason, \u201enesame\" \/>\n<meta property=\"og:url\" content=\"https:\/\/skaitytaknyga.lt\/en\/produktas\/zmoniu-akivaizdoje\/\" \/>\n<meta property=\"og:site_name\" content=\"Skaitytaknyga\" \/>\n<meta property=\"article:publisher\" content=\"https:\/\/www.facebook.com\/skaitytaknyga\/\" \/>\n<meta property=\"article:modified_time\" content=\"2026-02-26T08:10:29+00:00\" \/>\n<meta property=\"og:image\" content=\"https:\/\/skaitytaknyga.lt\/wp-content\/uploads\/2025\/09\/Zmoniu-akivaizdoje-1.webp\" \/>\n\t<meta property=\"og:image:width\" content=\"300\" \/>\n\t<meta property=\"og:image:height\" content=\"416\" \/>\n\t<meta property=\"og:image:type\" content=\"image\/webp\" \/>\n<meta name=\"twitter:card\" content=\"summary_large_image\" \/>\n<meta name=\"twitter:label1\" content=\"Estimated reading time\" \/>\n\t<meta name=\"twitter:data1\" content=\"1 minute\" \/>\n<script type=\"application\/ld+json\" class=\"yoast-schema-graph\">{\"@context\":\"https:\/\/schema.org\",\"@graph\":[{\"@type\":\"WebPage\",\"@id\":\"https:\/\/skaitytaknyga.lt\/produktas\/zmoniu-akivaizdoje\/\",\"url\":\"https:\/\/skaitytaknyga.lt\/produktas\/zmoniu-akivaizdoje\/\",\"name\":\"\u017dmoni\u0173 akivaizdoje\",\"isPartOf\":{\"@id\":\"https:\/\/skaitytaknyga.lt\/#website\"},\"primaryImageOfPage\":{\"@id\":\"https:\/\/skaitytaknyga.lt\/produktas\/zmoniu-akivaizdoje\/#primaryimage\"},\"image\":{\"@id\":\"https:\/\/skaitytaknyga.lt\/produktas\/zmoniu-akivaizdoje\/#primaryimage\"},\"thumbnailUrl\":\"https:\/\/skaitytaknyga.lt\/wp-content\/uploads\/2025\/09\/Zmoniu-akivaizdoje-1.webp\",\"datePublished\":\"2025-09-12T07:39:32+00:00\",\"dateModified\":\"2026-02-26T08:10:29+00:00\",\"description\":\"Giliai viduje m\u016bs\u0173 sielos trok\u0161ta myl\u0117ti, myl\u0117ti nuo\u0161ird\u017eiai ir stipriai. Ta\u010diau bandydami taip myl\u0117ti, atrandame, kad, kaip ra\u0161o Mike Mason, \u201enesame\",\"breadcrumb\":{\"@id\":\"https:\/\/skaitytaknyga.lt\/produktas\/zmoniu-akivaizdoje\/#breadcrumb\"},\"inLanguage\":\"en-GB\",\"potentialAction\":[{\"@type\":\"ReadAction\",\"target\":[\"https:\/\/skaitytaknyga.lt\/produktas\/zmoniu-akivaizdoje\/\"]}]},{\"@type\":\"ImageObject\",\"inLanguage\":\"en-GB\",\"@id\":\"https:\/\/skaitytaknyga.lt\/produktas\/zmoniu-akivaizdoje\/#primaryimage\",\"url\":\"https:\/\/skaitytaknyga.lt\/wp-content\/uploads\/2025\/09\/Zmoniu-akivaizdoje-1.webp\",\"contentUrl\":\"https:\/\/skaitytaknyga.lt\/wp-content\/uploads\/2025\/09\/Zmoniu-akivaizdoje-1.webp\",\"width\":300,\"height\":416,\"caption\":\"\u017dmoni\u0173 akivaizdoje\"},{\"@type\":\"BreadcrumbList\",\"@id\":\"https:\/\/skaitytaknyga.lt\/produktas\/zmoniu-akivaizdoje\/#breadcrumb\",\"itemListElement\":[{\"@type\":\"ListItem\",\"position\":1,\"name\":\"Home\",\"item\":\"https:\/\/skaitytaknyga.lt\/\"},{\"@type\":\"ListItem\",\"position\":2,\"name\":\"Parduotuv\u0117\",\"item\":\"https:\/\/skaitytaknyga.lt\/knygu-parduotuve\/\"},{\"@type\":\"ListItem\",\"position\":3,\"name\":\"\u017dmoni\u0173 akivaizdoje\"}]},{\"@type\":\"WebSite\",\"@id\":\"https:\/\/skaitytaknyga.lt\/#website\",\"url\":\"https:\/\/skaitytaknyga.lt\/\",\"name\":\"skaitytaknyga.lt\",\"description\":\"Skaitytaknyga.lt \u2013 tai ma\u017eas \u0161eimos verslas, kuris prasid\u0117jo nuo meil\u0117s knygoms ir siekio i\u0161gelb\u0117ti knygas nuo likimo prie konteinerio. Kas vienam nereikalingas daiktas \u2013 kitam lobis, o mes esame tarpininkai, kurie padeda abiems tapti laimingesniems ???? \u017dinome kaip nelengva i\u0161gyventi ma\u017eiems verslams, tad nuo \u0161iol, \u010dia rasite ir kit\u0173, ma\u017e\u0173 \u0161eim\u0173 versl\u0173, rank\u0173 darbo, dovan\u0173 sau ir artimiesiems.\",\"publisher\":{\"@id\":\"https:\/\/skaitytaknyga.lt\/#organization\"},\"potentialAction\":[{\"@type\":\"SearchAction\",\"target\":{\"@type\":\"EntryPoint\",\"urlTemplate\":\"https:\/\/skaitytaknyga.lt\/?s={search_term_string}\"},\"query-input\":{\"@type\":\"PropertyValueSpecification\",\"valueRequired\":true,\"valueName\":\"search_term_string\"}}],\"inLanguage\":\"en-GB\"},{\"@type\":\"Organization\",\"@id\":\"https:\/\/skaitytaknyga.lt\/#organization\",\"name\":\"skaitytaknyga.lt\",\"url\":\"https:\/\/skaitytaknyga.lt\/\",\"logo\":{\"@type\":\"ImageObject\",\"inLanguage\":\"en-GB\",\"@id\":\"https:\/\/skaitytaknyga.lt\/#\/schema\/logo\/image\/\",\"url\":\"https:\/\/skaitytaknyga.lt\/wp-content\/uploads\/2024\/05\/cropped-cropped-cropped-02_00843_jt3bggkj1j3HLc7SyY6rEUpg.jpeg\",\"contentUrl\":\"https:\/\/skaitytaknyga.lt\/wp-content\/uploads\/2024\/05\/cropped-cropped-cropped-02_00843_jt3bggkj1j3HLc7SyY6rEUpg.jpeg\",\"width\":1600,\"height\":1600,\"caption\":\"skaitytaknyga.lt\"},\"image\":{\"@id\":\"https:\/\/skaitytaknyga.lt\/#\/schema\/logo\/image\/\"},\"sameAs\":[\"https:\/\/www.facebook.com\/skaitytaknyga\/\"]}]}<\/script>\n<!-- \/ Yoast SEO plugin. -->","yoast_head_json":{"title":"\u017dmoni\u0173 akivaizdoje","description":"Giliai viduje m\u016bs\u0173 sielos trok\u0161ta myl\u0117ti, myl\u0117ti nuo\u0161ird\u017eiai ir stipriai. Ta\u010diau bandydami taip myl\u0117ti, atrandame, kad, kaip ra\u0161o Mike Mason, \u201enesame","robots":{"index":"index","follow":"follow","max-snippet":"max-snippet:-1","max-image-preview":"max-image-preview:large","max-video-preview":"max-video-preview:-1"},"canonical":"https:\/\/skaitytaknyga.lt\/en\/produktas\/zmoniu-akivaizdoje\/","og_locale":"en_GB","og_type":"article","og_title":"[:lt]\u017dmoni\u0173 akivaizdoje[:] - Skaitytaknyga","og_description":"Giliai viduje m\u016bs\u0173 sielos trok\u0161ta myl\u0117ti, myl\u0117ti nuo\u0161ird\u017eiai ir stipriai. Ta\u010diau bandydami taip myl\u0117ti, atrandame, kad, kaip ra\u0161o Mike Mason, \u201enesame","og_url":"https:\/\/skaitytaknyga.lt\/en\/produktas\/zmoniu-akivaizdoje\/","og_site_name":"Skaitytaknyga","article_publisher":"https:\/\/www.facebook.com\/skaitytaknyga\/","article_modified_time":"2026-02-26T08:10:29+00:00","og_image":[{"width":300,"height":416,"url":"https:\/\/skaitytaknyga.lt\/wp-content\/uploads\/2025\/09\/Zmoniu-akivaizdoje-1.webp","type":"image\/webp"}],"twitter_card":"summary_large_image","twitter_misc":{"Estimated reading time":"1 minute"},"schema":{"@context":"https:\/\/schema.org","@graph":[{"@type":"WebPage","@id":"https:\/\/skaitytaknyga.lt\/produktas\/zmoniu-akivaizdoje\/","url":"https:\/\/skaitytaknyga.lt\/produktas\/zmoniu-akivaizdoje\/","name":"\u017dmoni\u0173 akivaizdoje","isPartOf":{"@id":"https:\/\/skaitytaknyga.lt\/#website"},"primaryImageOfPage":{"@id":"https:\/\/skaitytaknyga.lt\/produktas\/zmoniu-akivaizdoje\/#primaryimage"},"image":{"@id":"https:\/\/skaitytaknyga.lt\/produktas\/zmoniu-akivaizdoje\/#primaryimage"},"thumbnailUrl":"https:\/\/skaitytaknyga.lt\/wp-content\/uploads\/2025\/09\/Zmoniu-akivaizdoje-1.webp","datePublished":"2025-09-12T07:39:32+00:00","dateModified":"2026-02-26T08:10:29+00:00","description":"Giliai viduje m\u016bs\u0173 sielos trok\u0161ta myl\u0117ti, myl\u0117ti nuo\u0161ird\u017eiai ir stipriai. Ta\u010diau bandydami taip myl\u0117ti, atrandame, kad, kaip ra\u0161o Mike Mason, \u201enesame","breadcrumb":{"@id":"https:\/\/skaitytaknyga.lt\/produktas\/zmoniu-akivaizdoje\/#breadcrumb"},"inLanguage":"en-GB","potentialAction":[{"@type":"ReadAction","target":["https:\/\/skaitytaknyga.lt\/produktas\/zmoniu-akivaizdoje\/"]}]},{"@type":"ImageObject","inLanguage":"en-GB","@id":"https:\/\/skaitytaknyga.lt\/produktas\/zmoniu-akivaizdoje\/#primaryimage","url":"https:\/\/skaitytaknyga.lt\/wp-content\/uploads\/2025\/09\/Zmoniu-akivaizdoje-1.webp","contentUrl":"https:\/\/skaitytaknyga.lt\/wp-content\/uploads\/2025\/09\/Zmoniu-akivaizdoje-1.webp","width":300,"height":416,"caption":"\u017dmoni\u0173 akivaizdoje"},{"@type":"BreadcrumbList","@id":"https:\/\/skaitytaknyga.lt\/produktas\/zmoniu-akivaizdoje\/#breadcrumb","itemListElement":[{"@type":"ListItem","position":1,"name":"Home","item":"https:\/\/skaitytaknyga.lt\/"},{"@type":"ListItem","position":2,"name":"Parduotuv\u0117","item":"https:\/\/skaitytaknyga.lt\/knygu-parduotuve\/"},{"@type":"ListItem","position":3,"name":"\u017dmoni\u0173 akivaizdoje"}]},{"@type":"WebSite","@id":"https:\/\/skaitytaknyga.lt\/#website","url":"https:\/\/skaitytaknyga.lt\/","name":"skaitytaknyga.lt","description":"Skaitytaknyga.lt \u2013 tai ma\u017eas \u0161eimos verslas, kuris prasid\u0117jo nuo meil\u0117s knygoms ir siekio i\u0161gelb\u0117ti knygas nuo likimo prie konteinerio. Kas vienam nereikalingas daiktas \u2013 kitam lobis, o mes esame tarpininkai, kurie padeda abiems tapti laimingesniems ???? \u017dinome kaip nelengva i\u0161gyventi ma\u017eiems verslams, tad nuo \u0161iol, \u010dia rasite ir kit\u0173, ma\u017e\u0173 \u0161eim\u0173 versl\u0173, rank\u0173 darbo, dovan\u0173 sau ir artimiesiems.","publisher":{"@id":"https:\/\/skaitytaknyga.lt\/#organization"},"potentialAction":[{"@type":"SearchAction","target":{"@type":"EntryPoint","urlTemplate":"https:\/\/skaitytaknyga.lt\/?s={search_term_string}"},"query-input":{"@type":"PropertyValueSpecification","valueRequired":true,"valueName":"search_term_string"}}],"inLanguage":"en-GB"},{"@type":"Organization","@id":"https:\/\/skaitytaknyga.lt\/#organization","name":"skaitytaknyga.lt","url":"https:\/\/skaitytaknyga.lt\/","logo":{"@type":"ImageObject","inLanguage":"en-GB","@id":"https:\/\/skaitytaknyga.lt\/#\/schema\/logo\/image\/","url":"https:\/\/skaitytaknyga.lt\/wp-content\/uploads\/2024\/05\/cropped-cropped-cropped-02_00843_jt3bggkj1j3HLc7SyY6rEUpg.jpeg","contentUrl":"https:\/\/skaitytaknyga.lt\/wp-content\/uploads\/2024\/05\/cropped-cropped-cropped-02_00843_jt3bggkj1j3HLc7SyY6rEUpg.jpeg","width":1600,"height":1600,"caption":"skaitytaknyga.lt"},"image":{"@id":"https:\/\/skaitytaknyga.lt\/#\/schema\/logo\/image\/"},"sameAs":["https:\/\/www.facebook.com\/skaitytaknyga\/"]}]}},"_links":{"self":[{"href":"https:\/\/skaitytaknyga.lt\/en\/wp-json\/wp\/v2\/product\/20710","targetHints":{"allow":["GET"]}}],"collection":[{"href":"https:\/\/skaitytaknyga.lt\/en\/wp-json\/wp\/v2\/product"}],"about":[{"href":"https:\/\/skaitytaknyga.lt\/en\/wp-json\/wp\/v2\/types\/product"}],"replies":[{"embeddable":true,"href":"https:\/\/skaitytaknyga.lt\/en\/wp-json\/wp\/v2\/comments?post=20710"}],"wp:featuredmedia":[{"embeddable":true,"href":"https:\/\/skaitytaknyga.lt\/en\/wp-json\/wp\/v2\/media\/20715"}],"wp:attachment":[{"href":"https:\/\/skaitytaknyga.lt\/en\/wp-json\/wp\/v2\/media?parent=20710"}],"wp:term":[{"taxonomy":"product_brand","embeddable":true,"href":"https:\/\/skaitytaknyga.lt\/en\/wp-json\/wp\/v2\/product_brand?post=20710"},{"taxonomy":"product_cat","embeddable":true,"href":"https:\/\/skaitytaknyga.lt\/en\/wp-json\/wp\/v2\/product_cat?post=20710"},{"taxonomy":"product_tag","embeddable":true,"href":"https:\/\/skaitytaknyga.lt\/en\/wp-json\/wp\/v2\/product_tag?post=20710"}],"curies":[{"name":"wp","href":"https:\/\/api.w.org\/{rel}","templated":true}]}}