{"id":20709,"date":"2025-09-12T10:39:32","date_gmt":"2025-09-12T07:39:32","guid":{"rendered":"https:\/\/skaitytaknyga.lt\/?post_type=product&#038;p=20709"},"modified":"2026-03-18T11:06:12","modified_gmt":"2026-03-18T09:06:12","slug":"tiramisu-karaliene","status":"publish","type":"product","link":"https:\/\/skaitytaknyga.lt\/en\/produktas\/tiramisu-karaliene\/","title":{"rendered":"Tiramisu karalien\u0117"},"content":{"rendered":"<p>\u201eTiramisu karalien\u0117\u201c \u2013 meistri\u0161kai ir i\u0161moningai it spalvingas kilimas supintas pasakojimas apie paslapt\u012f, meil\u0119 ir iliuzijas. \u0160iame romane kaip Davido Lyncho filmuose viena paslaptis atveria kit\u0105 paslapt\u012f, o skrupulingai apgalvota meil\u0117 eina greta su i\u0161davyste. \u010cia pasakos tampa realybe, gyvieji egzistuoja kartu su mirusiaisiais, \u012f dienos \u0161vies\u0105 i\u0161velkami patys g\u0117dingiausi tro\u0161kimai.<\/p>\n<p>Jaunuolis ir subrendusi moteris, jis \u2013 itin jautrus doktorantas, ji \u2013 gra\u017ei, i\u0161tek\u0117jusi moteris, radijo laid\u0173 direktor\u0117. Julija nuolatos vilioja jaun\u0105j\u012f meilu\u017e\u012f pa\u017eadais apie bendr\u0105 gyvenim\u0105, puikiai \u017einodama, kad jos vyras \u2013 stambios korporacijos direktorius \u2013 niekada nesutiks skirtis, o ir pati moteris ka\u017ein ar nor\u0117t\u0173 atsisakyti prabangaus gyvenimo. Juk ji \u2013 vyro verslo plan\u0173 \u201edailus ornamentas\u201c, pavyzdinga \u017emona ir motina.<\/p>\n<p>Ta\u010diau ateina diena, kai dovanos, kuriomis j\u0105 nuolatos apipila vyras, nebei\u0161gali \u201eu\u017elopyti\u201c tu\u0161tumos \u0161irdyje, ji trok\u0161ta nuo\u0161irdaus jausmo ir puikiai suvokia, kad tai, ko gero, paskutin\u0117 proga gyventi su \u017emogum, kuris myli tave visa \u0161irdimi.<\/p>\n<p>\u0160is romanas \u2013 anaiptol ne sentimentali meil\u0117s istorija. Jis puikiai iliustruoja \u0161iuolaikin\u0117s visuomen\u0117s dvasin\u0119 b\u016bsen\u0105, jis parodo tarp turgaus, prabangi\u0173 etike\u010di\u0173, kain\u0173 ir poz\u0173 u\u017espiest\u0105 \u017emog\u0173 \u2013 \u017emog\u0173, kuris turi galimyb\u0119 nugyventi gra\u017e\u0173, tikr\u0105 gyvenim\u0105, bet nesugeba atsisakyti komerciniams \u017eurnalams b\u016bdingo blizgesio ir eina pa\u010diu tragi\u0161kiausiu keliu.<\/p>\n<p>\u201eTiramisu karalien\u0117\u201c buvo nominuota svarbiausiam Lenkijoje \u2013 \u201eNik\u0117s\u201c \u2013 apdovanojimui.<\/p>\n","protected":false},"excerpt":{"rendered":"<p>\u201eTiramisu karalien\u0117\u201c \u2013 meistri\u0161kai ir i\u0161moningai it spalvingas kilimas supintas pasakojimas apie paslapt\u012f, meil\u0119 ir iliuzijas. \u0160iame romane kaip Davido Lyncho filmuose viena paslaptis atveria kit\u0105 paslapt\u012f, o skrupulingai apgalvota meil\u0117 eina greta su i\u0161davyste. \u010cia pasakos tampa realybe, gyvieji egzistuoja kartu su mirusiaisiais, \u012f dienos \u0161vies\u0105 i\u0161velkami patys g\u0117dingiausi tro\u0161kimai. Jaunuolis ir subrendusi moteris, jis \u2013 itin jautrus doktorantas, ji \u2013 gra\u017ei, i\u0161tek\u0117jusi moteris, radijo laid\u0173 direktor\u0117. Julija nuolatos vilioja jaun\u0105j\u012f meilu\u017e\u012f pa\u017eadais apie bendr\u0105 gyvenim\u0105, puikiai \u017einodama, kad jos vyras \u2013 stambios korporacijos direktorius \u2013 niekada nesutiks skirtis, o ir pati moteris ka\u017ein ar nor\u0117t\u0173 atsisakyti prabangaus gyvenimo. Juk ji \u2013 vyro verslo plan\u0173 \u201edailus ornamentas\u201c, pavyzdinga \u017emona ir motina. Ta\u010diau ateina diena, kai dovanos, kuriomis j\u0105 nuolatos apipila vyras, nebei\u0161gali \u201eu\u017elopyti\u201c tu\u0161tumos \u0161irdyje, ji trok\u0161ta nuo\u0161irdaus jausmo ir puikiai suvokia, kad tai, ko gero, paskutin\u0117 proga gyventi su \u017emogum, kuris myli tave visa \u0161irdimi. \u0160is romanas \u2013 anaiptol ne sentimentali meil\u0117s istorija. Jis puikiai iliustruoja \u0161iuolaikin\u0117s visuomen\u0117s dvasin\u0119 b\u016bsen\u0105, jis parodo tarp turgaus, prabangi\u0173 etike\u010di\u0173, kain\u0173 ir poz\u0173 u\u017espiest\u0105 \u017emog\u0173 \u2013 \u017emog\u0173, kuris turi galimyb\u0119 nugyventi gra\u017e\u0173, tikr\u0105 gyvenim\u0105, bet nesugeba atsisakyti komerciniams \u017eurnalams b\u016bdingo blizgesio ir eina pa\u010diu tragi\u0161kiausiu keliu. \u201eTiramisu karalien\u0117\u201c buvo nominuota svarbiausiam Lenkijoje \u2013 \u201eNik\u0117s\u201c \u2013 apdovanojimui.<\/p>\n","protected":false},"featured_media":20714,"comment_status":"open","ping_status":"closed","template":"","meta":{"_acf_changed":false,"site-sidebar-layout":"default","site-content-layout":"","ast-site-content-layout":"default","site-content-style":"default","site-sidebar-style":"default","ast-global-header-display":"","ast-banner-title-visibility":"","ast-main-header-display":"","ast-hfb-above-header-display":"","ast-hfb-below-header-display":"","ast-hfb-mobile-header-display":"","site-post-title":"","ast-breadcrumbs-content":"","ast-featured-img":"","footer-sml-layout":"","ast-disable-related-posts":"","theme-transparent-header-meta":"","adv-header-id-meta":"","stick-header-meta":"","header-above-stick-meta":"","header-main-stick-meta":"","header-below-stick-meta":"","astra-migrate-meta-layouts":"default","ast-page-background-enabled":"default","ast-page-background-meta":{"desktop":{"background-color":"","background-image":"","background-repeat":"repeat","background-position":"center center","background-size":"auto","background-attachment":"scroll","background-type":"","background-media":"","overlay-type":"","overlay-color":"","overlay-opacity":"","overlay-gradient":""},"tablet":{"background-color":"","background-image":"","background-repeat":"repeat","background-position":"center center","background-size":"auto","background-attachment":"scroll","background-type":"","background-media":"","overlay-type":"","overlay-color":"","overlay-opacity":"","overlay-gradient":""},"mobile":{"background-color":"","background-image":"","background-repeat":"repeat","background-position":"center center","background-size":"auto","background-attachment":"scroll","background-type":"","background-media":"","overlay-type":"","overlay-color":"","overlay-opacity":"","overlay-gradient":""}},"ast-content-background-meta":{"desktop":{"background-color":"var(--ast-global-color-4)","background-image":"","background-repeat":"repeat","background-position":"center center","background-size":"auto","background-attachment":"scroll","background-type":"","background-media":"","overlay-type":"","overlay-color":"","overlay-opacity":"","overlay-gradient":""},"tablet":{"background-color":"var(--ast-global-color-4)","background-image":"","background-repeat":"repeat","background-position":"center center","background-size":"auto","background-attachment":"scroll","background-type":"","background-media":"","overlay-type":"","overlay-color":"","overlay-opacity":"","overlay-gradient":""},"mobile":{"background-color":"var(--ast-global-color-4)","background-image":"","background-repeat":"repeat","background-position":"center center","background-size":"auto","background-attachment":"scroll","background-type":"","background-media":"","overlay-type":"","overlay-color":"","overlay-opacity":"","overlay-gradient":""}}},"product_brand":[],"product_cat":[9734],"product_tag":[8805,3200,1796,2720,8806,1745,2751],"class_list":{"0":"post-20709","1":"product","2":"type-product","3":"status-publish","4":"has-post-thumbnail","6":"product_cat-romanai","7":"product_tag-bohdan-slawinski","8":"product_tag-isdavyste","9":"product_tag-meile","10":"product_tag-paslaptis","11":"product_tag-psichologinis-pasakojimas","12":"product_tag-romanas","13":"product_tag-siuolaikine-visuomene","14":"desktop-align-left","15":"tablet-align-left","16":"mobile-align-left","18":"first","19":"instock","20":"shipping-taxable","21":"purchasable","22":"product-type-simple"},"acf":[],"yoast_head":"<!-- This site is optimized with the Yoast SEO plugin v27.0 - https:\/\/yoast.com\/product\/yoast-seo-wordpress\/ -->\n<title>Tiramisu karalien\u0117<\/title>\n<meta name=\"description\" content=\"\u201eTiramisu karalien\u0117\u201c \u2013 meistri\u0161kai ir i\u0161moningai it spalvingas kilimas supintas pasakojimas apie paslapt\u012f, meil\u0119 ir iliuzijas. \u0160iame romane kaip Davido\" \/>\n<meta name=\"robots\" content=\"index, follow, max-snippet:-1, max-image-preview:large, max-video-preview:-1\" \/>\n<link rel=\"canonical\" href=\"https:\/\/skaitytaknyga.lt\/en\/produktas\/tiramisu-karaliene\/\" \/>\n<meta property=\"og:locale\" content=\"en_GB\" \/>\n<meta property=\"og:locale:alternate\" content=\"lt_LT\" \/>\n<meta property=\"og:type\" content=\"article\" \/>\n<meta property=\"og:title\" content=\"Tiramisu karalien\u0117\" \/>\n<meta property=\"og:description\" content=\"\u201eTiramisu karalien\u0117\u201c \u2013 meistri\u0161kai ir i\u0161moningai it spalvingas kilimas supintas pasakojimas apie paslapt\u012f, meil\u0119 ir iliuzijas. \u0160iame romane kaip Davido\" \/>\n<meta property=\"og:url\" content=\"https:\/\/skaitytaknyga.lt\/en\/produktas\/tiramisu-karaliene\/\" \/>\n<meta property=\"og:site_name\" content=\"Skaitytaknyga\" \/>\n<meta property=\"article:publisher\" content=\"https:\/\/www.facebook.com\/skaitytaknyga\/\" \/>\n<meta property=\"article:modified_time\" content=\"2026-03-18T09:06:12+00:00\" \/>\n<meta property=\"og:image\" content=\"https:\/\/skaitytaknyga.lt\/wp-content\/uploads\/2025\/09\/Tiramisu-karaliene-1.webp\" \/>\n\t<meta property=\"og:image:width\" content=\"360\" \/>\n\t<meta property=\"og:image:height\" content=\"606\" \/>\n\t<meta property=\"og:image:type\" content=\"image\/webp\" \/>\n<meta name=\"twitter:card\" content=\"summary_large_image\" \/>\n<meta name=\"twitter:label1\" content=\"Estimated reading time\" \/>\n\t<meta name=\"twitter:data1\" content=\"1 minute\" \/>\n<script type=\"application\/ld+json\" class=\"yoast-schema-graph\">{\"@context\":\"https:\/\/schema.org\",\"@graph\":[{\"@type\":\"WebPage\",\"@id\":\"https:\/\/skaitytaknyga.lt\/produktas\/tiramisu-karaliene\/\",\"url\":\"https:\/\/skaitytaknyga.lt\/produktas\/tiramisu-karaliene\/\",\"name\":\"Tiramisu karalien\u0117\",\"isPartOf\":{\"@id\":\"https:\/\/skaitytaknyga.lt\/#website\"},\"primaryImageOfPage\":{\"@id\":\"https:\/\/skaitytaknyga.lt\/produktas\/tiramisu-karaliene\/#primaryimage\"},\"image\":{\"@id\":\"https:\/\/skaitytaknyga.lt\/produktas\/tiramisu-karaliene\/#primaryimage\"},\"thumbnailUrl\":\"https:\/\/skaitytaknyga.lt\/wp-content\/uploads\/2025\/09\/Tiramisu-karaliene-1.webp\",\"datePublished\":\"2025-09-12T07:39:32+00:00\",\"dateModified\":\"2026-03-18T09:06:12+00:00\",\"description\":\"\u201eTiramisu karalien\u0117\u201c \u2013 meistri\u0161kai ir i\u0161moningai it spalvingas kilimas supintas pasakojimas apie paslapt\u012f, meil\u0119 ir iliuzijas. \u0160iame romane kaip Davido\",\"breadcrumb\":{\"@id\":\"https:\/\/skaitytaknyga.lt\/produktas\/tiramisu-karaliene\/#breadcrumb\"},\"inLanguage\":\"en-GB\",\"potentialAction\":[{\"@type\":\"ReadAction\",\"target\":[\"https:\/\/skaitytaknyga.lt\/produktas\/tiramisu-karaliene\/\"]}]},{\"@type\":\"ImageObject\",\"inLanguage\":\"en-GB\",\"@id\":\"https:\/\/skaitytaknyga.lt\/produktas\/tiramisu-karaliene\/#primaryimage\",\"url\":\"https:\/\/skaitytaknyga.lt\/wp-content\/uploads\/2025\/09\/Tiramisu-karaliene-1.webp\",\"contentUrl\":\"https:\/\/skaitytaknyga.lt\/wp-content\/uploads\/2025\/09\/Tiramisu-karaliene-1.webp\",\"width\":360,\"height\":606},{\"@type\":\"BreadcrumbList\",\"@id\":\"https:\/\/skaitytaknyga.lt\/produktas\/tiramisu-karaliene\/#breadcrumb\",\"itemListElement\":[{\"@type\":\"ListItem\",\"position\":1,\"name\":\"Home\",\"item\":\"https:\/\/skaitytaknyga.lt\/\"},{\"@type\":\"ListItem\",\"position\":2,\"name\":\"Parduotuv\u0117\",\"item\":\"https:\/\/skaitytaknyga.lt\/knygu-parduotuve\/\"},{\"@type\":\"ListItem\",\"position\":3,\"name\":\"Tiramisu karalien\u0117\"}]},{\"@type\":\"WebSite\",\"@id\":\"https:\/\/skaitytaknyga.lt\/#website\",\"url\":\"https:\/\/skaitytaknyga.lt\/\",\"name\":\"skaitytaknyga.lt\",\"description\":\"Skaitytaknyga.lt \u2013 tai ma\u017eas \u0161eimos verslas, kuris prasid\u0117jo nuo meil\u0117s knygoms ir siekio i\u0161gelb\u0117ti knygas nuo likimo prie konteinerio. Kas vienam nereikalingas daiktas \u2013 kitam lobis, o mes esame tarpininkai, kurie padeda abiems tapti laimingesniems ???? \u017dinome kaip nelengva i\u0161gyventi ma\u017eiems verslams, tad nuo \u0161iol, \u010dia rasite ir kit\u0173, ma\u017e\u0173 \u0161eim\u0173 versl\u0173, rank\u0173 darbo, dovan\u0173 sau ir artimiesiems.\",\"publisher\":{\"@id\":\"https:\/\/skaitytaknyga.lt\/#organization\"},\"potentialAction\":[{\"@type\":\"SearchAction\",\"target\":{\"@type\":\"EntryPoint\",\"urlTemplate\":\"https:\/\/skaitytaknyga.lt\/?s={search_term_string}\"},\"query-input\":{\"@type\":\"PropertyValueSpecification\",\"valueRequired\":true,\"valueName\":\"search_term_string\"}}],\"inLanguage\":\"en-GB\"},{\"@type\":\"Organization\",\"@id\":\"https:\/\/skaitytaknyga.lt\/#organization\",\"name\":\"skaitytaknyga.lt\",\"url\":\"https:\/\/skaitytaknyga.lt\/\",\"logo\":{\"@type\":\"ImageObject\",\"inLanguage\":\"en-GB\",\"@id\":\"https:\/\/skaitytaknyga.lt\/#\/schema\/logo\/image\/\",\"url\":\"https:\/\/skaitytaknyga.lt\/wp-content\/uploads\/2024\/05\/cropped-cropped-cropped-02_00843_jt3bggkj1j3HLc7SyY6rEUpg.jpeg\",\"contentUrl\":\"https:\/\/skaitytaknyga.lt\/wp-content\/uploads\/2024\/05\/cropped-cropped-cropped-02_00843_jt3bggkj1j3HLc7SyY6rEUpg.jpeg\",\"width\":1600,\"height\":1600,\"caption\":\"skaitytaknyga.lt\"},\"image\":{\"@id\":\"https:\/\/skaitytaknyga.lt\/#\/schema\/logo\/image\/\"},\"sameAs\":[\"https:\/\/www.facebook.com\/skaitytaknyga\/\"]}]}<\/script>\n<!-- \/ Yoast SEO plugin. -->","yoast_head_json":{"title":"Tiramisu karalien\u0117","description":"\u201eTiramisu karalien\u0117\u201c \u2013 meistri\u0161kai ir i\u0161moningai it spalvingas kilimas supintas pasakojimas apie paslapt\u012f, meil\u0119 ir iliuzijas. \u0160iame romane kaip Davido","robots":{"index":"index","follow":"follow","max-snippet":"max-snippet:-1","max-image-preview":"max-image-preview:large","max-video-preview":"max-video-preview:-1"},"canonical":"https:\/\/skaitytaknyga.lt\/en\/produktas\/tiramisu-karaliene\/","og_locale":"en_GB","og_type":"article","og_title":"[:lt]Tiramisu karalien\u0117[:] - Skaitytaknyga","og_description":"\u201eTiramisu karalien\u0117\u201c \u2013 meistri\u0161kai ir i\u0161moningai it spalvingas kilimas supintas pasakojimas apie paslapt\u012f, meil\u0119 ir iliuzijas. \u0160iame romane kaip Davido","og_url":"https:\/\/skaitytaknyga.lt\/en\/produktas\/tiramisu-karaliene\/","og_site_name":"Skaitytaknyga","article_publisher":"https:\/\/www.facebook.com\/skaitytaknyga\/","article_modified_time":"2026-03-18T09:06:12+00:00","og_image":[{"width":360,"height":606,"url":"https:\/\/skaitytaknyga.lt\/wp-content\/uploads\/2025\/09\/Tiramisu-karaliene-1.webp","type":"image\/webp"}],"twitter_card":"summary_large_image","twitter_misc":{"Estimated reading time":"1 minute"},"schema":{"@context":"https:\/\/schema.org","@graph":[{"@type":"WebPage","@id":"https:\/\/skaitytaknyga.lt\/produktas\/tiramisu-karaliene\/","url":"https:\/\/skaitytaknyga.lt\/produktas\/tiramisu-karaliene\/","name":"Tiramisu karalien\u0117","isPartOf":{"@id":"https:\/\/skaitytaknyga.lt\/#website"},"primaryImageOfPage":{"@id":"https:\/\/skaitytaknyga.lt\/produktas\/tiramisu-karaliene\/#primaryimage"},"image":{"@id":"https:\/\/skaitytaknyga.lt\/produktas\/tiramisu-karaliene\/#primaryimage"},"thumbnailUrl":"https:\/\/skaitytaknyga.lt\/wp-content\/uploads\/2025\/09\/Tiramisu-karaliene-1.webp","datePublished":"2025-09-12T07:39:32+00:00","dateModified":"2026-03-18T09:06:12+00:00","description":"\u201eTiramisu karalien\u0117\u201c \u2013 meistri\u0161kai ir i\u0161moningai it spalvingas kilimas supintas pasakojimas apie paslapt\u012f, meil\u0119 ir iliuzijas. \u0160iame romane kaip Davido","breadcrumb":{"@id":"https:\/\/skaitytaknyga.lt\/produktas\/tiramisu-karaliene\/#breadcrumb"},"inLanguage":"en-GB","potentialAction":[{"@type":"ReadAction","target":["https:\/\/skaitytaknyga.lt\/produktas\/tiramisu-karaliene\/"]}]},{"@type":"ImageObject","inLanguage":"en-GB","@id":"https:\/\/skaitytaknyga.lt\/produktas\/tiramisu-karaliene\/#primaryimage","url":"https:\/\/skaitytaknyga.lt\/wp-content\/uploads\/2025\/09\/Tiramisu-karaliene-1.webp","contentUrl":"https:\/\/skaitytaknyga.lt\/wp-content\/uploads\/2025\/09\/Tiramisu-karaliene-1.webp","width":360,"height":606},{"@type":"BreadcrumbList","@id":"https:\/\/skaitytaknyga.lt\/produktas\/tiramisu-karaliene\/#breadcrumb","itemListElement":[{"@type":"ListItem","position":1,"name":"Home","item":"https:\/\/skaitytaknyga.lt\/"},{"@type":"ListItem","position":2,"name":"Parduotuv\u0117","item":"https:\/\/skaitytaknyga.lt\/knygu-parduotuve\/"},{"@type":"ListItem","position":3,"name":"Tiramisu karalien\u0117"}]},{"@type":"WebSite","@id":"https:\/\/skaitytaknyga.lt\/#website","url":"https:\/\/skaitytaknyga.lt\/","name":"skaitytaknyga.lt","description":"Skaitytaknyga.lt \u2013 tai ma\u017eas \u0161eimos verslas, kuris prasid\u0117jo nuo meil\u0117s knygoms ir siekio i\u0161gelb\u0117ti knygas nuo likimo prie konteinerio. Kas vienam nereikalingas daiktas \u2013 kitam lobis, o mes esame tarpininkai, kurie padeda abiems tapti laimingesniems ???? \u017dinome kaip nelengva i\u0161gyventi ma\u017eiems verslams, tad nuo \u0161iol, \u010dia rasite ir kit\u0173, ma\u017e\u0173 \u0161eim\u0173 versl\u0173, rank\u0173 darbo, dovan\u0173 sau ir artimiesiems.","publisher":{"@id":"https:\/\/skaitytaknyga.lt\/#organization"},"potentialAction":[{"@type":"SearchAction","target":{"@type":"EntryPoint","urlTemplate":"https:\/\/skaitytaknyga.lt\/?s={search_term_string}"},"query-input":{"@type":"PropertyValueSpecification","valueRequired":true,"valueName":"search_term_string"}}],"inLanguage":"en-GB"},{"@type":"Organization","@id":"https:\/\/skaitytaknyga.lt\/#organization","name":"skaitytaknyga.lt","url":"https:\/\/skaitytaknyga.lt\/","logo":{"@type":"ImageObject","inLanguage":"en-GB","@id":"https:\/\/skaitytaknyga.lt\/#\/schema\/logo\/image\/","url":"https:\/\/skaitytaknyga.lt\/wp-content\/uploads\/2024\/05\/cropped-cropped-cropped-02_00843_jt3bggkj1j3HLc7SyY6rEUpg.jpeg","contentUrl":"https:\/\/skaitytaknyga.lt\/wp-content\/uploads\/2024\/05\/cropped-cropped-cropped-02_00843_jt3bggkj1j3HLc7SyY6rEUpg.jpeg","width":1600,"height":1600,"caption":"skaitytaknyga.lt"},"image":{"@id":"https:\/\/skaitytaknyga.lt\/#\/schema\/logo\/image\/"},"sameAs":["https:\/\/www.facebook.com\/skaitytaknyga\/"]}]}},"_links":{"self":[{"href":"https:\/\/skaitytaknyga.lt\/en\/wp-json\/wp\/v2\/product\/20709","targetHints":{"allow":["GET"]}}],"collection":[{"href":"https:\/\/skaitytaknyga.lt\/en\/wp-json\/wp\/v2\/product"}],"about":[{"href":"https:\/\/skaitytaknyga.lt\/en\/wp-json\/wp\/v2\/types\/product"}],"replies":[{"embeddable":true,"href":"https:\/\/skaitytaknyga.lt\/en\/wp-json\/wp\/v2\/comments?post=20709"}],"wp:featuredmedia":[{"embeddable":true,"href":"https:\/\/skaitytaknyga.lt\/en\/wp-json\/wp\/v2\/media\/20714"}],"wp:attachment":[{"href":"https:\/\/skaitytaknyga.lt\/en\/wp-json\/wp\/v2\/media?parent=20709"}],"wp:term":[{"taxonomy":"product_brand","embeddable":true,"href":"https:\/\/skaitytaknyga.lt\/en\/wp-json\/wp\/v2\/product_brand?post=20709"},{"taxonomy":"product_cat","embeddable":true,"href":"https:\/\/skaitytaknyga.lt\/en\/wp-json\/wp\/v2\/product_cat?post=20709"},{"taxonomy":"product_tag","embeddable":true,"href":"https:\/\/skaitytaknyga.lt\/en\/wp-json\/wp\/v2\/product_tag?post=20709"}],"curies":[{"name":"wp","href":"https:\/\/api.w.org\/{rel}","templated":true}]}}