{"id":20696,"date":"2025-09-06T12:07:52","date_gmt":"2025-09-06T09:07:52","guid":{"rendered":"https:\/\/skaitytaknyga.lt\/?post_type=product&#038;p=20696"},"modified":"2025-10-06T13:22:20","modified_gmt":"2025-10-06T10:22:20","slug":"danielius-martinas","status":"publish","type":"product","link":"https:\/\/skaitytaknyga.lt\/en\/produktas\/danielius-martinas\/","title":{"rendered":"Danielius Martinas"},"content":{"rendered":"<p>Brit\u0173 romanistas D\u017eonas Faulzas (John Fowles, 1926\u20132005 m. ) lietuvi\u0173 skaitytojams puikiai pa\u017e\u012fstamas i\u0161 knyg\u0173 \u201ePranc\u016bz\u0173 leitenanto moteris\u201c, \u201eMagas\u201c, \u201eKolekcionierius\u201c ir \u201eJuodmed\u017eio bok\u0161tas\u201c. 1977 m. i\u0161leistas, pasak autoriaus, autobiografi\u0161kiausias jo romanas, \u201eDanielius Martinas\u201c kritik\u0173 laikomas bene geriausia jo knyga.<\/p>\n<p>Pagrindinis romano herojus \u2013 savo karjera ir gyvenimu nusivyl\u0119s Holivudo scenaristas. Vien\u0105 dien\u0105 Danielius gauna \u017einut\u0119 i\u0161 sunkiai sergan\u010dio savo jaunyst\u0117s bi\u010diulio Entonio, pra\u0161an\u010dio sugr\u012f\u017eti \u012f Anglij\u0105 atsisveikinti. Danielius nusprend\u017eia vykti. Po daugyb\u0117s met\u0173 v\u0117l i\u0161vydus D\u017eein\u0119, Danieliaus \u0161irdyje atgyja seni jausmai. Jis \u012fkalba j\u0105 vykti kartu \u012f Egipt\u0105. \u0160i kelion\u0117 jiems abiem tampa kelione \u012f save. Per savo herojus autorius bando atsakyti \u012f klausim\u0105 \u2013 ar \u012fmanoma iki galo pa\u017einti tiek kit\u0105 \u017emog\u0173, tiek save pat\u012f?<br \/>\nNors pagrindin\u0117s romano mintys ir klausimai yra universal\u016bs, knygoje netr\u016bksta ir tiksli\u0173 antrosios XX a. pus\u0117s laikme\u010dio \u017eenkl\u0173. Su pavyd\u0117tina \u012f\u017evalga autorius nagrin\u0117ja brit\u0173 ir amerikie\u010di\u0173 charakteri\u0173 skirtumus, populiariosios kult\u016bros invazij\u0105, atskleid\u017eia isteri\u0161k\u0105 ir nu\u017emogint\u0105 moderniojo pasaulio tikrov\u0119, j\u0105 nuspalvindamas nepakartojamu s\u0105moju ir ironija.<\/p>\n<p>D\u017e. Faulzo kelias \u012f literat\u016br\u0105 prasid\u0117jo nuo mokytojavimo \u2013 baig\u0119s Oksfordo universitet\u0105, d\u0117st\u0117 angl\u0173 kalb\u0105 Did\u017eiojoje Britanijoje, Pranc\u016bzijoje ir Graikijoje. Kaip ra\u0161ytojas debiutavo 1963-aisiais, romanu \u201eKolekcionierius\u201c. D\u017e. Faulzas yra septyni\u0173 roman\u0173 ir keliolikos es\u0117 knyg\u0173 autorius. 2003, 2005 m. i\u0161\u0117jo du dienora\u0161\u010di\u0173 tomai.<\/p>\n<p>\u201eDid\u017eiausio \u0161iuolaikinio anglakalb\u0117s literat\u016bros stilisto \u0161edevras [&#8230;] D\u017e. Faulzas \u2013 vienintelis dabarties autorius, savo mastu prilygstantis L. Tolstojui ir H. D\u017eeimsui, o \u201eDanielius Martinas\u201c \u2013 jo geriausia knyga.\u201c \u2013 John Champlin Gardner (JAV ra\u0161ytojas ir kritikas).<\/p>\n","protected":false},"excerpt":{"rendered":"<p>Brit\u0173 romanistas D\u017eonas Faulzas (John Fowles, 1926\u20132005 m. ) lietuvi\u0173 skaitytojams puikiai pa\u017e\u012fstamas i\u0161 knyg\u0173 \u201ePranc\u016bz\u0173 leitenanto moteris\u201c, \u201eMagas\u201c, \u201eKolekcionierius\u201c ir \u201eJuodmed\u017eio bok\u0161tas\u201c. 1977 m. i\u0161leistas, pasak autoriaus, autobiografi\u0161kiausias jo romanas, \u201eDanielius Martinas\u201c kritik\u0173 laikomas bene geriausia jo knyga. Pagrindinis romano herojus \u2013 savo karjera ir gyvenimu nusivyl\u0119s Holivudo scenaristas. Vien\u0105 dien\u0105 Danielius gauna \u017einut\u0119 i\u0161 sunkiai sergan\u010dio savo jaunyst\u0117s bi\u010diulio Entonio, pra\u0161an\u010dio sugr\u012f\u017eti \u012f Anglij\u0105 atsisveikinti. Danielius nusprend\u017eia vykti. Po daugyb\u0117s met\u0173 v\u0117l i\u0161vydus D\u017eein\u0119, Danieliaus \u0161irdyje atgyja seni jausmai. Jis \u012fkalba j\u0105 vykti kartu \u012f Egipt\u0105. \u0160i kelion\u0117 jiems abiem tampa kelione \u012f save. Per savo herojus autorius bando atsakyti \u012f klausim\u0105 \u2013 ar \u012fmanoma iki galo pa\u017einti tiek kit\u0105 \u017emog\u0173, tiek save pat\u012f? Nors pagrindin\u0117s romano mintys ir klausimai yra universal\u016bs, knygoje netr\u016bksta ir tiksli\u0173 antrosios XX a. pus\u0117s laikme\u010dio \u017eenkl\u0173. Su pavyd\u0117tina \u012f\u017evalga autorius nagrin\u0117ja brit\u0173 ir amerikie\u010di\u0173 charakteri\u0173 skirtumus, populiariosios kult\u016bros invazij\u0105, atskleid\u017eia isteri\u0161k\u0105 ir nu\u017emogint\u0105 moderniojo pasaulio tikrov\u0119, j\u0105 nuspalvindamas nepakartojamu s\u0105moju ir ironija. D\u017e. Faulzo kelias \u012f literat\u016br\u0105 prasid\u0117jo nuo mokytojavimo \u2013 baig\u0119s Oksfordo universitet\u0105, d\u0117st\u0117 angl\u0173 kalb\u0105 Did\u017eiojoje Britanijoje, Pranc\u016bzijoje ir Graikijoje. Kaip ra\u0161ytojas debiutavo 1963-aisiais, romanu \u201eKolekcionierius\u201c. D\u017e. Faulzas yra septyni\u0173 roman\u0173 ir keliolikos es\u0117 knyg\u0173 autorius. 2003, 2005 m. i\u0161\u0117jo du dienora\u0161\u010di\u0173 tomai. \u201eDid\u017eiausio \u0161iuolaikinio anglakalb\u0117s literat\u016bros stilisto \u0161edevras [&#8230;] D\u017e. Faulzas \u2013 vienintelis dabarties autorius, savo mastu prilygstantis L. Tolstojui ir H. D\u017eeimsui, o \u201eDanielius Martinas\u201c \u2013 jo geriausia knyga.\u201c \u2013 John Champlin Gardner (JAV ra\u0161ytojas ir kritikas).<\/p>\n","protected":false},"featured_media":20708,"comment_status":"open","ping_status":"closed","template":"","meta":{"_acf_changed":false,"site-sidebar-layout":"default","site-content-layout":"","ast-site-content-layout":"default","site-content-style":"default","site-sidebar-style":"default","ast-global-header-display":"","ast-banner-title-visibility":"","ast-main-header-display":"","ast-hfb-above-header-display":"","ast-hfb-below-header-display":"","ast-hfb-mobile-header-display":"","site-post-title":"","ast-breadcrumbs-content":"","ast-featured-img":"","footer-sml-layout":"","ast-disable-related-posts":"","theme-transparent-header-meta":"","adv-header-id-meta":"","stick-header-meta":"","header-above-stick-meta":"","header-main-stick-meta":"","header-below-stick-meta":"","astra-migrate-meta-layouts":"default","ast-page-background-enabled":"default","ast-page-background-meta":{"desktop":{"background-color":"","background-image":"","background-repeat":"repeat","background-position":"center center","background-size":"auto","background-attachment":"scroll","background-type":"","background-media":"","overlay-type":"","overlay-color":"","overlay-opacity":"","overlay-gradient":""},"tablet":{"background-color":"","background-image":"","background-repeat":"repeat","background-position":"center center","background-size":"auto","background-attachment":"scroll","background-type":"","background-media":"","overlay-type":"","overlay-color":"","overlay-opacity":"","overlay-gradient":""},"mobile":{"background-color":"","background-image":"","background-repeat":"repeat","background-position":"center center","background-size":"auto","background-attachment":"scroll","background-type":"","background-media":"","overlay-type":"","overlay-color":"","overlay-opacity":"","overlay-gradient":""}},"ast-content-background-meta":{"desktop":{"background-color":"var(--ast-global-color-4)","background-image":"","background-repeat":"repeat","background-position":"center center","background-size":"auto","background-attachment":"scroll","background-type":"","background-media":"","overlay-type":"","overlay-color":"","overlay-opacity":"","overlay-gradient":""},"tablet":{"background-color":"var(--ast-global-color-4)","background-image":"","background-repeat":"repeat","background-position":"center center","background-size":"auto","background-attachment":"scroll","background-type":"","background-media":"","overlay-type":"","overlay-color":"","overlay-opacity":"","overlay-gradient":""},"mobile":{"background-color":"var(--ast-global-color-4)","background-image":"","background-repeat":"repeat","background-position":"center center","background-size":"auto","background-attachment":"scroll","background-type":"","background-media":"","overlay-type":"","overlay-color":"","overlay-opacity":"","overlay-gradient":""}}},"product_brand":[],"product_cat":[31,15],"product_tag":[4444,2619,8804,2148,1712,2561],"class_list":{"0":"post-20696","1":"product","2":"type-product","3":"status-publish","4":"has-post-thumbnail","6":"product_cat-grozine-literatura","7":"product_cat-uncategorized","8":"product_tag-didzioji-britanija","9":"product_tag-john-fowles","10":"product_tag-klasikinis-romanas","11":"product_tag-literaturos-klasika","12":"product_tag-psichologinis-romanas","13":"product_tag-saves-pazinimas","14":"desktop-align-left","15":"tablet-align-left","16":"mobile-align-left","18":"first","19":"instock","20":"shipping-taxable","21":"purchasable","22":"product-type-simple"},"acf":[],"yoast_head":"<!-- This site is optimized with the Yoast SEO plugin v27.0 - https:\/\/yoast.com\/product\/yoast-seo-wordpress\/ -->\n<title>Danielius Martinas<\/title>\n<meta name=\"description\" content=\"Brit\u0173 romanistas D\u017eonas Faulzas (John Fowles, 1926\u20132005 m. ) lietuvi\u0173 skaitytojams puikiai pa\u017e\u012fstamas i\u0161 knyg\u0173 \u201ePranc\u016bz\u0173 leitenanto moteris\u201c, \u201eMagas\u201c,\" \/>\n<meta name=\"robots\" content=\"index, follow, max-snippet:-1, max-image-preview:large, max-video-preview:-1\" \/>\n<link rel=\"canonical\" href=\"https:\/\/skaitytaknyga.lt\/en\/produktas\/danielius-martinas\/\" \/>\n<meta property=\"og:locale\" content=\"en_GB\" \/>\n<meta property=\"og:locale:alternate\" content=\"lt_LT\" \/>\n<meta property=\"og:type\" content=\"article\" \/>\n<meta property=\"og:title\" content=\"Danielius Martinas\" \/>\n<meta property=\"og:description\" content=\"Brit\u0173 romanistas D\u017eonas Faulzas (John Fowles, 1926\u20132005 m. ) lietuvi\u0173 skaitytojams puikiai pa\u017e\u012fstamas i\u0161 knyg\u0173 \u201ePranc\u016bz\u0173 leitenanto moteris\u201c, \u201eMagas\u201c,\" \/>\n<meta property=\"og:url\" content=\"https:\/\/skaitytaknyga.lt\/en\/produktas\/danielius-martinas\/\" \/>\n<meta property=\"og:site_name\" content=\"Skaitytaknyga\" \/>\n<meta property=\"article:publisher\" content=\"https:\/\/www.facebook.com\/skaitytaknyga\/\" \/>\n<meta property=\"article:modified_time\" content=\"2025-10-06T10:22:20+00:00\" \/>\n<meta property=\"og:image\" content=\"https:\/\/skaitytaknyga.lt\/wp-content\/uploads\/2025\/09\/Danielius-Martinas-1.webp\" \/>\n\t<meta property=\"og:image:width\" content=\"366\" \/>\n\t<meta property=\"og:image:height\" content=\"600\" \/>\n\t<meta property=\"og:image:type\" content=\"image\/webp\" \/>\n<meta name=\"twitter:card\" content=\"summary_large_image\" \/>\n<meta name=\"twitter:label1\" content=\"Estimated reading time\" \/>\n\t<meta name=\"twitter:data1\" content=\"1 minute\" \/>\n<script type=\"application\/ld+json\" class=\"yoast-schema-graph\">{\"@context\":\"https:\/\/schema.org\",\"@graph\":[{\"@type\":\"WebPage\",\"@id\":\"https:\/\/skaitytaknyga.lt\/produktas\/danielius-martinas\/\",\"url\":\"https:\/\/skaitytaknyga.lt\/produktas\/danielius-martinas\/\",\"name\":\"Danielius Martinas\",\"isPartOf\":{\"@id\":\"https:\/\/skaitytaknyga.lt\/#website\"},\"primaryImageOfPage\":{\"@id\":\"https:\/\/skaitytaknyga.lt\/produktas\/danielius-martinas\/#primaryimage\"},\"image\":{\"@id\":\"https:\/\/skaitytaknyga.lt\/produktas\/danielius-martinas\/#primaryimage\"},\"thumbnailUrl\":\"https:\/\/skaitytaknyga.lt\/wp-content\/uploads\/2025\/09\/Danielius-Martinas-1.webp\",\"datePublished\":\"2025-09-06T09:07:52+00:00\",\"dateModified\":\"2025-10-06T10:22:20+00:00\",\"description\":\"Brit\u0173 romanistas D\u017eonas Faulzas (John Fowles, 1926\u20132005 m. ) lietuvi\u0173 skaitytojams puikiai pa\u017e\u012fstamas i\u0161 knyg\u0173 \u201ePranc\u016bz\u0173 leitenanto moteris\u201c, \u201eMagas\u201c,\",\"breadcrumb\":{\"@id\":\"https:\/\/skaitytaknyga.lt\/produktas\/danielius-martinas\/#breadcrumb\"},\"inLanguage\":\"en-GB\",\"potentialAction\":[{\"@type\":\"ReadAction\",\"target\":[\"https:\/\/skaitytaknyga.lt\/produktas\/danielius-martinas\/\"]}]},{\"@type\":\"ImageObject\",\"inLanguage\":\"en-GB\",\"@id\":\"https:\/\/skaitytaknyga.lt\/produktas\/danielius-martinas\/#primaryimage\",\"url\":\"https:\/\/skaitytaknyga.lt\/wp-content\/uploads\/2025\/09\/Danielius-Martinas-1.webp\",\"contentUrl\":\"https:\/\/skaitytaknyga.lt\/wp-content\/uploads\/2025\/09\/Danielius-Martinas-1.webp\",\"width\":366,\"height\":600,\"caption\":\"Danielius Martinas\"},{\"@type\":\"BreadcrumbList\",\"@id\":\"https:\/\/skaitytaknyga.lt\/produktas\/danielius-martinas\/#breadcrumb\",\"itemListElement\":[{\"@type\":\"ListItem\",\"position\":1,\"name\":\"Home\",\"item\":\"https:\/\/skaitytaknyga.lt\/\"},{\"@type\":\"ListItem\",\"position\":2,\"name\":\"Parduotuv\u0117\",\"item\":\"https:\/\/skaitytaknyga.lt\/knygu-parduotuve\/\"},{\"@type\":\"ListItem\",\"position\":3,\"name\":\"Danielius Martinas\"}]},{\"@type\":\"WebSite\",\"@id\":\"https:\/\/skaitytaknyga.lt\/#website\",\"url\":\"https:\/\/skaitytaknyga.lt\/\",\"name\":\"skaitytaknyga.lt\",\"description\":\"Skaitytaknyga.lt \u2013 tai ma\u017eas \u0161eimos verslas, kuris prasid\u0117jo nuo meil\u0117s knygoms ir siekio i\u0161gelb\u0117ti knygas nuo likimo prie konteinerio. Kas vienam nereikalingas daiktas \u2013 kitam lobis, o mes esame tarpininkai, kurie padeda abiems tapti laimingesniems ???? \u017dinome kaip nelengva i\u0161gyventi ma\u017eiems verslams, tad nuo \u0161iol, \u010dia rasite ir kit\u0173, ma\u017e\u0173 \u0161eim\u0173 versl\u0173, rank\u0173 darbo, dovan\u0173 sau ir artimiesiems.\",\"publisher\":{\"@id\":\"https:\/\/skaitytaknyga.lt\/#organization\"},\"potentialAction\":[{\"@type\":\"SearchAction\",\"target\":{\"@type\":\"EntryPoint\",\"urlTemplate\":\"https:\/\/skaitytaknyga.lt\/?s={search_term_string}\"},\"query-input\":{\"@type\":\"PropertyValueSpecification\",\"valueRequired\":true,\"valueName\":\"search_term_string\"}}],\"inLanguage\":\"en-GB\"},{\"@type\":\"Organization\",\"@id\":\"https:\/\/skaitytaknyga.lt\/#organization\",\"name\":\"skaitytaknyga.lt\",\"url\":\"https:\/\/skaitytaknyga.lt\/\",\"logo\":{\"@type\":\"ImageObject\",\"inLanguage\":\"en-GB\",\"@id\":\"https:\/\/skaitytaknyga.lt\/#\/schema\/logo\/image\/\",\"url\":\"https:\/\/skaitytaknyga.lt\/wp-content\/uploads\/2024\/05\/cropped-cropped-cropped-02_00843_jt3bggkj1j3HLc7SyY6rEUpg.jpeg\",\"contentUrl\":\"https:\/\/skaitytaknyga.lt\/wp-content\/uploads\/2024\/05\/cropped-cropped-cropped-02_00843_jt3bggkj1j3HLc7SyY6rEUpg.jpeg\",\"width\":1600,\"height\":1600,\"caption\":\"skaitytaknyga.lt\"},\"image\":{\"@id\":\"https:\/\/skaitytaknyga.lt\/#\/schema\/logo\/image\/\"},\"sameAs\":[\"https:\/\/www.facebook.com\/skaitytaknyga\/\"]}]}<\/script>\n<!-- \/ Yoast SEO plugin. -->","yoast_head_json":{"title":"Danielius Martinas","description":"Brit\u0173 romanistas D\u017eonas Faulzas (John Fowles, 1926\u20132005 m. ) lietuvi\u0173 skaitytojams puikiai pa\u017e\u012fstamas i\u0161 knyg\u0173 \u201ePranc\u016bz\u0173 leitenanto moteris\u201c, \u201eMagas\u201c,","robots":{"index":"index","follow":"follow","max-snippet":"max-snippet:-1","max-image-preview":"max-image-preview:large","max-video-preview":"max-video-preview:-1"},"canonical":"https:\/\/skaitytaknyga.lt\/en\/produktas\/danielius-martinas\/","og_locale":"en_GB","og_type":"article","og_title":"[:lt]Danielius Martinas[:] - Skaitytaknyga","og_description":"Brit\u0173 romanistas D\u017eonas Faulzas (John Fowles, 1926\u20132005 m. ) lietuvi\u0173 skaitytojams puikiai pa\u017e\u012fstamas i\u0161 knyg\u0173 \u201ePranc\u016bz\u0173 leitenanto moteris\u201c, \u201eMagas\u201c,","og_url":"https:\/\/skaitytaknyga.lt\/en\/produktas\/danielius-martinas\/","og_site_name":"Skaitytaknyga","article_publisher":"https:\/\/www.facebook.com\/skaitytaknyga\/","article_modified_time":"2025-10-06T10:22:20+00:00","og_image":[{"width":366,"height":600,"url":"https:\/\/skaitytaknyga.lt\/wp-content\/uploads\/2025\/09\/Danielius-Martinas-1.webp","type":"image\/webp"}],"twitter_card":"summary_large_image","twitter_misc":{"Estimated reading time":"1 minute"},"schema":{"@context":"https:\/\/schema.org","@graph":[{"@type":"WebPage","@id":"https:\/\/skaitytaknyga.lt\/produktas\/danielius-martinas\/","url":"https:\/\/skaitytaknyga.lt\/produktas\/danielius-martinas\/","name":"Danielius Martinas","isPartOf":{"@id":"https:\/\/skaitytaknyga.lt\/#website"},"primaryImageOfPage":{"@id":"https:\/\/skaitytaknyga.lt\/produktas\/danielius-martinas\/#primaryimage"},"image":{"@id":"https:\/\/skaitytaknyga.lt\/produktas\/danielius-martinas\/#primaryimage"},"thumbnailUrl":"https:\/\/skaitytaknyga.lt\/wp-content\/uploads\/2025\/09\/Danielius-Martinas-1.webp","datePublished":"2025-09-06T09:07:52+00:00","dateModified":"2025-10-06T10:22:20+00:00","description":"Brit\u0173 romanistas D\u017eonas Faulzas (John Fowles, 1926\u20132005 m. ) lietuvi\u0173 skaitytojams puikiai pa\u017e\u012fstamas i\u0161 knyg\u0173 \u201ePranc\u016bz\u0173 leitenanto moteris\u201c, \u201eMagas\u201c,","breadcrumb":{"@id":"https:\/\/skaitytaknyga.lt\/produktas\/danielius-martinas\/#breadcrumb"},"inLanguage":"en-GB","potentialAction":[{"@type":"ReadAction","target":["https:\/\/skaitytaknyga.lt\/produktas\/danielius-martinas\/"]}]},{"@type":"ImageObject","inLanguage":"en-GB","@id":"https:\/\/skaitytaknyga.lt\/produktas\/danielius-martinas\/#primaryimage","url":"https:\/\/skaitytaknyga.lt\/wp-content\/uploads\/2025\/09\/Danielius-Martinas-1.webp","contentUrl":"https:\/\/skaitytaknyga.lt\/wp-content\/uploads\/2025\/09\/Danielius-Martinas-1.webp","width":366,"height":600,"caption":"Danielius Martinas"},{"@type":"BreadcrumbList","@id":"https:\/\/skaitytaknyga.lt\/produktas\/danielius-martinas\/#breadcrumb","itemListElement":[{"@type":"ListItem","position":1,"name":"Home","item":"https:\/\/skaitytaknyga.lt\/"},{"@type":"ListItem","position":2,"name":"Parduotuv\u0117","item":"https:\/\/skaitytaknyga.lt\/knygu-parduotuve\/"},{"@type":"ListItem","position":3,"name":"Danielius Martinas"}]},{"@type":"WebSite","@id":"https:\/\/skaitytaknyga.lt\/#website","url":"https:\/\/skaitytaknyga.lt\/","name":"skaitytaknyga.lt","description":"Skaitytaknyga.lt \u2013 tai ma\u017eas \u0161eimos verslas, kuris prasid\u0117jo nuo meil\u0117s knygoms ir siekio i\u0161gelb\u0117ti knygas nuo likimo prie konteinerio. Kas vienam nereikalingas daiktas \u2013 kitam lobis, o mes esame tarpininkai, kurie padeda abiems tapti laimingesniems ???? \u017dinome kaip nelengva i\u0161gyventi ma\u017eiems verslams, tad nuo \u0161iol, \u010dia rasite ir kit\u0173, ma\u017e\u0173 \u0161eim\u0173 versl\u0173, rank\u0173 darbo, dovan\u0173 sau ir artimiesiems.","publisher":{"@id":"https:\/\/skaitytaknyga.lt\/#organization"},"potentialAction":[{"@type":"SearchAction","target":{"@type":"EntryPoint","urlTemplate":"https:\/\/skaitytaknyga.lt\/?s={search_term_string}"},"query-input":{"@type":"PropertyValueSpecification","valueRequired":true,"valueName":"search_term_string"}}],"inLanguage":"en-GB"},{"@type":"Organization","@id":"https:\/\/skaitytaknyga.lt\/#organization","name":"skaitytaknyga.lt","url":"https:\/\/skaitytaknyga.lt\/","logo":{"@type":"ImageObject","inLanguage":"en-GB","@id":"https:\/\/skaitytaknyga.lt\/#\/schema\/logo\/image\/","url":"https:\/\/skaitytaknyga.lt\/wp-content\/uploads\/2024\/05\/cropped-cropped-cropped-02_00843_jt3bggkj1j3HLc7SyY6rEUpg.jpeg","contentUrl":"https:\/\/skaitytaknyga.lt\/wp-content\/uploads\/2024\/05\/cropped-cropped-cropped-02_00843_jt3bggkj1j3HLc7SyY6rEUpg.jpeg","width":1600,"height":1600,"caption":"skaitytaknyga.lt"},"image":{"@id":"https:\/\/skaitytaknyga.lt\/#\/schema\/logo\/image\/"},"sameAs":["https:\/\/www.facebook.com\/skaitytaknyga\/"]}]}},"_links":{"self":[{"href":"https:\/\/skaitytaknyga.lt\/en\/wp-json\/wp\/v2\/product\/20696","targetHints":{"allow":["GET"]}}],"collection":[{"href":"https:\/\/skaitytaknyga.lt\/en\/wp-json\/wp\/v2\/product"}],"about":[{"href":"https:\/\/skaitytaknyga.lt\/en\/wp-json\/wp\/v2\/types\/product"}],"replies":[{"embeddable":true,"href":"https:\/\/skaitytaknyga.lt\/en\/wp-json\/wp\/v2\/comments?post=20696"}],"wp:featuredmedia":[{"embeddable":true,"href":"https:\/\/skaitytaknyga.lt\/en\/wp-json\/wp\/v2\/media\/20708"}],"wp:attachment":[{"href":"https:\/\/skaitytaknyga.lt\/en\/wp-json\/wp\/v2\/media?parent=20696"}],"wp:term":[{"taxonomy":"product_brand","embeddable":true,"href":"https:\/\/skaitytaknyga.lt\/en\/wp-json\/wp\/v2\/product_brand?post=20696"},{"taxonomy":"product_cat","embeddable":true,"href":"https:\/\/skaitytaknyga.lt\/en\/wp-json\/wp\/v2\/product_cat?post=20696"},{"taxonomy":"product_tag","embeddable":true,"href":"https:\/\/skaitytaknyga.lt\/en\/wp-json\/wp\/v2\/product_tag?post=20696"}],"curies":[{"name":"wp","href":"https:\/\/api.w.org\/{rel}","templated":true}]}}