{"id":20694,"date":"2025-09-06T12:07:51","date_gmt":"2025-09-06T09:07:51","guid":{"rendered":"https:\/\/skaitytaknyga.lt\/?post_type=product&#038;p=20694"},"modified":"2026-03-18T14:59:43","modified_gmt":"2026-03-18T12:59:43","slug":"gedimino-kraujas-lietuvos-valdovu-gediminaiciu-dinastija-112-vyru-ir-moteru-likimai","status":"publish","type":"product","link":"https:\/\/skaitytaknyga.lt\/en\/produktas\/gedimino-kraujas-lietuvos-valdovu-gediminaiciu-dinastija-112-vyru-ir-moteru-likimai\/","title":{"rendered":"Gedimino kraujas. Lietuvos valdov\u0173 Gediminai\u010di\u0173 dinastija: 112 vyr\u0173 ir moter\u0173 likimai"},"content":{"rendered":"<p>Gediminai\u010diai \u2013 Lietuvos valdov\u0173 dinastija, kurios stipryb\u0119 ir m\u0117gino, ir gerb\u0117 visa Europa.<\/p>\n<p>Eimantas Gudas \u2013 bestselerio \u201eM\u0117lynas kraujas\u201c autorius, istorikas, riteris ir visuomen\u0117s veik\u0117jas.<\/p>\n<p>\u017dilvin\u0117 Petrauskait\u0117 \u2013 \u017eurnalist\u0117, redaktor\u0117, knyg\u0173 autor\u0117 ir bendraautor\u0117.<\/p>\n<p>Butigeidis, Butvydas, Vytenis, Gediminas, Jaunutis, Algirdas, Jogaila, K\u0119stutis, Vytautas, \u0160vitrigaila, \u017dygimantas K\u0119stutaitis, Kazimieras Jogailaitis, Aleksandras Jogailaitis, \u017dygimantas Senasis, \u017dygimantas Augustas. Kiekvienas lietuvis pasakys: tai Lietuvos valdovai Gediminai\u010diai. Bet tikrai ne visi \u017eino, kas buvo j\u0173 \u017emonos, kaip susiklost\u0117 j\u0173 dukter\u0173, s\u016bn\u0173, netapusi\u0173 Lietuvos did\u017eiaisiais kunigaik\u0161\u010diais, likimai.<\/p>\n<p>Laikas susipa\u017einti su visa pla\u010dia lietuvi\u0161ka auk\u0161t\u0105ja gimine, Lietuv\u0105 vald\u017eiusia beveik 300 met\u0173!<\/p>\n<p>Ar tikrai Gediminas ketino krik\u0161tytis? Kuri Gedimino an\u016bk\u0117 i\u0161tek\u0117jo u\u017e \u0160ventosios Romos imperatoriaus Karolio IV ir buvo vainikuota imperatoriene? Kod\u0117l K\u0119stutis atsisak\u0117 kar\u016bnos? Kuri\u0105 seser\u012f Jogaila labiausiai myl\u0117jo ir kod\u0117l? Kuris per anksti gim\u0119s Jogailaitis buvo auginamas \u0161vie\u017eiai paskerst\u0173 kiauli\u0173 viduriuose? Koks tolesnis Niurnbergo auksakali\u0173 Vytautui Did\u017eiajam ir jo \u017emonai Julijonai nukaldint\u0173 kar\u016bn\u0173 likimas? Kuris Lietuvos didysis kunigaik\u0161tis paskutinis mok\u0117jo lietuvi\u0161kai? Ar dar yra gyv\u0173 Gediminai\u010di\u0173?<\/p>\n","protected":false},"excerpt":{"rendered":"<p>Gediminai\u010diai \u2013 Lietuvos valdov\u0173 dinastija, kurios stipryb\u0119 ir m\u0117gino, ir gerb\u0117 visa Europa. Eimantas Gudas \u2013 bestselerio \u201eM\u0117lynas kraujas\u201c autorius, istorikas, riteris ir visuomen\u0117s veik\u0117jas. \u017dilvin\u0117 Petrauskait\u0117 \u2013 \u017eurnalist\u0117, redaktor\u0117, knyg\u0173 autor\u0117 ir bendraautor\u0117. Butigeidis, Butvydas, Vytenis, Gediminas, Jaunutis, Algirdas, Jogaila, K\u0119stutis, Vytautas, \u0160vitrigaila, \u017dygimantas K\u0119stutaitis, Kazimieras Jogailaitis, Aleksandras Jogailaitis, \u017dygimantas Senasis, \u017dygimantas Augustas. Kiekvienas lietuvis pasakys: tai Lietuvos valdovai Gediminai\u010diai. Bet tikrai ne visi \u017eino, kas buvo j\u0173 \u017emonos, kaip susiklost\u0117 j\u0173 dukter\u0173, s\u016bn\u0173, netapusi\u0173 Lietuvos did\u017eiaisiais kunigaik\u0161\u010diais, likimai. Laikas susipa\u017einti su visa pla\u010dia lietuvi\u0161ka auk\u0161t\u0105ja gimine, Lietuv\u0105 vald\u017eiusia beveik 300 met\u0173! Ar tikrai Gediminas ketino krik\u0161tytis? Kuri Gedimino an\u016bk\u0117 i\u0161tek\u0117jo u\u017e \u0160ventosios Romos imperatoriaus Karolio IV ir buvo vainikuota imperatoriene? Kod\u0117l K\u0119stutis atsisak\u0117 kar\u016bnos? Kuri\u0105 seser\u012f Jogaila labiausiai myl\u0117jo ir kod\u0117l? Kuris per anksti gim\u0119s Jogailaitis buvo auginamas \u0161vie\u017eiai paskerst\u0173 kiauli\u0173 viduriuose? Koks tolesnis Niurnbergo auksakali\u0173 Vytautui Did\u017eiajam ir jo \u017emonai Julijonai nukaldint\u0173 kar\u016bn\u0173 likimas? Kuris Lietuvos didysis kunigaik\u0161tis paskutinis mok\u0117jo lietuvi\u0161kai? Ar dar yra gyv\u0173 Gediminai\u010di\u0173?<\/p>\n","protected":false},"featured_media":20706,"comment_status":"open","ping_status":"closed","template":"","meta":{"_acf_changed":false,"site-sidebar-layout":"default","site-content-layout":"","ast-site-content-layout":"default","site-content-style":"default","site-sidebar-style":"default","ast-global-header-display":"","ast-banner-title-visibility":"","ast-main-header-display":"","ast-hfb-above-header-display":"","ast-hfb-below-header-display":"","ast-hfb-mobile-header-display":"","site-post-title":"","ast-breadcrumbs-content":"","ast-featured-img":"","footer-sml-layout":"","ast-disable-related-posts":"","theme-transparent-header-meta":"","adv-header-id-meta":"","stick-header-meta":"","header-above-stick-meta":"","header-main-stick-meta":"","header-below-stick-meta":"","astra-migrate-meta-layouts":"default","ast-page-background-enabled":"default","ast-page-background-meta":{"desktop":{"background-color":"","background-image":"","background-repeat":"repeat","background-position":"center center","background-size":"auto","background-attachment":"scroll","background-type":"","background-media":"","overlay-type":"","overlay-color":"","overlay-opacity":"","overlay-gradient":""},"tablet":{"background-color":"","background-image":"","background-repeat":"repeat","background-position":"center center","background-size":"auto","background-attachment":"scroll","background-type":"","background-media":"","overlay-type":"","overlay-color":"","overlay-opacity":"","overlay-gradient":""},"mobile":{"background-color":"","background-image":"","background-repeat":"repeat","background-position":"center center","background-size":"auto","background-attachment":"scroll","background-type":"","background-media":"","overlay-type":"","overlay-color":"","overlay-opacity":"","overlay-gradient":""}},"ast-content-background-meta":{"desktop":{"background-color":"var(--ast-global-color-4)","background-image":"","background-repeat":"repeat","background-position":"center center","background-size":"auto","background-attachment":"scroll","background-type":"","background-media":"","overlay-type":"","overlay-color":"","overlay-opacity":"","overlay-gradient":""},"tablet":{"background-color":"var(--ast-global-color-4)","background-image":"","background-repeat":"repeat","background-position":"center center","background-size":"auto","background-attachment":"scroll","background-type":"","background-media":"","overlay-type":"","overlay-color":"","overlay-opacity":"","overlay-gradient":""},"mobile":{"background-color":"var(--ast-global-color-4)","background-image":"","background-repeat":"repeat","background-position":"center center","background-size":"auto","background-attachment":"scroll","background-type":"","background-media":"","overlay-type":"","overlay-color":"","overlay-opacity":"","overlay-gradient":""}}},"product_brand":[],"product_cat":[9862,174],"product_tag":[8800,8797,8799,2224,8801,3425,8798],"class_list":{"0":"post-20694","1":"product","2":"type-product","3":"status-publish","4":"has-post-thumbnail","6":"product_cat-lietuvos-istorija","7":"product_cat-istorija-ir-politologija","8":"product_tag-dinastijos-istorija","9":"product_tag-eimantas-gudas","10":"product_tag-gediminaiciai","11":"product_tag-istorija","12":"product_tag-kilmingu-seimu-paslaptys","13":"product_tag-lietuvos-valdovai","14":"product_tag-zilvine-petrauskaite","15":"desktop-align-left","16":"tablet-align-left","17":"mobile-align-left","19":"first","20":"instock","21":"shipping-taxable","22":"purchasable","23":"product-type-simple"},"acf":[],"yoast_head":"<!-- This site is optimized with the Yoast SEO plugin v27.0 - https:\/\/yoast.com\/product\/yoast-seo-wordpress\/ -->\n<title>Gedimino kraujas. Lietuvos valdov\u0173 Gediminai\u010di\u0173 dinastija: 112 vyr\u0173 ir moter\u0173 likimai<\/title>\n<meta name=\"description\" content=\"Gediminai\u010diai \u2013 Lietuvos valdov\u0173 dinastija, kurios stipryb\u0119 ir m\u0117gino, ir gerb\u0117 visa Europa. Eimantas Gudas \u2013 bestselerio \u201eM\u0117lynas kraujas\u201c autorius,\" \/>\n<meta name=\"robots\" content=\"index, follow, max-snippet:-1, max-image-preview:large, max-video-preview:-1\" \/>\n<link rel=\"canonical\" href=\"https:\/\/skaitytaknyga.lt\/en\/produktas\/gedimino-kraujas-lietuvos-valdovu-gediminaiciu-dinastija-112-vyru-ir-moteru-likimai\/\" \/>\n<meta property=\"og:locale\" content=\"en_GB\" \/>\n<meta property=\"og:locale:alternate\" content=\"lt_LT\" \/>\n<meta property=\"og:type\" content=\"article\" \/>\n<meta property=\"og:title\" content=\"Gedimino kraujas. Lietuvos valdov\u0173 Gediminai\u010di\u0173 dinastija: 112 vyr\u0173 ir moter\u0173 likimai\" \/>\n<meta property=\"og:description\" content=\"Gediminai\u010diai \u2013 Lietuvos valdov\u0173 dinastija, kurios stipryb\u0119 ir m\u0117gino, ir gerb\u0117 visa Europa. Eimantas Gudas \u2013 bestselerio \u201eM\u0117lynas kraujas\u201c autorius,\" \/>\n<meta property=\"og:url\" content=\"https:\/\/skaitytaknyga.lt\/en\/produktas\/gedimino-kraujas-lietuvos-valdovu-gediminaiciu-dinastija-112-vyru-ir-moteru-likimai\/\" \/>\n<meta property=\"og:site_name\" content=\"Skaitytaknyga\" \/>\n<meta property=\"article:publisher\" content=\"https:\/\/www.facebook.com\/skaitytaknyga\/\" \/>\n<meta property=\"article:modified_time\" content=\"2026-03-18T12:59:43+00:00\" \/>\n<meta property=\"og:image\" content=\"https:\/\/skaitytaknyga.lt\/wp-content\/uploads\/2025\/09\/Gedimino-kraujas.-Lietuvos-valdovu-Gediminaiciu-dinastija-112-vyru-ir-moteru-likimai-1.webp\" \/>\n\t<meta property=\"og:image:width\" content=\"300\" \/>\n\t<meta property=\"og:image:height\" content=\"448\" \/>\n\t<meta property=\"og:image:type\" content=\"image\/webp\" \/>\n<meta name=\"twitter:card\" content=\"summary_large_image\" \/>\n<meta name=\"twitter:label1\" content=\"Estimated reading time\" \/>\n\t<meta name=\"twitter:data1\" content=\"1 minute\" \/>\n<script type=\"application\/ld+json\" class=\"yoast-schema-graph\">{\"@context\":\"https:\/\/schema.org\",\"@graph\":[{\"@type\":\"WebPage\",\"@id\":\"https:\/\/skaitytaknyga.lt\/produktas\/gedimino-kraujas-lietuvos-valdovu-gediminaiciu-dinastija-112-vyru-ir-moteru-likimai\/\",\"url\":\"https:\/\/skaitytaknyga.lt\/produktas\/gedimino-kraujas-lietuvos-valdovu-gediminaiciu-dinastija-112-vyru-ir-moteru-likimai\/\",\"name\":\"Gedimino kraujas. Lietuvos valdov\u0173 Gediminai\u010di\u0173 dinastija: 112 vyr\u0173 ir moter\u0173 likimai\",\"isPartOf\":{\"@id\":\"https:\/\/skaitytaknyga.lt\/#website\"},\"primaryImageOfPage\":{\"@id\":\"https:\/\/skaitytaknyga.lt\/produktas\/gedimino-kraujas-lietuvos-valdovu-gediminaiciu-dinastija-112-vyru-ir-moteru-likimai\/#primaryimage\"},\"image\":{\"@id\":\"https:\/\/skaitytaknyga.lt\/produktas\/gedimino-kraujas-lietuvos-valdovu-gediminaiciu-dinastija-112-vyru-ir-moteru-likimai\/#primaryimage\"},\"thumbnailUrl\":\"https:\/\/skaitytaknyga.lt\/wp-content\/uploads\/2025\/09\/Gedimino-kraujas.-Lietuvos-valdovu-Gediminaiciu-dinastija-112-vyru-ir-moteru-likimai-1.webp\",\"datePublished\":\"2025-09-06T09:07:51+00:00\",\"dateModified\":\"2026-03-18T12:59:43+00:00\",\"description\":\"Gediminai\u010diai \u2013 Lietuvos valdov\u0173 dinastija, kurios stipryb\u0119 ir m\u0117gino, ir gerb\u0117 visa Europa. Eimantas Gudas \u2013 bestselerio \u201eM\u0117lynas kraujas\u201c autorius,\",\"breadcrumb\":{\"@id\":\"https:\/\/skaitytaknyga.lt\/produktas\/gedimino-kraujas-lietuvos-valdovu-gediminaiciu-dinastija-112-vyru-ir-moteru-likimai\/#breadcrumb\"},\"inLanguage\":\"en-GB\",\"potentialAction\":[{\"@type\":\"ReadAction\",\"target\":[\"https:\/\/skaitytaknyga.lt\/produktas\/gedimino-kraujas-lietuvos-valdovu-gediminaiciu-dinastija-112-vyru-ir-moteru-likimai\/\"]}]},{\"@type\":\"ImageObject\",\"inLanguage\":\"en-GB\",\"@id\":\"https:\/\/skaitytaknyga.lt\/produktas\/gedimino-kraujas-lietuvos-valdovu-gediminaiciu-dinastija-112-vyru-ir-moteru-likimai\/#primaryimage\",\"url\":\"https:\/\/skaitytaknyga.lt\/wp-content\/uploads\/2025\/09\/Gedimino-kraujas.-Lietuvos-valdovu-Gediminaiciu-dinastija-112-vyru-ir-moteru-likimai-1.webp\",\"contentUrl\":\"https:\/\/skaitytaknyga.lt\/wp-content\/uploads\/2025\/09\/Gedimino-kraujas.-Lietuvos-valdovu-Gediminaiciu-dinastija-112-vyru-ir-moteru-likimai-1.webp\",\"width\":300,\"height\":448,\"caption\":\"Gedimino kraujas. Lietuvos valdov\u0173 Gediminai\u010di\u0173 dinastija: 112 vyr\u0173 ir moter\u0173 likimai\"},{\"@type\":\"BreadcrumbList\",\"@id\":\"https:\/\/skaitytaknyga.lt\/produktas\/gedimino-kraujas-lietuvos-valdovu-gediminaiciu-dinastija-112-vyru-ir-moteru-likimai\/#breadcrumb\",\"itemListElement\":[{\"@type\":\"ListItem\",\"position\":1,\"name\":\"Home\",\"item\":\"https:\/\/skaitytaknyga.lt\/\"},{\"@type\":\"ListItem\",\"position\":2,\"name\":\"Parduotuv\u0117\",\"item\":\"https:\/\/skaitytaknyga.lt\/knygu-parduotuve\/\"},{\"@type\":\"ListItem\",\"position\":3,\"name\":\"Gedimino kraujas. Lietuvos valdov\u0173 Gediminai\u010di\u0173 dinastija: 112 vyr\u0173 ir moter\u0173 likimai\"}]},{\"@type\":\"WebSite\",\"@id\":\"https:\/\/skaitytaknyga.lt\/#website\",\"url\":\"https:\/\/skaitytaknyga.lt\/\",\"name\":\"skaitytaknyga.lt\",\"description\":\"Skaitytaknyga.lt \u2013 tai ma\u017eas \u0161eimos verslas, kuris prasid\u0117jo nuo meil\u0117s knygoms ir siekio i\u0161gelb\u0117ti knygas nuo likimo prie konteinerio. Kas vienam nereikalingas daiktas \u2013 kitam lobis, o mes esame tarpininkai, kurie padeda abiems tapti laimingesniems ???? \u017dinome kaip nelengva i\u0161gyventi ma\u017eiems verslams, tad nuo \u0161iol, \u010dia rasite ir kit\u0173, ma\u017e\u0173 \u0161eim\u0173 versl\u0173, rank\u0173 darbo, dovan\u0173 sau ir artimiesiems.\",\"publisher\":{\"@id\":\"https:\/\/skaitytaknyga.lt\/#organization\"},\"potentialAction\":[{\"@type\":\"SearchAction\",\"target\":{\"@type\":\"EntryPoint\",\"urlTemplate\":\"https:\/\/skaitytaknyga.lt\/?s={search_term_string}\"},\"query-input\":{\"@type\":\"PropertyValueSpecification\",\"valueRequired\":true,\"valueName\":\"search_term_string\"}}],\"inLanguage\":\"en-GB\"},{\"@type\":\"Organization\",\"@id\":\"https:\/\/skaitytaknyga.lt\/#organization\",\"name\":\"skaitytaknyga.lt\",\"url\":\"https:\/\/skaitytaknyga.lt\/\",\"logo\":{\"@type\":\"ImageObject\",\"inLanguage\":\"en-GB\",\"@id\":\"https:\/\/skaitytaknyga.lt\/#\/schema\/logo\/image\/\",\"url\":\"https:\/\/skaitytaknyga.lt\/wp-content\/uploads\/2024\/05\/cropped-cropped-cropped-02_00843_jt3bggkj1j3HLc7SyY6rEUpg.jpeg\",\"contentUrl\":\"https:\/\/skaitytaknyga.lt\/wp-content\/uploads\/2024\/05\/cropped-cropped-cropped-02_00843_jt3bggkj1j3HLc7SyY6rEUpg.jpeg\",\"width\":1600,\"height\":1600,\"caption\":\"skaitytaknyga.lt\"},\"image\":{\"@id\":\"https:\/\/skaitytaknyga.lt\/#\/schema\/logo\/image\/\"},\"sameAs\":[\"https:\/\/www.facebook.com\/skaitytaknyga\/\"]}]}<\/script>\n<!-- \/ Yoast SEO plugin. -->","yoast_head_json":{"title":"Gedimino kraujas. Lietuvos valdov\u0173 Gediminai\u010di\u0173 dinastija: 112 vyr\u0173 ir moter\u0173 likimai","description":"Gediminai\u010diai \u2013 Lietuvos valdov\u0173 dinastija, kurios stipryb\u0119 ir m\u0117gino, ir gerb\u0117 visa Europa. Eimantas Gudas \u2013 bestselerio \u201eM\u0117lynas kraujas\u201c autorius,","robots":{"index":"index","follow":"follow","max-snippet":"max-snippet:-1","max-image-preview":"max-image-preview:large","max-video-preview":"max-video-preview:-1"},"canonical":"https:\/\/skaitytaknyga.lt\/en\/produktas\/gedimino-kraujas-lietuvos-valdovu-gediminaiciu-dinastija-112-vyru-ir-moteru-likimai\/","og_locale":"en_GB","og_type":"article","og_title":"[:lt]Gedimino kraujas. Lietuvos valdov\u0173 Gediminai\u010di\u0173 dinastija: 112 vyr\u0173 ir moter\u0173 likimai[:] - Skaitytaknyga","og_description":"Gediminai\u010diai \u2013 Lietuvos valdov\u0173 dinastija, kurios stipryb\u0119 ir m\u0117gino, ir gerb\u0117 visa Europa. Eimantas Gudas \u2013 bestselerio \u201eM\u0117lynas kraujas\u201c autorius,","og_url":"https:\/\/skaitytaknyga.lt\/en\/produktas\/gedimino-kraujas-lietuvos-valdovu-gediminaiciu-dinastija-112-vyru-ir-moteru-likimai\/","og_site_name":"Skaitytaknyga","article_publisher":"https:\/\/www.facebook.com\/skaitytaknyga\/","article_modified_time":"2026-03-18T12:59:43+00:00","og_image":[{"width":300,"height":448,"url":"https:\/\/skaitytaknyga.lt\/wp-content\/uploads\/2025\/09\/Gedimino-kraujas.-Lietuvos-valdovu-Gediminaiciu-dinastija-112-vyru-ir-moteru-likimai-1.webp","type":"image\/webp"}],"twitter_card":"summary_large_image","twitter_misc":{"Estimated reading time":"1 minute"},"schema":{"@context":"https:\/\/schema.org","@graph":[{"@type":"WebPage","@id":"https:\/\/skaitytaknyga.lt\/produktas\/gedimino-kraujas-lietuvos-valdovu-gediminaiciu-dinastija-112-vyru-ir-moteru-likimai\/","url":"https:\/\/skaitytaknyga.lt\/produktas\/gedimino-kraujas-lietuvos-valdovu-gediminaiciu-dinastija-112-vyru-ir-moteru-likimai\/","name":"Gedimino kraujas. Lietuvos valdov\u0173 Gediminai\u010di\u0173 dinastija: 112 vyr\u0173 ir moter\u0173 likimai","isPartOf":{"@id":"https:\/\/skaitytaknyga.lt\/#website"},"primaryImageOfPage":{"@id":"https:\/\/skaitytaknyga.lt\/produktas\/gedimino-kraujas-lietuvos-valdovu-gediminaiciu-dinastija-112-vyru-ir-moteru-likimai\/#primaryimage"},"image":{"@id":"https:\/\/skaitytaknyga.lt\/produktas\/gedimino-kraujas-lietuvos-valdovu-gediminaiciu-dinastija-112-vyru-ir-moteru-likimai\/#primaryimage"},"thumbnailUrl":"https:\/\/skaitytaknyga.lt\/wp-content\/uploads\/2025\/09\/Gedimino-kraujas.-Lietuvos-valdovu-Gediminaiciu-dinastija-112-vyru-ir-moteru-likimai-1.webp","datePublished":"2025-09-06T09:07:51+00:00","dateModified":"2026-03-18T12:59:43+00:00","description":"Gediminai\u010diai \u2013 Lietuvos valdov\u0173 dinastija, kurios stipryb\u0119 ir m\u0117gino, ir gerb\u0117 visa Europa. Eimantas Gudas \u2013 bestselerio \u201eM\u0117lynas kraujas\u201c autorius,","breadcrumb":{"@id":"https:\/\/skaitytaknyga.lt\/produktas\/gedimino-kraujas-lietuvos-valdovu-gediminaiciu-dinastija-112-vyru-ir-moteru-likimai\/#breadcrumb"},"inLanguage":"en-GB","potentialAction":[{"@type":"ReadAction","target":["https:\/\/skaitytaknyga.lt\/produktas\/gedimino-kraujas-lietuvos-valdovu-gediminaiciu-dinastija-112-vyru-ir-moteru-likimai\/"]}]},{"@type":"ImageObject","inLanguage":"en-GB","@id":"https:\/\/skaitytaknyga.lt\/produktas\/gedimino-kraujas-lietuvos-valdovu-gediminaiciu-dinastija-112-vyru-ir-moteru-likimai\/#primaryimage","url":"https:\/\/skaitytaknyga.lt\/wp-content\/uploads\/2025\/09\/Gedimino-kraujas.-Lietuvos-valdovu-Gediminaiciu-dinastija-112-vyru-ir-moteru-likimai-1.webp","contentUrl":"https:\/\/skaitytaknyga.lt\/wp-content\/uploads\/2025\/09\/Gedimino-kraujas.-Lietuvos-valdovu-Gediminaiciu-dinastija-112-vyru-ir-moteru-likimai-1.webp","width":300,"height":448,"caption":"Gedimino kraujas. Lietuvos valdov\u0173 Gediminai\u010di\u0173 dinastija: 112 vyr\u0173 ir moter\u0173 likimai"},{"@type":"BreadcrumbList","@id":"https:\/\/skaitytaknyga.lt\/produktas\/gedimino-kraujas-lietuvos-valdovu-gediminaiciu-dinastija-112-vyru-ir-moteru-likimai\/#breadcrumb","itemListElement":[{"@type":"ListItem","position":1,"name":"Home","item":"https:\/\/skaitytaknyga.lt\/"},{"@type":"ListItem","position":2,"name":"Parduotuv\u0117","item":"https:\/\/skaitytaknyga.lt\/knygu-parduotuve\/"},{"@type":"ListItem","position":3,"name":"Gedimino kraujas. Lietuvos valdov\u0173 Gediminai\u010di\u0173 dinastija: 112 vyr\u0173 ir moter\u0173 likimai"}]},{"@type":"WebSite","@id":"https:\/\/skaitytaknyga.lt\/#website","url":"https:\/\/skaitytaknyga.lt\/","name":"skaitytaknyga.lt","description":"Skaitytaknyga.lt \u2013 tai ma\u017eas \u0161eimos verslas, kuris prasid\u0117jo nuo meil\u0117s knygoms ir siekio i\u0161gelb\u0117ti knygas nuo likimo prie konteinerio. Kas vienam nereikalingas daiktas \u2013 kitam lobis, o mes esame tarpininkai, kurie padeda abiems tapti laimingesniems ???? \u017dinome kaip nelengva i\u0161gyventi ma\u017eiems verslams, tad nuo \u0161iol, \u010dia rasite ir kit\u0173, ma\u017e\u0173 \u0161eim\u0173 versl\u0173, rank\u0173 darbo, dovan\u0173 sau ir artimiesiems.","publisher":{"@id":"https:\/\/skaitytaknyga.lt\/#organization"},"potentialAction":[{"@type":"SearchAction","target":{"@type":"EntryPoint","urlTemplate":"https:\/\/skaitytaknyga.lt\/?s={search_term_string}"},"query-input":{"@type":"PropertyValueSpecification","valueRequired":true,"valueName":"search_term_string"}}],"inLanguage":"en-GB"},{"@type":"Organization","@id":"https:\/\/skaitytaknyga.lt\/#organization","name":"skaitytaknyga.lt","url":"https:\/\/skaitytaknyga.lt\/","logo":{"@type":"ImageObject","inLanguage":"en-GB","@id":"https:\/\/skaitytaknyga.lt\/#\/schema\/logo\/image\/","url":"https:\/\/skaitytaknyga.lt\/wp-content\/uploads\/2024\/05\/cropped-cropped-cropped-02_00843_jt3bggkj1j3HLc7SyY6rEUpg.jpeg","contentUrl":"https:\/\/skaitytaknyga.lt\/wp-content\/uploads\/2024\/05\/cropped-cropped-cropped-02_00843_jt3bggkj1j3HLc7SyY6rEUpg.jpeg","width":1600,"height":1600,"caption":"skaitytaknyga.lt"},"image":{"@id":"https:\/\/skaitytaknyga.lt\/#\/schema\/logo\/image\/"},"sameAs":["https:\/\/www.facebook.com\/skaitytaknyga\/"]}]}},"_links":{"self":[{"href":"https:\/\/skaitytaknyga.lt\/en\/wp-json\/wp\/v2\/product\/20694","targetHints":{"allow":["GET"]}}],"collection":[{"href":"https:\/\/skaitytaknyga.lt\/en\/wp-json\/wp\/v2\/product"}],"about":[{"href":"https:\/\/skaitytaknyga.lt\/en\/wp-json\/wp\/v2\/types\/product"}],"replies":[{"embeddable":true,"href":"https:\/\/skaitytaknyga.lt\/en\/wp-json\/wp\/v2\/comments?post=20694"}],"wp:featuredmedia":[{"embeddable":true,"href":"https:\/\/skaitytaknyga.lt\/en\/wp-json\/wp\/v2\/media\/20706"}],"wp:attachment":[{"href":"https:\/\/skaitytaknyga.lt\/en\/wp-json\/wp\/v2\/media?parent=20694"}],"wp:term":[{"taxonomy":"product_brand","embeddable":true,"href":"https:\/\/skaitytaknyga.lt\/en\/wp-json\/wp\/v2\/product_brand?post=20694"},{"taxonomy":"product_cat","embeddable":true,"href":"https:\/\/skaitytaknyga.lt\/en\/wp-json\/wp\/v2\/product_cat?post=20694"},{"taxonomy":"product_tag","embeddable":true,"href":"https:\/\/skaitytaknyga.lt\/en\/wp-json\/wp\/v2\/product_tag?post=20694"}],"curies":[{"name":"wp","href":"https:\/\/api.w.org\/{rel}","templated":true}]}}