{"id":20693,"date":"2025-09-06T12:07:51","date_gmt":"2025-09-06T09:07:51","guid":{"rendered":"https:\/\/skaitytaknyga.lt\/?post_type=product&#038;p=20693"},"modified":"2026-03-11T14:22:50","modified_gmt":"2026-03-11T12:22:50","slug":"mano-meiles-istorija","status":"publish","type":"product","link":"https:\/\/skaitytaknyga.lt\/en\/produktas\/mano-meiles-istorija\/","title":{"rendered":"Mano meil\u0117s istorija"},"content":{"rendered":"<p>Tina Turner \u2013 rokenrolo karalien\u0117 ir gyvoji legenda \u2013 atskleid\u017eia ties\u0105 apie savo svaiginam\u0105 karjer\u0105 ir sud\u0117ting\u0105 asmenin\u012f gyvenim\u0105.<\/p>\n<p>\u0160ioje autobiografin\u0117je knygoje Tina atvirai i\u0161d\u0117sto savo asmeninio gyvenimo istorij\u0105 \u2013 nuo Tenesio valstijos Natbu\u0161o miestelyje praleistos vaikyst\u0117s, pasiektos \u0161lov\u0117s dirbant su Ike\u2019u Turneriu ir patirt\u0173 tamsi\u0173 akimirk\u0173 gyvenant su juo iki nepaprastos v\u0117liau lyd\u0117jusios s\u0117km\u0117s ir laim\u0117s asmeniniame gyvenime.<\/p>\n<p>Mano meil\u0117s istorija \u2013 \u012fsp\u016bdinga ir \u012fkvepianti istorija moters, i\u0161dr\u012fsusios \u012fveikti visas jos kelyje pasitaikiusias kli\u016btis.<\/p>\n<p>\u0160i puikiai para\u0161yta autobiografija, atskleid\u017eianti puok\u0161t\u0119 visiems \u017einom\u0173 Tinos savybi\u0173 \u2013 stipryb\u0119, energij\u0105, dr\u0105s\u0105 ir dvasingum\u0105, yra tokia pat pavergianti ir jaudinanti, kaip ir bet kuris i\u0161 garsiausi\u0173 daininink\u0117s hit\u0173.<\/p>\n<p>TINA TURNER (tikrasis vardas Anna Mae Bullock) yra daininink\u0117 ir aktor\u0117, kurios karjera t\u0119siasi jau daugiau nei \u0161e\u0161iasde\u0161imt met\u0173. Muzikin\u0119 karjer\u0105 ji prad\u0117jo dirbdama su buvusiu vyru Ike\u2019u Turneriu, kaip dueto \u201eIke and Tina Turner Revue\u201c nar\u0117. S\u0117km\u0119 lyd\u0117jo daugyb\u0117 hit\u0173, tarp j\u0173 \u201eRiver Deep \u2013 Mountain High\u201c ir \u201eProud Mary\u201c. Su Ike\u2019u Tina i\u0161siskyr\u0117 1978-aisiais ir nuo tada nuo nulio prad\u0117jo savo solin\u0119 karjer\u0105. Ji i\u0161leido daug hit\u0173, tarp j\u0173 1984-\u0173j\u0173 solin\u012f album\u0105 \u201ePrivate Dancer\u201c. Tina Turner, viena populiariausi\u0173 vis\u0173 laik\u0173 atlik\u0117j\u0173, yra pardavusi 200 milijon\u0173 \u012fra\u0161\u0173. Ji yra laim\u0117jusi daug apdovanojim\u0173, tarp j\u0173 dvylika \u201eGrammy\u201c statul\u0117li\u0173, o \u012f jos koncertus parduota daugiau biliet\u0173 nei \u012f bet kurio kito solo atlik\u0117jo. Dabar ji su savo vyru Erwinu Bachu gyvena Ciuriche, \u0160veicarijoje.<\/p>\n","protected":false},"excerpt":{"rendered":"<p>Tina Turner \u2013 rokenrolo karalien\u0117 ir gyvoji legenda \u2013 atskleid\u017eia ties\u0105 apie savo svaiginam\u0105 karjer\u0105 ir sud\u0117ting\u0105 asmenin\u012f gyvenim\u0105. \u0160ioje autobiografin\u0117je knygoje Tina atvirai i\u0161d\u0117sto savo asmeninio gyvenimo istorij\u0105 \u2013 nuo Tenesio valstijos Natbu\u0161o miestelyje praleistos vaikyst\u0117s, pasiektos \u0161lov\u0117s dirbant su Ike\u2019u Turneriu ir patirt\u0173 tamsi\u0173 akimirk\u0173 gyvenant su juo iki nepaprastos v\u0117liau lyd\u0117jusios s\u0117km\u0117s ir laim\u0117s asmeniniame gyvenime. Mano meil\u0117s istorija \u2013 \u012fsp\u016bdinga ir \u012fkvepianti istorija moters, i\u0161dr\u012fsusios \u012fveikti visas jos kelyje pasitaikiusias kli\u016btis. \u0160i puikiai para\u0161yta autobiografija, atskleid\u017eianti puok\u0161t\u0119 visiems \u017einom\u0173 Tinos savybi\u0173 \u2013 stipryb\u0119, energij\u0105, dr\u0105s\u0105 ir dvasingum\u0105, yra tokia pat pavergianti ir jaudinanti, kaip ir bet kuris i\u0161 garsiausi\u0173 daininink\u0117s hit\u0173. TINA TURNER (tikrasis vardas Anna Mae Bullock) yra daininink\u0117 ir aktor\u0117, kurios karjera t\u0119siasi jau daugiau nei \u0161e\u0161iasde\u0161imt met\u0173. Muzikin\u0119 karjer\u0105 ji prad\u0117jo dirbdama su buvusiu vyru Ike\u2019u Turneriu, kaip dueto \u201eIke and Tina Turner Revue\u201c nar\u0117. S\u0117km\u0119 lyd\u0117jo daugyb\u0117 hit\u0173, tarp j\u0173 \u201eRiver Deep \u2013 Mountain High\u201c ir \u201eProud Mary\u201c. Su Ike\u2019u Tina i\u0161siskyr\u0117 1978-aisiais ir nuo tada nuo nulio prad\u0117jo savo solin\u0119 karjer\u0105. Ji i\u0161leido daug hit\u0173, tarp j\u0173 1984-\u0173j\u0173 solin\u012f album\u0105 \u201ePrivate Dancer\u201c. Tina Turner, viena populiariausi\u0173 vis\u0173 laik\u0173 atlik\u0117j\u0173, yra pardavusi 200 milijon\u0173 \u012fra\u0161\u0173. Ji yra laim\u0117jusi daug apdovanojim\u0173, tarp j\u0173 dvylika \u201eGrammy\u201c statul\u0117li\u0173, o \u012f jos koncertus parduota daugiau biliet\u0173 nei \u012f bet kurio kito solo atlik\u0117jo. Dabar ji su savo vyru Erwinu Bachu gyvena Ciuriche, \u0160veicarijoje.<\/p>\n","protected":false},"featured_media":20705,"comment_status":"open","ping_status":"closed","template":"","meta":{"_acf_changed":false,"site-sidebar-layout":"default","site-content-layout":"","ast-site-content-layout":"default","site-content-style":"default","site-sidebar-style":"default","ast-global-header-display":"","ast-banner-title-visibility":"","ast-main-header-display":"","ast-hfb-above-header-display":"","ast-hfb-below-header-display":"","ast-hfb-mobile-header-display":"","site-post-title":"","ast-breadcrumbs-content":"","ast-featured-img":"","footer-sml-layout":"","ast-disable-related-posts":"","theme-transparent-header-meta":"","adv-header-id-meta":"","stick-header-meta":"","header-above-stick-meta":"","header-main-stick-meta":"","header-below-stick-meta":"","astra-migrate-meta-layouts":"default","ast-page-background-enabled":"default","ast-page-background-meta":{"desktop":{"background-color":"","background-image":"","background-repeat":"repeat","background-position":"center center","background-size":"auto","background-attachment":"scroll","background-type":"","background-media":"","overlay-type":"","overlay-color":"","overlay-opacity":"","overlay-gradient":""},"tablet":{"background-color":"","background-image":"","background-repeat":"repeat","background-position":"center center","background-size":"auto","background-attachment":"scroll","background-type":"","background-media":"","overlay-type":"","overlay-color":"","overlay-opacity":"","overlay-gradient":""},"mobile":{"background-color":"","background-image":"","background-repeat":"repeat","background-position":"center center","background-size":"auto","background-attachment":"scroll","background-type":"","background-media":"","overlay-type":"","overlay-color":"","overlay-opacity":"","overlay-gradient":""}},"ast-content-background-meta":{"desktop":{"background-color":"var(--ast-global-color-4)","background-image":"","background-repeat":"repeat","background-position":"center center","background-size":"auto","background-attachment":"scroll","background-type":"","background-media":"","overlay-type":"","overlay-color":"","overlay-opacity":"","overlay-gradient":""},"tablet":{"background-color":"var(--ast-global-color-4)","background-image":"","background-repeat":"repeat","background-position":"center center","background-size":"auto","background-attachment":"scroll","background-type":"","background-media":"","overlay-type":"","overlay-color":"","overlay-opacity":"","overlay-gradient":""},"mobile":{"background-color":"var(--ast-global-color-4)","background-image":"","background-repeat":"repeat","background-position":"center center","background-size":"auto","background-attachment":"scroll","background-type":"","background-media":"","overlay-type":"","overlay-color":"","overlay-opacity":"","overlay-gradient":""}}},"product_brand":[],"product_cat":[33],"product_tag":[2692,8795,3779,2318,2898,8796,8794],"class_list":{"0":"post-20693","1":"product","2":"type-product","3":"status-publish","4":"has-post-thumbnail","6":"product_cat-biografijos","7":"product_tag-autobiografija","8":"product_tag-dainininke","9":"product_tag-gyvenimo-istorija","10":"product_tag-ikvepimas","11":"product_tag-muzika","12":"product_tag-stiprybe","13":"product_tag-tina-turner","14":"desktop-align-left","15":"tablet-align-left","16":"mobile-align-left","18":"first","19":"outofstock","20":"shipping-taxable","21":"purchasable","22":"product-type-simple"},"acf":[],"yoast_head":"<!-- This site is optimized with the Yoast SEO plugin v27.0 - https:\/\/yoast.com\/product\/yoast-seo-wordpress\/ -->\n<title>Mano meil\u0117s istorija<\/title>\n<meta name=\"description\" content=\"Tina Turner \u2013 rokenrolo karalien\u0117 ir gyvoji legenda \u2013 atskleid\u017eia ties\u0105 apie savo svaiginam\u0105 karjer\u0105 ir sud\u0117ting\u0105 asmenin\u012f gyvenim\u0105. \u0160ioje\" \/>\n<meta name=\"robots\" content=\"index, follow, max-snippet:-1, max-image-preview:large, max-video-preview:-1\" \/>\n<link rel=\"canonical\" href=\"https:\/\/skaitytaknyga.lt\/en\/produktas\/mano-meiles-istorija\/\" \/>\n<meta property=\"og:locale\" content=\"en_GB\" \/>\n<meta property=\"og:locale:alternate\" content=\"lt_LT\" \/>\n<meta property=\"og:type\" content=\"article\" \/>\n<meta property=\"og:title\" content=\"Mano meil\u0117s istorija\" \/>\n<meta property=\"og:description\" content=\"Tina Turner \u2013 rokenrolo karalien\u0117 ir gyvoji legenda \u2013 atskleid\u017eia ties\u0105 apie savo svaiginam\u0105 karjer\u0105 ir sud\u0117ting\u0105 asmenin\u012f gyvenim\u0105. \u0160ioje\" \/>\n<meta property=\"og:url\" content=\"https:\/\/skaitytaknyga.lt\/en\/produktas\/mano-meiles-istorija\/\" \/>\n<meta property=\"og:site_name\" content=\"Skaitytaknyga\" \/>\n<meta property=\"article:publisher\" content=\"https:\/\/www.facebook.com\/skaitytaknyga\/\" \/>\n<meta property=\"article:modified_time\" content=\"2026-03-11T12:22:50+00:00\" \/>\n<meta property=\"og:image\" content=\"https:\/\/skaitytaknyga.lt\/wp-content\/uploads\/2025\/09\/Mano-meiles-istorija-1.webp\" \/>\n\t<meta property=\"og:image:width\" content=\"400\" \/>\n\t<meta property=\"og:image:height\" content=\"600\" \/>\n\t<meta property=\"og:image:type\" content=\"image\/webp\" \/>\n<meta name=\"twitter:card\" content=\"summary_large_image\" \/>\n<meta name=\"twitter:label1\" content=\"Estimated reading time\" \/>\n\t<meta name=\"twitter:data1\" content=\"1 minute\" \/>\n<script type=\"application\/ld+json\" class=\"yoast-schema-graph\">{\"@context\":\"https:\/\/schema.org\",\"@graph\":[{\"@type\":\"WebPage\",\"@id\":\"https:\/\/skaitytaknyga.lt\/produktas\/mano-meiles-istorija\/\",\"url\":\"https:\/\/skaitytaknyga.lt\/produktas\/mano-meiles-istorija\/\",\"name\":\"Mano meil\u0117s istorija\",\"isPartOf\":{\"@id\":\"https:\/\/skaitytaknyga.lt\/#website\"},\"primaryImageOfPage\":{\"@id\":\"https:\/\/skaitytaknyga.lt\/produktas\/mano-meiles-istorija\/#primaryimage\"},\"image\":{\"@id\":\"https:\/\/skaitytaknyga.lt\/produktas\/mano-meiles-istorija\/#primaryimage\"},\"thumbnailUrl\":\"https:\/\/skaitytaknyga.lt\/wp-content\/uploads\/2025\/09\/Mano-meiles-istorija-1.webp\",\"datePublished\":\"2025-09-06T09:07:51+00:00\",\"dateModified\":\"2026-03-11T12:22:50+00:00\",\"description\":\"Tina Turner \u2013 rokenrolo karalien\u0117 ir gyvoji legenda \u2013 atskleid\u017eia ties\u0105 apie savo svaiginam\u0105 karjer\u0105 ir sud\u0117ting\u0105 asmenin\u012f gyvenim\u0105. \u0160ioje\",\"breadcrumb\":{\"@id\":\"https:\/\/skaitytaknyga.lt\/produktas\/mano-meiles-istorija\/#breadcrumb\"},\"inLanguage\":\"en-GB\",\"potentialAction\":[{\"@type\":\"ReadAction\",\"target\":[\"https:\/\/skaitytaknyga.lt\/produktas\/mano-meiles-istorija\/\"]}]},{\"@type\":\"ImageObject\",\"inLanguage\":\"en-GB\",\"@id\":\"https:\/\/skaitytaknyga.lt\/produktas\/mano-meiles-istorija\/#primaryimage\",\"url\":\"https:\/\/skaitytaknyga.lt\/wp-content\/uploads\/2025\/09\/Mano-meiles-istorija-1.webp\",\"contentUrl\":\"https:\/\/skaitytaknyga.lt\/wp-content\/uploads\/2025\/09\/Mano-meiles-istorija-1.webp\",\"width\":400,\"height\":600,\"caption\":\"Tina Turner Mano meil\u0117s istorija (1)\"},{\"@type\":\"BreadcrumbList\",\"@id\":\"https:\/\/skaitytaknyga.lt\/produktas\/mano-meiles-istorija\/#breadcrumb\",\"itemListElement\":[{\"@type\":\"ListItem\",\"position\":1,\"name\":\"Home\",\"item\":\"https:\/\/skaitytaknyga.lt\/\"},{\"@type\":\"ListItem\",\"position\":2,\"name\":\"Parduotuv\u0117\",\"item\":\"https:\/\/skaitytaknyga.lt\/knygu-parduotuve\/\"},{\"@type\":\"ListItem\",\"position\":3,\"name\":\"Mano meil\u0117s istorija\"}]},{\"@type\":\"WebSite\",\"@id\":\"https:\/\/skaitytaknyga.lt\/#website\",\"url\":\"https:\/\/skaitytaknyga.lt\/\",\"name\":\"skaitytaknyga.lt\",\"description\":\"Skaitytaknyga.lt \u2013 tai ma\u017eas \u0161eimos verslas, kuris prasid\u0117jo nuo meil\u0117s knygoms ir siekio i\u0161gelb\u0117ti knygas nuo likimo prie konteinerio. Kas vienam nereikalingas daiktas \u2013 kitam lobis, o mes esame tarpininkai, kurie padeda abiems tapti laimingesniems ???? \u017dinome kaip nelengva i\u0161gyventi ma\u017eiems verslams, tad nuo \u0161iol, \u010dia rasite ir kit\u0173, ma\u017e\u0173 \u0161eim\u0173 versl\u0173, rank\u0173 darbo, dovan\u0173 sau ir artimiesiems.\",\"publisher\":{\"@id\":\"https:\/\/skaitytaknyga.lt\/#organization\"},\"potentialAction\":[{\"@type\":\"SearchAction\",\"target\":{\"@type\":\"EntryPoint\",\"urlTemplate\":\"https:\/\/skaitytaknyga.lt\/?s={search_term_string}\"},\"query-input\":{\"@type\":\"PropertyValueSpecification\",\"valueRequired\":true,\"valueName\":\"search_term_string\"}}],\"inLanguage\":\"en-GB\"},{\"@type\":\"Organization\",\"@id\":\"https:\/\/skaitytaknyga.lt\/#organization\",\"name\":\"skaitytaknyga.lt\",\"url\":\"https:\/\/skaitytaknyga.lt\/\",\"logo\":{\"@type\":\"ImageObject\",\"inLanguage\":\"en-GB\",\"@id\":\"https:\/\/skaitytaknyga.lt\/#\/schema\/logo\/image\/\",\"url\":\"https:\/\/skaitytaknyga.lt\/wp-content\/uploads\/2024\/05\/cropped-cropped-cropped-02_00843_jt3bggkj1j3HLc7SyY6rEUpg.jpeg\",\"contentUrl\":\"https:\/\/skaitytaknyga.lt\/wp-content\/uploads\/2024\/05\/cropped-cropped-cropped-02_00843_jt3bggkj1j3HLc7SyY6rEUpg.jpeg\",\"width\":1600,\"height\":1600,\"caption\":\"skaitytaknyga.lt\"},\"image\":{\"@id\":\"https:\/\/skaitytaknyga.lt\/#\/schema\/logo\/image\/\"},\"sameAs\":[\"https:\/\/www.facebook.com\/skaitytaknyga\/\"]}]}<\/script>\n<!-- \/ Yoast SEO plugin. -->","yoast_head_json":{"title":"Mano meil\u0117s istorija","description":"Tina Turner \u2013 rokenrolo karalien\u0117 ir gyvoji legenda \u2013 atskleid\u017eia ties\u0105 apie savo svaiginam\u0105 karjer\u0105 ir sud\u0117ting\u0105 asmenin\u012f gyvenim\u0105. \u0160ioje","robots":{"index":"index","follow":"follow","max-snippet":"max-snippet:-1","max-image-preview":"max-image-preview:large","max-video-preview":"max-video-preview:-1"},"canonical":"https:\/\/skaitytaknyga.lt\/en\/produktas\/mano-meiles-istorija\/","og_locale":"en_GB","og_type":"article","og_title":"[:lt]Mano meil\u0117s istorija[:] - Skaitytaknyga","og_description":"Tina Turner \u2013 rokenrolo karalien\u0117 ir gyvoji legenda \u2013 atskleid\u017eia ties\u0105 apie savo svaiginam\u0105 karjer\u0105 ir sud\u0117ting\u0105 asmenin\u012f gyvenim\u0105. \u0160ioje","og_url":"https:\/\/skaitytaknyga.lt\/en\/produktas\/mano-meiles-istorija\/","og_site_name":"Skaitytaknyga","article_publisher":"https:\/\/www.facebook.com\/skaitytaknyga\/","article_modified_time":"2026-03-11T12:22:50+00:00","og_image":[{"width":400,"height":600,"url":"https:\/\/skaitytaknyga.lt\/wp-content\/uploads\/2025\/09\/Mano-meiles-istorija-1.webp","type":"image\/webp"}],"twitter_card":"summary_large_image","twitter_misc":{"Estimated reading time":"1 minute"},"schema":{"@context":"https:\/\/schema.org","@graph":[{"@type":"WebPage","@id":"https:\/\/skaitytaknyga.lt\/produktas\/mano-meiles-istorija\/","url":"https:\/\/skaitytaknyga.lt\/produktas\/mano-meiles-istorija\/","name":"Mano meil\u0117s istorija","isPartOf":{"@id":"https:\/\/skaitytaknyga.lt\/#website"},"primaryImageOfPage":{"@id":"https:\/\/skaitytaknyga.lt\/produktas\/mano-meiles-istorija\/#primaryimage"},"image":{"@id":"https:\/\/skaitytaknyga.lt\/produktas\/mano-meiles-istorija\/#primaryimage"},"thumbnailUrl":"https:\/\/skaitytaknyga.lt\/wp-content\/uploads\/2025\/09\/Mano-meiles-istorija-1.webp","datePublished":"2025-09-06T09:07:51+00:00","dateModified":"2026-03-11T12:22:50+00:00","description":"Tina Turner \u2013 rokenrolo karalien\u0117 ir gyvoji legenda \u2013 atskleid\u017eia ties\u0105 apie savo svaiginam\u0105 karjer\u0105 ir sud\u0117ting\u0105 asmenin\u012f gyvenim\u0105. \u0160ioje","breadcrumb":{"@id":"https:\/\/skaitytaknyga.lt\/produktas\/mano-meiles-istorija\/#breadcrumb"},"inLanguage":"en-GB","potentialAction":[{"@type":"ReadAction","target":["https:\/\/skaitytaknyga.lt\/produktas\/mano-meiles-istorija\/"]}]},{"@type":"ImageObject","inLanguage":"en-GB","@id":"https:\/\/skaitytaknyga.lt\/produktas\/mano-meiles-istorija\/#primaryimage","url":"https:\/\/skaitytaknyga.lt\/wp-content\/uploads\/2025\/09\/Mano-meiles-istorija-1.webp","contentUrl":"https:\/\/skaitytaknyga.lt\/wp-content\/uploads\/2025\/09\/Mano-meiles-istorija-1.webp","width":400,"height":600,"caption":"Tina Turner Mano meil\u0117s istorija (1)"},{"@type":"BreadcrumbList","@id":"https:\/\/skaitytaknyga.lt\/produktas\/mano-meiles-istorija\/#breadcrumb","itemListElement":[{"@type":"ListItem","position":1,"name":"Home","item":"https:\/\/skaitytaknyga.lt\/"},{"@type":"ListItem","position":2,"name":"Parduotuv\u0117","item":"https:\/\/skaitytaknyga.lt\/knygu-parduotuve\/"},{"@type":"ListItem","position":3,"name":"Mano meil\u0117s istorija"}]},{"@type":"WebSite","@id":"https:\/\/skaitytaknyga.lt\/#website","url":"https:\/\/skaitytaknyga.lt\/","name":"skaitytaknyga.lt","description":"Skaitytaknyga.lt \u2013 tai ma\u017eas \u0161eimos verslas, kuris prasid\u0117jo nuo meil\u0117s knygoms ir siekio i\u0161gelb\u0117ti knygas nuo likimo prie konteinerio. Kas vienam nereikalingas daiktas \u2013 kitam lobis, o mes esame tarpininkai, kurie padeda abiems tapti laimingesniems ???? \u017dinome kaip nelengva i\u0161gyventi ma\u017eiems verslams, tad nuo \u0161iol, \u010dia rasite ir kit\u0173, ma\u017e\u0173 \u0161eim\u0173 versl\u0173, rank\u0173 darbo, dovan\u0173 sau ir artimiesiems.","publisher":{"@id":"https:\/\/skaitytaknyga.lt\/#organization"},"potentialAction":[{"@type":"SearchAction","target":{"@type":"EntryPoint","urlTemplate":"https:\/\/skaitytaknyga.lt\/?s={search_term_string}"},"query-input":{"@type":"PropertyValueSpecification","valueRequired":true,"valueName":"search_term_string"}}],"inLanguage":"en-GB"},{"@type":"Organization","@id":"https:\/\/skaitytaknyga.lt\/#organization","name":"skaitytaknyga.lt","url":"https:\/\/skaitytaknyga.lt\/","logo":{"@type":"ImageObject","inLanguage":"en-GB","@id":"https:\/\/skaitytaknyga.lt\/#\/schema\/logo\/image\/","url":"https:\/\/skaitytaknyga.lt\/wp-content\/uploads\/2024\/05\/cropped-cropped-cropped-02_00843_jt3bggkj1j3HLc7SyY6rEUpg.jpeg","contentUrl":"https:\/\/skaitytaknyga.lt\/wp-content\/uploads\/2024\/05\/cropped-cropped-cropped-02_00843_jt3bggkj1j3HLc7SyY6rEUpg.jpeg","width":1600,"height":1600,"caption":"skaitytaknyga.lt"},"image":{"@id":"https:\/\/skaitytaknyga.lt\/#\/schema\/logo\/image\/"},"sameAs":["https:\/\/www.facebook.com\/skaitytaknyga\/"]}]}},"_links":{"self":[{"href":"https:\/\/skaitytaknyga.lt\/en\/wp-json\/wp\/v2\/product\/20693","targetHints":{"allow":["GET"]}}],"collection":[{"href":"https:\/\/skaitytaknyga.lt\/en\/wp-json\/wp\/v2\/product"}],"about":[{"href":"https:\/\/skaitytaknyga.lt\/en\/wp-json\/wp\/v2\/types\/product"}],"replies":[{"embeddable":true,"href":"https:\/\/skaitytaknyga.lt\/en\/wp-json\/wp\/v2\/comments?post=20693"}],"wp:featuredmedia":[{"embeddable":true,"href":"https:\/\/skaitytaknyga.lt\/en\/wp-json\/wp\/v2\/media\/20705"}],"wp:attachment":[{"href":"https:\/\/skaitytaknyga.lt\/en\/wp-json\/wp\/v2\/media?parent=20693"}],"wp:term":[{"taxonomy":"product_brand","embeddable":true,"href":"https:\/\/skaitytaknyga.lt\/en\/wp-json\/wp\/v2\/product_brand?post=20693"},{"taxonomy":"product_cat","embeddable":true,"href":"https:\/\/skaitytaknyga.lt\/en\/wp-json\/wp\/v2\/product_cat?post=20693"},{"taxonomy":"product_tag","embeddable":true,"href":"https:\/\/skaitytaknyga.lt\/en\/wp-json\/wp\/v2\/product_tag?post=20693"}],"curies":[{"name":"wp","href":"https:\/\/api.w.org\/{rel}","templated":true}]}}