{"id":20690,"date":"2025-09-06T11:15:05","date_gmt":"2025-09-06T08:15:05","guid":{"rendered":"https:\/\/skaitytaknyga.lt\/?post_type=product&#038;p=20690"},"modified":"2025-09-27T18:57:35","modified_gmt":"2025-09-27T15:57:35","slug":"iskaudinta-meile-skyrybos-isgyventi-ir-kilti","status":"publish","type":"product","link":"https:\/\/skaitytaknyga.lt\/en\/produktas\/iskaudinta-meile-skyrybos-isgyventi-ir-kilti\/","title":{"rendered":"\u012eskaudinta meil\u0117. Skyrybos: i\u0161gyventi ir kilti"},"content":{"rendered":"<p>Knygos sudarytoja Elvyra Ku\u010dinskait\u0117 \u2013 viena i\u0161 I\u0161siskyrusi\u0173j\u0173 sielovados (dabar \u0160eimos krizi\u0173 ir saviugdos) centro \u201eBendrakeleiviai&#8221; steig\u0117j\u0173, nuo pat prad\u017ei\u0173 iki dabar \u2013 jo vadov\u0117, 15 m. lydinti i\u0161\u0117jimo i\u0161 skyryb\u0173 kriz\u0117s grupes; saviugdos, k\u016brybini\u0173 program\u0173 bei mokym\u0173 autor\u0117 ir ved\u0117ja. \u017durnalist\u0117, eseist\u0117, daugelio straipsni\u0173 bei pokalbi\u0173 spaudoje autor\u0117. Yra i\u0161leidusi kelet\u0105 savo poetini\u0173 tekst\u0173 knyg\u0173.<\/p>\n<p>Knygoje \u201e\u012eskaudinta meil\u0117. Skyrybos: i\u0161gyventi ir kilti\u201c \u012fvairius skyryb\u0173 aspektus komentuoja psichologai, dvasininkai, \u0161eimos teis\u0117s specialistas.<br \/>\nPateikiami pokalbiai su skyrybas i\u0161gyvenusiais \u017emon\u0117mis, j\u0173 patirtys.<\/p>\n<p>Nors \u0161ioje knygoje ra\u0161oma apie vien\u0105 did\u017eiausi\u0173 m\u016bs\u0173 gyvenimo netek\u010di\u0173 \u2013 \u0161eimos gri\u016bt\u012f, \u2013 ji n\u0117ra apie tai, kas gri\u016bva, o apie tai, k\u0105 ir kaip galima atkurti; ne apie tai, kaip klystama, o apie tai, kaip galima i\u0161silaisvinti i\u0161 kalt\u0117s ir pasmerkimo svorio; ne apie pykt\u012f ir li\u016bdes\u012f, o apie tai, kaip galima v\u0117l i\u0161mokti juoktis ir d\u017eiaugtis; ne apie tai, kaip sunku b\u016bti atmestiems ar i\u0161duotiems, o apie tai, kaip neprarasti tik\u0117jimo savimi ir kitais; ne apie neatitaisomus praradimus, o apie nebeprarandamus sav\u0119s ir pasaulio atradimus.<\/p>\n<p>Jei esate k\u0105 tik i\u0161tikti skyryb\u0173, veikiausiai \u0161ie \u017eod\u017eiai j\u016bs\u0173 ne\u012ftikins. Ta\u010diau jei vis d\u0117lto nutar\u0117te knyg\u0105 perskaityti, jau \u017eeng\u0117te \u017eingsn\u012f ten, kur yra daugiau ramyb\u0117s nei baim\u0117s, pasitik\u0117jimo nei \u012ftarumo, stipryb\u0117s nei apleistumo&#8230;<\/p>\n","protected":false},"excerpt":{"rendered":"<p>Knygos sudarytoja Elvyra Ku\u010dinskait\u0117 \u2013 viena i\u0161 I\u0161siskyrusi\u0173j\u0173 sielovados (dabar \u0160eimos krizi\u0173 ir saviugdos) centro \u201eBendrakeleiviai&#8221; steig\u0117j\u0173, nuo pat prad\u017ei\u0173 iki dabar \u2013 jo vadov\u0117, 15 m. lydinti i\u0161\u0117jimo i\u0161 skyryb\u0173 kriz\u0117s grupes; saviugdos, k\u016brybini\u0173 program\u0173 bei mokym\u0173 autor\u0117 ir ved\u0117ja. \u017durnalist\u0117, eseist\u0117, daugelio straipsni\u0173 bei pokalbi\u0173 spaudoje autor\u0117. Yra i\u0161leidusi kelet\u0105 savo poetini\u0173 tekst\u0173 knyg\u0173. Knygoje \u201e\u012eskaudinta meil\u0117. Skyrybos: i\u0161gyventi ir kilti\u201c \u012fvairius skyryb\u0173 aspektus komentuoja psichologai, dvasininkai, \u0161eimos teis\u0117s specialistas. Pateikiami pokalbiai su skyrybas i\u0161gyvenusiais \u017emon\u0117mis, j\u0173 patirtys. Nors \u0161ioje knygoje ra\u0161oma apie vien\u0105 did\u017eiausi\u0173 m\u016bs\u0173 gyvenimo netek\u010di\u0173 \u2013 \u0161eimos gri\u016bt\u012f, \u2013 ji n\u0117ra apie tai, kas gri\u016bva, o apie tai, k\u0105 ir kaip galima atkurti; ne apie tai, kaip klystama, o apie tai, kaip galima i\u0161silaisvinti i\u0161 kalt\u0117s ir pasmerkimo svorio; ne apie pykt\u012f ir li\u016bdes\u012f, o apie tai, kaip galima v\u0117l i\u0161mokti juoktis ir d\u017eiaugtis; ne apie tai, kaip sunku b\u016bti atmestiems ar i\u0161duotiems, o apie tai, kaip neprarasti tik\u0117jimo savimi ir kitais; ne apie neatitaisomus praradimus, o apie nebeprarandamus sav\u0119s ir pasaulio atradimus. Jei esate k\u0105 tik i\u0161tikti skyryb\u0173, veikiausiai \u0161ie \u017eod\u017eiai j\u016bs\u0173 ne\u012ftikins. Ta\u010diau jei vis d\u0117lto nutar\u0117te knyg\u0105 perskaityti, jau \u017eeng\u0117te \u017eingsn\u012f ten, kur yra daugiau ramyb\u0117s nei baim\u0117s, pasitik\u0117jimo nei \u012ftarumo, stipryb\u0117s nei apleistumo&#8230;<\/p>\n","protected":false},"featured_media":20691,"comment_status":"open","ping_status":"closed","template":"","meta":{"_acf_changed":false,"site-sidebar-layout":"default","site-content-layout":"","ast-site-content-layout":"default","site-content-style":"default","site-sidebar-style":"default","ast-global-header-display":"","ast-banner-title-visibility":"","ast-main-header-display":"","ast-hfb-above-header-display":"","ast-hfb-below-header-display":"","ast-hfb-mobile-header-display":"","site-post-title":"","ast-breadcrumbs-content":"","ast-featured-img":"","footer-sml-layout":"","ast-disable-related-posts":"","theme-transparent-header-meta":"","adv-header-id-meta":"","stick-header-meta":"","header-above-stick-meta":"","header-main-stick-meta":"","header-below-stick-meta":"","astra-migrate-meta-layouts":"default","ast-page-background-enabled":"default","ast-page-background-meta":{"desktop":{"background-color":"","background-image":"","background-repeat":"repeat","background-position":"center center","background-size":"auto","background-attachment":"scroll","background-type":"","background-media":"","overlay-type":"","overlay-color":"","overlay-opacity":"","overlay-gradient":""},"tablet":{"background-color":"","background-image":"","background-repeat":"repeat","background-position":"center center","background-size":"auto","background-attachment":"scroll","background-type":"","background-media":"","overlay-type":"","overlay-color":"","overlay-opacity":"","overlay-gradient":""},"mobile":{"background-color":"","background-image":"","background-repeat":"repeat","background-position":"center center","background-size":"auto","background-attachment":"scroll","background-type":"","background-media":"","overlay-type":"","overlay-color":"","overlay-opacity":"","overlay-gradient":""}},"ast-content-background-meta":{"desktop":{"background-color":"var(--ast-global-color-4)","background-image":"","background-repeat":"repeat","background-position":"center center","background-size":"auto","background-attachment":"scroll","background-type":"","background-media":"","overlay-type":"","overlay-color":"","overlay-opacity":"","overlay-gradient":""},"tablet":{"background-color":"var(--ast-global-color-4)","background-image":"","background-repeat":"repeat","background-position":"center center","background-size":"auto","background-attachment":"scroll","background-type":"","background-media":"","overlay-type":"","overlay-color":"","overlay-opacity":"","overlay-gradient":""},"mobile":{"background-color":"var(--ast-global-color-4)","background-image":"","background-repeat":"repeat","background-position":"center center","background-size":"auto","background-attachment":"scroll","background-type":"","background-media":"","overlay-type":"","overlay-color":"","overlay-opacity":"","overlay-gradient":""}}},"product_brand":[],"product_cat":[30],"product_tag":[7675,7674,1392,1417,1396,3070],"class_list":{"0":"post-20690","1":"product","2":"type-product","3":"status-publish","4":"has-post-thumbnail","6":"product_cat-psichologija-ir-saviugda","7":"product_tag-elvyra-kucinskaite","8":"product_tag-gyvenimo-krizes","9":"product_tag-psichologija","10":"product_tag-santykiai","11":"product_tag-saviugda","12":"product_tag-skyrybos","13":"desktop-align-left","14":"tablet-align-left","15":"mobile-align-left","17":"first","18":"outofstock","19":"shipping-taxable","20":"purchasable","21":"product-type-simple"},"acf":[],"yoast_head":"<!-- This site is optimized with the Yoast SEO plugin v27.0 - https:\/\/yoast.com\/product\/yoast-seo-wordpress\/ -->\n<title>\u012eskaudinta meil\u0117. Skyrybos: i\u0161gyventi ir kilti<\/title>\n<meta name=\"description\" content=\"Knygos sudarytoja Elvyra Ku\u010dinskait\u0117 \u2013 viena i\u0161 I\u0161siskyrusi\u0173j\u0173 sielovados (dabar \u0160eimos krizi\u0173 ir saviugdos) centro \u201eBendrakeleiviai&quot; steig\u0117j\u0173, nuo pat\" \/>\n<meta name=\"robots\" content=\"index, follow, max-snippet:-1, max-image-preview:large, max-video-preview:-1\" \/>\n<link rel=\"canonical\" href=\"https:\/\/skaitytaknyga.lt\/en\/produktas\/iskaudinta-meile-skyrybos-isgyventi-ir-kilti\/\" \/>\n<meta property=\"og:locale\" content=\"en_GB\" \/>\n<meta property=\"og:locale:alternate\" content=\"lt_LT\" \/>\n<meta property=\"og:type\" content=\"article\" \/>\n<meta property=\"og:title\" content=\"\u012eskaudinta meil\u0117. Skyrybos: i\u0161gyventi ir kilti\" \/>\n<meta property=\"og:description\" content=\"Knygos sudarytoja Elvyra Ku\u010dinskait\u0117 \u2013 viena i\u0161 I\u0161siskyrusi\u0173j\u0173 sielovados (dabar \u0160eimos krizi\u0173 ir saviugdos) centro \u201eBendrakeleiviai&quot; steig\u0117j\u0173, nuo pat\" \/>\n<meta property=\"og:url\" content=\"https:\/\/skaitytaknyga.lt\/en\/produktas\/iskaudinta-meile-skyrybos-isgyventi-ir-kilti\/\" \/>\n<meta property=\"og:site_name\" content=\"Skaitytaknyga\" \/>\n<meta property=\"article:publisher\" content=\"https:\/\/www.facebook.com\/skaitytaknyga\/\" \/>\n<meta property=\"article:modified_time\" content=\"2025-09-27T15:57:35+00:00\" \/>\n<meta property=\"og:image\" content=\"https:\/\/skaitytaknyga.lt\/wp-content\/uploads\/2025\/09\/Iskaudinta-meile.-Skyrybos-isgyventi-ir-kilti-1.webp\" \/>\n\t<meta property=\"og:image:width\" content=\"300\" \/>\n\t<meta property=\"og:image:height\" content=\"450\" \/>\n\t<meta property=\"og:image:type\" content=\"image\/webp\" \/>\n<meta name=\"twitter:card\" content=\"summary_large_image\" \/>\n<meta name=\"twitter:label1\" content=\"Estimated reading time\" \/>\n\t<meta name=\"twitter:data1\" content=\"1 minute\" \/>\n<script type=\"application\/ld+json\" class=\"yoast-schema-graph\">{\"@context\":\"https:\/\/schema.org\",\"@graph\":[{\"@type\":\"WebPage\",\"@id\":\"https:\/\/skaitytaknyga.lt\/produktas\/iskaudinta-meile-skyrybos-isgyventi-ir-kilti\/\",\"url\":\"https:\/\/skaitytaknyga.lt\/produktas\/iskaudinta-meile-skyrybos-isgyventi-ir-kilti\/\",\"name\":\"\u012eskaudinta meil\u0117. Skyrybos: i\u0161gyventi ir kilti\",\"isPartOf\":{\"@id\":\"https:\/\/skaitytaknyga.lt\/#website\"},\"primaryImageOfPage\":{\"@id\":\"https:\/\/skaitytaknyga.lt\/produktas\/iskaudinta-meile-skyrybos-isgyventi-ir-kilti\/#primaryimage\"},\"image\":{\"@id\":\"https:\/\/skaitytaknyga.lt\/produktas\/iskaudinta-meile-skyrybos-isgyventi-ir-kilti\/#primaryimage\"},\"thumbnailUrl\":\"https:\/\/skaitytaknyga.lt\/wp-content\/uploads\/2025\/09\/Iskaudinta-meile.-Skyrybos-isgyventi-ir-kilti-1.webp\",\"datePublished\":\"2025-09-06T08:15:05+00:00\",\"dateModified\":\"2025-09-27T15:57:35+00:00\",\"description\":\"Knygos sudarytoja Elvyra Ku\u010dinskait\u0117 \u2013 viena i\u0161 I\u0161siskyrusi\u0173j\u0173 sielovados (dabar \u0160eimos krizi\u0173 ir saviugdos) centro \u201eBendrakeleiviai\\\" steig\u0117j\u0173, nuo pat\",\"breadcrumb\":{\"@id\":\"https:\/\/skaitytaknyga.lt\/produktas\/iskaudinta-meile-skyrybos-isgyventi-ir-kilti\/#breadcrumb\"},\"inLanguage\":\"en-GB\",\"potentialAction\":[{\"@type\":\"ReadAction\",\"target\":[\"https:\/\/skaitytaknyga.lt\/produktas\/iskaudinta-meile-skyrybos-isgyventi-ir-kilti\/\"]}]},{\"@type\":\"ImageObject\",\"inLanguage\":\"en-GB\",\"@id\":\"https:\/\/skaitytaknyga.lt\/produktas\/iskaudinta-meile-skyrybos-isgyventi-ir-kilti\/#primaryimage\",\"url\":\"https:\/\/skaitytaknyga.lt\/wp-content\/uploads\/2025\/09\/Iskaudinta-meile.-Skyrybos-isgyventi-ir-kilti-1.webp\",\"contentUrl\":\"https:\/\/skaitytaknyga.lt\/wp-content\/uploads\/2025\/09\/Iskaudinta-meile.-Skyrybos-isgyventi-ir-kilti-1.webp\",\"width\":300,\"height\":450,\"caption\":\"\u012eskaudinta meil\u0117. Skyrybos: i\u0161gyventi ir kilti\"},{\"@type\":\"BreadcrumbList\",\"@id\":\"https:\/\/skaitytaknyga.lt\/produktas\/iskaudinta-meile-skyrybos-isgyventi-ir-kilti\/#breadcrumb\",\"itemListElement\":[{\"@type\":\"ListItem\",\"position\":1,\"name\":\"Home\",\"item\":\"https:\/\/skaitytaknyga.lt\/\"},{\"@type\":\"ListItem\",\"position\":2,\"name\":\"Parduotuv\u0117\",\"item\":\"https:\/\/skaitytaknyga.lt\/knygu-parduotuve\/\"},{\"@type\":\"ListItem\",\"position\":3,\"name\":\"\u012eskaudinta meil\u0117. Skyrybos: i\u0161gyventi ir kilti\"}]},{\"@type\":\"WebSite\",\"@id\":\"https:\/\/skaitytaknyga.lt\/#website\",\"url\":\"https:\/\/skaitytaknyga.lt\/\",\"name\":\"skaitytaknyga.lt\",\"description\":\"Skaitytaknyga.lt \u2013 tai ma\u017eas \u0161eimos verslas, kuris prasid\u0117jo nuo meil\u0117s knygoms ir siekio i\u0161gelb\u0117ti knygas nuo likimo prie konteinerio. Kas vienam nereikalingas daiktas \u2013 kitam lobis, o mes esame tarpininkai, kurie padeda abiems tapti laimingesniems ???? \u017dinome kaip nelengva i\u0161gyventi ma\u017eiems verslams, tad nuo \u0161iol, \u010dia rasite ir kit\u0173, ma\u017e\u0173 \u0161eim\u0173 versl\u0173, rank\u0173 darbo, dovan\u0173 sau ir artimiesiems.\",\"publisher\":{\"@id\":\"https:\/\/skaitytaknyga.lt\/#organization\"},\"potentialAction\":[{\"@type\":\"SearchAction\",\"target\":{\"@type\":\"EntryPoint\",\"urlTemplate\":\"https:\/\/skaitytaknyga.lt\/?s={search_term_string}\"},\"query-input\":{\"@type\":\"PropertyValueSpecification\",\"valueRequired\":true,\"valueName\":\"search_term_string\"}}],\"inLanguage\":\"en-GB\"},{\"@type\":\"Organization\",\"@id\":\"https:\/\/skaitytaknyga.lt\/#organization\",\"name\":\"skaitytaknyga.lt\",\"url\":\"https:\/\/skaitytaknyga.lt\/\",\"logo\":{\"@type\":\"ImageObject\",\"inLanguage\":\"en-GB\",\"@id\":\"https:\/\/skaitytaknyga.lt\/#\/schema\/logo\/image\/\",\"url\":\"https:\/\/skaitytaknyga.lt\/wp-content\/uploads\/2024\/05\/cropped-cropped-cropped-02_00843_jt3bggkj1j3HLc7SyY6rEUpg.jpeg\",\"contentUrl\":\"https:\/\/skaitytaknyga.lt\/wp-content\/uploads\/2024\/05\/cropped-cropped-cropped-02_00843_jt3bggkj1j3HLc7SyY6rEUpg.jpeg\",\"width\":1600,\"height\":1600,\"caption\":\"skaitytaknyga.lt\"},\"image\":{\"@id\":\"https:\/\/skaitytaknyga.lt\/#\/schema\/logo\/image\/\"},\"sameAs\":[\"https:\/\/www.facebook.com\/skaitytaknyga\/\"]}]}<\/script>\n<!-- \/ Yoast SEO plugin. -->","yoast_head_json":{"title":"\u012eskaudinta meil\u0117. Skyrybos: i\u0161gyventi ir kilti","description":"Knygos sudarytoja Elvyra Ku\u010dinskait\u0117 \u2013 viena i\u0161 I\u0161siskyrusi\u0173j\u0173 sielovados (dabar \u0160eimos krizi\u0173 ir saviugdos) centro \u201eBendrakeleiviai\" steig\u0117j\u0173, nuo pat","robots":{"index":"index","follow":"follow","max-snippet":"max-snippet:-1","max-image-preview":"max-image-preview:large","max-video-preview":"max-video-preview:-1"},"canonical":"https:\/\/skaitytaknyga.lt\/en\/produktas\/iskaudinta-meile-skyrybos-isgyventi-ir-kilti\/","og_locale":"en_GB","og_type":"article","og_title":"[:lt]\u012eskaudinta meil\u0117. Skyrybos: i\u0161gyventi ir kilti[:] - Skaitytaknyga","og_description":"Knygos sudarytoja Elvyra Ku\u010dinskait\u0117 \u2013 viena i\u0161 I\u0161siskyrusi\u0173j\u0173 sielovados (dabar \u0160eimos krizi\u0173 ir saviugdos) centro \u201eBendrakeleiviai\" steig\u0117j\u0173, nuo pat","og_url":"https:\/\/skaitytaknyga.lt\/en\/produktas\/iskaudinta-meile-skyrybos-isgyventi-ir-kilti\/","og_site_name":"Skaitytaknyga","article_publisher":"https:\/\/www.facebook.com\/skaitytaknyga\/","article_modified_time":"2025-09-27T15:57:35+00:00","og_image":[{"width":300,"height":450,"url":"https:\/\/skaitytaknyga.lt\/wp-content\/uploads\/2025\/09\/Iskaudinta-meile.-Skyrybos-isgyventi-ir-kilti-1.webp","type":"image\/webp"}],"twitter_card":"summary_large_image","twitter_misc":{"Estimated reading time":"1 minute"},"schema":{"@context":"https:\/\/schema.org","@graph":[{"@type":"WebPage","@id":"https:\/\/skaitytaknyga.lt\/produktas\/iskaudinta-meile-skyrybos-isgyventi-ir-kilti\/","url":"https:\/\/skaitytaknyga.lt\/produktas\/iskaudinta-meile-skyrybos-isgyventi-ir-kilti\/","name":"\u012eskaudinta meil\u0117. Skyrybos: i\u0161gyventi ir kilti","isPartOf":{"@id":"https:\/\/skaitytaknyga.lt\/#website"},"primaryImageOfPage":{"@id":"https:\/\/skaitytaknyga.lt\/produktas\/iskaudinta-meile-skyrybos-isgyventi-ir-kilti\/#primaryimage"},"image":{"@id":"https:\/\/skaitytaknyga.lt\/produktas\/iskaudinta-meile-skyrybos-isgyventi-ir-kilti\/#primaryimage"},"thumbnailUrl":"https:\/\/skaitytaknyga.lt\/wp-content\/uploads\/2025\/09\/Iskaudinta-meile.-Skyrybos-isgyventi-ir-kilti-1.webp","datePublished":"2025-09-06T08:15:05+00:00","dateModified":"2025-09-27T15:57:35+00:00","description":"Knygos sudarytoja Elvyra Ku\u010dinskait\u0117 \u2013 viena i\u0161 I\u0161siskyrusi\u0173j\u0173 sielovados (dabar \u0160eimos krizi\u0173 ir saviugdos) centro \u201eBendrakeleiviai\" steig\u0117j\u0173, nuo pat","breadcrumb":{"@id":"https:\/\/skaitytaknyga.lt\/produktas\/iskaudinta-meile-skyrybos-isgyventi-ir-kilti\/#breadcrumb"},"inLanguage":"en-GB","potentialAction":[{"@type":"ReadAction","target":["https:\/\/skaitytaknyga.lt\/produktas\/iskaudinta-meile-skyrybos-isgyventi-ir-kilti\/"]}]},{"@type":"ImageObject","inLanguage":"en-GB","@id":"https:\/\/skaitytaknyga.lt\/produktas\/iskaudinta-meile-skyrybos-isgyventi-ir-kilti\/#primaryimage","url":"https:\/\/skaitytaknyga.lt\/wp-content\/uploads\/2025\/09\/Iskaudinta-meile.-Skyrybos-isgyventi-ir-kilti-1.webp","contentUrl":"https:\/\/skaitytaknyga.lt\/wp-content\/uploads\/2025\/09\/Iskaudinta-meile.-Skyrybos-isgyventi-ir-kilti-1.webp","width":300,"height":450,"caption":"\u012eskaudinta meil\u0117. Skyrybos: i\u0161gyventi ir kilti"},{"@type":"BreadcrumbList","@id":"https:\/\/skaitytaknyga.lt\/produktas\/iskaudinta-meile-skyrybos-isgyventi-ir-kilti\/#breadcrumb","itemListElement":[{"@type":"ListItem","position":1,"name":"Home","item":"https:\/\/skaitytaknyga.lt\/"},{"@type":"ListItem","position":2,"name":"Parduotuv\u0117","item":"https:\/\/skaitytaknyga.lt\/knygu-parduotuve\/"},{"@type":"ListItem","position":3,"name":"\u012eskaudinta meil\u0117. Skyrybos: i\u0161gyventi ir kilti"}]},{"@type":"WebSite","@id":"https:\/\/skaitytaknyga.lt\/#website","url":"https:\/\/skaitytaknyga.lt\/","name":"skaitytaknyga.lt","description":"Skaitytaknyga.lt \u2013 tai ma\u017eas \u0161eimos verslas, kuris prasid\u0117jo nuo meil\u0117s knygoms ir siekio i\u0161gelb\u0117ti knygas nuo likimo prie konteinerio. Kas vienam nereikalingas daiktas \u2013 kitam lobis, o mes esame tarpininkai, kurie padeda abiems tapti laimingesniems ???? \u017dinome kaip nelengva i\u0161gyventi ma\u017eiems verslams, tad nuo \u0161iol, \u010dia rasite ir kit\u0173, ma\u017e\u0173 \u0161eim\u0173 versl\u0173, rank\u0173 darbo, dovan\u0173 sau ir artimiesiems.","publisher":{"@id":"https:\/\/skaitytaknyga.lt\/#organization"},"potentialAction":[{"@type":"SearchAction","target":{"@type":"EntryPoint","urlTemplate":"https:\/\/skaitytaknyga.lt\/?s={search_term_string}"},"query-input":{"@type":"PropertyValueSpecification","valueRequired":true,"valueName":"search_term_string"}}],"inLanguage":"en-GB"},{"@type":"Organization","@id":"https:\/\/skaitytaknyga.lt\/#organization","name":"skaitytaknyga.lt","url":"https:\/\/skaitytaknyga.lt\/","logo":{"@type":"ImageObject","inLanguage":"en-GB","@id":"https:\/\/skaitytaknyga.lt\/#\/schema\/logo\/image\/","url":"https:\/\/skaitytaknyga.lt\/wp-content\/uploads\/2024\/05\/cropped-cropped-cropped-02_00843_jt3bggkj1j3HLc7SyY6rEUpg.jpeg","contentUrl":"https:\/\/skaitytaknyga.lt\/wp-content\/uploads\/2024\/05\/cropped-cropped-cropped-02_00843_jt3bggkj1j3HLc7SyY6rEUpg.jpeg","width":1600,"height":1600,"caption":"skaitytaknyga.lt"},"image":{"@id":"https:\/\/skaitytaknyga.lt\/#\/schema\/logo\/image\/"},"sameAs":["https:\/\/www.facebook.com\/skaitytaknyga\/"]}]}},"_links":{"self":[{"href":"https:\/\/skaitytaknyga.lt\/en\/wp-json\/wp\/v2\/product\/20690","targetHints":{"allow":["GET"]}}],"collection":[{"href":"https:\/\/skaitytaknyga.lt\/en\/wp-json\/wp\/v2\/product"}],"about":[{"href":"https:\/\/skaitytaknyga.lt\/en\/wp-json\/wp\/v2\/types\/product"}],"replies":[{"embeddable":true,"href":"https:\/\/skaitytaknyga.lt\/en\/wp-json\/wp\/v2\/comments?post=20690"}],"wp:featuredmedia":[{"embeddable":true,"href":"https:\/\/skaitytaknyga.lt\/en\/wp-json\/wp\/v2\/media\/20691"}],"wp:attachment":[{"href":"https:\/\/skaitytaknyga.lt\/en\/wp-json\/wp\/v2\/media?parent=20690"}],"wp:term":[{"taxonomy":"product_brand","embeddable":true,"href":"https:\/\/skaitytaknyga.lt\/en\/wp-json\/wp\/v2\/product_brand?post=20690"},{"taxonomy":"product_cat","embeddable":true,"href":"https:\/\/skaitytaknyga.lt\/en\/wp-json\/wp\/v2\/product_cat?post=20690"},{"taxonomy":"product_tag","embeddable":true,"href":"https:\/\/skaitytaknyga.lt\/en\/wp-json\/wp\/v2\/product_tag?post=20690"}],"curies":[{"name":"wp","href":"https:\/\/api.w.org\/{rel}","templated":true}]}}