{"id":20682,"date":"2025-09-05T10:40:32","date_gmt":"2025-09-05T07:40:32","guid":{"rendered":"https:\/\/skaitytaknyga.lt\/?post_type=product&#038;p=20682"},"modified":"2026-03-05T13:03:26","modified_gmt":"2026-03-05T11:03:26","slug":"levandu-sodas","status":"publish","type":"product","link":"https:\/\/skaitytaknyga.lt\/en\/produktas\/levandu-sodas\/","title":{"rendered":"Levand\u0173 sodas"},"content":{"rendered":"<p>Kadaise garsi ir turtinga pranc\u016bz\u0173 aristokrat\u0173 gimin\u0117, legendin\u0117 pilis ir ilgai saugotos paslaptys. Dvi gimin\u0117s at\u0161akos \u2013 Pranc\u016bzijoje ir Anglijoje, besibla\u0161kan\u010dios tarp pareigos ir aistros. Ir vienintel\u0117 palikuon\u0117, kuriai teks pakelti netik\u0117tai u\u017egriuvusi\u0105 atsakomyb\u0117s ir paslap\u010di\u0173 na\u0161t\u0105.<\/p>\n<p>Mirus Emilijos de la Martinjer motinai, prie\u0161 dukros akis ima skleistis sud\u0117tinga ir tragi\u0161ka \u0161eimos istorija, vedanti \u012f Antrojo pasaulinio karo laik\u0173 Pary\u017ei\u0173, kur Emilijos teta ir t\u0117vas rizikavo gyvybe, prisijung\u0119 prie Pasiprie\u0161inimo jud\u0117jimo. Ta\u010diau kas tuomet atsitiko ir kod\u0117l apie tai paskutin\u0117 gimin\u0117s moteris su\u017eino tik dabar, kai n\u0117 vieno i\u0161 liudinink\u0173 neb\u0117ra gyv\u0173?<\/p>\n<p>Lucinda Riley (Liusinda Raili) \u2013 brit\u0173 \u017eurnalist\u0117, ra\u0161ytoja. Baigusi aktor\u0117s karjer\u0105, ji atsid\u0117jo ra\u0161ymui ir sulauk\u0117 s\u0117km\u0117s: jos romanas \u201eOrchid\u0117j\u0173 namai\u201c i\u0161 karto u\u017ekariavo viso pasaulio skaitytoj\u0173 \u0161irdis. \u201eLevand\u0173 sodas\u201d \u2013 jaudinama \u0161eimos istorija, n\u0117 kiek nenusileid\u017eianti \u201eOrchid\u0117j\u0173 namams\u201d. \u0160is psichologinis jausm\u0173 romanas nukelia skaitytoj\u0105 i\u0161 saul\u0117to Provanso \u012f dvar\u0105 Jork\u0161yre, i\u0161 dabarties \u012f Antrojo pasaulinio karo metus. Tai intriguojanti dviej\u0173 gimin\u0117s at\u0161ak\u0173 istorija apie meil\u0119, pavoj\u0173, kar\u0105. Ir apie praeit\u012f, kuri niekur nedingsta, bet atskleista kei\u010dia j\u0105 su\u017einojusi\u0173 gyvenimus.<\/p>\n","protected":false},"excerpt":{"rendered":"<p>Kadaise garsi ir turtinga pranc\u016bz\u0173 aristokrat\u0173 gimin\u0117, legendin\u0117 pilis ir ilgai saugotos paslaptys. Dvi gimin\u0117s at\u0161akos \u2013 Pranc\u016bzijoje ir Anglijoje, besibla\u0161kan\u010dios tarp pareigos ir aistros. Ir vienintel\u0117 palikuon\u0117, kuriai teks pakelti netik\u0117tai u\u017egriuvusi\u0105 atsakomyb\u0117s ir paslap\u010di\u0173 na\u0161t\u0105. Mirus Emilijos de la Martinjer motinai, prie\u0161 dukros akis ima skleistis sud\u0117tinga ir tragi\u0161ka \u0161eimos istorija, vedanti \u012f Antrojo pasaulinio karo laik\u0173 Pary\u017ei\u0173, kur Emilijos teta ir t\u0117vas rizikavo gyvybe, prisijung\u0119 prie Pasiprie\u0161inimo jud\u0117jimo. Ta\u010diau kas tuomet atsitiko ir kod\u0117l apie tai paskutin\u0117 gimin\u0117s moteris su\u017eino tik dabar, kai n\u0117 vieno i\u0161 liudinink\u0173 neb\u0117ra gyv\u0173? Lucinda Riley (Liusinda Raili) \u2013 brit\u0173 \u017eurnalist\u0117, ra\u0161ytoja. Baigusi aktor\u0117s karjer\u0105, ji atsid\u0117jo ra\u0161ymui ir sulauk\u0117 s\u0117km\u0117s: jos romanas \u201eOrchid\u0117j\u0173 namai\u201c i\u0161 karto u\u017ekariavo viso pasaulio skaitytoj\u0173 \u0161irdis. \u201eLevand\u0173 sodas\u201d \u2013 jaudinama \u0161eimos istorija, n\u0117 kiek nenusileid\u017eianti \u201eOrchid\u0117j\u0173 namams\u201d. \u0160is psichologinis jausm\u0173 romanas nukelia skaitytoj\u0105 i\u0161 saul\u0117to Provanso \u012f dvar\u0105 Jork\u0161yre, i\u0161 dabarties \u012f Antrojo pasaulinio karo metus. Tai intriguojanti dviej\u0173 gimin\u0117s at\u0161ak\u0173 istorija apie meil\u0119, pavoj\u0173, kar\u0105. Ir apie praeit\u012f, kuri niekur nedingsta, bet atskleista kei\u010dia j\u0105 su\u017einojusi\u0173 gyvenimus.<\/p>\n","protected":false},"featured_media":20687,"comment_status":"open","ping_status":"closed","template":"","meta":{"_acf_changed":false,"site-sidebar-layout":"default","site-content-layout":"","ast-site-content-layout":"default","site-content-style":"default","site-sidebar-style":"default","ast-global-header-display":"","ast-banner-title-visibility":"","ast-main-header-display":"","ast-hfb-above-header-display":"","ast-hfb-below-header-display":"","ast-hfb-mobile-header-display":"","site-post-title":"","ast-breadcrumbs-content":"","ast-featured-img":"","footer-sml-layout":"","ast-disable-related-posts":"","theme-transparent-header-meta":"","adv-header-id-meta":"","stick-header-meta":"","header-above-stick-meta":"","header-main-stick-meta":"","header-below-stick-meta":"","astra-migrate-meta-layouts":"default","ast-page-background-enabled":"default","ast-page-background-meta":{"desktop":{"background-color":"","background-image":"","background-repeat":"repeat","background-position":"center center","background-size":"auto","background-attachment":"scroll","background-type":"","background-media":"","overlay-type":"","overlay-color":"","overlay-opacity":"","overlay-gradient":""},"tablet":{"background-color":"","background-image":"","background-repeat":"repeat","background-position":"center center","background-size":"auto","background-attachment":"scroll","background-type":"","background-media":"","overlay-type":"","overlay-color":"","overlay-opacity":"","overlay-gradient":""},"mobile":{"background-color":"","background-image":"","background-repeat":"repeat","background-position":"center center","background-size":"auto","background-attachment":"scroll","background-type":"","background-media":"","overlay-type":"","overlay-color":"","overlay-opacity":"","overlay-gradient":""}},"ast-content-background-meta":{"desktop":{"background-color":"var(--ast-global-color-4)","background-image":"","background-repeat":"repeat","background-position":"center center","background-size":"auto","background-attachment":"scroll","background-type":"","background-media":"","overlay-type":"","overlay-color":"","overlay-opacity":"","overlay-gradient":""},"tablet":{"background-color":"var(--ast-global-color-4)","background-image":"","background-repeat":"repeat","background-position":"center center","background-size":"auto","background-attachment":"scroll","background-type":"","background-media":"","overlay-type":"","overlay-color":"","overlay-opacity":"","overlay-gradient":""},"mobile":{"background-color":"var(--ast-global-color-4)","background-image":"","background-repeat":"repeat","background-position":"center center","background-size":"auto","background-attachment":"scroll","background-type":"","background-media":"","overlay-type":"","overlay-color":"","overlay-opacity":"","overlay-gradient":""}}},"product_brand":[],"product_cat":[9618],"product_tag":[7671,2069,6604,1796,1745,2088],"class_list":{"0":"post-20682","1":"product","2":"type-product","3":"status-publish","4":"has-post-thumbnail","6":"product_cat-istoriniai-romanai","7":"product_tag-antrojo-pasaulinio-karo-laikai","8":"product_tag-istorinis-romanas","9":"product_tag-lucinda-riley","10":"product_tag-meile","11":"product_tag-romanas","12":"product_tag-seimos-paslaptys","13":"desktop-align-left","14":"tablet-align-left","15":"mobile-align-left","17":"first","18":"outofstock","19":"shipping-taxable","20":"purchasable","21":"product-type-simple"},"acf":[],"yoast_head":"<!-- This site is optimized with the Yoast SEO plugin v27.0 - https:\/\/yoast.com\/product\/yoast-seo-wordpress\/ -->\n<title>Levand\u0173 sodas<\/title>\n<meta name=\"description\" content=\"Kadaise garsi ir turtinga pranc\u016bz\u0173 aristokrat\u0173 gimin\u0117, legendin\u0117 pilis ir ilgai saugotos paslaptys. Dvi gimin\u0117s at\u0161akos \u2013 Pranc\u016bzijoje ir Anglijoje,\" \/>\n<meta name=\"robots\" content=\"index, follow, max-snippet:-1, max-image-preview:large, max-video-preview:-1\" \/>\n<link rel=\"canonical\" href=\"https:\/\/skaitytaknyga.lt\/en\/produktas\/levandu-sodas\/\" \/>\n<meta property=\"og:locale\" content=\"en_GB\" \/>\n<meta property=\"og:locale:alternate\" content=\"lt_LT\" \/>\n<meta property=\"og:type\" content=\"article\" \/>\n<meta property=\"og:title\" content=\"Levand\u0173 sodas\" \/>\n<meta property=\"og:description\" content=\"Kadaise garsi ir turtinga pranc\u016bz\u0173 aristokrat\u0173 gimin\u0117, legendin\u0117 pilis ir ilgai saugotos paslaptys. Dvi gimin\u0117s at\u0161akos \u2013 Pranc\u016bzijoje ir Anglijoje,\" \/>\n<meta property=\"og:url\" content=\"https:\/\/skaitytaknyga.lt\/en\/produktas\/levandu-sodas\/\" \/>\n<meta property=\"og:site_name\" content=\"Skaitytaknyga\" \/>\n<meta property=\"article:publisher\" content=\"https:\/\/www.facebook.com\/skaitytaknyga\/\" \/>\n<meta property=\"article:modified_time\" content=\"2026-03-05T11:03:26+00:00\" \/>\n<meta property=\"og:image\" content=\"https:\/\/skaitytaknyga.lt\/wp-content\/uploads\/2025\/09\/Levandu-sodas-1-e1757058377820.webp\" \/>\n\t<meta property=\"og:image:width\" content=\"281\" \/>\n\t<meta property=\"og:image:height\" content=\"437\" \/>\n\t<meta property=\"og:image:type\" content=\"image\/webp\" \/>\n<meta name=\"twitter:card\" content=\"summary_large_image\" \/>\n<meta name=\"twitter:label1\" content=\"Estimated reading time\" \/>\n\t<meta name=\"twitter:data1\" content=\"1 minute\" \/>\n<script type=\"application\/ld+json\" class=\"yoast-schema-graph\">{\"@context\":\"https:\/\/schema.org\",\"@graph\":[{\"@type\":\"WebPage\",\"@id\":\"https:\/\/skaitytaknyga.lt\/produktas\/levandu-sodas\/\",\"url\":\"https:\/\/skaitytaknyga.lt\/produktas\/levandu-sodas\/\",\"name\":\"Levand\u0173 sodas\",\"isPartOf\":{\"@id\":\"https:\/\/skaitytaknyga.lt\/#website\"},\"primaryImageOfPage\":{\"@id\":\"https:\/\/skaitytaknyga.lt\/produktas\/levandu-sodas\/#primaryimage\"},\"image\":{\"@id\":\"https:\/\/skaitytaknyga.lt\/produktas\/levandu-sodas\/#primaryimage\"},\"thumbnailUrl\":\"https:\/\/skaitytaknyga.lt\/wp-content\/uploads\/2025\/09\/Levandu-sodas-1-e1757058377820.webp\",\"datePublished\":\"2025-09-05T07:40:32+00:00\",\"dateModified\":\"2026-03-05T11:03:26+00:00\",\"description\":\"Kadaise garsi ir turtinga pranc\u016bz\u0173 aristokrat\u0173 gimin\u0117, legendin\u0117 pilis ir ilgai saugotos paslaptys. Dvi gimin\u0117s at\u0161akos \u2013 Pranc\u016bzijoje ir Anglijoje,\",\"breadcrumb\":{\"@id\":\"https:\/\/skaitytaknyga.lt\/produktas\/levandu-sodas\/#breadcrumb\"},\"inLanguage\":\"en-GB\",\"potentialAction\":[{\"@type\":\"ReadAction\",\"target\":[\"https:\/\/skaitytaknyga.lt\/produktas\/levandu-sodas\/\"]}]},{\"@type\":\"ImageObject\",\"inLanguage\":\"en-GB\",\"@id\":\"https:\/\/skaitytaknyga.lt\/produktas\/levandu-sodas\/#primaryimage\",\"url\":\"https:\/\/skaitytaknyga.lt\/wp-content\/uploads\/2025\/09\/Levandu-sodas-1-e1757058377820.webp\",\"contentUrl\":\"https:\/\/skaitytaknyga.lt\/wp-content\/uploads\/2025\/09\/Levandu-sodas-1-e1757058377820.webp\",\"width\":281,\"height\":437},{\"@type\":\"BreadcrumbList\",\"@id\":\"https:\/\/skaitytaknyga.lt\/produktas\/levandu-sodas\/#breadcrumb\",\"itemListElement\":[{\"@type\":\"ListItem\",\"position\":1,\"name\":\"Home\",\"item\":\"https:\/\/skaitytaknyga.lt\/\"},{\"@type\":\"ListItem\",\"position\":2,\"name\":\"Parduotuv\u0117\",\"item\":\"https:\/\/skaitytaknyga.lt\/knygu-parduotuve\/\"},{\"@type\":\"ListItem\",\"position\":3,\"name\":\"Levand\u0173 sodas\"}]},{\"@type\":\"WebSite\",\"@id\":\"https:\/\/skaitytaknyga.lt\/#website\",\"url\":\"https:\/\/skaitytaknyga.lt\/\",\"name\":\"skaitytaknyga.lt\",\"description\":\"Skaitytaknyga.lt \u2013 tai ma\u017eas \u0161eimos verslas, kuris prasid\u0117jo nuo meil\u0117s knygoms ir siekio i\u0161gelb\u0117ti knygas nuo likimo prie konteinerio. Kas vienam nereikalingas daiktas \u2013 kitam lobis, o mes esame tarpininkai, kurie padeda abiems tapti laimingesniems ???? \u017dinome kaip nelengva i\u0161gyventi ma\u017eiems verslams, tad nuo \u0161iol, \u010dia rasite ir kit\u0173, ma\u017e\u0173 \u0161eim\u0173 versl\u0173, rank\u0173 darbo, dovan\u0173 sau ir artimiesiems.\",\"publisher\":{\"@id\":\"https:\/\/skaitytaknyga.lt\/#organization\"},\"potentialAction\":[{\"@type\":\"SearchAction\",\"target\":{\"@type\":\"EntryPoint\",\"urlTemplate\":\"https:\/\/skaitytaknyga.lt\/?s={search_term_string}\"},\"query-input\":{\"@type\":\"PropertyValueSpecification\",\"valueRequired\":true,\"valueName\":\"search_term_string\"}}],\"inLanguage\":\"en-GB\"},{\"@type\":\"Organization\",\"@id\":\"https:\/\/skaitytaknyga.lt\/#organization\",\"name\":\"skaitytaknyga.lt\",\"url\":\"https:\/\/skaitytaknyga.lt\/\",\"logo\":{\"@type\":\"ImageObject\",\"inLanguage\":\"en-GB\",\"@id\":\"https:\/\/skaitytaknyga.lt\/#\/schema\/logo\/image\/\",\"url\":\"https:\/\/skaitytaknyga.lt\/wp-content\/uploads\/2024\/05\/cropped-cropped-cropped-02_00843_jt3bggkj1j3HLc7SyY6rEUpg.jpeg\",\"contentUrl\":\"https:\/\/skaitytaknyga.lt\/wp-content\/uploads\/2024\/05\/cropped-cropped-cropped-02_00843_jt3bggkj1j3HLc7SyY6rEUpg.jpeg\",\"width\":1600,\"height\":1600,\"caption\":\"skaitytaknyga.lt\"},\"image\":{\"@id\":\"https:\/\/skaitytaknyga.lt\/#\/schema\/logo\/image\/\"},\"sameAs\":[\"https:\/\/www.facebook.com\/skaitytaknyga\/\"]}]}<\/script>\n<!-- \/ Yoast SEO plugin. -->","yoast_head_json":{"title":"Levand\u0173 sodas","description":"Kadaise garsi ir turtinga pranc\u016bz\u0173 aristokrat\u0173 gimin\u0117, legendin\u0117 pilis ir ilgai saugotos paslaptys. Dvi gimin\u0117s at\u0161akos \u2013 Pranc\u016bzijoje ir Anglijoje,","robots":{"index":"index","follow":"follow","max-snippet":"max-snippet:-1","max-image-preview":"max-image-preview:large","max-video-preview":"max-video-preview:-1"},"canonical":"https:\/\/skaitytaknyga.lt\/en\/produktas\/levandu-sodas\/","og_locale":"en_GB","og_type":"article","og_title":"[:lt]Levand\u0173 sodas[:] - Skaitytaknyga","og_description":"Kadaise garsi ir turtinga pranc\u016bz\u0173 aristokrat\u0173 gimin\u0117, legendin\u0117 pilis ir ilgai saugotos paslaptys. Dvi gimin\u0117s at\u0161akos \u2013 Pranc\u016bzijoje ir Anglijoje,","og_url":"https:\/\/skaitytaknyga.lt\/en\/produktas\/levandu-sodas\/","og_site_name":"Skaitytaknyga","article_publisher":"https:\/\/www.facebook.com\/skaitytaknyga\/","article_modified_time":"2026-03-05T11:03:26+00:00","og_image":[{"width":281,"height":437,"url":"https:\/\/skaitytaknyga.lt\/wp-content\/uploads\/2025\/09\/Levandu-sodas-1-e1757058377820.webp","type":"image\/webp"}],"twitter_card":"summary_large_image","twitter_misc":{"Estimated reading time":"1 minute"},"schema":{"@context":"https:\/\/schema.org","@graph":[{"@type":"WebPage","@id":"https:\/\/skaitytaknyga.lt\/produktas\/levandu-sodas\/","url":"https:\/\/skaitytaknyga.lt\/produktas\/levandu-sodas\/","name":"Levand\u0173 sodas","isPartOf":{"@id":"https:\/\/skaitytaknyga.lt\/#website"},"primaryImageOfPage":{"@id":"https:\/\/skaitytaknyga.lt\/produktas\/levandu-sodas\/#primaryimage"},"image":{"@id":"https:\/\/skaitytaknyga.lt\/produktas\/levandu-sodas\/#primaryimage"},"thumbnailUrl":"https:\/\/skaitytaknyga.lt\/wp-content\/uploads\/2025\/09\/Levandu-sodas-1-e1757058377820.webp","datePublished":"2025-09-05T07:40:32+00:00","dateModified":"2026-03-05T11:03:26+00:00","description":"Kadaise garsi ir turtinga pranc\u016bz\u0173 aristokrat\u0173 gimin\u0117, legendin\u0117 pilis ir ilgai saugotos paslaptys. Dvi gimin\u0117s at\u0161akos \u2013 Pranc\u016bzijoje ir Anglijoje,","breadcrumb":{"@id":"https:\/\/skaitytaknyga.lt\/produktas\/levandu-sodas\/#breadcrumb"},"inLanguage":"en-GB","potentialAction":[{"@type":"ReadAction","target":["https:\/\/skaitytaknyga.lt\/produktas\/levandu-sodas\/"]}]},{"@type":"ImageObject","inLanguage":"en-GB","@id":"https:\/\/skaitytaknyga.lt\/produktas\/levandu-sodas\/#primaryimage","url":"https:\/\/skaitytaknyga.lt\/wp-content\/uploads\/2025\/09\/Levandu-sodas-1-e1757058377820.webp","contentUrl":"https:\/\/skaitytaknyga.lt\/wp-content\/uploads\/2025\/09\/Levandu-sodas-1-e1757058377820.webp","width":281,"height":437},{"@type":"BreadcrumbList","@id":"https:\/\/skaitytaknyga.lt\/produktas\/levandu-sodas\/#breadcrumb","itemListElement":[{"@type":"ListItem","position":1,"name":"Home","item":"https:\/\/skaitytaknyga.lt\/"},{"@type":"ListItem","position":2,"name":"Parduotuv\u0117","item":"https:\/\/skaitytaknyga.lt\/knygu-parduotuve\/"},{"@type":"ListItem","position":3,"name":"Levand\u0173 sodas"}]},{"@type":"WebSite","@id":"https:\/\/skaitytaknyga.lt\/#website","url":"https:\/\/skaitytaknyga.lt\/","name":"skaitytaknyga.lt","description":"Skaitytaknyga.lt \u2013 tai ma\u017eas \u0161eimos verslas, kuris prasid\u0117jo nuo meil\u0117s knygoms ir siekio i\u0161gelb\u0117ti knygas nuo likimo prie konteinerio. Kas vienam nereikalingas daiktas \u2013 kitam lobis, o mes esame tarpininkai, kurie padeda abiems tapti laimingesniems ???? \u017dinome kaip nelengva i\u0161gyventi ma\u017eiems verslams, tad nuo \u0161iol, \u010dia rasite ir kit\u0173, ma\u017e\u0173 \u0161eim\u0173 versl\u0173, rank\u0173 darbo, dovan\u0173 sau ir artimiesiems.","publisher":{"@id":"https:\/\/skaitytaknyga.lt\/#organization"},"potentialAction":[{"@type":"SearchAction","target":{"@type":"EntryPoint","urlTemplate":"https:\/\/skaitytaknyga.lt\/?s={search_term_string}"},"query-input":{"@type":"PropertyValueSpecification","valueRequired":true,"valueName":"search_term_string"}}],"inLanguage":"en-GB"},{"@type":"Organization","@id":"https:\/\/skaitytaknyga.lt\/#organization","name":"skaitytaknyga.lt","url":"https:\/\/skaitytaknyga.lt\/","logo":{"@type":"ImageObject","inLanguage":"en-GB","@id":"https:\/\/skaitytaknyga.lt\/#\/schema\/logo\/image\/","url":"https:\/\/skaitytaknyga.lt\/wp-content\/uploads\/2024\/05\/cropped-cropped-cropped-02_00843_jt3bggkj1j3HLc7SyY6rEUpg.jpeg","contentUrl":"https:\/\/skaitytaknyga.lt\/wp-content\/uploads\/2024\/05\/cropped-cropped-cropped-02_00843_jt3bggkj1j3HLc7SyY6rEUpg.jpeg","width":1600,"height":1600,"caption":"skaitytaknyga.lt"},"image":{"@id":"https:\/\/skaitytaknyga.lt\/#\/schema\/logo\/image\/"},"sameAs":["https:\/\/www.facebook.com\/skaitytaknyga\/"]}]}},"_links":{"self":[{"href":"https:\/\/skaitytaknyga.lt\/en\/wp-json\/wp\/v2\/product\/20682","targetHints":{"allow":["GET"]}}],"collection":[{"href":"https:\/\/skaitytaknyga.lt\/en\/wp-json\/wp\/v2\/product"}],"about":[{"href":"https:\/\/skaitytaknyga.lt\/en\/wp-json\/wp\/v2\/types\/product"}],"replies":[{"embeddable":true,"href":"https:\/\/skaitytaknyga.lt\/en\/wp-json\/wp\/v2\/comments?post=20682"}],"wp:featuredmedia":[{"embeddable":true,"href":"https:\/\/skaitytaknyga.lt\/en\/wp-json\/wp\/v2\/media\/20687"}],"wp:attachment":[{"href":"https:\/\/skaitytaknyga.lt\/en\/wp-json\/wp\/v2\/media?parent=20682"}],"wp:term":[{"taxonomy":"product_brand","embeddable":true,"href":"https:\/\/skaitytaknyga.lt\/en\/wp-json\/wp\/v2\/product_brand?post=20682"},{"taxonomy":"product_cat","embeddable":true,"href":"https:\/\/skaitytaknyga.lt\/en\/wp-json\/wp\/v2\/product_cat?post=20682"},{"taxonomy":"product_tag","embeddable":true,"href":"https:\/\/skaitytaknyga.lt\/en\/wp-json\/wp\/v2\/product_tag?post=20682"}],"curies":[{"name":"wp","href":"https:\/\/api.w.org\/{rel}","templated":true}]}}