{"id":20681,"date":"2025-09-05T10:40:32","date_gmt":"2025-09-05T07:40:32","guid":{"rendered":"https:\/\/skaitytaknyga.lt\/?post_type=product&#038;p=20681"},"modified":"2025-09-27T19:02:52","modified_gmt":"2025-09-27T16:02:52","slug":"farmacininku-samokslas","status":"publish","type":"product","link":"https:\/\/skaitytaknyga.lt\/en\/produktas\/farmacininku-samokslas\/","title":{"rendered":"Farmacinink\u0173 s\u0105mokslas"},"content":{"rendered":"<p>Sergejus Bubnovskis \u2013 medicinos moksl\u0173 daktaras, profesorius, suk\u016br\u0119s i\u0161 esm\u0117s naujus neoperacinius stuburo ir s\u0105nari\u0173 gydymo metodus.<\/p>\n<p>Igoris Prokopenka \u2013 garsus Rusijos dokumentalistas ir televizijos laid\u0173 ved\u0117jas, populiari\u0173 REN TV program\u0173 \u201eKarin\u0117 paslaptis&#8221;, \u201ePaklydimo teritorija&#8221;, \u201eLabiausiai \u0161okiruojan\u010dios hipotez\u0117s&#8221; autorius.<\/p>\n<p>VAISTAI PAGAL RECEPT\u0104: GELBSTI AR PRA\u017dUDO?<\/p>\n<p>K\u0104 SLEPIA VAIST\u0172 PAKUOT\u0116?<\/p>\n<p>KAS I\u0160GALVOJA NAUJAS LIGAS?<\/p>\n<p>CHIRURGO SKALPELIS AR SPORTO SAL\u0116?<\/p>\n<p>\u0160i knyga \u2013 dvigubas tyrimas, atliktas garsaus televizijos laid\u0173 ved\u0117jo Igorio Prokopenkos ir daktaro Sergejaus Bubnovskio, kurio gydymo metodai pla\u010diai sulauk\u0117 pelnyto pripa\u017einimo.<\/p>\n<p>Antsvorio problemas ir abejotin\u0105 chirurgin\u0117s intervencijos b\u016btinum\u0105, mitybos ir sveiko gyvenimo b\u016bdo, doping\u0173 ir vitamin\u0173 klausimus, tikras ir i\u0161galvotas ligas autoriai aptaria \u0161iuolaikin\u0117s civilizacijos kontekste ir grynai prakti\u0161kai \u2013 pateikiami kompleksiniai pratimai pad\u0117s \u012fveikti vienoki\u0105 ar kitoki\u0105 lig\u0105 ir netgi i\u0161 esm\u0117s pakeisti pasaul\u0117\u017ei\u016br\u0105.<\/p>\n","protected":false},"excerpt":{"rendered":"<p>Sergejus Bubnovskis \u2013 medicinos moksl\u0173 daktaras, profesorius, suk\u016br\u0119s i\u0161 esm\u0117s naujus neoperacinius stuburo ir s\u0105nari\u0173 gydymo metodus. Igoris Prokopenka \u2013 garsus Rusijos dokumentalistas ir televizijos laid\u0173 ved\u0117jas, populiari\u0173 REN TV program\u0173 \u201eKarin\u0117 paslaptis&#8221;, \u201ePaklydimo teritorija&#8221;, \u201eLabiausiai \u0161okiruojan\u010dios hipotez\u0117s&#8221; autorius. VAISTAI PAGAL RECEPT\u0104: GELBSTI AR PRA\u017dUDO? K\u0104 SLEPIA VAIST\u0172 PAKUOT\u0116? KAS I\u0160GALVOJA NAUJAS LIGAS? CHIRURGO SKALPELIS AR SPORTO SAL\u0116? \u0160i knyga \u2013 dvigubas tyrimas, atliktas garsaus televizijos laid\u0173 ved\u0117jo Igorio Prokopenkos ir daktaro Sergejaus Bubnovskio, kurio gydymo metodai pla\u010diai sulauk\u0117 pelnyto pripa\u017einimo. Antsvorio problemas ir abejotin\u0105 chirurgin\u0117s intervencijos b\u016btinum\u0105, mitybos ir sveiko gyvenimo b\u016bdo, doping\u0173 ir vitamin\u0173 klausimus, tikras ir i\u0161galvotas ligas autoriai aptaria \u0161iuolaikin\u0117s civilizacijos kontekste ir grynai prakti\u0161kai \u2013 pateikiami kompleksiniai pratimai pad\u0117s \u012fveikti vienoki\u0105 ar kitoki\u0105 lig\u0105 ir netgi i\u0161 esm\u0117s pakeisti pasaul\u0117\u017ei\u016br\u0105.<\/p>\n","protected":false},"featured_media":20686,"comment_status":"open","ping_status":"closed","template":"","meta":{"_acf_changed":false,"site-sidebar-layout":"default","site-content-layout":"","ast-site-content-layout":"default","site-content-style":"default","site-sidebar-style":"default","ast-global-header-display":"","ast-banner-title-visibility":"","ast-main-header-display":"","ast-hfb-above-header-display":"","ast-hfb-below-header-display":"","ast-hfb-mobile-header-display":"","site-post-title":"","ast-breadcrumbs-content":"","ast-featured-img":"","footer-sml-layout":"","ast-disable-related-posts":"","theme-transparent-header-meta":"","adv-header-id-meta":"","stick-header-meta":"","header-above-stick-meta":"","header-main-stick-meta":"","header-below-stick-meta":"","astra-migrate-meta-layouts":"default","ast-page-background-enabled":"default","ast-page-background-meta":{"desktop":{"background-color":"","background-image":"","background-repeat":"repeat","background-position":"center center","background-size":"auto","background-attachment":"scroll","background-type":"","background-media":"","overlay-type":"","overlay-color":"","overlay-opacity":"","overlay-gradient":""},"tablet":{"background-color":"","background-image":"","background-repeat":"repeat","background-position":"center center","background-size":"auto","background-attachment":"scroll","background-type":"","background-media":"","overlay-type":"","overlay-color":"","overlay-opacity":"","overlay-gradient":""},"mobile":{"background-color":"","background-image":"","background-repeat":"repeat","background-position":"center center","background-size":"auto","background-attachment":"scroll","background-type":"","background-media":"","overlay-type":"","overlay-color":"","overlay-opacity":"","overlay-gradient":""}},"ast-content-background-meta":{"desktop":{"background-color":"var(--ast-global-color-4)","background-image":"","background-repeat":"repeat","background-position":"center center","background-size":"auto","background-attachment":"scroll","background-type":"","background-media":"","overlay-type":"","overlay-color":"","overlay-opacity":"","overlay-gradient":""},"tablet":{"background-color":"var(--ast-global-color-4)","background-image":"","background-repeat":"repeat","background-position":"center center","background-size":"auto","background-attachment":"scroll","background-type":"","background-media":"","overlay-type":"","overlay-color":"","overlay-opacity":"","overlay-gradient":""},"mobile":{"background-color":"var(--ast-global-color-4)","background-image":"","background-repeat":"repeat","background-position":"center center","background-size":"auto","background-attachment":"scroll","background-type":"","background-media":"","overlay-type":"","overlay-color":"","overlay-opacity":"","overlay-gradient":""}}},"product_brand":[],"product_cat":[55],"product_tag":[2198,7669,2095,7670,1680,3244,4433],"class_list":{"0":"post-20681","1":"product","2":"type-product","3":"status-publish","4":"has-post-thumbnail","6":"product_cat-sveikata-ir-sveika-mityba","7":"product_tag-gyvenimo-budas","8":"product_tag-igor-prokopenko","9":"product_tag-medicina","10":"product_tag-sergej-bubnovskij","11":"product_tag-sveikata","12":"product_tag-tyrimas","13":"product_tag-vaistai","14":"desktop-align-left","15":"tablet-align-left","16":"mobile-align-left","18":"first","19":"instock","20":"shipping-taxable","21":"purchasable","22":"product-type-simple"},"acf":[],"yoast_head":"<!-- This site is optimized with the Yoast SEO plugin v27.0 - https:\/\/yoast.com\/product\/yoast-seo-wordpress\/ -->\n<title>Farmacinink\u0173 s\u0105mokslas<\/title>\n<meta name=\"description\" content=\"Sergejus Bubnovskis \u2013 medicinos moksl\u0173 daktaras, profesorius, suk\u016br\u0119s i\u0161 esm\u0117s naujus neoperacinius stuburo ir s\u0105nari\u0173 gydymo metodus. Igoris Prokopenka \u2013\" \/>\n<meta name=\"robots\" content=\"index, follow, max-snippet:-1, max-image-preview:large, max-video-preview:-1\" \/>\n<link rel=\"canonical\" href=\"https:\/\/skaitytaknyga.lt\/en\/produktas\/farmacininku-samokslas\/\" \/>\n<meta property=\"og:locale\" content=\"en_GB\" \/>\n<meta property=\"og:locale:alternate\" content=\"lt_LT\" \/>\n<meta property=\"og:type\" content=\"article\" \/>\n<meta property=\"og:title\" content=\"Farmacinink\u0173 s\u0105mokslas\" \/>\n<meta property=\"og:description\" content=\"Sergejus Bubnovskis \u2013 medicinos moksl\u0173 daktaras, profesorius, suk\u016br\u0119s i\u0161 esm\u0117s naujus neoperacinius stuburo ir s\u0105nari\u0173 gydymo metodus. Igoris Prokopenka \u2013\" \/>\n<meta property=\"og:url\" content=\"https:\/\/skaitytaknyga.lt\/en\/produktas\/farmacininku-samokslas\/\" \/>\n<meta property=\"og:site_name\" content=\"Skaitytaknyga\" \/>\n<meta property=\"article:publisher\" content=\"https:\/\/www.facebook.com\/skaitytaknyga\/\" \/>\n<meta property=\"article:modified_time\" content=\"2025-09-27T16:02:52+00:00\" \/>\n<meta property=\"og:image\" content=\"https:\/\/skaitytaknyga.lt\/wp-content\/uploads\/2025\/09\/Farmacininku-samokslas-1-e1757058263983.webp\" \/>\n\t<meta property=\"og:image:width\" content=\"199\" \/>\n\t<meta property=\"og:image:height\" content=\"297\" \/>\n\t<meta property=\"og:image:type\" content=\"image\/webp\" \/>\n<meta name=\"twitter:card\" content=\"summary_large_image\" \/>\n<meta name=\"twitter:label1\" content=\"Estimated reading time\" \/>\n\t<meta name=\"twitter:data1\" content=\"1 minute\" \/>\n<script type=\"application\/ld+json\" class=\"yoast-schema-graph\">{\"@context\":\"https:\/\/schema.org\",\"@graph\":[{\"@type\":\"WebPage\",\"@id\":\"https:\/\/skaitytaknyga.lt\/produktas\/farmacininku-samokslas\/\",\"url\":\"https:\/\/skaitytaknyga.lt\/produktas\/farmacininku-samokslas\/\",\"name\":\"Farmacinink\u0173 s\u0105mokslas\",\"isPartOf\":{\"@id\":\"https:\/\/skaitytaknyga.lt\/#website\"},\"primaryImageOfPage\":{\"@id\":\"https:\/\/skaitytaknyga.lt\/produktas\/farmacininku-samokslas\/#primaryimage\"},\"image\":{\"@id\":\"https:\/\/skaitytaknyga.lt\/produktas\/farmacininku-samokslas\/#primaryimage\"},\"thumbnailUrl\":\"https:\/\/skaitytaknyga.lt\/wp-content\/uploads\/2025\/09\/Farmacininku-samokslas-1-e1757058263983.webp\",\"datePublished\":\"2025-09-05T07:40:32+00:00\",\"dateModified\":\"2025-09-27T16:02:52+00:00\",\"description\":\"Sergejus Bubnovskis \u2013 medicinos moksl\u0173 daktaras, profesorius, suk\u016br\u0119s i\u0161 esm\u0117s naujus neoperacinius stuburo ir s\u0105nari\u0173 gydymo metodus. Igoris Prokopenka \u2013\",\"breadcrumb\":{\"@id\":\"https:\/\/skaitytaknyga.lt\/produktas\/farmacininku-samokslas\/#breadcrumb\"},\"inLanguage\":\"en-GB\",\"potentialAction\":[{\"@type\":\"ReadAction\",\"target\":[\"https:\/\/skaitytaknyga.lt\/produktas\/farmacininku-samokslas\/\"]}]},{\"@type\":\"ImageObject\",\"inLanguage\":\"en-GB\",\"@id\":\"https:\/\/skaitytaknyga.lt\/produktas\/farmacininku-samokslas\/#primaryimage\",\"url\":\"https:\/\/skaitytaknyga.lt\/wp-content\/uploads\/2025\/09\/Farmacininku-samokslas-1-e1757058263983.webp\",\"contentUrl\":\"https:\/\/skaitytaknyga.lt\/wp-content\/uploads\/2025\/09\/Farmacininku-samokslas-1-e1757058263983.webp\",\"width\":199,\"height\":297,\"caption\":\"Farmacinink\u0173 s\u0105mokslas\"},{\"@type\":\"BreadcrumbList\",\"@id\":\"https:\/\/skaitytaknyga.lt\/produktas\/farmacininku-samokslas\/#breadcrumb\",\"itemListElement\":[{\"@type\":\"ListItem\",\"position\":1,\"name\":\"Home\",\"item\":\"https:\/\/skaitytaknyga.lt\/\"},{\"@type\":\"ListItem\",\"position\":2,\"name\":\"Parduotuv\u0117\",\"item\":\"https:\/\/skaitytaknyga.lt\/knygu-parduotuve\/\"},{\"@type\":\"ListItem\",\"position\":3,\"name\":\"Farmacinink\u0173 s\u0105mokslas\"}]},{\"@type\":\"WebSite\",\"@id\":\"https:\/\/skaitytaknyga.lt\/#website\",\"url\":\"https:\/\/skaitytaknyga.lt\/\",\"name\":\"skaitytaknyga.lt\",\"description\":\"Skaitytaknyga.lt \u2013 tai ma\u017eas \u0161eimos verslas, kuris prasid\u0117jo nuo meil\u0117s knygoms ir siekio i\u0161gelb\u0117ti knygas nuo likimo prie konteinerio. Kas vienam nereikalingas daiktas \u2013 kitam lobis, o mes esame tarpininkai, kurie padeda abiems tapti laimingesniems ???? \u017dinome kaip nelengva i\u0161gyventi ma\u017eiems verslams, tad nuo \u0161iol, \u010dia rasite ir kit\u0173, ma\u017e\u0173 \u0161eim\u0173 versl\u0173, rank\u0173 darbo, dovan\u0173 sau ir artimiesiems.\",\"publisher\":{\"@id\":\"https:\/\/skaitytaknyga.lt\/#organization\"},\"potentialAction\":[{\"@type\":\"SearchAction\",\"target\":{\"@type\":\"EntryPoint\",\"urlTemplate\":\"https:\/\/skaitytaknyga.lt\/?s={search_term_string}\"},\"query-input\":{\"@type\":\"PropertyValueSpecification\",\"valueRequired\":true,\"valueName\":\"search_term_string\"}}],\"inLanguage\":\"en-GB\"},{\"@type\":\"Organization\",\"@id\":\"https:\/\/skaitytaknyga.lt\/#organization\",\"name\":\"skaitytaknyga.lt\",\"url\":\"https:\/\/skaitytaknyga.lt\/\",\"logo\":{\"@type\":\"ImageObject\",\"inLanguage\":\"en-GB\",\"@id\":\"https:\/\/skaitytaknyga.lt\/#\/schema\/logo\/image\/\",\"url\":\"https:\/\/skaitytaknyga.lt\/wp-content\/uploads\/2024\/05\/cropped-cropped-cropped-02_00843_jt3bggkj1j3HLc7SyY6rEUpg.jpeg\",\"contentUrl\":\"https:\/\/skaitytaknyga.lt\/wp-content\/uploads\/2024\/05\/cropped-cropped-cropped-02_00843_jt3bggkj1j3HLc7SyY6rEUpg.jpeg\",\"width\":1600,\"height\":1600,\"caption\":\"skaitytaknyga.lt\"},\"image\":{\"@id\":\"https:\/\/skaitytaknyga.lt\/#\/schema\/logo\/image\/\"},\"sameAs\":[\"https:\/\/www.facebook.com\/skaitytaknyga\/\"]}]}<\/script>\n<!-- \/ Yoast SEO plugin. -->","yoast_head_json":{"title":"Farmacinink\u0173 s\u0105mokslas","description":"Sergejus Bubnovskis \u2013 medicinos moksl\u0173 daktaras, profesorius, suk\u016br\u0119s i\u0161 esm\u0117s naujus neoperacinius stuburo ir s\u0105nari\u0173 gydymo metodus. Igoris Prokopenka \u2013","robots":{"index":"index","follow":"follow","max-snippet":"max-snippet:-1","max-image-preview":"max-image-preview:large","max-video-preview":"max-video-preview:-1"},"canonical":"https:\/\/skaitytaknyga.lt\/en\/produktas\/farmacininku-samokslas\/","og_locale":"en_GB","og_type":"article","og_title":"[:lt]Farmacinink\u0173 s\u0105mokslas[:] - Skaitytaknyga","og_description":"Sergejus Bubnovskis \u2013 medicinos moksl\u0173 daktaras, profesorius, suk\u016br\u0119s i\u0161 esm\u0117s naujus neoperacinius stuburo ir s\u0105nari\u0173 gydymo metodus. Igoris Prokopenka \u2013","og_url":"https:\/\/skaitytaknyga.lt\/en\/produktas\/farmacininku-samokslas\/","og_site_name":"Skaitytaknyga","article_publisher":"https:\/\/www.facebook.com\/skaitytaknyga\/","article_modified_time":"2025-09-27T16:02:52+00:00","og_image":[{"width":199,"height":297,"url":"https:\/\/skaitytaknyga.lt\/wp-content\/uploads\/2025\/09\/Farmacininku-samokslas-1-e1757058263983.webp","type":"image\/webp"}],"twitter_card":"summary_large_image","twitter_misc":{"Estimated reading time":"1 minute"},"schema":{"@context":"https:\/\/schema.org","@graph":[{"@type":"WebPage","@id":"https:\/\/skaitytaknyga.lt\/produktas\/farmacininku-samokslas\/","url":"https:\/\/skaitytaknyga.lt\/produktas\/farmacininku-samokslas\/","name":"Farmacinink\u0173 s\u0105mokslas","isPartOf":{"@id":"https:\/\/skaitytaknyga.lt\/#website"},"primaryImageOfPage":{"@id":"https:\/\/skaitytaknyga.lt\/produktas\/farmacininku-samokslas\/#primaryimage"},"image":{"@id":"https:\/\/skaitytaknyga.lt\/produktas\/farmacininku-samokslas\/#primaryimage"},"thumbnailUrl":"https:\/\/skaitytaknyga.lt\/wp-content\/uploads\/2025\/09\/Farmacininku-samokslas-1-e1757058263983.webp","datePublished":"2025-09-05T07:40:32+00:00","dateModified":"2025-09-27T16:02:52+00:00","description":"Sergejus Bubnovskis \u2013 medicinos moksl\u0173 daktaras, profesorius, suk\u016br\u0119s i\u0161 esm\u0117s naujus neoperacinius stuburo ir s\u0105nari\u0173 gydymo metodus. Igoris Prokopenka \u2013","breadcrumb":{"@id":"https:\/\/skaitytaknyga.lt\/produktas\/farmacininku-samokslas\/#breadcrumb"},"inLanguage":"en-GB","potentialAction":[{"@type":"ReadAction","target":["https:\/\/skaitytaknyga.lt\/produktas\/farmacininku-samokslas\/"]}]},{"@type":"ImageObject","inLanguage":"en-GB","@id":"https:\/\/skaitytaknyga.lt\/produktas\/farmacininku-samokslas\/#primaryimage","url":"https:\/\/skaitytaknyga.lt\/wp-content\/uploads\/2025\/09\/Farmacininku-samokslas-1-e1757058263983.webp","contentUrl":"https:\/\/skaitytaknyga.lt\/wp-content\/uploads\/2025\/09\/Farmacininku-samokslas-1-e1757058263983.webp","width":199,"height":297,"caption":"Farmacinink\u0173 s\u0105mokslas"},{"@type":"BreadcrumbList","@id":"https:\/\/skaitytaknyga.lt\/produktas\/farmacininku-samokslas\/#breadcrumb","itemListElement":[{"@type":"ListItem","position":1,"name":"Home","item":"https:\/\/skaitytaknyga.lt\/"},{"@type":"ListItem","position":2,"name":"Parduotuv\u0117","item":"https:\/\/skaitytaknyga.lt\/knygu-parduotuve\/"},{"@type":"ListItem","position":3,"name":"Farmacinink\u0173 s\u0105mokslas"}]},{"@type":"WebSite","@id":"https:\/\/skaitytaknyga.lt\/#website","url":"https:\/\/skaitytaknyga.lt\/","name":"skaitytaknyga.lt","description":"Skaitytaknyga.lt \u2013 tai ma\u017eas \u0161eimos verslas, kuris prasid\u0117jo nuo meil\u0117s knygoms ir siekio i\u0161gelb\u0117ti knygas nuo likimo prie konteinerio. Kas vienam nereikalingas daiktas \u2013 kitam lobis, o mes esame tarpininkai, kurie padeda abiems tapti laimingesniems ???? \u017dinome kaip nelengva i\u0161gyventi ma\u017eiems verslams, tad nuo \u0161iol, \u010dia rasite ir kit\u0173, ma\u017e\u0173 \u0161eim\u0173 versl\u0173, rank\u0173 darbo, dovan\u0173 sau ir artimiesiems.","publisher":{"@id":"https:\/\/skaitytaknyga.lt\/#organization"},"potentialAction":[{"@type":"SearchAction","target":{"@type":"EntryPoint","urlTemplate":"https:\/\/skaitytaknyga.lt\/?s={search_term_string}"},"query-input":{"@type":"PropertyValueSpecification","valueRequired":true,"valueName":"search_term_string"}}],"inLanguage":"en-GB"},{"@type":"Organization","@id":"https:\/\/skaitytaknyga.lt\/#organization","name":"skaitytaknyga.lt","url":"https:\/\/skaitytaknyga.lt\/","logo":{"@type":"ImageObject","inLanguage":"en-GB","@id":"https:\/\/skaitytaknyga.lt\/#\/schema\/logo\/image\/","url":"https:\/\/skaitytaknyga.lt\/wp-content\/uploads\/2024\/05\/cropped-cropped-cropped-02_00843_jt3bggkj1j3HLc7SyY6rEUpg.jpeg","contentUrl":"https:\/\/skaitytaknyga.lt\/wp-content\/uploads\/2024\/05\/cropped-cropped-cropped-02_00843_jt3bggkj1j3HLc7SyY6rEUpg.jpeg","width":1600,"height":1600,"caption":"skaitytaknyga.lt"},"image":{"@id":"https:\/\/skaitytaknyga.lt\/#\/schema\/logo\/image\/"},"sameAs":["https:\/\/www.facebook.com\/skaitytaknyga\/"]}]}},"_links":{"self":[{"href":"https:\/\/skaitytaknyga.lt\/en\/wp-json\/wp\/v2\/product\/20681","targetHints":{"allow":["GET"]}}],"collection":[{"href":"https:\/\/skaitytaknyga.lt\/en\/wp-json\/wp\/v2\/product"}],"about":[{"href":"https:\/\/skaitytaknyga.lt\/en\/wp-json\/wp\/v2\/types\/product"}],"replies":[{"embeddable":true,"href":"https:\/\/skaitytaknyga.lt\/en\/wp-json\/wp\/v2\/comments?post=20681"}],"wp:featuredmedia":[{"embeddable":true,"href":"https:\/\/skaitytaknyga.lt\/en\/wp-json\/wp\/v2\/media\/20686"}],"wp:attachment":[{"href":"https:\/\/skaitytaknyga.lt\/en\/wp-json\/wp\/v2\/media?parent=20681"}],"wp:term":[{"taxonomy":"product_brand","embeddable":true,"href":"https:\/\/skaitytaknyga.lt\/en\/wp-json\/wp\/v2\/product_brand?post=20681"},{"taxonomy":"product_cat","embeddable":true,"href":"https:\/\/skaitytaknyga.lt\/en\/wp-json\/wp\/v2\/product_cat?post=20681"},{"taxonomy":"product_tag","embeddable":true,"href":"https:\/\/skaitytaknyga.lt\/en\/wp-json\/wp\/v2\/product_tag?post=20681"}],"curies":[{"name":"wp","href":"https:\/\/api.w.org\/{rel}","templated":true}]}}