{"id":20680,"date":"2025-09-05T10:40:31","date_gmt":"2025-09-05T07:40:31","guid":{"rendered":"https:\/\/skaitytaknyga.lt\/?post_type=product&#038;p=20680"},"modified":"2026-03-05T11:59:16","modified_gmt":"2026-03-05T09:59:16","slug":"skudurine-lele","status":"publish","type":"product","link":"https:\/\/skaitytaknyga.lt\/en\/produktas\/skudurine-lele\/","title":{"rendered":"Skudurin\u0117 l\u0117l\u0117"},"content":{"rendered":"<p>Detektyvas Viljamas Fokas, koleg\u0173 vadinamas Vilku, prie\u0161 ketverius metus brutaliai u\u017epuol\u0117 k\u0105 tik i\u0161teisint\u0105 \u012ftariam\u0105j\u012f, tvirtai \u012fsitikin\u0119s, kad jis ir yra serijinis \u017eudikas. Vilkas kal\u0117jimo i\u0161veng\u0117, bet ne psichiatr\u0173 d\u0117mesio. \u0160ie nenuleid\u017eia aki\u0173 nuo jo net tada, kai detektyvas gr\u012f\u017eta \u012f tarnyb\u0105.<\/p>\n<p>I\u0161kviestas \u012f naujo nusikaltimo viet\u0105 Vilkas n\u0117 nesusidomi \u2013 dar vienas k\u016bnas ir tiek. Ta\u010diau jo koleg\u0117 Emil\u0117 Bakster \u012fsp\u0117ja: tai neeilin\u0117 byla, i\u0161 t\u0173, kurios pasitaiko tik kart\u0105 per karjer\u0105. Netrukus Vilkas tuo \u012fsitikina pats: negyv\u0117lis vienas, ta\u010diau sudurstytas i\u0161 \u0161e\u0161i\u0173 skirting\u0173 auk\u0173 k\u016bn\u0173 dali\u0173. \u017diniasklaida j\u012f pramins \u201eSkudurine l\u0117le&#8221;.<\/p>\n<p>\u012etampa ima kilti, kai buvusi Vilko \u017emona, televizijos \u017eurnalist\u0117 Andr\u0117ja gauna siuntin\u012f: s\u0105ra\u0161\u0105 su dar \u0161e\u0161i\u0173 auk\u0173 pavard\u0117mis ir b\u016bsim\u0173 j\u0173 mir\u010di\u0173 datomis. Paskutin\u0117 pavard\u0117 s\u0105ra\u0161e \u2013 paties Viljamo Foko.<\/p>\n<p>\u017dudikui \u017eengiant vienu \u017eingsniu grei\u010diau nei policija, prasideda nuo\u017emios lenktyn\u0117s su laiku, o Vilkas vis giliau grimzta \u012f tamsius praeities prisiminimus ir vis a\u0161triau ima suvokti, kad \u0161i byla jam gali b\u016bti lemtinga.<\/p>\n","protected":false},"excerpt":{"rendered":"<p>Detektyvas Viljamas Fokas, koleg\u0173 vadinamas Vilku, prie\u0161 ketverius metus brutaliai u\u017epuol\u0117 k\u0105 tik i\u0161teisint\u0105 \u012ftariam\u0105j\u012f, tvirtai \u012fsitikin\u0119s, kad jis ir yra serijinis \u017eudikas. Vilkas kal\u0117jimo i\u0161veng\u0117, bet ne psichiatr\u0173 d\u0117mesio. \u0160ie nenuleid\u017eia aki\u0173 nuo jo net tada, kai detektyvas gr\u012f\u017eta \u012f tarnyb\u0105. I\u0161kviestas \u012f naujo nusikaltimo viet\u0105 Vilkas n\u0117 nesusidomi \u2013 dar vienas k\u016bnas ir tiek. Ta\u010diau jo koleg\u0117 Emil\u0117 Bakster \u012fsp\u0117ja: tai neeilin\u0117 byla, i\u0161 t\u0173, kurios pasitaiko tik kart\u0105 per karjer\u0105. Netrukus Vilkas tuo \u012fsitikina pats: negyv\u0117lis vienas, ta\u010diau sudurstytas i\u0161 \u0161e\u0161i\u0173 skirting\u0173 auk\u0173 k\u016bn\u0173 dali\u0173. \u017diniasklaida j\u012f pramins \u201eSkudurine l\u0117le&#8221;. \u012etampa ima kilti, kai buvusi Vilko \u017emona, televizijos \u017eurnalist\u0117 Andr\u0117ja gauna siuntin\u012f: s\u0105ra\u0161\u0105 su dar \u0161e\u0161i\u0173 auk\u0173 pavard\u0117mis ir b\u016bsim\u0173 j\u0173 mir\u010di\u0173 datomis. Paskutin\u0117 pavard\u0117 s\u0105ra\u0161e \u2013 paties Viljamo Foko. \u017dudikui \u017eengiant vienu \u017eingsniu grei\u010diau nei policija, prasideda nuo\u017emios lenktyn\u0117s su laiku, o Vilkas vis giliau grimzta \u012f tamsius praeities prisiminimus ir vis a\u0161triau ima suvokti, kad \u0161i byla jam gali b\u016bti lemtinga.<\/p>\n","protected":false},"featured_media":20685,"comment_status":"open","ping_status":"closed","template":"","meta":{"_acf_changed":false,"site-sidebar-layout":"default","site-content-layout":"","ast-site-content-layout":"default","site-content-style":"default","site-sidebar-style":"default","ast-global-header-display":"","ast-banner-title-visibility":"","ast-main-header-display":"","ast-hfb-above-header-display":"","ast-hfb-below-header-display":"","ast-hfb-mobile-header-display":"","site-post-title":"","ast-breadcrumbs-content":"","ast-featured-img":"","footer-sml-layout":"","ast-disable-related-posts":"","theme-transparent-header-meta":"","adv-header-id-meta":"","stick-header-meta":"","header-above-stick-meta":"","header-main-stick-meta":"","header-below-stick-meta":"","astra-migrate-meta-layouts":"default","ast-page-background-enabled":"default","ast-page-background-meta":{"desktop":{"background-color":"","background-image":"","background-repeat":"repeat","background-position":"center center","background-size":"auto","background-attachment":"scroll","background-type":"","background-media":"","overlay-type":"","overlay-color":"","overlay-opacity":"","overlay-gradient":""},"tablet":{"background-color":"","background-image":"","background-repeat":"repeat","background-position":"center center","background-size":"auto","background-attachment":"scroll","background-type":"","background-media":"","overlay-type":"","overlay-color":"","overlay-opacity":"","overlay-gradient":""},"mobile":{"background-color":"","background-image":"","background-repeat":"repeat","background-position":"center center","background-size":"auto","background-attachment":"scroll","background-type":"","background-media":"","overlay-type":"","overlay-color":"","overlay-opacity":"","overlay-gradient":""}},"ast-content-background-meta":{"desktop":{"background-color":"var(--ast-global-color-4)","background-image":"","background-repeat":"repeat","background-position":"center center","background-size":"auto","background-attachment":"scroll","background-type":"","background-media":"","overlay-type":"","overlay-color":"","overlay-opacity":"","overlay-gradient":""},"tablet":{"background-color":"var(--ast-global-color-4)","background-image":"","background-repeat":"repeat","background-position":"center center","background-size":"auto","background-attachment":"scroll","background-type":"","background-media":"","overlay-type":"","overlay-color":"","overlay-opacity":"","overlay-gradient":""},"mobile":{"background-color":"var(--ast-global-color-4)","background-image":"","background-repeat":"repeat","background-position":"center center","background-size":"auto","background-attachment":"scroll","background-type":"","background-media":"","overlay-type":"","overlay-color":"","overlay-opacity":"","overlay-gradient":""}}},"product_brand":[],"product_cat":[9581],"product_tag":[7668,1476,2312,3982,1587],"class_list":{"0":"post-20680","1":"product","2":"type-product","3":"status-publish","4":"has-post-thumbnail","6":"product_cat-kriminaliniai-romanai","7":"product_tag-daniel-cole","8":"product_tag-detektyvas","9":"product_tag-nusikaltimas","10":"product_tag-serijinis-zudikas","11":"product_tag-trileris","12":"desktop-align-left","13":"tablet-align-left","14":"mobile-align-left","16":"first","17":"instock","18":"shipping-taxable","19":"purchasable","20":"product-type-simple"},"acf":[],"yoast_head":"<!-- This site is optimized with the Yoast SEO plugin v27.0 - https:\/\/yoast.com\/product\/yoast-seo-wordpress\/ -->\n<title>Skudurin\u0117 l\u0117l\u0117<\/title>\n<meta name=\"description\" content=\"Detektyvas Viljamas Fokas, koleg\u0173 vadinamas Vilku, prie\u0161 ketverius metus brutaliai u\u017epuol\u0117 k\u0105 tik i\u0161teisint\u0105 \u012ftariam\u0105j\u012f, tvirtai \u012fsitikin\u0119s, kad jis ir\" \/>\n<meta name=\"robots\" content=\"index, follow, max-snippet:-1, max-image-preview:large, max-video-preview:-1\" \/>\n<link rel=\"canonical\" href=\"https:\/\/skaitytaknyga.lt\/en\/produktas\/skudurine-lele\/\" \/>\n<meta property=\"og:locale\" content=\"en_GB\" \/>\n<meta property=\"og:locale:alternate\" content=\"lt_LT\" \/>\n<meta property=\"og:type\" content=\"article\" \/>\n<meta property=\"og:title\" content=\"Skudurin\u0117 l\u0117l\u0117\" \/>\n<meta property=\"og:description\" content=\"Detektyvas Viljamas Fokas, koleg\u0173 vadinamas Vilku, prie\u0161 ketverius metus brutaliai u\u017epuol\u0117 k\u0105 tik i\u0161teisint\u0105 \u012ftariam\u0105j\u012f, tvirtai \u012fsitikin\u0119s, kad jis ir\" \/>\n<meta property=\"og:url\" content=\"https:\/\/skaitytaknyga.lt\/en\/produktas\/skudurine-lele\/\" \/>\n<meta property=\"og:site_name\" content=\"Skaitytaknyga\" \/>\n<meta property=\"article:publisher\" content=\"https:\/\/www.facebook.com\/skaitytaknyga\/\" \/>\n<meta property=\"article:modified_time\" content=\"2026-03-05T09:59:16+00:00\" \/>\n<meta property=\"og:image\" content=\"https:\/\/skaitytaknyga.lt\/wp-content\/uploads\/2025\/09\/Skudurine-lele-1.webp\" \/>\n\t<meta property=\"og:image:width\" content=\"300\" \/>\n\t<meta property=\"og:image:height\" content=\"433\" \/>\n\t<meta property=\"og:image:type\" content=\"image\/webp\" \/>\n<meta name=\"twitter:card\" content=\"summary_large_image\" \/>\n<meta name=\"twitter:label1\" content=\"Estimated reading time\" \/>\n\t<meta name=\"twitter:data1\" content=\"1 minute\" \/>\n<script type=\"application\/ld+json\" class=\"yoast-schema-graph\">{\"@context\":\"https:\/\/schema.org\",\"@graph\":[{\"@type\":\"WebPage\",\"@id\":\"https:\/\/skaitytaknyga.lt\/produktas\/skudurine-lele\/\",\"url\":\"https:\/\/skaitytaknyga.lt\/produktas\/skudurine-lele\/\",\"name\":\"Skudurin\u0117 l\u0117l\u0117\",\"isPartOf\":{\"@id\":\"https:\/\/skaitytaknyga.lt\/#website\"},\"primaryImageOfPage\":{\"@id\":\"https:\/\/skaitytaknyga.lt\/produktas\/skudurine-lele\/#primaryimage\"},\"image\":{\"@id\":\"https:\/\/skaitytaknyga.lt\/produktas\/skudurine-lele\/#primaryimage\"},\"thumbnailUrl\":\"https:\/\/skaitytaknyga.lt\/wp-content\/uploads\/2025\/09\/Skudurine-lele-1.webp\",\"datePublished\":\"2025-09-05T07:40:31+00:00\",\"dateModified\":\"2026-03-05T09:59:16+00:00\",\"description\":\"Detektyvas Viljamas Fokas, koleg\u0173 vadinamas Vilku, prie\u0161 ketverius metus brutaliai u\u017epuol\u0117 k\u0105 tik i\u0161teisint\u0105 \u012ftariam\u0105j\u012f, tvirtai \u012fsitikin\u0119s, kad jis ir\",\"breadcrumb\":{\"@id\":\"https:\/\/skaitytaknyga.lt\/produktas\/skudurine-lele\/#breadcrumb\"},\"inLanguage\":\"en-GB\",\"potentialAction\":[{\"@type\":\"ReadAction\",\"target\":[\"https:\/\/skaitytaknyga.lt\/produktas\/skudurine-lele\/\"]}]},{\"@type\":\"ImageObject\",\"inLanguage\":\"en-GB\",\"@id\":\"https:\/\/skaitytaknyga.lt\/produktas\/skudurine-lele\/#primaryimage\",\"url\":\"https:\/\/skaitytaknyga.lt\/wp-content\/uploads\/2025\/09\/Skudurine-lele-1.webp\",\"contentUrl\":\"https:\/\/skaitytaknyga.lt\/wp-content\/uploads\/2025\/09\/Skudurine-lele-1.webp\",\"width\":300,\"height\":433},{\"@type\":\"BreadcrumbList\",\"@id\":\"https:\/\/skaitytaknyga.lt\/produktas\/skudurine-lele\/#breadcrumb\",\"itemListElement\":[{\"@type\":\"ListItem\",\"position\":1,\"name\":\"Home\",\"item\":\"https:\/\/skaitytaknyga.lt\/\"},{\"@type\":\"ListItem\",\"position\":2,\"name\":\"Parduotuv\u0117\",\"item\":\"https:\/\/skaitytaknyga.lt\/knygu-parduotuve\/\"},{\"@type\":\"ListItem\",\"position\":3,\"name\":\"Skudurin\u0117 l\u0117l\u0117\"}]},{\"@type\":\"WebSite\",\"@id\":\"https:\/\/skaitytaknyga.lt\/#website\",\"url\":\"https:\/\/skaitytaknyga.lt\/\",\"name\":\"skaitytaknyga.lt\",\"description\":\"Skaitytaknyga.lt \u2013 tai ma\u017eas \u0161eimos verslas, kuris prasid\u0117jo nuo meil\u0117s knygoms ir siekio i\u0161gelb\u0117ti knygas nuo likimo prie konteinerio. Kas vienam nereikalingas daiktas \u2013 kitam lobis, o mes esame tarpininkai, kurie padeda abiems tapti laimingesniems ???? \u017dinome kaip nelengva i\u0161gyventi ma\u017eiems verslams, tad nuo \u0161iol, \u010dia rasite ir kit\u0173, ma\u017e\u0173 \u0161eim\u0173 versl\u0173, rank\u0173 darbo, dovan\u0173 sau ir artimiesiems.\",\"publisher\":{\"@id\":\"https:\/\/skaitytaknyga.lt\/#organization\"},\"potentialAction\":[{\"@type\":\"SearchAction\",\"target\":{\"@type\":\"EntryPoint\",\"urlTemplate\":\"https:\/\/skaitytaknyga.lt\/?s={search_term_string}\"},\"query-input\":{\"@type\":\"PropertyValueSpecification\",\"valueRequired\":true,\"valueName\":\"search_term_string\"}}],\"inLanguage\":\"en-GB\"},{\"@type\":\"Organization\",\"@id\":\"https:\/\/skaitytaknyga.lt\/#organization\",\"name\":\"skaitytaknyga.lt\",\"url\":\"https:\/\/skaitytaknyga.lt\/\",\"logo\":{\"@type\":\"ImageObject\",\"inLanguage\":\"en-GB\",\"@id\":\"https:\/\/skaitytaknyga.lt\/#\/schema\/logo\/image\/\",\"url\":\"https:\/\/skaitytaknyga.lt\/wp-content\/uploads\/2024\/05\/cropped-cropped-cropped-02_00843_jt3bggkj1j3HLc7SyY6rEUpg.jpeg\",\"contentUrl\":\"https:\/\/skaitytaknyga.lt\/wp-content\/uploads\/2024\/05\/cropped-cropped-cropped-02_00843_jt3bggkj1j3HLc7SyY6rEUpg.jpeg\",\"width\":1600,\"height\":1600,\"caption\":\"skaitytaknyga.lt\"},\"image\":{\"@id\":\"https:\/\/skaitytaknyga.lt\/#\/schema\/logo\/image\/\"},\"sameAs\":[\"https:\/\/www.facebook.com\/skaitytaknyga\/\"]}]}<\/script>\n<!-- \/ Yoast SEO plugin. -->","yoast_head_json":{"title":"Skudurin\u0117 l\u0117l\u0117","description":"Detektyvas Viljamas Fokas, koleg\u0173 vadinamas Vilku, prie\u0161 ketverius metus brutaliai u\u017epuol\u0117 k\u0105 tik i\u0161teisint\u0105 \u012ftariam\u0105j\u012f, tvirtai \u012fsitikin\u0119s, kad jis ir","robots":{"index":"index","follow":"follow","max-snippet":"max-snippet:-1","max-image-preview":"max-image-preview:large","max-video-preview":"max-video-preview:-1"},"canonical":"https:\/\/skaitytaknyga.lt\/en\/produktas\/skudurine-lele\/","og_locale":"en_GB","og_type":"article","og_title":"[:lt]Skudurin\u0117 l\u0117l\u0117[:] - Skaitytaknyga","og_description":"Detektyvas Viljamas Fokas, koleg\u0173 vadinamas Vilku, prie\u0161 ketverius metus brutaliai u\u017epuol\u0117 k\u0105 tik i\u0161teisint\u0105 \u012ftariam\u0105j\u012f, tvirtai \u012fsitikin\u0119s, kad jis ir","og_url":"https:\/\/skaitytaknyga.lt\/en\/produktas\/skudurine-lele\/","og_site_name":"Skaitytaknyga","article_publisher":"https:\/\/www.facebook.com\/skaitytaknyga\/","article_modified_time":"2026-03-05T09:59:16+00:00","og_image":[{"width":300,"height":433,"url":"https:\/\/skaitytaknyga.lt\/wp-content\/uploads\/2025\/09\/Skudurine-lele-1.webp","type":"image\/webp"}],"twitter_card":"summary_large_image","twitter_misc":{"Estimated reading time":"1 minute"},"schema":{"@context":"https:\/\/schema.org","@graph":[{"@type":"WebPage","@id":"https:\/\/skaitytaknyga.lt\/produktas\/skudurine-lele\/","url":"https:\/\/skaitytaknyga.lt\/produktas\/skudurine-lele\/","name":"Skudurin\u0117 l\u0117l\u0117","isPartOf":{"@id":"https:\/\/skaitytaknyga.lt\/#website"},"primaryImageOfPage":{"@id":"https:\/\/skaitytaknyga.lt\/produktas\/skudurine-lele\/#primaryimage"},"image":{"@id":"https:\/\/skaitytaknyga.lt\/produktas\/skudurine-lele\/#primaryimage"},"thumbnailUrl":"https:\/\/skaitytaknyga.lt\/wp-content\/uploads\/2025\/09\/Skudurine-lele-1.webp","datePublished":"2025-09-05T07:40:31+00:00","dateModified":"2026-03-05T09:59:16+00:00","description":"Detektyvas Viljamas Fokas, koleg\u0173 vadinamas Vilku, prie\u0161 ketverius metus brutaliai u\u017epuol\u0117 k\u0105 tik i\u0161teisint\u0105 \u012ftariam\u0105j\u012f, tvirtai \u012fsitikin\u0119s, kad jis ir","breadcrumb":{"@id":"https:\/\/skaitytaknyga.lt\/produktas\/skudurine-lele\/#breadcrumb"},"inLanguage":"en-GB","potentialAction":[{"@type":"ReadAction","target":["https:\/\/skaitytaknyga.lt\/produktas\/skudurine-lele\/"]}]},{"@type":"ImageObject","inLanguage":"en-GB","@id":"https:\/\/skaitytaknyga.lt\/produktas\/skudurine-lele\/#primaryimage","url":"https:\/\/skaitytaknyga.lt\/wp-content\/uploads\/2025\/09\/Skudurine-lele-1.webp","contentUrl":"https:\/\/skaitytaknyga.lt\/wp-content\/uploads\/2025\/09\/Skudurine-lele-1.webp","width":300,"height":433},{"@type":"BreadcrumbList","@id":"https:\/\/skaitytaknyga.lt\/produktas\/skudurine-lele\/#breadcrumb","itemListElement":[{"@type":"ListItem","position":1,"name":"Home","item":"https:\/\/skaitytaknyga.lt\/"},{"@type":"ListItem","position":2,"name":"Parduotuv\u0117","item":"https:\/\/skaitytaknyga.lt\/knygu-parduotuve\/"},{"@type":"ListItem","position":3,"name":"Skudurin\u0117 l\u0117l\u0117"}]},{"@type":"WebSite","@id":"https:\/\/skaitytaknyga.lt\/#website","url":"https:\/\/skaitytaknyga.lt\/","name":"skaitytaknyga.lt","description":"Skaitytaknyga.lt \u2013 tai ma\u017eas \u0161eimos verslas, kuris prasid\u0117jo nuo meil\u0117s knygoms ir siekio i\u0161gelb\u0117ti knygas nuo likimo prie konteinerio. Kas vienam nereikalingas daiktas \u2013 kitam lobis, o mes esame tarpininkai, kurie padeda abiems tapti laimingesniems ???? \u017dinome kaip nelengva i\u0161gyventi ma\u017eiems verslams, tad nuo \u0161iol, \u010dia rasite ir kit\u0173, ma\u017e\u0173 \u0161eim\u0173 versl\u0173, rank\u0173 darbo, dovan\u0173 sau ir artimiesiems.","publisher":{"@id":"https:\/\/skaitytaknyga.lt\/#organization"},"potentialAction":[{"@type":"SearchAction","target":{"@type":"EntryPoint","urlTemplate":"https:\/\/skaitytaknyga.lt\/?s={search_term_string}"},"query-input":{"@type":"PropertyValueSpecification","valueRequired":true,"valueName":"search_term_string"}}],"inLanguage":"en-GB"},{"@type":"Organization","@id":"https:\/\/skaitytaknyga.lt\/#organization","name":"skaitytaknyga.lt","url":"https:\/\/skaitytaknyga.lt\/","logo":{"@type":"ImageObject","inLanguage":"en-GB","@id":"https:\/\/skaitytaknyga.lt\/#\/schema\/logo\/image\/","url":"https:\/\/skaitytaknyga.lt\/wp-content\/uploads\/2024\/05\/cropped-cropped-cropped-02_00843_jt3bggkj1j3HLc7SyY6rEUpg.jpeg","contentUrl":"https:\/\/skaitytaknyga.lt\/wp-content\/uploads\/2024\/05\/cropped-cropped-cropped-02_00843_jt3bggkj1j3HLc7SyY6rEUpg.jpeg","width":1600,"height":1600,"caption":"skaitytaknyga.lt"},"image":{"@id":"https:\/\/skaitytaknyga.lt\/#\/schema\/logo\/image\/"},"sameAs":["https:\/\/www.facebook.com\/skaitytaknyga\/"]}]}},"_links":{"self":[{"href":"https:\/\/skaitytaknyga.lt\/en\/wp-json\/wp\/v2\/product\/20680","targetHints":{"allow":["GET"]}}],"collection":[{"href":"https:\/\/skaitytaknyga.lt\/en\/wp-json\/wp\/v2\/product"}],"about":[{"href":"https:\/\/skaitytaknyga.lt\/en\/wp-json\/wp\/v2\/types\/product"}],"replies":[{"embeddable":true,"href":"https:\/\/skaitytaknyga.lt\/en\/wp-json\/wp\/v2\/comments?post=20680"}],"wp:featuredmedia":[{"embeddable":true,"href":"https:\/\/skaitytaknyga.lt\/en\/wp-json\/wp\/v2\/media\/20685"}],"wp:attachment":[{"href":"https:\/\/skaitytaknyga.lt\/en\/wp-json\/wp\/v2\/media?parent=20680"}],"wp:term":[{"taxonomy":"product_brand","embeddable":true,"href":"https:\/\/skaitytaknyga.lt\/en\/wp-json\/wp\/v2\/product_brand?post=20680"},{"taxonomy":"product_cat","embeddable":true,"href":"https:\/\/skaitytaknyga.lt\/en\/wp-json\/wp\/v2\/product_cat?post=20680"},{"taxonomy":"product_tag","embeddable":true,"href":"https:\/\/skaitytaknyga.lt\/en\/wp-json\/wp\/v2\/product_tag?post=20680"}],"curies":[{"name":"wp","href":"https:\/\/api.w.org\/{rel}","templated":true}]}}