{"id":20679,"date":"2025-09-05T10:40:31","date_gmt":"2025-09-05T07:40:31","guid":{"rendered":"https:\/\/skaitytaknyga.lt\/?post_type=product&#038;p=20679"},"modified":"2025-09-06T11:18:26","modified_gmt":"2025-09-06T08:18:26","slug":"kaledos-zvakiu-sviesoje","status":"publish","type":"product","link":"https:\/\/skaitytaknyga.lt\/en\/produktas\/kaledos-zvakiu-sviesoje\/","title":{"rendered":"Kal\u0117dos \u017evaki\u0173 \u0161viesoje"},"content":{"rendered":"<p>\u2013 Mano drauge, praeitis yra kitas pasaulis. Kas padaryta, jau padaryta, ir nieko negali pakeisti. O pasaulis juk toliau sukasi.<\/p>\n<p>2023-i\u0173j\u0173 gruodis. Trys dienos iki Kal\u0117d\u0173. \u012ekalb\u0117ta bi\u010diul\u0117s Ems\u0117s, teisinink\u0117 Lib\u0117 Pju su savo vaikinu Maksu vyksta \u012f Druvatso dvar\u0105 susitikti su studij\u0173 laik\u0173 draugais. Ems\u0117 tuoj gimdys, tad tai bus savoti\u0161kos i\u0161lyd\u0117tuv\u0117s. Lib\u0117 devynerius metus veng\u0117 toki\u0173 susitikim\u0173 teisindamasi u\u017eimtumu, bet \u0161\u012fsyk pa\u017ead\u0117jo u\u017esukti vakarien\u0117s. Did\u017eiai Lib\u0117s nuostabai, trys valandos su Emse, Proku, Roliu, \u010carliu, Zana, Koko ir Ar\u010diu pralekia svaiginamai greitai. Deja, d\u0117l nenumatyt\u0173 aplinkybi\u0173 Libei su Maksu tenka likti nakvoti. Kit\u0105 dien\u0105 dingsta elektra. Kompanija lieka be vandens, \u0161ildymo ir galimyb\u0117s susisiekti su pasauliu. Ar gyvenimas sud\u0117tingomis s\u0105lygomis suartins nutolusius draugus? Kokios paslaptys i\u0161kils \u012f dienos \u0161vies\u0105? \u0160ios Kal\u0117dos pakeis ne vieno gyvenim\u0105.<\/p>\n<p>\u201eKal\u0117dos \u017evaki\u0173 \u0161viesoje\u201c \u2013 tai pasakojimas apie sud\u0117tingus, paslap\u010di\u0173 ir nesusikalb\u0117jimo nuodijamus santykius, o kartu apie stulbinam\u0105 pasiaukojim\u0105, apie meil\u0119 ir draugyst\u0119, kurios atlaiko did\u017eiausius i\u0161bandymus.<\/p>\n","protected":false},"excerpt":{"rendered":"<p>\u2013 Mano drauge, praeitis yra kitas pasaulis. Kas padaryta, jau padaryta, ir nieko negali pakeisti. O pasaulis juk toliau sukasi. 2023-i\u0173j\u0173 gruodis. Trys dienos iki Kal\u0117d\u0173. \u012ekalb\u0117ta bi\u010diul\u0117s Ems\u0117s, teisinink\u0117 Lib\u0117 Pju su savo vaikinu Maksu vyksta \u012f Druvatso dvar\u0105 susitikti su studij\u0173 laik\u0173 draugais. Ems\u0117 tuoj gimdys, tad tai bus savoti\u0161kos i\u0161lyd\u0117tuv\u0117s. Lib\u0117 devynerius metus veng\u0117 toki\u0173 susitikim\u0173 teisindamasi u\u017eimtumu, bet \u0161\u012fsyk pa\u017ead\u0117jo u\u017esukti vakarien\u0117s. Did\u017eiai Lib\u0117s nuostabai, trys valandos su Emse, Proku, Roliu, \u010carliu, Zana, Koko ir Ar\u010diu pralekia svaiginamai greitai. Deja, d\u0117l nenumatyt\u0173 aplinkybi\u0173 Libei su Maksu tenka likti nakvoti. Kit\u0105 dien\u0105 dingsta elektra. Kompanija lieka be vandens, \u0161ildymo ir galimyb\u0117s susisiekti su pasauliu. Ar gyvenimas sud\u0117tingomis s\u0105lygomis suartins nutolusius draugus? Kokios paslaptys i\u0161kils \u012f dienos \u0161vies\u0105? \u0160ios Kal\u0117dos pakeis ne vieno gyvenim\u0105. \u201eKal\u0117dos \u017evaki\u0173 \u0161viesoje\u201c \u2013 tai pasakojimas apie sud\u0117tingus, paslap\u010di\u0173 ir nesusikalb\u0117jimo nuodijamus santykius, o kartu apie stulbinam\u0105 pasiaukojim\u0105, apie meil\u0119 ir draugyst\u0119, kurios atlaiko did\u017eiausius i\u0161bandymus.<\/p>\n","protected":false},"featured_media":20684,"comment_status":"open","ping_status":"closed","template":"","meta":{"_acf_changed":false,"site-sidebar-layout":"default","site-content-layout":"","ast-site-content-layout":"default","site-content-style":"default","site-sidebar-style":"default","ast-global-header-display":"","ast-banner-title-visibility":"","ast-main-header-display":"","ast-hfb-above-header-display":"","ast-hfb-below-header-display":"","ast-hfb-mobile-header-display":"","site-post-title":"","ast-breadcrumbs-content":"","ast-featured-img":"","footer-sml-layout":"","ast-disable-related-posts":"","theme-transparent-header-meta":"","adv-header-id-meta":"","stick-header-meta":"","header-above-stick-meta":"","header-main-stick-meta":"","header-below-stick-meta":"","astra-migrate-meta-layouts":"default","ast-page-background-enabled":"default","ast-page-background-meta":{"desktop":{"background-color":"","background-image":"","background-repeat":"repeat","background-position":"center center","background-size":"auto","background-attachment":"scroll","background-type":"","background-media":"","overlay-type":"","overlay-color":"","overlay-opacity":"","overlay-gradient":""},"tablet":{"background-color":"","background-image":"","background-repeat":"repeat","background-position":"center center","background-size":"auto","background-attachment":"scroll","background-type":"","background-media":"","overlay-type":"","overlay-color":"","overlay-opacity":"","overlay-gradient":""},"mobile":{"background-color":"","background-image":"","background-repeat":"repeat","background-position":"center center","background-size":"auto","background-attachment":"scroll","background-type":"","background-media":"","overlay-type":"","overlay-color":"","overlay-opacity":"","overlay-gradient":""}},"ast-content-background-meta":{"desktop":{"background-color":"var(--ast-global-color-4)","background-image":"","background-repeat":"repeat","background-position":"center center","background-size":"auto","background-attachment":"scroll","background-type":"","background-media":"","overlay-type":"","overlay-color":"","overlay-opacity":"","overlay-gradient":""},"tablet":{"background-color":"var(--ast-global-color-4)","background-image":"","background-repeat":"repeat","background-position":"center center","background-size":"auto","background-attachment":"scroll","background-type":"","background-media":"","overlay-type":"","overlay-color":"","overlay-opacity":"","overlay-gradient":""},"mobile":{"background-color":"var(--ast-global-color-4)","background-image":"","background-repeat":"repeat","background-position":"center center","background-size":"auto","background-attachment":"scroll","background-type":"","background-media":"","overlay-type":"","overlay-color":"","overlay-opacity":"","overlay-gradient":""}}},"product_brand":[],"product_cat":[31],"product_tag":[2939,6613,1796,1478,1745],"class_list":{"0":"post-20679","1":"product","2":"type-product","3":"status-publish","4":"has-post-thumbnail","6":"product_cat-grozine-literatura","7":"product_tag-kaledos","8":"product_tag-karen-swan","9":"product_tag-meile","10":"product_tag-paslaptys","11":"product_tag-romanas","12":"desktop-align-left","13":"tablet-align-left","14":"mobile-align-left","16":"first","17":"instock","18":"shipping-taxable","19":"purchasable","20":"product-type-simple"},"acf":[],"yoast_head":"<!-- This site is optimized with the Yoast SEO plugin v27.0 - https:\/\/yoast.com\/product\/yoast-seo-wordpress\/ -->\n<title>Kal\u0117dos \u017evaki\u0173 \u0161viesoje<\/title>\n<meta name=\"description\" content=\"\u2013 Mano drauge, praeitis yra kitas pasaulis. Kas padaryta, jau padaryta, ir nieko negali pakeisti. O pasaulis juk toliau sukasi. 2023-i\u0173j\u0173 gruodis. Trys\" \/>\n<meta name=\"robots\" content=\"index, follow, max-snippet:-1, max-image-preview:large, max-video-preview:-1\" \/>\n<link rel=\"canonical\" href=\"https:\/\/skaitytaknyga.lt\/en\/produktas\/kaledos-zvakiu-sviesoje\/\" \/>\n<meta property=\"og:locale\" content=\"en_GB\" \/>\n<meta property=\"og:locale:alternate\" content=\"lt_LT\" \/>\n<meta property=\"og:type\" content=\"article\" \/>\n<meta property=\"og:title\" content=\"Kal\u0117dos \u017evaki\u0173 \u0161viesoje\" \/>\n<meta property=\"og:description\" content=\"\u2013 Mano drauge, praeitis yra kitas pasaulis. Kas padaryta, jau padaryta, ir nieko negali pakeisti. O pasaulis juk toliau sukasi. 2023-i\u0173j\u0173 gruodis. Trys\" \/>\n<meta property=\"og:url\" content=\"https:\/\/skaitytaknyga.lt\/en\/produktas\/kaledos-zvakiu-sviesoje\/\" \/>\n<meta property=\"og:site_name\" content=\"Skaitytaknyga\" \/>\n<meta property=\"article:publisher\" content=\"https:\/\/www.facebook.com\/skaitytaknyga\/\" \/>\n<meta property=\"article:modified_time\" content=\"2025-09-06T08:18:26+00:00\" \/>\n<meta property=\"og:image\" content=\"https:\/\/skaitytaknyga.lt\/wp-content\/uploads\/2025\/09\/Kaledos-zvakiu-sviesoje-1.webp\" \/>\n\t<meta property=\"og:image:width\" content=\"300\" \/>\n\t<meta property=\"og:image:height\" content=\"443\" \/>\n\t<meta property=\"og:image:type\" content=\"image\/webp\" \/>\n<meta name=\"twitter:card\" content=\"summary_large_image\" \/>\n<meta name=\"twitter:label1\" content=\"Estimated reading time\" \/>\n\t<meta name=\"twitter:data1\" content=\"1 minute\" \/>\n<script type=\"application\/ld+json\" class=\"yoast-schema-graph\">{\"@context\":\"https:\/\/schema.org\",\"@graph\":[{\"@type\":\"WebPage\",\"@id\":\"https:\/\/skaitytaknyga.lt\/produktas\/kaledos-zvakiu-sviesoje\/\",\"url\":\"https:\/\/skaitytaknyga.lt\/produktas\/kaledos-zvakiu-sviesoje\/\",\"name\":\"Kal\u0117dos \u017evaki\u0173 \u0161viesoje\",\"isPartOf\":{\"@id\":\"https:\/\/skaitytaknyga.lt\/#website\"},\"primaryImageOfPage\":{\"@id\":\"https:\/\/skaitytaknyga.lt\/produktas\/kaledos-zvakiu-sviesoje\/#primaryimage\"},\"image\":{\"@id\":\"https:\/\/skaitytaknyga.lt\/produktas\/kaledos-zvakiu-sviesoje\/#primaryimage\"},\"thumbnailUrl\":\"https:\/\/skaitytaknyga.lt\/wp-content\/uploads\/2025\/09\/Kaledos-zvakiu-sviesoje-1.webp\",\"datePublished\":\"2025-09-05T07:40:31+00:00\",\"dateModified\":\"2025-09-06T08:18:26+00:00\",\"description\":\"\u2013 Mano drauge, praeitis yra kitas pasaulis. Kas padaryta, jau padaryta, ir nieko negali pakeisti. O pasaulis juk toliau sukasi. 2023-i\u0173j\u0173 gruodis. Trys\",\"breadcrumb\":{\"@id\":\"https:\/\/skaitytaknyga.lt\/produktas\/kaledos-zvakiu-sviesoje\/#breadcrumb\"},\"inLanguage\":\"en-GB\",\"potentialAction\":[{\"@type\":\"ReadAction\",\"target\":[\"https:\/\/skaitytaknyga.lt\/produktas\/kaledos-zvakiu-sviesoje\/\"]}]},{\"@type\":\"ImageObject\",\"inLanguage\":\"en-GB\",\"@id\":\"https:\/\/skaitytaknyga.lt\/produktas\/kaledos-zvakiu-sviesoje\/#primaryimage\",\"url\":\"https:\/\/skaitytaknyga.lt\/wp-content\/uploads\/2025\/09\/Kaledos-zvakiu-sviesoje-1.webp\",\"contentUrl\":\"https:\/\/skaitytaknyga.lt\/wp-content\/uploads\/2025\/09\/Kaledos-zvakiu-sviesoje-1.webp\",\"width\":300,\"height\":443,\"caption\":\"Kal\u0117dos \u017evaki\u0173 \u0161viesoje\"},{\"@type\":\"BreadcrumbList\",\"@id\":\"https:\/\/skaitytaknyga.lt\/produktas\/kaledos-zvakiu-sviesoje\/#breadcrumb\",\"itemListElement\":[{\"@type\":\"ListItem\",\"position\":1,\"name\":\"Home\",\"item\":\"https:\/\/skaitytaknyga.lt\/\"},{\"@type\":\"ListItem\",\"position\":2,\"name\":\"Parduotuv\u0117\",\"item\":\"https:\/\/skaitytaknyga.lt\/knygu-parduotuve\/\"},{\"@type\":\"ListItem\",\"position\":3,\"name\":\"Kal\u0117dos \u017evaki\u0173 \u0161viesoje\"}]},{\"@type\":\"WebSite\",\"@id\":\"https:\/\/skaitytaknyga.lt\/#website\",\"url\":\"https:\/\/skaitytaknyga.lt\/\",\"name\":\"skaitytaknyga.lt\",\"description\":\"Skaitytaknyga.lt \u2013 tai ma\u017eas \u0161eimos verslas, kuris prasid\u0117jo nuo meil\u0117s knygoms ir siekio i\u0161gelb\u0117ti knygas nuo likimo prie konteinerio. Kas vienam nereikalingas daiktas \u2013 kitam lobis, o mes esame tarpininkai, kurie padeda abiems tapti laimingesniems ???? \u017dinome kaip nelengva i\u0161gyventi ma\u017eiems verslams, tad nuo \u0161iol, \u010dia rasite ir kit\u0173, ma\u017e\u0173 \u0161eim\u0173 versl\u0173, rank\u0173 darbo, dovan\u0173 sau ir artimiesiems.\",\"publisher\":{\"@id\":\"https:\/\/skaitytaknyga.lt\/#organization\"},\"potentialAction\":[{\"@type\":\"SearchAction\",\"target\":{\"@type\":\"EntryPoint\",\"urlTemplate\":\"https:\/\/skaitytaknyga.lt\/?s={search_term_string}\"},\"query-input\":{\"@type\":\"PropertyValueSpecification\",\"valueRequired\":true,\"valueName\":\"search_term_string\"}}],\"inLanguage\":\"en-GB\"},{\"@type\":\"Organization\",\"@id\":\"https:\/\/skaitytaknyga.lt\/#organization\",\"name\":\"skaitytaknyga.lt\",\"url\":\"https:\/\/skaitytaknyga.lt\/\",\"logo\":{\"@type\":\"ImageObject\",\"inLanguage\":\"en-GB\",\"@id\":\"https:\/\/skaitytaknyga.lt\/#\/schema\/logo\/image\/\",\"url\":\"https:\/\/skaitytaknyga.lt\/wp-content\/uploads\/2024\/05\/cropped-cropped-cropped-02_00843_jt3bggkj1j3HLc7SyY6rEUpg.jpeg\",\"contentUrl\":\"https:\/\/skaitytaknyga.lt\/wp-content\/uploads\/2024\/05\/cropped-cropped-cropped-02_00843_jt3bggkj1j3HLc7SyY6rEUpg.jpeg\",\"width\":1600,\"height\":1600,\"caption\":\"skaitytaknyga.lt\"},\"image\":{\"@id\":\"https:\/\/skaitytaknyga.lt\/#\/schema\/logo\/image\/\"},\"sameAs\":[\"https:\/\/www.facebook.com\/skaitytaknyga\/\"]}]}<\/script>\n<!-- \/ Yoast SEO plugin. -->","yoast_head_json":{"title":"Kal\u0117dos \u017evaki\u0173 \u0161viesoje","description":"\u2013 Mano drauge, praeitis yra kitas pasaulis. Kas padaryta, jau padaryta, ir nieko negali pakeisti. O pasaulis juk toliau sukasi. 2023-i\u0173j\u0173 gruodis. Trys","robots":{"index":"index","follow":"follow","max-snippet":"max-snippet:-1","max-image-preview":"max-image-preview:large","max-video-preview":"max-video-preview:-1"},"canonical":"https:\/\/skaitytaknyga.lt\/en\/produktas\/kaledos-zvakiu-sviesoje\/","og_locale":"en_GB","og_type":"article","og_title":"[:lt]Kal\u0117dos \u017evaki\u0173 \u0161viesoje[:] - Skaitytaknyga","og_description":"\u2013 Mano drauge, praeitis yra kitas pasaulis. Kas padaryta, jau padaryta, ir nieko negali pakeisti. O pasaulis juk toliau sukasi. 2023-i\u0173j\u0173 gruodis. Trys","og_url":"https:\/\/skaitytaknyga.lt\/en\/produktas\/kaledos-zvakiu-sviesoje\/","og_site_name":"Skaitytaknyga","article_publisher":"https:\/\/www.facebook.com\/skaitytaknyga\/","article_modified_time":"2025-09-06T08:18:26+00:00","og_image":[{"width":300,"height":443,"url":"https:\/\/skaitytaknyga.lt\/wp-content\/uploads\/2025\/09\/Kaledos-zvakiu-sviesoje-1.webp","type":"image\/webp"}],"twitter_card":"summary_large_image","twitter_misc":{"Estimated reading time":"1 minute"},"schema":{"@context":"https:\/\/schema.org","@graph":[{"@type":"WebPage","@id":"https:\/\/skaitytaknyga.lt\/produktas\/kaledos-zvakiu-sviesoje\/","url":"https:\/\/skaitytaknyga.lt\/produktas\/kaledos-zvakiu-sviesoje\/","name":"Kal\u0117dos \u017evaki\u0173 \u0161viesoje","isPartOf":{"@id":"https:\/\/skaitytaknyga.lt\/#website"},"primaryImageOfPage":{"@id":"https:\/\/skaitytaknyga.lt\/produktas\/kaledos-zvakiu-sviesoje\/#primaryimage"},"image":{"@id":"https:\/\/skaitytaknyga.lt\/produktas\/kaledos-zvakiu-sviesoje\/#primaryimage"},"thumbnailUrl":"https:\/\/skaitytaknyga.lt\/wp-content\/uploads\/2025\/09\/Kaledos-zvakiu-sviesoje-1.webp","datePublished":"2025-09-05T07:40:31+00:00","dateModified":"2025-09-06T08:18:26+00:00","description":"\u2013 Mano drauge, praeitis yra kitas pasaulis. Kas padaryta, jau padaryta, ir nieko negali pakeisti. O pasaulis juk toliau sukasi. 2023-i\u0173j\u0173 gruodis. Trys","breadcrumb":{"@id":"https:\/\/skaitytaknyga.lt\/produktas\/kaledos-zvakiu-sviesoje\/#breadcrumb"},"inLanguage":"en-GB","potentialAction":[{"@type":"ReadAction","target":["https:\/\/skaitytaknyga.lt\/produktas\/kaledos-zvakiu-sviesoje\/"]}]},{"@type":"ImageObject","inLanguage":"en-GB","@id":"https:\/\/skaitytaknyga.lt\/produktas\/kaledos-zvakiu-sviesoje\/#primaryimage","url":"https:\/\/skaitytaknyga.lt\/wp-content\/uploads\/2025\/09\/Kaledos-zvakiu-sviesoje-1.webp","contentUrl":"https:\/\/skaitytaknyga.lt\/wp-content\/uploads\/2025\/09\/Kaledos-zvakiu-sviesoje-1.webp","width":300,"height":443,"caption":"Kal\u0117dos \u017evaki\u0173 \u0161viesoje"},{"@type":"BreadcrumbList","@id":"https:\/\/skaitytaknyga.lt\/produktas\/kaledos-zvakiu-sviesoje\/#breadcrumb","itemListElement":[{"@type":"ListItem","position":1,"name":"Home","item":"https:\/\/skaitytaknyga.lt\/"},{"@type":"ListItem","position":2,"name":"Parduotuv\u0117","item":"https:\/\/skaitytaknyga.lt\/knygu-parduotuve\/"},{"@type":"ListItem","position":3,"name":"Kal\u0117dos \u017evaki\u0173 \u0161viesoje"}]},{"@type":"WebSite","@id":"https:\/\/skaitytaknyga.lt\/#website","url":"https:\/\/skaitytaknyga.lt\/","name":"skaitytaknyga.lt","description":"Skaitytaknyga.lt \u2013 tai ma\u017eas \u0161eimos verslas, kuris prasid\u0117jo nuo meil\u0117s knygoms ir siekio i\u0161gelb\u0117ti knygas nuo likimo prie konteinerio. Kas vienam nereikalingas daiktas \u2013 kitam lobis, o mes esame tarpininkai, kurie padeda abiems tapti laimingesniems ???? \u017dinome kaip nelengva i\u0161gyventi ma\u017eiems verslams, tad nuo \u0161iol, \u010dia rasite ir kit\u0173, ma\u017e\u0173 \u0161eim\u0173 versl\u0173, rank\u0173 darbo, dovan\u0173 sau ir artimiesiems.","publisher":{"@id":"https:\/\/skaitytaknyga.lt\/#organization"},"potentialAction":[{"@type":"SearchAction","target":{"@type":"EntryPoint","urlTemplate":"https:\/\/skaitytaknyga.lt\/?s={search_term_string}"},"query-input":{"@type":"PropertyValueSpecification","valueRequired":true,"valueName":"search_term_string"}}],"inLanguage":"en-GB"},{"@type":"Organization","@id":"https:\/\/skaitytaknyga.lt\/#organization","name":"skaitytaknyga.lt","url":"https:\/\/skaitytaknyga.lt\/","logo":{"@type":"ImageObject","inLanguage":"en-GB","@id":"https:\/\/skaitytaknyga.lt\/#\/schema\/logo\/image\/","url":"https:\/\/skaitytaknyga.lt\/wp-content\/uploads\/2024\/05\/cropped-cropped-cropped-02_00843_jt3bggkj1j3HLc7SyY6rEUpg.jpeg","contentUrl":"https:\/\/skaitytaknyga.lt\/wp-content\/uploads\/2024\/05\/cropped-cropped-cropped-02_00843_jt3bggkj1j3HLc7SyY6rEUpg.jpeg","width":1600,"height":1600,"caption":"skaitytaknyga.lt"},"image":{"@id":"https:\/\/skaitytaknyga.lt\/#\/schema\/logo\/image\/"},"sameAs":["https:\/\/www.facebook.com\/skaitytaknyga\/"]}]}},"_links":{"self":[{"href":"https:\/\/skaitytaknyga.lt\/en\/wp-json\/wp\/v2\/product\/20679","targetHints":{"allow":["GET"]}}],"collection":[{"href":"https:\/\/skaitytaknyga.lt\/en\/wp-json\/wp\/v2\/product"}],"about":[{"href":"https:\/\/skaitytaknyga.lt\/en\/wp-json\/wp\/v2\/types\/product"}],"replies":[{"embeddable":true,"href":"https:\/\/skaitytaknyga.lt\/en\/wp-json\/wp\/v2\/comments?post=20679"}],"wp:featuredmedia":[{"embeddable":true,"href":"https:\/\/skaitytaknyga.lt\/en\/wp-json\/wp\/v2\/media\/20684"}],"wp:attachment":[{"href":"https:\/\/skaitytaknyga.lt\/en\/wp-json\/wp\/v2\/media?parent=20679"}],"wp:term":[{"taxonomy":"product_brand","embeddable":true,"href":"https:\/\/skaitytaknyga.lt\/en\/wp-json\/wp\/v2\/product_brand?post=20679"},{"taxonomy":"product_cat","embeddable":true,"href":"https:\/\/skaitytaknyga.lt\/en\/wp-json\/wp\/v2\/product_cat?post=20679"},{"taxonomy":"product_tag","embeddable":true,"href":"https:\/\/skaitytaknyga.lt\/en\/wp-json\/wp\/v2\/product_tag?post=20679"}],"curies":[{"name":"wp","href":"https:\/\/api.w.org\/{rel}","templated":true}]}}