{"id":20673,"date":"2025-09-05T09:06:49","date_gmt":"2025-09-05T06:06:49","guid":{"rendered":"https:\/\/skaitytaknyga.lt\/?post_type=product&#038;p=20673"},"modified":"2025-09-27T19:02:52","modified_gmt":"2025-09-27T16:02:52","slug":"didzioji-namu-vaistine","status":"publish","type":"product","link":"https:\/\/skaitytaknyga.lt\/en\/produktas\/didzioji-namu-vaistine\/","title":{"rendered":"Did\u017eioji nam\u0173 vaistin\u0117"},"content":{"rendered":"<p>Moksliniais tyrimais nustatyta, kad 50 % \u017emogaus sveikata priklauso nuo gyvensenos, 30\u201340 % nuo j\u012f supan\u010dios aplinkos, 10\u201315 % nuo paveld\u0117jimo ir tik 8\u201310 % nuo sveikatos apsaugos. Kiekvienam \u017emogui suteiktas tam tikras sveikatos potencialas, kur\u012f jis turi stiprinti vis\u0105 gyvenim\u0105. \u017dmogus pats gali \u012fvertinti ne tik savo negalavimus, funkcin\u012f paj\u0117gum\u0105 bei psichologin\u0119 sveikat\u0105, bet ir galimas sveikatos sutrikimo prie\u017eastis. Jis pats turi r\u016bpintis sveikata, stiprinti ir gerinti j\u0105.<\/p>\n<p>Norint i\u0161saugoti sveikat\u0105 ir nepakenkti gyvenimo kokybei, b\u016btina laikytis tam tikr\u0173 gyvensenos princip\u0173: sveika mityba, fizini\u0173 ir psichoemocini\u0173 gali\u0173 stiprinimas, fizinis lavinimas ir gr\u016bdinimas. Tam pasiekti reikia ne tik noro, bet ir valios bei \u017eini\u0173. Tik i\u0161silavin\u0119s \u017emogus gali suprasti, kaip reikia r\u016bpintis savo sveikata, stiprinti budrum\u0105 sveikatos po\u017ei\u016briu.<\/p>\n<p>\u0160i knyga, pateikia daug informacijos apie da\u017eniausias \u0161irdies ir kraujagysli\u0173, atramos ir jud\u0117jimo sistemos, vir\u0161kinimo sistemos, odos, aki\u0173, per\u0161alimo ir vaik\u0173 ligas. Besikei\u010diant ekonomin\u0117ms s\u0105lygorns ir sveikatos prie\u017ei\u016bros pob\u016bd\u017eiui, vis didesn\u012f vaidmen\u012f atlieka savigyda. Knygoje kaip tik pateikti patarimai, kaip \u0161velni\u0105ja, (alternatyvi\u0105ja, biologine) medicina, nat\u016braliomis priemon\u0117mis pagelb\u0117ti sau ir kitam. Ta\u010diau nepasiekus norirn\u0173 savigydos rezultat\u0173 ar jeigu gydantis kyla klausim\u0173, b\u016btina kreiptis \u012f \u0161eimos gydytoj\u0105.<\/p>\n","protected":false},"excerpt":{"rendered":"<p>Moksliniais tyrimais nustatyta, kad 50 % \u017emogaus sveikata priklauso nuo gyvensenos, 30\u201340 % nuo j\u012f supan\u010dios aplinkos, 10\u201315 % nuo paveld\u0117jimo ir tik 8\u201310 % nuo sveikatos apsaugos. Kiekvienam \u017emogui suteiktas tam tikras sveikatos potencialas, kur\u012f jis turi stiprinti vis\u0105 gyvenim\u0105. \u017dmogus pats gali \u012fvertinti ne tik savo negalavimus, funkcin\u012f paj\u0117gum\u0105 bei psichologin\u0119 sveikat\u0105, bet ir galimas sveikatos sutrikimo prie\u017eastis. Jis pats turi r\u016bpintis sveikata, stiprinti ir gerinti j\u0105. Norint i\u0161saugoti sveikat\u0105 ir nepakenkti gyvenimo kokybei, b\u016btina laikytis tam tikr\u0173 gyvensenos princip\u0173: sveika mityba, fizini\u0173 ir psichoemocini\u0173 gali\u0173 stiprinimas, fizinis lavinimas ir gr\u016bdinimas. Tam pasiekti reikia ne tik noro, bet ir valios bei \u017eini\u0173. Tik i\u0161silavin\u0119s \u017emogus gali suprasti, kaip reikia r\u016bpintis savo sveikata, stiprinti budrum\u0105 sveikatos po\u017ei\u016briu. \u0160i knyga, pateikia daug informacijos apie da\u017eniausias \u0161irdies ir kraujagysli\u0173, atramos ir jud\u0117jimo sistemos, vir\u0161kinimo sistemos, odos, aki\u0173, per\u0161alimo ir vaik\u0173 ligas. Besikei\u010diant ekonomin\u0117ms s\u0105lygorns ir sveikatos prie\u017ei\u016bros pob\u016bd\u017eiui, vis didesn\u012f vaidmen\u012f atlieka savigyda. Knygoje kaip tik pateikti patarimai, kaip \u0161velni\u0105ja, (alternatyvi\u0105ja, biologine) medicina, nat\u016braliomis priemon\u0117mis pagelb\u0117ti sau ir kitam. Ta\u010diau nepasiekus norirn\u0173 savigydos rezultat\u0173 ar jeigu gydantis kyla klausim\u0173, b\u016btina kreiptis \u012f \u0161eimos gydytoj\u0105.<\/p>\n","protected":false},"featured_media":20678,"comment_status":"open","ping_status":"closed","template":"","meta":{"_acf_changed":false,"site-sidebar-layout":"default","site-content-layout":"","ast-site-content-layout":"default","site-content-style":"default","site-sidebar-style":"default","ast-global-header-display":"","ast-banner-title-visibility":"","ast-main-header-display":"","ast-hfb-above-header-display":"","ast-hfb-below-header-display":"","ast-hfb-mobile-header-display":"","site-post-title":"","ast-breadcrumbs-content":"","ast-featured-img":"","footer-sml-layout":"","ast-disable-related-posts":"","theme-transparent-header-meta":"","adv-header-id-meta":"","stick-header-meta":"","header-above-stick-meta":"","header-main-stick-meta":"","header-below-stick-meta":"","astra-migrate-meta-layouts":"default","ast-page-background-enabled":"default","ast-page-background-meta":{"desktop":{"background-color":"","background-image":"","background-repeat":"repeat","background-position":"center center","background-size":"auto","background-attachment":"scroll","background-type":"","background-media":"","overlay-type":"","overlay-color":"","overlay-opacity":"","overlay-gradient":""},"tablet":{"background-color":"","background-image":"","background-repeat":"repeat","background-position":"center center","background-size":"auto","background-attachment":"scroll","background-type":"","background-media":"","overlay-type":"","overlay-color":"","overlay-opacity":"","overlay-gradient":""},"mobile":{"background-color":"","background-image":"","background-repeat":"repeat","background-position":"center center","background-size":"auto","background-attachment":"scroll","background-type":"","background-media":"","overlay-type":"","overlay-color":"","overlay-opacity":"","overlay-gradient":""}},"ast-content-background-meta":{"desktop":{"background-color":"var(--ast-global-color-4)","background-image":"","background-repeat":"repeat","background-position":"center center","background-size":"auto","background-attachment":"scroll","background-type":"","background-media":"","overlay-type":"","overlay-color":"","overlay-opacity":"","overlay-gradient":""},"tablet":{"background-color":"var(--ast-global-color-4)","background-image":"","background-repeat":"repeat","background-position":"center center","background-size":"auto","background-attachment":"scroll","background-type":"","background-media":"","overlay-type":"","overlay-color":"","overlay-opacity":"","overlay-gradient":""},"mobile":{"background-color":"var(--ast-global-color-4)","background-image":"","background-repeat":"repeat","background-position":"center center","background-size":"auto","background-attachment":"scroll","background-type":"","background-media":"","overlay-type":"","overlay-color":"","overlay-opacity":"","overlay-gradient":""}}},"product_brand":[],"product_cat":[55],"product_tag":[7665,1700,7666,3405,5777,7667,1680],"class_list":{"0":"post-20673","1":"product","2":"type-product","3":"status-publish","4":"has-post-thumbnail","6":"product_cat-sveikata-ir-sveika-mityba","7":"product_tag-dagmar-p-heinke","8":"product_tag-gydymas","9":"product_tag-jorg-zittlau","10":"product_tag-ligos","11":"product_tag-naturali-medicina","12":"product_tag-norbert-kriegisch","13":"product_tag-sveikata","14":"desktop-align-left","15":"tablet-align-left","16":"mobile-align-left","18":"first","19":"instock","20":"shipping-taxable","21":"purchasable","22":"product-type-simple"},"acf":[],"yoast_head":"<!-- This site is optimized with the Yoast SEO plugin v27.0 - https:\/\/yoast.com\/product\/yoast-seo-wordpress\/ -->\n<title>Did\u017eioji nam\u0173 vaistin\u0117<\/title>\n<meta name=\"description\" content=\"Moksliniais tyrimais nustatyta, kad 50 % \u017emogaus sveikata priklauso nuo gyvensenos, 30\u201340 % nuo j\u012f supan\u010dios aplinkos, 10\u201315 % nuo paveld\u0117jimo ir tik 8\u201310\" \/>\n<meta name=\"robots\" content=\"index, follow, max-snippet:-1, max-image-preview:large, max-video-preview:-1\" \/>\n<link rel=\"canonical\" href=\"https:\/\/skaitytaknyga.lt\/en\/produktas\/didzioji-namu-vaistine\/\" \/>\n<meta property=\"og:locale\" content=\"en_GB\" \/>\n<meta property=\"og:locale:alternate\" content=\"lt_LT\" \/>\n<meta property=\"og:type\" content=\"article\" \/>\n<meta property=\"og:title\" content=\"Did\u017eioji nam\u0173 vaistin\u0117\" \/>\n<meta property=\"og:description\" content=\"Moksliniais tyrimais nustatyta, kad 50 % \u017emogaus sveikata priklauso nuo gyvensenos, 30\u201340 % nuo j\u012f supan\u010dios aplinkos, 10\u201315 % nuo paveld\u0117jimo ir tik 8\u201310\" \/>\n<meta property=\"og:url\" content=\"https:\/\/skaitytaknyga.lt\/en\/produktas\/didzioji-namu-vaistine\/\" \/>\n<meta property=\"og:site_name\" content=\"Skaitytaknyga\" \/>\n<meta property=\"article:publisher\" content=\"https:\/\/www.facebook.com\/skaitytaknyga\/\" \/>\n<meta property=\"article:modified_time\" content=\"2025-09-27T16:02:52+00:00\" \/>\n<meta property=\"og:image\" content=\"https:\/\/skaitytaknyga.lt\/wp-content\/uploads\/2025\/09\/Didzioji-namu-vaistine-1.webp\" \/>\n\t<meta property=\"og:image:width\" content=\"300\" \/>\n\t<meta property=\"og:image:height\" content=\"431\" \/>\n\t<meta property=\"og:image:type\" content=\"image\/webp\" \/>\n<meta name=\"twitter:card\" content=\"summary_large_image\" \/>\n<meta name=\"twitter:label1\" content=\"Estimated reading time\" \/>\n\t<meta name=\"twitter:data1\" content=\"1 minute\" \/>\n<script type=\"application\/ld+json\" class=\"yoast-schema-graph\">{\"@context\":\"https:\/\/schema.org\",\"@graph\":[{\"@type\":\"WebPage\",\"@id\":\"https:\/\/skaitytaknyga.lt\/produktas\/didzioji-namu-vaistine\/\",\"url\":\"https:\/\/skaitytaknyga.lt\/produktas\/didzioji-namu-vaistine\/\",\"name\":\"Did\u017eioji nam\u0173 vaistin\u0117\",\"isPartOf\":{\"@id\":\"https:\/\/skaitytaknyga.lt\/#website\"},\"primaryImageOfPage\":{\"@id\":\"https:\/\/skaitytaknyga.lt\/produktas\/didzioji-namu-vaistine\/#primaryimage\"},\"image\":{\"@id\":\"https:\/\/skaitytaknyga.lt\/produktas\/didzioji-namu-vaistine\/#primaryimage\"},\"thumbnailUrl\":\"https:\/\/skaitytaknyga.lt\/wp-content\/uploads\/2025\/09\/Didzioji-namu-vaistine-1.webp\",\"datePublished\":\"2025-09-05T06:06:49+00:00\",\"dateModified\":\"2025-09-27T16:02:52+00:00\",\"description\":\"Moksliniais tyrimais nustatyta, kad 50 % \u017emogaus sveikata priklauso nuo gyvensenos, 30\u201340 % nuo j\u012f supan\u010dios aplinkos, 10\u201315 % nuo paveld\u0117jimo ir tik 8\u201310\",\"breadcrumb\":{\"@id\":\"https:\/\/skaitytaknyga.lt\/produktas\/didzioji-namu-vaistine\/#breadcrumb\"},\"inLanguage\":\"en-GB\",\"potentialAction\":[{\"@type\":\"ReadAction\",\"target\":[\"https:\/\/skaitytaknyga.lt\/produktas\/didzioji-namu-vaistine\/\"]}]},{\"@type\":\"ImageObject\",\"inLanguage\":\"en-GB\",\"@id\":\"https:\/\/skaitytaknyga.lt\/produktas\/didzioji-namu-vaistine\/#primaryimage\",\"url\":\"https:\/\/skaitytaknyga.lt\/wp-content\/uploads\/2025\/09\/Didzioji-namu-vaistine-1.webp\",\"contentUrl\":\"https:\/\/skaitytaknyga.lt\/wp-content\/uploads\/2025\/09\/Didzioji-namu-vaistine-1.webp\",\"width\":300,\"height\":431,\"caption\":\"Did\u017eioji nam\u0173 vaistin\u0117\"},{\"@type\":\"BreadcrumbList\",\"@id\":\"https:\/\/skaitytaknyga.lt\/produktas\/didzioji-namu-vaistine\/#breadcrumb\",\"itemListElement\":[{\"@type\":\"ListItem\",\"position\":1,\"name\":\"Home\",\"item\":\"https:\/\/skaitytaknyga.lt\/\"},{\"@type\":\"ListItem\",\"position\":2,\"name\":\"Parduotuv\u0117\",\"item\":\"https:\/\/skaitytaknyga.lt\/knygu-parduotuve\/\"},{\"@type\":\"ListItem\",\"position\":3,\"name\":\"Did\u017eioji nam\u0173 vaistin\u0117\"}]},{\"@type\":\"WebSite\",\"@id\":\"https:\/\/skaitytaknyga.lt\/#website\",\"url\":\"https:\/\/skaitytaknyga.lt\/\",\"name\":\"skaitytaknyga.lt\",\"description\":\"Skaitytaknyga.lt \u2013 tai ma\u017eas \u0161eimos verslas, kuris prasid\u0117jo nuo meil\u0117s knygoms ir siekio i\u0161gelb\u0117ti knygas nuo likimo prie konteinerio. Kas vienam nereikalingas daiktas \u2013 kitam lobis, o mes esame tarpininkai, kurie padeda abiems tapti laimingesniems ???? \u017dinome kaip nelengva i\u0161gyventi ma\u017eiems verslams, tad nuo \u0161iol, \u010dia rasite ir kit\u0173, ma\u017e\u0173 \u0161eim\u0173 versl\u0173, rank\u0173 darbo, dovan\u0173 sau ir artimiesiems.\",\"publisher\":{\"@id\":\"https:\/\/skaitytaknyga.lt\/#organization\"},\"potentialAction\":[{\"@type\":\"SearchAction\",\"target\":{\"@type\":\"EntryPoint\",\"urlTemplate\":\"https:\/\/skaitytaknyga.lt\/?s={search_term_string}\"},\"query-input\":{\"@type\":\"PropertyValueSpecification\",\"valueRequired\":true,\"valueName\":\"search_term_string\"}}],\"inLanguage\":\"en-GB\"},{\"@type\":\"Organization\",\"@id\":\"https:\/\/skaitytaknyga.lt\/#organization\",\"name\":\"skaitytaknyga.lt\",\"url\":\"https:\/\/skaitytaknyga.lt\/\",\"logo\":{\"@type\":\"ImageObject\",\"inLanguage\":\"en-GB\",\"@id\":\"https:\/\/skaitytaknyga.lt\/#\/schema\/logo\/image\/\",\"url\":\"https:\/\/skaitytaknyga.lt\/wp-content\/uploads\/2024\/05\/cropped-cropped-cropped-02_00843_jt3bggkj1j3HLc7SyY6rEUpg.jpeg\",\"contentUrl\":\"https:\/\/skaitytaknyga.lt\/wp-content\/uploads\/2024\/05\/cropped-cropped-cropped-02_00843_jt3bggkj1j3HLc7SyY6rEUpg.jpeg\",\"width\":1600,\"height\":1600,\"caption\":\"skaitytaknyga.lt\"},\"image\":{\"@id\":\"https:\/\/skaitytaknyga.lt\/#\/schema\/logo\/image\/\"},\"sameAs\":[\"https:\/\/www.facebook.com\/skaitytaknyga\/\"]}]}<\/script>\n<!-- \/ Yoast SEO plugin. -->","yoast_head_json":{"title":"Did\u017eioji nam\u0173 vaistin\u0117","description":"Moksliniais tyrimais nustatyta, kad 50 % \u017emogaus sveikata priklauso nuo gyvensenos, 30\u201340 % nuo j\u012f supan\u010dios aplinkos, 10\u201315 % nuo paveld\u0117jimo ir tik 8\u201310","robots":{"index":"index","follow":"follow","max-snippet":"max-snippet:-1","max-image-preview":"max-image-preview:large","max-video-preview":"max-video-preview:-1"},"canonical":"https:\/\/skaitytaknyga.lt\/en\/produktas\/didzioji-namu-vaistine\/","og_locale":"en_GB","og_type":"article","og_title":"[:lt]Did\u017eioji nam\u0173 vaistin\u0117[:] - Skaitytaknyga","og_description":"Moksliniais tyrimais nustatyta, kad 50 % \u017emogaus sveikata priklauso nuo gyvensenos, 30\u201340 % nuo j\u012f supan\u010dios aplinkos, 10\u201315 % nuo paveld\u0117jimo ir tik 8\u201310","og_url":"https:\/\/skaitytaknyga.lt\/en\/produktas\/didzioji-namu-vaistine\/","og_site_name":"Skaitytaknyga","article_publisher":"https:\/\/www.facebook.com\/skaitytaknyga\/","article_modified_time":"2025-09-27T16:02:52+00:00","og_image":[{"width":300,"height":431,"url":"https:\/\/skaitytaknyga.lt\/wp-content\/uploads\/2025\/09\/Didzioji-namu-vaistine-1.webp","type":"image\/webp"}],"twitter_card":"summary_large_image","twitter_misc":{"Estimated reading time":"1 minute"},"schema":{"@context":"https:\/\/schema.org","@graph":[{"@type":"WebPage","@id":"https:\/\/skaitytaknyga.lt\/produktas\/didzioji-namu-vaistine\/","url":"https:\/\/skaitytaknyga.lt\/produktas\/didzioji-namu-vaistine\/","name":"Did\u017eioji nam\u0173 vaistin\u0117","isPartOf":{"@id":"https:\/\/skaitytaknyga.lt\/#website"},"primaryImageOfPage":{"@id":"https:\/\/skaitytaknyga.lt\/produktas\/didzioji-namu-vaistine\/#primaryimage"},"image":{"@id":"https:\/\/skaitytaknyga.lt\/produktas\/didzioji-namu-vaistine\/#primaryimage"},"thumbnailUrl":"https:\/\/skaitytaknyga.lt\/wp-content\/uploads\/2025\/09\/Didzioji-namu-vaistine-1.webp","datePublished":"2025-09-05T06:06:49+00:00","dateModified":"2025-09-27T16:02:52+00:00","description":"Moksliniais tyrimais nustatyta, kad 50 % \u017emogaus sveikata priklauso nuo gyvensenos, 30\u201340 % nuo j\u012f supan\u010dios aplinkos, 10\u201315 % nuo paveld\u0117jimo ir tik 8\u201310","breadcrumb":{"@id":"https:\/\/skaitytaknyga.lt\/produktas\/didzioji-namu-vaistine\/#breadcrumb"},"inLanguage":"en-GB","potentialAction":[{"@type":"ReadAction","target":["https:\/\/skaitytaknyga.lt\/produktas\/didzioji-namu-vaistine\/"]}]},{"@type":"ImageObject","inLanguage":"en-GB","@id":"https:\/\/skaitytaknyga.lt\/produktas\/didzioji-namu-vaistine\/#primaryimage","url":"https:\/\/skaitytaknyga.lt\/wp-content\/uploads\/2025\/09\/Didzioji-namu-vaistine-1.webp","contentUrl":"https:\/\/skaitytaknyga.lt\/wp-content\/uploads\/2025\/09\/Didzioji-namu-vaistine-1.webp","width":300,"height":431,"caption":"Did\u017eioji nam\u0173 vaistin\u0117"},{"@type":"BreadcrumbList","@id":"https:\/\/skaitytaknyga.lt\/produktas\/didzioji-namu-vaistine\/#breadcrumb","itemListElement":[{"@type":"ListItem","position":1,"name":"Home","item":"https:\/\/skaitytaknyga.lt\/"},{"@type":"ListItem","position":2,"name":"Parduotuv\u0117","item":"https:\/\/skaitytaknyga.lt\/knygu-parduotuve\/"},{"@type":"ListItem","position":3,"name":"Did\u017eioji nam\u0173 vaistin\u0117"}]},{"@type":"WebSite","@id":"https:\/\/skaitytaknyga.lt\/#website","url":"https:\/\/skaitytaknyga.lt\/","name":"skaitytaknyga.lt","description":"Skaitytaknyga.lt \u2013 tai ma\u017eas \u0161eimos verslas, kuris prasid\u0117jo nuo meil\u0117s knygoms ir siekio i\u0161gelb\u0117ti knygas nuo likimo prie konteinerio. Kas vienam nereikalingas daiktas \u2013 kitam lobis, o mes esame tarpininkai, kurie padeda abiems tapti laimingesniems ???? \u017dinome kaip nelengva i\u0161gyventi ma\u017eiems verslams, tad nuo \u0161iol, \u010dia rasite ir kit\u0173, ma\u017e\u0173 \u0161eim\u0173 versl\u0173, rank\u0173 darbo, dovan\u0173 sau ir artimiesiems.","publisher":{"@id":"https:\/\/skaitytaknyga.lt\/#organization"},"potentialAction":[{"@type":"SearchAction","target":{"@type":"EntryPoint","urlTemplate":"https:\/\/skaitytaknyga.lt\/?s={search_term_string}"},"query-input":{"@type":"PropertyValueSpecification","valueRequired":true,"valueName":"search_term_string"}}],"inLanguage":"en-GB"},{"@type":"Organization","@id":"https:\/\/skaitytaknyga.lt\/#organization","name":"skaitytaknyga.lt","url":"https:\/\/skaitytaknyga.lt\/","logo":{"@type":"ImageObject","inLanguage":"en-GB","@id":"https:\/\/skaitytaknyga.lt\/#\/schema\/logo\/image\/","url":"https:\/\/skaitytaknyga.lt\/wp-content\/uploads\/2024\/05\/cropped-cropped-cropped-02_00843_jt3bggkj1j3HLc7SyY6rEUpg.jpeg","contentUrl":"https:\/\/skaitytaknyga.lt\/wp-content\/uploads\/2024\/05\/cropped-cropped-cropped-02_00843_jt3bggkj1j3HLc7SyY6rEUpg.jpeg","width":1600,"height":1600,"caption":"skaitytaknyga.lt"},"image":{"@id":"https:\/\/skaitytaknyga.lt\/#\/schema\/logo\/image\/"},"sameAs":["https:\/\/www.facebook.com\/skaitytaknyga\/"]}]}},"_links":{"self":[{"href":"https:\/\/skaitytaknyga.lt\/en\/wp-json\/wp\/v2\/product\/20673","targetHints":{"allow":["GET"]}}],"collection":[{"href":"https:\/\/skaitytaknyga.lt\/en\/wp-json\/wp\/v2\/product"}],"about":[{"href":"https:\/\/skaitytaknyga.lt\/en\/wp-json\/wp\/v2\/types\/product"}],"replies":[{"embeddable":true,"href":"https:\/\/skaitytaknyga.lt\/en\/wp-json\/wp\/v2\/comments?post=20673"}],"wp:featuredmedia":[{"embeddable":true,"href":"https:\/\/skaitytaknyga.lt\/en\/wp-json\/wp\/v2\/media\/20678"}],"wp:attachment":[{"href":"https:\/\/skaitytaknyga.lt\/en\/wp-json\/wp\/v2\/media?parent=20673"}],"wp:term":[{"taxonomy":"product_brand","embeddable":true,"href":"https:\/\/skaitytaknyga.lt\/en\/wp-json\/wp\/v2\/product_brand?post=20673"},{"taxonomy":"product_cat","embeddable":true,"href":"https:\/\/skaitytaknyga.lt\/en\/wp-json\/wp\/v2\/product_cat?post=20673"},{"taxonomy":"product_tag","embeddable":true,"href":"https:\/\/skaitytaknyga.lt\/en\/wp-json\/wp\/v2\/product_tag?post=20673"}],"curies":[{"name":"wp","href":"https:\/\/api.w.org\/{rel}","templated":true}]}}