{"id":20672,"date":"2025-09-05T09:06:49","date_gmt":"2025-09-05T06:06:49","guid":{"rendered":"https:\/\/skaitytaknyga.lt\/?post_type=product&#038;p=20672"},"modified":"2025-09-06T11:18:26","modified_gmt":"2025-09-06T08:18:26","slug":"kelione-i-antgamtini-pasauli","status":"publish","type":"product","link":"https:\/\/skaitytaknyga.lt\/en\/produktas\/kelione-i-antgamtini-pasauli\/","title":{"rendered":"Kelion\u0117 \u012f antgamtin\u012f pasaul\u012f"},"content":{"rendered":"<p>\u0160ioje knygoje asmeniniais i\u0161gyvenimais \u0160ventojo Ra\u0161to \u0161viesoje autorius praskleid\u017eia u\u017euolaid\u0105 \u012f antgamtin\u012f pasaul\u012f ir leid\u017eia pa\u017evelgti \u012f neregim\u0105 dvasi\u0173 kov\u0105, pamatyti ypating\u0105 Dievo meil\u0119 ir gerum\u0105.<\/p>\n<p>Vos baig\u0119s tarnyst\u0117 Kanados prekybiniame laivyne ir atvyk\u0119s \u012f didmiest\u012f Rod\u017eeris Morno buvo \u012fviliotas \u012f dvasi\u0173 garbintoj\u0173 sekt\u0105. \u0160ioje knygoje pasakojama stulbinanti istorija apie susid\u016brim\u0105 su dvasi\u0173 pasauliu.<\/p>\n<p>Dievas, kurio iki \u0161iol nepa\u017einojo, pad\u0117jo autoriui i\u0161sivaduoti i\u0161 dvasi\u0173 priklausomyb\u0117s. I\u0161silaisvin\u0119s jis paskyr\u0117 savo gyvenim\u0105 maldos tarnystei. Jaudinan\u010dius Dievo atsakymus autorius apra\u0161\u0117 savo knygoje \u201eNe\u012ftik\u0117tina maldos galia\u201c.<\/p>\n","protected":false},"excerpt":{"rendered":"<p>\u0160ioje knygoje asmeniniais i\u0161gyvenimais \u0160ventojo Ra\u0161to \u0161viesoje autorius praskleid\u017eia u\u017euolaid\u0105 \u012f antgamtin\u012f pasaul\u012f ir leid\u017eia pa\u017evelgti \u012f neregim\u0105 dvasi\u0173 kov\u0105, pamatyti ypating\u0105 Dievo meil\u0119 ir gerum\u0105. Vos baig\u0119s tarnyst\u0117 Kanados prekybiniame laivyne ir atvyk\u0119s \u012f didmiest\u012f Rod\u017eeris Morno buvo \u012fviliotas \u012f dvasi\u0173 garbintoj\u0173 sekt\u0105. \u0160ioje knygoje pasakojama stulbinanti istorija apie susid\u016brim\u0105 su dvasi\u0173 pasauliu. Dievas, kurio iki \u0161iol nepa\u017einojo, pad\u0117jo autoriui i\u0161sivaduoti i\u0161 dvasi\u0173 priklausomyb\u0117s. I\u0161silaisvin\u0119s jis paskyr\u0117 savo gyvenim\u0105 maldos tarnystei. Jaudinan\u010dius Dievo atsakymus autorius apra\u0161\u0117 savo knygoje \u201eNe\u012ftik\u0117tina maldos galia\u201c.<\/p>\n","protected":false},"featured_media":20677,"comment_status":"open","ping_status":"closed","template":"","meta":{"_acf_changed":false,"site-sidebar-layout":"default","site-content-layout":"","ast-site-content-layout":"default","site-content-style":"default","site-sidebar-style":"default","ast-global-header-display":"","ast-banner-title-visibility":"","ast-main-header-display":"","ast-hfb-above-header-display":"","ast-hfb-below-header-display":"","ast-hfb-mobile-header-display":"","site-post-title":"","ast-breadcrumbs-content":"","ast-featured-img":"","footer-sml-layout":"","ast-disable-related-posts":"","theme-transparent-header-meta":"","adv-header-id-meta":"","stick-header-meta":"","header-above-stick-meta":"","header-main-stick-meta":"","header-below-stick-meta":"","astra-migrate-meta-layouts":"default","ast-page-background-enabled":"default","ast-page-background-meta":{"desktop":{"background-color":"","background-image":"","background-repeat":"repeat","background-position":"center center","background-size":"auto","background-attachment":"scroll","background-type":"","background-media":"","overlay-type":"","overlay-color":"","overlay-opacity":"","overlay-gradient":""},"tablet":{"background-color":"","background-image":"","background-repeat":"repeat","background-position":"center center","background-size":"auto","background-attachment":"scroll","background-type":"","background-media":"","overlay-type":"","overlay-color":"","overlay-opacity":"","overlay-gradient":""},"mobile":{"background-color":"","background-image":"","background-repeat":"repeat","background-position":"center center","background-size":"auto","background-attachment":"scroll","background-type":"","background-media":"","overlay-type":"","overlay-color":"","overlay-opacity":"","overlay-gradient":""}},"ast-content-background-meta":{"desktop":{"background-color":"var(--ast-global-color-4)","background-image":"","background-repeat":"repeat","background-position":"center center","background-size":"auto","background-attachment":"scroll","background-type":"","background-media":"","overlay-type":"","overlay-color":"","overlay-opacity":"","overlay-gradient":""},"tablet":{"background-color":"var(--ast-global-color-4)","background-image":"","background-repeat":"repeat","background-position":"center center","background-size":"auto","background-attachment":"scroll","background-type":"","background-media":"","overlay-type":"","overlay-color":"","overlay-opacity":"","overlay-gradient":""},"mobile":{"background-color":"var(--ast-global-color-4)","background-image":"","background-repeat":"repeat","background-position":"center center","background-size":"auto","background-attachment":"scroll","background-type":"","background-media":"","overlay-type":"","overlay-color":"","overlay-opacity":"","overlay-gradient":""}}},"product_brand":[],"product_cat":[15],"product_tag":[7663,5424,7664,1581],"class_list":{"0":"post-20672","1":"product","2":"type-product","3":"status-publish","4":"has-post-thumbnail","6":"product_cat-uncategorized","7":"product_tag-antgamtinis-pasaulis","8":"product_tag-dievas","9":"product_tag-roger-morneau","10":"product_tag-tikejimas","11":"desktop-align-left","12":"tablet-align-left","13":"mobile-align-left","15":"first","16":"instock","17":"shipping-taxable","18":"purchasable","19":"product-type-simple"},"acf":[],"yoast_head":"<!-- This site is optimized with the Yoast SEO plugin v27.0 - https:\/\/yoast.com\/product\/yoast-seo-wordpress\/ -->\n<title>Kelion\u0117 \u012f antgamtin\u012f pasaul\u012f<\/title>\n<meta name=\"description\" content=\"\u0160ioje knygoje asmeniniais i\u0161gyvenimais \u0160ventojo Ra\u0161to \u0161viesoje autorius praskleid\u017eia u\u017euolaid\u0105 \u012f antgamtin\u012f pasaul\u012f ir leid\u017eia pa\u017evelgti \u012f neregim\u0105 dvasi\u0173\" \/>\n<meta name=\"robots\" content=\"index, follow, max-snippet:-1, max-image-preview:large, max-video-preview:-1\" \/>\n<link rel=\"canonical\" href=\"https:\/\/skaitytaknyga.lt\/en\/produktas\/kelione-i-antgamtini-pasauli\/\" \/>\n<meta property=\"og:locale\" content=\"en_GB\" \/>\n<meta property=\"og:locale:alternate\" content=\"lt_LT\" \/>\n<meta property=\"og:type\" content=\"article\" \/>\n<meta property=\"og:title\" content=\"Kelion\u0117 \u012f antgamtin\u012f pasaul\u012f\" \/>\n<meta property=\"og:description\" content=\"\u0160ioje knygoje asmeniniais i\u0161gyvenimais \u0160ventojo Ra\u0161to \u0161viesoje autorius praskleid\u017eia u\u017euolaid\u0105 \u012f antgamtin\u012f pasaul\u012f ir leid\u017eia pa\u017evelgti \u012f neregim\u0105 dvasi\u0173\" \/>\n<meta property=\"og:url\" content=\"https:\/\/skaitytaknyga.lt\/en\/produktas\/kelione-i-antgamtini-pasauli\/\" \/>\n<meta property=\"og:site_name\" content=\"Skaitytaknyga\" \/>\n<meta property=\"article:publisher\" content=\"https:\/\/www.facebook.com\/skaitytaknyga\/\" \/>\n<meta property=\"article:modified_time\" content=\"2025-09-06T08:18:26+00:00\" \/>\n<meta property=\"og:image\" content=\"https:\/\/skaitytaknyga.lt\/wp-content\/uploads\/2025\/09\/Kelione-i-antgamtini-pasauli-2.webp\" \/>\n\t<meta property=\"og:image:width\" content=\"300\" \/>\n\t<meta property=\"og:image:height\" content=\"500\" \/>\n\t<meta property=\"og:image:type\" content=\"image\/webp\" \/>\n<meta name=\"twitter:card\" content=\"summary_large_image\" \/>\n<script type=\"application\/ld+json\" class=\"yoast-schema-graph\">{\"@context\":\"https:\/\/schema.org\",\"@graph\":[{\"@type\":\"WebPage\",\"@id\":\"https:\/\/skaitytaknyga.lt\/produktas\/kelione-i-antgamtini-pasauli\/\",\"url\":\"https:\/\/skaitytaknyga.lt\/produktas\/kelione-i-antgamtini-pasauli\/\",\"name\":\"Kelion\u0117 \u012f antgamtin\u012f pasaul\u012f\",\"isPartOf\":{\"@id\":\"https:\/\/skaitytaknyga.lt\/#website\"},\"primaryImageOfPage\":{\"@id\":\"https:\/\/skaitytaknyga.lt\/produktas\/kelione-i-antgamtini-pasauli\/#primaryimage\"},\"image\":{\"@id\":\"https:\/\/skaitytaknyga.lt\/produktas\/kelione-i-antgamtini-pasauli\/#primaryimage\"},\"thumbnailUrl\":\"https:\/\/skaitytaknyga.lt\/wp-content\/uploads\/2025\/09\/Kelione-i-antgamtini-pasauli-2.webp\",\"datePublished\":\"2025-09-05T06:06:49+00:00\",\"dateModified\":\"2025-09-06T08:18:26+00:00\",\"description\":\"\u0160ioje knygoje asmeniniais i\u0161gyvenimais \u0160ventojo Ra\u0161to \u0161viesoje autorius praskleid\u017eia u\u017euolaid\u0105 \u012f antgamtin\u012f pasaul\u012f ir leid\u017eia pa\u017evelgti \u012f neregim\u0105 dvasi\u0173\",\"breadcrumb\":{\"@id\":\"https:\/\/skaitytaknyga.lt\/produktas\/kelione-i-antgamtini-pasauli\/#breadcrumb\"},\"inLanguage\":\"en-GB\",\"potentialAction\":[{\"@type\":\"ReadAction\",\"target\":[\"https:\/\/skaitytaknyga.lt\/produktas\/kelione-i-antgamtini-pasauli\/\"]}]},{\"@type\":\"ImageObject\",\"inLanguage\":\"en-GB\",\"@id\":\"https:\/\/skaitytaknyga.lt\/produktas\/kelione-i-antgamtini-pasauli\/#primaryimage\",\"url\":\"https:\/\/skaitytaknyga.lt\/wp-content\/uploads\/2025\/09\/Kelione-i-antgamtini-pasauli-2.webp\",\"contentUrl\":\"https:\/\/skaitytaknyga.lt\/wp-content\/uploads\/2025\/09\/Kelione-i-antgamtini-pasauli-2.webp\",\"width\":300,\"height\":500},{\"@type\":\"BreadcrumbList\",\"@id\":\"https:\/\/skaitytaknyga.lt\/produktas\/kelione-i-antgamtini-pasauli\/#breadcrumb\",\"itemListElement\":[{\"@type\":\"ListItem\",\"position\":1,\"name\":\"Home\",\"item\":\"https:\/\/skaitytaknyga.lt\/\"},{\"@type\":\"ListItem\",\"position\":2,\"name\":\"Parduotuv\u0117\",\"item\":\"https:\/\/skaitytaknyga.lt\/knygu-parduotuve\/\"},{\"@type\":\"ListItem\",\"position\":3,\"name\":\"Kelion\u0117 \u012f antgamtin\u012f pasaul\u012f\"}]},{\"@type\":\"WebSite\",\"@id\":\"https:\/\/skaitytaknyga.lt\/#website\",\"url\":\"https:\/\/skaitytaknyga.lt\/\",\"name\":\"skaitytaknyga.lt\",\"description\":\"Skaitytaknyga.lt \u2013 tai ma\u017eas \u0161eimos verslas, kuris prasid\u0117jo nuo meil\u0117s knygoms ir siekio i\u0161gelb\u0117ti knygas nuo likimo prie konteinerio. Kas vienam nereikalingas daiktas \u2013 kitam lobis, o mes esame tarpininkai, kurie padeda abiems tapti laimingesniems ???? \u017dinome kaip nelengva i\u0161gyventi ma\u017eiems verslams, tad nuo \u0161iol, \u010dia rasite ir kit\u0173, ma\u017e\u0173 \u0161eim\u0173 versl\u0173, rank\u0173 darbo, dovan\u0173 sau ir artimiesiems.\",\"publisher\":{\"@id\":\"https:\/\/skaitytaknyga.lt\/#organization\"},\"potentialAction\":[{\"@type\":\"SearchAction\",\"target\":{\"@type\":\"EntryPoint\",\"urlTemplate\":\"https:\/\/skaitytaknyga.lt\/?s={search_term_string}\"},\"query-input\":{\"@type\":\"PropertyValueSpecification\",\"valueRequired\":true,\"valueName\":\"search_term_string\"}}],\"inLanguage\":\"en-GB\"},{\"@type\":\"Organization\",\"@id\":\"https:\/\/skaitytaknyga.lt\/#organization\",\"name\":\"skaitytaknyga.lt\",\"url\":\"https:\/\/skaitytaknyga.lt\/\",\"logo\":{\"@type\":\"ImageObject\",\"inLanguage\":\"en-GB\",\"@id\":\"https:\/\/skaitytaknyga.lt\/#\/schema\/logo\/image\/\",\"url\":\"https:\/\/skaitytaknyga.lt\/wp-content\/uploads\/2024\/05\/cropped-cropped-cropped-02_00843_jt3bggkj1j3HLc7SyY6rEUpg.jpeg\",\"contentUrl\":\"https:\/\/skaitytaknyga.lt\/wp-content\/uploads\/2024\/05\/cropped-cropped-cropped-02_00843_jt3bggkj1j3HLc7SyY6rEUpg.jpeg\",\"width\":1600,\"height\":1600,\"caption\":\"skaitytaknyga.lt\"},\"image\":{\"@id\":\"https:\/\/skaitytaknyga.lt\/#\/schema\/logo\/image\/\"},\"sameAs\":[\"https:\/\/www.facebook.com\/skaitytaknyga\/\"]}]}<\/script>\n<!-- \/ Yoast SEO plugin. -->","yoast_head_json":{"title":"Kelion\u0117 \u012f antgamtin\u012f pasaul\u012f","description":"\u0160ioje knygoje asmeniniais i\u0161gyvenimais \u0160ventojo Ra\u0161to \u0161viesoje autorius praskleid\u017eia u\u017euolaid\u0105 \u012f antgamtin\u012f pasaul\u012f ir leid\u017eia pa\u017evelgti \u012f neregim\u0105 dvasi\u0173","robots":{"index":"index","follow":"follow","max-snippet":"max-snippet:-1","max-image-preview":"max-image-preview:large","max-video-preview":"max-video-preview:-1"},"canonical":"https:\/\/skaitytaknyga.lt\/en\/produktas\/kelione-i-antgamtini-pasauli\/","og_locale":"en_GB","og_type":"article","og_title":"[:lt]Kelion\u0117 \u012f antgamtin\u012f pasaul\u012f[:] - Skaitytaknyga","og_description":"\u0160ioje knygoje asmeniniais i\u0161gyvenimais \u0160ventojo Ra\u0161to \u0161viesoje autorius praskleid\u017eia u\u017euolaid\u0105 \u012f antgamtin\u012f pasaul\u012f ir leid\u017eia pa\u017evelgti \u012f neregim\u0105 dvasi\u0173","og_url":"https:\/\/skaitytaknyga.lt\/en\/produktas\/kelione-i-antgamtini-pasauli\/","og_site_name":"Skaitytaknyga","article_publisher":"https:\/\/www.facebook.com\/skaitytaknyga\/","article_modified_time":"2025-09-06T08:18:26+00:00","og_image":[{"width":300,"height":500,"url":"https:\/\/skaitytaknyga.lt\/wp-content\/uploads\/2025\/09\/Kelione-i-antgamtini-pasauli-2.webp","type":"image\/webp"}],"twitter_card":"summary_large_image","schema":{"@context":"https:\/\/schema.org","@graph":[{"@type":"WebPage","@id":"https:\/\/skaitytaknyga.lt\/produktas\/kelione-i-antgamtini-pasauli\/","url":"https:\/\/skaitytaknyga.lt\/produktas\/kelione-i-antgamtini-pasauli\/","name":"Kelion\u0117 \u012f antgamtin\u012f pasaul\u012f","isPartOf":{"@id":"https:\/\/skaitytaknyga.lt\/#website"},"primaryImageOfPage":{"@id":"https:\/\/skaitytaknyga.lt\/produktas\/kelione-i-antgamtini-pasauli\/#primaryimage"},"image":{"@id":"https:\/\/skaitytaknyga.lt\/produktas\/kelione-i-antgamtini-pasauli\/#primaryimage"},"thumbnailUrl":"https:\/\/skaitytaknyga.lt\/wp-content\/uploads\/2025\/09\/Kelione-i-antgamtini-pasauli-2.webp","datePublished":"2025-09-05T06:06:49+00:00","dateModified":"2025-09-06T08:18:26+00:00","description":"\u0160ioje knygoje asmeniniais i\u0161gyvenimais \u0160ventojo Ra\u0161to \u0161viesoje autorius praskleid\u017eia u\u017euolaid\u0105 \u012f antgamtin\u012f pasaul\u012f ir leid\u017eia pa\u017evelgti \u012f neregim\u0105 dvasi\u0173","breadcrumb":{"@id":"https:\/\/skaitytaknyga.lt\/produktas\/kelione-i-antgamtini-pasauli\/#breadcrumb"},"inLanguage":"en-GB","potentialAction":[{"@type":"ReadAction","target":["https:\/\/skaitytaknyga.lt\/produktas\/kelione-i-antgamtini-pasauli\/"]}]},{"@type":"ImageObject","inLanguage":"en-GB","@id":"https:\/\/skaitytaknyga.lt\/produktas\/kelione-i-antgamtini-pasauli\/#primaryimage","url":"https:\/\/skaitytaknyga.lt\/wp-content\/uploads\/2025\/09\/Kelione-i-antgamtini-pasauli-2.webp","contentUrl":"https:\/\/skaitytaknyga.lt\/wp-content\/uploads\/2025\/09\/Kelione-i-antgamtini-pasauli-2.webp","width":300,"height":500},{"@type":"BreadcrumbList","@id":"https:\/\/skaitytaknyga.lt\/produktas\/kelione-i-antgamtini-pasauli\/#breadcrumb","itemListElement":[{"@type":"ListItem","position":1,"name":"Home","item":"https:\/\/skaitytaknyga.lt\/"},{"@type":"ListItem","position":2,"name":"Parduotuv\u0117","item":"https:\/\/skaitytaknyga.lt\/knygu-parduotuve\/"},{"@type":"ListItem","position":3,"name":"Kelion\u0117 \u012f antgamtin\u012f pasaul\u012f"}]},{"@type":"WebSite","@id":"https:\/\/skaitytaknyga.lt\/#website","url":"https:\/\/skaitytaknyga.lt\/","name":"skaitytaknyga.lt","description":"Skaitytaknyga.lt \u2013 tai ma\u017eas \u0161eimos verslas, kuris prasid\u0117jo nuo meil\u0117s knygoms ir siekio i\u0161gelb\u0117ti knygas nuo likimo prie konteinerio. Kas vienam nereikalingas daiktas \u2013 kitam lobis, o mes esame tarpininkai, kurie padeda abiems tapti laimingesniems ???? \u017dinome kaip nelengva i\u0161gyventi ma\u017eiems verslams, tad nuo \u0161iol, \u010dia rasite ir kit\u0173, ma\u017e\u0173 \u0161eim\u0173 versl\u0173, rank\u0173 darbo, dovan\u0173 sau ir artimiesiems.","publisher":{"@id":"https:\/\/skaitytaknyga.lt\/#organization"},"potentialAction":[{"@type":"SearchAction","target":{"@type":"EntryPoint","urlTemplate":"https:\/\/skaitytaknyga.lt\/?s={search_term_string}"},"query-input":{"@type":"PropertyValueSpecification","valueRequired":true,"valueName":"search_term_string"}}],"inLanguage":"en-GB"},{"@type":"Organization","@id":"https:\/\/skaitytaknyga.lt\/#organization","name":"skaitytaknyga.lt","url":"https:\/\/skaitytaknyga.lt\/","logo":{"@type":"ImageObject","inLanguage":"en-GB","@id":"https:\/\/skaitytaknyga.lt\/#\/schema\/logo\/image\/","url":"https:\/\/skaitytaknyga.lt\/wp-content\/uploads\/2024\/05\/cropped-cropped-cropped-02_00843_jt3bggkj1j3HLc7SyY6rEUpg.jpeg","contentUrl":"https:\/\/skaitytaknyga.lt\/wp-content\/uploads\/2024\/05\/cropped-cropped-cropped-02_00843_jt3bggkj1j3HLc7SyY6rEUpg.jpeg","width":1600,"height":1600,"caption":"skaitytaknyga.lt"},"image":{"@id":"https:\/\/skaitytaknyga.lt\/#\/schema\/logo\/image\/"},"sameAs":["https:\/\/www.facebook.com\/skaitytaknyga\/"]}]}},"_links":{"self":[{"href":"https:\/\/skaitytaknyga.lt\/en\/wp-json\/wp\/v2\/product\/20672","targetHints":{"allow":["GET"]}}],"collection":[{"href":"https:\/\/skaitytaknyga.lt\/en\/wp-json\/wp\/v2\/product"}],"about":[{"href":"https:\/\/skaitytaknyga.lt\/en\/wp-json\/wp\/v2\/types\/product"}],"replies":[{"embeddable":true,"href":"https:\/\/skaitytaknyga.lt\/en\/wp-json\/wp\/v2\/comments?post=20672"}],"wp:featuredmedia":[{"embeddable":true,"href":"https:\/\/skaitytaknyga.lt\/en\/wp-json\/wp\/v2\/media\/20677"}],"wp:attachment":[{"href":"https:\/\/skaitytaknyga.lt\/en\/wp-json\/wp\/v2\/media?parent=20672"}],"wp:term":[{"taxonomy":"product_brand","embeddable":true,"href":"https:\/\/skaitytaknyga.lt\/en\/wp-json\/wp\/v2\/product_brand?post=20672"},{"taxonomy":"product_cat","embeddable":true,"href":"https:\/\/skaitytaknyga.lt\/en\/wp-json\/wp\/v2\/product_cat?post=20672"},{"taxonomy":"product_tag","embeddable":true,"href":"https:\/\/skaitytaknyga.lt\/en\/wp-json\/wp\/v2\/product_tag?post=20672"}],"curies":[{"name":"wp","href":"https:\/\/api.w.org\/{rel}","templated":true}]}}