{"id":20669,"date":"2025-09-05T09:06:48","date_gmt":"2025-09-05T06:06:48","guid":{"rendered":"https:\/\/skaitytaknyga.lt\/?post_type=product&#038;p=20669"},"modified":"2025-09-16T17:32:12","modified_gmt":"2025-09-16T14:32:12","slug":"niujorko-respublika","status":"publish","type":"product","link":"https:\/\/skaitytaknyga.lt\/en\/produktas\/niujorko-respublika\/","title":{"rendered":"Niujorko respublika"},"content":{"rendered":"<p>Akvilina Cic\u0117nait\u0117 \u2013 leidyklos \u201eAlma littera\u201c 2014 m. skelbto pirmojo Lietuvoje paaugli\u0173 ir jaunimo literat\u016bros konkurso laim\u0117toja.<\/p>\n<p>Tais metais visi tik ir kalba apie permainas. Net geriausia Beatri\u010d\u0117s draug\u0117 Margarita gr\u012f\u017eta i\u0161 Amerikos ne\u012ftik\u0117tinai pasikeitusi. Tik Beatri\u010d\u0117s gyvenime nenusimato nieko \u012fdomaus. T\u0117vai be perstojo riejasi, mo\u010diut\u0117 su kaimyne gin\u010dijasi, kuri mirs pirma, o ma\u017eesnioji sesut\u0117 n\u0117 per \u017eingsn\u012f neatstodama sekioja i\u0161 paskos. Bet juk kas nors vis tiek turi \u012fvykti! Ir vien\u0105 dien\u0105 klas\u0117je pasirodo naujokas Oskaras&#8230;<\/p>\n<p>Tai pasakojimas apie dvi seseris, du brolius, j\u0173 draugus ir skirtingus j\u0173 likimus. Apie Vilni\u0173, pauk\u0161\u010dius, pirm\u0105j\u0105 meil\u0119 ir pirmuosius nepriklausomyb\u0117s metus. Apie dideles permainas. Ir Niujorko respublik\u0105, apie kuri\u0105 \u017eino tik Beatri\u010d\u0117 su Oskaru.<\/p>\n","protected":false},"excerpt":{"rendered":"<p>Akvilina Cic\u0117nait\u0117 \u2013 leidyklos \u201eAlma littera\u201c 2014 m. skelbto pirmojo Lietuvoje paaugli\u0173 ir jaunimo literat\u016bros konkurso laim\u0117toja. Tais metais visi tik ir kalba apie permainas. Net geriausia Beatri\u010d\u0117s draug\u0117 Margarita gr\u012f\u017eta i\u0161 Amerikos ne\u012ftik\u0117tinai pasikeitusi. Tik Beatri\u010d\u0117s gyvenime nenusimato nieko \u012fdomaus. T\u0117vai be perstojo riejasi, mo\u010diut\u0117 su kaimyne gin\u010dijasi, kuri mirs pirma, o ma\u017eesnioji sesut\u0117 n\u0117 per \u017eingsn\u012f neatstodama sekioja i\u0161 paskos. Bet juk kas nors vis tiek turi \u012fvykti! Ir vien\u0105 dien\u0105 klas\u0117je pasirodo naujokas Oskaras&#8230; Tai pasakojimas apie dvi seseris, du brolius, j\u0173 draugus ir skirtingus j\u0173 likimus. Apie Vilni\u0173, pauk\u0161\u010dius, pirm\u0105j\u0105 meil\u0119 ir pirmuosius nepriklausomyb\u0117s metus. Apie dideles permainas. Ir Niujorko respublik\u0105, apie kuri\u0105 \u017eino tik Beatri\u010d\u0117 su Oskaru.<\/p>\n","protected":false},"featured_media":20674,"comment_status":"open","ping_status":"closed","template":"","meta":{"_acf_changed":false,"site-sidebar-layout":"default","site-content-layout":"","ast-site-content-layout":"default","site-content-style":"default","site-sidebar-style":"default","ast-global-header-display":"","ast-banner-title-visibility":"","ast-main-header-display":"","ast-hfb-above-header-display":"","ast-hfb-below-header-display":"","ast-hfb-mobile-header-display":"","site-post-title":"","ast-breadcrumbs-content":"","ast-featured-img":"","footer-sml-layout":"","ast-disable-related-posts":"","theme-transparent-header-meta":"","adv-header-id-meta":"","stick-header-meta":"","header-above-stick-meta":"","header-main-stick-meta":"","header-below-stick-meta":"","astra-migrate-meta-layouts":"default","ast-page-background-enabled":"default","ast-page-background-meta":{"desktop":{"background-color":"","background-image":"","background-repeat":"repeat","background-position":"center center","background-size":"auto","background-attachment":"scroll","background-type":"","background-media":"","overlay-type":"","overlay-color":"","overlay-opacity":"","overlay-gradient":""},"tablet":{"background-color":"","background-image":"","background-repeat":"repeat","background-position":"center center","background-size":"auto","background-attachment":"scroll","background-type":"","background-media":"","overlay-type":"","overlay-color":"","overlay-opacity":"","overlay-gradient":""},"mobile":{"background-color":"","background-image":"","background-repeat":"repeat","background-position":"center center","background-size":"auto","background-attachment":"scroll","background-type":"","background-media":"","overlay-type":"","overlay-color":"","overlay-opacity":"","overlay-gradient":""}},"ast-content-background-meta":{"desktop":{"background-color":"var(--ast-global-color-4)","background-image":"","background-repeat":"repeat","background-position":"center center","background-size":"auto","background-attachment":"scroll","background-type":"","background-media":"","overlay-type":"","overlay-color":"","overlay-opacity":"","overlay-gradient":""},"tablet":{"background-color":"var(--ast-global-color-4)","background-image":"","background-repeat":"repeat","background-position":"center center","background-size":"auto","background-attachment":"scroll","background-type":"","background-media":"","overlay-type":"","overlay-color":"","overlay-opacity":"","overlay-gradient":""},"mobile":{"background-color":"var(--ast-global-color-4)","background-image":"","background-repeat":"repeat","background-position":"center center","background-size":"auto","background-attachment":"scroll","background-type":"","background-media":"","overlay-type":"","overlay-color":"","overlay-opacity":"","overlay-gradient":""}}},"product_brand":[],"product_cat":[31],"product_tag":[7659,7658,4046,7657,2601],"class_list":{"0":"post-20669","1":"product","2":"type-product","3":"status-publish","4":"has-post-thumbnail","6":"product_cat-grozine-literatura","7":"product_tag-akvilina-cicenaite","8":"product_tag-nepriklausomybes-metai","9":"product_tag-paaugliams","10":"product_tag-pirmoji-meile","11":"product_tag-vilnius","12":"desktop-align-left","13":"tablet-align-left","14":"mobile-align-left","16":"first","17":"outofstock","18":"shipping-taxable","19":"purchasable","20":"product-type-simple"},"acf":[],"yoast_head":"<!-- This site is optimized with the Yoast SEO plugin v27.0 - https:\/\/yoast.com\/product\/yoast-seo-wordpress\/ -->\n<title>Niujorko respublika<\/title>\n<meta name=\"description\" content=\"Akvilina Cic\u0117nait\u0117 \u2013 leidyklos \u201eAlma littera\u201c 2014 m. skelbto pirmojo Lietuvoje paaugli\u0173 ir jaunimo literat\u016bros konkurso laim\u0117toja. Tais metais visi tik\" \/>\n<meta name=\"robots\" content=\"index, follow, max-snippet:-1, max-image-preview:large, max-video-preview:-1\" \/>\n<link rel=\"canonical\" href=\"https:\/\/skaitytaknyga.lt\/en\/produktas\/niujorko-respublika\/\" \/>\n<meta property=\"og:locale\" content=\"en_GB\" \/>\n<meta property=\"og:locale:alternate\" content=\"lt_LT\" \/>\n<meta property=\"og:type\" content=\"article\" \/>\n<meta property=\"og:title\" content=\"Niujorko respublika\" \/>\n<meta property=\"og:description\" content=\"Akvilina Cic\u0117nait\u0117 \u2013 leidyklos \u201eAlma littera\u201c 2014 m. skelbto pirmojo Lietuvoje paaugli\u0173 ir jaunimo literat\u016bros konkurso laim\u0117toja. Tais metais visi tik\" \/>\n<meta property=\"og:url\" content=\"https:\/\/skaitytaknyga.lt\/en\/produktas\/niujorko-respublika\/\" \/>\n<meta property=\"og:site_name\" content=\"Skaitytaknyga\" \/>\n<meta property=\"article:publisher\" content=\"https:\/\/www.facebook.com\/skaitytaknyga\/\" \/>\n<meta property=\"article:modified_time\" content=\"2025-09-16T14:32:12+00:00\" \/>\n<meta property=\"og:image\" content=\"https:\/\/skaitytaknyga.lt\/wp-content\/uploads\/2025\/09\/Niujorko-respublika-1.webp\" \/>\n\t<meta property=\"og:image:width\" content=\"300\" \/>\n\t<meta property=\"og:image:height\" content=\"475\" \/>\n\t<meta property=\"og:image:type\" content=\"image\/webp\" \/>\n<meta name=\"twitter:card\" content=\"summary_large_image\" \/>\n<meta name=\"twitter:label1\" content=\"Estimated reading time\" \/>\n\t<meta name=\"twitter:data1\" content=\"1 minute\" \/>\n<script type=\"application\/ld+json\" class=\"yoast-schema-graph\">{\"@context\":\"https:\/\/schema.org\",\"@graph\":[{\"@type\":\"WebPage\",\"@id\":\"https:\/\/skaitytaknyga.lt\/produktas\/niujorko-respublika\/\",\"url\":\"https:\/\/skaitytaknyga.lt\/produktas\/niujorko-respublika\/\",\"name\":\"Niujorko respublika\",\"isPartOf\":{\"@id\":\"https:\/\/skaitytaknyga.lt\/#website\"},\"primaryImageOfPage\":{\"@id\":\"https:\/\/skaitytaknyga.lt\/produktas\/niujorko-respublika\/#primaryimage\"},\"image\":{\"@id\":\"https:\/\/skaitytaknyga.lt\/produktas\/niujorko-respublika\/#primaryimage\"},\"thumbnailUrl\":\"https:\/\/skaitytaknyga.lt\/wp-content\/uploads\/2025\/09\/Niujorko-respublika-1.webp\",\"datePublished\":\"2025-09-05T06:06:48+00:00\",\"dateModified\":\"2025-09-16T14:32:12+00:00\",\"description\":\"Akvilina Cic\u0117nait\u0117 \u2013 leidyklos \u201eAlma littera\u201c 2014 m. skelbto pirmojo Lietuvoje paaugli\u0173 ir jaunimo literat\u016bros konkurso laim\u0117toja. Tais metais visi tik\",\"breadcrumb\":{\"@id\":\"https:\/\/skaitytaknyga.lt\/produktas\/niujorko-respublika\/#breadcrumb\"},\"inLanguage\":\"en-GB\",\"potentialAction\":[{\"@type\":\"ReadAction\",\"target\":[\"https:\/\/skaitytaknyga.lt\/produktas\/niujorko-respublika\/\"]}]},{\"@type\":\"ImageObject\",\"inLanguage\":\"en-GB\",\"@id\":\"https:\/\/skaitytaknyga.lt\/produktas\/niujorko-respublika\/#primaryimage\",\"url\":\"https:\/\/skaitytaknyga.lt\/wp-content\/uploads\/2025\/09\/Niujorko-respublika-1.webp\",\"contentUrl\":\"https:\/\/skaitytaknyga.lt\/wp-content\/uploads\/2025\/09\/Niujorko-respublika-1.webp\",\"width\":300,\"height\":475,\"caption\":\"Niujorko respublika\"},{\"@type\":\"BreadcrumbList\",\"@id\":\"https:\/\/skaitytaknyga.lt\/produktas\/niujorko-respublika\/#breadcrumb\",\"itemListElement\":[{\"@type\":\"ListItem\",\"position\":1,\"name\":\"Home\",\"item\":\"https:\/\/skaitytaknyga.lt\/\"},{\"@type\":\"ListItem\",\"position\":2,\"name\":\"Parduotuv\u0117\",\"item\":\"https:\/\/skaitytaknyga.lt\/knygu-parduotuve\/\"},{\"@type\":\"ListItem\",\"position\":3,\"name\":\"Niujorko respublika\"}]},{\"@type\":\"WebSite\",\"@id\":\"https:\/\/skaitytaknyga.lt\/#website\",\"url\":\"https:\/\/skaitytaknyga.lt\/\",\"name\":\"skaitytaknyga.lt\",\"description\":\"Skaitytaknyga.lt \u2013 tai ma\u017eas \u0161eimos verslas, kuris prasid\u0117jo nuo meil\u0117s knygoms ir siekio i\u0161gelb\u0117ti knygas nuo likimo prie konteinerio. Kas vienam nereikalingas daiktas \u2013 kitam lobis, o mes esame tarpininkai, kurie padeda abiems tapti laimingesniems ???? \u017dinome kaip nelengva i\u0161gyventi ma\u017eiems verslams, tad nuo \u0161iol, \u010dia rasite ir kit\u0173, ma\u017e\u0173 \u0161eim\u0173 versl\u0173, rank\u0173 darbo, dovan\u0173 sau ir artimiesiems.\",\"publisher\":{\"@id\":\"https:\/\/skaitytaknyga.lt\/#organization\"},\"potentialAction\":[{\"@type\":\"SearchAction\",\"target\":{\"@type\":\"EntryPoint\",\"urlTemplate\":\"https:\/\/skaitytaknyga.lt\/?s={search_term_string}\"},\"query-input\":{\"@type\":\"PropertyValueSpecification\",\"valueRequired\":true,\"valueName\":\"search_term_string\"}}],\"inLanguage\":\"en-GB\"},{\"@type\":\"Organization\",\"@id\":\"https:\/\/skaitytaknyga.lt\/#organization\",\"name\":\"skaitytaknyga.lt\",\"url\":\"https:\/\/skaitytaknyga.lt\/\",\"logo\":{\"@type\":\"ImageObject\",\"inLanguage\":\"en-GB\",\"@id\":\"https:\/\/skaitytaknyga.lt\/#\/schema\/logo\/image\/\",\"url\":\"https:\/\/skaitytaknyga.lt\/wp-content\/uploads\/2024\/05\/cropped-cropped-cropped-02_00843_jt3bggkj1j3HLc7SyY6rEUpg.jpeg\",\"contentUrl\":\"https:\/\/skaitytaknyga.lt\/wp-content\/uploads\/2024\/05\/cropped-cropped-cropped-02_00843_jt3bggkj1j3HLc7SyY6rEUpg.jpeg\",\"width\":1600,\"height\":1600,\"caption\":\"skaitytaknyga.lt\"},\"image\":{\"@id\":\"https:\/\/skaitytaknyga.lt\/#\/schema\/logo\/image\/\"},\"sameAs\":[\"https:\/\/www.facebook.com\/skaitytaknyga\/\"]}]}<\/script>\n<!-- \/ Yoast SEO plugin. -->","yoast_head_json":{"title":"Niujorko respublika","description":"Akvilina Cic\u0117nait\u0117 \u2013 leidyklos \u201eAlma littera\u201c 2014 m. skelbto pirmojo Lietuvoje paaugli\u0173 ir jaunimo literat\u016bros konkurso laim\u0117toja. Tais metais visi tik","robots":{"index":"index","follow":"follow","max-snippet":"max-snippet:-1","max-image-preview":"max-image-preview:large","max-video-preview":"max-video-preview:-1"},"canonical":"https:\/\/skaitytaknyga.lt\/en\/produktas\/niujorko-respublika\/","og_locale":"en_GB","og_type":"article","og_title":"[:lt]Niujorko respublika[:] - Skaitytaknyga","og_description":"Akvilina Cic\u0117nait\u0117 \u2013 leidyklos \u201eAlma littera\u201c 2014 m. skelbto pirmojo Lietuvoje paaugli\u0173 ir jaunimo literat\u016bros konkurso laim\u0117toja. Tais metais visi tik","og_url":"https:\/\/skaitytaknyga.lt\/en\/produktas\/niujorko-respublika\/","og_site_name":"Skaitytaknyga","article_publisher":"https:\/\/www.facebook.com\/skaitytaknyga\/","article_modified_time":"2025-09-16T14:32:12+00:00","og_image":[{"width":300,"height":475,"url":"https:\/\/skaitytaknyga.lt\/wp-content\/uploads\/2025\/09\/Niujorko-respublika-1.webp","type":"image\/webp"}],"twitter_card":"summary_large_image","twitter_misc":{"Estimated reading time":"1 minute"},"schema":{"@context":"https:\/\/schema.org","@graph":[{"@type":"WebPage","@id":"https:\/\/skaitytaknyga.lt\/produktas\/niujorko-respublika\/","url":"https:\/\/skaitytaknyga.lt\/produktas\/niujorko-respublika\/","name":"Niujorko respublika","isPartOf":{"@id":"https:\/\/skaitytaknyga.lt\/#website"},"primaryImageOfPage":{"@id":"https:\/\/skaitytaknyga.lt\/produktas\/niujorko-respublika\/#primaryimage"},"image":{"@id":"https:\/\/skaitytaknyga.lt\/produktas\/niujorko-respublika\/#primaryimage"},"thumbnailUrl":"https:\/\/skaitytaknyga.lt\/wp-content\/uploads\/2025\/09\/Niujorko-respublika-1.webp","datePublished":"2025-09-05T06:06:48+00:00","dateModified":"2025-09-16T14:32:12+00:00","description":"Akvilina Cic\u0117nait\u0117 \u2013 leidyklos \u201eAlma littera\u201c 2014 m. skelbto pirmojo Lietuvoje paaugli\u0173 ir jaunimo literat\u016bros konkurso laim\u0117toja. Tais metais visi tik","breadcrumb":{"@id":"https:\/\/skaitytaknyga.lt\/produktas\/niujorko-respublika\/#breadcrumb"},"inLanguage":"en-GB","potentialAction":[{"@type":"ReadAction","target":["https:\/\/skaitytaknyga.lt\/produktas\/niujorko-respublika\/"]}]},{"@type":"ImageObject","inLanguage":"en-GB","@id":"https:\/\/skaitytaknyga.lt\/produktas\/niujorko-respublika\/#primaryimage","url":"https:\/\/skaitytaknyga.lt\/wp-content\/uploads\/2025\/09\/Niujorko-respublika-1.webp","contentUrl":"https:\/\/skaitytaknyga.lt\/wp-content\/uploads\/2025\/09\/Niujorko-respublika-1.webp","width":300,"height":475,"caption":"Niujorko respublika"},{"@type":"BreadcrumbList","@id":"https:\/\/skaitytaknyga.lt\/produktas\/niujorko-respublika\/#breadcrumb","itemListElement":[{"@type":"ListItem","position":1,"name":"Home","item":"https:\/\/skaitytaknyga.lt\/"},{"@type":"ListItem","position":2,"name":"Parduotuv\u0117","item":"https:\/\/skaitytaknyga.lt\/knygu-parduotuve\/"},{"@type":"ListItem","position":3,"name":"Niujorko respublika"}]},{"@type":"WebSite","@id":"https:\/\/skaitytaknyga.lt\/#website","url":"https:\/\/skaitytaknyga.lt\/","name":"skaitytaknyga.lt","description":"Skaitytaknyga.lt \u2013 tai ma\u017eas \u0161eimos verslas, kuris prasid\u0117jo nuo meil\u0117s knygoms ir siekio i\u0161gelb\u0117ti knygas nuo likimo prie konteinerio. Kas vienam nereikalingas daiktas \u2013 kitam lobis, o mes esame tarpininkai, kurie padeda abiems tapti laimingesniems ???? \u017dinome kaip nelengva i\u0161gyventi ma\u017eiems verslams, tad nuo \u0161iol, \u010dia rasite ir kit\u0173, ma\u017e\u0173 \u0161eim\u0173 versl\u0173, rank\u0173 darbo, dovan\u0173 sau ir artimiesiems.","publisher":{"@id":"https:\/\/skaitytaknyga.lt\/#organization"},"potentialAction":[{"@type":"SearchAction","target":{"@type":"EntryPoint","urlTemplate":"https:\/\/skaitytaknyga.lt\/?s={search_term_string}"},"query-input":{"@type":"PropertyValueSpecification","valueRequired":true,"valueName":"search_term_string"}}],"inLanguage":"en-GB"},{"@type":"Organization","@id":"https:\/\/skaitytaknyga.lt\/#organization","name":"skaitytaknyga.lt","url":"https:\/\/skaitytaknyga.lt\/","logo":{"@type":"ImageObject","inLanguage":"en-GB","@id":"https:\/\/skaitytaknyga.lt\/#\/schema\/logo\/image\/","url":"https:\/\/skaitytaknyga.lt\/wp-content\/uploads\/2024\/05\/cropped-cropped-cropped-02_00843_jt3bggkj1j3HLc7SyY6rEUpg.jpeg","contentUrl":"https:\/\/skaitytaknyga.lt\/wp-content\/uploads\/2024\/05\/cropped-cropped-cropped-02_00843_jt3bggkj1j3HLc7SyY6rEUpg.jpeg","width":1600,"height":1600,"caption":"skaitytaknyga.lt"},"image":{"@id":"https:\/\/skaitytaknyga.lt\/#\/schema\/logo\/image\/"},"sameAs":["https:\/\/www.facebook.com\/skaitytaknyga\/"]}]}},"_links":{"self":[{"href":"https:\/\/skaitytaknyga.lt\/en\/wp-json\/wp\/v2\/product\/20669","targetHints":{"allow":["GET"]}}],"collection":[{"href":"https:\/\/skaitytaknyga.lt\/en\/wp-json\/wp\/v2\/product"}],"about":[{"href":"https:\/\/skaitytaknyga.lt\/en\/wp-json\/wp\/v2\/types\/product"}],"replies":[{"embeddable":true,"href":"https:\/\/skaitytaknyga.lt\/en\/wp-json\/wp\/v2\/comments?post=20669"}],"wp:featuredmedia":[{"embeddable":true,"href":"https:\/\/skaitytaknyga.lt\/en\/wp-json\/wp\/v2\/media\/20674"}],"wp:attachment":[{"href":"https:\/\/skaitytaknyga.lt\/en\/wp-json\/wp\/v2\/media?parent=20669"}],"wp:term":[{"taxonomy":"product_brand","embeddable":true,"href":"https:\/\/skaitytaknyga.lt\/en\/wp-json\/wp\/v2\/product_brand?post=20669"},{"taxonomy":"product_cat","embeddable":true,"href":"https:\/\/skaitytaknyga.lt\/en\/wp-json\/wp\/v2\/product_cat?post=20669"},{"taxonomy":"product_tag","embeddable":true,"href":"https:\/\/skaitytaknyga.lt\/en\/wp-json\/wp\/v2\/product_tag?post=20669"}],"curies":[{"name":"wp","href":"https:\/\/api.w.org\/{rel}","templated":true}]}}