{"id":20666,"date":"2025-09-03T14:25:35","date_gmt":"2025-09-03T11:25:35","guid":{"rendered":"https:\/\/skaitytaknyga.lt\/?post_type=product&#038;p=20666"},"modified":"2025-09-27T18:57:35","modified_gmt":"2025-09-27T15:57:35","slug":"atsakymas-ko-tikites-is-gyvenimo-ir-kaip-to-pasiekti","status":"publish","type":"product","link":"https:\/\/skaitytaknyga.lt\/en\/produktas\/atsakymas-ko-tikites-is-gyvenimo-ir-kaip-to-pasiekti\/","title":{"rendered":"Atsakymas: ko tikit\u0117s i\u0161 gyvenimo ir kaip to pasiekti"},"content":{"rendered":"<p>Su\u017einosite, kaip i\u0161 ten, kur dabar esate, nukeliauti ten, kur nor\u0117tum\u0117te b\u016bti. Atskleisime jums patikrintus s\u0117km\u0117s principus, kuri\u0173 per vis\u0105 istorij\u0105 laikosi vyrai ir moterys, siekdami did\u017ei\u0173 tiksl\u0173 ir atsigaudami po nes\u0117kmi\u0173 ar jas \u012fveikdami.<\/p>\n<p>Bestseleri\u0173 autoriai Allanas ir Barbara dalinasi asmeniniais pasakojimais apie tai, kaip jie \u012fveik\u0117 sunkumus. Kai j\u0173 gyvenim\u0105 u\u017egriuvo nes\u0117km\u0117s, jie susidom\u0117jo naujausiais moksliniais tyrimais, rodan\u010diais, kaip galima perprogramuoti savo m\u0105stysen\u0105 ir prad\u0117ti matyti savo galimybes, o ne vien sunkumus. \u0160ioje knygoje Pease&#8217;ai atvirai ir su humoru pasakoja savo patirtis ir rodo, kaip gyvenim\u0105 padaryti tok\u012f, kok\u012f nori nugyventi.<\/p>\n<p>J\u016bs\u0173 gyvenimo keitimasis prasideda nuo teising\u0173 klausim\u0173.<\/p>\n<p>Kaip nuspr\u0119sti ko i\u0161 ties\u0173 norite, ir kaip \u017eengti pirm\u0105j\u012f \u017eingsn\u012f permain\u0173 link?<br \/>\nSusipa\u017einkite su naujausiais mokslo tyrimais, atskleid\u017eian\u010diais smegen\u0173 geb\u0117jim\u0105 skatinti s\u0117km\u0119.<br \/>\nAr \u017einote kas suteikia pasitik\u0117jimo keisti darb\u0105, santykius ar gyvenimo b\u016bd\u0105?<br \/>\nSu\u017einokite, kaip nes\u0117km\u0119 paversti did\u017eiausia s\u0117kme.<br \/>\nNuspr\u0119skite, ko norite, ir keliaukite tikruoju savo gyvenimo keliu.<br \/>\n\u201eK\u0105 tik protas \u012fsivaizduoja ir kuo tiki, t\u0105 k\u016bnas gali pasiekti.&#8221;<\/p>\n<p>Napoleonas Hillas<\/p>\n<p>Ar nekantraujate pabusti ryte ir prad\u0117ti darbo dien\u0105? Ar kiekvien\u0105 ryt\u0105 \u0161okate i\u0161 lovos apimti d\u017eiugaus jaudulio d\u0117l galimybi\u0173, galin\u010di\u0173 atsiverti t\u0105 dien\u0105? Jei ne (ir tik\u0117tina, kad taip nesid\u017eiaugia ma\u017eiausiai 80 proc. \u017emoni\u0173), tai k\u0105 gi reikt\u0173 daryti su savo profesiniu gyvenimu?<\/p>\n<p>Nuspr\u0119skite ko, o ne kaip.<\/p>\n<p>Daugelis \u017emoni\u0173 negauna to, ko nori gyvenime, nes sutelkia d\u0117mes\u012f \u012f tai, kaip gal\u0117t\u0173 ka\u017eko pasiekti. Jie \u017ei\u016bri \u012f tai, ko pasiek\u0117 kiti, ir galvoja: \u201eNe\u017eino\u010diau, kaip tai padaryti.&#8221; Tod\u0117l jie nieko nedaro. O i\u0161 tikr\u0173j\u0173 jiems reik\u0117t\u0173 apsispr\u0119sti, ko nor\u0117t\u0173 siekti.<\/p>\n<p>J\u016bs\u0173 gyvenimas \u2013 tai j\u016bs\u0173 padaryt\u0173 pasirinkim\u0173 rezultatas. Nepatinka savas gyvenimas? Prad\u0117kite daryti geresnius pasirinkimus.<\/p>\n<p>Nesileiskite spiriami savo problem\u0173. Leiskit\u0117s vedami savo svajoni\u0173.<\/p>\n","protected":false},"excerpt":{"rendered":"<p>Su\u017einosite, kaip i\u0161 ten, kur dabar esate, nukeliauti ten, kur nor\u0117tum\u0117te b\u016bti. Atskleisime jums patikrintus s\u0117km\u0117s principus, kuri\u0173 per vis\u0105 istorij\u0105 laikosi vyrai ir moterys, siekdami did\u017ei\u0173 tiksl\u0173 ir atsigaudami po nes\u0117kmi\u0173 ar jas \u012fveikdami. Bestseleri\u0173 autoriai Allanas ir Barbara dalinasi asmeniniais pasakojimais apie tai, kaip jie \u012fveik\u0117 sunkumus. Kai j\u0173 gyvenim\u0105 u\u017egriuvo nes\u0117km\u0117s, jie susidom\u0117jo naujausiais moksliniais tyrimais, rodan\u010diais, kaip galima perprogramuoti savo m\u0105stysen\u0105 ir prad\u0117ti matyti savo galimybes, o ne vien sunkumus. \u0160ioje knygoje Pease&#8217;ai atvirai ir su humoru pasakoja savo patirtis ir rodo, kaip gyvenim\u0105 padaryti tok\u012f, kok\u012f nori nugyventi. J\u016bs\u0173 gyvenimo keitimasis prasideda nuo teising\u0173 klausim\u0173. Kaip nuspr\u0119sti ko i\u0161 ties\u0173 norite, ir kaip \u017eengti pirm\u0105j\u012f \u017eingsn\u012f permain\u0173 link? Susipa\u017einkite su naujausiais mokslo tyrimais, atskleid\u017eian\u010diais smegen\u0173 geb\u0117jim\u0105 skatinti s\u0117km\u0119. Ar \u017einote kas suteikia pasitik\u0117jimo keisti darb\u0105, santykius ar gyvenimo b\u016bd\u0105? Su\u017einokite, kaip nes\u0117km\u0119 paversti did\u017eiausia s\u0117kme. Nuspr\u0119skite, ko norite, ir keliaukite tikruoju savo gyvenimo keliu. \u201eK\u0105 tik protas \u012fsivaizduoja ir kuo tiki, t\u0105 k\u016bnas gali pasiekti.&#8221; Napoleonas Hillas Ar nekantraujate pabusti ryte ir prad\u0117ti darbo dien\u0105? Ar kiekvien\u0105 ryt\u0105 \u0161okate i\u0161 lovos apimti d\u017eiugaus jaudulio d\u0117l galimybi\u0173, galin\u010di\u0173 atsiverti t\u0105 dien\u0105? Jei ne (ir tik\u0117tina, kad taip nesid\u017eiaugia ma\u017eiausiai 80 proc. \u017emoni\u0173), tai k\u0105 gi reikt\u0173 daryti su savo profesiniu gyvenimu? Nuspr\u0119skite ko, o ne kaip. Daugelis \u017emoni\u0173 negauna to, ko nori gyvenime, nes sutelkia d\u0117mes\u012f \u012f tai, kaip gal\u0117t\u0173 ka\u017eko pasiekti. Jie \u017ei\u016bri \u012f tai, ko pasiek\u0117 kiti, ir galvoja: \u201eNe\u017eino\u010diau, kaip tai padaryti.&#8221; Tod\u0117l jie nieko nedaro. O i\u0161 tikr\u0173j\u0173 jiems reik\u0117t\u0173 apsispr\u0119sti, ko nor\u0117t\u0173 siekti. J\u016bs\u0173 gyvenimas \u2013 tai j\u016bs\u0173 padaryt\u0173 pasirinkim\u0173 rezultatas. Nepatinka savas gyvenimas? Prad\u0117kite daryti geresnius pasirinkimus. Nesileiskite spiriami savo problem\u0173. Leiskit\u0117s vedami savo svajoni\u0173.<\/p>\n","protected":false},"featured_media":20667,"comment_status":"open","ping_status":"closed","template":"","meta":{"_acf_changed":false,"site-sidebar-layout":"default","site-content-layout":"","ast-site-content-layout":"default","site-content-style":"default","site-sidebar-style":"default","ast-global-header-display":"","ast-banner-title-visibility":"","ast-main-header-display":"","ast-hfb-above-header-display":"","ast-hfb-below-header-display":"","ast-hfb-mobile-header-display":"","site-post-title":"","ast-breadcrumbs-content":"","ast-featured-img":"","footer-sml-layout":"","ast-disable-related-posts":"","theme-transparent-header-meta":"","adv-header-id-meta":"","stick-header-meta":"","header-above-stick-meta":"","header-main-stick-meta":"","header-below-stick-meta":"","astra-migrate-meta-layouts":"default","ast-page-background-enabled":"default","ast-page-background-meta":{"desktop":{"background-color":"","background-image":"","background-repeat":"repeat","background-position":"center center","background-size":"auto","background-attachment":"scroll","background-type":"","background-media":"","overlay-type":"","overlay-color":"","overlay-opacity":"","overlay-gradient":""},"tablet":{"background-color":"","background-image":"","background-repeat":"repeat","background-position":"center center","background-size":"auto","background-attachment":"scroll","background-type":"","background-media":"","overlay-type":"","overlay-color":"","overlay-opacity":"","overlay-gradient":""},"mobile":{"background-color":"","background-image":"","background-repeat":"repeat","background-position":"center center","background-size":"auto","background-attachment":"scroll","background-type":"","background-media":"","overlay-type":"","overlay-color":"","overlay-opacity":"","overlay-gradient":""}},"ast-content-background-meta":{"desktop":{"background-color":"var(--ast-global-color-4)","background-image":"","background-repeat":"repeat","background-position":"center center","background-size":"auto","background-attachment":"scroll","background-type":"","background-media":"","overlay-type":"","overlay-color":"","overlay-opacity":"","overlay-gradient":""},"tablet":{"background-color":"var(--ast-global-color-4)","background-image":"","background-repeat":"repeat","background-position":"center center","background-size":"auto","background-attachment":"scroll","background-type":"","background-media":"","overlay-type":"","overlay-color":"","overlay-opacity":"","overlay-gradient":""},"mobile":{"background-color":"var(--ast-global-color-4)","background-image":"","background-repeat":"repeat","background-position":"center center","background-size":"auto","background-attachment":"scroll","background-type":"","background-media":"","overlay-type":"","overlay-color":"","overlay-opacity":"","overlay-gradient":""}}},"product_brand":[],"product_cat":[30],"product_tag":[3030,3031,2412,1409,1396],"class_list":{"0":"post-20666","1":"product","2":"type-product","3":"status-publish","4":"has-post-thumbnail","6":"product_cat-psichologija-ir-saviugda","7":"product_tag-allan-pease","8":"product_tag-barbara-pease","9":"product_tag-gyvenimo-tikslai","10":"product_tag-motyvacija","11":"product_tag-saviugda","12":"desktop-align-left","13":"tablet-align-left","14":"mobile-align-left","16":"first","17":"instock","18":"shipping-taxable","19":"purchasable","20":"product-type-simple"},"acf":[],"yoast_head":"<!-- This site is optimized with the Yoast SEO plugin v27.0 - https:\/\/yoast.com\/product\/yoast-seo-wordpress\/ -->\n<title>Atsakymas: ko tikit\u0117s i\u0161 gyvenimo ir kaip to pasiekti<\/title>\n<meta name=\"description\" content=\"Su\u017einosite, kaip i\u0161 ten, kur dabar esate, nukeliauti ten, kur nor\u0117tum\u0117te b\u016bti. Atskleisime jums patikrintus s\u0117km\u0117s principus, kuri\u0173 per vis\u0105 istorij\u0105\" \/>\n<meta name=\"robots\" content=\"index, follow, max-snippet:-1, max-image-preview:large, max-video-preview:-1\" \/>\n<link rel=\"canonical\" href=\"https:\/\/skaitytaknyga.lt\/en\/produktas\/atsakymas-ko-tikites-is-gyvenimo-ir-kaip-to-pasiekti\/\" \/>\n<meta property=\"og:locale\" content=\"en_GB\" \/>\n<meta property=\"og:locale:alternate\" content=\"lt_LT\" \/>\n<meta property=\"og:type\" content=\"article\" \/>\n<meta property=\"og:title\" content=\"Atsakymas: ko tikit\u0117s i\u0161 gyvenimo ir kaip to pasiekti\" \/>\n<meta property=\"og:description\" content=\"Su\u017einosite, kaip i\u0161 ten, kur dabar esate, nukeliauti ten, kur nor\u0117tum\u0117te b\u016bti. Atskleisime jums patikrintus s\u0117km\u0117s principus, kuri\u0173 per vis\u0105 istorij\u0105\" \/>\n<meta property=\"og:url\" content=\"https:\/\/skaitytaknyga.lt\/en\/produktas\/atsakymas-ko-tikites-is-gyvenimo-ir-kaip-to-pasiekti\/\" \/>\n<meta property=\"og:site_name\" content=\"Skaitytaknyga\" \/>\n<meta property=\"article:publisher\" content=\"https:\/\/www.facebook.com\/skaitytaknyga\/\" \/>\n<meta property=\"article:modified_time\" content=\"2025-09-27T15:57:35+00:00\" \/>\n<meta property=\"og:image\" content=\"https:\/\/skaitytaknyga.lt\/wp-content\/uploads\/2025\/09\/Atsakymas-ko-tikites-is-gyvenimo-ir-kaip-to-pasiekti-1.webp\" \/>\n\t<meta property=\"og:image:width\" content=\"285\" \/>\n\t<meta property=\"og:image:height\" content=\"424\" \/>\n\t<meta property=\"og:image:type\" content=\"image\/webp\" \/>\n<meta name=\"twitter:card\" content=\"summary_large_image\" \/>\n<meta name=\"twitter:label1\" content=\"Estimated reading time\" \/>\n\t<meta name=\"twitter:data1\" content=\"2 minutes\" \/>\n<script type=\"application\/ld+json\" class=\"yoast-schema-graph\">{\"@context\":\"https:\/\/schema.org\",\"@graph\":[{\"@type\":\"WebPage\",\"@id\":\"https:\/\/skaitytaknyga.lt\/produktas\/atsakymas-ko-tikites-is-gyvenimo-ir-kaip-to-pasiekti\/\",\"url\":\"https:\/\/skaitytaknyga.lt\/produktas\/atsakymas-ko-tikites-is-gyvenimo-ir-kaip-to-pasiekti\/\",\"name\":\"Atsakymas: ko tikit\u0117s i\u0161 gyvenimo ir kaip to pasiekti\",\"isPartOf\":{\"@id\":\"https:\/\/skaitytaknyga.lt\/#website\"},\"primaryImageOfPage\":{\"@id\":\"https:\/\/skaitytaknyga.lt\/produktas\/atsakymas-ko-tikites-is-gyvenimo-ir-kaip-to-pasiekti\/#primaryimage\"},\"image\":{\"@id\":\"https:\/\/skaitytaknyga.lt\/produktas\/atsakymas-ko-tikites-is-gyvenimo-ir-kaip-to-pasiekti\/#primaryimage\"},\"thumbnailUrl\":\"https:\/\/skaitytaknyga.lt\/wp-content\/uploads\/2025\/09\/Atsakymas-ko-tikites-is-gyvenimo-ir-kaip-to-pasiekti-1.webp\",\"datePublished\":\"2025-09-03T11:25:35+00:00\",\"dateModified\":\"2025-09-27T15:57:35+00:00\",\"description\":\"Su\u017einosite, kaip i\u0161 ten, kur dabar esate, nukeliauti ten, kur nor\u0117tum\u0117te b\u016bti. Atskleisime jums patikrintus s\u0117km\u0117s principus, kuri\u0173 per vis\u0105 istorij\u0105\",\"breadcrumb\":{\"@id\":\"https:\/\/skaitytaknyga.lt\/produktas\/atsakymas-ko-tikites-is-gyvenimo-ir-kaip-to-pasiekti\/#breadcrumb\"},\"inLanguage\":\"en-GB\",\"potentialAction\":[{\"@type\":\"ReadAction\",\"target\":[\"https:\/\/skaitytaknyga.lt\/produktas\/atsakymas-ko-tikites-is-gyvenimo-ir-kaip-to-pasiekti\/\"]}]},{\"@type\":\"ImageObject\",\"inLanguage\":\"en-GB\",\"@id\":\"https:\/\/skaitytaknyga.lt\/produktas\/atsakymas-ko-tikites-is-gyvenimo-ir-kaip-to-pasiekti\/#primaryimage\",\"url\":\"https:\/\/skaitytaknyga.lt\/wp-content\/uploads\/2025\/09\/Atsakymas-ko-tikites-is-gyvenimo-ir-kaip-to-pasiekti-1.webp\",\"contentUrl\":\"https:\/\/skaitytaknyga.lt\/wp-content\/uploads\/2025\/09\/Atsakymas-ko-tikites-is-gyvenimo-ir-kaip-to-pasiekti-1.webp\",\"width\":285,\"height\":424,\"caption\":\"Atsakymas: ko tikit\u0117s i\u0161 gyvenimo ir kaip to pasiekti\"},{\"@type\":\"BreadcrumbList\",\"@id\":\"https:\/\/skaitytaknyga.lt\/produktas\/atsakymas-ko-tikites-is-gyvenimo-ir-kaip-to-pasiekti\/#breadcrumb\",\"itemListElement\":[{\"@type\":\"ListItem\",\"position\":1,\"name\":\"Home\",\"item\":\"https:\/\/skaitytaknyga.lt\/\"},{\"@type\":\"ListItem\",\"position\":2,\"name\":\"Parduotuv\u0117\",\"item\":\"https:\/\/skaitytaknyga.lt\/knygu-parduotuve\/\"},{\"@type\":\"ListItem\",\"position\":3,\"name\":\"Atsakymas: ko tikit\u0117s i\u0161 gyvenimo ir kaip to pasiekti\"}]},{\"@type\":\"WebSite\",\"@id\":\"https:\/\/skaitytaknyga.lt\/#website\",\"url\":\"https:\/\/skaitytaknyga.lt\/\",\"name\":\"skaitytaknyga.lt\",\"description\":\"Skaitytaknyga.lt \u2013 tai ma\u017eas \u0161eimos verslas, kuris prasid\u0117jo nuo meil\u0117s knygoms ir siekio i\u0161gelb\u0117ti knygas nuo likimo prie konteinerio. Kas vienam nereikalingas daiktas \u2013 kitam lobis, o mes esame tarpininkai, kurie padeda abiems tapti laimingesniems ???? \u017dinome kaip nelengva i\u0161gyventi ma\u017eiems verslams, tad nuo \u0161iol, \u010dia rasite ir kit\u0173, ma\u017e\u0173 \u0161eim\u0173 versl\u0173, rank\u0173 darbo, dovan\u0173 sau ir artimiesiems.\",\"publisher\":{\"@id\":\"https:\/\/skaitytaknyga.lt\/#organization\"},\"potentialAction\":[{\"@type\":\"SearchAction\",\"target\":{\"@type\":\"EntryPoint\",\"urlTemplate\":\"https:\/\/skaitytaknyga.lt\/?s={search_term_string}\"},\"query-input\":{\"@type\":\"PropertyValueSpecification\",\"valueRequired\":true,\"valueName\":\"search_term_string\"}}],\"inLanguage\":\"en-GB\"},{\"@type\":\"Organization\",\"@id\":\"https:\/\/skaitytaknyga.lt\/#organization\",\"name\":\"skaitytaknyga.lt\",\"url\":\"https:\/\/skaitytaknyga.lt\/\",\"logo\":{\"@type\":\"ImageObject\",\"inLanguage\":\"en-GB\",\"@id\":\"https:\/\/skaitytaknyga.lt\/#\/schema\/logo\/image\/\",\"url\":\"https:\/\/skaitytaknyga.lt\/wp-content\/uploads\/2024\/05\/cropped-cropped-cropped-02_00843_jt3bggkj1j3HLc7SyY6rEUpg.jpeg\",\"contentUrl\":\"https:\/\/skaitytaknyga.lt\/wp-content\/uploads\/2024\/05\/cropped-cropped-cropped-02_00843_jt3bggkj1j3HLc7SyY6rEUpg.jpeg\",\"width\":1600,\"height\":1600,\"caption\":\"skaitytaknyga.lt\"},\"image\":{\"@id\":\"https:\/\/skaitytaknyga.lt\/#\/schema\/logo\/image\/\"},\"sameAs\":[\"https:\/\/www.facebook.com\/skaitytaknyga\/\"]}]}<\/script>\n<!-- \/ Yoast SEO plugin. -->","yoast_head_json":{"title":"Atsakymas: ko tikit\u0117s i\u0161 gyvenimo ir kaip to pasiekti","description":"Su\u017einosite, kaip i\u0161 ten, kur dabar esate, nukeliauti ten, kur nor\u0117tum\u0117te b\u016bti. Atskleisime jums patikrintus s\u0117km\u0117s principus, kuri\u0173 per vis\u0105 istorij\u0105","robots":{"index":"index","follow":"follow","max-snippet":"max-snippet:-1","max-image-preview":"max-image-preview:large","max-video-preview":"max-video-preview:-1"},"canonical":"https:\/\/skaitytaknyga.lt\/en\/produktas\/atsakymas-ko-tikites-is-gyvenimo-ir-kaip-to-pasiekti\/","og_locale":"en_GB","og_type":"article","og_title":"[:lt]Atsakymas: ko tikit\u0117s i\u0161 gyvenimo ir kaip to pasiekti[:] - Skaitytaknyga","og_description":"Su\u017einosite, kaip i\u0161 ten, kur dabar esate, nukeliauti ten, kur nor\u0117tum\u0117te b\u016bti. Atskleisime jums patikrintus s\u0117km\u0117s principus, kuri\u0173 per vis\u0105 istorij\u0105","og_url":"https:\/\/skaitytaknyga.lt\/en\/produktas\/atsakymas-ko-tikites-is-gyvenimo-ir-kaip-to-pasiekti\/","og_site_name":"Skaitytaknyga","article_publisher":"https:\/\/www.facebook.com\/skaitytaknyga\/","article_modified_time":"2025-09-27T15:57:35+00:00","og_image":[{"width":285,"height":424,"url":"https:\/\/skaitytaknyga.lt\/wp-content\/uploads\/2025\/09\/Atsakymas-ko-tikites-is-gyvenimo-ir-kaip-to-pasiekti-1.webp","type":"image\/webp"}],"twitter_card":"summary_large_image","twitter_misc":{"Estimated reading time":"2 minutes"},"schema":{"@context":"https:\/\/schema.org","@graph":[{"@type":"WebPage","@id":"https:\/\/skaitytaknyga.lt\/produktas\/atsakymas-ko-tikites-is-gyvenimo-ir-kaip-to-pasiekti\/","url":"https:\/\/skaitytaknyga.lt\/produktas\/atsakymas-ko-tikites-is-gyvenimo-ir-kaip-to-pasiekti\/","name":"Atsakymas: ko tikit\u0117s i\u0161 gyvenimo ir kaip to pasiekti","isPartOf":{"@id":"https:\/\/skaitytaknyga.lt\/#website"},"primaryImageOfPage":{"@id":"https:\/\/skaitytaknyga.lt\/produktas\/atsakymas-ko-tikites-is-gyvenimo-ir-kaip-to-pasiekti\/#primaryimage"},"image":{"@id":"https:\/\/skaitytaknyga.lt\/produktas\/atsakymas-ko-tikites-is-gyvenimo-ir-kaip-to-pasiekti\/#primaryimage"},"thumbnailUrl":"https:\/\/skaitytaknyga.lt\/wp-content\/uploads\/2025\/09\/Atsakymas-ko-tikites-is-gyvenimo-ir-kaip-to-pasiekti-1.webp","datePublished":"2025-09-03T11:25:35+00:00","dateModified":"2025-09-27T15:57:35+00:00","description":"Su\u017einosite, kaip i\u0161 ten, kur dabar esate, nukeliauti ten, kur nor\u0117tum\u0117te b\u016bti. Atskleisime jums patikrintus s\u0117km\u0117s principus, kuri\u0173 per vis\u0105 istorij\u0105","breadcrumb":{"@id":"https:\/\/skaitytaknyga.lt\/produktas\/atsakymas-ko-tikites-is-gyvenimo-ir-kaip-to-pasiekti\/#breadcrumb"},"inLanguage":"en-GB","potentialAction":[{"@type":"ReadAction","target":["https:\/\/skaitytaknyga.lt\/produktas\/atsakymas-ko-tikites-is-gyvenimo-ir-kaip-to-pasiekti\/"]}]},{"@type":"ImageObject","inLanguage":"en-GB","@id":"https:\/\/skaitytaknyga.lt\/produktas\/atsakymas-ko-tikites-is-gyvenimo-ir-kaip-to-pasiekti\/#primaryimage","url":"https:\/\/skaitytaknyga.lt\/wp-content\/uploads\/2025\/09\/Atsakymas-ko-tikites-is-gyvenimo-ir-kaip-to-pasiekti-1.webp","contentUrl":"https:\/\/skaitytaknyga.lt\/wp-content\/uploads\/2025\/09\/Atsakymas-ko-tikites-is-gyvenimo-ir-kaip-to-pasiekti-1.webp","width":285,"height":424,"caption":"Atsakymas: ko tikit\u0117s i\u0161 gyvenimo ir kaip to pasiekti"},{"@type":"BreadcrumbList","@id":"https:\/\/skaitytaknyga.lt\/produktas\/atsakymas-ko-tikites-is-gyvenimo-ir-kaip-to-pasiekti\/#breadcrumb","itemListElement":[{"@type":"ListItem","position":1,"name":"Home","item":"https:\/\/skaitytaknyga.lt\/"},{"@type":"ListItem","position":2,"name":"Parduotuv\u0117","item":"https:\/\/skaitytaknyga.lt\/knygu-parduotuve\/"},{"@type":"ListItem","position":3,"name":"Atsakymas: ko tikit\u0117s i\u0161 gyvenimo ir kaip to pasiekti"}]},{"@type":"WebSite","@id":"https:\/\/skaitytaknyga.lt\/#website","url":"https:\/\/skaitytaknyga.lt\/","name":"skaitytaknyga.lt","description":"Skaitytaknyga.lt \u2013 tai ma\u017eas \u0161eimos verslas, kuris prasid\u0117jo nuo meil\u0117s knygoms ir siekio i\u0161gelb\u0117ti knygas nuo likimo prie konteinerio. Kas vienam nereikalingas daiktas \u2013 kitam lobis, o mes esame tarpininkai, kurie padeda abiems tapti laimingesniems ???? \u017dinome kaip nelengva i\u0161gyventi ma\u017eiems verslams, tad nuo \u0161iol, \u010dia rasite ir kit\u0173, ma\u017e\u0173 \u0161eim\u0173 versl\u0173, rank\u0173 darbo, dovan\u0173 sau ir artimiesiems.","publisher":{"@id":"https:\/\/skaitytaknyga.lt\/#organization"},"potentialAction":[{"@type":"SearchAction","target":{"@type":"EntryPoint","urlTemplate":"https:\/\/skaitytaknyga.lt\/?s={search_term_string}"},"query-input":{"@type":"PropertyValueSpecification","valueRequired":true,"valueName":"search_term_string"}}],"inLanguage":"en-GB"},{"@type":"Organization","@id":"https:\/\/skaitytaknyga.lt\/#organization","name":"skaitytaknyga.lt","url":"https:\/\/skaitytaknyga.lt\/","logo":{"@type":"ImageObject","inLanguage":"en-GB","@id":"https:\/\/skaitytaknyga.lt\/#\/schema\/logo\/image\/","url":"https:\/\/skaitytaknyga.lt\/wp-content\/uploads\/2024\/05\/cropped-cropped-cropped-02_00843_jt3bggkj1j3HLc7SyY6rEUpg.jpeg","contentUrl":"https:\/\/skaitytaknyga.lt\/wp-content\/uploads\/2024\/05\/cropped-cropped-cropped-02_00843_jt3bggkj1j3HLc7SyY6rEUpg.jpeg","width":1600,"height":1600,"caption":"skaitytaknyga.lt"},"image":{"@id":"https:\/\/skaitytaknyga.lt\/#\/schema\/logo\/image\/"},"sameAs":["https:\/\/www.facebook.com\/skaitytaknyga\/"]}]}},"_links":{"self":[{"href":"https:\/\/skaitytaknyga.lt\/en\/wp-json\/wp\/v2\/product\/20666","targetHints":{"allow":["GET"]}}],"collection":[{"href":"https:\/\/skaitytaknyga.lt\/en\/wp-json\/wp\/v2\/product"}],"about":[{"href":"https:\/\/skaitytaknyga.lt\/en\/wp-json\/wp\/v2\/types\/product"}],"replies":[{"embeddable":true,"href":"https:\/\/skaitytaknyga.lt\/en\/wp-json\/wp\/v2\/comments?post=20666"}],"wp:featuredmedia":[{"embeddable":true,"href":"https:\/\/skaitytaknyga.lt\/en\/wp-json\/wp\/v2\/media\/20667"}],"wp:attachment":[{"href":"https:\/\/skaitytaknyga.lt\/en\/wp-json\/wp\/v2\/media?parent=20666"}],"wp:term":[{"taxonomy":"product_brand","embeddable":true,"href":"https:\/\/skaitytaknyga.lt\/en\/wp-json\/wp\/v2\/product_brand?post=20666"},{"taxonomy":"product_cat","embeddable":true,"href":"https:\/\/skaitytaknyga.lt\/en\/wp-json\/wp\/v2\/product_cat?post=20666"},{"taxonomy":"product_tag","embeddable":true,"href":"https:\/\/skaitytaknyga.lt\/en\/wp-json\/wp\/v2\/product_tag?post=20666"}],"curies":[{"name":"wp","href":"https:\/\/api.w.org\/{rel}","templated":true}]}}