{"id":20664,"date":"2025-09-03T14:23:57","date_gmt":"2025-09-03T11:23:57","guid":{"rendered":"https:\/\/skaitytaknyga.lt\/?post_type=product&#038;p=20664"},"modified":"2025-10-03T19:02:42","modified_gmt":"2025-10-03T16:02:42","slug":"nelly-paltiniene-tu-ateik-i-pasimatyma","status":"publish","type":"product","link":"https:\/\/skaitytaknyga.lt\/en\/produktas\/nelly-paltiniene-tu-ateik-i-pasimatyma\/","title":{"rendered":"Nelly Paltinien\u0117. Tu ateik \u012f pasimatym\u0105"},"content":{"rendered":"<p>\u201eGal galima truput\u012f ir pafantazuoti, kad b\u016bt\u0173 \u012fdomiau? O kaip filmuose?\u201c \u2013 juok\u0117si Nelly. Ta\u010diau nieko prid\u0117ti nereik\u0117jo \u2013 likimas negail\u0117jo jai nei skaud\u017ei\u0173 i\u0161bandym\u0173, nei svaigi\u0173 \u0161uoli\u0173. 2020-\u0173j\u0173 vasario 29-\u0105j\u0105 Nelly Paltinien\u0117 i\u0161keliavo anapus, o man liko pa\u017eadas sud\u0117ti atvirus pasakojimus \u012f knyg\u0105, kad ji dar syk\u012f gal\u0117t\u0173 pakviesti gerb\u0117jus \u012f pasimatym\u0105.\u201c<br \/>\nKnygos autor\u0117, \u017eurnalist\u0117 Irma Lau\u017eikait\u0117<\/p>\n<p>\u017durnalist\u0117s Irmos Lau\u017eikait\u0117s knygos \u201eNelly Paltinien\u0117. Tu ateik \u012f pasimatym\u0105\u201c nuotaik\u0105 geriausiai perteikia pa\u010dios scenos legendos Nelly Paltinien\u0117s \u017eod\u017eiai: \u201eGyvenimas labai gra\u017eus \u2013 ir su tuo, kas buvo gera, ir su tuo, kas buvo bloga. A\u0161 buvau laiminga scenoje. Galiu atvirai pasakyti: vis\u0173 pirma buvau daininink\u0117, tik paskui \u2013 moteris. Ir d\u0117l nieko nesigailiu.\u201c<\/p>\n<p>\u0160i biografin\u0117 knyga, be abejo, bus \u012fdomi ne tik i\u0161tikimiausiems scenos primadonos gerb\u0117jams, bet kiekvienam, kuris ie\u0161ko \u012fkv\u0117pimo, atkakliai siekia savo svajon\u0117s ir bando atsilaikyti prie\u0161 gyvenimo audras? Pastar\u0173j\u0173 Nelly Paltinien\u0117s gyvenime netr\u016bko.<\/p>\n<p>Knygos \u201eNelly Paltinien\u0117. Tu ateik \u012f pasimatym\u0105\u201c autor\u0117 Irma Lau\u017eikait\u0117 pasakoja apie ne vien\u0105 i\u0161m\u0117ginim\u0105, kur\u012f teko patirti jos pa\u0161nekovei: \u201ePrisimindama, k\u0105 tiek met\u0173 nutyl\u0117jo, ir juok\u0117si, ir brauk\u0117 a\u0161aras. Pasakojo apie ma\u017eyt\u0117s Nelly kov\u0105 d\u0117l i\u0161likimo karo m\u0117smal\u0117je. Apie tai, kaip pati dar vaikas tapo mama. Apie berib\u0119 aistr\u0105 scenai ir jai atiduotus \u0161e\u0161iasde\u0161imt ketverius metus.\u201c<\/p>\n<p>Knyga patiks visiems, kas m\u0117gsta biografines knygas, kuri\u0173 pagrindiniai veik\u0117jai yra ne i\u0161galvoti persona\u017eai, o real\u016bs asmenys, o knygos siu\u017eetas paremtas tikrais faktais. \u0160i knyga apie legendin\u0119 lietuvi\u0161kos estrados atlik\u0117j\u0105, i\u0161 laikme\u010dio suvar\u017eym\u0173 i\u0161silaisvinusi\u0105 moter\u012f, moteri\u0161kumo ikon\u0105 &#8211; \u017eaving\u0105j\u0105 Nelly Paltinien\u0119.<\/p>\n<p>Irma Lau\u017eikait\u0117 baig\u0117 Tro\u0161k\u016bn\u0173 Kazio In\u010di\u016bros vidurin\u0119 mokykl\u0105, studijavo \u017eurnalistik\u0105 Vilniaus universitete, dirbo \u017eurnaliste keliuose \u017eurnaluose, \u0161iuo metu eina vienos leidyklos redaktor\u0117s pareigas.<\/p>\n","protected":false},"excerpt":{"rendered":"<p>\u201eGal galima truput\u012f ir pafantazuoti, kad b\u016bt\u0173 \u012fdomiau? O kaip filmuose?\u201c \u2013 juok\u0117si Nelly. Ta\u010diau nieko prid\u0117ti nereik\u0117jo \u2013 likimas negail\u0117jo jai nei skaud\u017ei\u0173 i\u0161bandym\u0173, nei svaigi\u0173 \u0161uoli\u0173. 2020-\u0173j\u0173 vasario 29-\u0105j\u0105 Nelly Paltinien\u0117 i\u0161keliavo anapus, o man liko pa\u017eadas sud\u0117ti atvirus pasakojimus \u012f knyg\u0105, kad ji dar syk\u012f gal\u0117t\u0173 pakviesti gerb\u0117jus \u012f pasimatym\u0105.\u201c Knygos autor\u0117, \u017eurnalist\u0117 Irma Lau\u017eikait\u0117 \u017durnalist\u0117s Irmos Lau\u017eikait\u0117s knygos \u201eNelly Paltinien\u0117. Tu ateik \u012f pasimatym\u0105\u201c nuotaik\u0105 geriausiai perteikia pa\u010dios scenos legendos Nelly Paltinien\u0117s \u017eod\u017eiai: \u201eGyvenimas labai gra\u017eus \u2013 ir su tuo, kas buvo gera, ir su tuo, kas buvo bloga. A\u0161 buvau laiminga scenoje. Galiu atvirai pasakyti: vis\u0173 pirma buvau daininink\u0117, tik paskui \u2013 moteris. Ir d\u0117l nieko nesigailiu.\u201c \u0160i biografin\u0117 knyga, be abejo, bus \u012fdomi ne tik i\u0161tikimiausiems scenos primadonos gerb\u0117jams, bet kiekvienam, kuris ie\u0161ko \u012fkv\u0117pimo, atkakliai siekia savo svajon\u0117s ir bando atsilaikyti prie\u0161 gyvenimo audras? Pastar\u0173j\u0173 Nelly Paltinien\u0117s gyvenime netr\u016bko. Knygos \u201eNelly Paltinien\u0117. Tu ateik \u012f pasimatym\u0105\u201c autor\u0117 Irma Lau\u017eikait\u0117 pasakoja apie ne vien\u0105 i\u0161m\u0117ginim\u0105, kur\u012f teko patirti jos pa\u0161nekovei: \u201ePrisimindama, k\u0105 tiek met\u0173 nutyl\u0117jo, ir juok\u0117si, ir brauk\u0117 a\u0161aras. Pasakojo apie ma\u017eyt\u0117s Nelly kov\u0105 d\u0117l i\u0161likimo karo m\u0117smal\u0117je. Apie tai, kaip pati dar vaikas tapo mama. Apie berib\u0119 aistr\u0105 scenai ir jai atiduotus \u0161e\u0161iasde\u0161imt ketverius metus.\u201c Knyga patiks visiems, kas m\u0117gsta biografines knygas, kuri\u0173 pagrindiniai veik\u0117jai yra ne i\u0161galvoti persona\u017eai, o real\u016bs asmenys, o knygos siu\u017eetas paremtas tikrais faktais. \u0160i knyga apie legendin\u0119 lietuvi\u0161kos estrados atlik\u0117j\u0105, i\u0161 laikme\u010dio suvar\u017eym\u0173 i\u0161silaisvinusi\u0105 moter\u012f, moteri\u0161kumo ikon\u0105 &#8211; \u017eaving\u0105j\u0105 Nelly Paltinien\u0119. Irma Lau\u017eikait\u0117 baig\u0117 Tro\u0161k\u016bn\u0173 Kazio In\u010di\u016bros vidurin\u0119 mokykl\u0105, studijavo \u017eurnalistik\u0105 Vilniaus universitete, dirbo \u017eurnaliste keliuose \u017eurnaluose, \u0161iuo metu eina vienos leidyklos redaktor\u0117s pareigas.<\/p>\n","protected":false},"featured_media":20665,"comment_status":"open","ping_status":"closed","template":"","meta":{"_acf_changed":false,"site-sidebar-layout":"default","site-content-layout":"","ast-site-content-layout":"default","site-content-style":"default","site-sidebar-style":"default","ast-global-header-display":"","ast-banner-title-visibility":"","ast-main-header-display":"","ast-hfb-above-header-display":"","ast-hfb-below-header-display":"","ast-hfb-mobile-header-display":"","site-post-title":"","ast-breadcrumbs-content":"","ast-featured-img":"","footer-sml-layout":"","ast-disable-related-posts":"","theme-transparent-header-meta":"","adv-header-id-meta":"","stick-header-meta":"","header-above-stick-meta":"","header-main-stick-meta":"","header-below-stick-meta":"","astra-migrate-meta-layouts":"default","ast-page-background-enabled":"default","ast-page-background-meta":{"desktop":{"background-color":"","background-image":"","background-repeat":"repeat","background-position":"center center","background-size":"auto","background-attachment":"scroll","background-type":"","background-media":"","overlay-type":"","overlay-color":"","overlay-opacity":"","overlay-gradient":""},"tablet":{"background-color":"","background-image":"","background-repeat":"repeat","background-position":"center center","background-size":"auto","background-attachment":"scroll","background-type":"","background-media":"","overlay-type":"","overlay-color":"","overlay-opacity":"","overlay-gradient":""},"mobile":{"background-color":"","background-image":"","background-repeat":"repeat","background-position":"center center","background-size":"auto","background-attachment":"scroll","background-type":"","background-media":"","overlay-type":"","overlay-color":"","overlay-opacity":"","overlay-gradient":""}},"ast-content-background-meta":{"desktop":{"background-color":"var(--ast-global-color-4)","background-image":"","background-repeat":"repeat","background-position":"center center","background-size":"auto","background-attachment":"scroll","background-type":"","background-media":"","overlay-type":"","overlay-color":"","overlay-opacity":"","overlay-gradient":""},"tablet":{"background-color":"var(--ast-global-color-4)","background-image":"","background-repeat":"repeat","background-position":"center center","background-size":"auto","background-attachment":"scroll","background-type":"","background-media":"","overlay-type":"","overlay-color":"","overlay-opacity":"","overlay-gradient":""},"mobile":{"background-color":"var(--ast-global-color-4)","background-image":"","background-repeat":"repeat","background-position":"center center","background-size":"auto","background-attachment":"scroll","background-type":"","background-media":"","overlay-type":"","overlay-color":"","overlay-opacity":"","overlay-gradient":""}}},"product_brand":[],"product_cat":[15],"product_tag":[2045,7656,7654,7655],"class_list":{"0":"post-20664","1":"product","2":"type-product","3":"status-publish","4":"has-post-thumbnail","6":"product_cat-uncategorized","7":"product_tag-biografija","8":"product_tag-irma-lauzikaite","9":"product_tag-lietuviska-estrada","10":"product_tag-nelly-paltiniene","11":"desktop-align-left","12":"tablet-align-left","13":"mobile-align-left","15":"first","16":"outofstock","17":"shipping-taxable","18":"purchasable","19":"product-type-simple"},"acf":[],"yoast_head":"<!-- This site is optimized with the Yoast SEO plugin v27.0 - https:\/\/yoast.com\/product\/yoast-seo-wordpress\/ -->\n<title>Nelly Paltinien\u0117. Tu ateik \u012f pasimatym\u0105<\/title>\n<meta name=\"description\" content=\"\u201eGal galima truput\u012f ir pafantazuoti, kad b\u016bt\u0173 \u012fdomiau? O kaip filmuose?\u201c \u2013 juok\u0117si Nelly. Ta\u010diau nieko prid\u0117ti nereik\u0117jo \u2013 likimas negail\u0117jo jai nei\" \/>\n<meta name=\"robots\" content=\"index, follow, max-snippet:-1, max-image-preview:large, max-video-preview:-1\" \/>\n<link rel=\"canonical\" href=\"https:\/\/skaitytaknyga.lt\/en\/produktas\/nelly-paltiniene-tu-ateik-i-pasimatyma\/\" \/>\n<meta property=\"og:locale\" content=\"en_GB\" \/>\n<meta property=\"og:locale:alternate\" content=\"lt_LT\" \/>\n<meta property=\"og:type\" content=\"article\" \/>\n<meta property=\"og:title\" content=\"Nelly Paltinien\u0117. Tu ateik \u012f pasimatym\u0105\" \/>\n<meta property=\"og:description\" content=\"\u201eGal galima truput\u012f ir pafantazuoti, kad b\u016bt\u0173 \u012fdomiau? O kaip filmuose?\u201c \u2013 juok\u0117si Nelly. Ta\u010diau nieko prid\u0117ti nereik\u0117jo \u2013 likimas negail\u0117jo jai nei\" \/>\n<meta property=\"og:url\" content=\"https:\/\/skaitytaknyga.lt\/en\/produktas\/nelly-paltiniene-tu-ateik-i-pasimatyma\/\" \/>\n<meta property=\"og:site_name\" content=\"Skaitytaknyga\" \/>\n<meta property=\"article:publisher\" content=\"https:\/\/www.facebook.com\/skaitytaknyga\/\" \/>\n<meta property=\"article:modified_time\" content=\"2025-10-03T16:02:42+00:00\" \/>\n<meta property=\"og:image\" content=\"https:\/\/skaitytaknyga.lt\/wp-content\/uploads\/2025\/09\/Nelly-Paltiniene.-Tu-ateik-i-pasimatyma.webp\" \/>\n\t<meta property=\"og:image:width\" content=\"300\" \/>\n\t<meta property=\"og:image:height\" content=\"428\" \/>\n\t<meta property=\"og:image:type\" content=\"image\/webp\" \/>\n<meta name=\"twitter:card\" content=\"summary_large_image\" \/>\n<meta name=\"twitter:label1\" content=\"Estimated reading time\" \/>\n\t<meta name=\"twitter:data1\" content=\"2 minutes\" \/>\n<script type=\"application\/ld+json\" class=\"yoast-schema-graph\">{\"@context\":\"https:\/\/schema.org\",\"@graph\":[{\"@type\":\"WebPage\",\"@id\":\"https:\/\/skaitytaknyga.lt\/produktas\/nelly-paltiniene-tu-ateik-i-pasimatyma\/\",\"url\":\"https:\/\/skaitytaknyga.lt\/produktas\/nelly-paltiniene-tu-ateik-i-pasimatyma\/\",\"name\":\"Nelly Paltinien\u0117. Tu ateik \u012f pasimatym\u0105\",\"isPartOf\":{\"@id\":\"https:\/\/skaitytaknyga.lt\/#website\"},\"primaryImageOfPage\":{\"@id\":\"https:\/\/skaitytaknyga.lt\/produktas\/nelly-paltiniene-tu-ateik-i-pasimatyma\/#primaryimage\"},\"image\":{\"@id\":\"https:\/\/skaitytaknyga.lt\/produktas\/nelly-paltiniene-tu-ateik-i-pasimatyma\/#primaryimage\"},\"thumbnailUrl\":\"https:\/\/skaitytaknyga.lt\/wp-content\/uploads\/2025\/09\/Nelly-Paltiniene.-Tu-ateik-i-pasimatyma.webp\",\"datePublished\":\"2025-09-03T11:23:57+00:00\",\"dateModified\":\"2025-10-03T16:02:42+00:00\",\"description\":\"\u201eGal galima truput\u012f ir pafantazuoti, kad b\u016bt\u0173 \u012fdomiau? O kaip filmuose?\u201c \u2013 juok\u0117si Nelly. Ta\u010diau nieko prid\u0117ti nereik\u0117jo \u2013 likimas negail\u0117jo jai nei\",\"breadcrumb\":{\"@id\":\"https:\/\/skaitytaknyga.lt\/produktas\/nelly-paltiniene-tu-ateik-i-pasimatyma\/#breadcrumb\"},\"inLanguage\":\"en-GB\",\"potentialAction\":[{\"@type\":\"ReadAction\",\"target\":[\"https:\/\/skaitytaknyga.lt\/produktas\/nelly-paltiniene-tu-ateik-i-pasimatyma\/\"]}]},{\"@type\":\"ImageObject\",\"inLanguage\":\"en-GB\",\"@id\":\"https:\/\/skaitytaknyga.lt\/produktas\/nelly-paltiniene-tu-ateik-i-pasimatyma\/#primaryimage\",\"url\":\"https:\/\/skaitytaknyga.lt\/wp-content\/uploads\/2025\/09\/Nelly-Paltiniene.-Tu-ateik-i-pasimatyma.webp\",\"contentUrl\":\"https:\/\/skaitytaknyga.lt\/wp-content\/uploads\/2025\/09\/Nelly-Paltiniene.-Tu-ateik-i-pasimatyma.webp\",\"width\":300,\"height\":428,\"caption\":\"Nelly Paltinien\u0117. Tu ateik \u012f pasimatym\u0105\"},{\"@type\":\"BreadcrumbList\",\"@id\":\"https:\/\/skaitytaknyga.lt\/produktas\/nelly-paltiniene-tu-ateik-i-pasimatyma\/#breadcrumb\",\"itemListElement\":[{\"@type\":\"ListItem\",\"position\":1,\"name\":\"Home\",\"item\":\"https:\/\/skaitytaknyga.lt\/\"},{\"@type\":\"ListItem\",\"position\":2,\"name\":\"Parduotuv\u0117\",\"item\":\"https:\/\/skaitytaknyga.lt\/knygu-parduotuve\/\"},{\"@type\":\"ListItem\",\"position\":3,\"name\":\"Nelly Paltinien\u0117. Tu ateik \u012f pasimatym\u0105\"}]},{\"@type\":\"WebSite\",\"@id\":\"https:\/\/skaitytaknyga.lt\/#website\",\"url\":\"https:\/\/skaitytaknyga.lt\/\",\"name\":\"skaitytaknyga.lt\",\"description\":\"Skaitytaknyga.lt \u2013 tai ma\u017eas \u0161eimos verslas, kuris prasid\u0117jo nuo meil\u0117s knygoms ir siekio i\u0161gelb\u0117ti knygas nuo likimo prie konteinerio. Kas vienam nereikalingas daiktas \u2013 kitam lobis, o mes esame tarpininkai, kurie padeda abiems tapti laimingesniems ???? \u017dinome kaip nelengva i\u0161gyventi ma\u017eiems verslams, tad nuo \u0161iol, \u010dia rasite ir kit\u0173, ma\u017e\u0173 \u0161eim\u0173 versl\u0173, rank\u0173 darbo, dovan\u0173 sau ir artimiesiems.\",\"publisher\":{\"@id\":\"https:\/\/skaitytaknyga.lt\/#organization\"},\"potentialAction\":[{\"@type\":\"SearchAction\",\"target\":{\"@type\":\"EntryPoint\",\"urlTemplate\":\"https:\/\/skaitytaknyga.lt\/?s={search_term_string}\"},\"query-input\":{\"@type\":\"PropertyValueSpecification\",\"valueRequired\":true,\"valueName\":\"search_term_string\"}}],\"inLanguage\":\"en-GB\"},{\"@type\":\"Organization\",\"@id\":\"https:\/\/skaitytaknyga.lt\/#organization\",\"name\":\"skaitytaknyga.lt\",\"url\":\"https:\/\/skaitytaknyga.lt\/\",\"logo\":{\"@type\":\"ImageObject\",\"inLanguage\":\"en-GB\",\"@id\":\"https:\/\/skaitytaknyga.lt\/#\/schema\/logo\/image\/\",\"url\":\"https:\/\/skaitytaknyga.lt\/wp-content\/uploads\/2024\/05\/cropped-cropped-cropped-02_00843_jt3bggkj1j3HLc7SyY6rEUpg.jpeg\",\"contentUrl\":\"https:\/\/skaitytaknyga.lt\/wp-content\/uploads\/2024\/05\/cropped-cropped-cropped-02_00843_jt3bggkj1j3HLc7SyY6rEUpg.jpeg\",\"width\":1600,\"height\":1600,\"caption\":\"skaitytaknyga.lt\"},\"image\":{\"@id\":\"https:\/\/skaitytaknyga.lt\/#\/schema\/logo\/image\/\"},\"sameAs\":[\"https:\/\/www.facebook.com\/skaitytaknyga\/\"]}]}<\/script>\n<!-- \/ Yoast SEO plugin. -->","yoast_head_json":{"title":"Nelly Paltinien\u0117. Tu ateik \u012f pasimatym\u0105","description":"\u201eGal galima truput\u012f ir pafantazuoti, kad b\u016bt\u0173 \u012fdomiau? O kaip filmuose?\u201c \u2013 juok\u0117si Nelly. Ta\u010diau nieko prid\u0117ti nereik\u0117jo \u2013 likimas negail\u0117jo jai nei","robots":{"index":"index","follow":"follow","max-snippet":"max-snippet:-1","max-image-preview":"max-image-preview:large","max-video-preview":"max-video-preview:-1"},"canonical":"https:\/\/skaitytaknyga.lt\/en\/produktas\/nelly-paltiniene-tu-ateik-i-pasimatyma\/","og_locale":"en_GB","og_type":"article","og_title":"[:lt]Nelly Paltinien\u0117. Tu ateik \u012f pasimatym\u0105[:] - Skaitytaknyga","og_description":"\u201eGal galima truput\u012f ir pafantazuoti, kad b\u016bt\u0173 \u012fdomiau? O kaip filmuose?\u201c \u2013 juok\u0117si Nelly. Ta\u010diau nieko prid\u0117ti nereik\u0117jo \u2013 likimas negail\u0117jo jai nei","og_url":"https:\/\/skaitytaknyga.lt\/en\/produktas\/nelly-paltiniene-tu-ateik-i-pasimatyma\/","og_site_name":"Skaitytaknyga","article_publisher":"https:\/\/www.facebook.com\/skaitytaknyga\/","article_modified_time":"2025-10-03T16:02:42+00:00","og_image":[{"width":300,"height":428,"url":"https:\/\/skaitytaknyga.lt\/wp-content\/uploads\/2025\/09\/Nelly-Paltiniene.-Tu-ateik-i-pasimatyma.webp","type":"image\/webp"}],"twitter_card":"summary_large_image","twitter_misc":{"Estimated reading time":"2 minutes"},"schema":{"@context":"https:\/\/schema.org","@graph":[{"@type":"WebPage","@id":"https:\/\/skaitytaknyga.lt\/produktas\/nelly-paltiniene-tu-ateik-i-pasimatyma\/","url":"https:\/\/skaitytaknyga.lt\/produktas\/nelly-paltiniene-tu-ateik-i-pasimatyma\/","name":"Nelly Paltinien\u0117. Tu ateik \u012f pasimatym\u0105","isPartOf":{"@id":"https:\/\/skaitytaknyga.lt\/#website"},"primaryImageOfPage":{"@id":"https:\/\/skaitytaknyga.lt\/produktas\/nelly-paltiniene-tu-ateik-i-pasimatyma\/#primaryimage"},"image":{"@id":"https:\/\/skaitytaknyga.lt\/produktas\/nelly-paltiniene-tu-ateik-i-pasimatyma\/#primaryimage"},"thumbnailUrl":"https:\/\/skaitytaknyga.lt\/wp-content\/uploads\/2025\/09\/Nelly-Paltiniene.-Tu-ateik-i-pasimatyma.webp","datePublished":"2025-09-03T11:23:57+00:00","dateModified":"2025-10-03T16:02:42+00:00","description":"\u201eGal galima truput\u012f ir pafantazuoti, kad b\u016bt\u0173 \u012fdomiau? O kaip filmuose?\u201c \u2013 juok\u0117si Nelly. Ta\u010diau nieko prid\u0117ti nereik\u0117jo \u2013 likimas negail\u0117jo jai nei","breadcrumb":{"@id":"https:\/\/skaitytaknyga.lt\/produktas\/nelly-paltiniene-tu-ateik-i-pasimatyma\/#breadcrumb"},"inLanguage":"en-GB","potentialAction":[{"@type":"ReadAction","target":["https:\/\/skaitytaknyga.lt\/produktas\/nelly-paltiniene-tu-ateik-i-pasimatyma\/"]}]},{"@type":"ImageObject","inLanguage":"en-GB","@id":"https:\/\/skaitytaknyga.lt\/produktas\/nelly-paltiniene-tu-ateik-i-pasimatyma\/#primaryimage","url":"https:\/\/skaitytaknyga.lt\/wp-content\/uploads\/2025\/09\/Nelly-Paltiniene.-Tu-ateik-i-pasimatyma.webp","contentUrl":"https:\/\/skaitytaknyga.lt\/wp-content\/uploads\/2025\/09\/Nelly-Paltiniene.-Tu-ateik-i-pasimatyma.webp","width":300,"height":428,"caption":"Nelly Paltinien\u0117. Tu ateik \u012f pasimatym\u0105"},{"@type":"BreadcrumbList","@id":"https:\/\/skaitytaknyga.lt\/produktas\/nelly-paltiniene-tu-ateik-i-pasimatyma\/#breadcrumb","itemListElement":[{"@type":"ListItem","position":1,"name":"Home","item":"https:\/\/skaitytaknyga.lt\/"},{"@type":"ListItem","position":2,"name":"Parduotuv\u0117","item":"https:\/\/skaitytaknyga.lt\/knygu-parduotuve\/"},{"@type":"ListItem","position":3,"name":"Nelly Paltinien\u0117. Tu ateik \u012f pasimatym\u0105"}]},{"@type":"WebSite","@id":"https:\/\/skaitytaknyga.lt\/#website","url":"https:\/\/skaitytaknyga.lt\/","name":"skaitytaknyga.lt","description":"Skaitytaknyga.lt \u2013 tai ma\u017eas \u0161eimos verslas, kuris prasid\u0117jo nuo meil\u0117s knygoms ir siekio i\u0161gelb\u0117ti knygas nuo likimo prie konteinerio. Kas vienam nereikalingas daiktas \u2013 kitam lobis, o mes esame tarpininkai, kurie padeda abiems tapti laimingesniems ???? \u017dinome kaip nelengva i\u0161gyventi ma\u017eiems verslams, tad nuo \u0161iol, \u010dia rasite ir kit\u0173, ma\u017e\u0173 \u0161eim\u0173 versl\u0173, rank\u0173 darbo, dovan\u0173 sau ir artimiesiems.","publisher":{"@id":"https:\/\/skaitytaknyga.lt\/#organization"},"potentialAction":[{"@type":"SearchAction","target":{"@type":"EntryPoint","urlTemplate":"https:\/\/skaitytaknyga.lt\/?s={search_term_string}"},"query-input":{"@type":"PropertyValueSpecification","valueRequired":true,"valueName":"search_term_string"}}],"inLanguage":"en-GB"},{"@type":"Organization","@id":"https:\/\/skaitytaknyga.lt\/#organization","name":"skaitytaknyga.lt","url":"https:\/\/skaitytaknyga.lt\/","logo":{"@type":"ImageObject","inLanguage":"en-GB","@id":"https:\/\/skaitytaknyga.lt\/#\/schema\/logo\/image\/","url":"https:\/\/skaitytaknyga.lt\/wp-content\/uploads\/2024\/05\/cropped-cropped-cropped-02_00843_jt3bggkj1j3HLc7SyY6rEUpg.jpeg","contentUrl":"https:\/\/skaitytaknyga.lt\/wp-content\/uploads\/2024\/05\/cropped-cropped-cropped-02_00843_jt3bggkj1j3HLc7SyY6rEUpg.jpeg","width":1600,"height":1600,"caption":"skaitytaknyga.lt"},"image":{"@id":"https:\/\/skaitytaknyga.lt\/#\/schema\/logo\/image\/"},"sameAs":["https:\/\/www.facebook.com\/skaitytaknyga\/"]}]}},"_links":{"self":[{"href":"https:\/\/skaitytaknyga.lt\/en\/wp-json\/wp\/v2\/product\/20664","targetHints":{"allow":["GET"]}}],"collection":[{"href":"https:\/\/skaitytaknyga.lt\/en\/wp-json\/wp\/v2\/product"}],"about":[{"href":"https:\/\/skaitytaknyga.lt\/en\/wp-json\/wp\/v2\/types\/product"}],"replies":[{"embeddable":true,"href":"https:\/\/skaitytaknyga.lt\/en\/wp-json\/wp\/v2\/comments?post=20664"}],"wp:featuredmedia":[{"embeddable":true,"href":"https:\/\/skaitytaknyga.lt\/en\/wp-json\/wp\/v2\/media\/20665"}],"wp:attachment":[{"href":"https:\/\/skaitytaknyga.lt\/en\/wp-json\/wp\/v2\/media?parent=20664"}],"wp:term":[{"taxonomy":"product_brand","embeddable":true,"href":"https:\/\/skaitytaknyga.lt\/en\/wp-json\/wp\/v2\/product_brand?post=20664"},{"taxonomy":"product_cat","embeddable":true,"href":"https:\/\/skaitytaknyga.lt\/en\/wp-json\/wp\/v2\/product_cat?post=20664"},{"taxonomy":"product_tag","embeddable":true,"href":"https:\/\/skaitytaknyga.lt\/en\/wp-json\/wp\/v2\/product_tag?post=20664"}],"curies":[{"name":"wp","href":"https:\/\/api.w.org\/{rel}","templated":true}]}}