{"id":20656,"date":"2025-09-03T13:54:18","date_gmt":"2025-09-03T10:54:18","guid":{"rendered":"https:\/\/skaitytaknyga.lt\/?post_type=product&#038;p=20656"},"modified":"2025-09-27T18:57:35","modified_gmt":"2025-09-27T15:57:35","slug":"itin-jautrus-vaikas","status":"publish","type":"product","link":"https:\/\/skaitytaknyga.lt\/en\/produktas\/itin-jautrus-vaikas\/","title":{"rendered":"Itin jautrus vaikas"},"content":{"rendered":"<p>Itin didelis jautrumas b\u016bdingas 15\u201320 proc. vaik\u0173. Jie, regis, pastebi menkiausi\u0105 maisto skonio ar temperat\u016bros pasikeitim\u0105, kr\u016bp\u010dioja nuo triuk\u0161mo ir ima verkti, vos \u012f akis tvyksteli ry\u0161ki \u0161viesa. Juos lengva \u012fskaudinti, jie da\u017eniau nerimauja, ilgiau pasvarsto prie\u0161 veikdami, skaud\u017eiai i\u0161gyvena d\u0117l neteisyb\u0117s, \u017eiaurumo ir neatsakingumo. Kai \u0161i\u0105 savyb\u0119 suvokiame kaip jautrum\u0105, galima apie j\u0105 kalb\u0117ti tiksliau, \u012f\u017evelgti daugyb\u0119 jos privalum\u0173, o svarbiausia \u2013 kompetentingiau ugdyti jautrius vaikus.<\/p>\n<p>Knygos \u201eITIN JAUTRUS VAIKAS\u201c autor\u0117 psicholog\u0117 tyr\u0117ja ir klinikin\u0117s psichologijos specialist\u0117 Elaine N. Aron taip pat yra itin jautrus asmuo ir tokio asmens motina. Nuo to laiko, kai prad\u0117jo tyrin\u0117ti itin didel\u012f jautrum\u0105, ji apklaus\u0117 t\u016bkstan\u010dius jautri\u0173 suaugusi\u0173j\u0173, t\u0117v\u0173 bei vaik\u0173. Elaine N. Aron pad\u0117s suprasti, kaip auginti savo itin jautrius vaikus. Jei t\u0117vai ir mokytojai i\u0161mokys juos save myl\u0117ti ir vertinti, ugdyti savit\u0105 po\u017ei\u016br\u012f ir efektyviai bendrauti, labai palengvins j\u0173 gyvenim\u0105 \u0161iuolaikiniame pasaulyje.<\/p>\n<p>Knygoje \u201eITIN JAUTRUS VAIKAS\u201c taip pat aptariama:<br \/>\n\u2022 Kaip suprasti ir nustatyti, kad j\u016bs\u0173 vaikas yra itin jautrus.<br \/>\n\u2022 Kaip \u012fveikti itin jautraus vaiko auginimo i\u0161\u0161\u016bkius kiekvienu am\u017eiaus tarpsniu.<br \/>\n\u2022 Kaip taikyti keturis laimingo itin jautraus vaiko ugdymo principus.<br \/>\n\u2022 Kaip pad\u0117ti savo vaikui gerai jaustis u\u017e nam\u0173 rib\u0173.<\/p>\n","protected":false},"excerpt":{"rendered":"<p>Itin didelis jautrumas b\u016bdingas 15\u201320 proc. vaik\u0173. Jie, regis, pastebi menkiausi\u0105 maisto skonio ar temperat\u016bros pasikeitim\u0105, kr\u016bp\u010dioja nuo triuk\u0161mo ir ima verkti, vos \u012f akis tvyksteli ry\u0161ki \u0161viesa. Juos lengva \u012fskaudinti, jie da\u017eniau nerimauja, ilgiau pasvarsto prie\u0161 veikdami, skaud\u017eiai i\u0161gyvena d\u0117l neteisyb\u0117s, \u017eiaurumo ir neatsakingumo. Kai \u0161i\u0105 savyb\u0119 suvokiame kaip jautrum\u0105, galima apie j\u0105 kalb\u0117ti tiksliau, \u012f\u017evelgti daugyb\u0119 jos privalum\u0173, o svarbiausia \u2013 kompetentingiau ugdyti jautrius vaikus. Knygos \u201eITIN JAUTRUS VAIKAS\u201c autor\u0117 psicholog\u0117 tyr\u0117ja ir klinikin\u0117s psichologijos specialist\u0117 Elaine N. Aron taip pat yra itin jautrus asmuo ir tokio asmens motina. Nuo to laiko, kai prad\u0117jo tyrin\u0117ti itin didel\u012f jautrum\u0105, ji apklaus\u0117 t\u016bkstan\u010dius jautri\u0173 suaugusi\u0173j\u0173, t\u0117v\u0173 bei vaik\u0173. Elaine N. Aron pad\u0117s suprasti, kaip auginti savo itin jautrius vaikus. Jei t\u0117vai ir mokytojai i\u0161mokys juos save myl\u0117ti ir vertinti, ugdyti savit\u0105 po\u017ei\u016br\u012f ir efektyviai bendrauti, labai palengvins j\u0173 gyvenim\u0105 \u0161iuolaikiniame pasaulyje. Knygoje \u201eITIN JAUTRUS VAIKAS\u201c taip pat aptariama: \u2022 Kaip suprasti ir nustatyti, kad j\u016bs\u0173 vaikas yra itin jautrus. \u2022 Kaip \u012fveikti itin jautraus vaiko auginimo i\u0161\u0161\u016bkius kiekvienu am\u017eiaus tarpsniu. \u2022 Kaip taikyti keturis laimingo itin jautraus vaiko ugdymo principus. \u2022 Kaip pad\u0117ti savo vaikui gerai jaustis u\u017e nam\u0173 rib\u0173.<\/p>\n","protected":false},"featured_media":20661,"comment_status":"open","ping_status":"closed","template":"","meta":{"_acf_changed":false,"site-sidebar-layout":"default","site-content-layout":"","ast-site-content-layout":"default","site-content-style":"default","site-sidebar-style":"default","ast-global-header-display":"","ast-banner-title-visibility":"","ast-main-header-display":"","ast-hfb-above-header-display":"","ast-hfb-below-header-display":"","ast-hfb-mobile-header-display":"","site-post-title":"","ast-breadcrumbs-content":"","ast-featured-img":"","footer-sml-layout":"","ast-disable-related-posts":"","theme-transparent-header-meta":"","adv-header-id-meta":"","stick-header-meta":"","header-above-stick-meta":"","header-main-stick-meta":"","header-below-stick-meta":"","astra-migrate-meta-layouts":"default","ast-page-background-enabled":"default","ast-page-background-meta":{"desktop":{"background-color":"","background-image":"","background-repeat":"repeat","background-position":"center center","background-size":"auto","background-attachment":"scroll","background-type":"","background-media":"","overlay-type":"","overlay-color":"","overlay-opacity":"","overlay-gradient":""},"tablet":{"background-color":"","background-image":"","background-repeat":"repeat","background-position":"center center","background-size":"auto","background-attachment":"scroll","background-type":"","background-media":"","overlay-type":"","overlay-color":"","overlay-opacity":"","overlay-gradient":""},"mobile":{"background-color":"","background-image":"","background-repeat":"repeat","background-position":"center center","background-size":"auto","background-attachment":"scroll","background-type":"","background-media":"","overlay-type":"","overlay-color":"","overlay-opacity":"","overlay-gradient":""}},"ast-content-background-meta":{"desktop":{"background-color":"var(--ast-global-color-4)","background-image":"","background-repeat":"repeat","background-position":"center center","background-size":"auto","background-attachment":"scroll","background-type":"","background-media":"","overlay-type":"","overlay-color":"","overlay-opacity":"","overlay-gradient":""},"tablet":{"background-color":"var(--ast-global-color-4)","background-image":"","background-repeat":"repeat","background-position":"center center","background-size":"auto","background-attachment":"scroll","background-type":"","background-media":"","overlay-type":"","overlay-color":"","overlay-opacity":"","overlay-gradient":""},"mobile":{"background-color":"var(--ast-global-color-4)","background-image":"","background-repeat":"repeat","background-position":"center center","background-size":"auto","background-attachment":"scroll","background-type":"","background-media":"","overlay-type":"","overlay-color":"","overlay-opacity":"","overlay-gradient":""}}},"product_brand":[],"product_cat":[30],"product_tag":[6282,7652,7651,7650],"class_list":{"0":"post-20656","1":"product","2":"type-product","3":"status-publish","4":"has-post-thumbnail","6":"product_cat-psichologija-ir-saviugda","7":"product_tag-auklejimas","8":"product_tag-elaine-n-aron","9":"product_tag-jautrus-vaikai","10":"product_tag-vaiku-psichologija","11":"desktop-align-left","12":"tablet-align-left","13":"mobile-align-left","15":"first","16":"instock","17":"shipping-taxable","18":"purchasable","19":"product-type-simple"},"acf":[],"yoast_head":"<!-- This site is optimized with the Yoast SEO plugin v27.0 - https:\/\/yoast.com\/product\/yoast-seo-wordpress\/ -->\n<title>Itin jautrus vaikas<\/title>\n<meta name=\"description\" content=\"Itin didelis jautrumas b\u016bdingas 15\u201320 proc. vaik\u0173. Jie, regis, pastebi menkiausi\u0105 maisto skonio ar temperat\u016bros pasikeitim\u0105, kr\u016bp\u010dioja nuo triuk\u0161mo ir ima\" \/>\n<meta name=\"robots\" content=\"index, follow, max-snippet:-1, max-image-preview:large, max-video-preview:-1\" \/>\n<link rel=\"canonical\" href=\"https:\/\/skaitytaknyga.lt\/en\/produktas\/itin-jautrus-vaikas\/\" \/>\n<meta property=\"og:locale\" content=\"en_GB\" \/>\n<meta property=\"og:locale:alternate\" content=\"lt_LT\" \/>\n<meta property=\"og:type\" content=\"article\" \/>\n<meta property=\"og:title\" content=\"Itin jautrus vaikas\" \/>\n<meta property=\"og:description\" content=\"Itin didelis jautrumas b\u016bdingas 15\u201320 proc. vaik\u0173. Jie, regis, pastebi menkiausi\u0105 maisto skonio ar temperat\u016bros pasikeitim\u0105, kr\u016bp\u010dioja nuo triuk\u0161mo ir ima\" \/>\n<meta property=\"og:url\" content=\"https:\/\/skaitytaknyga.lt\/en\/produktas\/itin-jautrus-vaikas\/\" \/>\n<meta property=\"og:site_name\" content=\"Skaitytaknyga\" \/>\n<meta property=\"article:publisher\" content=\"https:\/\/www.facebook.com\/skaitytaknyga\/\" \/>\n<meta property=\"article:modified_time\" content=\"2025-09-27T15:57:35+00:00\" \/>\n<meta property=\"og:image\" content=\"https:\/\/skaitytaknyga.lt\/wp-content\/uploads\/2025\/09\/Itin-jautrus-vaikas.jpg\" \/>\n\t<meta property=\"og:image:width\" content=\"193\" \/>\n\t<meta property=\"og:image:height\" content=\"261\" \/>\n\t<meta property=\"og:image:type\" content=\"image\/jpeg\" \/>\n<meta name=\"twitter:card\" content=\"summary_large_image\" \/>\n<meta name=\"twitter:label1\" content=\"Estimated reading time\" \/>\n\t<meta name=\"twitter:data1\" content=\"1 minute\" \/>\n<script type=\"application\/ld+json\" class=\"yoast-schema-graph\">{\"@context\":\"https:\/\/schema.org\",\"@graph\":[{\"@type\":\"WebPage\",\"@id\":\"https:\/\/skaitytaknyga.lt\/produktas\/itin-jautrus-vaikas\/\",\"url\":\"https:\/\/skaitytaknyga.lt\/produktas\/itin-jautrus-vaikas\/\",\"name\":\"Itin jautrus vaikas\",\"isPartOf\":{\"@id\":\"https:\/\/skaitytaknyga.lt\/#website\"},\"primaryImageOfPage\":{\"@id\":\"https:\/\/skaitytaknyga.lt\/produktas\/itin-jautrus-vaikas\/#primaryimage\"},\"image\":{\"@id\":\"https:\/\/skaitytaknyga.lt\/produktas\/itin-jautrus-vaikas\/#primaryimage\"},\"thumbnailUrl\":\"https:\/\/skaitytaknyga.lt\/wp-content\/uploads\/2025\/09\/Itin-jautrus-vaikas.jpg\",\"datePublished\":\"2025-09-03T10:54:18+00:00\",\"dateModified\":\"2025-09-27T15:57:35+00:00\",\"description\":\"Itin didelis jautrumas b\u016bdingas 15\u201320 proc. vaik\u0173. Jie, regis, pastebi menkiausi\u0105 maisto skonio ar temperat\u016bros pasikeitim\u0105, kr\u016bp\u010dioja nuo triuk\u0161mo ir ima\",\"breadcrumb\":{\"@id\":\"https:\/\/skaitytaknyga.lt\/produktas\/itin-jautrus-vaikas\/#breadcrumb\"},\"inLanguage\":\"en-GB\",\"potentialAction\":[{\"@type\":\"ReadAction\",\"target\":[\"https:\/\/skaitytaknyga.lt\/produktas\/itin-jautrus-vaikas\/\"]}]},{\"@type\":\"ImageObject\",\"inLanguage\":\"en-GB\",\"@id\":\"https:\/\/skaitytaknyga.lt\/produktas\/itin-jautrus-vaikas\/#primaryimage\",\"url\":\"https:\/\/skaitytaknyga.lt\/wp-content\/uploads\/2025\/09\/Itin-jautrus-vaikas.jpg\",\"contentUrl\":\"https:\/\/skaitytaknyga.lt\/wp-content\/uploads\/2025\/09\/Itin-jautrus-vaikas.jpg\",\"width\":193,\"height\":261,\"caption\":\"Itin jautrus vaikas\"},{\"@type\":\"BreadcrumbList\",\"@id\":\"https:\/\/skaitytaknyga.lt\/produktas\/itin-jautrus-vaikas\/#breadcrumb\",\"itemListElement\":[{\"@type\":\"ListItem\",\"position\":1,\"name\":\"Home\",\"item\":\"https:\/\/skaitytaknyga.lt\/\"},{\"@type\":\"ListItem\",\"position\":2,\"name\":\"Parduotuv\u0117\",\"item\":\"https:\/\/skaitytaknyga.lt\/knygu-parduotuve\/\"},{\"@type\":\"ListItem\",\"position\":3,\"name\":\"Itin jautrus vaikas\"}]},{\"@type\":\"WebSite\",\"@id\":\"https:\/\/skaitytaknyga.lt\/#website\",\"url\":\"https:\/\/skaitytaknyga.lt\/\",\"name\":\"skaitytaknyga.lt\",\"description\":\"Skaitytaknyga.lt \u2013 tai ma\u017eas \u0161eimos verslas, kuris prasid\u0117jo nuo meil\u0117s knygoms ir siekio i\u0161gelb\u0117ti knygas nuo likimo prie konteinerio. Kas vienam nereikalingas daiktas \u2013 kitam lobis, o mes esame tarpininkai, kurie padeda abiems tapti laimingesniems ???? \u017dinome kaip nelengva i\u0161gyventi ma\u017eiems verslams, tad nuo \u0161iol, \u010dia rasite ir kit\u0173, ma\u017e\u0173 \u0161eim\u0173 versl\u0173, rank\u0173 darbo, dovan\u0173 sau ir artimiesiems.\",\"publisher\":{\"@id\":\"https:\/\/skaitytaknyga.lt\/#organization\"},\"potentialAction\":[{\"@type\":\"SearchAction\",\"target\":{\"@type\":\"EntryPoint\",\"urlTemplate\":\"https:\/\/skaitytaknyga.lt\/?s={search_term_string}\"},\"query-input\":{\"@type\":\"PropertyValueSpecification\",\"valueRequired\":true,\"valueName\":\"search_term_string\"}}],\"inLanguage\":\"en-GB\"},{\"@type\":\"Organization\",\"@id\":\"https:\/\/skaitytaknyga.lt\/#organization\",\"name\":\"skaitytaknyga.lt\",\"url\":\"https:\/\/skaitytaknyga.lt\/\",\"logo\":{\"@type\":\"ImageObject\",\"inLanguage\":\"en-GB\",\"@id\":\"https:\/\/skaitytaknyga.lt\/#\/schema\/logo\/image\/\",\"url\":\"https:\/\/skaitytaknyga.lt\/wp-content\/uploads\/2024\/05\/cropped-cropped-cropped-02_00843_jt3bggkj1j3HLc7SyY6rEUpg.jpeg\",\"contentUrl\":\"https:\/\/skaitytaknyga.lt\/wp-content\/uploads\/2024\/05\/cropped-cropped-cropped-02_00843_jt3bggkj1j3HLc7SyY6rEUpg.jpeg\",\"width\":1600,\"height\":1600,\"caption\":\"skaitytaknyga.lt\"},\"image\":{\"@id\":\"https:\/\/skaitytaknyga.lt\/#\/schema\/logo\/image\/\"},\"sameAs\":[\"https:\/\/www.facebook.com\/skaitytaknyga\/\"]}]}<\/script>\n<!-- \/ Yoast SEO plugin. -->","yoast_head_json":{"title":"Itin jautrus vaikas","description":"Itin didelis jautrumas b\u016bdingas 15\u201320 proc. vaik\u0173. Jie, regis, pastebi menkiausi\u0105 maisto skonio ar temperat\u016bros pasikeitim\u0105, kr\u016bp\u010dioja nuo triuk\u0161mo ir ima","robots":{"index":"index","follow":"follow","max-snippet":"max-snippet:-1","max-image-preview":"max-image-preview:large","max-video-preview":"max-video-preview:-1"},"canonical":"https:\/\/skaitytaknyga.lt\/en\/produktas\/itin-jautrus-vaikas\/","og_locale":"en_GB","og_type":"article","og_title":"[:lt]Itin jautrus vaikas[:] - Skaitytaknyga","og_description":"Itin didelis jautrumas b\u016bdingas 15\u201320 proc. vaik\u0173. Jie, regis, pastebi menkiausi\u0105 maisto skonio ar temperat\u016bros pasikeitim\u0105, kr\u016bp\u010dioja nuo triuk\u0161mo ir ima","og_url":"https:\/\/skaitytaknyga.lt\/en\/produktas\/itin-jautrus-vaikas\/","og_site_name":"Skaitytaknyga","article_publisher":"https:\/\/www.facebook.com\/skaitytaknyga\/","article_modified_time":"2025-09-27T15:57:35+00:00","og_image":[{"width":193,"height":261,"url":"https:\/\/skaitytaknyga.lt\/wp-content\/uploads\/2025\/09\/Itin-jautrus-vaikas.jpg","type":"image\/jpeg"}],"twitter_card":"summary_large_image","twitter_misc":{"Estimated reading time":"1 minute"},"schema":{"@context":"https:\/\/schema.org","@graph":[{"@type":"WebPage","@id":"https:\/\/skaitytaknyga.lt\/produktas\/itin-jautrus-vaikas\/","url":"https:\/\/skaitytaknyga.lt\/produktas\/itin-jautrus-vaikas\/","name":"Itin jautrus vaikas","isPartOf":{"@id":"https:\/\/skaitytaknyga.lt\/#website"},"primaryImageOfPage":{"@id":"https:\/\/skaitytaknyga.lt\/produktas\/itin-jautrus-vaikas\/#primaryimage"},"image":{"@id":"https:\/\/skaitytaknyga.lt\/produktas\/itin-jautrus-vaikas\/#primaryimage"},"thumbnailUrl":"https:\/\/skaitytaknyga.lt\/wp-content\/uploads\/2025\/09\/Itin-jautrus-vaikas.jpg","datePublished":"2025-09-03T10:54:18+00:00","dateModified":"2025-09-27T15:57:35+00:00","description":"Itin didelis jautrumas b\u016bdingas 15\u201320 proc. vaik\u0173. Jie, regis, pastebi menkiausi\u0105 maisto skonio ar temperat\u016bros pasikeitim\u0105, kr\u016bp\u010dioja nuo triuk\u0161mo ir ima","breadcrumb":{"@id":"https:\/\/skaitytaknyga.lt\/produktas\/itin-jautrus-vaikas\/#breadcrumb"},"inLanguage":"en-GB","potentialAction":[{"@type":"ReadAction","target":["https:\/\/skaitytaknyga.lt\/produktas\/itin-jautrus-vaikas\/"]}]},{"@type":"ImageObject","inLanguage":"en-GB","@id":"https:\/\/skaitytaknyga.lt\/produktas\/itin-jautrus-vaikas\/#primaryimage","url":"https:\/\/skaitytaknyga.lt\/wp-content\/uploads\/2025\/09\/Itin-jautrus-vaikas.jpg","contentUrl":"https:\/\/skaitytaknyga.lt\/wp-content\/uploads\/2025\/09\/Itin-jautrus-vaikas.jpg","width":193,"height":261,"caption":"Itin jautrus vaikas"},{"@type":"BreadcrumbList","@id":"https:\/\/skaitytaknyga.lt\/produktas\/itin-jautrus-vaikas\/#breadcrumb","itemListElement":[{"@type":"ListItem","position":1,"name":"Home","item":"https:\/\/skaitytaknyga.lt\/"},{"@type":"ListItem","position":2,"name":"Parduotuv\u0117","item":"https:\/\/skaitytaknyga.lt\/knygu-parduotuve\/"},{"@type":"ListItem","position":3,"name":"Itin jautrus vaikas"}]},{"@type":"WebSite","@id":"https:\/\/skaitytaknyga.lt\/#website","url":"https:\/\/skaitytaknyga.lt\/","name":"skaitytaknyga.lt","description":"Skaitytaknyga.lt \u2013 tai ma\u017eas \u0161eimos verslas, kuris prasid\u0117jo nuo meil\u0117s knygoms ir siekio i\u0161gelb\u0117ti knygas nuo likimo prie konteinerio. Kas vienam nereikalingas daiktas \u2013 kitam lobis, o mes esame tarpininkai, kurie padeda abiems tapti laimingesniems ???? \u017dinome kaip nelengva i\u0161gyventi ma\u017eiems verslams, tad nuo \u0161iol, \u010dia rasite ir kit\u0173, ma\u017e\u0173 \u0161eim\u0173 versl\u0173, rank\u0173 darbo, dovan\u0173 sau ir artimiesiems.","publisher":{"@id":"https:\/\/skaitytaknyga.lt\/#organization"},"potentialAction":[{"@type":"SearchAction","target":{"@type":"EntryPoint","urlTemplate":"https:\/\/skaitytaknyga.lt\/?s={search_term_string}"},"query-input":{"@type":"PropertyValueSpecification","valueRequired":true,"valueName":"search_term_string"}}],"inLanguage":"en-GB"},{"@type":"Organization","@id":"https:\/\/skaitytaknyga.lt\/#organization","name":"skaitytaknyga.lt","url":"https:\/\/skaitytaknyga.lt\/","logo":{"@type":"ImageObject","inLanguage":"en-GB","@id":"https:\/\/skaitytaknyga.lt\/#\/schema\/logo\/image\/","url":"https:\/\/skaitytaknyga.lt\/wp-content\/uploads\/2024\/05\/cropped-cropped-cropped-02_00843_jt3bggkj1j3HLc7SyY6rEUpg.jpeg","contentUrl":"https:\/\/skaitytaknyga.lt\/wp-content\/uploads\/2024\/05\/cropped-cropped-cropped-02_00843_jt3bggkj1j3HLc7SyY6rEUpg.jpeg","width":1600,"height":1600,"caption":"skaitytaknyga.lt"},"image":{"@id":"https:\/\/skaitytaknyga.lt\/#\/schema\/logo\/image\/"},"sameAs":["https:\/\/www.facebook.com\/skaitytaknyga\/"]}]}},"_links":{"self":[{"href":"https:\/\/skaitytaknyga.lt\/en\/wp-json\/wp\/v2\/product\/20656","targetHints":{"allow":["GET"]}}],"collection":[{"href":"https:\/\/skaitytaknyga.lt\/en\/wp-json\/wp\/v2\/product"}],"about":[{"href":"https:\/\/skaitytaknyga.lt\/en\/wp-json\/wp\/v2\/types\/product"}],"replies":[{"embeddable":true,"href":"https:\/\/skaitytaknyga.lt\/en\/wp-json\/wp\/v2\/comments?post=20656"}],"wp:featuredmedia":[{"embeddable":true,"href":"https:\/\/skaitytaknyga.lt\/en\/wp-json\/wp\/v2\/media\/20661"}],"wp:attachment":[{"href":"https:\/\/skaitytaknyga.lt\/en\/wp-json\/wp\/v2\/media?parent=20656"}],"wp:term":[{"taxonomy":"product_brand","embeddable":true,"href":"https:\/\/skaitytaknyga.lt\/en\/wp-json\/wp\/v2\/product_brand?post=20656"},{"taxonomy":"product_cat","embeddable":true,"href":"https:\/\/skaitytaknyga.lt\/en\/wp-json\/wp\/v2\/product_cat?post=20656"},{"taxonomy":"product_tag","embeddable":true,"href":"https:\/\/skaitytaknyga.lt\/en\/wp-json\/wp\/v2\/product_tag?post=20656"}],"curies":[{"name":"wp","href":"https:\/\/api.w.org\/{rel}","templated":true}]}}