{"id":20655,"date":"2025-09-03T13:54:18","date_gmt":"2025-09-03T10:54:18","guid":{"rendered":"https:\/\/skaitytaknyga.lt\/?post_type=product&#038;p=20655"},"modified":"2025-09-27T18:57:36","modified_gmt":"2025-09-27T15:57:36","slug":"bendravimo-menas","status":"publish","type":"product","link":"https:\/\/skaitytaknyga.lt\/en\/produktas\/bendravimo-menas\/","title":{"rendered":"Bendravimo menas"},"content":{"rendered":"<p>Jei ne\u017einai, k\u0105 veikti su savo rankomis, paversk jas glamon\u0117mis<\/p>\n<p>Bendrauti, palaikyti ry\u0161\u012f, dalytis \u2013 regis, pasaulyje n\u0117ra nieko svarbesnio, reik\u0161mingesnio, kad gyventum. Tai vienas m\u016bs\u0173 gyvybi\u0161kiausi\u0173, kar\u0161\u010diausi\u0173 sieki\u0173: jausti, kad tu susij\u0119s su platesne visuma, esi pripa\u017eintas, turi tapatyb\u0119, priklausai kokiai nors grupuotei, kalbos bendruomenei. Problema viena: mes niekur to nesimokome&#8230;<\/p>\n<p>Kaip geriau pa\u017einti save ir kitus?<\/p>\n<p>Kas apibr\u0117\u017eia m\u016bs\u0173 tapatyb\u0119 ir padeda j\u0105 apsaugoti nuo kit\u0173 \u017emoni\u0173 \u012ftakos?<\/p>\n<p>Kaip i\u0161mokti atpa\u017einti ir reik\u0161ti savo jausmus: meil\u0119, kalt\u0119, pavyd\u0105, pykt\u012f?<\/p>\n<p>K\u0105 rei\u0161kia b\u016bti geru t\u0117vu ar mama?<\/p>\n<p>Kuo skiriasi \u201eklausytis\u201c ir \u201egird\u0117ti\u201c?<\/p>\n<p>Kas \u017emon\u0117ms trukdo keistis?<\/p>\n<p>Kaip save ir artim\u0105 \u017emog\u0173 apsaugoti nuo \u017ealojan\u010di\u0173 santyki\u0173?<\/p>\n<p>Tai tik dalis tem\u0173, gvildenam\u0173 \u0161ioje knygoje, mokan\u010dioje geriau pa\u017einti save, atsikratyti m\u0105stymo ir elgesio klaid\u0173, tobulinti bendravimo \u012fg\u016bd\u017eius. Prakti\u0161ka, lengvai skaitoma knyga apr\u0117pia \u012fvairius bendravimo aspektus: santykius su kitais \u017emon\u0117mis, t\u0117v\u0173 ir vaik\u0173 ry\u0161\u012f, sutuoktini\u0173 tarpusavio problemas.<\/p>\n<p>Knyga bus \u012fdomi visiems, siekiantiems darnos su savimi ir \u0161alia esan\u010diais \u017emon\u0117mis.<\/p>\n","protected":false},"excerpt":{"rendered":"<p>Jei ne\u017einai, k\u0105 veikti su savo rankomis, paversk jas glamon\u0117mis Bendrauti, palaikyti ry\u0161\u012f, dalytis \u2013 regis, pasaulyje n\u0117ra nieko svarbesnio, reik\u0161mingesnio, kad gyventum. Tai vienas m\u016bs\u0173 gyvybi\u0161kiausi\u0173, kar\u0161\u010diausi\u0173 sieki\u0173: jausti, kad tu susij\u0119s su platesne visuma, esi pripa\u017eintas, turi tapatyb\u0119, priklausai kokiai nors grupuotei, kalbos bendruomenei. Problema viena: mes niekur to nesimokome&#8230; Kaip geriau pa\u017einti save ir kitus? Kas apibr\u0117\u017eia m\u016bs\u0173 tapatyb\u0119 ir padeda j\u0105 apsaugoti nuo kit\u0173 \u017emoni\u0173 \u012ftakos? Kaip i\u0161mokti atpa\u017einti ir reik\u0161ti savo jausmus: meil\u0119, kalt\u0119, pavyd\u0105, pykt\u012f? K\u0105 rei\u0161kia b\u016bti geru t\u0117vu ar mama? Kuo skiriasi \u201eklausytis\u201c ir \u201egird\u0117ti\u201c? Kas \u017emon\u0117ms trukdo keistis? Kaip save ir artim\u0105 \u017emog\u0173 apsaugoti nuo \u017ealojan\u010di\u0173 santyki\u0173? Tai tik dalis tem\u0173, gvildenam\u0173 \u0161ioje knygoje, mokan\u010dioje geriau pa\u017einti save, atsikratyti m\u0105stymo ir elgesio klaid\u0173, tobulinti bendravimo \u012fg\u016bd\u017eius. Prakti\u0161ka, lengvai skaitoma knyga apr\u0117pia \u012fvairius bendravimo aspektus: santykius su kitais \u017emon\u0117mis, t\u0117v\u0173 ir vaik\u0173 ry\u0161\u012f, sutuoktini\u0173 tarpusavio problemas. Knyga bus \u012fdomi visiems, siekiantiems darnos su savimi ir \u0161alia esan\u010diais \u017emon\u0117mis.<\/p>\n","protected":false},"featured_media":20660,"comment_status":"open","ping_status":"closed","template":"","meta":{"_acf_changed":false,"site-sidebar-layout":"default","site-content-layout":"","ast-site-content-layout":"default","site-content-style":"default","site-sidebar-style":"default","ast-global-header-display":"","ast-banner-title-visibility":"","ast-main-header-display":"","ast-hfb-above-header-display":"","ast-hfb-below-header-display":"","ast-hfb-mobile-header-display":"","site-post-title":"","ast-breadcrumbs-content":"","ast-featured-img":"","footer-sml-layout":"","ast-disable-related-posts":"","theme-transparent-header-meta":"","adv-header-id-meta":"","stick-header-meta":"","header-above-stick-meta":"","header-main-stick-meta":"","header-below-stick-meta":"","astra-migrate-meta-layouts":"default","ast-page-background-enabled":"default","ast-page-background-meta":{"desktop":{"background-color":"","background-image":"","background-repeat":"repeat","background-position":"center center","background-size":"auto","background-attachment":"scroll","background-type":"","background-media":"","overlay-type":"","overlay-color":"","overlay-opacity":"","overlay-gradient":""},"tablet":{"background-color":"","background-image":"","background-repeat":"repeat","background-position":"center center","background-size":"auto","background-attachment":"scroll","background-type":"","background-media":"","overlay-type":"","overlay-color":"","overlay-opacity":"","overlay-gradient":""},"mobile":{"background-color":"","background-image":"","background-repeat":"repeat","background-position":"center center","background-size":"auto","background-attachment":"scroll","background-type":"","background-media":"","overlay-type":"","overlay-color":"","overlay-opacity":"","overlay-gradient":""}},"ast-content-background-meta":{"desktop":{"background-color":"var(--ast-global-color-4)","background-image":"","background-repeat":"repeat","background-position":"center center","background-size":"auto","background-attachment":"scroll","background-type":"","background-media":"","overlay-type":"","overlay-color":"","overlay-opacity":"","overlay-gradient":""},"tablet":{"background-color":"var(--ast-global-color-4)","background-image":"","background-repeat":"repeat","background-position":"center center","background-size":"auto","background-attachment":"scroll","background-type":"","background-media":"","overlay-type":"","overlay-color":"","overlay-opacity":"","overlay-gradient":""},"mobile":{"background-color":"var(--ast-global-color-4)","background-image":"","background-repeat":"repeat","background-position":"center center","background-size":"auto","background-attachment":"scroll","background-type":"","background-media":"","overlay-type":"","overlay-color":"","overlay-opacity":"","overlay-gradient":""}}},"product_brand":[],"product_cat":[30],"product_tag":[7648,7649,1392,1417],"class_list":{"0":"post-20655","1":"product","2":"type-product","3":"status-publish","4":"has-post-thumbnail","6":"product_cat-psichologija-ir-saviugda","7":"product_tag-bendravimo-menas","8":"product_tag-jacques-salome","9":"product_tag-psichologija","10":"product_tag-santykiai","11":"desktop-align-left","12":"tablet-align-left","13":"mobile-align-left","15":"first","16":"instock","17":"shipping-taxable","18":"purchasable","19":"product-type-simple"},"acf":[],"yoast_head":"<!-- This site is optimized with the Yoast SEO plugin v27.0 - https:\/\/yoast.com\/product\/yoast-seo-wordpress\/ -->\n<title>Bendravimo menas<\/title>\n<meta name=\"description\" content=\"Jei ne\u017einai, k\u0105 veikti su savo rankomis, paversk jas glamon\u0117mis Bendrauti, palaikyti ry\u0161\u012f, dalytis \u2013 regis, pasaulyje n\u0117ra nieko svarbesnio,\" \/>\n<meta name=\"robots\" content=\"index, follow, max-snippet:-1, max-image-preview:large, max-video-preview:-1\" \/>\n<link rel=\"canonical\" href=\"https:\/\/skaitytaknyga.lt\/en\/produktas\/bendravimo-menas\/\" \/>\n<meta property=\"og:locale\" content=\"en_GB\" \/>\n<meta property=\"og:locale:alternate\" content=\"lt_LT\" \/>\n<meta property=\"og:type\" content=\"article\" \/>\n<meta property=\"og:title\" content=\"Bendravimo menas\" \/>\n<meta property=\"og:description\" content=\"Jei ne\u017einai, k\u0105 veikti su savo rankomis, paversk jas glamon\u0117mis Bendrauti, palaikyti ry\u0161\u012f, dalytis \u2013 regis, pasaulyje n\u0117ra nieko svarbesnio,\" \/>\n<meta property=\"og:url\" content=\"https:\/\/skaitytaknyga.lt\/en\/produktas\/bendravimo-menas\/\" \/>\n<meta property=\"og:site_name\" content=\"Skaitytaknyga\" \/>\n<meta property=\"article:publisher\" content=\"https:\/\/www.facebook.com\/skaitytaknyga\/\" \/>\n<meta property=\"article:modified_time\" content=\"2025-09-27T15:57:36+00:00\" \/>\n<meta property=\"og:image\" content=\"https:\/\/skaitytaknyga.lt\/wp-content\/uploads\/2025\/09\/Bendravimo-menas-1.webp\" \/>\n\t<meta property=\"og:image:width\" content=\"300\" \/>\n\t<meta property=\"og:image:height\" content=\"447\" \/>\n\t<meta property=\"og:image:type\" content=\"image\/webp\" \/>\n<meta name=\"twitter:card\" content=\"summary_large_image\" \/>\n<meta name=\"twitter:label1\" content=\"Estimated reading time\" \/>\n\t<meta name=\"twitter:data1\" content=\"1 minute\" \/>\n<script type=\"application\/ld+json\" class=\"yoast-schema-graph\">{\"@context\":\"https:\/\/schema.org\",\"@graph\":[{\"@type\":\"WebPage\",\"@id\":\"https:\/\/skaitytaknyga.lt\/produktas\/bendravimo-menas\/\",\"url\":\"https:\/\/skaitytaknyga.lt\/produktas\/bendravimo-menas\/\",\"name\":\"Bendravimo menas\",\"isPartOf\":{\"@id\":\"https:\/\/skaitytaknyga.lt\/#website\"},\"primaryImageOfPage\":{\"@id\":\"https:\/\/skaitytaknyga.lt\/produktas\/bendravimo-menas\/#primaryimage\"},\"image\":{\"@id\":\"https:\/\/skaitytaknyga.lt\/produktas\/bendravimo-menas\/#primaryimage\"},\"thumbnailUrl\":\"https:\/\/skaitytaknyga.lt\/wp-content\/uploads\/2025\/09\/Bendravimo-menas-1.webp\",\"datePublished\":\"2025-09-03T10:54:18+00:00\",\"dateModified\":\"2025-09-27T15:57:36+00:00\",\"description\":\"Jei ne\u017einai, k\u0105 veikti su savo rankomis, paversk jas glamon\u0117mis Bendrauti, palaikyti ry\u0161\u012f, dalytis \u2013 regis, pasaulyje n\u0117ra nieko svarbesnio,\",\"breadcrumb\":{\"@id\":\"https:\/\/skaitytaknyga.lt\/produktas\/bendravimo-menas\/#breadcrumb\"},\"inLanguage\":\"en-GB\",\"potentialAction\":[{\"@type\":\"ReadAction\",\"target\":[\"https:\/\/skaitytaknyga.lt\/produktas\/bendravimo-menas\/\"]}]},{\"@type\":\"ImageObject\",\"inLanguage\":\"en-GB\",\"@id\":\"https:\/\/skaitytaknyga.lt\/produktas\/bendravimo-menas\/#primaryimage\",\"url\":\"https:\/\/skaitytaknyga.lt\/wp-content\/uploads\/2025\/09\/Bendravimo-menas-1.webp\",\"contentUrl\":\"https:\/\/skaitytaknyga.lt\/wp-content\/uploads\/2025\/09\/Bendravimo-menas-1.webp\",\"width\":300,\"height\":447,\"caption\":\"Bendravimo menas\"},{\"@type\":\"BreadcrumbList\",\"@id\":\"https:\/\/skaitytaknyga.lt\/produktas\/bendravimo-menas\/#breadcrumb\",\"itemListElement\":[{\"@type\":\"ListItem\",\"position\":1,\"name\":\"Home\",\"item\":\"https:\/\/skaitytaknyga.lt\/\"},{\"@type\":\"ListItem\",\"position\":2,\"name\":\"Parduotuv\u0117\",\"item\":\"https:\/\/skaitytaknyga.lt\/knygu-parduotuve\/\"},{\"@type\":\"ListItem\",\"position\":3,\"name\":\"Bendravimo menas\"}]},{\"@type\":\"WebSite\",\"@id\":\"https:\/\/skaitytaknyga.lt\/#website\",\"url\":\"https:\/\/skaitytaknyga.lt\/\",\"name\":\"skaitytaknyga.lt\",\"description\":\"Skaitytaknyga.lt \u2013 tai ma\u017eas \u0161eimos verslas, kuris prasid\u0117jo nuo meil\u0117s knygoms ir siekio i\u0161gelb\u0117ti knygas nuo likimo prie konteinerio. Kas vienam nereikalingas daiktas \u2013 kitam lobis, o mes esame tarpininkai, kurie padeda abiems tapti laimingesniems ???? \u017dinome kaip nelengva i\u0161gyventi ma\u017eiems verslams, tad nuo \u0161iol, \u010dia rasite ir kit\u0173, ma\u017e\u0173 \u0161eim\u0173 versl\u0173, rank\u0173 darbo, dovan\u0173 sau ir artimiesiems.\",\"publisher\":{\"@id\":\"https:\/\/skaitytaknyga.lt\/#organization\"},\"potentialAction\":[{\"@type\":\"SearchAction\",\"target\":{\"@type\":\"EntryPoint\",\"urlTemplate\":\"https:\/\/skaitytaknyga.lt\/?s={search_term_string}\"},\"query-input\":{\"@type\":\"PropertyValueSpecification\",\"valueRequired\":true,\"valueName\":\"search_term_string\"}}],\"inLanguage\":\"en-GB\"},{\"@type\":\"Organization\",\"@id\":\"https:\/\/skaitytaknyga.lt\/#organization\",\"name\":\"skaitytaknyga.lt\",\"url\":\"https:\/\/skaitytaknyga.lt\/\",\"logo\":{\"@type\":\"ImageObject\",\"inLanguage\":\"en-GB\",\"@id\":\"https:\/\/skaitytaknyga.lt\/#\/schema\/logo\/image\/\",\"url\":\"https:\/\/skaitytaknyga.lt\/wp-content\/uploads\/2024\/05\/cropped-cropped-cropped-02_00843_jt3bggkj1j3HLc7SyY6rEUpg.jpeg\",\"contentUrl\":\"https:\/\/skaitytaknyga.lt\/wp-content\/uploads\/2024\/05\/cropped-cropped-cropped-02_00843_jt3bggkj1j3HLc7SyY6rEUpg.jpeg\",\"width\":1600,\"height\":1600,\"caption\":\"skaitytaknyga.lt\"},\"image\":{\"@id\":\"https:\/\/skaitytaknyga.lt\/#\/schema\/logo\/image\/\"},\"sameAs\":[\"https:\/\/www.facebook.com\/skaitytaknyga\/\"]}]}<\/script>\n<!-- \/ Yoast SEO plugin. -->","yoast_head_json":{"title":"Bendravimo menas","description":"Jei ne\u017einai, k\u0105 veikti su savo rankomis, paversk jas glamon\u0117mis Bendrauti, palaikyti ry\u0161\u012f, dalytis \u2013 regis, pasaulyje n\u0117ra nieko svarbesnio,","robots":{"index":"index","follow":"follow","max-snippet":"max-snippet:-1","max-image-preview":"max-image-preview:large","max-video-preview":"max-video-preview:-1"},"canonical":"https:\/\/skaitytaknyga.lt\/en\/produktas\/bendravimo-menas\/","og_locale":"en_GB","og_type":"article","og_title":"[:lt]Bendravimo menas[:] - Skaitytaknyga","og_description":"Jei ne\u017einai, k\u0105 veikti su savo rankomis, paversk jas glamon\u0117mis Bendrauti, palaikyti ry\u0161\u012f, dalytis \u2013 regis, pasaulyje n\u0117ra nieko svarbesnio,","og_url":"https:\/\/skaitytaknyga.lt\/en\/produktas\/bendravimo-menas\/","og_site_name":"Skaitytaknyga","article_publisher":"https:\/\/www.facebook.com\/skaitytaknyga\/","article_modified_time":"2025-09-27T15:57:36+00:00","og_image":[{"width":300,"height":447,"url":"https:\/\/skaitytaknyga.lt\/wp-content\/uploads\/2025\/09\/Bendravimo-menas-1.webp","type":"image\/webp"}],"twitter_card":"summary_large_image","twitter_misc":{"Estimated reading time":"1 minute"},"schema":{"@context":"https:\/\/schema.org","@graph":[{"@type":"WebPage","@id":"https:\/\/skaitytaknyga.lt\/produktas\/bendravimo-menas\/","url":"https:\/\/skaitytaknyga.lt\/produktas\/bendravimo-menas\/","name":"Bendravimo menas","isPartOf":{"@id":"https:\/\/skaitytaknyga.lt\/#website"},"primaryImageOfPage":{"@id":"https:\/\/skaitytaknyga.lt\/produktas\/bendravimo-menas\/#primaryimage"},"image":{"@id":"https:\/\/skaitytaknyga.lt\/produktas\/bendravimo-menas\/#primaryimage"},"thumbnailUrl":"https:\/\/skaitytaknyga.lt\/wp-content\/uploads\/2025\/09\/Bendravimo-menas-1.webp","datePublished":"2025-09-03T10:54:18+00:00","dateModified":"2025-09-27T15:57:36+00:00","description":"Jei ne\u017einai, k\u0105 veikti su savo rankomis, paversk jas glamon\u0117mis Bendrauti, palaikyti ry\u0161\u012f, dalytis \u2013 regis, pasaulyje n\u0117ra nieko svarbesnio,","breadcrumb":{"@id":"https:\/\/skaitytaknyga.lt\/produktas\/bendravimo-menas\/#breadcrumb"},"inLanguage":"en-GB","potentialAction":[{"@type":"ReadAction","target":["https:\/\/skaitytaknyga.lt\/produktas\/bendravimo-menas\/"]}]},{"@type":"ImageObject","inLanguage":"en-GB","@id":"https:\/\/skaitytaknyga.lt\/produktas\/bendravimo-menas\/#primaryimage","url":"https:\/\/skaitytaknyga.lt\/wp-content\/uploads\/2025\/09\/Bendravimo-menas-1.webp","contentUrl":"https:\/\/skaitytaknyga.lt\/wp-content\/uploads\/2025\/09\/Bendravimo-menas-1.webp","width":300,"height":447,"caption":"Bendravimo menas"},{"@type":"BreadcrumbList","@id":"https:\/\/skaitytaknyga.lt\/produktas\/bendravimo-menas\/#breadcrumb","itemListElement":[{"@type":"ListItem","position":1,"name":"Home","item":"https:\/\/skaitytaknyga.lt\/"},{"@type":"ListItem","position":2,"name":"Parduotuv\u0117","item":"https:\/\/skaitytaknyga.lt\/knygu-parduotuve\/"},{"@type":"ListItem","position":3,"name":"Bendravimo menas"}]},{"@type":"WebSite","@id":"https:\/\/skaitytaknyga.lt\/#website","url":"https:\/\/skaitytaknyga.lt\/","name":"skaitytaknyga.lt","description":"Skaitytaknyga.lt \u2013 tai ma\u017eas \u0161eimos verslas, kuris prasid\u0117jo nuo meil\u0117s knygoms ir siekio i\u0161gelb\u0117ti knygas nuo likimo prie konteinerio. Kas vienam nereikalingas daiktas \u2013 kitam lobis, o mes esame tarpininkai, kurie padeda abiems tapti laimingesniems ???? \u017dinome kaip nelengva i\u0161gyventi ma\u017eiems verslams, tad nuo \u0161iol, \u010dia rasite ir kit\u0173, ma\u017e\u0173 \u0161eim\u0173 versl\u0173, rank\u0173 darbo, dovan\u0173 sau ir artimiesiems.","publisher":{"@id":"https:\/\/skaitytaknyga.lt\/#organization"},"potentialAction":[{"@type":"SearchAction","target":{"@type":"EntryPoint","urlTemplate":"https:\/\/skaitytaknyga.lt\/?s={search_term_string}"},"query-input":{"@type":"PropertyValueSpecification","valueRequired":true,"valueName":"search_term_string"}}],"inLanguage":"en-GB"},{"@type":"Organization","@id":"https:\/\/skaitytaknyga.lt\/#organization","name":"skaitytaknyga.lt","url":"https:\/\/skaitytaknyga.lt\/","logo":{"@type":"ImageObject","inLanguage":"en-GB","@id":"https:\/\/skaitytaknyga.lt\/#\/schema\/logo\/image\/","url":"https:\/\/skaitytaknyga.lt\/wp-content\/uploads\/2024\/05\/cropped-cropped-cropped-02_00843_jt3bggkj1j3HLc7SyY6rEUpg.jpeg","contentUrl":"https:\/\/skaitytaknyga.lt\/wp-content\/uploads\/2024\/05\/cropped-cropped-cropped-02_00843_jt3bggkj1j3HLc7SyY6rEUpg.jpeg","width":1600,"height":1600,"caption":"skaitytaknyga.lt"},"image":{"@id":"https:\/\/skaitytaknyga.lt\/#\/schema\/logo\/image\/"},"sameAs":["https:\/\/www.facebook.com\/skaitytaknyga\/"]}]}},"_links":{"self":[{"href":"https:\/\/skaitytaknyga.lt\/en\/wp-json\/wp\/v2\/product\/20655","targetHints":{"allow":["GET"]}}],"collection":[{"href":"https:\/\/skaitytaknyga.lt\/en\/wp-json\/wp\/v2\/product"}],"about":[{"href":"https:\/\/skaitytaknyga.lt\/en\/wp-json\/wp\/v2\/types\/product"}],"replies":[{"embeddable":true,"href":"https:\/\/skaitytaknyga.lt\/en\/wp-json\/wp\/v2\/comments?post=20655"}],"wp:featuredmedia":[{"embeddable":true,"href":"https:\/\/skaitytaknyga.lt\/en\/wp-json\/wp\/v2\/media\/20660"}],"wp:attachment":[{"href":"https:\/\/skaitytaknyga.lt\/en\/wp-json\/wp\/v2\/media?parent=20655"}],"wp:term":[{"taxonomy":"product_brand","embeddable":true,"href":"https:\/\/skaitytaknyga.lt\/en\/wp-json\/wp\/v2\/product_brand?post=20655"},{"taxonomy":"product_cat","embeddable":true,"href":"https:\/\/skaitytaknyga.lt\/en\/wp-json\/wp\/v2\/product_cat?post=20655"},{"taxonomy":"product_tag","embeddable":true,"href":"https:\/\/skaitytaknyga.lt\/en\/wp-json\/wp\/v2\/product_tag?post=20655"}],"curies":[{"name":"wp","href":"https:\/\/api.w.org\/{rel}","templated":true}]}}