{"id":20654,"date":"2025-09-03T13:54:18","date_gmt":"2025-09-03T10:54:18","guid":{"rendered":"https:\/\/skaitytaknyga.lt\/?post_type=product&#038;p=20654"},"modified":"2026-02-20T11:30:28","modified_gmt":"2026-02-20T09:30:28","slug":"isskirtys","status":"publish","type":"product","link":"https:\/\/skaitytaknyga.lt\/en\/produktas\/isskirtys\/","title":{"rendered":"I\u0161skirtys"},"content":{"rendered":"<p>K\u0105 bendro turi \u201eThe Beatles\u201c ir Bilas Geitsas?<\/p>\n<p>Kod\u0117l azijie\u010diai tokie gab\u016bs matematikai?<\/p>\n<p>Kod\u0117l vis\u0173 kie\u010diausi\u0173 Niujorko advokat\u0173 CV beveik visivienodi?<\/p>\n<p>Kod\u0117l kai kuriems \u017emon\u0117ms tiesiog ne\u012ftik\u0117tinai sekasi?<\/p>\n<p>Tegu \u0161ios knygos paantra\u0161t\u0117 \u2013 \u201eS\u0117km\u0117s istorija\u201c \u2013 J\u016bs\u0173 neklaidina. Tai n\u0117ra dar viena knyga apie tai, kaip u\u017edirbti milijon\u0105. Grei\u010diau atvirk\u0161\u010diai \u2013 knyga apie tai, kod\u0117l J\u016bs vis dar neu\u017edirbote milijono.<\/p>\n<p>Neeilin\u0117s s\u0117km\u0117s istorijos da\u017eniausiai ai\u0161kinamos dviem dalykais \u2013 intelektu ir ambicijomis. Knygoje \u201eI\u0161skirtys\u201c Malkolmas Gladvelas imasi \u012frodyti, kad tikroji s\u0117km\u0117s istorija yra visai kitokia.<\/p>\n<p>Jei norime suprasti, kod\u0117l kai kuriems \u017emon\u0117ms taip sekasi, tur\u0117tume atid\u017eiau dairytis aplink juos ir pa\u017evelgti \u012f detales, kurios i\u0161 pirmo \u017evilgsnio visai nereik\u0161mingos. S\u0117km\u0117s istorija kur kas sud\u0117tingesn\u0117 \u2013 ir \u012fdomesn\u0117 \u2013 nei gali atrodyti.<\/p>\n<p>I\u0161skirt\u0173j\u0173 \u2013 t\u0173, kuri\u0173 pasiekimai per\u017eengia \u012fprastas ribas \u2013 gyvenimo istorijos klostosi pagal ypating\u0105, netik\u0117t\u0105 logik\u0105, kuri\u0105 atskleisdamas autorius kuria puik\u0173 ir sykiu provokuojam\u0105 plan\u0105, kaip i\u0161gauti daugiausia, k\u0105 sugeba \u017emogus.<\/p>\n","protected":false},"excerpt":{"rendered":"<p>K\u0105 bendro turi \u201eThe Beatles\u201c ir Bilas Geitsas? Kod\u0117l azijie\u010diai tokie gab\u016bs matematikai? Kod\u0117l vis\u0173 kie\u010diausi\u0173 Niujorko advokat\u0173 CV beveik visivienodi? Kod\u0117l kai kuriems \u017emon\u0117ms tiesiog ne\u012ftik\u0117tinai sekasi? Tegu \u0161ios knygos paantra\u0161t\u0117 \u2013 \u201eS\u0117km\u0117s istorija\u201c \u2013 J\u016bs\u0173 neklaidina. Tai n\u0117ra dar viena knyga apie tai, kaip u\u017edirbti milijon\u0105. Grei\u010diau atvirk\u0161\u010diai \u2013 knyga apie tai, kod\u0117l J\u016bs vis dar neu\u017edirbote milijono. Neeilin\u0117s s\u0117km\u0117s istorijos da\u017eniausiai ai\u0161kinamos dviem dalykais \u2013 intelektu ir ambicijomis. Knygoje \u201eI\u0161skirtys\u201c Malkolmas Gladvelas imasi \u012frodyti, kad tikroji s\u0117km\u0117s istorija yra visai kitokia. Jei norime suprasti, kod\u0117l kai kuriems \u017emon\u0117ms taip sekasi, tur\u0117tume atid\u017eiau dairytis aplink juos ir pa\u017evelgti \u012f detales, kurios i\u0161 pirmo \u017evilgsnio visai nereik\u0161mingos. S\u0117km\u0117s istorija kur kas sud\u0117tingesn\u0117 \u2013 ir \u012fdomesn\u0117 \u2013 nei gali atrodyti. I\u0161skirt\u0173j\u0173 \u2013 t\u0173, kuri\u0173 pasiekimai per\u017eengia \u012fprastas ribas \u2013 gyvenimo istorijos klostosi pagal ypating\u0105, netik\u0117t\u0105 logik\u0105, kuri\u0105 atskleisdamas autorius kuria puik\u0173 ir sykiu provokuojam\u0105 plan\u0105, kaip i\u0161gauti daugiausia, k\u0105 sugeba \u017emogus.<\/p>\n","protected":false},"featured_media":20659,"comment_status":"open","ping_status":"closed","template":"","meta":{"_acf_changed":false,"site-sidebar-layout":"default","site-content-layout":"","ast-site-content-layout":"default","site-content-style":"default","site-sidebar-style":"default","ast-global-header-display":"","ast-banner-title-visibility":"","ast-main-header-display":"","ast-hfb-above-header-display":"","ast-hfb-below-header-display":"","ast-hfb-mobile-header-display":"","site-post-title":"","ast-breadcrumbs-content":"","ast-featured-img":"","footer-sml-layout":"","ast-disable-related-posts":"","theme-transparent-header-meta":"","adv-header-id-meta":"","stick-header-meta":"","header-above-stick-meta":"","header-main-stick-meta":"","header-below-stick-meta":"","astra-migrate-meta-layouts":"default","ast-page-background-enabled":"default","ast-page-background-meta":{"desktop":{"background-color":"","background-image":"","background-repeat":"repeat","background-position":"center center","background-size":"auto","background-attachment":"scroll","background-type":"","background-media":"","overlay-type":"","overlay-color":"","overlay-opacity":"","overlay-gradient":""},"tablet":{"background-color":"","background-image":"","background-repeat":"repeat","background-position":"center center","background-size":"auto","background-attachment":"scroll","background-type":"","background-media":"","overlay-type":"","overlay-color":"","overlay-opacity":"","overlay-gradient":""},"mobile":{"background-color":"","background-image":"","background-repeat":"repeat","background-position":"center center","background-size":"auto","background-attachment":"scroll","background-type":"","background-media":"","overlay-type":"","overlay-color":"","overlay-opacity":"","overlay-gradient":""}},"ast-content-background-meta":{"desktop":{"background-color":"var(--ast-global-color-4)","background-image":"","background-repeat":"repeat","background-position":"center center","background-size":"auto","background-attachment":"scroll","background-type":"","background-media":"","overlay-type":"","overlay-color":"","overlay-opacity":"","overlay-gradient":""},"tablet":{"background-color":"var(--ast-global-color-4)","background-image":"","background-repeat":"repeat","background-position":"center center","background-size":"auto","background-attachment":"scroll","background-type":"","background-media":"","overlay-type":"","overlay-color":"","overlay-opacity":"","overlay-gradient":""},"mobile":{"background-color":"var(--ast-global-color-4)","background-image":"","background-repeat":"repeat","background-position":"center center","background-size":"auto","background-attachment":"scroll","background-type":"","background-media":"","overlay-type":"","overlay-color":"","overlay-opacity":"","overlay-gradient":""}}},"product_brand":[],"product_cat":[30],"product_tag":[7393,1392,7647,2356],"class_list":{"0":"post-20654","1":"product","2":"type-product","3":"status-publish","4":"has-post-thumbnail","6":"product_cat-psichologija-ir-saviugda","7":"product_tag-malcolm-gladwell","8":"product_tag-psichologija","9":"product_tag-sekmes-istorijos","10":"product_tag-verslas","11":"desktop-align-left","12":"tablet-align-left","13":"mobile-align-left","15":"first","16":"instock","17":"shipping-taxable","18":"purchasable","19":"product-type-simple"},"acf":[],"yoast_head":"<!-- This site is optimized with the Yoast SEO plugin v27.4 - https:\/\/yoast.com\/product\/yoast-seo-wordpress\/ -->\n<title>I\u0161skirtys<\/title>\n<meta name=\"description\" content=\"K\u0105 bendro turi \u201eThe Beatles\u201c ir Bilas Geitsas? Kod\u0117l azijie\u010diai tokie gab\u016bs matematikai? Kod\u0117l vis\u0173 kie\u010diausi\u0173 Niujorko advokat\u0173 CV beveik visivienodi?\" \/>\n<meta name=\"robots\" content=\"index, follow, max-snippet:-1, max-image-preview:large, max-video-preview:-1\" \/>\n<link rel=\"canonical\" href=\"https:\/\/skaitytaknyga.lt\/en\/produktas\/isskirtys\/\" \/>\n<meta property=\"og:locale\" content=\"en_GB\" \/>\n<meta property=\"og:locale:alternate\" content=\"lt_LT\" \/>\n<meta property=\"og:type\" content=\"article\" \/>\n<meta property=\"og:title\" content=\"I\u0161skirtys\" \/>\n<meta property=\"og:description\" content=\"K\u0105 bendro turi \u201eThe Beatles\u201c ir Bilas Geitsas? Kod\u0117l azijie\u010diai tokie gab\u016bs matematikai? Kod\u0117l vis\u0173 kie\u010diausi\u0173 Niujorko advokat\u0173 CV beveik visivienodi?\" \/>\n<meta property=\"og:url\" content=\"https:\/\/skaitytaknyga.lt\/en\/produktas\/isskirtys\/\" \/>\n<meta property=\"og:site_name\" content=\"Skaitytaknyga\" \/>\n<meta property=\"article:publisher\" content=\"https:\/\/www.facebook.com\/skaitytaknyga\/\" \/>\n<meta property=\"article:modified_time\" content=\"2026-02-20T09:30:28+00:00\" \/>\n<meta property=\"og:image\" content=\"https:\/\/skaitytaknyga.lt\/wp-content\/uploads\/2025\/09\/Isskirtys.webp\" \/>\n\t<meta property=\"og:image:width\" content=\"300\" \/>\n\t<meta property=\"og:image:height\" content=\"300\" \/>\n\t<meta property=\"og:image:type\" content=\"image\/webp\" \/>\n<meta name=\"twitter:card\" content=\"summary_large_image\" \/>\n<meta name=\"twitter:label1\" content=\"Estimated reading time\" \/>\n\t<meta name=\"twitter:data1\" content=\"1 minute\" \/>\n<script type=\"application\/ld+json\" class=\"yoast-schema-graph\">{\"@context\":\"https:\\\/\\\/schema.org\",\"@graph\":[{\"@type\":\"WebPage\",\"@id\":\"https:\\\/\\\/skaitytaknyga.lt\\\/produktas\\\/isskirtys\\\/\",\"url\":\"https:\\\/\\\/skaitytaknyga.lt\\\/produktas\\\/isskirtys\\\/\",\"name\":\"I\u0161skirtys\",\"isPartOf\":{\"@id\":\"https:\\\/\\\/skaitytaknyga.lt\\\/#website\"},\"primaryImageOfPage\":{\"@id\":\"https:\\\/\\\/skaitytaknyga.lt\\\/produktas\\\/isskirtys\\\/#primaryimage\"},\"image\":{\"@id\":\"https:\\\/\\\/skaitytaknyga.lt\\\/produktas\\\/isskirtys\\\/#primaryimage\"},\"thumbnailUrl\":\"https:\\\/\\\/skaitytaknyga.lt\\\/wp-content\\\/uploads\\\/2025\\\/09\\\/Isskirtys.webp\",\"datePublished\":\"2025-09-03T10:54:18+00:00\",\"dateModified\":\"2026-02-20T09:30:28+00:00\",\"description\":\"K\u0105 bendro turi \u201eThe Beatles\u201c ir Bilas Geitsas? Kod\u0117l azijie\u010diai tokie gab\u016bs matematikai? Kod\u0117l vis\u0173 kie\u010diausi\u0173 Niujorko advokat\u0173 CV beveik visivienodi?\",\"breadcrumb\":{\"@id\":\"https:\\\/\\\/skaitytaknyga.lt\\\/produktas\\\/isskirtys\\\/#breadcrumb\"},\"inLanguage\":\"en-GB\",\"potentialAction\":[{\"@type\":\"ReadAction\",\"target\":[\"https:\\\/\\\/skaitytaknyga.lt\\\/produktas\\\/isskirtys\\\/\"]}]},{\"@type\":\"ImageObject\",\"inLanguage\":\"en-GB\",\"@id\":\"https:\\\/\\\/skaitytaknyga.lt\\\/produktas\\\/isskirtys\\\/#primaryimage\",\"url\":\"https:\\\/\\\/skaitytaknyga.lt\\\/wp-content\\\/uploads\\\/2025\\\/09\\\/Isskirtys.webp\",\"contentUrl\":\"https:\\\/\\\/skaitytaknyga.lt\\\/wp-content\\\/uploads\\\/2025\\\/09\\\/Isskirtys.webp\",\"width\":300,\"height\":300,\"caption\":\"I\u0161skirtys\"},{\"@type\":\"BreadcrumbList\",\"@id\":\"https:\\\/\\\/skaitytaknyga.lt\\\/produktas\\\/isskirtys\\\/#breadcrumb\",\"itemListElement\":[{\"@type\":\"ListItem\",\"position\":1,\"name\":\"Home\",\"item\":\"https:\\\/\\\/skaitytaknyga.lt\\\/\"},{\"@type\":\"ListItem\",\"position\":2,\"name\":\"Parduotuv\u0117\",\"item\":\"https:\\\/\\\/skaitytaknyga.lt\\\/knygu-parduotuve\\\/\"},{\"@type\":\"ListItem\",\"position\":3,\"name\":\"I\u0161skirtys\"}]},{\"@type\":\"WebSite\",\"@id\":\"https:\\\/\\\/skaitytaknyga.lt\\\/#website\",\"url\":\"https:\\\/\\\/skaitytaknyga.lt\\\/\",\"name\":\"skaitytaknyga.lt\",\"description\":\"Skaitytaknyga.lt \u2013 tai ma\u017eas \u0161eimos verslas, kuris prasid\u0117jo nuo meil\u0117s knygoms ir siekio i\u0161gelb\u0117ti knygas nuo likimo prie konteinerio. Kas vienam nereikalingas daiktas \u2013 kitam lobis, o mes esame tarpininkai, kurie padeda abiems tapti laimingesniems ???? \u017dinome kaip nelengva i\u0161gyventi ma\u017eiems verslams, tad nuo \u0161iol, \u010dia rasite ir kit\u0173, ma\u017e\u0173 \u0161eim\u0173 versl\u0173, rank\u0173 darbo, dovan\u0173 sau ir artimiesiems.\",\"publisher\":{\"@id\":\"https:\\\/\\\/skaitytaknyga.lt\\\/#organization\"},\"potentialAction\":[{\"@type\":\"SearchAction\",\"target\":{\"@type\":\"EntryPoint\",\"urlTemplate\":\"https:\\\/\\\/skaitytaknyga.lt\\\/?s={search_term_string}\"},\"query-input\":{\"@type\":\"PropertyValueSpecification\",\"valueRequired\":true,\"valueName\":\"search_term_string\"}}],\"inLanguage\":\"en-GB\"},{\"@type\":\"Organization\",\"@id\":\"https:\\\/\\\/skaitytaknyga.lt\\\/#organization\",\"name\":\"skaitytaknyga.lt\",\"url\":\"https:\\\/\\\/skaitytaknyga.lt\\\/\",\"logo\":{\"@type\":\"ImageObject\",\"inLanguage\":\"en-GB\",\"@id\":\"https:\\\/\\\/skaitytaknyga.lt\\\/#\\\/schema\\\/logo\\\/image\\\/\",\"url\":\"https:\\\/\\\/skaitytaknyga.lt\\\/wp-content\\\/uploads\\\/2024\\\/05\\\/cropped-cropped-cropped-02_00843_jt3bggkj1j3HLc7SyY6rEUpg.jpeg\",\"contentUrl\":\"https:\\\/\\\/skaitytaknyga.lt\\\/wp-content\\\/uploads\\\/2024\\\/05\\\/cropped-cropped-cropped-02_00843_jt3bggkj1j3HLc7SyY6rEUpg.jpeg\",\"width\":1600,\"height\":1600,\"caption\":\"skaitytaknyga.lt\"},\"image\":{\"@id\":\"https:\\\/\\\/skaitytaknyga.lt\\\/#\\\/schema\\\/logo\\\/image\\\/\"},\"sameAs\":[\"https:\\\/\\\/www.facebook.com\\\/skaitytaknyga\\\/\"]}]}<\/script>\n<!-- \/ Yoast SEO plugin. -->","yoast_head_json":{"title":"I\u0161skirtys","description":"K\u0105 bendro turi \u201eThe Beatles\u201c ir Bilas Geitsas? Kod\u0117l azijie\u010diai tokie gab\u016bs matematikai? Kod\u0117l vis\u0173 kie\u010diausi\u0173 Niujorko advokat\u0173 CV beveik visivienodi?","robots":{"index":"index","follow":"follow","max-snippet":"max-snippet:-1","max-image-preview":"max-image-preview:large","max-video-preview":"max-video-preview:-1"},"canonical":"https:\/\/skaitytaknyga.lt\/en\/produktas\/isskirtys\/","og_locale":"en_GB","og_type":"article","og_title":"[:lt]I\u0161skirtys[:] - Skaitytaknyga","og_description":"K\u0105 bendro turi \u201eThe Beatles\u201c ir Bilas Geitsas? Kod\u0117l azijie\u010diai tokie gab\u016bs matematikai? Kod\u0117l vis\u0173 kie\u010diausi\u0173 Niujorko advokat\u0173 CV beveik visivienodi?","og_url":"https:\/\/skaitytaknyga.lt\/en\/produktas\/isskirtys\/","og_site_name":"Skaitytaknyga","article_publisher":"https:\/\/www.facebook.com\/skaitytaknyga\/","article_modified_time":"2026-02-20T09:30:28+00:00","og_image":[{"width":300,"height":300,"url":"https:\/\/skaitytaknyga.lt\/wp-content\/uploads\/2025\/09\/Isskirtys.webp","type":"image\/webp"}],"twitter_card":"summary_large_image","twitter_misc":{"Estimated reading time":"1 minute"},"schema":{"@context":"https:\/\/schema.org","@graph":[{"@type":"WebPage","@id":"https:\/\/skaitytaknyga.lt\/produktas\/isskirtys\/","url":"https:\/\/skaitytaknyga.lt\/produktas\/isskirtys\/","name":"I\u0161skirtys","isPartOf":{"@id":"https:\/\/skaitytaknyga.lt\/#website"},"primaryImageOfPage":{"@id":"https:\/\/skaitytaknyga.lt\/produktas\/isskirtys\/#primaryimage"},"image":{"@id":"https:\/\/skaitytaknyga.lt\/produktas\/isskirtys\/#primaryimage"},"thumbnailUrl":"https:\/\/skaitytaknyga.lt\/wp-content\/uploads\/2025\/09\/Isskirtys.webp","datePublished":"2025-09-03T10:54:18+00:00","dateModified":"2026-02-20T09:30:28+00:00","description":"K\u0105 bendro turi \u201eThe Beatles\u201c ir Bilas Geitsas? Kod\u0117l azijie\u010diai tokie gab\u016bs matematikai? Kod\u0117l vis\u0173 kie\u010diausi\u0173 Niujorko advokat\u0173 CV beveik visivienodi?","breadcrumb":{"@id":"https:\/\/skaitytaknyga.lt\/produktas\/isskirtys\/#breadcrumb"},"inLanguage":"en-GB","potentialAction":[{"@type":"ReadAction","target":["https:\/\/skaitytaknyga.lt\/produktas\/isskirtys\/"]}]},{"@type":"ImageObject","inLanguage":"en-GB","@id":"https:\/\/skaitytaknyga.lt\/produktas\/isskirtys\/#primaryimage","url":"https:\/\/skaitytaknyga.lt\/wp-content\/uploads\/2025\/09\/Isskirtys.webp","contentUrl":"https:\/\/skaitytaknyga.lt\/wp-content\/uploads\/2025\/09\/Isskirtys.webp","width":300,"height":300,"caption":"I\u0161skirtys"},{"@type":"BreadcrumbList","@id":"https:\/\/skaitytaknyga.lt\/produktas\/isskirtys\/#breadcrumb","itemListElement":[{"@type":"ListItem","position":1,"name":"Home","item":"https:\/\/skaitytaknyga.lt\/"},{"@type":"ListItem","position":2,"name":"Parduotuv\u0117","item":"https:\/\/skaitytaknyga.lt\/knygu-parduotuve\/"},{"@type":"ListItem","position":3,"name":"I\u0161skirtys"}]},{"@type":"WebSite","@id":"https:\/\/skaitytaknyga.lt\/#website","url":"https:\/\/skaitytaknyga.lt\/","name":"skaitytaknyga.lt","description":"Skaitytaknyga.lt \u2013 tai ma\u017eas \u0161eimos verslas, kuris prasid\u0117jo nuo meil\u0117s knygoms ir siekio i\u0161gelb\u0117ti knygas nuo likimo prie konteinerio. Kas vienam nereikalingas daiktas \u2013 kitam lobis, o mes esame tarpininkai, kurie padeda abiems tapti laimingesniems ???? \u017dinome kaip nelengva i\u0161gyventi ma\u017eiems verslams, tad nuo \u0161iol, \u010dia rasite ir kit\u0173, ma\u017e\u0173 \u0161eim\u0173 versl\u0173, rank\u0173 darbo, dovan\u0173 sau ir artimiesiems.","publisher":{"@id":"https:\/\/skaitytaknyga.lt\/#organization"},"potentialAction":[{"@type":"SearchAction","target":{"@type":"EntryPoint","urlTemplate":"https:\/\/skaitytaknyga.lt\/?s={search_term_string}"},"query-input":{"@type":"PropertyValueSpecification","valueRequired":true,"valueName":"search_term_string"}}],"inLanguage":"en-GB"},{"@type":"Organization","@id":"https:\/\/skaitytaknyga.lt\/#organization","name":"skaitytaknyga.lt","url":"https:\/\/skaitytaknyga.lt\/","logo":{"@type":"ImageObject","inLanguage":"en-GB","@id":"https:\/\/skaitytaknyga.lt\/#\/schema\/logo\/image\/","url":"https:\/\/skaitytaknyga.lt\/wp-content\/uploads\/2024\/05\/cropped-cropped-cropped-02_00843_jt3bggkj1j3HLc7SyY6rEUpg.jpeg","contentUrl":"https:\/\/skaitytaknyga.lt\/wp-content\/uploads\/2024\/05\/cropped-cropped-cropped-02_00843_jt3bggkj1j3HLc7SyY6rEUpg.jpeg","width":1600,"height":1600,"caption":"skaitytaknyga.lt"},"image":{"@id":"https:\/\/skaitytaknyga.lt\/#\/schema\/logo\/image\/"},"sameAs":["https:\/\/www.facebook.com\/skaitytaknyga\/"]}]}},"_links":{"self":[{"href":"https:\/\/skaitytaknyga.lt\/en\/wp-json\/wp\/v2\/product\/20654","targetHints":{"allow":["GET"]}}],"collection":[{"href":"https:\/\/skaitytaknyga.lt\/en\/wp-json\/wp\/v2\/product"}],"about":[{"href":"https:\/\/skaitytaknyga.lt\/en\/wp-json\/wp\/v2\/types\/product"}],"replies":[{"embeddable":true,"href":"https:\/\/skaitytaknyga.lt\/en\/wp-json\/wp\/v2\/comments?post=20654"}],"wp:featuredmedia":[{"embeddable":true,"href":"https:\/\/skaitytaknyga.lt\/en\/wp-json\/wp\/v2\/media\/20659"}],"wp:attachment":[{"href":"https:\/\/skaitytaknyga.lt\/en\/wp-json\/wp\/v2\/media?parent=20654"}],"wp:term":[{"taxonomy":"product_brand","embeddable":true,"href":"https:\/\/skaitytaknyga.lt\/en\/wp-json\/wp\/v2\/product_brand?post=20654"},{"taxonomy":"product_cat","embeddable":true,"href":"https:\/\/skaitytaknyga.lt\/en\/wp-json\/wp\/v2\/product_cat?post=20654"},{"taxonomy":"product_tag","embeddable":true,"href":"https:\/\/skaitytaknyga.lt\/en\/wp-json\/wp\/v2\/product_tag?post=20654"}],"curies":[{"name":"wp","href":"https:\/\/api.w.org\/{rel}","templated":true}]}}