{"id":20652,"date":"2025-09-03T13:54:18","date_gmt":"2025-09-03T10:54:18","guid":{"rendered":"https:\/\/skaitytaknyga.lt\/?post_type=product&#038;p=20652"},"modified":"2025-09-06T11:18:16","modified_gmt":"2025-09-06T08:18:16","slug":"kiaurymiu-miestas","status":"publish","type":"product","link":"https:\/\/skaitytaknyga.lt\/en\/produktas\/kiaurymiu-miestas\/","title":{"rendered":"Kiaurymi\u0173 miestas"},"content":{"rendered":"<p>\u201e\u012esp\u016bdinga, jaudinanti ir be galo ne\u012fprasta&#8230; Senovin\u0117s nuotraukos ir tekstas nuostabiai dera, aud\u017eiant nepamir\u0161tam\u0105 istorij\u0105.\u201c<\/p>\n<p>Johnas Greenas, knygos \u201eD\u0117l m\u016bs\u0173 likimo ir \u017evaig\u017ed\u0117s kaltos\u201c autorius<\/p>\n<p>\u201eKiaurymi\u0173 mieste\u201c Ransom Riggs toliau pasakoja istorij\u0105, paker\u0117jusi\u0105 \u201eYpating\u0173 vaik\u0173 nam\u0173\u201c skaitytojus. Suple\u0161k\u0117jus namams saloje, D\u017eeikobas su kitais ypatingais vaikais sprunka \u012f plat\u0173j\u012f pasaul\u012f ir atsiduria karo nusiaubtame 1940-\u0173j\u0173 met\u0173 Londone. Bomb\u0173 sudau\u017eytose gatv\u0117se, kur namai spokso tu\u0161\u010diomis akiduob\u0117mis, D\u017eeikobas \u012fgauna pasitik\u0117jim\u0105 savimi, i\u0161moksta vertinti draugyst\u0119 ir turi apsispr\u0119sti d\u0117l savo meil\u0117s Emai Blum.<\/p>\n<p>\u201eKiaurymi\u0173 miestas\u201c perkelia skaitytojus \u012f \u012fsivaizduojam\u0105 telepatijos ir laiko kilp\u0173 pasaul\u012f, kur gyvena ypatingi suaugusieji ir vaikai, kraugeriai padarai ir daugyb\u0117 nereg\u0117t\u0173 \u017ev\u0117ri\u0173. Meistri\u0161kai sustyguotas veiksmas, pilnas \u012ftampos, paslap\u010di\u0173, kelia \u0161iurp\u0105 ir drauge tryk\u0161ta s\u0105moju. Knyg\u0105 iliustruodamas senovin\u0117mis nuotraukomis, autorius sumaniai ir originaliu b\u016bdu u\u017emena subtili\u0173 m\u012fsli\u0173, priblok\u0161damas skaitytojus stulbinan\u010dia vaizduote.<\/p>\n<p>\u201eTie, kurie n\u0117ra skait\u0119 pirmosios dalies, \u0161\u012f roman\u0105 ryte praris trok\u0161dami su\u017einoti, kas atsitiko anks\u010diau, kad gal\u0117t\u0173 \u012fsijausti \u012f istorij\u0105. O tie, kurie skait\u0117, negal\u0117s atsid\u017eiaugti.\u201c<\/p>\n<p>Billy Parrott, New York Public Library<\/p>\n","protected":false},"excerpt":{"rendered":"<p>\u201e\u012esp\u016bdinga, jaudinanti ir be galo ne\u012fprasta&#8230; Senovin\u0117s nuotraukos ir tekstas nuostabiai dera, aud\u017eiant nepamir\u0161tam\u0105 istorij\u0105.\u201c Johnas Greenas, knygos \u201eD\u0117l m\u016bs\u0173 likimo ir \u017evaig\u017ed\u0117s kaltos\u201c autorius \u201eKiaurymi\u0173 mieste\u201c Ransom Riggs toliau pasakoja istorij\u0105, paker\u0117jusi\u0105 \u201eYpating\u0173 vaik\u0173 nam\u0173\u201c skaitytojus. Suple\u0161k\u0117jus namams saloje, D\u017eeikobas su kitais ypatingais vaikais sprunka \u012f plat\u0173j\u012f pasaul\u012f ir atsiduria karo nusiaubtame 1940-\u0173j\u0173 met\u0173 Londone. Bomb\u0173 sudau\u017eytose gatv\u0117se, kur namai spokso tu\u0161\u010diomis akiduob\u0117mis, D\u017eeikobas \u012fgauna pasitik\u0117jim\u0105 savimi, i\u0161moksta vertinti draugyst\u0119 ir turi apsispr\u0119sti d\u0117l savo meil\u0117s Emai Blum. \u201eKiaurymi\u0173 miestas\u201c perkelia skaitytojus \u012f \u012fsivaizduojam\u0105 telepatijos ir laiko kilp\u0173 pasaul\u012f, kur gyvena ypatingi suaugusieji ir vaikai, kraugeriai padarai ir daugyb\u0117 nereg\u0117t\u0173 \u017ev\u0117ri\u0173. Meistri\u0161kai sustyguotas veiksmas, pilnas \u012ftampos, paslap\u010di\u0173, kelia \u0161iurp\u0105 ir drauge tryk\u0161ta s\u0105moju. Knyg\u0105 iliustruodamas senovin\u0117mis nuotraukomis, autorius sumaniai ir originaliu b\u016bdu u\u017emena subtili\u0173 m\u012fsli\u0173, priblok\u0161damas skaitytojus stulbinan\u010dia vaizduote. \u201eTie, kurie n\u0117ra skait\u0119 pirmosios dalies, \u0161\u012f roman\u0105 ryte praris trok\u0161dami su\u017einoti, kas atsitiko anks\u010diau, kad gal\u0117t\u0173 \u012fsijausti \u012f istorij\u0105. O tie, kurie skait\u0117, negal\u0117s atsid\u017eiaugti.\u201c Billy Parrott, New York Public Library<\/p>\n","protected":false},"featured_media":20657,"comment_status":"open","ping_status":"closed","template":"","meta":{"_acf_changed":false,"site-sidebar-layout":"default","site-content-layout":"","ast-site-content-layout":"default","site-content-style":"default","site-sidebar-style":"default","ast-global-header-display":"","ast-banner-title-visibility":"","ast-main-header-display":"","ast-hfb-above-header-display":"","ast-hfb-below-header-display":"","ast-hfb-mobile-header-display":"","site-post-title":"","ast-breadcrumbs-content":"","ast-featured-img":"","footer-sml-layout":"","ast-disable-related-posts":"","theme-transparent-header-meta":"","adv-header-id-meta":"","stick-header-meta":"","header-above-stick-meta":"","header-main-stick-meta":"","header-below-stick-meta":"","astra-migrate-meta-layouts":"default","ast-page-background-enabled":"default","ast-page-background-meta":{"desktop":{"background-color":"","background-image":"","background-repeat":"repeat","background-position":"center center","background-size":"auto","background-attachment":"scroll","background-type":"","background-media":"","overlay-type":"","overlay-color":"","overlay-opacity":"","overlay-gradient":""},"tablet":{"background-color":"","background-image":"","background-repeat":"repeat","background-position":"center center","background-size":"auto","background-attachment":"scroll","background-type":"","background-media":"","overlay-type":"","overlay-color":"","overlay-opacity":"","overlay-gradient":""},"mobile":{"background-color":"","background-image":"","background-repeat":"repeat","background-position":"center center","background-size":"auto","background-attachment":"scroll","background-type":"","background-media":"","overlay-type":"","overlay-color":"","overlay-opacity":"","overlay-gradient":""}},"ast-content-background-meta":{"desktop":{"background-color":"var(--ast-global-color-4)","background-image":"","background-repeat":"repeat","background-position":"center center","background-size":"auto","background-attachment":"scroll","background-type":"","background-media":"","overlay-type":"","overlay-color":"","overlay-opacity":"","overlay-gradient":""},"tablet":{"background-color":"var(--ast-global-color-4)","background-image":"","background-repeat":"repeat","background-position":"center center","background-size":"auto","background-attachment":"scroll","background-type":"","background-media":"","overlay-type":"","overlay-color":"","overlay-opacity":"","overlay-gradient":""},"mobile":{"background-color":"var(--ast-global-color-4)","background-image":"","background-repeat":"repeat","background-position":"center center","background-size":"auto","background-attachment":"scroll","background-type":"","background-media":"","overlay-type":"","overlay-color":"","overlay-opacity":"","overlay-gradient":""}}},"product_brand":[],"product_cat":[31],"product_tag":[1504,1451,7644,7643],"class_list":{"0":"post-20652","1":"product","2":"type-product","3":"status-publish","4":"has-post-thumbnail","6":"product_cat-grozine-literatura","7":"product_tag-fantastika","8":"product_tag-nuotykiai","9":"product_tag-ransom-riggs","10":"product_tag-ypatingi-vaikai","11":"desktop-align-left","12":"tablet-align-left","13":"mobile-align-left","15":"first","16":"instock","17":"shipping-taxable","18":"purchasable","19":"product-type-simple"},"acf":[],"yoast_head":"<!-- This site is optimized with the Yoast SEO plugin v27.0 - https:\/\/yoast.com\/product\/yoast-seo-wordpress\/ -->\n<title>Kiaurymi\u0173 miestas<\/title>\n<meta name=\"description\" content=\"\u201e\u012esp\u016bdinga, jaudinanti ir be galo ne\u012fprasta... Senovin\u0117s nuotraukos ir tekstas nuostabiai dera, aud\u017eiant nepamir\u0161tam\u0105 istorij\u0105.\u201c Johnas Greenas, knygos\" \/>\n<meta name=\"robots\" content=\"index, follow, max-snippet:-1, max-image-preview:large, max-video-preview:-1\" \/>\n<link rel=\"canonical\" href=\"https:\/\/skaitytaknyga.lt\/en\/produktas\/kiaurymiu-miestas\/\" \/>\n<meta property=\"og:locale\" content=\"en_GB\" \/>\n<meta property=\"og:locale:alternate\" content=\"lt_LT\" \/>\n<meta property=\"og:type\" content=\"article\" \/>\n<meta property=\"og:title\" content=\"Kiaurymi\u0173 miestas\" \/>\n<meta property=\"og:description\" content=\"\u201e\u012esp\u016bdinga, jaudinanti ir be galo ne\u012fprasta... Senovin\u0117s nuotraukos ir tekstas nuostabiai dera, aud\u017eiant nepamir\u0161tam\u0105 istorij\u0105.\u201c Johnas Greenas, knygos\" \/>\n<meta property=\"og:url\" content=\"https:\/\/skaitytaknyga.lt\/en\/produktas\/kiaurymiu-miestas\/\" \/>\n<meta property=\"og:site_name\" content=\"Skaitytaknyga\" \/>\n<meta property=\"article:publisher\" content=\"https:\/\/www.facebook.com\/skaitytaknyga\/\" \/>\n<meta property=\"article:modified_time\" content=\"2025-09-06T08:18:16+00:00\" \/>\n<meta property=\"og:image\" content=\"https:\/\/skaitytaknyga.lt\/wp-content\/uploads\/2025\/09\/kiaurymiu-miestas-2.webp\" \/>\n\t<meta property=\"og:image:width\" content=\"300\" \/>\n\t<meta property=\"og:image:height\" content=\"449\" \/>\n\t<meta property=\"og:image:type\" content=\"image\/webp\" \/>\n<meta name=\"twitter:card\" content=\"summary_large_image\" \/>\n<meta name=\"twitter:label1\" content=\"Estimated reading time\" \/>\n\t<meta name=\"twitter:data1\" content=\"1 minute\" \/>\n<script type=\"application\/ld+json\" class=\"yoast-schema-graph\">{\"@context\":\"https:\/\/schema.org\",\"@graph\":[{\"@type\":\"WebPage\",\"@id\":\"https:\/\/skaitytaknyga.lt\/produktas\/kiaurymiu-miestas\/\",\"url\":\"https:\/\/skaitytaknyga.lt\/produktas\/kiaurymiu-miestas\/\",\"name\":\"Kiaurymi\u0173 miestas\",\"isPartOf\":{\"@id\":\"https:\/\/skaitytaknyga.lt\/#website\"},\"primaryImageOfPage\":{\"@id\":\"https:\/\/skaitytaknyga.lt\/produktas\/kiaurymiu-miestas\/#primaryimage\"},\"image\":{\"@id\":\"https:\/\/skaitytaknyga.lt\/produktas\/kiaurymiu-miestas\/#primaryimage\"},\"thumbnailUrl\":\"https:\/\/skaitytaknyga.lt\/wp-content\/uploads\/2025\/09\/kiaurymiu-miestas-2.webp\",\"datePublished\":\"2025-09-03T10:54:18+00:00\",\"dateModified\":\"2025-09-06T08:18:16+00:00\",\"description\":\"\u201e\u012esp\u016bdinga, jaudinanti ir be galo ne\u012fprasta... Senovin\u0117s nuotraukos ir tekstas nuostabiai dera, aud\u017eiant nepamir\u0161tam\u0105 istorij\u0105.\u201c Johnas Greenas, knygos\",\"breadcrumb\":{\"@id\":\"https:\/\/skaitytaknyga.lt\/produktas\/kiaurymiu-miestas\/#breadcrumb\"},\"inLanguage\":\"en-GB\",\"potentialAction\":[{\"@type\":\"ReadAction\",\"target\":[\"https:\/\/skaitytaknyga.lt\/produktas\/kiaurymiu-miestas\/\"]}]},{\"@type\":\"ImageObject\",\"inLanguage\":\"en-GB\",\"@id\":\"https:\/\/skaitytaknyga.lt\/produktas\/kiaurymiu-miestas\/#primaryimage\",\"url\":\"https:\/\/skaitytaknyga.lt\/wp-content\/uploads\/2025\/09\/kiaurymiu-miestas-2.webp\",\"contentUrl\":\"https:\/\/skaitytaknyga.lt\/wp-content\/uploads\/2025\/09\/kiaurymiu-miestas-2.webp\",\"width\":300,\"height\":449,\"caption\":\"Kiaurymi\u0173 miestas\"},{\"@type\":\"BreadcrumbList\",\"@id\":\"https:\/\/skaitytaknyga.lt\/produktas\/kiaurymiu-miestas\/#breadcrumb\",\"itemListElement\":[{\"@type\":\"ListItem\",\"position\":1,\"name\":\"Home\",\"item\":\"https:\/\/skaitytaknyga.lt\/\"},{\"@type\":\"ListItem\",\"position\":2,\"name\":\"Parduotuv\u0117\",\"item\":\"https:\/\/skaitytaknyga.lt\/knygu-parduotuve\/\"},{\"@type\":\"ListItem\",\"position\":3,\"name\":\"Kiaurymi\u0173 miestas\"}]},{\"@type\":\"WebSite\",\"@id\":\"https:\/\/skaitytaknyga.lt\/#website\",\"url\":\"https:\/\/skaitytaknyga.lt\/\",\"name\":\"skaitytaknyga.lt\",\"description\":\"Skaitytaknyga.lt \u2013 tai ma\u017eas \u0161eimos verslas, kuris prasid\u0117jo nuo meil\u0117s knygoms ir siekio i\u0161gelb\u0117ti knygas nuo likimo prie konteinerio. Kas vienam nereikalingas daiktas \u2013 kitam lobis, o mes esame tarpininkai, kurie padeda abiems tapti laimingesniems ???? \u017dinome kaip nelengva i\u0161gyventi ma\u017eiems verslams, tad nuo \u0161iol, \u010dia rasite ir kit\u0173, ma\u017e\u0173 \u0161eim\u0173 versl\u0173, rank\u0173 darbo, dovan\u0173 sau ir artimiesiems.\",\"publisher\":{\"@id\":\"https:\/\/skaitytaknyga.lt\/#organization\"},\"potentialAction\":[{\"@type\":\"SearchAction\",\"target\":{\"@type\":\"EntryPoint\",\"urlTemplate\":\"https:\/\/skaitytaknyga.lt\/?s={search_term_string}\"},\"query-input\":{\"@type\":\"PropertyValueSpecification\",\"valueRequired\":true,\"valueName\":\"search_term_string\"}}],\"inLanguage\":\"en-GB\"},{\"@type\":\"Organization\",\"@id\":\"https:\/\/skaitytaknyga.lt\/#organization\",\"name\":\"skaitytaknyga.lt\",\"url\":\"https:\/\/skaitytaknyga.lt\/\",\"logo\":{\"@type\":\"ImageObject\",\"inLanguage\":\"en-GB\",\"@id\":\"https:\/\/skaitytaknyga.lt\/#\/schema\/logo\/image\/\",\"url\":\"https:\/\/skaitytaknyga.lt\/wp-content\/uploads\/2024\/05\/cropped-cropped-cropped-02_00843_jt3bggkj1j3HLc7SyY6rEUpg.jpeg\",\"contentUrl\":\"https:\/\/skaitytaknyga.lt\/wp-content\/uploads\/2024\/05\/cropped-cropped-cropped-02_00843_jt3bggkj1j3HLc7SyY6rEUpg.jpeg\",\"width\":1600,\"height\":1600,\"caption\":\"skaitytaknyga.lt\"},\"image\":{\"@id\":\"https:\/\/skaitytaknyga.lt\/#\/schema\/logo\/image\/\"},\"sameAs\":[\"https:\/\/www.facebook.com\/skaitytaknyga\/\"]}]}<\/script>\n<!-- \/ Yoast SEO plugin. -->","yoast_head_json":{"title":"Kiaurymi\u0173 miestas","description":"\u201e\u012esp\u016bdinga, jaudinanti ir be galo ne\u012fprasta... Senovin\u0117s nuotraukos ir tekstas nuostabiai dera, aud\u017eiant nepamir\u0161tam\u0105 istorij\u0105.\u201c Johnas Greenas, knygos","robots":{"index":"index","follow":"follow","max-snippet":"max-snippet:-1","max-image-preview":"max-image-preview:large","max-video-preview":"max-video-preview:-1"},"canonical":"https:\/\/skaitytaknyga.lt\/en\/produktas\/kiaurymiu-miestas\/","og_locale":"en_GB","og_type":"article","og_title":"[:lt]Kiaurymi\u0173 miestas[:] - Skaitytaknyga","og_description":"\u201e\u012esp\u016bdinga, jaudinanti ir be galo ne\u012fprasta... Senovin\u0117s nuotraukos ir tekstas nuostabiai dera, aud\u017eiant nepamir\u0161tam\u0105 istorij\u0105.\u201c Johnas Greenas, knygos","og_url":"https:\/\/skaitytaknyga.lt\/en\/produktas\/kiaurymiu-miestas\/","og_site_name":"Skaitytaknyga","article_publisher":"https:\/\/www.facebook.com\/skaitytaknyga\/","article_modified_time":"2025-09-06T08:18:16+00:00","og_image":[{"width":300,"height":449,"url":"https:\/\/skaitytaknyga.lt\/wp-content\/uploads\/2025\/09\/kiaurymiu-miestas-2.webp","type":"image\/webp"}],"twitter_card":"summary_large_image","twitter_misc":{"Estimated reading time":"1 minute"},"schema":{"@context":"https:\/\/schema.org","@graph":[{"@type":"WebPage","@id":"https:\/\/skaitytaknyga.lt\/produktas\/kiaurymiu-miestas\/","url":"https:\/\/skaitytaknyga.lt\/produktas\/kiaurymiu-miestas\/","name":"Kiaurymi\u0173 miestas","isPartOf":{"@id":"https:\/\/skaitytaknyga.lt\/#website"},"primaryImageOfPage":{"@id":"https:\/\/skaitytaknyga.lt\/produktas\/kiaurymiu-miestas\/#primaryimage"},"image":{"@id":"https:\/\/skaitytaknyga.lt\/produktas\/kiaurymiu-miestas\/#primaryimage"},"thumbnailUrl":"https:\/\/skaitytaknyga.lt\/wp-content\/uploads\/2025\/09\/kiaurymiu-miestas-2.webp","datePublished":"2025-09-03T10:54:18+00:00","dateModified":"2025-09-06T08:18:16+00:00","description":"\u201e\u012esp\u016bdinga, jaudinanti ir be galo ne\u012fprasta... Senovin\u0117s nuotraukos ir tekstas nuostabiai dera, aud\u017eiant nepamir\u0161tam\u0105 istorij\u0105.\u201c Johnas Greenas, knygos","breadcrumb":{"@id":"https:\/\/skaitytaknyga.lt\/produktas\/kiaurymiu-miestas\/#breadcrumb"},"inLanguage":"en-GB","potentialAction":[{"@type":"ReadAction","target":["https:\/\/skaitytaknyga.lt\/produktas\/kiaurymiu-miestas\/"]}]},{"@type":"ImageObject","inLanguage":"en-GB","@id":"https:\/\/skaitytaknyga.lt\/produktas\/kiaurymiu-miestas\/#primaryimage","url":"https:\/\/skaitytaknyga.lt\/wp-content\/uploads\/2025\/09\/kiaurymiu-miestas-2.webp","contentUrl":"https:\/\/skaitytaknyga.lt\/wp-content\/uploads\/2025\/09\/kiaurymiu-miestas-2.webp","width":300,"height":449,"caption":"Kiaurymi\u0173 miestas"},{"@type":"BreadcrumbList","@id":"https:\/\/skaitytaknyga.lt\/produktas\/kiaurymiu-miestas\/#breadcrumb","itemListElement":[{"@type":"ListItem","position":1,"name":"Home","item":"https:\/\/skaitytaknyga.lt\/"},{"@type":"ListItem","position":2,"name":"Parduotuv\u0117","item":"https:\/\/skaitytaknyga.lt\/knygu-parduotuve\/"},{"@type":"ListItem","position":3,"name":"Kiaurymi\u0173 miestas"}]},{"@type":"WebSite","@id":"https:\/\/skaitytaknyga.lt\/#website","url":"https:\/\/skaitytaknyga.lt\/","name":"skaitytaknyga.lt","description":"Skaitytaknyga.lt \u2013 tai ma\u017eas \u0161eimos verslas, kuris prasid\u0117jo nuo meil\u0117s knygoms ir siekio i\u0161gelb\u0117ti knygas nuo likimo prie konteinerio. Kas vienam nereikalingas daiktas \u2013 kitam lobis, o mes esame tarpininkai, kurie padeda abiems tapti laimingesniems ???? \u017dinome kaip nelengva i\u0161gyventi ma\u017eiems verslams, tad nuo \u0161iol, \u010dia rasite ir kit\u0173, ma\u017e\u0173 \u0161eim\u0173 versl\u0173, rank\u0173 darbo, dovan\u0173 sau ir artimiesiems.","publisher":{"@id":"https:\/\/skaitytaknyga.lt\/#organization"},"potentialAction":[{"@type":"SearchAction","target":{"@type":"EntryPoint","urlTemplate":"https:\/\/skaitytaknyga.lt\/?s={search_term_string}"},"query-input":{"@type":"PropertyValueSpecification","valueRequired":true,"valueName":"search_term_string"}}],"inLanguage":"en-GB"},{"@type":"Organization","@id":"https:\/\/skaitytaknyga.lt\/#organization","name":"skaitytaknyga.lt","url":"https:\/\/skaitytaknyga.lt\/","logo":{"@type":"ImageObject","inLanguage":"en-GB","@id":"https:\/\/skaitytaknyga.lt\/#\/schema\/logo\/image\/","url":"https:\/\/skaitytaknyga.lt\/wp-content\/uploads\/2024\/05\/cropped-cropped-cropped-02_00843_jt3bggkj1j3HLc7SyY6rEUpg.jpeg","contentUrl":"https:\/\/skaitytaknyga.lt\/wp-content\/uploads\/2024\/05\/cropped-cropped-cropped-02_00843_jt3bggkj1j3HLc7SyY6rEUpg.jpeg","width":1600,"height":1600,"caption":"skaitytaknyga.lt"},"image":{"@id":"https:\/\/skaitytaknyga.lt\/#\/schema\/logo\/image\/"},"sameAs":["https:\/\/www.facebook.com\/skaitytaknyga\/"]}]}},"_links":{"self":[{"href":"https:\/\/skaitytaknyga.lt\/en\/wp-json\/wp\/v2\/product\/20652","targetHints":{"allow":["GET"]}}],"collection":[{"href":"https:\/\/skaitytaknyga.lt\/en\/wp-json\/wp\/v2\/product"}],"about":[{"href":"https:\/\/skaitytaknyga.lt\/en\/wp-json\/wp\/v2\/types\/product"}],"replies":[{"embeddable":true,"href":"https:\/\/skaitytaknyga.lt\/en\/wp-json\/wp\/v2\/comments?post=20652"}],"wp:featuredmedia":[{"embeddable":true,"href":"https:\/\/skaitytaknyga.lt\/en\/wp-json\/wp\/v2\/media\/20657"}],"wp:attachment":[{"href":"https:\/\/skaitytaknyga.lt\/en\/wp-json\/wp\/v2\/media?parent=20652"}],"wp:term":[{"taxonomy":"product_brand","embeddable":true,"href":"https:\/\/skaitytaknyga.lt\/en\/wp-json\/wp\/v2\/product_brand?post=20652"},{"taxonomy":"product_cat","embeddable":true,"href":"https:\/\/skaitytaknyga.lt\/en\/wp-json\/wp\/v2\/product_cat?post=20652"},{"taxonomy":"product_tag","embeddable":true,"href":"https:\/\/skaitytaknyga.lt\/en\/wp-json\/wp\/v2\/product_tag?post=20652"}],"curies":[{"name":"wp","href":"https:\/\/api.w.org\/{rel}","templated":true}]}}