{"id":20650,"date":"2025-09-03T13:53:01","date_gmt":"2025-09-03T10:53:01","guid":{"rendered":"https:\/\/skaitytaknyga.lt\/?post_type=product&#038;p=20650"},"modified":"2025-10-06T13:27:31","modified_gmt":"2025-10-06T10:27:31","slug":"didinkite-pelna-ne-rinkos-dali","status":"publish","type":"product","link":"https:\/\/skaitytaknyga.lt\/en\/produktas\/didinkite-pelna-ne-rinkos-dali\/","title":{"rendered":"Didinkite peln\u0105, ne rinkos dal\u012f"},"content":{"rendered":"<p>De\u0161imtme\u010diais vadovai nuolat gird\u0117davo kolegas, vir\u0161ininkus, profesorius ir \u017einovus sakant, kad i\u0161sigelb\u0117jimas ateis u\u017ekariavus didel\u0119 rinkos dal\u012f. Tod\u0117l jie kiekvien\u0105 savo organizacijos element\u0105 &#8211; nuo strategijos ir pardavim\u0173 iki rinkodaros ir gamybos &#8211; skyr\u0117 \u0161iam tikslui.<\/p>\n<p>Mokymai, skatinimo sistemos ir pavyzd\u017eiai i\u0161 kit\u0173 verslo sri\u010di\u0173 dar labiau stiprino j\u0173 ry\u017et\u0105. Ta\u010diau knygos autoriai teigia, kad \u0161i rinkos dalies manija, u\u017euot suteikusi galimybi\u0173 didinti peln\u0105 brand\u017eiose rinkose, jas \u017elugdo. Kod\u0117l?<\/p>\n","protected":false},"excerpt":{"rendered":"<p>De\u0161imtme\u010diais vadovai nuolat gird\u0117davo kolegas, vir\u0161ininkus, profesorius ir \u017einovus sakant, kad i\u0161sigelb\u0117jimas ateis u\u017ekariavus didel\u0119 rinkos dal\u012f. Tod\u0117l jie kiekvien\u0105 savo organizacijos element\u0105 &#8211; nuo strategijos ir pardavim\u0173 iki rinkodaros ir gamybos &#8211; skyr\u0117 \u0161iam tikslui. Mokymai, skatinimo sistemos ir pavyzd\u017eiai i\u0161 kit\u0173 verslo sri\u010di\u0173 dar labiau stiprino j\u0173 ry\u017et\u0105. Ta\u010diau knygos autoriai teigia, kad \u0161i rinkos dalies manija, u\u017euot suteikusi galimybi\u0173 didinti peln\u0105 brand\u017eiose rinkose, jas \u017elugdo. Kod\u0117l?<\/p>\n","protected":false},"featured_media":20651,"comment_status":"open","ping_status":"closed","template":"","meta":{"_acf_changed":false,"site-sidebar-layout":"default","site-content-layout":"","ast-site-content-layout":"default","site-content-style":"default","site-sidebar-style":"default","ast-global-header-display":"","ast-banner-title-visibility":"","ast-main-header-display":"","ast-hfb-above-header-display":"","ast-hfb-below-header-display":"","ast-hfb-mobile-header-display":"","site-post-title":"","ast-breadcrumbs-content":"","ast-featured-img":"","footer-sml-layout":"","ast-disable-related-posts":"","theme-transparent-header-meta":"","adv-header-id-meta":"","stick-header-meta":"","header-above-stick-meta":"","header-main-stick-meta":"","header-below-stick-meta":"","astra-migrate-meta-layouts":"default","ast-page-background-enabled":"default","ast-page-background-meta":{"desktop":{"background-color":"","background-image":"","background-repeat":"repeat","background-position":"center center","background-size":"auto","background-attachment":"scroll","background-type":"","background-media":"","overlay-type":"","overlay-color":"","overlay-opacity":"","overlay-gradient":""},"tablet":{"background-color":"","background-image":"","background-repeat":"repeat","background-position":"center center","background-size":"auto","background-attachment":"scroll","background-type":"","background-media":"","overlay-type":"","overlay-color":"","overlay-opacity":"","overlay-gradient":""},"mobile":{"background-color":"","background-image":"","background-repeat":"repeat","background-position":"center center","background-size":"auto","background-attachment":"scroll","background-type":"","background-media":"","overlay-type":"","overlay-color":"","overlay-opacity":"","overlay-gradient":""}},"ast-content-background-meta":{"desktop":{"background-color":"var(--ast-global-color-4)","background-image":"","background-repeat":"repeat","background-position":"center center","background-size":"auto","background-attachment":"scroll","background-type":"","background-media":"","overlay-type":"","overlay-color":"","overlay-opacity":"","overlay-gradient":""},"tablet":{"background-color":"var(--ast-global-color-4)","background-image":"","background-repeat":"repeat","background-position":"center center","background-size":"auto","background-attachment":"scroll","background-type":"","background-media":"","overlay-type":"","overlay-color":"","overlay-opacity":"","overlay-gradient":""},"mobile":{"background-color":"var(--ast-global-color-4)","background-image":"","background-repeat":"repeat","background-position":"center center","background-size":"auto","background-attachment":"scroll","background-type":"","background-media":"","overlay-type":"","overlay-color":"","overlay-opacity":"","overlay-gradient":""}}},"product_brand":[],"product_cat":[26],"product_tag":[7640,7641,7642,7639,1558,2356],"class_list":{"0":"post-20650","1":"product","2":"type-product","3":"status-publish","4":"has-post-thumbnail","6":"product_cat-verslas-vadyba-ir-finansai","7":"product_tag-frank-f-bilstein","8":"product_tag-frank-luby","9":"product_tag-hermann-simon","10":"product_tag-pelnas","11":"product_tag-rinkodara","12":"product_tag-verslas","13":"desktop-align-left","14":"tablet-align-left","15":"mobile-align-left","17":"first","18":"instock","19":"shipping-taxable","20":"purchasable","21":"product-type-simple"},"acf":[],"yoast_head":"<!-- This site is optimized with the Yoast SEO plugin v27.0 - https:\/\/yoast.com\/product\/yoast-seo-wordpress\/ -->\n<title>Didinkite peln\u0105, ne rinkos dal\u012f<\/title>\n<meta name=\"description\" content=\"De\u0161imtme\u010diais vadovai nuolat gird\u0117davo kolegas, vir\u0161ininkus, profesorius ir \u017einovus sakant, kad i\u0161sigelb\u0117jimas ateis u\u017ekariavus didel\u0119 rinkos dal\u012f. Tod\u0117l\" \/>\n<meta name=\"robots\" content=\"index, follow, max-snippet:-1, max-image-preview:large, max-video-preview:-1\" \/>\n<link rel=\"canonical\" href=\"https:\/\/skaitytaknyga.lt\/en\/produktas\/didinkite-pelna-ne-rinkos-dali\/\" \/>\n<meta property=\"og:locale\" content=\"en_GB\" \/>\n<meta property=\"og:locale:alternate\" content=\"lt_LT\" \/>\n<meta property=\"og:type\" content=\"article\" \/>\n<meta property=\"og:title\" content=\"Didinkite peln\u0105, ne rinkos dal\u012f\" \/>\n<meta property=\"og:description\" content=\"De\u0161imtme\u010diais vadovai nuolat gird\u0117davo kolegas, vir\u0161ininkus, profesorius ir \u017einovus sakant, kad i\u0161sigelb\u0117jimas ateis u\u017ekariavus didel\u0119 rinkos dal\u012f. Tod\u0117l\" \/>\n<meta property=\"og:url\" content=\"https:\/\/skaitytaknyga.lt\/en\/produktas\/didinkite-pelna-ne-rinkos-dali\/\" \/>\n<meta property=\"og:site_name\" content=\"Skaitytaknyga\" \/>\n<meta property=\"article:publisher\" content=\"https:\/\/www.facebook.com\/skaitytaknyga\/\" \/>\n<meta property=\"article:modified_time\" content=\"2025-10-06T10:27:31+00:00\" \/>\n<meta property=\"og:image\" content=\"https:\/\/skaitytaknyga.lt\/wp-content\/uploads\/2025\/09\/Didinkite-pelna-ne-rinkos-dali-1.webp\" \/>\n\t<meta property=\"og:image:width\" content=\"300\" \/>\n\t<meta property=\"og:image:height\" content=\"459\" \/>\n\t<meta property=\"og:image:type\" content=\"image\/webp\" \/>\n<meta name=\"twitter:card\" content=\"summary_large_image\" \/>\n<script type=\"application\/ld+json\" class=\"yoast-schema-graph\">{\"@context\":\"https:\/\/schema.org\",\"@graph\":[{\"@type\":\"WebPage\",\"@id\":\"https:\/\/skaitytaknyga.lt\/produktas\/didinkite-pelna-ne-rinkos-dali\/\",\"url\":\"https:\/\/skaitytaknyga.lt\/produktas\/didinkite-pelna-ne-rinkos-dali\/\",\"name\":\"Didinkite peln\u0105, ne rinkos dal\u012f\",\"isPartOf\":{\"@id\":\"https:\/\/skaitytaknyga.lt\/#website\"},\"primaryImageOfPage\":{\"@id\":\"https:\/\/skaitytaknyga.lt\/produktas\/didinkite-pelna-ne-rinkos-dali\/#primaryimage\"},\"image\":{\"@id\":\"https:\/\/skaitytaknyga.lt\/produktas\/didinkite-pelna-ne-rinkos-dali\/#primaryimage\"},\"thumbnailUrl\":\"https:\/\/skaitytaknyga.lt\/wp-content\/uploads\/2025\/09\/Didinkite-pelna-ne-rinkos-dali-1.webp\",\"datePublished\":\"2025-09-03T10:53:01+00:00\",\"dateModified\":\"2025-10-06T10:27:31+00:00\",\"description\":\"De\u0161imtme\u010diais vadovai nuolat gird\u0117davo kolegas, vir\u0161ininkus, profesorius ir \u017einovus sakant, kad i\u0161sigelb\u0117jimas ateis u\u017ekariavus didel\u0119 rinkos dal\u012f. Tod\u0117l\",\"breadcrumb\":{\"@id\":\"https:\/\/skaitytaknyga.lt\/produktas\/didinkite-pelna-ne-rinkos-dali\/#breadcrumb\"},\"inLanguage\":\"en-GB\",\"potentialAction\":[{\"@type\":\"ReadAction\",\"target\":[\"https:\/\/skaitytaknyga.lt\/produktas\/didinkite-pelna-ne-rinkos-dali\/\"]}]},{\"@type\":\"ImageObject\",\"inLanguage\":\"en-GB\",\"@id\":\"https:\/\/skaitytaknyga.lt\/produktas\/didinkite-pelna-ne-rinkos-dali\/#primaryimage\",\"url\":\"https:\/\/skaitytaknyga.lt\/wp-content\/uploads\/2025\/09\/Didinkite-pelna-ne-rinkos-dali-1.webp\",\"contentUrl\":\"https:\/\/skaitytaknyga.lt\/wp-content\/uploads\/2025\/09\/Didinkite-pelna-ne-rinkos-dali-1.webp\",\"width\":300,\"height\":459,\"caption\":\"Didinkite peln\u0105, ne rinkos dal\u012f\"},{\"@type\":\"BreadcrumbList\",\"@id\":\"https:\/\/skaitytaknyga.lt\/produktas\/didinkite-pelna-ne-rinkos-dali\/#breadcrumb\",\"itemListElement\":[{\"@type\":\"ListItem\",\"position\":1,\"name\":\"Home\",\"item\":\"https:\/\/skaitytaknyga.lt\/\"},{\"@type\":\"ListItem\",\"position\":2,\"name\":\"Parduotuv\u0117\",\"item\":\"https:\/\/skaitytaknyga.lt\/knygu-parduotuve\/\"},{\"@type\":\"ListItem\",\"position\":3,\"name\":\"Didinkite peln\u0105, ne rinkos dal\u012f\"}]},{\"@type\":\"WebSite\",\"@id\":\"https:\/\/skaitytaknyga.lt\/#website\",\"url\":\"https:\/\/skaitytaknyga.lt\/\",\"name\":\"skaitytaknyga.lt\",\"description\":\"Skaitytaknyga.lt \u2013 tai ma\u017eas \u0161eimos verslas, kuris prasid\u0117jo nuo meil\u0117s knygoms ir siekio i\u0161gelb\u0117ti knygas nuo likimo prie konteinerio. Kas vienam nereikalingas daiktas \u2013 kitam lobis, o mes esame tarpininkai, kurie padeda abiems tapti laimingesniems ???? \u017dinome kaip nelengva i\u0161gyventi ma\u017eiems verslams, tad nuo \u0161iol, \u010dia rasite ir kit\u0173, ma\u017e\u0173 \u0161eim\u0173 versl\u0173, rank\u0173 darbo, dovan\u0173 sau ir artimiesiems.\",\"publisher\":{\"@id\":\"https:\/\/skaitytaknyga.lt\/#organization\"},\"potentialAction\":[{\"@type\":\"SearchAction\",\"target\":{\"@type\":\"EntryPoint\",\"urlTemplate\":\"https:\/\/skaitytaknyga.lt\/?s={search_term_string}\"},\"query-input\":{\"@type\":\"PropertyValueSpecification\",\"valueRequired\":true,\"valueName\":\"search_term_string\"}}],\"inLanguage\":\"en-GB\"},{\"@type\":\"Organization\",\"@id\":\"https:\/\/skaitytaknyga.lt\/#organization\",\"name\":\"skaitytaknyga.lt\",\"url\":\"https:\/\/skaitytaknyga.lt\/\",\"logo\":{\"@type\":\"ImageObject\",\"inLanguage\":\"en-GB\",\"@id\":\"https:\/\/skaitytaknyga.lt\/#\/schema\/logo\/image\/\",\"url\":\"https:\/\/skaitytaknyga.lt\/wp-content\/uploads\/2024\/05\/cropped-cropped-cropped-02_00843_jt3bggkj1j3HLc7SyY6rEUpg.jpeg\",\"contentUrl\":\"https:\/\/skaitytaknyga.lt\/wp-content\/uploads\/2024\/05\/cropped-cropped-cropped-02_00843_jt3bggkj1j3HLc7SyY6rEUpg.jpeg\",\"width\":1600,\"height\":1600,\"caption\":\"skaitytaknyga.lt\"},\"image\":{\"@id\":\"https:\/\/skaitytaknyga.lt\/#\/schema\/logo\/image\/\"},\"sameAs\":[\"https:\/\/www.facebook.com\/skaitytaknyga\/\"]}]}<\/script>\n<!-- \/ Yoast SEO plugin. -->","yoast_head_json":{"title":"Didinkite peln\u0105, ne rinkos dal\u012f","description":"De\u0161imtme\u010diais vadovai nuolat gird\u0117davo kolegas, vir\u0161ininkus, profesorius ir \u017einovus sakant, kad i\u0161sigelb\u0117jimas ateis u\u017ekariavus didel\u0119 rinkos dal\u012f. Tod\u0117l","robots":{"index":"index","follow":"follow","max-snippet":"max-snippet:-1","max-image-preview":"max-image-preview:large","max-video-preview":"max-video-preview:-1"},"canonical":"https:\/\/skaitytaknyga.lt\/en\/produktas\/didinkite-pelna-ne-rinkos-dali\/","og_locale":"en_GB","og_type":"article","og_title":"[:lt]Didinkite peln\u0105, ne rinkos dal\u012f[:] - Skaitytaknyga","og_description":"De\u0161imtme\u010diais vadovai nuolat gird\u0117davo kolegas, vir\u0161ininkus, profesorius ir \u017einovus sakant, kad i\u0161sigelb\u0117jimas ateis u\u017ekariavus didel\u0119 rinkos dal\u012f. Tod\u0117l","og_url":"https:\/\/skaitytaknyga.lt\/en\/produktas\/didinkite-pelna-ne-rinkos-dali\/","og_site_name":"Skaitytaknyga","article_publisher":"https:\/\/www.facebook.com\/skaitytaknyga\/","article_modified_time":"2025-10-06T10:27:31+00:00","og_image":[{"width":300,"height":459,"url":"https:\/\/skaitytaknyga.lt\/wp-content\/uploads\/2025\/09\/Didinkite-pelna-ne-rinkos-dali-1.webp","type":"image\/webp"}],"twitter_card":"summary_large_image","schema":{"@context":"https:\/\/schema.org","@graph":[{"@type":"WebPage","@id":"https:\/\/skaitytaknyga.lt\/produktas\/didinkite-pelna-ne-rinkos-dali\/","url":"https:\/\/skaitytaknyga.lt\/produktas\/didinkite-pelna-ne-rinkos-dali\/","name":"Didinkite peln\u0105, ne rinkos dal\u012f","isPartOf":{"@id":"https:\/\/skaitytaknyga.lt\/#website"},"primaryImageOfPage":{"@id":"https:\/\/skaitytaknyga.lt\/produktas\/didinkite-pelna-ne-rinkos-dali\/#primaryimage"},"image":{"@id":"https:\/\/skaitytaknyga.lt\/produktas\/didinkite-pelna-ne-rinkos-dali\/#primaryimage"},"thumbnailUrl":"https:\/\/skaitytaknyga.lt\/wp-content\/uploads\/2025\/09\/Didinkite-pelna-ne-rinkos-dali-1.webp","datePublished":"2025-09-03T10:53:01+00:00","dateModified":"2025-10-06T10:27:31+00:00","description":"De\u0161imtme\u010diais vadovai nuolat gird\u0117davo kolegas, vir\u0161ininkus, profesorius ir \u017einovus sakant, kad i\u0161sigelb\u0117jimas ateis u\u017ekariavus didel\u0119 rinkos dal\u012f. Tod\u0117l","breadcrumb":{"@id":"https:\/\/skaitytaknyga.lt\/produktas\/didinkite-pelna-ne-rinkos-dali\/#breadcrumb"},"inLanguage":"en-GB","potentialAction":[{"@type":"ReadAction","target":["https:\/\/skaitytaknyga.lt\/produktas\/didinkite-pelna-ne-rinkos-dali\/"]}]},{"@type":"ImageObject","inLanguage":"en-GB","@id":"https:\/\/skaitytaknyga.lt\/produktas\/didinkite-pelna-ne-rinkos-dali\/#primaryimage","url":"https:\/\/skaitytaknyga.lt\/wp-content\/uploads\/2025\/09\/Didinkite-pelna-ne-rinkos-dali-1.webp","contentUrl":"https:\/\/skaitytaknyga.lt\/wp-content\/uploads\/2025\/09\/Didinkite-pelna-ne-rinkos-dali-1.webp","width":300,"height":459,"caption":"Didinkite peln\u0105, ne rinkos dal\u012f"},{"@type":"BreadcrumbList","@id":"https:\/\/skaitytaknyga.lt\/produktas\/didinkite-pelna-ne-rinkos-dali\/#breadcrumb","itemListElement":[{"@type":"ListItem","position":1,"name":"Home","item":"https:\/\/skaitytaknyga.lt\/"},{"@type":"ListItem","position":2,"name":"Parduotuv\u0117","item":"https:\/\/skaitytaknyga.lt\/knygu-parduotuve\/"},{"@type":"ListItem","position":3,"name":"Didinkite peln\u0105, ne rinkos dal\u012f"}]},{"@type":"WebSite","@id":"https:\/\/skaitytaknyga.lt\/#website","url":"https:\/\/skaitytaknyga.lt\/","name":"skaitytaknyga.lt","description":"Skaitytaknyga.lt \u2013 tai ma\u017eas \u0161eimos verslas, kuris prasid\u0117jo nuo meil\u0117s knygoms ir siekio i\u0161gelb\u0117ti knygas nuo likimo prie konteinerio. Kas vienam nereikalingas daiktas \u2013 kitam lobis, o mes esame tarpininkai, kurie padeda abiems tapti laimingesniems ???? \u017dinome kaip nelengva i\u0161gyventi ma\u017eiems verslams, tad nuo \u0161iol, \u010dia rasite ir kit\u0173, ma\u017e\u0173 \u0161eim\u0173 versl\u0173, rank\u0173 darbo, dovan\u0173 sau ir artimiesiems.","publisher":{"@id":"https:\/\/skaitytaknyga.lt\/#organization"},"potentialAction":[{"@type":"SearchAction","target":{"@type":"EntryPoint","urlTemplate":"https:\/\/skaitytaknyga.lt\/?s={search_term_string}"},"query-input":{"@type":"PropertyValueSpecification","valueRequired":true,"valueName":"search_term_string"}}],"inLanguage":"en-GB"},{"@type":"Organization","@id":"https:\/\/skaitytaknyga.lt\/#organization","name":"skaitytaknyga.lt","url":"https:\/\/skaitytaknyga.lt\/","logo":{"@type":"ImageObject","inLanguage":"en-GB","@id":"https:\/\/skaitytaknyga.lt\/#\/schema\/logo\/image\/","url":"https:\/\/skaitytaknyga.lt\/wp-content\/uploads\/2024\/05\/cropped-cropped-cropped-02_00843_jt3bggkj1j3HLc7SyY6rEUpg.jpeg","contentUrl":"https:\/\/skaitytaknyga.lt\/wp-content\/uploads\/2024\/05\/cropped-cropped-cropped-02_00843_jt3bggkj1j3HLc7SyY6rEUpg.jpeg","width":1600,"height":1600,"caption":"skaitytaknyga.lt"},"image":{"@id":"https:\/\/skaitytaknyga.lt\/#\/schema\/logo\/image\/"},"sameAs":["https:\/\/www.facebook.com\/skaitytaknyga\/"]}]}},"_links":{"self":[{"href":"https:\/\/skaitytaknyga.lt\/en\/wp-json\/wp\/v2\/product\/20650","targetHints":{"allow":["GET"]}}],"collection":[{"href":"https:\/\/skaitytaknyga.lt\/en\/wp-json\/wp\/v2\/product"}],"about":[{"href":"https:\/\/skaitytaknyga.lt\/en\/wp-json\/wp\/v2\/types\/product"}],"replies":[{"embeddable":true,"href":"https:\/\/skaitytaknyga.lt\/en\/wp-json\/wp\/v2\/comments?post=20650"}],"wp:featuredmedia":[{"embeddable":true,"href":"https:\/\/skaitytaknyga.lt\/en\/wp-json\/wp\/v2\/media\/20651"}],"wp:attachment":[{"href":"https:\/\/skaitytaknyga.lt\/en\/wp-json\/wp\/v2\/media?parent=20650"}],"wp:term":[{"taxonomy":"product_brand","embeddable":true,"href":"https:\/\/skaitytaknyga.lt\/en\/wp-json\/wp\/v2\/product_brand?post=20650"},{"taxonomy":"product_cat","embeddable":true,"href":"https:\/\/skaitytaknyga.lt\/en\/wp-json\/wp\/v2\/product_cat?post=20650"},{"taxonomy":"product_tag","embeddable":true,"href":"https:\/\/skaitytaknyga.lt\/en\/wp-json\/wp\/v2\/product_tag?post=20650"}],"curies":[{"name":"wp","href":"https:\/\/api.w.org\/{rel}","templated":true}]}}