{"id":20648,"date":"2025-09-03T13:50:53","date_gmt":"2025-09-03T10:50:53","guid":{"rendered":"https:\/\/skaitytaknyga.lt\/?post_type=product&#038;p=20648"},"modified":"2025-10-06T13:27:31","modified_gmt":"2025-10-06T10:27:31","slug":"iseik-i-pensija-jaunas-iseik-i-pensija-turtingas","status":"publish","type":"product","link":"https:\/\/skaitytaknyga.lt\/en\/produktas\/iseik-i-pensija-jaunas-iseik-i-pensija-turtingas\/","title":{"rendered":"I\u0161eik \u012f pensij\u0105 jaunas, i\u0161eik \u012f pensij\u0105 turtingas"},"content":{"rendered":"<p>\u0160i knyga \u2013 tai autori\u0173 istorija apie tai, kaip jie, prad\u0117j\u0119 nuo nulio, pra\u0117jus ma\u017eiau nei de\u0161im\u010diai met\u0173 pasitrauk\u0117 i\u0161 verslo b\u016bdami finansi\u0161kai nepriklausomi.<\/p>\n<p>Raskite galimybi\u0173 \u012fgyvendinti tai savo gyvenime!<br \/>\nJei j\u016bs neplanuojate sunkiai dirbti vis\u0105 savo gyvenim\u0105, \u0161i knyga skirta jums.<br \/>\nTai kod\u0117l gi nei\u0161\u0117jus \u012f pensij\u0105 jaunam ir turtingam?<\/p>\n<p>\u0160i knyga skirta visiems, norintiems labiau kontroliuoti savo pinigus ir gauti didesnes negu vidutines vidutini\u0173 investuotoj\u0173 pajamas. Tiksli\u0173 nurodym\u0173, k\u0105 daryti, knygoje nerasite&#8230; nes k\u0105 ir kaip darysite, kad praturt\u0117tum\u0117te, priklausys tik nuo j\u016bs\u0173&#8230; ta\u010diau knyga pad\u0117s suprasti, kod\u0117l kai kurie investuotojai ma\u017eiau rizikuodami ir ma\u017eiau investuodami gauna daug didesnes pajamas negu vidutiniai investuotojai, be to, daug grei\u010diau.<\/p>\n<p>Devyniasde\u0161imt procent\u0173 investuotoj\u0173 yra vidutiniai, tod\u0117l jiems geriausia taupyti ir investuoti \u012f investicinius bei pensij\u0173 fondus. \u0160i knyga skirta likusiems de\u0161im\u010diai procent\u0173 \u2013 tiems, kurie nori tapti profesionaliaisiais investuotojais ir padidinti pajamas i\u0161 investicij\u0173 bei paspartinti finansini\u0173 portfeli\u0173 augim\u0105.<\/p>\n","protected":false},"excerpt":{"rendered":"<p>\u0160i knyga \u2013 tai autori\u0173 istorija apie tai, kaip jie, prad\u0117j\u0119 nuo nulio, pra\u0117jus ma\u017eiau nei de\u0161im\u010diai met\u0173 pasitrauk\u0117 i\u0161 verslo b\u016bdami finansi\u0161kai nepriklausomi. Raskite galimybi\u0173 \u012fgyvendinti tai savo gyvenime! Jei j\u016bs neplanuojate sunkiai dirbti vis\u0105 savo gyvenim\u0105, \u0161i knyga skirta jums. Tai kod\u0117l gi nei\u0161\u0117jus \u012f pensij\u0105 jaunam ir turtingam? \u0160i knyga skirta visiems, norintiems labiau kontroliuoti savo pinigus ir gauti didesnes negu vidutines vidutini\u0173 investuotoj\u0173 pajamas. Tiksli\u0173 nurodym\u0173, k\u0105 daryti, knygoje nerasite&#8230; nes k\u0105 ir kaip darysite, kad praturt\u0117tum\u0117te, priklausys tik nuo j\u016bs\u0173&#8230; ta\u010diau knyga pad\u0117s suprasti, kod\u0117l kai kurie investuotojai ma\u017eiau rizikuodami ir ma\u017eiau investuodami gauna daug didesnes pajamas negu vidutiniai investuotojai, be to, daug grei\u010diau. Devyniasde\u0161imt procent\u0173 investuotoj\u0173 yra vidutiniai, tod\u0117l jiems geriausia taupyti ir investuoti \u012f investicinius bei pensij\u0173 fondus. \u0160i knyga skirta likusiems de\u0161im\u010diai procent\u0173 \u2013 tiems, kurie nori tapti profesionaliaisiais investuotojais ir padidinti pajamas i\u0161 investicij\u0173 bei paspartinti finansini\u0173 portfeli\u0173 augim\u0105.<\/p>\n","protected":false},"featured_media":20649,"comment_status":"open","ping_status":"closed","template":"","meta":{"_acf_changed":false,"site-sidebar-layout":"default","site-content-layout":"","ast-site-content-layout":"default","site-content-style":"default","site-sidebar-style":"default","ast-global-header-display":"","ast-banner-title-visibility":"","ast-main-header-display":"","ast-hfb-above-header-display":"","ast-hfb-below-header-display":"","ast-hfb-mobile-header-display":"","site-post-title":"","ast-breadcrumbs-content":"","ast-featured-img":"","footer-sml-layout":"","ast-disable-related-posts":"","theme-transparent-header-meta":"","adv-header-id-meta":"","stick-header-meta":"","header-above-stick-meta":"","header-main-stick-meta":"","header-below-stick-meta":"","astra-migrate-meta-layouts":"default","ast-page-background-enabled":"default","ast-page-background-meta":{"desktop":{"background-color":"","background-image":"","background-repeat":"repeat","background-position":"center center","background-size":"auto","background-attachment":"scroll","background-type":"","background-media":"","overlay-type":"","overlay-color":"","overlay-opacity":"","overlay-gradient":""},"tablet":{"background-color":"","background-image":"","background-repeat":"repeat","background-position":"center center","background-size":"auto","background-attachment":"scroll","background-type":"","background-media":"","overlay-type":"","overlay-color":"","overlay-opacity":"","overlay-gradient":""},"mobile":{"background-color":"","background-image":"","background-repeat":"repeat","background-position":"center center","background-size":"auto","background-attachment":"scroll","background-type":"","background-media":"","overlay-type":"","overlay-color":"","overlay-opacity":"","overlay-gradient":""}},"ast-content-background-meta":{"desktop":{"background-color":"var(--ast-global-color-4)","background-image":"","background-repeat":"repeat","background-position":"center center","background-size":"auto","background-attachment":"scroll","background-type":"","background-media":"","overlay-type":"","overlay-color":"","overlay-opacity":"","overlay-gradient":""},"tablet":{"background-color":"var(--ast-global-color-4)","background-image":"","background-repeat":"repeat","background-position":"center center","background-size":"auto","background-attachment":"scroll","background-type":"","background-media":"","overlay-type":"","overlay-color":"","overlay-opacity":"","overlay-gradient":""},"mobile":{"background-color":"var(--ast-global-color-4)","background-image":"","background-repeat":"repeat","background-position":"center center","background-size":"auto","background-attachment":"scroll","background-type":"","background-media":"","overlay-type":"","overlay-color":"","overlay-opacity":"","overlay-gradient":""}}},"product_brand":[],"product_cat":[26],"product_tag":[2301,7636,3558,7637,7638,2356],"class_list":{"0":"post-20648","1":"product","2":"type-product","3":"status-publish","4":"has-post-thumbnail","6":"product_cat-verslas-vadyba-ir-finansai","7":"product_tag-finansai","8":"product_tag-investicijos","9":"product_tag-laisve","10":"product_tag-robertas-t-kijosakis","11":"product_tag-seron-l-lechter","12":"product_tag-verslas","13":"desktop-align-left","14":"tablet-align-left","15":"mobile-align-left","17":"first","18":"instock","19":"shipping-taxable","20":"purchasable","21":"product-type-simple"},"acf":[],"yoast_head":"<!-- This site is optimized with the Yoast SEO plugin v27.0 - https:\/\/yoast.com\/product\/yoast-seo-wordpress\/ -->\n<title>I\u0161eik \u012f pensij\u0105 jaunas, i\u0161eik \u012f pensij\u0105 turtingas<\/title>\n<meta name=\"description\" content=\"\u0160i knyga \u2013 tai autori\u0173 istorija apie tai, kaip jie, prad\u0117j\u0119 nuo nulio, pra\u0117jus ma\u017eiau nei de\u0161im\u010diai met\u0173 pasitrauk\u0117 i\u0161 verslo b\u016bdami finansi\u0161kai\" \/>\n<meta name=\"robots\" content=\"index, follow, max-snippet:-1, max-image-preview:large, max-video-preview:-1\" \/>\n<link rel=\"canonical\" href=\"https:\/\/skaitytaknyga.lt\/en\/produktas\/iseik-i-pensija-jaunas-iseik-i-pensija-turtingas\/\" \/>\n<meta property=\"og:locale\" content=\"en_GB\" \/>\n<meta property=\"og:locale:alternate\" content=\"lt_LT\" \/>\n<meta property=\"og:type\" content=\"article\" \/>\n<meta property=\"og:title\" content=\"I\u0161eik \u012f pensij\u0105 jaunas, i\u0161eik \u012f pensij\u0105 turtingas\" \/>\n<meta property=\"og:description\" content=\"\u0160i knyga \u2013 tai autori\u0173 istorija apie tai, kaip jie, prad\u0117j\u0119 nuo nulio, pra\u0117jus ma\u017eiau nei de\u0161im\u010diai met\u0173 pasitrauk\u0117 i\u0161 verslo b\u016bdami finansi\u0161kai\" \/>\n<meta property=\"og:url\" content=\"https:\/\/skaitytaknyga.lt\/en\/produktas\/iseik-i-pensija-jaunas-iseik-i-pensija-turtingas\/\" \/>\n<meta property=\"og:site_name\" content=\"Skaitytaknyga\" \/>\n<meta property=\"article:publisher\" content=\"https:\/\/www.facebook.com\/skaitytaknyga\/\" \/>\n<meta property=\"article:modified_time\" content=\"2025-10-06T10:27:31+00:00\" \/>\n<meta property=\"og:image\" content=\"https:\/\/skaitytaknyga.lt\/wp-content\/uploads\/2025\/09\/Iseik-i-pensija-jaunas-iseik-i-pensija-turtingas-1.webp\" \/>\n\t<meta property=\"og:image:width\" content=\"300\" \/>\n\t<meta property=\"og:image:height\" content=\"449\" \/>\n\t<meta property=\"og:image:type\" content=\"image\/webp\" \/>\n<meta name=\"twitter:card\" content=\"summary_large_image\" \/>\n<meta name=\"twitter:label1\" content=\"Estimated reading time\" \/>\n\t<meta name=\"twitter:data1\" content=\"1 minute\" \/>\n<script type=\"application\/ld+json\" class=\"yoast-schema-graph\">{\"@context\":\"https:\/\/schema.org\",\"@graph\":[{\"@type\":\"WebPage\",\"@id\":\"https:\/\/skaitytaknyga.lt\/produktas\/iseik-i-pensija-jaunas-iseik-i-pensija-turtingas\/\",\"url\":\"https:\/\/skaitytaknyga.lt\/produktas\/iseik-i-pensija-jaunas-iseik-i-pensija-turtingas\/\",\"name\":\"I\u0161eik \u012f pensij\u0105 jaunas, i\u0161eik \u012f pensij\u0105 turtingas\",\"isPartOf\":{\"@id\":\"https:\/\/skaitytaknyga.lt\/#website\"},\"primaryImageOfPage\":{\"@id\":\"https:\/\/skaitytaknyga.lt\/produktas\/iseik-i-pensija-jaunas-iseik-i-pensija-turtingas\/#primaryimage\"},\"image\":{\"@id\":\"https:\/\/skaitytaknyga.lt\/produktas\/iseik-i-pensija-jaunas-iseik-i-pensija-turtingas\/#primaryimage\"},\"thumbnailUrl\":\"https:\/\/skaitytaknyga.lt\/wp-content\/uploads\/2025\/09\/Iseik-i-pensija-jaunas-iseik-i-pensija-turtingas-1.webp\",\"datePublished\":\"2025-09-03T10:50:53+00:00\",\"dateModified\":\"2025-10-06T10:27:31+00:00\",\"description\":\"\u0160i knyga \u2013 tai autori\u0173 istorija apie tai, kaip jie, prad\u0117j\u0119 nuo nulio, pra\u0117jus ma\u017eiau nei de\u0161im\u010diai met\u0173 pasitrauk\u0117 i\u0161 verslo b\u016bdami finansi\u0161kai\",\"breadcrumb\":{\"@id\":\"https:\/\/skaitytaknyga.lt\/produktas\/iseik-i-pensija-jaunas-iseik-i-pensija-turtingas\/#breadcrumb\"},\"inLanguage\":\"en-GB\",\"potentialAction\":[{\"@type\":\"ReadAction\",\"target\":[\"https:\/\/skaitytaknyga.lt\/produktas\/iseik-i-pensija-jaunas-iseik-i-pensija-turtingas\/\"]}]},{\"@type\":\"ImageObject\",\"inLanguage\":\"en-GB\",\"@id\":\"https:\/\/skaitytaknyga.lt\/produktas\/iseik-i-pensija-jaunas-iseik-i-pensija-turtingas\/#primaryimage\",\"url\":\"https:\/\/skaitytaknyga.lt\/wp-content\/uploads\/2025\/09\/Iseik-i-pensija-jaunas-iseik-i-pensija-turtingas-1.webp\",\"contentUrl\":\"https:\/\/skaitytaknyga.lt\/wp-content\/uploads\/2025\/09\/Iseik-i-pensija-jaunas-iseik-i-pensija-turtingas-1.webp\",\"width\":300,\"height\":449},{\"@type\":\"BreadcrumbList\",\"@id\":\"https:\/\/skaitytaknyga.lt\/produktas\/iseik-i-pensija-jaunas-iseik-i-pensija-turtingas\/#breadcrumb\",\"itemListElement\":[{\"@type\":\"ListItem\",\"position\":1,\"name\":\"Home\",\"item\":\"https:\/\/skaitytaknyga.lt\/\"},{\"@type\":\"ListItem\",\"position\":2,\"name\":\"Parduotuv\u0117\",\"item\":\"https:\/\/skaitytaknyga.lt\/knygu-parduotuve\/\"},{\"@type\":\"ListItem\",\"position\":3,\"name\":\"I\u0161eik \u012f pensij\u0105 jaunas, i\u0161eik \u012f pensij\u0105 turtingas\"}]},{\"@type\":\"WebSite\",\"@id\":\"https:\/\/skaitytaknyga.lt\/#website\",\"url\":\"https:\/\/skaitytaknyga.lt\/\",\"name\":\"skaitytaknyga.lt\",\"description\":\"Skaitytaknyga.lt \u2013 tai ma\u017eas \u0161eimos verslas, kuris prasid\u0117jo nuo meil\u0117s knygoms ir siekio i\u0161gelb\u0117ti knygas nuo likimo prie konteinerio. Kas vienam nereikalingas daiktas \u2013 kitam lobis, o mes esame tarpininkai, kurie padeda abiems tapti laimingesniems ???? \u017dinome kaip nelengva i\u0161gyventi ma\u017eiems verslams, tad nuo \u0161iol, \u010dia rasite ir kit\u0173, ma\u017e\u0173 \u0161eim\u0173 versl\u0173, rank\u0173 darbo, dovan\u0173 sau ir artimiesiems.\",\"publisher\":{\"@id\":\"https:\/\/skaitytaknyga.lt\/#organization\"},\"potentialAction\":[{\"@type\":\"SearchAction\",\"target\":{\"@type\":\"EntryPoint\",\"urlTemplate\":\"https:\/\/skaitytaknyga.lt\/?s={search_term_string}\"},\"query-input\":{\"@type\":\"PropertyValueSpecification\",\"valueRequired\":true,\"valueName\":\"search_term_string\"}}],\"inLanguage\":\"en-GB\"},{\"@type\":\"Organization\",\"@id\":\"https:\/\/skaitytaknyga.lt\/#organization\",\"name\":\"skaitytaknyga.lt\",\"url\":\"https:\/\/skaitytaknyga.lt\/\",\"logo\":{\"@type\":\"ImageObject\",\"inLanguage\":\"en-GB\",\"@id\":\"https:\/\/skaitytaknyga.lt\/#\/schema\/logo\/image\/\",\"url\":\"https:\/\/skaitytaknyga.lt\/wp-content\/uploads\/2024\/05\/cropped-cropped-cropped-02_00843_jt3bggkj1j3HLc7SyY6rEUpg.jpeg\",\"contentUrl\":\"https:\/\/skaitytaknyga.lt\/wp-content\/uploads\/2024\/05\/cropped-cropped-cropped-02_00843_jt3bggkj1j3HLc7SyY6rEUpg.jpeg\",\"width\":1600,\"height\":1600,\"caption\":\"skaitytaknyga.lt\"},\"image\":{\"@id\":\"https:\/\/skaitytaknyga.lt\/#\/schema\/logo\/image\/\"},\"sameAs\":[\"https:\/\/www.facebook.com\/skaitytaknyga\/\"]}]}<\/script>\n<!-- \/ Yoast SEO plugin. -->","yoast_head_json":{"title":"I\u0161eik \u012f pensij\u0105 jaunas, i\u0161eik \u012f pensij\u0105 turtingas","description":"\u0160i knyga \u2013 tai autori\u0173 istorija apie tai, kaip jie, prad\u0117j\u0119 nuo nulio, pra\u0117jus ma\u017eiau nei de\u0161im\u010diai met\u0173 pasitrauk\u0117 i\u0161 verslo b\u016bdami finansi\u0161kai","robots":{"index":"index","follow":"follow","max-snippet":"max-snippet:-1","max-image-preview":"max-image-preview:large","max-video-preview":"max-video-preview:-1"},"canonical":"https:\/\/skaitytaknyga.lt\/en\/produktas\/iseik-i-pensija-jaunas-iseik-i-pensija-turtingas\/","og_locale":"en_GB","og_type":"article","og_title":"[:lt]I\u0161eik \u012f pensij\u0105 jaunas, i\u0161eik \u012f pensij\u0105 turtingas[:] - Skaitytaknyga","og_description":"\u0160i knyga \u2013 tai autori\u0173 istorija apie tai, kaip jie, prad\u0117j\u0119 nuo nulio, pra\u0117jus ma\u017eiau nei de\u0161im\u010diai met\u0173 pasitrauk\u0117 i\u0161 verslo b\u016bdami finansi\u0161kai","og_url":"https:\/\/skaitytaknyga.lt\/en\/produktas\/iseik-i-pensija-jaunas-iseik-i-pensija-turtingas\/","og_site_name":"Skaitytaknyga","article_publisher":"https:\/\/www.facebook.com\/skaitytaknyga\/","article_modified_time":"2025-10-06T10:27:31+00:00","og_image":[{"width":300,"height":449,"url":"https:\/\/skaitytaknyga.lt\/wp-content\/uploads\/2025\/09\/Iseik-i-pensija-jaunas-iseik-i-pensija-turtingas-1.webp","type":"image\/webp"}],"twitter_card":"summary_large_image","twitter_misc":{"Estimated reading time":"1 minute"},"schema":{"@context":"https:\/\/schema.org","@graph":[{"@type":"WebPage","@id":"https:\/\/skaitytaknyga.lt\/produktas\/iseik-i-pensija-jaunas-iseik-i-pensija-turtingas\/","url":"https:\/\/skaitytaknyga.lt\/produktas\/iseik-i-pensija-jaunas-iseik-i-pensija-turtingas\/","name":"I\u0161eik \u012f pensij\u0105 jaunas, i\u0161eik \u012f pensij\u0105 turtingas","isPartOf":{"@id":"https:\/\/skaitytaknyga.lt\/#website"},"primaryImageOfPage":{"@id":"https:\/\/skaitytaknyga.lt\/produktas\/iseik-i-pensija-jaunas-iseik-i-pensija-turtingas\/#primaryimage"},"image":{"@id":"https:\/\/skaitytaknyga.lt\/produktas\/iseik-i-pensija-jaunas-iseik-i-pensija-turtingas\/#primaryimage"},"thumbnailUrl":"https:\/\/skaitytaknyga.lt\/wp-content\/uploads\/2025\/09\/Iseik-i-pensija-jaunas-iseik-i-pensija-turtingas-1.webp","datePublished":"2025-09-03T10:50:53+00:00","dateModified":"2025-10-06T10:27:31+00:00","description":"\u0160i knyga \u2013 tai autori\u0173 istorija apie tai, kaip jie, prad\u0117j\u0119 nuo nulio, pra\u0117jus ma\u017eiau nei de\u0161im\u010diai met\u0173 pasitrauk\u0117 i\u0161 verslo b\u016bdami finansi\u0161kai","breadcrumb":{"@id":"https:\/\/skaitytaknyga.lt\/produktas\/iseik-i-pensija-jaunas-iseik-i-pensija-turtingas\/#breadcrumb"},"inLanguage":"en-GB","potentialAction":[{"@type":"ReadAction","target":["https:\/\/skaitytaknyga.lt\/produktas\/iseik-i-pensija-jaunas-iseik-i-pensija-turtingas\/"]}]},{"@type":"ImageObject","inLanguage":"en-GB","@id":"https:\/\/skaitytaknyga.lt\/produktas\/iseik-i-pensija-jaunas-iseik-i-pensija-turtingas\/#primaryimage","url":"https:\/\/skaitytaknyga.lt\/wp-content\/uploads\/2025\/09\/Iseik-i-pensija-jaunas-iseik-i-pensija-turtingas-1.webp","contentUrl":"https:\/\/skaitytaknyga.lt\/wp-content\/uploads\/2025\/09\/Iseik-i-pensija-jaunas-iseik-i-pensija-turtingas-1.webp","width":300,"height":449},{"@type":"BreadcrumbList","@id":"https:\/\/skaitytaknyga.lt\/produktas\/iseik-i-pensija-jaunas-iseik-i-pensija-turtingas\/#breadcrumb","itemListElement":[{"@type":"ListItem","position":1,"name":"Home","item":"https:\/\/skaitytaknyga.lt\/"},{"@type":"ListItem","position":2,"name":"Parduotuv\u0117","item":"https:\/\/skaitytaknyga.lt\/knygu-parduotuve\/"},{"@type":"ListItem","position":3,"name":"I\u0161eik \u012f pensij\u0105 jaunas, i\u0161eik \u012f pensij\u0105 turtingas"}]},{"@type":"WebSite","@id":"https:\/\/skaitytaknyga.lt\/#website","url":"https:\/\/skaitytaknyga.lt\/","name":"skaitytaknyga.lt","description":"Skaitytaknyga.lt \u2013 tai ma\u017eas \u0161eimos verslas, kuris prasid\u0117jo nuo meil\u0117s knygoms ir siekio i\u0161gelb\u0117ti knygas nuo likimo prie konteinerio. Kas vienam nereikalingas daiktas \u2013 kitam lobis, o mes esame tarpininkai, kurie padeda abiems tapti laimingesniems ???? \u017dinome kaip nelengva i\u0161gyventi ma\u017eiems verslams, tad nuo \u0161iol, \u010dia rasite ir kit\u0173, ma\u017e\u0173 \u0161eim\u0173 versl\u0173, rank\u0173 darbo, dovan\u0173 sau ir artimiesiems.","publisher":{"@id":"https:\/\/skaitytaknyga.lt\/#organization"},"potentialAction":[{"@type":"SearchAction","target":{"@type":"EntryPoint","urlTemplate":"https:\/\/skaitytaknyga.lt\/?s={search_term_string}"},"query-input":{"@type":"PropertyValueSpecification","valueRequired":true,"valueName":"search_term_string"}}],"inLanguage":"en-GB"},{"@type":"Organization","@id":"https:\/\/skaitytaknyga.lt\/#organization","name":"skaitytaknyga.lt","url":"https:\/\/skaitytaknyga.lt\/","logo":{"@type":"ImageObject","inLanguage":"en-GB","@id":"https:\/\/skaitytaknyga.lt\/#\/schema\/logo\/image\/","url":"https:\/\/skaitytaknyga.lt\/wp-content\/uploads\/2024\/05\/cropped-cropped-cropped-02_00843_jt3bggkj1j3HLc7SyY6rEUpg.jpeg","contentUrl":"https:\/\/skaitytaknyga.lt\/wp-content\/uploads\/2024\/05\/cropped-cropped-cropped-02_00843_jt3bggkj1j3HLc7SyY6rEUpg.jpeg","width":1600,"height":1600,"caption":"skaitytaknyga.lt"},"image":{"@id":"https:\/\/skaitytaknyga.lt\/#\/schema\/logo\/image\/"},"sameAs":["https:\/\/www.facebook.com\/skaitytaknyga\/"]}]}},"_links":{"self":[{"href":"https:\/\/skaitytaknyga.lt\/en\/wp-json\/wp\/v2\/product\/20648","targetHints":{"allow":["GET"]}}],"collection":[{"href":"https:\/\/skaitytaknyga.lt\/en\/wp-json\/wp\/v2\/product"}],"about":[{"href":"https:\/\/skaitytaknyga.lt\/en\/wp-json\/wp\/v2\/types\/product"}],"replies":[{"embeddable":true,"href":"https:\/\/skaitytaknyga.lt\/en\/wp-json\/wp\/v2\/comments?post=20648"}],"wp:featuredmedia":[{"embeddable":true,"href":"https:\/\/skaitytaknyga.lt\/en\/wp-json\/wp\/v2\/media\/20649"}],"wp:attachment":[{"href":"https:\/\/skaitytaknyga.lt\/en\/wp-json\/wp\/v2\/media?parent=20648"}],"wp:term":[{"taxonomy":"product_brand","embeddable":true,"href":"https:\/\/skaitytaknyga.lt\/en\/wp-json\/wp\/v2\/product_brand?post=20648"},{"taxonomy":"product_cat","embeddable":true,"href":"https:\/\/skaitytaknyga.lt\/en\/wp-json\/wp\/v2\/product_cat?post=20648"},{"taxonomy":"product_tag","embeddable":true,"href":"https:\/\/skaitytaknyga.lt\/en\/wp-json\/wp\/v2\/product_tag?post=20648"}],"curies":[{"name":"wp","href":"https:\/\/api.w.org\/{rel}","templated":true}]}}