{"id":20637,"date":"2025-09-01T18:28:47","date_gmt":"2025-09-01T15:28:47","guid":{"rendered":"https:\/\/skaitytaknyga.lt\/?post_type=product&#038;p=20637"},"modified":"2025-09-06T11:22:22","modified_gmt":"2025-09-06T08:22:22","slug":"maginio-mastymo-metai","status":"publish","type":"product","link":"https:\/\/skaitytaknyga.lt\/en\/produktas\/maginio-mastymo-metai\/","title":{"rendered":"Maginio m\u0105stymo metai"},"content":{"rendered":"<p>Gyvenimas pasikei\u010dia greitai.<br \/>\nGyvenimas pasikei\u010dia per akimirk\u0105.<br \/>\nS\u0117diesi vakarien\u0117s, ir gyvenimas, kok\u012f tu j\u012f pa\u017e\u012fsti, pasibaigia.<\/p>\n<p>2003-iaisiais, per Kal\u0117das, Joan Didion su vyru Johnu Gregory Dunne&#8217;u su\u017eino, kad j\u0173 vienturt\u0119 dukr\u0105 Quintan\u0105 po plau\u010di\u0173 u\u017edegimo i\u0161tiko sepsinis \u0161okas ir dabar ji prijungta prie gyvyb\u0119 palaikan\u010di\u0173 aparat\u0173. Po keli\u0173 dien\u0173 \u2013 Nauj\u0173j\u0173 Met\u0173 i\u0161vakar\u0117se \u2013 Johnas staiga mir\u0161ta nuo \u0161irdies sm\u016bgio.<\/p>\n<p>\u201eMaginio m\u0105stymo metai\u201c \u2013 tai J. Didion bandymas suvokti pirmuosius metus po staigios netekties, \u201esavaites, paskui m\u0117nesius, sugriovusius bet kokius i\u0161ankstinius \u012fsitikinimus apie mirt\u012f, lig\u0105, tikimyb\u0119 ir s\u0117km\u0119, apie laim\u0119 ir nelaim\u0119, santuok\u0105, vaikus ir atmint\u012f, apie sielvart\u0105 ir tai, kaip \u017emon\u0117s susitaiko arba nesusitaiko su tuo, jog gyvenimas baigiasi&#8230;\u201c Atsiminimai stulbina nuo\u0161irdumu, atskleid\u017eia asmeni\u0161k\u0105, ta\u010diau sykiu universali\u0105 bendro gyvenimo ir netekties patirt\u012f.<\/p>\n","protected":false},"excerpt":{"rendered":"<p>Gyvenimas pasikei\u010dia greitai. Gyvenimas pasikei\u010dia per akimirk\u0105. S\u0117diesi vakarien\u0117s, ir gyvenimas, kok\u012f tu j\u012f pa\u017e\u012fsti, pasibaigia. 2003-iaisiais, per Kal\u0117das, Joan Didion su vyru Johnu Gregory Dunne&#8217;u su\u017eino, kad j\u0173 vienturt\u0119 dukr\u0105 Quintan\u0105 po plau\u010di\u0173 u\u017edegimo i\u0161tiko sepsinis \u0161okas ir dabar ji prijungta prie gyvyb\u0119 palaikan\u010di\u0173 aparat\u0173. Po keli\u0173 dien\u0173 \u2013 Nauj\u0173j\u0173 Met\u0173 i\u0161vakar\u0117se \u2013 Johnas staiga mir\u0161ta nuo \u0161irdies sm\u016bgio. \u201eMaginio m\u0105stymo metai\u201c \u2013 tai J. Didion bandymas suvokti pirmuosius metus po staigios netekties, \u201esavaites, paskui m\u0117nesius, sugriovusius bet kokius i\u0161ankstinius \u012fsitikinimus apie mirt\u012f, lig\u0105, tikimyb\u0119 ir s\u0117km\u0119, apie laim\u0119 ir nelaim\u0119, santuok\u0105, vaikus ir atmint\u012f, apie sielvart\u0105 ir tai, kaip \u017emon\u0117s susitaiko arba nesusitaiko su tuo, jog gyvenimas baigiasi&#8230;\u201c Atsiminimai stulbina nuo\u0161irdumu, atskleid\u017eia asmeni\u0161k\u0105, ta\u010diau sykiu universali\u0105 bendro gyvenimo ir netekties patirt\u012f.<\/p>\n","protected":false},"featured_media":20645,"comment_status":"open","ping_status":"closed","template":"","meta":{"_acf_changed":false,"site-sidebar-layout":"default","site-content-layout":"","ast-site-content-layout":"default","site-content-style":"default","site-sidebar-style":"default","ast-global-header-display":"","ast-banner-title-visibility":"","ast-main-header-display":"","ast-hfb-above-header-display":"","ast-hfb-below-header-display":"","ast-hfb-mobile-header-display":"","site-post-title":"","ast-breadcrumbs-content":"","ast-featured-img":"","footer-sml-layout":"","ast-disable-related-posts":"","theme-transparent-header-meta":"","adv-header-id-meta":"","stick-header-meta":"","header-above-stick-meta":"","header-main-stick-meta":"","header-below-stick-meta":"","astra-migrate-meta-layouts":"default","ast-page-background-enabled":"default","ast-page-background-meta":{"desktop":{"background-color":"","background-image":"","background-repeat":"repeat","background-position":"center center","background-size":"auto","background-attachment":"scroll","background-type":"","background-media":"","overlay-type":"","overlay-color":"","overlay-opacity":"","overlay-gradient":""},"tablet":{"background-color":"","background-image":"","background-repeat":"repeat","background-position":"center center","background-size":"auto","background-attachment":"scroll","background-type":"","background-media":"","overlay-type":"","overlay-color":"","overlay-opacity":"","overlay-gradient":""},"mobile":{"background-color":"","background-image":"","background-repeat":"repeat","background-position":"center center","background-size":"auto","background-attachment":"scroll","background-type":"","background-media":"","overlay-type":"","overlay-color":"","overlay-opacity":"","overlay-gradient":""}},"ast-content-background-meta":{"desktop":{"background-color":"var(--ast-global-color-4)","background-image":"","background-repeat":"repeat","background-position":"center center","background-size":"auto","background-attachment":"scroll","background-type":"","background-media":"","overlay-type":"","overlay-color":"","overlay-opacity":"","overlay-gradient":""},"tablet":{"background-color":"var(--ast-global-color-4)","background-image":"","background-repeat":"repeat","background-position":"center center","background-size":"auto","background-attachment":"scroll","background-type":"","background-media":"","overlay-type":"","overlay-color":"","overlay-opacity":"","overlay-gradient":""},"mobile":{"background-color":"var(--ast-global-color-4)","background-image":"","background-repeat":"repeat","background-position":"center center","background-size":"auto","background-attachment":"scroll","background-type":"","background-media":"","overlay-type":"","overlay-color":"","overlay-opacity":"","overlay-gradient":""}}},"product_brand":[],"product_cat":[31],"product_tag":[1349,7706,7705,2736,7160],"class_list":{"0":"post-20637","1":"product","2":"type-product","3":"status-publish","4":"has-post-thumbnail","6":"product_cat-grozine-literatura","7":"product_tag-atsiminimai","8":"product_tag-gyvenimo-refleksija","9":"product_tag-joan-didion","10":"product_tag-netektis","11":"product_tag-sielvartas","12":"desktop-align-left","13":"tablet-align-left","14":"mobile-align-left","16":"first","17":"instock","18":"shipping-taxable","19":"purchasable","20":"product-type-simple"},"acf":[],"yoast_head":"<!-- This site is optimized with the Yoast SEO plugin v27.0 - https:\/\/yoast.com\/product\/yoast-seo-wordpress\/ -->\n<title>Maginio m\u0105stymo metai<\/title>\n<meta name=\"description\" content=\"Gyvenimas pasikei\u010dia greitai. Gyvenimas pasikei\u010dia per akimirk\u0105. S\u0117diesi vakarien\u0117s, ir gyvenimas, kok\u012f tu j\u012f pa\u017e\u012fsti, pasibaigia. 2003-iaisiais, per\" \/>\n<meta name=\"robots\" content=\"index, follow, max-snippet:-1, max-image-preview:large, max-video-preview:-1\" \/>\n<link rel=\"canonical\" href=\"https:\/\/skaitytaknyga.lt\/en\/produktas\/maginio-mastymo-metai\/\" \/>\n<meta property=\"og:locale\" content=\"en_GB\" \/>\n<meta property=\"og:locale:alternate\" content=\"lt_LT\" \/>\n<meta property=\"og:type\" content=\"article\" \/>\n<meta property=\"og:title\" content=\"Maginio m\u0105stymo metai\" \/>\n<meta property=\"og:description\" content=\"Gyvenimas pasikei\u010dia greitai. Gyvenimas pasikei\u010dia per akimirk\u0105. S\u0117diesi vakarien\u0117s, ir gyvenimas, kok\u012f tu j\u012f pa\u017e\u012fsti, pasibaigia. 2003-iaisiais, per\" \/>\n<meta property=\"og:url\" content=\"https:\/\/skaitytaknyga.lt\/en\/produktas\/maginio-mastymo-metai\/\" \/>\n<meta property=\"og:site_name\" content=\"Skaitytaknyga\" \/>\n<meta property=\"article:publisher\" content=\"https:\/\/www.facebook.com\/skaitytaknyga\/\" \/>\n<meta property=\"article:modified_time\" content=\"2025-09-06T08:22:22+00:00\" \/>\n<meta property=\"og:image\" content=\"https:\/\/skaitytaknyga.lt\/wp-content\/uploads\/2025\/09\/Maginio-mastymo-metai-1.webp\" \/>\n\t<meta property=\"og:image:width\" content=\"300\" \/>\n\t<meta property=\"og:image:height\" content=\"451\" \/>\n\t<meta property=\"og:image:type\" content=\"image\/webp\" \/>\n<meta name=\"twitter:card\" content=\"summary_large_image\" \/>\n<meta name=\"twitter:label1\" content=\"Estimated reading time\" \/>\n\t<meta name=\"twitter:data1\" content=\"1 minute\" \/>\n<script type=\"application\/ld+json\" class=\"yoast-schema-graph\">{\"@context\":\"https:\/\/schema.org\",\"@graph\":[{\"@type\":\"WebPage\",\"@id\":\"https:\/\/skaitytaknyga.lt\/produktas\/maginio-mastymo-metai\/\",\"url\":\"https:\/\/skaitytaknyga.lt\/produktas\/maginio-mastymo-metai\/\",\"name\":\"Maginio m\u0105stymo metai\",\"isPartOf\":{\"@id\":\"https:\/\/skaitytaknyga.lt\/#website\"},\"primaryImageOfPage\":{\"@id\":\"https:\/\/skaitytaknyga.lt\/produktas\/maginio-mastymo-metai\/#primaryimage\"},\"image\":{\"@id\":\"https:\/\/skaitytaknyga.lt\/produktas\/maginio-mastymo-metai\/#primaryimage\"},\"thumbnailUrl\":\"https:\/\/skaitytaknyga.lt\/wp-content\/uploads\/2025\/09\/Maginio-mastymo-metai-1.webp\",\"datePublished\":\"2025-09-01T15:28:47+00:00\",\"dateModified\":\"2025-09-06T08:22:22+00:00\",\"description\":\"Gyvenimas pasikei\u010dia greitai. Gyvenimas pasikei\u010dia per akimirk\u0105. S\u0117diesi vakarien\u0117s, ir gyvenimas, kok\u012f tu j\u012f pa\u017e\u012fsti, pasibaigia. 2003-iaisiais, per\",\"breadcrumb\":{\"@id\":\"https:\/\/skaitytaknyga.lt\/produktas\/maginio-mastymo-metai\/#breadcrumb\"},\"inLanguage\":\"en-GB\",\"potentialAction\":[{\"@type\":\"ReadAction\",\"target\":[\"https:\/\/skaitytaknyga.lt\/produktas\/maginio-mastymo-metai\/\"]}]},{\"@type\":\"ImageObject\",\"inLanguage\":\"en-GB\",\"@id\":\"https:\/\/skaitytaknyga.lt\/produktas\/maginio-mastymo-metai\/#primaryimage\",\"url\":\"https:\/\/skaitytaknyga.lt\/wp-content\/uploads\/2025\/09\/Maginio-mastymo-metai-1.webp\",\"contentUrl\":\"https:\/\/skaitytaknyga.lt\/wp-content\/uploads\/2025\/09\/Maginio-mastymo-metai-1.webp\",\"width\":300,\"height\":451,\"caption\":\"Maginio m\u0105stymo metai\"},{\"@type\":\"BreadcrumbList\",\"@id\":\"https:\/\/skaitytaknyga.lt\/produktas\/maginio-mastymo-metai\/#breadcrumb\",\"itemListElement\":[{\"@type\":\"ListItem\",\"position\":1,\"name\":\"Home\",\"item\":\"https:\/\/skaitytaknyga.lt\/\"},{\"@type\":\"ListItem\",\"position\":2,\"name\":\"Parduotuv\u0117\",\"item\":\"https:\/\/skaitytaknyga.lt\/knygu-parduotuve\/\"},{\"@type\":\"ListItem\",\"position\":3,\"name\":\"Maginio m\u0105stymo metai\"}]},{\"@type\":\"WebSite\",\"@id\":\"https:\/\/skaitytaknyga.lt\/#website\",\"url\":\"https:\/\/skaitytaknyga.lt\/\",\"name\":\"skaitytaknyga.lt\",\"description\":\"Skaitytaknyga.lt \u2013 tai ma\u017eas \u0161eimos verslas, kuris prasid\u0117jo nuo meil\u0117s knygoms ir siekio i\u0161gelb\u0117ti knygas nuo likimo prie konteinerio. Kas vienam nereikalingas daiktas \u2013 kitam lobis, o mes esame tarpininkai, kurie padeda abiems tapti laimingesniems ???? \u017dinome kaip nelengva i\u0161gyventi ma\u017eiems verslams, tad nuo \u0161iol, \u010dia rasite ir kit\u0173, ma\u017e\u0173 \u0161eim\u0173 versl\u0173, rank\u0173 darbo, dovan\u0173 sau ir artimiesiems.\",\"publisher\":{\"@id\":\"https:\/\/skaitytaknyga.lt\/#organization\"},\"potentialAction\":[{\"@type\":\"SearchAction\",\"target\":{\"@type\":\"EntryPoint\",\"urlTemplate\":\"https:\/\/skaitytaknyga.lt\/?s={search_term_string}\"},\"query-input\":{\"@type\":\"PropertyValueSpecification\",\"valueRequired\":true,\"valueName\":\"search_term_string\"}}],\"inLanguage\":\"en-GB\"},{\"@type\":\"Organization\",\"@id\":\"https:\/\/skaitytaknyga.lt\/#organization\",\"name\":\"skaitytaknyga.lt\",\"url\":\"https:\/\/skaitytaknyga.lt\/\",\"logo\":{\"@type\":\"ImageObject\",\"inLanguage\":\"en-GB\",\"@id\":\"https:\/\/skaitytaknyga.lt\/#\/schema\/logo\/image\/\",\"url\":\"https:\/\/skaitytaknyga.lt\/wp-content\/uploads\/2024\/05\/cropped-cropped-cropped-02_00843_jt3bggkj1j3HLc7SyY6rEUpg.jpeg\",\"contentUrl\":\"https:\/\/skaitytaknyga.lt\/wp-content\/uploads\/2024\/05\/cropped-cropped-cropped-02_00843_jt3bggkj1j3HLc7SyY6rEUpg.jpeg\",\"width\":1600,\"height\":1600,\"caption\":\"skaitytaknyga.lt\"},\"image\":{\"@id\":\"https:\/\/skaitytaknyga.lt\/#\/schema\/logo\/image\/\"},\"sameAs\":[\"https:\/\/www.facebook.com\/skaitytaknyga\/\"]}]}<\/script>\n<!-- \/ Yoast SEO plugin. -->","yoast_head_json":{"title":"Maginio m\u0105stymo metai","description":"Gyvenimas pasikei\u010dia greitai. Gyvenimas pasikei\u010dia per akimirk\u0105. S\u0117diesi vakarien\u0117s, ir gyvenimas, kok\u012f tu j\u012f pa\u017e\u012fsti, pasibaigia. 2003-iaisiais, per","robots":{"index":"index","follow":"follow","max-snippet":"max-snippet:-1","max-image-preview":"max-image-preview:large","max-video-preview":"max-video-preview:-1"},"canonical":"https:\/\/skaitytaknyga.lt\/en\/produktas\/maginio-mastymo-metai\/","og_locale":"en_GB","og_type":"article","og_title":"[:lt]Maginio m\u0105stymo metai[:] - Skaitytaknyga","og_description":"Gyvenimas pasikei\u010dia greitai. Gyvenimas pasikei\u010dia per akimirk\u0105. S\u0117diesi vakarien\u0117s, ir gyvenimas, kok\u012f tu j\u012f pa\u017e\u012fsti, pasibaigia. 2003-iaisiais, per","og_url":"https:\/\/skaitytaknyga.lt\/en\/produktas\/maginio-mastymo-metai\/","og_site_name":"Skaitytaknyga","article_publisher":"https:\/\/www.facebook.com\/skaitytaknyga\/","article_modified_time":"2025-09-06T08:22:22+00:00","og_image":[{"width":300,"height":451,"url":"https:\/\/skaitytaknyga.lt\/wp-content\/uploads\/2025\/09\/Maginio-mastymo-metai-1.webp","type":"image\/webp"}],"twitter_card":"summary_large_image","twitter_misc":{"Estimated reading time":"1 minute"},"schema":{"@context":"https:\/\/schema.org","@graph":[{"@type":"WebPage","@id":"https:\/\/skaitytaknyga.lt\/produktas\/maginio-mastymo-metai\/","url":"https:\/\/skaitytaknyga.lt\/produktas\/maginio-mastymo-metai\/","name":"Maginio m\u0105stymo metai","isPartOf":{"@id":"https:\/\/skaitytaknyga.lt\/#website"},"primaryImageOfPage":{"@id":"https:\/\/skaitytaknyga.lt\/produktas\/maginio-mastymo-metai\/#primaryimage"},"image":{"@id":"https:\/\/skaitytaknyga.lt\/produktas\/maginio-mastymo-metai\/#primaryimage"},"thumbnailUrl":"https:\/\/skaitytaknyga.lt\/wp-content\/uploads\/2025\/09\/Maginio-mastymo-metai-1.webp","datePublished":"2025-09-01T15:28:47+00:00","dateModified":"2025-09-06T08:22:22+00:00","description":"Gyvenimas pasikei\u010dia greitai. Gyvenimas pasikei\u010dia per akimirk\u0105. S\u0117diesi vakarien\u0117s, ir gyvenimas, kok\u012f tu j\u012f pa\u017e\u012fsti, pasibaigia. 2003-iaisiais, per","breadcrumb":{"@id":"https:\/\/skaitytaknyga.lt\/produktas\/maginio-mastymo-metai\/#breadcrumb"},"inLanguage":"en-GB","potentialAction":[{"@type":"ReadAction","target":["https:\/\/skaitytaknyga.lt\/produktas\/maginio-mastymo-metai\/"]}]},{"@type":"ImageObject","inLanguage":"en-GB","@id":"https:\/\/skaitytaknyga.lt\/produktas\/maginio-mastymo-metai\/#primaryimage","url":"https:\/\/skaitytaknyga.lt\/wp-content\/uploads\/2025\/09\/Maginio-mastymo-metai-1.webp","contentUrl":"https:\/\/skaitytaknyga.lt\/wp-content\/uploads\/2025\/09\/Maginio-mastymo-metai-1.webp","width":300,"height":451,"caption":"Maginio m\u0105stymo metai"},{"@type":"BreadcrumbList","@id":"https:\/\/skaitytaknyga.lt\/produktas\/maginio-mastymo-metai\/#breadcrumb","itemListElement":[{"@type":"ListItem","position":1,"name":"Home","item":"https:\/\/skaitytaknyga.lt\/"},{"@type":"ListItem","position":2,"name":"Parduotuv\u0117","item":"https:\/\/skaitytaknyga.lt\/knygu-parduotuve\/"},{"@type":"ListItem","position":3,"name":"Maginio m\u0105stymo metai"}]},{"@type":"WebSite","@id":"https:\/\/skaitytaknyga.lt\/#website","url":"https:\/\/skaitytaknyga.lt\/","name":"skaitytaknyga.lt","description":"Skaitytaknyga.lt \u2013 tai ma\u017eas \u0161eimos verslas, kuris prasid\u0117jo nuo meil\u0117s knygoms ir siekio i\u0161gelb\u0117ti knygas nuo likimo prie konteinerio. Kas vienam nereikalingas daiktas \u2013 kitam lobis, o mes esame tarpininkai, kurie padeda abiems tapti laimingesniems ???? \u017dinome kaip nelengva i\u0161gyventi ma\u017eiems verslams, tad nuo \u0161iol, \u010dia rasite ir kit\u0173, ma\u017e\u0173 \u0161eim\u0173 versl\u0173, rank\u0173 darbo, dovan\u0173 sau ir artimiesiems.","publisher":{"@id":"https:\/\/skaitytaknyga.lt\/#organization"},"potentialAction":[{"@type":"SearchAction","target":{"@type":"EntryPoint","urlTemplate":"https:\/\/skaitytaknyga.lt\/?s={search_term_string}"},"query-input":{"@type":"PropertyValueSpecification","valueRequired":true,"valueName":"search_term_string"}}],"inLanguage":"en-GB"},{"@type":"Organization","@id":"https:\/\/skaitytaknyga.lt\/#organization","name":"skaitytaknyga.lt","url":"https:\/\/skaitytaknyga.lt\/","logo":{"@type":"ImageObject","inLanguage":"en-GB","@id":"https:\/\/skaitytaknyga.lt\/#\/schema\/logo\/image\/","url":"https:\/\/skaitytaknyga.lt\/wp-content\/uploads\/2024\/05\/cropped-cropped-cropped-02_00843_jt3bggkj1j3HLc7SyY6rEUpg.jpeg","contentUrl":"https:\/\/skaitytaknyga.lt\/wp-content\/uploads\/2024\/05\/cropped-cropped-cropped-02_00843_jt3bggkj1j3HLc7SyY6rEUpg.jpeg","width":1600,"height":1600,"caption":"skaitytaknyga.lt"},"image":{"@id":"https:\/\/skaitytaknyga.lt\/#\/schema\/logo\/image\/"},"sameAs":["https:\/\/www.facebook.com\/skaitytaknyga\/"]}]}},"_links":{"self":[{"href":"https:\/\/skaitytaknyga.lt\/en\/wp-json\/wp\/v2\/product\/20637","targetHints":{"allow":["GET"]}}],"collection":[{"href":"https:\/\/skaitytaknyga.lt\/en\/wp-json\/wp\/v2\/product"}],"about":[{"href":"https:\/\/skaitytaknyga.lt\/en\/wp-json\/wp\/v2\/types\/product"}],"replies":[{"embeddable":true,"href":"https:\/\/skaitytaknyga.lt\/en\/wp-json\/wp\/v2\/comments?post=20637"}],"wp:featuredmedia":[{"embeddable":true,"href":"https:\/\/skaitytaknyga.lt\/en\/wp-json\/wp\/v2\/media\/20645"}],"wp:attachment":[{"href":"https:\/\/skaitytaknyga.lt\/en\/wp-json\/wp\/v2\/media?parent=20637"}],"wp:term":[{"taxonomy":"product_brand","embeddable":true,"href":"https:\/\/skaitytaknyga.lt\/en\/wp-json\/wp\/v2\/product_brand?post=20637"},{"taxonomy":"product_cat","embeddable":true,"href":"https:\/\/skaitytaknyga.lt\/en\/wp-json\/wp\/v2\/product_cat?post=20637"},{"taxonomy":"product_tag","embeddable":true,"href":"https:\/\/skaitytaknyga.lt\/en\/wp-json\/wp\/v2\/product_tag?post=20637"}],"curies":[{"name":"wp","href":"https:\/\/api.w.org\/{rel}","templated":true}]}}