{"id":20636,"date":"2025-09-01T18:28:46","date_gmt":"2025-09-01T15:28:46","guid":{"rendered":"https:\/\/skaitytaknyga.lt\/?post_type=product&#038;p=20636"},"modified":"2025-09-27T18:59:33","modified_gmt":"2025-09-27T15:59:33","slug":"vilniaus-gedimino-technikos-universiteto-raida-1956-2006","status":"publish","type":"product","link":"https:\/\/skaitytaknyga.lt\/en\/produktas\/vilniaus-gedimino-technikos-universiteto-raida-1956-2006\/","title":{"rendered":"Vilniaus Gedimino technikos universiteto raida 1956-2006"},"content":{"rendered":"<p>Monografija skirta Vilniaus auk\u0161tosios technikos mokyklos 50-me\u010diui pa\u017eym\u0117ti. Prad\u0117jusi veikl\u0105 kaip Kauno politechnikos instituto Vakarinio fakulteto Vilniaus skyrius, v\u0117liau ji tapo KPI Vilniaus vakariniu fakultetu, KPI Vilniaus filialu, Vilniaus in\u017eineriniu statybos institutu, Vilniaus technikos universitetu ir pagaliau 1996 m. &#8211; Vilniaus Gedimino technikos universitetu. Monografijoje ap\u00ad\u017evelgiami svarbiausi VGTU raidos momentai, analizuojami mokyklos strukt\u016bros, studij\u0173 ir mokslo tiriam\u0173j\u0173 darb\u0173 organizavimo poky\u010diai, pedagoginio ir mokslinio personalo kvalifikacijos k\u0117limo, absolvent\u0173 perspektyv\u0173 ir kiti klausimai. Monografija skirta akademinei visuomenei, mokslotyros ir kitiems tikslams.<\/p>\n","protected":false},"excerpt":{"rendered":"<p>Monografija skirta Vilniaus auk\u0161tosios technikos mokyklos 50-me\u010diui pa\u017eym\u0117ti. Prad\u0117jusi veikl\u0105 kaip Kauno politechnikos instituto Vakarinio fakulteto Vilniaus skyrius, v\u0117liau ji tapo KPI Vilniaus vakariniu fakultetu, KPI Vilniaus filialu, Vilniaus in\u017eineriniu statybos institutu, Vilniaus technikos universitetu ir pagaliau 1996 m. &#8211; Vilniaus Gedimino technikos universitetu. Monografijoje ap\u00ad\u017evelgiami svarbiausi VGTU raidos momentai, analizuojami mokyklos strukt\u016bros, studij\u0173 ir mokslo tiriam\u0173j\u0173 darb\u0173 organizavimo poky\u010diai, pedagoginio ir mokslinio personalo kvalifikacijos k\u0117limo, absolvent\u0173 perspektyv\u0173 ir kiti klausimai. Monografija skirta akademinei visuomenei, mokslotyros ir kitiems tikslams.<\/p>\n","protected":false},"featured_media":20641,"comment_status":"open","ping_status":"closed","template":"","meta":{"_acf_changed":false,"site-sidebar-layout":"default","site-content-layout":"","ast-site-content-layout":"default","site-content-style":"default","site-sidebar-style":"default","ast-global-header-display":"","ast-banner-title-visibility":"","ast-main-header-display":"","ast-hfb-above-header-display":"","ast-hfb-below-header-display":"","ast-hfb-mobile-header-display":"","site-post-title":"","ast-breadcrumbs-content":"","ast-featured-img":"","footer-sml-layout":"","ast-disable-related-posts":"","theme-transparent-header-meta":"","adv-header-id-meta":"","stick-header-meta":"","header-above-stick-meta":"","header-main-stick-meta":"","header-below-stick-meta":"","astra-migrate-meta-layouts":"default","ast-page-background-enabled":"default","ast-page-background-meta":{"desktop":{"background-color":"","background-image":"","background-repeat":"repeat","background-position":"center center","background-size":"auto","background-attachment":"scroll","background-type":"","background-media":"","overlay-type":"","overlay-color":"","overlay-opacity":"","overlay-gradient":""},"tablet":{"background-color":"","background-image":"","background-repeat":"repeat","background-position":"center center","background-size":"auto","background-attachment":"scroll","background-type":"","background-media":"","overlay-type":"","overlay-color":"","overlay-opacity":"","overlay-gradient":""},"mobile":{"background-color":"","background-image":"","background-repeat":"repeat","background-position":"center center","background-size":"auto","background-attachment":"scroll","background-type":"","background-media":"","overlay-type":"","overlay-color":"","overlay-opacity":"","overlay-gradient":""}},"ast-content-background-meta":{"desktop":{"background-color":"var(--ast-global-color-4)","background-image":"","background-repeat":"repeat","background-position":"center center","background-size":"auto","background-attachment":"scroll","background-type":"","background-media":"","overlay-type":"","overlay-color":"","overlay-opacity":"","overlay-gradient":""},"tablet":{"background-color":"var(--ast-global-color-4)","background-image":"","background-repeat":"repeat","background-position":"center center","background-size":"auto","background-attachment":"scroll","background-type":"","background-media":"","overlay-type":"","overlay-color":"","overlay-opacity":"","overlay-gradient":""},"mobile":{"background-color":"var(--ast-global-color-4)","background-image":"","background-repeat":"repeat","background-position":"center center","background-size":"auto","background-attachment":"scroll","background-type":"","background-media":"","overlay-type":"","overlay-color":"","overlay-opacity":"","overlay-gradient":""}}},"product_brand":[],"product_cat":[174],"product_tag":[7704,2224,4477,4711,7703],"class_list":{"0":"post-20636","1":"product","2":"type-product","3":"status-publish","4":"has-post-thumbnail","6":"product_cat-istorija-ir-politologija","7":"product_tag-akademine-bendruomene","8":"product_tag-istorija","9":"product_tag-technika","10":"product_tag-universitetas","11":"product_tag-vilniaus-gedimino-technikos-universitetas","12":"desktop-align-left","13":"tablet-align-left","14":"mobile-align-left","16":"first","17":"instock","18":"shipping-taxable","19":"purchasable","20":"product-type-simple"},"acf":[],"yoast_head":"<!-- This site is optimized with the Yoast SEO plugin v27.0 - https:\/\/yoast.com\/product\/yoast-seo-wordpress\/ -->\n<title>Vilniaus Gedimino technikos universiteto raida 1956-2006<\/title>\n<meta name=\"description\" content=\"Monografija skirta Vilniaus auk\u0161tosios technikos mokyklos 50-me\u010diui pa\u017eym\u0117ti. Prad\u0117jusi veikl\u0105 kaip Kauno politechnikos instituto Vakarinio fakulteto\" \/>\n<meta name=\"robots\" content=\"index, follow, max-snippet:-1, max-image-preview:large, max-video-preview:-1\" \/>\n<link rel=\"canonical\" href=\"https:\/\/skaitytaknyga.lt\/en\/produktas\/vilniaus-gedimino-technikos-universiteto-raida-1956-2006\/\" \/>\n<meta property=\"og:locale\" content=\"en_GB\" \/>\n<meta property=\"og:locale:alternate\" content=\"lt_LT\" \/>\n<meta property=\"og:type\" content=\"article\" \/>\n<meta property=\"og:title\" content=\"Vilniaus Gedimino technikos universiteto raida 1956-2006\" \/>\n<meta property=\"og:description\" content=\"Monografija skirta Vilniaus auk\u0161tosios technikos mokyklos 50-me\u010diui pa\u017eym\u0117ti. Prad\u0117jusi veikl\u0105 kaip Kauno politechnikos instituto Vakarinio fakulteto\" \/>\n<meta property=\"og:url\" content=\"https:\/\/skaitytaknyga.lt\/en\/produktas\/vilniaus-gedimino-technikos-universiteto-raida-1956-2006\/\" \/>\n<meta property=\"og:site_name\" content=\"Skaitytaknyga\" \/>\n<meta property=\"article:publisher\" content=\"https:\/\/www.facebook.com\/skaitytaknyga\/\" \/>\n<meta property=\"article:modified_time\" content=\"2025-09-27T15:59:33+00:00\" \/>\n<meta property=\"og:image\" content=\"https:\/\/skaitytaknyga.lt\/wp-content\/uploads\/2025\/09\/Vilniaus-Gedimino-technikos-universiteto-raida-1956-2006-e1756741878199.webp\" \/>\n\t<meta property=\"og:image:width\" content=\"168\" \/>\n\t<meta property=\"og:image:height\" content=\"242\" \/>\n\t<meta property=\"og:image:type\" content=\"image\/webp\" \/>\n<meta name=\"twitter:card\" content=\"summary_large_image\" \/>\n<script type=\"application\/ld+json\" class=\"yoast-schema-graph\">{\"@context\":\"https:\/\/schema.org\",\"@graph\":[{\"@type\":\"WebPage\",\"@id\":\"https:\/\/skaitytaknyga.lt\/produktas\/vilniaus-gedimino-technikos-universiteto-raida-1956-2006\/\",\"url\":\"https:\/\/skaitytaknyga.lt\/produktas\/vilniaus-gedimino-technikos-universiteto-raida-1956-2006\/\",\"name\":\"Vilniaus Gedimino technikos universiteto raida 1956-2006\",\"isPartOf\":{\"@id\":\"https:\/\/skaitytaknyga.lt\/#website\"},\"primaryImageOfPage\":{\"@id\":\"https:\/\/skaitytaknyga.lt\/produktas\/vilniaus-gedimino-technikos-universiteto-raida-1956-2006\/#primaryimage\"},\"image\":{\"@id\":\"https:\/\/skaitytaknyga.lt\/produktas\/vilniaus-gedimino-technikos-universiteto-raida-1956-2006\/#primaryimage\"},\"thumbnailUrl\":\"https:\/\/skaitytaknyga.lt\/wp-content\/uploads\/2025\/09\/Vilniaus-Gedimino-technikos-universiteto-raida-1956-2006-e1756741878199.webp\",\"datePublished\":\"2025-09-01T15:28:46+00:00\",\"dateModified\":\"2025-09-27T15:59:33+00:00\",\"description\":\"Monografija skirta Vilniaus auk\u0161tosios technikos mokyklos 50-me\u010diui pa\u017eym\u0117ti. Prad\u0117jusi veikl\u0105 kaip Kauno politechnikos instituto Vakarinio fakulteto\",\"breadcrumb\":{\"@id\":\"https:\/\/skaitytaknyga.lt\/produktas\/vilniaus-gedimino-technikos-universiteto-raida-1956-2006\/#breadcrumb\"},\"inLanguage\":\"en-GB\",\"potentialAction\":[{\"@type\":\"ReadAction\",\"target\":[\"https:\/\/skaitytaknyga.lt\/produktas\/vilniaus-gedimino-technikos-universiteto-raida-1956-2006\/\"]}]},{\"@type\":\"ImageObject\",\"inLanguage\":\"en-GB\",\"@id\":\"https:\/\/skaitytaknyga.lt\/produktas\/vilniaus-gedimino-technikos-universiteto-raida-1956-2006\/#primaryimage\",\"url\":\"https:\/\/skaitytaknyga.lt\/wp-content\/uploads\/2025\/09\/Vilniaus-Gedimino-technikos-universiteto-raida-1956-2006-e1756741878199.webp\",\"contentUrl\":\"https:\/\/skaitytaknyga.lt\/wp-content\/uploads\/2025\/09\/Vilniaus-Gedimino-technikos-universiteto-raida-1956-2006-e1756741878199.webp\",\"width\":168,\"height\":242},{\"@type\":\"BreadcrumbList\",\"@id\":\"https:\/\/skaitytaknyga.lt\/produktas\/vilniaus-gedimino-technikos-universiteto-raida-1956-2006\/#breadcrumb\",\"itemListElement\":[{\"@type\":\"ListItem\",\"position\":1,\"name\":\"Home\",\"item\":\"https:\/\/skaitytaknyga.lt\/\"},{\"@type\":\"ListItem\",\"position\":2,\"name\":\"Parduotuv\u0117\",\"item\":\"https:\/\/skaitytaknyga.lt\/knygu-parduotuve\/\"},{\"@type\":\"ListItem\",\"position\":3,\"name\":\"Vilniaus Gedimino technikos universiteto raida 1956-2006\"}]},{\"@type\":\"WebSite\",\"@id\":\"https:\/\/skaitytaknyga.lt\/#website\",\"url\":\"https:\/\/skaitytaknyga.lt\/\",\"name\":\"skaitytaknyga.lt\",\"description\":\"Skaitytaknyga.lt \u2013 tai ma\u017eas \u0161eimos verslas, kuris prasid\u0117jo nuo meil\u0117s knygoms ir siekio i\u0161gelb\u0117ti knygas nuo likimo prie konteinerio. Kas vienam nereikalingas daiktas \u2013 kitam lobis, o mes esame tarpininkai, kurie padeda abiems tapti laimingesniems ???? \u017dinome kaip nelengva i\u0161gyventi ma\u017eiems verslams, tad nuo \u0161iol, \u010dia rasite ir kit\u0173, ma\u017e\u0173 \u0161eim\u0173 versl\u0173, rank\u0173 darbo, dovan\u0173 sau ir artimiesiems.\",\"publisher\":{\"@id\":\"https:\/\/skaitytaknyga.lt\/#organization\"},\"potentialAction\":[{\"@type\":\"SearchAction\",\"target\":{\"@type\":\"EntryPoint\",\"urlTemplate\":\"https:\/\/skaitytaknyga.lt\/?s={search_term_string}\"},\"query-input\":{\"@type\":\"PropertyValueSpecification\",\"valueRequired\":true,\"valueName\":\"search_term_string\"}}],\"inLanguage\":\"en-GB\"},{\"@type\":\"Organization\",\"@id\":\"https:\/\/skaitytaknyga.lt\/#organization\",\"name\":\"skaitytaknyga.lt\",\"url\":\"https:\/\/skaitytaknyga.lt\/\",\"logo\":{\"@type\":\"ImageObject\",\"inLanguage\":\"en-GB\",\"@id\":\"https:\/\/skaitytaknyga.lt\/#\/schema\/logo\/image\/\",\"url\":\"https:\/\/skaitytaknyga.lt\/wp-content\/uploads\/2024\/05\/cropped-cropped-cropped-02_00843_jt3bggkj1j3HLc7SyY6rEUpg.jpeg\",\"contentUrl\":\"https:\/\/skaitytaknyga.lt\/wp-content\/uploads\/2024\/05\/cropped-cropped-cropped-02_00843_jt3bggkj1j3HLc7SyY6rEUpg.jpeg\",\"width\":1600,\"height\":1600,\"caption\":\"skaitytaknyga.lt\"},\"image\":{\"@id\":\"https:\/\/skaitytaknyga.lt\/#\/schema\/logo\/image\/\"},\"sameAs\":[\"https:\/\/www.facebook.com\/skaitytaknyga\/\"]}]}<\/script>\n<!-- \/ Yoast SEO plugin. -->","yoast_head_json":{"title":"Vilniaus Gedimino technikos universiteto raida 1956-2006","description":"Monografija skirta Vilniaus auk\u0161tosios technikos mokyklos 50-me\u010diui pa\u017eym\u0117ti. Prad\u0117jusi veikl\u0105 kaip Kauno politechnikos instituto Vakarinio fakulteto","robots":{"index":"index","follow":"follow","max-snippet":"max-snippet:-1","max-image-preview":"max-image-preview:large","max-video-preview":"max-video-preview:-1"},"canonical":"https:\/\/skaitytaknyga.lt\/en\/produktas\/vilniaus-gedimino-technikos-universiteto-raida-1956-2006\/","og_locale":"en_GB","og_type":"article","og_title":"[:lt]Vilniaus Gedimino technikos universiteto raida 1956-2006[:] - Skaitytaknyga","og_description":"Monografija skirta Vilniaus auk\u0161tosios technikos mokyklos 50-me\u010diui pa\u017eym\u0117ti. Prad\u0117jusi veikl\u0105 kaip Kauno politechnikos instituto Vakarinio fakulteto","og_url":"https:\/\/skaitytaknyga.lt\/en\/produktas\/vilniaus-gedimino-technikos-universiteto-raida-1956-2006\/","og_site_name":"Skaitytaknyga","article_publisher":"https:\/\/www.facebook.com\/skaitytaknyga\/","article_modified_time":"2025-09-27T15:59:33+00:00","og_image":[{"width":168,"height":242,"url":"https:\/\/skaitytaknyga.lt\/wp-content\/uploads\/2025\/09\/Vilniaus-Gedimino-technikos-universiteto-raida-1956-2006-e1756741878199.webp","type":"image\/webp"}],"twitter_card":"summary_large_image","schema":{"@context":"https:\/\/schema.org","@graph":[{"@type":"WebPage","@id":"https:\/\/skaitytaknyga.lt\/produktas\/vilniaus-gedimino-technikos-universiteto-raida-1956-2006\/","url":"https:\/\/skaitytaknyga.lt\/produktas\/vilniaus-gedimino-technikos-universiteto-raida-1956-2006\/","name":"Vilniaus Gedimino technikos universiteto raida 1956-2006","isPartOf":{"@id":"https:\/\/skaitytaknyga.lt\/#website"},"primaryImageOfPage":{"@id":"https:\/\/skaitytaknyga.lt\/produktas\/vilniaus-gedimino-technikos-universiteto-raida-1956-2006\/#primaryimage"},"image":{"@id":"https:\/\/skaitytaknyga.lt\/produktas\/vilniaus-gedimino-technikos-universiteto-raida-1956-2006\/#primaryimage"},"thumbnailUrl":"https:\/\/skaitytaknyga.lt\/wp-content\/uploads\/2025\/09\/Vilniaus-Gedimino-technikos-universiteto-raida-1956-2006-e1756741878199.webp","datePublished":"2025-09-01T15:28:46+00:00","dateModified":"2025-09-27T15:59:33+00:00","description":"Monografija skirta Vilniaus auk\u0161tosios technikos mokyklos 50-me\u010diui pa\u017eym\u0117ti. Prad\u0117jusi veikl\u0105 kaip Kauno politechnikos instituto Vakarinio fakulteto","breadcrumb":{"@id":"https:\/\/skaitytaknyga.lt\/produktas\/vilniaus-gedimino-technikos-universiteto-raida-1956-2006\/#breadcrumb"},"inLanguage":"en-GB","potentialAction":[{"@type":"ReadAction","target":["https:\/\/skaitytaknyga.lt\/produktas\/vilniaus-gedimino-technikos-universiteto-raida-1956-2006\/"]}]},{"@type":"ImageObject","inLanguage":"en-GB","@id":"https:\/\/skaitytaknyga.lt\/produktas\/vilniaus-gedimino-technikos-universiteto-raida-1956-2006\/#primaryimage","url":"https:\/\/skaitytaknyga.lt\/wp-content\/uploads\/2025\/09\/Vilniaus-Gedimino-technikos-universiteto-raida-1956-2006-e1756741878199.webp","contentUrl":"https:\/\/skaitytaknyga.lt\/wp-content\/uploads\/2025\/09\/Vilniaus-Gedimino-technikos-universiteto-raida-1956-2006-e1756741878199.webp","width":168,"height":242},{"@type":"BreadcrumbList","@id":"https:\/\/skaitytaknyga.lt\/produktas\/vilniaus-gedimino-technikos-universiteto-raida-1956-2006\/#breadcrumb","itemListElement":[{"@type":"ListItem","position":1,"name":"Home","item":"https:\/\/skaitytaknyga.lt\/"},{"@type":"ListItem","position":2,"name":"Parduotuv\u0117","item":"https:\/\/skaitytaknyga.lt\/knygu-parduotuve\/"},{"@type":"ListItem","position":3,"name":"Vilniaus Gedimino technikos universiteto raida 1956-2006"}]},{"@type":"WebSite","@id":"https:\/\/skaitytaknyga.lt\/#website","url":"https:\/\/skaitytaknyga.lt\/","name":"skaitytaknyga.lt","description":"Skaitytaknyga.lt \u2013 tai ma\u017eas \u0161eimos verslas, kuris prasid\u0117jo nuo meil\u0117s knygoms ir siekio i\u0161gelb\u0117ti knygas nuo likimo prie konteinerio. Kas vienam nereikalingas daiktas \u2013 kitam lobis, o mes esame tarpininkai, kurie padeda abiems tapti laimingesniems ???? \u017dinome kaip nelengva i\u0161gyventi ma\u017eiems verslams, tad nuo \u0161iol, \u010dia rasite ir kit\u0173, ma\u017e\u0173 \u0161eim\u0173 versl\u0173, rank\u0173 darbo, dovan\u0173 sau ir artimiesiems.","publisher":{"@id":"https:\/\/skaitytaknyga.lt\/#organization"},"potentialAction":[{"@type":"SearchAction","target":{"@type":"EntryPoint","urlTemplate":"https:\/\/skaitytaknyga.lt\/?s={search_term_string}"},"query-input":{"@type":"PropertyValueSpecification","valueRequired":true,"valueName":"search_term_string"}}],"inLanguage":"en-GB"},{"@type":"Organization","@id":"https:\/\/skaitytaknyga.lt\/#organization","name":"skaitytaknyga.lt","url":"https:\/\/skaitytaknyga.lt\/","logo":{"@type":"ImageObject","inLanguage":"en-GB","@id":"https:\/\/skaitytaknyga.lt\/#\/schema\/logo\/image\/","url":"https:\/\/skaitytaknyga.lt\/wp-content\/uploads\/2024\/05\/cropped-cropped-cropped-02_00843_jt3bggkj1j3HLc7SyY6rEUpg.jpeg","contentUrl":"https:\/\/skaitytaknyga.lt\/wp-content\/uploads\/2024\/05\/cropped-cropped-cropped-02_00843_jt3bggkj1j3HLc7SyY6rEUpg.jpeg","width":1600,"height":1600,"caption":"skaitytaknyga.lt"},"image":{"@id":"https:\/\/skaitytaknyga.lt\/#\/schema\/logo\/image\/"},"sameAs":["https:\/\/www.facebook.com\/skaitytaknyga\/"]}]}},"_links":{"self":[{"href":"https:\/\/skaitytaknyga.lt\/en\/wp-json\/wp\/v2\/product\/20636","targetHints":{"allow":["GET"]}}],"collection":[{"href":"https:\/\/skaitytaknyga.lt\/en\/wp-json\/wp\/v2\/product"}],"about":[{"href":"https:\/\/skaitytaknyga.lt\/en\/wp-json\/wp\/v2\/types\/product"}],"replies":[{"embeddable":true,"href":"https:\/\/skaitytaknyga.lt\/en\/wp-json\/wp\/v2\/comments?post=20636"}],"wp:featuredmedia":[{"embeddable":true,"href":"https:\/\/skaitytaknyga.lt\/en\/wp-json\/wp\/v2\/media\/20641"}],"wp:attachment":[{"href":"https:\/\/skaitytaknyga.lt\/en\/wp-json\/wp\/v2\/media?parent=20636"}],"wp:term":[{"taxonomy":"product_brand","embeddable":true,"href":"https:\/\/skaitytaknyga.lt\/en\/wp-json\/wp\/v2\/product_brand?post=20636"},{"taxonomy":"product_cat","embeddable":true,"href":"https:\/\/skaitytaknyga.lt\/en\/wp-json\/wp\/v2\/product_cat?post=20636"},{"taxonomy":"product_tag","embeddable":true,"href":"https:\/\/skaitytaknyga.lt\/en\/wp-json\/wp\/v2\/product_tag?post=20636"}],"curies":[{"name":"wp","href":"https:\/\/api.w.org\/{rel}","templated":true}]}}